{"id":3306,"date":"2025-03-24T18:10:32","date_gmt":"2025-03-24T10:10:32","guid":{"rendered":"https:\/\/skbty.com\/?post_type=product&#038;p=3306"},"modified":"2025-06-20T17:32:04","modified_gmt":"2025-06-20T09:32:04","slug":"instrument-de-reparation-musculaire-du-plancher-pelvien","status":"publish","type":"product","link":"https:\/\/skbty.com\/fr\/produit\/instrument-de-reparation-musculaire-du-plancher-pelvien\/","title":{"rendered":"Instrument de r\u00e9paration des muscles du plancher pelvien \u2013 Restaure la force et le contr\u00f4le de la vessie"},"content":{"rendered":"<h1>Revitalisez votre corps\u00a0: d\u00e9couvrez l&#039;instrument de r\u00e9paration des muscles du plancher pelvien<\/h1>\n<p>Ressentez-vous les sympt\u00f4mes frustrants d&#039;un p\u00e9rin\u00e9e affaibli\u00a0? Peut-\u00eatre est-ce d\u00fb \u00e0 la p\u00e9riode post-partum, \u00e0 l&#039;\u00e2ge ou simplement au stress quotidien. Quelle qu&#039;en soit la raison, un p\u00e9rin\u00e9e affaibli peut avoir un impact significatif sur votre qualit\u00e9 de vie.<\/p>\n<p>Mais que se passerait-il s\u2019il existait un moyen non invasif et efficace de reprendre le contr\u00f4le et de revitaliser votre tronc ?<\/p>\n<p>Pr\u00e9sentation de la <strong>Instrument de r\u00e9paration des muscles du plancher pelvien<\/strong>, un appareil r\u00e9volutionnaire con\u00e7u pour renforcer et restaurer les muscles du p\u00e9rin\u00e9e en toute simplicit\u00e9 et confort. Plus qu&#039;un simple traitement, c&#039;est un investissement pour votre bien-\u00eatre \u00e0 long terme.<\/p>\n<h2 style=\"text-align: center;\"><iframe loading=\"lazy\" src=\"\/\/www.youtube.com\/embed\/WK_L5E9aUuQ\" width=\"560\" height=\"314\" allowfullscreen=\"allowfullscreen\"><\/iframe><\/h2>\n<h2>Pourquoi la sant\u00e9 du plancher pelvien est-elle importante\u00a0?<\/h2>\n<p>Les muscles du plancher pelvien sont essentiels au soutien de la vessie, de l&#039;ut\u00e9rus (chez la femme), du rectum et des autres organes pelviens. Leur affaiblissement peut entra\u00eener divers probl\u00e8mes, allant du contr\u00f4le de la vessie \u00e0 la fonction sexuelle.<\/p>\n<h3>Probl\u00e8mes courants associ\u00e9s \u00e0 la faiblesse des muscles du plancher pelvien\u00a0:<\/h3>\n<ul>\n<li>Incontinence urinaire (fuite)<\/li>\n<li>Prolapsus des organes pelviens<\/li>\n<li>Diminution de la satisfaction sexuelle<\/li>\n<li>Difficult\u00e9 \u00e0 contr\u00f4ler les selles<\/li>\n<\/ul>\n<p>Ne laissez pas ces probl\u00e8mes vous retenir. <strong>Instrument de r\u00e9paration des muscles du plancher pelvien<\/strong> Con\u00e7u pour ceux qui cherchent \u00e0 restaurer la force pelvienne et \u00e0 am\u00e9liorer le contr\u00f4le de la vessie, ce dispositif non invasive et innovant, utilisant la technologie HIFEM (\u00e9lectromagn\u00e9tique focalis\u00e9 de haute intensit\u00e9), offre une stimulation musculaire profonde pour des r\u00e9sultats efficaces. Son approche innovante par \u00e9nergie \u00e9lectromagn\u00e9tique cible la zone p\u00e9rin\u00e9ale, favorisant la croissance musculaire et un meilleur contr\u00f4le neuromusculaire. C&#039;est le choix id\u00e9al pour toute personne souhaitant retrouver confiance en elle et am\u00e9liorer sa qualit\u00e9 de vie.<\/p>\n<h2><img loading=\"lazy\" decoding=\"async\" class=\"aligncenter wp-image-3308\" src=\"https:\/\/skbty.com\/wp-content\/uploads\/2025\/03\/MagicChair-main2.jpg\" alt=\"Chaise magique de r\u00e9paration des muscles du plancher pelvien\" width=\"575\" height=\"575\" data-wp-pid=\"3308\" srcset=\"https:\/\/skbty.com\/wp-content\/uploads\/2025\/03\/MagicChair-main2.jpg 800w, https:\/\/skbty.com\/wp-content\/uploads\/2025\/03\/MagicChair-main2-300x300.jpg 300w, https:\/\/skbty.com\/wp-content\/uploads\/2025\/03\/MagicChair-main2-150x150.jpg 150w, https:\/\/skbty.com\/wp-content\/uploads\/2025\/03\/MagicChair-main2-768x768.jpg 768w, https:\/\/skbty.com\/wp-content\/uploads\/2025\/03\/MagicChair-main2-12x12.jpg 12w, https:\/\/skbty.com\/wp-content\/uploads\/2025\/03\/MagicChair-main2-600x600.jpg 600w, https:\/\/skbty.com\/wp-content\/uploads\/2025\/03\/MagicChair-main2-100x100.jpg 100w\" sizes=\"auto, (max-width: 575px) 100vw, 575px\" \/><\/h2>\n<h2>La science derri\u00e8re la solution\u00a0: la technologie HIFEM<\/h2>\n<p>Notre <strong>Instrument de r\u00e9paration des muscles du plancher pelvien<\/strong> exploite la puissance de la technologie de vibration magn\u00e9tique focalis\u00e9e de haute intensit\u00e9 (HIFEM), une approche de pointe du renforcement musculaire.<\/p>\n<h3>Comment fonctionne HIFEM ?<\/h3>\n<ol>\n<li><strong>Stimulation cibl\u00e9e :<\/strong> L&#039;appareil \u00e9met une \u00e9nergie magn\u00e9tique focalis\u00e9e qui stimule directement les motoneurones contr\u00f4lant les muscles de votre plancher pelvien.<\/li>\n<li><strong>Contractions musculaires intenses :<\/strong> Cette stimulation d\u00e9clenche des milliers de contractions supramaximales \u2013 des contractions bien plus puissantes que celles que vous pourriez obtenir avec des exercices traditionnels comme Kegels.<\/li>\n<li><strong>Renforcement et r\u00e9paration musculaire :<\/strong> Ces contractions intenses renforcent les fibres musculaires existantes et favorisent la croissance de nouvelles fibres, conduisant \u00e0 un plancher pelvien plus fort et plus r\u00e9silient.<\/li>\n<\/ol>\n<p>C&#039;est comme faire plus de 10 000 exercices de Kegel en une seule s\u00e9ance de 30 minutes, sans aucun effort de votre part !<\/p>\n<h2>Principaux avantages de l&#039;instrument de r\u00e9paration des muscles du plancher pelvien<\/h2>\n<ul>\n<li><strong>Non invasif et indolore :<\/strong> Pas d&#039;intervention chirurgicale, pas d&#039;inconfort, pas de convalescence. Installez-vous confortablement et laissez l&#039;appareil faire son travail.<\/li>\n<li><strong>Efficace:<\/strong> La technologie HIFEM permet des contractions musculaires plus intenses et plus efficaces que les exercices traditionnels.<\/li>\n<li><strong>Rapide et pratique :<\/strong> Chaque s\u00e9ance de traitement ne dure que 30 minutes, ce qui s&#039;int\u00e8gre facilement dans votre emploi du temps charg\u00e9.<\/li>\n<li><strong>Discret:<\/strong> Pas besoin de se d\u00e9shabiller ou de changer de v\u00eatements pendant le traitement.<\/li>\n<li><strong>Convient aux hommes et aux femmes :<\/strong> Am\u00e9liore la force et la fonction du plancher pelvien pour un large \u00e9ventail d\u2019individus.<\/li>\n<\/ul>\n<h3>Qui peut en b\u00e9n\u00e9ficier ?<\/h3>\n<ul>\n<li>Femmes souffrant de faiblesse du plancher pelvien apr\u00e8s l&#039;accouchement<\/li>\n<li>Les personnes aux prises avec l&#039;incontinence urinaire<\/li>\n<li>Ceux qui cherchent \u00e0 am\u00e9liorer la fonction et la satisfaction sexuelles<\/li>\n<li>Les hommes qui cherchent \u00e0 am\u00e9liorer la sant\u00e9 de la prostate et \u00e0 pr\u00e9venir l&#039;incontinence en vieillissant<\/li>\n<li>Toute personne souhaitant renforcer son tronc et am\u00e9liorer sa sant\u00e9 pelvienne globale<\/li>\n<\/ul>\n<h2>Un examen plus approfondi des fonctionnalit\u00e9s<\/h2>\n<ul>\n<li>Conception de chaise ergonomique : con\u00e7ue pour un confort maximal pendant les s\u00e9ances de traitement.<\/li>\n<li>Interface conviviale : commandes simples et param\u00e8tres personnalisables.<\/li>\n<li>Technologie HIFEM : Offre une stimulation musculaire cibl\u00e9e et efficace.<\/li>\n<li>Modes de traitement multiples : offre diff\u00e9rents r\u00e9glages pour r\u00e9pondre \u00e0 diff\u00e9rents besoins.<\/li>\n<\/ul>\n<h3>Technologie HIFEM \u2013 Un d\u00e9veloppement empirique des ultrasons<\/h3>\n<h4>Avant<\/h4>\n<ul>\n<li>Avec l\u2019\u00e2ge, l\u2019accouchement et la m\u00e9nopause peuvent entra\u00eener une incontinence ou de mauvaises relations intimes.<\/li>\n<\/ul>\n<h4>Apr\u00e8s<\/h4>\n<ul>\n<li>La technologie HIFEM peut renforcer les muscles du plancher pelvien et les principaux tissus conjonctifs.<\/li>\n<li>Les muscles du plancher pelvien ont une mauvaise perception et une mauvaise contraction.<\/li>\n<li>Le contr\u00f4le neuromusculaire est perdu.<\/li>\n<li>Fuite incontr\u00f4lable d&#039;urine, faiblesse des muscles du plancher pelvien<\/li>\n<li>HIFEM stimule les muscles du plancher pelvien<\/li>\n<li>Muscles du plancher pelvien d\u00e9tendus et l\u00e2ches<\/li>\n<li>Muscles du plancher pelvien activ\u00e9s par la technologie HIFEM<\/li>\n<\/ul>\n<h2>Pourquoi nous choisir?<\/h2>\n<p>Nous comprenons que vous avez le choix en mati\u00e8re de sant\u00e9 et de bien-\u00eatre. Voici pourquoi notre <strong>Instrument de r\u00e9paration des muscles du plancher pelvien<\/strong> se d\u00e9marque de la concurrence :<\/p>\n<ul>\n<li><strong>Technologie avanc\u00e9e :<\/strong> Nous utilisons la derni\u00e8re technologie HIFEM pour des r\u00e9sultats optimaux.<\/li>\n<li><strong>Qualit\u00e9 et s\u00e9curit\u00e9 :<\/strong> Notre appareil est fabriqu\u00e9 selon les normes les plus \u00e9lev\u00e9es et rigoureusement test\u00e9 pour sa s\u00e9curit\u00e9 et son efficacit\u00e9.<\/li>\n<li><strong>Assistance client\u00e8le :<\/strong> Nous offrons un soutien complet pour vous aider \u00e0 tirer le meilleur parti de votre traitement.<\/li>\n<\/ul>\n<h2>Lib\u00e9rez un vous plus fort et en meilleure sant\u00e9<\/h2>\n<p>L&#039; <strong>Instrument de r\u00e9paration des muscles du plancher pelvien<\/strong> Plus qu&#039;un simple produit, c&#039;est un moyen de devenir plus fort, plus sain et plus confiant. Prenez le contr\u00f4le de votre sant\u00e9 pelvienne et constatez la diff\u00e9rence.<\/p>\n<h3>Avantages de l&#039;am\u00e9lioration des muscles du plancher pelvien<\/h3>\n<ul>\n<li>Renforcement des muscles du plancher pelvien pour am\u00e9liorer la force de contr\u00f4le de la d\u00e9f\u00e9cation.<\/li>\n<li>Pr\u00e9venir ou am\u00e9liorer l\u2019affaissement de la vessie, de l\u2019ut\u00e9rus ou du rectum caus\u00e9 par la relaxation des muscles du plancher pelvien.<\/li>\n<li>R\u00e9duire les fuites d\u2019urine caus\u00e9es par la toux, les \u00e9ternuements ou les battements.<\/li>\n<li>Activation et am\u00e9lioration du tissu musculaire du plancher pelvien pour restaurer la tension musculaire et augmenter l\u2019\u00e9lasticit\u00e9.<\/li>\n<li>Augmenter le flux sanguin et la fonction nerveuse du plancher pelvien.<\/li>\n<li>Renforcement du muscle pubo-coccygien (muscle PC) pour am\u00e9liorer la sensibilit\u00e9 et la fonction sexuelle.<\/li>\n<\/ul>\n<p><strong>Pr\u00eat \u00e0 retrouver votre vitalit\u00e9\u00a0? Contactez-nous d\u00e8s aujourd&#039;hui pour en savoir plus sur l&#039;Instrument\u00a0!<\/strong><\/p>\n<h2>Foire Aux Questions (Faq)<\/h2>\n<p><strong>1. L\u2019instrument de r\u00e9paration des muscles du plancher pelvien est-il s\u00fbr\u00a0?<\/strong><\/p>\n<p>Oui ! La technologie HIFEM est non invasive et indolore.<\/p>\n<p><strong>2\u3001Combien de temps dure une s\u00e9ance de traitement ?<\/strong><\/p>\n<p>Chaque s\u00e9ance dure environ 30 minutes.<\/p>\n<p><strong>3\u3001Combien de traitements sont recommand\u00e9s ?<\/strong><\/p>\n<p>Un traitement typique comprend 6 \u00e0 8 s\u00e9ances, g\u00e9n\u00e9ralement programm\u00e9es 2 \u00e0 3 fois par semaine.<\/p>\n<p><strong>4\u3001Quand verrai-je les r\u00e9sultats ?<\/strong><\/p>\n<p>De nombreuses personnes constatent des am\u00e9liorations notables apr\u00e8s seulement 1 \u00e0 2 traitements, avec des progr\u00e8s continus au cours des semaines suivantes.<\/p>\n<p><strong>5. Y a-t-il un temps d\u2019arr\u00eat apr\u00e8s le traitement ?<\/strong><\/p>\n<p>Non ! Vous pouvez reprendre vos activit\u00e9s normales imm\u00e9diatement apr\u00e8s chaque s\u00e9ance.<\/p>\n<h2><strong>Personnaliser Le Logo<\/strong><\/h2>\n<p>Vous voulez faire de votre marque de se d\u00e9marquer? Nous vous proposons logo personnalis\u00e9 de services pour vous aider \u00e0 cr\u00e9er un unique et personnalis\u00e9e de logo, qui refl\u00e8te l&#039;identit\u00e9 de votre marque. Notre \u00e9quipe d&#039;experts travaillera en \u00e9troite collaboration avec vous pour concevoir un logo qui r\u00e9sonne avec les valeurs de votre marque et de messagerie. Si vous \u00eates \u00e0 la recherche de r\u00e9organiser votre logo existant ou en cr\u00e9er un nouveau \u00e0 partir de z\u00e9ro, nous vous avons avons couvert.\u00a0<a href=\"https:\/\/skbty.com\/fr\/contact\/\">Contactez-nous<\/a>\u00a0aujourd&#039;hui pour en savoir plus sur notre logo personnalis\u00e9 de services!<\/p>","protected":false},"excerpt":{"rendered":"<p>Renforcez votre p\u00e9rin\u00e9e sans effort\u00a0! L&#039;instrument de r\u00e9paration des muscles du p\u00e9rin\u00e9e utilise la technologie r\u00e9volutionnaire HIFEM pour des milliers de contractions musculaires en seulement 30\u00a0minutes. S\u00fbr, efficace et non invasif.<\/p>","protected":false},"featured_media":3312,"comment_status":"open","ping_status":"closed","template":"","meta":{"_kad_post_transparent":"default","_kad_post_title":"","_kad_post_layout":"default","_kad_post_sidebar_id":"","_kad_post_content_style":"default","_kad_post_vertical_padding":"default","_kad_post_feature":"","_kad_post_feature_position":"","_kad_post_header":false,"_kad_post_footer":false,"_kad_post_classname":"","rank_math_title":"","rank_math_description":"","rank_math_focus_keyword":""},"product_brand":[],"product_cat":[183],"product_tag":[],"class_list":{"0":"post-3306","1":"product","2":"type-product","3":"status-publish","4":"has-post-thumbnail","6":"product_cat-magic-chair","8":"first","9":"instock","10":"shipping-taxable","11":"product-type-simple","12":"entry","13":"content-bg","14":"loop-entry"},"_links":{"self":[{"href":"https:\/\/skbty.com\/fr\/wp-json\/wp\/v2\/product\/3306","targetHints":{"allow":["GET"]}}],"collection":[{"href":"https:\/\/skbty.com\/fr\/wp-json\/wp\/v2\/product"}],"about":[{"href":"https:\/\/skbty.com\/fr\/wp-json\/wp\/v2\/types\/product"}],"replies":[{"embeddable":true,"href":"https:\/\/skbty.com\/fr\/wp-json\/wp\/v2\/comments?post=3306"}],"wp:featuredmedia":[{"embeddable":true,"href":"https:\/\/skbty.com\/fr\/wp-json\/wp\/v2\/media\/3312"}],"wp:attachment":[{"href":"https:\/\/skbty.com\/fr\/wp-json\/wp\/v2\/media?parent=3306"}],"wp:term":[{"taxonomy":"product_brand","embeddable":true,"href":"https:\/\/skbty.com\/fr\/wp-json\/wp\/v2\/product_brand?post=3306"},{"taxonomy":"product_cat","embeddable":true,"href":"https:\/\/skbty.com\/fr\/wp-json\/wp\/v2\/product_cat?post=3306"},{"taxonomy":"product_tag","embeddable":true,"href":"https:\/\/skbty.com\/fr\/wp-json\/wp\/v2\/product_tag?post=3306"}],"curies":[{"name":"Wp wp","href":"https:\/\/api.w.org\/{rel}","templated":true}]}}