{"id":3449,"date":"2025-07-09T19:05:19","date_gmt":"2025-07-09T11:05:19","guid":{"rendered":"https:\/\/skbty.com\/?post_type=product&#038;p=3449"},"modified":"2025-12-05T18:49:23","modified_gmt":"2025-12-05T10:49:23","slug":"trois-tetes-808nm-diode-abordable-laser-epilation-machine","status":"publish","type":"product","link":"https:\/\/skbty.com\/fr\/produit\/trois-tetes-808nm-diode-abordable-laser-epilation-machine\/","title":{"rendered":"Trois t\u00eates 808nm Diode Machine d\u2019\u00e9pilation Laser abordable - dispositif d\u2019\u00e9pilation multifonctionnel"},"content":{"rendered":"<h1><strong>R\u00e9volutionner Votre Clinique: pr\u00e9sentation de l&#039;156WF-2T Trois-T\u00eate de la Diode 808nm Abordable Machine d&#039;\u00e9pilation de Laser<\/strong><\/h1>\n<p>En constante \u00e9volution monde de l&#039;esth\u00e9tique, de rester en t\u00eate de la courbe n&#039;est pas seulement un avantage; c&#039;est une n\u00e9cessit\u00e9. Vos clients vous demandent efficace, s\u00fbr, confortable et traitements qui apportent de r\u00e9els, des r\u00e9sultats durables. Le cycle sans fin de rasage, \u00e9pilation \u00e0 la cire, et l&#039;\u00e9pilation est un p\u00e9nible fardeau qu&#039;ils avaient le d\u00e9sir de jeter \u00e0 jamais. Donc la question est, \u00eates-vous \u00e9quip\u00e9 pour offrir la solution ultime? \u00cates-vous pr\u00eat \u00e0 am\u00e9liorer votre pratique, de booster votre chiffre d&#039;affaires, et de construire une r\u00e9putation pour l&#039;excellence?<\/p>\n<p>Entrez le <strong>156WF-2T Trois-T\u00eate de la Diode 808nm Abordable Machine d&#039;\u00e9pilation de Laser<\/strong>. Ce n&#039;est pas juste un autre morceau de \u00e9quipement; c&#039;est une vaste entreprise partenaire con\u00e7u pour fournir des performances in\u00e9gal\u00e9es, la polyvalence, et la satisfaction de la client\u00e8le. Combinant la technologie de pointe, conception centr\u00e9e sur l&#039;utilisateur, le 156WF-2T est en passe de devenir la pierre angulaire de votre esth\u00e9tique des services.<\/p>\n<h2><img loading=\"lazy\" decoding=\"async\" class=\"aligncenter wp-image-3451\" src=\"https:\/\/skbty.com\/wp-content\/uploads\/2025\/07\/affordable-laser-hair-removal-1024x1024.jpg\" alt=\"abordable machine d&#039;\u00e9pilation de laser Multi-fonctionnel dispositif d&#039;enl\u00e8vement de cheveux\" width=\"650\" height=\"650\" srcset=\"https:\/\/skbty.com\/wp-content\/uploads\/2025\/07\/affordable-laser-hair-removal-1024x1024.jpg 1024w, https:\/\/skbty.com\/wp-content\/uploads\/2025\/07\/affordable-laser-hair-removal-300x300.jpg 300w, https:\/\/skbty.com\/wp-content\/uploads\/2025\/07\/affordable-laser-hair-removal-150x150.jpg 150w, https:\/\/skbty.com\/wp-content\/uploads\/2025\/07\/affordable-laser-hair-removal-768x768.jpg 768w, https:\/\/skbty.com\/wp-content\/uploads\/2025\/07\/affordable-laser-hair-removal-12x12.jpg 12w, https:\/\/skbty.com\/wp-content\/uploads\/2025\/07\/affordable-laser-hair-removal-600x600.jpg 600w, https:\/\/skbty.com\/wp-content\/uploads\/2025\/07\/affordable-laser-hair-removal-100x100.jpg 100w, https:\/\/skbty.com\/wp-content\/uploads\/2025\/07\/affordable-laser-hair-removal.jpg 1200w\" sizes=\"auto, (max-width: 650px) 100vw, 650px\" \/><\/h2>\n<h2><strong>L&#039;Avenir de la Technologie Esth\u00e9tique est Ici<\/strong><\/h2>\n<p>Pendant des ann\u00e9es, l&#039;industrie de la beaut\u00e9 a poursuivi le r\u00eave de vraiment permanent, \u00e9pilation indolore. Les Clients sont plus instruits que jamais, et qu&#039;ils recherchent des solutions de pointe qui se d\u00e9placent au-del\u00e0 de la temporaire et souvent douloureuse m\u00e9thodes du pass\u00e9. Ils veulent mettre un terme d\u00e9finitif aux poils ind\u00e9sirables sur le visage, les jambes, le dos, la ligne de bikini, et partout entre les deux.<\/p>\n<h3><strong>Au-del\u00e0 des Solutions Temporaires: La Qu\u00eate pour l&#039;\u00e9pilation Permanente<\/strong><\/h3>\n<p>L&#039; <strong>Abordable Machine D&#039;\u00c9pilation De Laser<\/strong> les r\u00e9ponses \u00e0 cet appel directement. Il exploite la puissance de l&#039;une des technologies les plus efficaces sur le march\u00e9 \u00e0 offrir un service qui ne fait pas que supprimer les cheveux\u2014il syst\u00e9matiquement r\u00e9duit sa capacit\u00e9 \u00e0 se d\u00e9velopper en arri\u00e8re. En offrant ce service, vous n&#039;\u00eates pas seulement la vente d&#039;une seule session; vous \u00eates offrant un voyage qui change la vie vers lisse, sans soucis de la peau. C&#039;est le genre de transformation r\u00e9sultat qui cr\u00e9e des clients fid\u00e8les qui deviennent vos plus ardents d\u00e9fenseurs.<\/p>\n<h2><strong>Le d\u00e9verrouillage de la Science: Comment 808nm de Laser de la Diode Fonctionne la Technologie<\/strong><\/h2>\n<p>Ce qui fait la <strong>Abordable Machine D&#039;\u00c9pilation De Laser<\/strong> incroyablement efficace? La magie r\u00e9side dans sa technologie de base: le laser de la diode 808nm. Pour vraiment appr\u00e9cier sa puissance, nous avons besoin de comprendre les \u00e9l\u00e9gantes de la science derri\u00e8re elle.<\/p>\n<h3><strong>Le Principe de s\u00e9lectivit\u00e9 des Photothermodynamics Expliqu\u00e9<\/strong><\/h3>\n<p>En son c\u0153ur, la machine fonctionne sur le principe de s\u00e9lectivit\u00e9 des photothermodynamics. Il semble complexe, mais le concept est d&#039;une simplicit\u00e9 enfantine. La machine \u00e9met un faisceau tr\u00e8s concentr\u00e9 de la lumi\u00e8re \u00e0 une longueur d&#039;onde sp\u00e9cifique (808nm). Cette lumi\u00e8re passe sans danger gr\u00e2ce \u00e0 la couche externe de la peau (l&#039;\u00e9piderme) et est absorb\u00e9 s\u00e9lectivement par la m\u00e9lanine (le pigment) concentr\u00e9s dans le follicule du poil et de sa racine.<\/p>\n<p>Une fois absorb\u00e9, l&#039;\u00e9nergie lumineuse est convertie en \u00e9nergie thermique, ou de la chaleur. Cette chaleur contr\u00f4l\u00e9e pr\u00e9cis\u00e9ment les objectifs et endommage le follicule du poil de r\u00e9g\u00e9n\u00e9ration de structures, de mani\u00e8re efficace la d\u00e9sactivation de sa capacit\u00e9 \u00e0 produire de nouveaux cheveux. Pensez-y comme une puce missile qui ne cherche que le follicule pileux, laissant la peau environnante cool et confortable, compl\u00e8tement indemne.<\/p>\n<h3><strong>Pourquoi 808nm est le Gold Standard de la longueur d&#039;Onde<\/strong><\/h3>\n<p>Diff\u00e9rentes longueurs d&#039;onde laser cible la m\u00e9lanine, \u00e0 des degr\u00e9s divers. La longueur d&#039;onde 808nm repr\u00e9sente le \u201cgold standard\u201d pour l&#039;\u00e9pilation, car il offre l&#039;\u00e9quilibre parfait. Il p\u00e9n\u00e8tre assez profond\u00e9ment pour atteindre m\u00eame les plus tenaces follicules pileux tout en ayant un mod\u00e9r\u00e9 la m\u00e9lanine taux d&#039;absorption. De ce fait, elle est exceptionnellement efficace pour un large \u00e9ventail de types de peau (de tr\u00e8s juste \u00e0 tons les plus sombres) et des couleurs de cheveux, une polyvalence qui est essentiel pour toute moderne de la clinique visant \u00e0 servir une client\u00e8le diversifi\u00e9e.<\/p>\n<h2><strong>Une Triple Menace pour les Cheveux non d\u00e9sir\u00e9s: L&#039;une Polyvalence In\u00e9gal\u00e9e de Trois T\u00eates Interchangeables<\/strong><\/h2>\n<p>L&#039;une des limitations les plus importantes de des plus anciens syst\u00e8mes laser \u00e9tait leur one-size-fits-all approche. Le corps humain, cependant, est un paysage de courbes, d&#039;angles et diff\u00e9rentes surfaces. L&#039; <strong>Abordable Machine D&#039;\u00c9pilation De Laser<\/strong> \u2013 <strong>Multi-fonctionnel dispositif d&#039;enl\u00e8vement de cheveux<\/strong> brise cette limitation avec son r\u00e9volutionnaire de trois-t\u00eate du syst\u00e8me, vous donnant l&#039;outil parfait pour n&#039;importe quel travail.<\/p>\n<h4><strong>La Pr\u00e9cision \u201cElephant Nez\u201d De La T\u00eate: Pour Les Complexes &amp; Les Zones D\u00e9licates<\/strong><\/h4>\n<p>Avez-vous d\u00e9j\u00e0 essay\u00e9 de traiter efficacement la l\u00e8vre sup\u00e9rieure, l&#039;espace entre les sourcils, les doigts, ou les contours des oreilles? Un design unique, le \u201cNez de l&#039;\u00c9l\u00e9phant\u201d de la t\u00eate, c&#039;est votre solution. Sa petite cibl\u00e9es de pointe permet une pr\u00e9cision in\u00e9gal\u00e9e, s&#039;assurer que vous pouvez en toute s\u00e9curit\u00e9 et efficacement traiter ceux difficiles \u00e0 atteindre des zones que d&#039;autres machines ne peuvent tout simplement pas g\u00e9rer.<\/p>\n<h4><strong>Le Cheval de bataille de la T\u00eate (15x15mm): Id\u00e9ale pour les Moyennes Zones<\/strong><\/h4>\n<p>C&#039;est votre go-to applicateur pour la plupart des zones de traitement. Le 15x15mm la taille du spot est parfaitement \u00e9quilibr\u00e9 pour l&#039;efficacit\u00e9 et le contr\u00f4le, le rendant id\u00e9al pour les aisselles, le maillot et les bras. Il offre une excellente couverture tout en permettant l&#039;application m\u00e9ticuleuse, s&#039;assurant de l&#039;absence de cheveux est laiss\u00e9 derri\u00e8re.<\/p>\n<h4><strong>La Haute Efficacit\u00e9 de T\u00eate (21x19mm): Couvrir de Grandes surfaces en un Temps Record<\/strong><\/h4>\n<p>Pour les grandes zones du corps comme le dos, la poitrine et les jambes, le temps est de l&#039;argent. La grande 21x19mm la taille de la tache de la t\u00eate est d&#039;une efficacit\u00e9 de la centrale. Il permet de couvrir de mani\u00e8re significative plus de la surface avec chaque impulsion, ce qui r\u00e9duit consid\u00e9rablement les temps de traitement. Cela signifie que vous pouvez tenir plus de clients dans votre calendrier et vos clients peuvent profiter de plus rapide, plus pratique sessions\u2014un gagnant-gagnant pour tout le monde.<\/p>\n<h2><strong>La Red\u00e9finition Du Confort Du Client: L&#039;Avanc\u00e9e Triple-Action De Syst\u00e8me De Refroidissement<\/strong><\/h2>\n<p>Peut-\u00eatre le plus grand obstacle pour les clients qui envisagent l&#039;\u00e9pilation au laser est la peur de la douleur. Le 156WF-2T adresses de ce t\u00eate-avec un leader de l&#039;industrie de triple-action du syst\u00e8me de refroidissement. Ce n&#039;est pas qu&#039;une seule m\u00e9thode de refroidissement; c&#039;est une combinaison synergique de <strong>R\u00e9frig\u00e9ration de semi-conducteur + refroidissement \u00e0 l&#039;Air + TEC avanc\u00e9e (Refroidissement Thermo\u00e9lectrique) r\u00e9frig\u00e9ration.<\/strong><\/p>\n<p>Ce puissant syst\u00e8me fonctionne en temps r\u00e9el pour maintenir l&#039;extr\u00e9mit\u00e9 de la pi\u00e8ce \u00e0 main \u00e0 un froid \u00e0 5\u00b0 Celsius. Comme le laser d\u00e9livre son \u00e9nergie thermique en profondeur dans le follicule, la surface de la peau est conserv\u00e9e au frais et confortable. Ce \u201cpoint de cong\u00e9lation rapide\u201d de la technologie engourdit la r\u00e9gion, transformant ce qui \u00e9tait douloureux, en claquant la sensation en douceur, presque sans douleur de l&#039;exp\u00e9rience. Cette fonctionnalit\u00e9 unique pour transformer vos clients la perception de l&#039;\u00e9pilation au laser et l&#039;ensemble de votre clinique d\u00e9marquer de la concurrence.<\/p>\n<h2><strong>Puissance, Pr\u00e9cision et Performance: Une Plong\u00e9e dans le 156WF-2T multi-fonctionnel dispositif d&#039;enl\u00e8vement de cheveux de Sp\u00e9cifications Techniques<\/strong><\/h2>\n<p>Pour des raisons professionnelles, les chiffres comptent. Le 156WF-2T<strong>\u00a0<\/strong>est construit avec des composants qui promettent la puissance, la fiabilit\u00e9, et un incroyable retour sur investissement.<\/p>\n<ul>\n<li><strong>Longueur d&#039;onde:<\/strong>\u00a0Laser de la Diode 808nm<\/li>\n<li><strong>Poign\u00e9e De T\u00eates:<\/strong>\u00a015x15mm, 21x19mm, et de la sp\u00e9cialisation \u201cElephant Nez\u201d de la T\u00eate<\/li>\n<li><strong>\u00c0 Coup S\u00fbr:<\/strong>\u00a0Une stup\u00e9fiante\u00a0<strong>De 20 000 000 op\u00e9rations<\/strong>, assurer des ann\u00e9es de service fiable et un faible co\u00fbt par traitement.<\/li>\n<li><strong>Puissance Totale:<\/strong>\u00a0Une robuste\u00a0<strong>2000W<\/strong>\u00a0syst\u00e8me coh\u00e9rent et efficace de livraison de l&#039;\u00e9nergie.<\/li>\n<li><strong>L&#039;\u00c9nergie De La Fluence:<\/strong>\u00a0Une tr\u00e8s plage de r\u00e9glage de\u00a0<strong>1-120 J\/cm2<\/strong>, vous permettant de personnaliser les traitements pour diff\u00e9rents types de peau, des cheveux, des \u00e9paisseurs et des zones du corps.<\/li>\n<li><strong>Largeur D&#039;Impulsion:<\/strong>\u00a0Une large gamme de\u00a0<strong>5ms-400ms<\/strong>\u00a0pour le contr\u00f4le ultime sur l&#039;effet thermique.<\/li>\n<li><strong>Fr\u00e9quence:<\/strong>\u00a0<strong>1-10Hz<\/strong>, permettant rapide, glisse \u201cen mouvement\u201d des techniques pour acc\u00e9l\u00e9rer les sessions.<\/li>\n<li><strong>Affichage:<\/strong>\u00a0Un grand crystal-clair\u00a0<strong>De 15.6 pouces \u00e0 \u00e9cran tactile<\/strong>\u00a0pour un fonctionnement sans effort.<\/li>\n<li><strong>Syst\u00e8me De Refroidissement:<\/strong>\u00a0Semi-conducteur + Air + TEC de la r\u00e9frig\u00e9ration sup\u00e9rieure du confort du client.<\/li>\n<li><strong>Les Protections De S\u00e9curit\u00e9:<\/strong>\u00a0Syst\u00e8mes int\u00e9gr\u00e9s pour la temp\u00e9rature, de la tension et de la protection de manque d&#039;eau.<\/li>\n<li><strong>Tension:<\/strong>\u00a0Compatibilit\u00e9 universelle avec\u00a0<strong>110V-220V<\/strong>.<\/li>\n<li><strong>R\u00e9servoir D&#039;Eau:<\/strong>\u00a0Grand\u00a0<strong>5L capacit\u00e9<\/strong>\u00a0pour une utilisation prolong\u00e9e sans surchauffe.<\/li>\n<\/ul>\n<h2><strong>Une Interface Con\u00e7ue pour Vous: Intuitive de Contr\u00f4le au bout de Vos Doigts<\/strong><\/h2>\n<p>La machine la plus puissante est inutile si c&#039;est trop compliqu\u00e9 \u00e0 utiliser. Le 156WF-2T dispose d&#039;un brillamment simple et intuitive interface utilisateur affich\u00e9e sur son \u00e9norme \u00e9cran de 15.6 pouces. Le flux de travail est logique et simplifi\u00e9:<\/p>\n<ol>\n<li><strong>S\u00e9lectionnez Le Genre:<\/strong>\u00a0Choisissez entre les hommes et les femmes presets.<\/li>\n<li><strong>S\u00e9lectionnez Le Type De Peau:<\/strong>\u00a0Choisissez le ton de la peau, veiller \u00e0 la s\u00e9curit\u00e9 et param\u00e8tres effectifs sont sugg\u00e9r\u00e9es.<\/li>\n<li><strong>S\u00e9lectionnez La Partie Du Corps:<\/strong>\u00a0Touchez la zone \u00e0 traiter (Visage, Bras, Jambes, maillot, etc.).<\/li>\n<\/ol>\n<p>Le syst\u00e8me pr\u00e9sente ensuite un traitement clair de l&#039;\u00e9cran o\u00f9 vous pouvez ajuster l&#039;\u00e9nergie (fluence), de la largeur d&#039;impulsion et la fr\u00e9quence. Spacieux et clair, les lectures de temp\u00e9rature et de niveau d&#039;eau vous tenir inform\u00e9 \u00e0 tout moment. Avec \u201cPr\u00eat\u201d et \u201cmise en Veille\u201d des boutons, vous \u00eates toujours en contr\u00f4le. Cette conception conviviale r\u00e9duit la courbe d&#039;apprentissage, permettant \u00e0 votre techniciens pour effectuer confiants, les traitements efficaces d\u00e8s le premier jour.<\/p>\n<h2><strong>La s\u00e9curit\u00e9 est la pierre angulaire: la Protection et le Client Protocoles de Soins<\/strong><\/h2>\n<p>La s\u00e9curit\u00e9 du Client est non-n\u00e9gociable. Le 156WF-2T <strong>multi-fonctionnel dispositif d&#039;enl\u00e8vement de cheveux <\/strong>est con\u00e7u avec de multiples couches de protection, et de nous fournir des lignes directrices claires pour son utilisation professionnelle pour assurer les meilleurs r\u00e9sultats.<\/p>\n<h3><strong>Pr\u00e9-Traitement et contre-indications<\/strong><\/h3>\n<p>C&#039;est un professionnel de qualit\u00e9 esth\u00e9tique m\u00e9dical de l&#039;appareil et ne doit pas \u00eatre utilis\u00e9 sur les personnes qui sont enceintes ou qui ont une pression art\u00e9rielle \u00e9lev\u00e9e, de maladie cardiaque, le diab\u00e8te, ou une allergie connue \u00e0 la lumi\u00e8re. Traitement sur les zones avec des plaies ouvertes est \u00e9galement interdite. Approfondie de consultation de la client\u00e8le est essentiel avant de commencer tout traitement.<\/p>\n<h3><strong>Essentiel De Post-Traitement<\/strong><\/h3>\n<p>Le bon suivi est indispensable pour obtenir des r\u00e9sultats impeccables et \u00e0 pr\u00e9venir l&#039;irritation. Conseillez \u00e0 vos clients de:<\/p>\n<ul>\n<li>\u00c9viter le savon, le gel douche, et de maquillage sur la zone trait\u00e9e pendant au moins 6 heures.<\/li>\n<li>Nettoyer d\u00e9licatement avec de l&#039;eau seulement le jour du traitement.<\/li>\n<li>Appliquer seulement doux, apaisant soin formules pour la premi\u00e8re quelques jours.<\/li>\n<li>Portez des v\u00eatements amples afin d&#039;\u00e9viter la friction.<\/li>\n<li>Strictement \u00e9viter l&#039;exposition au soleil, de saunas et de la natation pendant plusieurs jours apr\u00e8s le traitement afin de prot\u00e9ger le sensibilis\u00e9s de la peau.<\/li>\n<\/ul>\n<h2><strong>Conclusion: L&#039;Investissement Intelligent pour l&#039;essor d&#039;une Esth\u00e9tique d&#039;Affaires<\/strong><\/h2>\n<p>Le choix de la 156WF-2T Trois-T\u00eate de Laser de la Diode 808nm est plus qu&#039;un achat d&#039;\u00e9quipement; c&#039;est un investissement strat\u00e9gique dans l&#039;avenir de votre entreprise. Vous \u00eates investir dans <strong>polyvalence<\/strong> avec trois chefs sp\u00e9cialis\u00e9s pour traiter toute la zone du corps. Vous \u00eates investir dans <strong>la satisfaction de la client\u00e8le<\/strong> avec pratiquement indolore et tr\u00e8s efficace de traitement. Vous \u00eates investir dans <strong>l&#039;efficacit\u00e9<\/strong> avec un syst\u00e8me puissant et de grandes tailles de spot qui permettent de r\u00e9duire les temps de traitement. Et vous investir dans une incroyable <strong>le retour sur investissement<\/strong> gr\u00e2ce \u00e0 ses 20 millions d&#039;-shot dur\u00e9e de vie et une construction robuste.<\/p>\n<p>Arr\u00eater de proposer les mesures provisoires et de commencer \u00e0 fournir des solutions permanentes. \u00c9lever vos services, faites plaisir \u00e0 vos clients, et de regarder votre entreprise \u00e0 cro\u00eetre avec le 156WF-2T.<\/p>\n<h2><strong>Foire Aux Questions (Faq)<\/strong><\/h2>\n<p><strong>1. Qui est le client id\u00e9al pour le laser de la diode 808nm de traitement?<\/strong> Le laser de la diode 808nm est r\u00e9put\u00e9 pour sa polyvalence. Il est s\u00fbr et efficace pour un large \u00e9ventail de types de peau, de types de peau Fitzpatrick I (tr\u00e8s juste) \u00e0 VI (tr\u00e8s fonc\u00e9), bien que d&#039;une consultation et de test de patch sont toujours recommand\u00e9es. Il fonctionne mieux sur les clients avec des cheveux plus fonc\u00e9s (marron, noir) comme le laser cible la m\u00e9lanine dans le follicule pileux.<\/p>\n<p><strong>2. Comment fonctionne cette machine, de la technologie diff\u00e9rer de la Lumi\u00e8re Intense Puls\u00e9e (IPL)?<\/strong> Alors que les deux utilisent la lumi\u00e8re pour l&#039;\u00e9pilation, le laser diode est beaucoup plus avanc\u00e9e. Un laser utilise un seul, concentr\u00e9 de, et de longueur d&#039;onde pr\u00e9cise (808nm) pour cibler sp\u00e9cifiquement le follicule pileux. IPL utilise un large spectre de la lumi\u00e8re diffus\u00e9e, ce qui est moins cibl\u00e9e, moins efficace sur le follicule, et peut transporter un plus grand risque d&#039;affecter la peau environnante, en particulier sur les tons de peau plus fonc\u00e9e. Le 156WF-2T offre un plus puissant, pr\u00e9cis, s\u00fbr et de traitement.<\/p>\n<p><strong>3. Quelle est la dur\u00e9e de vie et maintenance de la machine?<\/strong> La pi\u00e8ce \u00e0 main est \u00e9valu\u00e9 pour un incroyable 20 millions de coups de feu, offrant une long\u00e9vit\u00e9 exceptionnelle pour une clinique occup\u00e9e. L&#039;entretien de Routine est simple et consiste principalement \u00e0 v\u00e9rifier r\u00e9guli\u00e8rement et en changeant l&#039;eau distill\u00e9e dans le r\u00e9servoir de refroidissement 5L et de garder la machine \u00e0 nettoyer les grilles de ventilation pour assurer une circulation d&#039;air optimale pour le syst\u00e8me de refroidissement.<\/p>\n<p><strong>4. Combien de s\u00e9ances de traitement d&#039;un client g\u00e9n\u00e9ralement besoin?<\/strong> Les cheveux poussent dans les diff\u00e9rents cycles (phase anag\u00e8ne, catag\u00e8ne, t\u00e9log\u00e8ne), et l&#039;\u00e9pilation laser n&#039;est efficace que sur les poils en phase de croissance active (phase anag\u00e8ne). Par cons\u00e9quent, plusieurs s\u00e9ances sont n\u00e9cessaires pour capturer tous les poils dans cette phase. G\u00e9n\u00e9ralement, les clients d&#039;obtenir les meilleurs r\u00e9sultats avec un cours de 6 \u00e0 8 s\u00e9ances espac\u00e9es de 4 \u00e0 8 semaines d&#039;intervalle en fonction de la zone de traitement.<\/p>\n<p><strong>5. Quelle est l&#039;importance de la triple-syst\u00e8me de refroidissement de l&#039;exp\u00e9rience client?<\/strong> Il est extr\u00eamement important et un point de vente majeur. L&#039;avanc\u00e9e syst\u00e8me de refroidissement qui maintient l&#039;embout de l&#039;applicateur \u00e0 5\u00b0C est la cl\u00e9 pour assurer une quasi indolore de traitement. Ce haut niveau de confort encourage les clients \u00e0 remplir leur traitement complet et de s&#039;extasier sur leur exp\u00e9rience positive pour les amis et la famille, c&#039;est l&#039;un des \u00e9l\u00e9ments les plus pr\u00e9cieux pour la fid\u00e9lisation des clients et des r\u00e9f\u00e9rences.<\/p>\n<h2><strong>Personnaliser Le Logo<\/strong><\/h2>\n<p>Vous voulez faire de votre marque de se d\u00e9marquer? Nous vous proposons logo personnalis\u00e9 de services pour vous aider \u00e0 cr\u00e9er un unique et personnalis\u00e9e de logo, qui refl\u00e8te l&#039;identit\u00e9 de votre marque. Notre \u00e9quipe d&#039;experts travaillera en \u00e9troite collaboration avec vous pour concevoir un logo qui r\u00e9sonne avec les valeurs de votre marque et de messagerie. Si vous \u00eates \u00e0 la recherche de r\u00e9organiser votre logo existant ou en cr\u00e9er un nouveau \u00e0 partir de z\u00e9ro, nous vous avons avons couvert.\u00a0<a href=\"https:\/\/skbty.com\/fr\/contact\/\">Contactez-nous<\/a>\u00a0aujourd&#039;hui pour en savoir plus sur notre logo personnalis\u00e9 de services!<\/p>","protected":false},"excerpt":{"rendered":"<p>Donner \u00e0 votre pratique avec la <strong>156WF-2T Trois-T\u00eate de Laser de la Diode 808nm<\/strong>le tout-en-un solution pour les professionnels de l&#039;\u00e9pilation. Cette puissance de la machine comporte un solide 2000W avec syst\u00e8me de l&#039;\u00e9talon-or de la longueur d&#039;onde 808nm pour des r\u00e9sultats cliniquement prouv\u00e9s. Apporter une polyvalence avec trois un traitement sp\u00e9cialis\u00e9 con\u00e7u pour tout, de grandes zones du corps complexes les contours du visage. Son r\u00e9volutionnaire triple action: syst\u00e8me de refroidissement garantit que chaque session est pratiquement indolore, garantissant sup\u00e9rieure du confort du client et la satisfaction. Dot\u00e9 d&#039;une interface intuitive de 15,6 pouces et d&#039;un \u00e9cran tactile de 20 millions de dollars-shot dur\u00e9e de vie, la 156WF-2T est l&#039;investissement intelligent pour \u00e9lever vos services, r\u00e9duire les temps de traitement, et de stimuler la croissance.<\/p>","protected":false},"featured_media":3450,"comment_status":"open","ping_status":"closed","template":"","meta":{"_kad_post_transparent":"default","_kad_post_title":"","_kad_post_layout":"default","_kad_post_sidebar_id":"","_kad_post_content_style":"default","_kad_post_vertical_padding":"default","_kad_post_feature":"","_kad_post_feature_position":"","_kad_post_header":false,"_kad_post_footer":false,"_kad_post_classname":"","rank_math_title":"","rank_math_description":"","rank_math_focus_keyword":""},"product_brand":[],"product_cat":[28],"product_tag":[],"class_list":{"0":"post-3449","1":"product","2":"type-product","3":"status-publish","4":"has-post-thumbnail","6":"product_cat-hair-removal","8":"first","9":"instock","10":"sale","11":"shipping-taxable","12":"purchasable","13":"product-type-simple","14":"entry","15":"content-bg","16":"loop-entry"},"_links":{"self":[{"href":"https:\/\/skbty.com\/fr\/wp-json\/wp\/v2\/product\/3449","targetHints":{"allow":["GET"]}}],"collection":[{"href":"https:\/\/skbty.com\/fr\/wp-json\/wp\/v2\/product"}],"about":[{"href":"https:\/\/skbty.com\/fr\/wp-json\/wp\/v2\/types\/product"}],"replies":[{"embeddable":true,"href":"https:\/\/skbty.com\/fr\/wp-json\/wp\/v2\/comments?post=3449"}],"wp:featuredmedia":[{"embeddable":true,"href":"https:\/\/skbty.com\/fr\/wp-json\/wp\/v2\/media\/3450"}],"wp:attachment":[{"href":"https:\/\/skbty.com\/fr\/wp-json\/wp\/v2\/media?parent=3449"}],"wp:term":[{"taxonomy":"product_brand","embeddable":true,"href":"https:\/\/skbty.com\/fr\/wp-json\/wp\/v2\/product_brand?post=3449"},{"taxonomy":"product_cat","embeddable":true,"href":"https:\/\/skbty.com\/fr\/wp-json\/wp\/v2\/product_cat?post=3449"},{"taxonomy":"product_tag","embeddable":true,"href":"https:\/\/skbty.com\/fr\/wp-json\/wp\/v2\/product_tag?post=3449"}],"curies":[{"name":"Wp wp","href":"https:\/\/api.w.org\/{rel}","templated":true}]}}