{"id":3,"date":"2023-06-02T06:10:22","date_gmt":"2023-06-02T06:10:22","guid":{"rendered":"https:\/\/skbty.com\/?page_id=3"},"modified":"2023-06-21T16:59:30","modified_gmt":"2023-06-21T08:59:30","slug":"politica-de-privacidade","status":"publish","type":"page","link":"https:\/\/skbty.com\/pt\/politica-de-privacidade\/","title":{"rendered":"Pol\u00edtica De Privacidade"},"content":{"rendered":"<h2 class=\"wp-block-heading\">Quem somos<\/h2>\n\n\n\n<p>O endere\u00e7o do nosso site \u00e9: https:\/\/skbty.com.<\/p>\n\n\n\n<h2 class=\"wp-block-heading\">Coment\u00e1rios<\/h2>\n\n\n\n<p>Quando os visitantes deixam coment\u00e1rios no site, coletamos os dados mostrados no formul\u00e1rio de coment\u00e1rios, al\u00e9m do endere\u00e7o IP do visitante e da sequ\u00eancia de caracteres do agente do usu\u00e1rio do navegador para ajudar na detec\u00e7\u00e3o de spam.<\/p>\n\n\n\n<p>Uma sequ\u00eancia de caracteres an\u00f4nima criada a partir do seu endere\u00e7o de e-mail (tamb\u00e9m chamada de hash) pode ser fornecida ao servi\u00e7o Gravatar para verificar se voc\u00ea o est\u00e1 usando. A pol\u00edtica de privacidade do servi\u00e7o Gravatar est\u00e1 dispon\u00edvel aqui: https:\/\/automattic.com\/privacy\/. Ap\u00f3s a aprova\u00e7\u00e3o do seu coment\u00e1rio, sua foto de perfil fica vis\u00edvel ao p\u00fablico no contexto do seu coment\u00e1rio.<\/p>\n\n\n\n<h2 class=\"wp-block-heading\">M\u00eddia<\/h2>\n\n\n\n<p>Se voc\u00ea fizer upload de imagens para o site, evite fazer upload de imagens com dados de localiza\u00e7\u00e3o incorporados (EXIF GPS) inclu\u00eddos. Os visitantes do site podem baixar e extrair quaisquer dados de localiza\u00e7\u00e3o das imagens no site.<\/p>\n\n\n\n<h2 class=\"wp-block-heading\">Biscoitos<\/h2>\n\n\n\n<p>Se voc\u00ea deixar um coment\u00e1rio em nosso site, voc\u00ea pode optar por salvar seu nome, endere\u00e7o de e-mail e site em cookies. Eles s\u00e3o para sua conveni\u00eancia, para que voc\u00ea n\u00e3o precise preencher seus detalhes novamente quando deixar outro coment\u00e1rio. Esses cookies duram um ano.<\/p>\n\n\n\n<p>Se voc\u00ea visitar nossa p\u00e1gina de login, definiremos um cookie tempor\u00e1rio para determinar se seu navegador aceita cookies. Este cookie n\u00e3o cont\u00e9m dados pessoais e \u00e9 descartado quando voc\u00ea fecha seu navegador.<\/p>\n\n\n\n<p>Quando voc\u00ea faz login, tamb\u00e9m configuramos v\u00e1rios cookies para salvar suas informa\u00e7\u00f5es de login e suas escolhas de exibi\u00e7\u00e3o de tela. Os cookies de login duram dois dias, e os cookies de op\u00e7\u00f5es de tela duram um ano. Se voc\u00ea selecionar \u201cLembrar de mim\u201d, seu login persistir\u00e1 por duas semanas. Se voc\u00ea sair da sua conta, os cookies de login ser\u00e3o removidos.<\/p>\n\n\n\n<p>Se voc\u00ea editar ou publicar um artigo, um cookie adicional ser\u00e1 salvo no seu navegador. Este cookie n\u00e3o inclui dados pessoais e simplesmente indica o ID do post do artigo que voc\u00ea acabou de editar. Ele expira ap\u00f3s 1 dia.<\/p>\n\n\n\n<h2 class=\"wp-block-heading\">Conte\u00fado incorporado de outros sites<\/h2>\n\n\n\n<p>Os artigos neste site podem incluir conte\u00fado incorporado (por exemplo, v\u00eddeos, imagens, artigos, etc.). Conte\u00fado incorporado de outros sites se comporta exatamente da mesma maneira como se o visitante tivesse visitado o outro site.<\/p>\n\n\n\n<p>Esses sites podem coletar dados sobre voc\u00ea, usar cookies, incorporar rastreamento adicional de terceiros e monitorar sua intera\u00e7\u00e3o com esse conte\u00fado incorporado, incluindo o rastreamento de sua intera\u00e7\u00e3o com o conte\u00fado incorporado se voc\u00ea tiver uma conta e estiver conectado a esse site.<\/p>\n\n\n\n<h2 class=\"wp-block-heading\">Com quem compartilhamos seus dados<\/h2>\n\n\n\n<p>Se voc\u00ea solicitar uma redefini\u00e7\u00e3o de senha, seu endere\u00e7o IP ser\u00e1 inclu\u00eddo no e-mail de redefini\u00e7\u00e3o.<\/p>\n\n\n\n<h2 class=\"wp-block-heading\">Por quanto tempo retemos seus dados<\/h2>\n\n\n\n<p>Se voc\u00ea deixar um coment\u00e1rio, o coment\u00e1rio e seus metadados ser\u00e3o retidos indefinidamente. Isso \u00e9 para que possamos reconhecer e aprovar quaisquer coment\u00e1rios de acompanhamento automaticamente, em vez de mant\u00ea-los em uma fila de modera\u00e7\u00e3o.<\/p>\n\n\n\n<p>Para usu\u00e1rios que se registram em nosso site (se houver), tamb\u00e9m armazenamos as informa\u00e7\u00f5es pessoais que eles fornecem em seu perfil de usu\u00e1rio. Todos os usu\u00e1rios podem ver, editar ou excluir suas informa\u00e7\u00f5es pessoais a qualquer momento (exceto que eles n\u00e3o podem alterar seu nome de usu\u00e1rio). Os administradores do site tamb\u00e9m podem ver e editar essas informa\u00e7\u00f5es.<\/p>\n\n\n\n<h2 class=\"wp-block-heading\">Quais direitos voc\u00ea tem sobre seus dados<\/h2>\n\n\n\n<p><strong class=\"privacy-policy-tutorial\"> <\/strong>Se voc\u00ea tem uma conta neste site, ou deixou coment\u00e1rios, voc\u00ea pode solicitar receber um arquivo exportado dos dados pessoais que temos sobre voc\u00ea, incluindo quaisquer dados que voc\u00ea nos forneceu. Voc\u00ea tamb\u00e9m pode solicitar que apaguemos quaisquer dados pessoais que temos sobre voc\u00ea. Isso n\u00e3o inclui quaisquer dados que somos obrigados a manter para fins administrativos, legais ou de seguran\u00e7a.<\/p>\n\n\n\n<h2 class=\"wp-block-heading\">Para onde seus dados s\u00e3o enviados<\/h2>\n\n\n\n<p>Os coment\u00e1rios dos visitantes podem ser verificados por meio de um servi\u00e7o automatizado de detec\u00e7\u00e3o de spam.<\/p>\n\n\n\n<p class=\"has-theme-palette-3-color has-text-color has-large-font-size\"><strong>Al\u00e9m dos itens acima, h\u00e1 alguns itens para a pol\u00edtica de privacidade abaixo<\/strong><\/p>\n\n\n\n<p>Esta Pol\u00edtica de Privacidade descreve como suas informa\u00e7\u00f5es pessoais s\u00e3o coletadas, usadas e compartilhadas quando voc\u00ea nos visita ou faz uma compra.<\/p>\n\n\n\n<p>INFORMA\u00c7\u00d5ES PESSOAIS QUE COLETAMOS<\/p>\n\n\n\n<p>Quando voc\u00ea visita o Site, coletamos automaticamente certas informa\u00e7\u00f5es sobre seu dispositivo, incluindo informa\u00e7\u00f5es sobre seu navegador da web, endere\u00e7o IP, fuso hor\u00e1rio e alguns dos cookies que est\u00e3o instalados em seu dispositivo. Al\u00e9m disso, conforme voc\u00ea navega no Site, coletamos informa\u00e7\u00f5es sobre as p\u00e1ginas da web ou produtos individuais que voc\u00ea visualiza, quais sites ou termos de pesquisa o encaminharam para o Site e informa\u00e7\u00f5es sobre como voc\u00ea interage com o Site. N\u00f3s nos referimos a essas informa\u00e7\u00f5es coletadas automaticamente como \u201cInforma\u00e7\u00f5es do Dispositivo\u201d.<\/p>\n\n\n\n<p>Informa\u00e7\u00f5es do dispositivo que coletamos<\/p>\n\n\n\n<p>\u2013 \u201cCookies\u201d s\u00e3o arquivos de dados que s\u00e3o colocados no seu dispositivo ou computador e frequentemente incluem um identificador \u00fanico an\u00f4nimo. Para mais informa\u00e7\u00f5es sobre cookies e como desabilitar cookies, visite&nbsp;<a href=\"https:\/\/link.zhihu.com\/?target=http%3A\/\/www.allaboutcookies.org\" target=\"_blank\" rel=\"noopener\">http:\/\/www.allaboutcookies.org<\/a>.<\/p>\n\n\n\n<p>\u2013 \u201cArquivos de log\u201d rastreiam a\u00e7\u00f5es que ocorrem no Site e coletam dados, incluindo seu endere\u00e7o IP, tipo de navegador, provedor de servi\u00e7os de Internet, p\u00e1ginas de refer\u00eancia\/sa\u00edda e carimbos de data\/hora.<\/p>\n\n\n\n<p>\u2013 \u201cWeb beacons\u201d, \u201ctags\u201d e \u201cpixels\u201d s\u00e3o arquivos eletr\u00f4nicos usados para registrar informa\u00e7\u00f5es sobre como voc\u00ea navega no Site.<\/p>\n\n\n\n<p>Al\u00e9m disso, quando voc\u00ea faz uma compra ou tenta fazer uma compra atrav\u00e9s do Site, coletamos certas informa\u00e7\u00f5es suas, incluindo seu nome, endere\u00e7o de cobran\u00e7a, endere\u00e7o de entrega, informa\u00e7\u00f5es de pagamento (incluindo n\u00fameros de cart\u00e3o de cr\u00e9dito, endere\u00e7o de e-mail e n\u00famero de telefone). N\u00f3s nos referimos a essas informa\u00e7\u00f5es como \u201cInforma\u00e7\u00f5es do Pedido\u201d.<\/p>\n\n\n\n<p>Quando falamos sobre \u201cInforma\u00e7\u00f5es Pessoais\u201d nesta Pol\u00edtica de Privacidade, estamos falando sobre Informa\u00e7\u00f5es do Dispositivo e Informa\u00e7\u00f5es do Pedido.<\/p>\n\n\n\n<p>COMO USAMOS SUAS INFORMA\u00c7\u00d5ES PESSOAIS?<\/p>\n\n\n\n<p>Usamos as Informa\u00e7\u00f5es do Pedido que coletamos geralmente para atender a quaisquer pedidos feitos por meio do Site (incluindo o processamento de suas informa\u00e7\u00f5es de pagamento, a organiza\u00e7\u00e3o do envio e o fornecimento de faturas e\/ou confirma\u00e7\u00f5es de pedidos). Al\u00e9m disso, usamos essas Informa\u00e7\u00f5es do Pedido para:<\/p>\n\n\n\n<p>\u2013 Comunicar-se com voc\u00ea;<\/p>\n\n\n\n<p>\u2013 Analisar nossos pedidos quanto a riscos potenciais ou fraudes;<\/p>\n\n\n\n<p>\u2013 Quando estiver de acordo com as prefer\u00eancias que voc\u00ea compartilhou conosco, fornecer informa\u00e7\u00f5es ou publicidade relacionadas aos nossos produtos ou servi\u00e7os.<\/p>\n\n\n\n<p>Usamos as Informa\u00e7\u00f5es do Dispositivo que coletamos para nos ajudar a rastrear poss\u00edveis riscos e fraudes (em particular, seu endere\u00e7o IP) e, de forma mais geral, para melhorar e otimizar nosso Site (por exemplo, gerando an\u00e1lises sobre como nossos clientes navegam e interagem com o Site e para avaliar o sucesso de nossas campanhas de marketing e publicidade).<\/p>\n\n\n\n<p>COMPARTILHANDO SUAS INFORMA\u00c7\u00d5ES PESSOAIS<\/p>\n\n\n\n<p>Compartilhamos suas Informa\u00e7\u00f5es Pessoais com terceiros para nos ajudar a usar suas Informa\u00e7\u00f5es Pessoais, conforme descrito acima. Por exemplo, usamos o WordPress Soft para alimentar nossa loja online.<\/p>\n\n\n\n<p>Tamb\u00e9m usamos o Google Analytics para nos ajudar a entender como nossos clientes usam o Site \u2014 voc\u00ea pode ler mais sobre como o Google usa suas Informa\u00e7\u00f5es Pessoais aqui:&nbsp;<a href=\"https:\/\/link.zhihu.com\/?target=https%3A\/\/www.google.com\/intl\/en\/policies\/privacy\/\" target=\"_blank\" rel=\"noopener\">https:\/\/www.google.com\/intl\/en\/policies\/privacy\/<\/a>. Voc\u00ea tamb\u00e9m pode optar por n\u00e3o participar do Google Analytics aqui:&nbsp;<a href=\"https:\/\/link.zhihu.com\/?target=https%3A\/\/tools.google.com\/dlpage\/gaoptout\" target=\"_blank\" rel=\"noopener\">https:\/\/tools.google.com\/dlpage\/gaoptout<\/a>.<\/p>\n\n\n\n<p>Por fim, tamb\u00e9m podemos compartilhar suas Informa\u00e7\u00f5es Pessoais para cumprir leis e regulamentos aplic\u00e1veis, para responder a uma intima\u00e7\u00e3o, mandado de busca ou outra solicita\u00e7\u00e3o legal de informa\u00e7\u00f5es que recebermos, ou para proteger nossos direitos.<\/p>\n\n\n\n<p>PUBLICIDADE COMPORTAMENTAL<\/p>\n\n\n\n<p>Conforme descrito acima, usamos suas Informa\u00e7\u00f5es Pessoais para fornecer a voc\u00ea an\u00fancios direcionados ou comunica\u00e7\u00f5es de marketing que acreditamos que possam ser do seu interesse. Para obter mais informa\u00e7\u00f5es sobre como a publicidade direcionada funciona, voc\u00ea pode visitar a p\u00e1gina educacional da Network Advertising Initiative (\u201cNAI\u201d) em&nbsp;<a href=\"https:\/\/link.zhihu.com\/?target=http%3A\/\/www.networkadvertising.org\/understanding-online-advertising\/how-does-it-work\" target=\"_blank\" rel=\"noopener\">http:\/\/www.networkadvertising.org\/understanding-online-advertising\/how-does-it-work<\/a>.<\/p>\n\n\n\n<p>Voc\u00ea pode cancelar a publicidade direcionada usando os links abaixo:<\/p>\n\n\n\n<p>- Facebook:&nbsp;<a href=\"https:\/\/link.zhihu.com\/?target=https%3A\/\/www.facebook.com\/settings\/%3Ftab%3Dads\" target=\"_blank\" rel=\"noopener\">https:\/\/www.facebook.com\/settings\/?tab=ads<\/a><\/p>\n\n\n\n<p>- Google:&nbsp;<a href=\"https:\/\/link.zhihu.com\/?target=https%3A\/\/www.google.com\/settings\/ads\/anonymous\" target=\"_blank\" rel=\"noopener\">https:\/\/www.google.com\/settings\/ads\/anonymous<\/a><\/p>\n\n\n\n<p>\u2013 Bing:&nbsp;<a href=\"https:\/\/link.zhihu.com\/?target=https%3A\/\/advertise.bingads.microsoft.com\/en-us\/resources\/policies\/personalized-ads\" target=\"_blank\" rel=\"noopener\">https:\/\/advertise.bingads.microsoft.com\/en-us\/resources\/policies\/personalized-ads<\/a><\/p>\n\n\n\n<p>Al\u00e9m disso, voc\u00ea pode optar por n\u00e3o participar de alguns desses servi\u00e7os visitando o portal de exclus\u00e3o da Digital Advertising Alliance em:&nbsp;<a href=\"https:\/\/link.zhihu.com\/?target=http%3A\/\/optout.aboutads.info\/\" target=\"_blank\" rel=\"noopener\">http:\/\/optout.aboutads.info\/<\/a>.<\/p>\n\n\n\n<p>N\u00c3O RASTREAR<\/p>\n\n\n\n<p>Observe que n\u00e3o alteramos as pr\u00e1ticas de coleta e uso de dados do nosso Site quando vemos um sinal de N\u00e3o Rastrear no seu navegador.<\/p>\n\n\n\n<p>SEUS DIREITOS<\/p>\n\n\n\n<p>Se voc\u00ea for um residente europeu, voc\u00ea tem o direito de acessar as informa\u00e7\u00f5es pessoais que temos sobre voc\u00ea e de solicitar que suas informa\u00e7\u00f5es pessoais sejam corrigidas, atualizadas ou exclu\u00eddas. Se voc\u00ea quiser exercer esse direito, entre em contato conosco por meio das informa\u00e7\u00f5es de contato abaixo.<\/p>\n\n\n\n<p>Al\u00e9m disso, se voc\u00ea for um residente europeu, notamos que estamos processando suas informa\u00e7\u00f5es para cumprir contratos que podemos ter com voc\u00ea (por exemplo, se voc\u00ea fizer um pedido por meio do Site) ou, de outra forma, para perseguir nossos interesses comerciais leg\u00edtimos listados acima. Al\u00e9m disso, observe que suas informa\u00e7\u00f5es ser\u00e3o transferidas para fora da Europa, incluindo o Canad\u00e1 e os Estados Unidos.<\/p>\n\n\n\n<p>RETEN\u00c7\u00c3O DE DADOS<\/p>\n\n\n\n<p>Quando voc\u00ea faz um pedido atrav\u00e9s do Site, manteremos suas Informa\u00e7\u00f5es do Pedido em nossos registros, a menos e at\u00e9 que voc\u00ea nos pe\u00e7a para excluir essas informa\u00e7\u00f5es.<\/p>\n\n\n\n<p>MUDAN\u00c7AS<\/p>\n\n\n\n<p>Podemos atualizar esta pol\u00edtica de privacidade periodicamente para refletir, por exemplo, mudan\u00e7as em nossas pr\u00e1ticas ou por outros motivos operacionais, legais ou regulat\u00f3rios.<\/p>\n\n\n\n<p>MENORES<\/p>\n\n\n\n<p>O Site n\u00e3o se destina a indiv\u00edduos menores de 13 anos.<\/p>\n\n\n\n<p>CONTATE-NOS<\/p>\n\n\n\n<p>Para obter mais informa\u00e7\u00f5es sobre nossas pr\u00e1ticas de privacidade, se tiver d\u00favidas ou quiser fazer uma reclama\u00e7\u00e3o, entre em contato conosco.<\/p>\n\n\n\n<p><\/p>","protected":false},"excerpt":{"rendered":"<p>Quem somos O endere\u00e7o do nosso site \u00e9: https:\/\/skbty.com. Coment\u00e1rios Quando os visitantes deixam coment\u00e1rios no site, coletamos os dados mostrados no formul\u00e1rio de coment\u00e1rios, al\u00e9m do endere\u00e7o de IP do visitante e da string do agente do usu\u00e1rio do navegador para ajudar na detec\u00e7\u00e3o de spam. Uma string an\u00f4nima criada a partir do seu endere\u00e7o de e-mail (tamb\u00e9m chamada de hash) pode ser fornecida\u2026<\/p>","protected":false},"author":1,"featured_media":0,"parent":0,"menu_order":0,"comment_status":"closed","ping_status":"open","template":"","meta":{"_kad_post_transparent":"","_kad_post_title":"","_kad_post_layout":"","_kad_post_sidebar_id":"","_kad_post_content_style":"","_kad_post_vertical_padding":"","_kad_post_feature":"","_kad_post_feature_position":"","_kad_post_header":false,"_kad_post_footer":false,"_kad_post_classname":"","rank_math_title":"","rank_math_description":"","rank_math_focus_keyword":"","footnotes":""},"class_list":["post-3","page","type-page","status-publish","hentry"],"_links":{"self":[{"href":"https:\/\/skbty.com\/pt\/wp-json\/wp\/v2\/pages\/3","targetHints":{"allow":["GET"]}}],"collection":[{"href":"https:\/\/skbty.com\/pt\/wp-json\/wp\/v2\/pages"}],"about":[{"href":"https:\/\/skbty.com\/pt\/wp-json\/wp\/v2\/types\/page"}],"author":[{"embeddable":true,"href":"https:\/\/skbty.com\/pt\/wp-json\/wp\/v2\/users\/1"}],"replies":[{"embeddable":true,"href":"https:\/\/skbty.com\/pt\/wp-json\/wp\/v2\/comments?post=3"}],"version-history":[{"count":0,"href":"https:\/\/skbty.com\/pt\/wp-json\/wp\/v2\/pages\/3\/revisions"}],"wp:attachment":[{"href":"https:\/\/skbty.com\/pt\/wp-json\/wp\/v2\/media?parent=3"}],"curies":[{"name":"Wp","href":"https:\/\/api.w.org\/{rel}","templated":true}]}}