{"id":1385,"date":"2023-06-03T22:39:08","date_gmt":"2023-06-03T14:39:08","guid":{"rendered":"https:\/\/skbty.com\/?post_type=product&#038;p=1385"},"modified":"2026-03-31T17:07:28","modified_gmt":"2026-03-31T09:07:28","slug":"maquina-de-rf-fracionada-de-microagulha-dourada","status":"publish","type":"product","link":"https:\/\/skbty.com\/pt\/product\/maquina-de-rf-fracionada-de-microagulha-dourada\/","title":{"rendered":"M\u00e1quina de RF fracionada Golden Microneedle"},"content":{"rendered":"<div class=\"J_module\">\n<div id=\"ali-anchor-AliMagic-9mo2rc\" class=\"magic-0\" data-section=\"AliMagic-9mo2rc\" data-section-title=\"Products Description\" data-spm-anchor-id=\"a2700.details.0.i25.41b676aerROOHh\">\n<h2>Golden Microneedle Fractional RF: Obtenha uma pele mais firme, suave e com apar\u00eancia mais jovem<\/h2>\n<p>Voc\u00ea est\u00e1 lutando contra rugas, cicatrizes de acne ou flacidez da pele? A m\u00e1quina Golden Microneedle Fractional RF oferece uma solu\u00e7\u00e3o revolucion\u00e1ria para o rejuvenescimento da pele, proporcionando resultados not\u00e1veis com tempo de inatividade m\u00ednimo. Este tratamento inovador combina o poder do microagulhamento com energia de radiofrequ\u00eancia para estimular a produ\u00e7\u00e3o de col\u00e1geno e firmar a pele para uma apar\u00eancia mais suave e jovem.<\/p>\n<h2><img loading=\"lazy\" decoding=\"async\" class=\"magic-9 aligncenter\" title=\"M\u00e1quina de RF fracionada Golden Microneedle\" src=\"https:\/\/sc04.alicdn.com\/kf\/Hfba3514d2b8c4427b0126b236b9ba9d7R\/247315878\/Hfba3514d2b8c4427b0126b236b9ba9d7R.jpg\" alt=\"M\u00e1quina de RF fracionada Golden Microneedle\" width=\"582\" height=\"553\" data-src=\"\/\/sc04.alicdn.com\/kf\/Hfba3514d2b8c4427b0126b236b9ba9d7R\/247315878\/Hfba3514d2b8c4427b0126b236b9ba9d7R.jpg\" \/><\/h2>\n<h2>Como funciona o Golden Microneedle Fractional RF<\/h2>\n<p>Este tratamento de ponta utiliza uma pe\u00e7a de m\u00e3o especializada com microagulhas ultrafinas banhadas a ouro que penetram na pele em profundidades controladas (0,25-3 mm). \u00c0 medida que as agulhas penetram, elas fornecem energia de radiofrequ\u00eancia precisa diretamente \u00e0 derme, contornando a epiderme e minimizando os danos \u00e0 superf\u00edcie da pele.<\/p>\n<p>Essa entrega de energia direcionada estimula a produ\u00e7\u00e3o de col\u00e1geno e elastina, os blocos de constru\u00e7\u00e3o essenciais da pele jovem. O resultado? Pele mais firme, suave e radiante, com textura e tom melhorados.<\/p>\n<h2><img loading=\"lazy\" decoding=\"async\" class=\"magic-18 aligncenter\" title=\"M\u00e1quina de RF fracionada Golden Microneedle\" src=\"https:\/\/sc04.alicdn.com\/kf\/H6fefb9fcf28c406aa7e1bba756337a69B\/247315878\/H6fefb9fcf28c406aa7e1bba756337a69B.png\" alt=\"M\u00e1quina de RF fracionada Golden Microneedle\" width=\"637\" height=\"254\" data-src=\"\/\/sc04.alicdn.com\/kf\/H6fefb9fcf28c406aa7e1bba756337a69B\/247315878\/H6fefb9fcf28c406aa7e1bba756337a69B.png\" \/><\/h2>\n<h2>Quais problemas de pele ele pode resolver?<\/h2>\n<p>O tratamento de RF fracionado com microagulhas Golden Microneedle \u00e9 altamente vers\u00e1til e eficaz para tratar uma ampla gama de problemas de pele, incluindo:<\/p>\n<p><strong>Rosto e pesco\u00e7o:<\/strong><\/p>\n<ul>\n<li>Rugas e linhas finas<\/li>\n<li>Pele fl\u00e1cida e papada<\/li>\n<li>Cicatrizes de acne<\/li>\n<li>Poros dilatados<\/li>\n<li>Tom e textura de pele irregulares<\/li>\n<\/ul>\n<p><strong>Olhos:<\/strong><\/p>\n<ul>\n<li>Olhos cansados<\/li>\n<li>Linhas finas e rugas<\/li>\n<li>P\u00e1lpebras encapuzadas<\/li>\n<li>Pele enrugada<\/li>\n<\/ul>\n<p><strong>Corpo:<\/strong><\/p>\n<ul>\n<li>Pele solta ou fl\u00e1cida no abd\u00f4men, bra\u00e7os, pernas e n\u00e1degas<\/li>\n<li>Estrias<\/li>\n<li>Celulite<\/li>\n<\/ul>\n<h2><img loading=\"lazy\" decoding=\"async\" class=\"magic-20 aligncenter\" title=\"M\u00e1quina de RF fracionada Golden Microneedle\" src=\"https:\/\/sc04.alicdn.com\/kf\/H78a661c1241e42e690315e255865985ct\/247315878\/H78a661c1241e42e690315e255865985ct.jpg\" alt=\"M\u00e1quina de RF fracionada Golden Microneedle\" width=\"471\" height=\"466\" data-src=\"\/\/sc04.alicdn.com\/kf\/H78a661c1241e42e690315e255865985ct\/247315878\/H78a661c1241e42e690315e255865985ct.jpg\" \/><\/h2>\n<h2>Experimente as vantagens<\/h2>\n<p>O tratamento de RF fracionado Golden Microneedle oferece uma infinidade de benef\u00edcios:<\/p>\n<ul>\n<li><strong>Minimamente invasivo:<\/strong>\u00a0Ao contr\u00e1rio dos procedimentos cir\u00fargicos tradicionais, este tratamento \u00e9 minimamente invasivo, exigindo pouco ou nenhum tempo de recupera\u00e7\u00e3o.<\/li>\n<li><strong>Seguro e eficaz:<\/strong>\u00a0O fornecimento preciso de energia de RF garante resultados ideais com desconforto e risco m\u00ednimos de efeitos colaterais.<\/li>\n<li><strong>Adequado para todos os tipos de pele:<\/strong>\u00a0Este tratamento \u00e9 seguro e eficaz para todos os tipos de pele, incluindo pele sens\u00edvel.<\/li>\n<li><strong>Resultados duradouros:<\/strong>\u00a0A produ\u00e7\u00e3o estimulada de col\u00e1geno continua a melhorar a textura e o tom da pele por meses ap\u00f3s o tratamento, proporcionando resultados duradouros.<\/li>\n<\/ul>\n<h2><img loading=\"lazy\" decoding=\"async\" class=\"magic-22 aligncenter\" title=\"M\u00e1quina de RF fracionada Golden Microneedle\" src=\"https:\/\/sc04.alicdn.com\/kf\/H4eef1bf8fc684ced9730c0bc99cf73eac\/247315878\/H4eef1bf8fc684ced9730c0bc99cf73eac.jpg\" alt=\"M\u00e1quina de RF fracionada Golden Microneedle\" width=\"560\" height=\"790\" data-src=\"\/\/sc04.alicdn.com\/kf\/H4eef1bf8fc684ced9730c0bc99cf73eac\/247315878\/H4eef1bf8fc684ced9730c0bc99cf73eac.jpg\" \/><\/h2>\n<h2>Principais recursos e benef\u00edcios:<\/h2>\n<ul>\n<li><strong>Conforto assistido por v\u00e1cuo:<\/strong>\u00a0O cabe\u00e7ote de tratamento utiliza tecnologia de v\u00e1cuo para esticar suavemente a pele, garantindo maior conforto durante o procedimento.<\/li>\n<li><strong>Agulhas n\u00e3o isoladas:<\/strong>\u00a0Permite uma distribui\u00e7\u00e3o uniforme de energia tanto na epiderme quanto na derme para resultados ideais.<\/li>\n<li><strong>Tecnologia de motor de passo:<\/strong>\u00a0Garante uma penetra\u00e7\u00e3o suave e precisa da agulha, minimizando o desconforto e o sangramento.<\/li>\n<li><strong>Agulhas banhadas a ouro:<\/strong>\u00a0Hipoalerg\u00eanico e biocompat\u00edvel, reduzindo o risco de rea\u00e7\u00f5es al\u00e9rgicas e promovendo condutividade de RF ideal.<\/li>\n<li><strong>Controle preciso de profundidade:<\/strong>\u00a0A profundidade ajust\u00e1vel da agulha permite tratamentos personalizados, adaptados \u00e0s preocupa\u00e7\u00f5es individuais da pele e \u00e0s \u00e1reas do corpo.<\/li>\n<li><strong>Sistema de agulha de seguran\u00e7a:<\/strong>\u00a0Pontas de agulha esterilizadas e descart\u00e1veis garantem higiene e seguran\u00e7a.<\/li>\n<\/ul>\n<h2><img loading=\"lazy\" decoding=\"async\" class=\"magic-30 aligncenter\" title=\"M\u00e1quina de RF fracionada Golden Microneedle\" src=\"https:\/\/sc04.alicdn.com\/kf\/H7ab83577142c43f8a6e29578a7b6779fd\/247315878\/H7ab83577142c43f8a6e29578a7b6779fd.png\" alt=\"M\u00e1quina de RF fracionada Golden Microneedle\" width=\"651\" height=\"505\" data-src=\"\/\/sc04.alicdn.com\/kf\/H7ab83577142c43f8a6e29578a7b6779fd\/247315878\/H7ab83577142c43f8a6e29578a7b6779fd.png\" \/><\/h2>\n<h2>Descubra o padr\u00e3o ouro em rejuvenescimento da pele<\/h2>\n<p>A m\u00e1quina Golden Microneedle Fractional RF oferece uma solu\u00e7\u00e3o segura, eficaz e minimamente invasiva para obter uma pele jovem e radiante. Se voc\u00ea est\u00e1 pronto para voltar no tempo e obter a pele dos seus sonhos, este tratamento revolucion\u00e1rio pode ser a solu\u00e7\u00e3o perfeita para voc\u00ea.<\/p>\n<h2><strong>Personalizar O Logotipo<\/strong><\/h2>\n<p>Quer fazer sua marca se destacam? N\u00f3s oferecemos o logotipo personalizado servi\u00e7os para ajudar voc\u00ea a criar uma \u00fanica e personalizada logo que reflete a identidade de sua marca. Nossa equipe de especialistas ir\u00e1 trabalhar em estreita colabora\u00e7\u00e3o com voc\u00ea para criar um logotipo que est\u00e1 em conson\u00e2ncia com os valores da sua marca e de mensagens. Se voc\u00ea estiver olhando para renovar o seu logotipo existente ou criar um novo a partir do zero, n\u00f3s temos que cobertas. <a href=\"\/pt\/contato\/\">Contacte-nos<\/a> hoje para saber mais sobre o nosso logotipo personalizado servi\u00e7os!<\/p>\n<\/div>\n<\/div>","protected":false},"excerpt":{"rendered":"<p>O sistema de agulha de radiofrequ\u00eancia de matriz fracionada passa pela epiderme e derme por meio de uma matriz multiponto especialmente projetada, sequ\u00eancia de controle de motor digital de alta velocidade, controla precisamente a profundidade de 0,25-3 mm e, em seguida, libera a radiofrequ\u00eancia da raiz. A extremidade da agulha da matriz estimula o col\u00e1geno e o tecido el\u00e1stico, o que \u00e9 seguro para a epiderme, e a energia de radiofrequ\u00eancia pode penetrar bem na derme para estimular a hiperplasia de col\u00e1geno, que n\u00e3o \u00e9 apenas a melhor maneira de melhorar cicatrizes, mas tamb\u00e9m um tratamento eficaz. m\u00e9todo de tratamento. A longo prazo, esta \u00e9 uma \u00f3tima maneira de apertar as rugas da pele.<\/p>","protected":false},"featured_media":1386,"comment_status":"open","ping_status":"closed","template":"","meta":{"_kad_post_transparent":"default","_kad_post_title":"","_kad_post_layout":"default","_kad_post_sidebar_id":"","_kad_post_content_style":"default","_kad_post_vertical_padding":"default","_kad_post_feature":"","_kad_post_feature_position":"","_kad_post_header":false,"_kad_post_footer":false,"_kad_post_classname":"","rank_math_title":"","rank_math_description":"","rank_math_focus_keyword":""},"product_brand":[],"product_cat":[30],"product_tag":[],"class_list":{"0":"post-1385","1":"product","2":"type-product","3":"status-publish","4":"has-post-thumbnail","6":"product_cat-microneedle","8":"first","9":"instock","10":"sale","11":"shipping-taxable","12":"purchasable","13":"product-type-simple","14":"entry","15":"content-bg","16":"loop-entry"},"_links":{"self":[{"href":"https:\/\/skbty.com\/pt\/wp-json\/wp\/v2\/product\/1385","targetHints":{"allow":["GET"]}}],"collection":[{"href":"https:\/\/skbty.com\/pt\/wp-json\/wp\/v2\/product"}],"about":[{"href":"https:\/\/skbty.com\/pt\/wp-json\/wp\/v2\/types\/product"}],"replies":[{"embeddable":true,"href":"https:\/\/skbty.com\/pt\/wp-json\/wp\/v2\/comments?post=1385"}],"wp:featuredmedia":[{"embeddable":true,"href":"https:\/\/skbty.com\/pt\/wp-json\/wp\/v2\/media\/1386"}],"wp:attachment":[{"href":"https:\/\/skbty.com\/pt\/wp-json\/wp\/v2\/media?parent=1385"}],"wp:term":[{"taxonomy":"product_brand","embeddable":true,"href":"https:\/\/skbty.com\/pt\/wp-json\/wp\/v2\/product_brand?post=1385"},{"taxonomy":"product_cat","embeddable":true,"href":"https:\/\/skbty.com\/pt\/wp-json\/wp\/v2\/product_cat?post=1385"},{"taxonomy":"product_tag","embeddable":true,"href":"https:\/\/skbty.com\/pt\/wp-json\/wp\/v2\/product_tag?post=1385"}],"curies":[{"name":"Wp","href":"https:\/\/api.w.org\/{rel}","templated":true}]}}