{"id":1403,"date":"2023-06-04T13:30:09","date_gmt":"2023-06-04T05:30:09","guid":{"rendered":"https:\/\/skbty.com\/?post_type=product&#038;p=1403"},"modified":"2024-08-11T01:24:53","modified_gmt":"2024-08-10T17:24:53","slug":"maquina-de-beleza-hifu-multifuncional-6-em-1","status":"publish","type":"product","link":"https:\/\/skbty.com\/pt\/product\/maquina-de-beleza-hifu-multifuncional-6-em-1\/","title":{"rendered":"M\u00e1quina de beleza multifuncional 6 em 1 HIFU"},"content":{"rendered":"<h2>M\u00e1quina de beleza HIFU multifuncional 6 em 1: obtenha rejuvenescimento corporal total<\/h2>\n<p><strong>Cansado de rugas, flacidez da pele e gordura localizada?<\/strong>\u00a0A M\u00e1quina de Beleza HIFU Multifuncional 6 em 1 oferece uma solu\u00e7\u00e3o abrangente para o rejuvenescimento total do corpo. Este dispositivo de ponta combina seis tecnologias poderosas \u2013\u00a0<strong>Escultura de radar, HIFU multifilar 4D, aperto vaginal, detec\u00e7\u00e3o de pele, liposs\u00f4nico e microcristais de RF<\/strong>\u00a0\u2013 para entregar resultados not\u00e1veis sem tempo de inatividade.<\/p>\n<h2><img loading=\"lazy\" decoding=\"async\" class=\"aligncenter wp-image-1415\" src=\"https:\/\/skbty.com\/wp-content\/uploads\/2023\/06\/\u4e3b\u56fe3-819x1024.png\" alt=\"\" width=\"633\" height=\"791\" srcset=\"\" sizes=\"auto, (max-width: 633px) 100vw, 633px\" data-srcset=\"\" \/><\/h2>\n<h2>Alvo de m\u00faltiplas preocupa\u00e7\u00f5es, uma m\u00e1quina<\/h2>\n<p>Este dispositivo revolucion\u00e1rio \u00e9 sua solu\u00e7\u00e3o completa para:<\/p>\n<ul>\n<li><strong>Firmeza e eleva\u00e7\u00e3o da pele:<\/strong>\u00a0Reverta os sinais de envelhecimento com o Radar Carving e o HIFU 4D Multi-row, reduzindo efetivamente as rugas e levantando a pele fl\u00e1cida do rosto, pesco\u00e7o e corpo.<\/li>\n<li><strong>Contorno Corporal e Redu\u00e7\u00e3o de Gordura:<\/strong>\u00a0Destrua c\u00e9lulas de gordura e esculpa seu f\u00edsico com o sistema Liposonic, obtendo resultados percept\u00edveis de emagrecimento e modelagem corporal.<\/li>\n<li><strong>Rejuvenescimento vaginal:<\/strong>\u00a0Restaure a firmeza vaginal, trate o ressecamento e melhore a sa\u00fade \u00edntima com o tratamento HIFU vaginal dedicado.<\/li>\n<li><strong>Rejuvenescimento da pele:<\/strong>\u00a0Estimule a produ\u00e7\u00e3o de col\u00e1geno e obtenha um brilho jovem com a tecnologia Gold RF Microcrystal, minimizando rugas, melhorando a textura da pele e iluminando a pele.<\/li>\n<\/ul>\n<h2><img loading=\"lazy\" decoding=\"async\" class=\"aligncenter wp-image-1412\" src=\"https:\/\/skbty.com\/wp-content\/uploads\/2023\/06\/hbl9t2po.png\" alt=\"\" width=\"567\" height=\"446\" srcset=\"https:\/\/skbty.com\/wp-content\/uploads\/2023\/06\/hbl9t2po.png 773w, https:\/\/skbty.com\/wp-content\/uploads\/2023\/06\/hbl9t2po-300x236.png 300w, https:\/\/skbty.com\/wp-content\/uploads\/2023\/06\/hbl9t2po-768x604.png 768w, https:\/\/skbty.com\/wp-content\/uploads\/2023\/06\/hbl9t2po-600x472.png 600w\" sizes=\"auto, (max-width: 567px) 100vw, 567px\" \/><\/h2>\n<h2>Experimente as vantagens<\/h2>\n<p>O aparelho de beleza multifuncional 6 em 1 HIFU oferece uma s\u00e9rie de benef\u00edcios:<\/p>\n<ul>\n<li><strong>N\u00e3o invasivo e indolor:<\/strong>\u00a0Desfrute de tratamentos confort\u00e1veis sem inje\u00e7\u00f5es, cirurgia ou tempo de inatividade.<\/li>\n<li><strong>Seguro e eficaz:<\/strong>\u00a0Tecnologias clinicamente comprovadas garantem resultados ideais com risco m\u00ednimo.<\/li>\n<li><strong>Tratamentos personaliz\u00e1veis:<\/strong>\u00a0V\u00e1rios cabe\u00e7otes de tratamento e par\u00e2metros ajust\u00e1veis permitem tratamentos personalizados, adaptados \u00e0s suas necessidades espec\u00edficas.<\/li>\n<li><strong>R\u00e1pido e eficiente:<\/strong>\u00a0Sess\u00f5es curtas de tratamento e resultados duradouros fazem desta uma solu\u00e7\u00e3o ideal para pessoas ocupadas.<\/li>\n<\/ul>\n<h2>Tecnologias avan\u00e7adas para resultados superiores<\/h2>\n<ul>\n<li><strong>Escultura de radar:<\/strong>\u00a0A tecnologia n\u00e3o invasiva de 360\u00b0 atua em diversas profundidades da pele, fornecendo energia precisa para lifting e firmeza ideais.<\/li>\n<li><strong>HIFU multifileira 4D:<\/strong>\u00a0Trata uma \u00e1rea maior a cada passagem, reduzindo significativamente o tempo de tratamento e garantindo uma distribui\u00e7\u00e3o uniforme de energia para melhores resultados.<\/li>\n<li><strong>Lipos\u00f4nico:<\/strong>\u00a0Utiliza energia ultrass\u00f4nica focada para destruir c\u00e9lulas de gordura de forma eficaz e precisa, resultando em um contorno corporal percept\u00edvel.<\/li>\n<li><strong>Microcristais RF de ouro:<\/strong>\u00a0Combina microcristais isolados, RF de alta temperatura, adsor\u00e7\u00e3o a v\u00e1cuo e administra\u00e7\u00e3o transd\u00e9rmica para melhor rejuvenescimento da pele sem tempo de inatividade.<\/li>\n<li><strong>HIFU vaginal:<\/strong>\u00a0A tecnologia de rota\u00e7\u00e3o de 360 graus garante o fornecimento preciso de energia \u00e0s paredes vaginais, estimulando a produ\u00e7\u00e3o de col\u00e1geno e restaurando a firmeza.<\/li>\n<\/ul>\n<h2 class=\"p1\">Cabe\u00e7as e Sondas Multi-tipo<\/h2>\n<ul>\n<li class=\"p1\"><b>Cabe\u00e7as isolantes:<\/b> Quatro tipos (10p, 25p, 64p, nano) garantem distribui\u00e7\u00e3o de energia de RF consistente e equilibrada.<\/li>\n<li class=\"p1\"><b>Cabe\u00e7as microcristalinas:<\/b> Apresenta espa\u00e7amento perfeito para evitar interfer\u00eancias e sobreposi\u00e7\u00f5es, garantindo entrega precisa de energia.<\/li>\n<li class=\"p1\"><b>Especifica\u00e7\u00f5es da agulha:<\/b> Corpo da agulha (0,22 mm), ponta (0,1 mm); o corpo isolado da agulha libera energia apenas na ponta (0,3-0,5 mm), evitando pigmenta\u00e7\u00e3o da pele e dor.<\/li>\n<\/ul>\n<p><img loading=\"lazy\" decoding=\"async\" class=\"aligncenter  wp-image-1417\" src=\"https:\/\/skbty.com\/wp-content\/uploads\/2023\/06\/probes-1024x691.png\" alt=\"\" width=\"664\" height=\"448\" srcset=\"https:\/\/skbty.com\/wp-content\/uploads\/2023\/06\/probes-1024x691.png 1024w, https:\/\/skbty.com\/wp-content\/uploads\/2023\/06\/probes-300x202.png 300w, https:\/\/skbty.com\/wp-content\/uploads\/2023\/06\/probes-768x518.png 768w, https:\/\/skbty.com\/wp-content\/uploads\/2023\/06\/probes-1536x1036.png 1536w, https:\/\/skbty.com\/wp-content\/uploads\/2023\/06\/probes-600x405.png 600w, https:\/\/skbty.com\/wp-content\/uploads\/2023\/06\/probes.png 1708w\" sizes=\"auto, (max-width: 664px) 100vw, 664px\" \/><\/p>\n<p><img loading=\"lazy\" decoding=\"async\" class=\"aligncenter  wp-image-1413\" src=\"https:\/\/skbty.com\/wp-content\/uploads\/2023\/06\/face-1024x563.png\" alt=\"\" width=\"720\" height=\"396\" srcset=\"https:\/\/skbty.com\/wp-content\/uploads\/2023\/06\/face-1024x563.png 1024w, https:\/\/skbty.com\/wp-content\/uploads\/2023\/06\/face-300x165.png 300w, https:\/\/skbty.com\/wp-content\/uploads\/2023\/06\/face-768x422.png 768w, https:\/\/skbty.com\/wp-content\/uploads\/2023\/06\/face-1536x844.png 1536w, https:\/\/skbty.com\/wp-content\/uploads\/2023\/06\/face-600x330.png 600w, https:\/\/skbty.com\/wp-content\/uploads\/2023\/06\/face.png 1572w\" sizes=\"auto, (max-width: 720px) 100vw, 720px\" \/><\/p>\n<h2>Descubra o poder do rejuvenescimento corporal total<\/h2>\n<p>A M\u00e1quina de Beleza HIFU Multifuncional 6 em 1 oferece uma solu\u00e7\u00e3o abrangente e eficaz para atingir seus objetivos est\u00e9ticos. Experimente o poder transformador deste dispositivo inovador e redescubra sua confian\u00e7a com um voc\u00ea mais jovem, tonificado e revitalizado.<\/p>\n<h2><strong>Personalizar O Logotipo<\/strong><\/h2>\n<p>Quer fazer sua marca se destacam? N\u00f3s oferecemos o logotipo personalizado servi\u00e7os para ajudar voc\u00ea a criar uma \u00fanica e personalizada logo que reflete a identidade de sua marca. Nossa equipe de especialistas ir\u00e1 trabalhar em estreita colabora\u00e7\u00e3o com voc\u00ea para criar um logotipo que est\u00e1 em conson\u00e2ncia com os valores da sua marca e de mensagens. Se voc\u00ea estiver olhando para renovar o seu logotipo existente ou criar um novo a partir do zero, n\u00f3s temos que cobertas. <a href=\"\/pt\/contato\/\">Contacte-nos<\/a> hoje para saber mais sobre o nosso logotipo personalizado servi\u00e7os!<\/p>\n<p style=\"text-align: center;\">\n<div style=\"width: 1290px;\" class=\"wp-video\"><video class=\"wp-video-shortcode\" id=\"video-1403-1\" width=\"1290\" height=\"726\" preload=\"metadata\" controls=\"controls\"><source type=\"video\/mp4\" src=\"https:\/\/skbty.com\/wp-content\/uploads\/2023\/06\/\u6d77\u677e6\u54081-\u4e3b\u56fe\u89c6\u9891.mp4?_=1\" \/><a href=\"https:\/\/skbty.com\/wp-content\/uploads\/2023\/06\/\u6d77\u677e6\u54081-\u4e3b\u56fe\u89c6\u9891.mp4\">https:\/\/skbty.com\/wp-content\/uploads\/2023\/06\/\u6d77\u677e6\u54081-\u4e3b\u56fe\u89c6\u9891.mp4<\/a><\/video><\/div>\n<p>&nbsp;<\/p>","protected":false},"excerpt":{"rendered":"<p class=\"p1\">Instrumento de beleza HIFU 6 em 1. \u00c9 um tipo seccional RF Microcrystals + multi-fileira ponto fixo + 360 \u00b0 canto n\u00e3o morto + ponto personalizado + tecnologia surround 3D 360 \u00b0. Ele combina 4D multi-fileira, Radar Carving, liposs\u00f4nico e microcristais RF, 4D multi-fileira, Radar Carving \u00e9 voltado para o envelhecimento da pele, e liposs\u00f4nico \u00e9 voltado para o problema da obesidade corporal, que pode efetivamente apertar e levantar a pele, dissolver gordura e moldar o corpo. A radiofrequ\u00eancia dourada pode efetivamente melhorar a condi\u00e7\u00e3o da pele e restaurar a pele jovem e saud\u00e1vel, o HIFU vaginal trata a frouxid\u00e3o e secura vaginal de worgen e outros problemas.<\/p>","protected":false},"featured_media":1404,"comment_status":"open","ping_status":"closed","template":"","meta":{"_kad_post_transparent":"default","_kad_post_title":"","_kad_post_layout":"default","_kad_post_sidebar_id":"","_kad_post_content_style":"default","_kad_post_vertical_padding":"default","_kad_post_feature":"","_kad_post_feature_position":"","_kad_post_header":false,"_kad_post_footer":false,"_kad_post_classname":"","rank_math_title":"","rank_math_description":"","rank_math_focus_keyword":""},"product_brand":[],"product_cat":[35],"product_tag":[],"class_list":{"0":"post-1403","1":"product","2":"type-product","3":"status-publish","4":"has-post-thumbnail","6":"product_cat-hifu","8":"first","9":"instock","10":"shipping-taxable","11":"product-type-simple","12":"entry","13":"content-bg","14":"loop-entry"},"_links":{"self":[{"href":"https:\/\/skbty.com\/pt\/wp-json\/wp\/v2\/product\/1403","targetHints":{"allow":["GET"]}}],"collection":[{"href":"https:\/\/skbty.com\/pt\/wp-json\/wp\/v2\/product"}],"about":[{"href":"https:\/\/skbty.com\/pt\/wp-json\/wp\/v2\/types\/product"}],"replies":[{"embeddable":true,"href":"https:\/\/skbty.com\/pt\/wp-json\/wp\/v2\/comments?post=1403"}],"wp:featuredmedia":[{"embeddable":true,"href":"https:\/\/skbty.com\/pt\/wp-json\/wp\/v2\/media\/1404"}],"wp:attachment":[{"href":"https:\/\/skbty.com\/pt\/wp-json\/wp\/v2\/media?parent=1403"}],"wp:term":[{"taxonomy":"product_brand","embeddable":true,"href":"https:\/\/skbty.com\/pt\/wp-json\/wp\/v2\/product_brand?post=1403"},{"taxonomy":"product_cat","embeddable":true,"href":"https:\/\/skbty.com\/pt\/wp-json\/wp\/v2\/product_cat?post=1403"},{"taxonomy":"product_tag","embeddable":true,"href":"https:\/\/skbty.com\/pt\/wp-json\/wp\/v2\/product_tag?post=1403"}],"curies":[{"name":"Wp","href":"https:\/\/api.w.org\/{rel}","templated":true}]}}