{"id":1482,"date":"2023-06-06T11:11:13","date_gmt":"2023-06-06T03:11:13","guid":{"rendered":"https:\/\/skbty.com\/?post_type=product&#038;p=1482"},"modified":"2025-02-27T00:33:38","modified_gmt":"2025-02-26T16:33:38","slug":"maquina-de-beleza-inteligente-7-em-1-para-gerenciamento-de-pele-azul-gelo","status":"publish","type":"product","link":"https:\/\/skbty.com\/pt\/product\/maquina-de-beleza-inteligente-7-em-1-para-gerenciamento-de-pele-azul-gelo\/","title":{"rendered":"M\u00e1quina de beleza inteligente 7 em 1 para gerenciamento de pele azul-gelo"},"content":{"rendered":"<div class=\"J_module\">\n<h2>M\u00e1quina de beleza inteligente 7 em 1 para gerenciamento da pele azul-gelo: revolucionando os cuidados personalizados com a pele<\/h2>\n<h3>Introdu\u00e7\u00e3o<\/h3>\n<p>Experimente o futuro dos cuidados com a pele com o Smart Ice Blue Skin Management Beauty Machine 7 em 1, um dispositivo revolucion\u00e1rio que combina an\u00e1lise avan\u00e7ada da pele com tratamentos multifuncionais para uma abordagem verdadeiramente personalizada e eficaz ao rejuvenescimento da pele.<\/p>\n<h2><img loading=\"lazy\" decoding=\"async\" class=\"magic-7 aligncenter\" src=\"https:\/\/sc04.alicdn.com\/kf\/H8e4e37642f384735aa0bda622bf5d07fg\/247315878\/H8e4e37642f384735aa0bda622bf5d07fg.png\" width=\"572\" height=\"715\" data-src=\"\/\/sc04.alicdn.com\/kf\/H8e4e37642f384735aa0bda622bf5d07fg\/247315878\/H8e4e37642f384735aa0bda622bf5d07fg.png\" \/><\/h2>\n<h2>Revelando o Smart Ice Blue: uma nova era de cuidados com a pele<\/h2>\n<h3>An\u00e1lise avan\u00e7ada da pele para tratamentos personalizados<\/h3>\n<p>Este sistema de ponta vai al\u00e9m dos cuidados tradicionais com a pele, analisando primeiro as necessidades espec\u00edficas da sua pele:<\/p>\n<ol>\n<li><strong>Imagem de alta defini\u00e7\u00e3o:<\/strong>\u00a0Uma c\u00e2mera de microalcance de 10 megapixels captura imagens detalhadas da sua pele.<\/li>\n<li><strong>Imagem Triespectral:<\/strong>\u00a0Utiliza tr\u00eas espectros de luz diferentes para revelar condi\u00e7\u00f5es subsuperficiais da pele.<\/li>\n<li><strong>An\u00e1lise com tecnologia de IA:<\/strong>\u00a0Um mecanismo central inteligente alimentado por intelig\u00eancia artificial analisa oito dimens\u00f5es principais da pele, identificando problemas espec\u00edficos como rugas, pigmenta\u00e7\u00e3o, poros e muito mais.<\/li>\n<li><strong>Planos de tratamento personalizados:<\/strong>\u00a0Com base na an\u00e1lise, o sistema gera planos de tratamento personalizados e recomenda produtos de cuidados com a pele de n\u00edvel profissional, adaptados \u00e0s suas necessidades espec\u00edficas.<\/li>\n<\/ol>\n<h3><img loading=\"lazy\" decoding=\"async\" class=\"magic-21 aligncenter\" src=\"https:\/\/sc04.alicdn.com\/kf\/Had23fe22a052424781d12f7318a4a543X\/247315878\/Had23fe22a052424781d12f7318a4a543X.jpg\" width=\"586\" height=\"330\" data-src=\"\/\/sc04.alicdn.com\/kf\/Had23fe22a052424781d12f7318a4a543X\/247315878\/Had23fe22a052424781d12f7318a4a543X.jpg\" \/><\/h3>\n<h3>Sete tecnologias poderosas, um sistema inovador<\/h3>\n<p>O Smart Ice Blue ent\u00e3o oferece tratamentos direcionados usando uma combina\u00e7\u00e3o de sete tecnologias avan\u00e7adas:<\/p>\n<ol>\n<li><strong>Refrigera\u00e7\u00e3o com gelo:<\/strong>\u00a0Acalma, repara e firma a pele, ao mesmo tempo que ret\u00e9m a hidrata\u00e7\u00e3o.<\/li>\n<li><strong>Infus\u00e3o ultrass\u00f4nica:<\/strong>\u00a0Melhora a absor\u00e7\u00e3o do produto ao empurrar os ingredientes dos cuidados com a pele profundamente para dentro da pele.<\/li>\n<li><strong>Terapia de RF de ouro:<\/strong>\u00a0Estimula a produ\u00e7\u00e3o de col\u00e1geno e firma a pele usando energia de radiofrequ\u00eancia fornecida por uma sonda banhada a ouro 24K.<\/li>\n<li><strong>Caneta spray i\u00f4nica:<\/strong>\u00a0Fornece ingredientes nanoatomizados para cuidados com a pele para penetra\u00e7\u00e3o profunda e absor\u00e7\u00e3o ideal.<\/li>\n<li><strong>Bisturi de alta frequ\u00eancia:<\/strong>\u00a0Esfolia suavemente e remove impurezas sem danificar a barreira da pele.<\/li>\n<li><strong>Caneta de bolhas i\u00f4nicas:<\/strong>\u00a0Melhora o metabolismo celular e melhora a circula\u00e7\u00e3o sangu\u00ednea para um brilho saud\u00e1vel.<\/li>\n<\/ol>\n<h2>Benef\u00edcios do Sistema Smart Ice Blue<\/h2>\n<h3>Experimente a transforma\u00e7\u00e3o<\/h3>\n<p>Esta solu\u00e7\u00e3o completa para cuidados com a pele oferece uma s\u00e9rie de benef\u00edcios:<\/p>\n<ul>\n<li><strong>Tratamentos personalizados:<\/strong>\u00a0Tratamentos personalizados abordam as preocupa\u00e7\u00f5es espec\u00edficas da sua pele para resultados ideais.<\/li>\n<li><strong>N\u00e3o invasivo e seguro:<\/strong>\u00a0Desfrute de uma experi\u00eancia confort\u00e1vel sem tempo de inatividade.<\/li>\n<li><strong>Aplica\u00e7\u00f5es multifuncionais:<\/strong>\u00a0Trate uma ampla gama de problemas de pele, incluindo envelhecimento, pigmenta\u00e7\u00e3o, acne e muito mais.<\/li>\n<li><strong>Absor\u00e7\u00e3o aprimorada do produto:<\/strong>\u00a0Maximize a efic\u00e1cia dos produtos para a pele com tecnologias de infus\u00e3o profunda.<\/li>\n<li><strong>Resultados vis\u00edveis:<\/strong>\u00a0Tenha uma pele mais brilhante, suave e jovem.<\/li>\n<\/ul>\n<h2 class=\"p1\"><b>Al\u00e7as<\/b><\/h2>\n<p class=\"p3\"><span class=\"s1\"> 1. <\/span><b>Sonda de refrigera\u00e7\u00e3o de gelo:<\/b> Combina refrigera\u00e7\u00e3o semicondutora, resfriamento a ar e resfriamento hidr\u00e1ulico para reduzir a temperatura para -5\u2103, acalmando e reparando a pele sens\u00edvel, fechando os poros e retendo a hidrata\u00e7\u00e3o e a nutri\u00e7\u00e3o.<\/p>\n<p class=\"p3\"><span class=\"s1\"> 2. <\/span><b>Sonda de importa\u00e7\u00e3o ultrass\u00f4nica:<\/b> Ondas ultrass\u00f4nicas de alta frequ\u00eancia (1.000.000 vezes\/s) atingem a camada da f\u00e1scia, difundindo os ingredientes dos cuidados com a pele profundamente na pele e promovendo a absor\u00e7\u00e3o.<\/p>\n<p class=\"p3\"><span class=\"s1\"> 3. <\/span><b>Sonda RF Dourada:<\/b> A sonda de RF banhada a ouro 24K melhora a absor\u00e7\u00e3o de produtos para a pele, direciona a energia t\u00e9rmica para a camada inferior da pele, estimula a prolifera\u00e7\u00e3o de col\u00e1geno e reconstr\u00f3i a rede de fibras de col\u00e1geno.<\/p>\n<p class=\"p3\"><span class=\"s1\"> 4. <\/span><b>Caneta spray i\u00f4nica:<\/b> A nano ultramicro atomiza\u00e7\u00e3o decomp\u00f5e os ingredientes dos cuidados com a pele em mol\u00e9culas em nanoescala para penetra\u00e7\u00e3o profunda e fornecimento de nutri\u00e7\u00e3o.<\/p>\n<p class=\"p3\"><span class=\"s1\"> 5. <\/span><b>Faca p\u00e1 de alta frequ\u00eancia:<\/b> Vibra\u00e7\u00f5es de alta frequ\u00eancia (24 KHZ-25 KHZ) removem sujeira, cravos, acne e res\u00edduos de maquiagem dos poros sem danificar a barreira da pele.<\/p>\n<p class=\"p3\"><span class=\"s1\"> 6. <\/span><b>Caneta de bolhas i\u00f4nicas:<\/b> Utiliza de 1 a 3 milh\u00f5es de vibra\u00e7\u00f5es para penetrar a ess\u00eancia profundamente na pele, massageando suavemente as c\u00e9lulas, promovendo o metabolismo, aumentando a viabilidade celular e melhorando a circula\u00e7\u00e3o sangu\u00ednea e linf\u00e1tica.<\/p>\n<h2><img loading=\"lazy\" decoding=\"async\" class=\"magic-23 aligncenter\" src=\"https:\/\/sc04.alicdn.com\/kf\/H73e7652001e84b35ac6e72069be3d48dC\/247315878\/H73e7652001e84b35ac6e72069be3d48dC.png\" width=\"546\" height=\"1372\" data-src=\"\/\/sc04.alicdn.com\/kf\/H73e7652001e84b35ac6e72069be3d48dC\/247315878\/H73e7652001e84b35ac6e72069be3d48dC.png\" \/><\/h2>\n<\/div>\n<div class=\"J_module\">\n<div class=\"detail-decorate-json-renderer-container\">\n<div class=\"magic-14\">\n<div class=\"magic-17\">\n<div class=\"magic-18\">\n<div>\n<h2 class=\"p1\"><b>Efeitos do produto<\/b><\/h2>\n<p class=\"p3\">O Smart Ice Blue \u2013 7 In 1 Skin Analysis System oferece gerenciamento abrangente da pele, integrando tecnologia de ponta para beleza facial. Seus recursos avan\u00e7ados garantem tratamentos eficazes e n\u00e3o invasivos que melhoram a sa\u00fade e a apar\u00eancia da pele, tornando-o uma ferramenta indispens\u00e1vel para profissionais de cuidados com a pele e entusiastas da beleza.<\/p>\n<\/div>\n<div class=\"magic-19\"><img decoding=\"async\" class=\"magic-31\" src=\"https:\/\/sc04.alicdn.com\/kf\/H505110bc16ac4170b4230287e6b6bd35a\/247315878\/H505110bc16ac4170b4230287e6b6bd35a.png\" data-src=\"\/\/sc04.alicdn.com\/kf\/H505110bc16ac4170b4230287e6b6bd35a\/247315878\/H505110bc16ac4170b4230287e6b6bd35a.png\" \/><\/div>\n<\/div>\n<\/div>\n<\/div>\n<\/div>\n<\/div>\n<div class=\"J_module\">\n<div class=\"icbu-pc-images magic-5\">\n<div class=\"flex-layout-v\">\n<div class=\"flex-layout-h magic-5\">\n<div class=\"magic-24\">\n<h2><strong>Personalizar O Logotipo<\/strong><\/h2>\n<p>Quer fazer sua marca se destacam? N\u00f3s oferecemos o logotipo personalizado servi\u00e7os para ajudar voc\u00ea a criar uma \u00fanica e personalizada logo que reflete a identidade de sua marca. Nossa equipe de especialistas ir\u00e1 trabalhar em estreita colabora\u00e7\u00e3o com voc\u00ea para criar um logotipo que est\u00e1 em conson\u00e2ncia com os valores da sua marca e de mensagens. Se voc\u00ea estiver olhando para renovar o seu logotipo existente ou criar um novo a partir do zero, n\u00f3s temos que cobertas. <a href=\"\/pt\/contato\/\">Contacte-nos<\/a> hoje para saber mais sobre o nosso logotipo personalizado servi\u00e7os!<\/p>\n<div class=\"J_module\">\n<h2>Conclus\u00e3o<\/h2>\n<p>O Smart Ice Blue 7-in-1 Skin Analysis System representa uma nova era de cuidados personalizados com a pele. Combinando an\u00e1lise avan\u00e7ada da pele com tratamentos multifuncionais, este dispositivo revolucion\u00e1rio permite que voc\u00ea alcance sua melhor pele de todos os tempos.<\/p>\n<\/div>\n<\/div>\n<\/div>\n<\/div>\n<\/div>\n<\/div>","protected":false},"excerpt":{"rendered":"<p>Experimente cuidados personalizados com a pele com o Sistema de An\u00e1lise de Pele Smart Ice Blue 7 em 1! Este dispositivo revolucion\u00e1rio analisa sua pele e oferece tratamentos personalizados para resultados ideais. Alcance a pele dos seus sonhos hoje mesmo!<\/p>","protected":false},"featured_media":1501,"comment_status":"open","ping_status":"closed","template":"","meta":{"_kad_post_transparent":"default","_kad_post_title":"","_kad_post_layout":"default","_kad_post_sidebar_id":"","_kad_post_content_style":"default","_kad_post_vertical_padding":"default","_kad_post_feature":"","_kad_post_feature_position":"","_kad_post_header":false,"_kad_post_footer":false,"_kad_post_classname":"","rank_math_title":"","rank_math_description":"","rank_math_focus_keyword":""},"product_brand":[],"product_cat":[32],"product_tag":[],"class_list":{"0":"post-1482","1":"product","2":"type-product","3":"status-publish","4":"has-post-thumbnail","6":"product_cat-skin-analyzer","8":"first","9":"instock","10":"shipping-taxable","11":"product-type-simple","12":"entry","13":"content-bg","14":"loop-entry"},"_links":{"self":[{"href":"https:\/\/skbty.com\/pt\/wp-json\/wp\/v2\/product\/1482","targetHints":{"allow":["GET"]}}],"collection":[{"href":"https:\/\/skbty.com\/pt\/wp-json\/wp\/v2\/product"}],"about":[{"href":"https:\/\/skbty.com\/pt\/wp-json\/wp\/v2\/types\/product"}],"replies":[{"embeddable":true,"href":"https:\/\/skbty.com\/pt\/wp-json\/wp\/v2\/comments?post=1482"}],"wp:featuredmedia":[{"embeddable":true,"href":"https:\/\/skbty.com\/pt\/wp-json\/wp\/v2\/media\/1501"}],"wp:attachment":[{"href":"https:\/\/skbty.com\/pt\/wp-json\/wp\/v2\/media?parent=1482"}],"wp:term":[{"taxonomy":"product_brand","embeddable":true,"href":"https:\/\/skbty.com\/pt\/wp-json\/wp\/v2\/product_brand?post=1482"},{"taxonomy":"product_cat","embeddable":true,"href":"https:\/\/skbty.com\/pt\/wp-json\/wp\/v2\/product_cat?post=1482"},{"taxonomy":"product_tag","embeddable":true,"href":"https:\/\/skbty.com\/pt\/wp-json\/wp\/v2\/product_tag?post=1482"}],"curies":[{"name":"Wp","href":"https:\/\/api.w.org\/{rel}","templated":true}]}}