{"id":1557,"date":"2023-06-06T14:02:41","date_gmt":"2023-06-06T06:02:41","guid":{"rendered":"https:\/\/skbty.com\/?post_type=product&#038;p=1557"},"modified":"2025-06-20T11:31:31","modified_gmt":"2025-06-20T03:31:31","slug":"criolipolise-maquina-de-perda-de-peso-para-queima-de-gordura","status":"publish","type":"product","link":"https:\/\/skbty.com\/pt\/product\/criolipolise-maquina-de-perda-de-peso-para-queima-de-gordura\/","title":{"rendered":"M\u00e1quina de perda de peso e queima de gordura por criolip\u00f3lise"},"content":{"rendered":"<div class=\"J_module\">\n<div class=\"icbu-pc-images magic-7\">\n<div class=\"text-wrapper-below text-theme-light text-align-left\">\n<h2>M\u00e1quina de perda de peso e queima de gordura por criolip\u00f3lise: congele a gordura e esculpa o corpo dos seus sonhos<\/h2>\n<h2>Introdu\u00e7\u00e3o<\/h2>\n<p>Descubra o poder do frio com a revolucion\u00e1ria M\u00e1quina de Perda de Peso Cryolipolysis Fat Burn. Este tratamento de contorno corporal n\u00e3o invasivo utiliza tecnologia de resfriamento avan\u00e7ada para atingir e eliminar c\u00e9lulas de gordura teimosas, revelando um voc\u00ea mais magro e esculpido \u2013 tudo sem cirurgia, tempo de inatividade ou exerc\u00edcios extenuantes.<\/p>\n<table style=\"border-collapse: collapse; width: 100%;\">\n<tbody>\n<tr>\n<td style=\"width: 50%;\">\n<h2><img loading=\"lazy\" decoding=\"async\" class=\"magic-9 aligncenter\" title=\"M\u00e1quina de perda de peso e queima de gordura por criolip\u00f3lise\" src=\"https:\/\/sc04.alicdn.com\/kf\/H1225e24c7d0a40b69b6379145f3586fc1\/247315878\/H1225e24c7d0a40b69b6379145f3586fc1.jpg\" alt=\"M\u00e1quina de perda de peso e queima de gordura por criolip\u00f3lise\" width=\"353\" height=\"499\" data-src=\"\/\/sc04.alicdn.com\/kf\/H1225e24c7d0a40b69b6379145f3586fc1\/247315878\/H1225e24c7d0a40b69b6379145f3586fc1.jpg\" \/><\/h2>\n<\/td>\n<td style=\"width: 50%;\"><img decoding=\"async\" class=\"magic-35\" src=\"https:\/\/sc04.alicdn.com\/kf\/H093616f2167d4ed4beaa7138e1a0433bg\/247315878\/H093616f2167d4ed4beaa7138e1a0433bg.png\" data-src=\"\/\/sc04.alicdn.com\/kf\/H093616f2167d4ed4beaa7138e1a0433bg\/247315878\/H093616f2167d4ed4beaa7138e1a0433bg.png\" \/><\/td>\n<\/tr>\n<\/tbody>\n<\/table>\n<h2>A ci\u00eancia por tr\u00e1s da criolip\u00f3lise: como funciona o congelamento de gordura<\/h2>\n<h3>Congelando c\u00e9lulas de gordura at\u00e9 a perfei\u00e7\u00e3o<\/h3>\n<p>A criolip\u00f3lise, tamb\u00e9m conhecida como congelamento de gordura, \u00e9 um m\u00e9todo cientificamente comprovado para reduzir dep\u00f3sitos de gordura teimosa. Veja como funciona:<\/p>\n<ol>\n<li><strong>Resfriamento direcionado:<\/strong>\u00a0O dispositivo utiliza aplicadores que s\u00e3o colocados na \u00e1rea de tratamento. Esses aplicadores fornecem resfriamento controlado \u00e0s c\u00e9lulas de gordura alvo.<\/li>\n<li><strong>Cristaliza\u00e7\u00e3o e Apoptose:<\/strong>\u00a0O processo de resfriamento precisamente controlado faz com que as c\u00e9lulas de gordura cristalizem (congelem) sem danificar a pele ou os tecidos ao redor. Essas c\u00e9lulas de gordura cristalizadas passam por um processo natural de morte celular chamado apoptose.<\/li>\n<li><strong>Remo\u00e7\u00e3o Natural:<\/strong>\u00a0Nas semanas e meses seguintes, o sistema linf\u00e1tico do seu corpo processa e elimina naturalmente as c\u00e9lulas de gordura mortas, resultando em uma redu\u00e7\u00e3o gradual da camada de gordura.<\/li>\n<\/ol>\n<h2><img loading=\"lazy\" decoding=\"async\" class=\"magic-13 aligncenter\" title=\"M\u00e1quina de perda de peso e queima de gordura por criolip\u00f3lise\" src=\"https:\/\/sc04.alicdn.com\/kf\/H48809e87124041a7a635b10c35580101z\/247315878\/H48809e87124041a7a635b10c35580101z.png\" alt=\"M\u00e1quina de perda de peso e queima de gordura por criolip\u00f3lise\" width=\"513\" height=\"542\" data-src=\"\/\/sc04.alicdn.com\/kf\/H48809e87124041a7a635b10c35580101z\/247315878\/H48809e87124041a7a635b10c35580101z.png\" \/><\/h2>\n<h2>Benef\u00edcios da Criolip\u00f3lise: Experimente a Transforma\u00e7\u00e3o<\/h2>\n<h3>Alcance seus objetivos corporais com facilidade<\/h3>\n<p>Este tratamento de contorno corporal n\u00e3o invasivo oferece uma s\u00e9rie de benef\u00edcios:<\/p>\n<ul>\n<li><strong>N\u00e3o cir\u00fargico e n\u00e3o invasivo:<\/strong>\u00a0Diga adeus \u00e0s agulhas, incis\u00f5es e anestesia.<\/li>\n<li><strong>Sem tempo de inatividade:<\/strong>\u00a0Retorne \u00e0s suas atividades di\u00e1rias imediatamente ap\u00f3s a sess\u00e3o de tratamento.<\/li>\n<li><strong>Redu\u00e7\u00e3o de gordura direcionada:<\/strong>\u00a0Visa especificamente as protuber\u00e2ncias de gordura persistentes em \u00e1reas como abd\u00f4men, culotes, coxas e parte superior dos bra\u00e7os.<\/li>\n<li><strong>Seguro e eficaz:<\/strong> O aparelho de criolip\u00f3lise para queima de gordura e perda de peso \u00e9 seguro e eficaz.<\/li>\n<li><strong>Resultados de apar\u00eancia natural:<\/strong>\u00a0Obtenha um f\u00edsico mais magro e esculpido com resultados graduais e de apar\u00eancia natural.<\/li>\n<\/ul>\n<table style=\"border-collapse: collapse; width: 100%;\">\n<tbody>\n<tr>\n<td style=\"width: 50%;\"><img loading=\"lazy\" decoding=\"async\" class=\"magic-16 aligncenter\" title=\"M\u00e1quina de perda de peso e queima de gordura por criolip\u00f3lise\" src=\"https:\/\/sc04.alicdn.com\/kf\/H68368ec364544162bf73bcd22d52f6f4M\/247315878\/H68368ec364544162bf73bcd22d52f6f4M.png\" alt=\"M\u00e1quina de perda de peso e queima de gordura por criolip\u00f3lise\" width=\"375\" height=\"473\" data-src=\"\/\/sc04.alicdn.com\/kf\/H68368ec364544162bf73bcd22d52f6f4M\/247315878\/H68368ec364544162bf73bcd22d52f6f4M.png\" \/><\/td>\n<td style=\"width: 50%;\"><img loading=\"lazy\" decoding=\"async\" class=\"magic-18 alignnone\" title=\"M\u00e1quina de perda de peso e queima de gordura por criolip\u00f3lise\" src=\"https:\/\/sc04.alicdn.com\/kf\/Ha676949c75c448118969b1d4175e38bby\/247315878\/Ha676949c75c448118969b1d4175e38bby.png\" alt=\"M\u00e1quina de perda de peso e queima de gordura por criolip\u00f3lise\" width=\"800\" height=\"800\" data-src=\"\/\/sc04.alicdn.com\/kf\/Ha676949c75c448118969b1d4175e38bby\/247315878\/Ha676949c75c448118969b1d4175e38bby.png\" \/><\/td>\n<\/tr>\n<\/tbody>\n<\/table>\n<h2>Recursos avan\u00e7ados para maior conforto e resultados<\/h2>\n<p>Esta m\u00e1quina de congelamento de gordura de \u00faltima gera\u00e7\u00e3o \u00e9 equipada com recursos que melhoram tanto o conforto quanto os resultados:<\/p>\n<ul>\n<li><strong>Refrigera\u00e7\u00e3o de canal duplo:<\/strong>\u00a0Dois aplicadores de tratamento podem ser usados simultaneamente, reduzindo o tempo de tratamento e permitindo tratamentos personalizados.<\/li>\n<li><strong>Resfriamento de 360 graus:<\/strong>\u00a0O design avan\u00e7ado do aplicador garante resfriamento uniforme e resultados ideais.<\/li>\n<li><strong>Intensidade de press\u00e3o negativa em cinco est\u00e1gios:<\/strong>\u00a0Configura\u00e7\u00f5es de press\u00e3o ajust\u00e1veis aumentam o conforto e a efic\u00e1cia do tratamento.<\/li>\n<li><strong>Recursos de seguran\u00e7a integrados:<\/strong>\u00a0Sensores de temperatura e detec\u00e7\u00e3o autom\u00e1tica do fluxo de \u00e1gua garantem tratamentos seguros e eficazes.<\/li>\n<\/ul>\n<h2><img loading=\"lazy\" decoding=\"async\" class=\"magic-37 aligncenter\" title=\"M\u00e1quina de perda de peso e queima de gordura por criolip\u00f3lise\" src=\"https:\/\/sc04.alicdn.com\/kf\/H869fef358bad48e59465e0e217f119915\/247315878\/H869fef358bad48e59465e0e217f119915.png\" alt=\"M\u00e1quina de perda de peso e queima de gordura por criolip\u00f3lise\" width=\"515\" height=\"629\" data-src=\"\/\/sc04.alicdn.com\/kf\/H869fef358bad48e59465e0e217f119915\/247315878\/H869fef358bad48e59465e0e217f119915.png\" \/><\/h2>\n<h2>Conclus\u00e3o<\/h2>\n<p>A M\u00e1quina de Perda de Peso Cryolipolysis Fat Burn \u00e9 uma solu\u00e7\u00e3o revolucion\u00e1ria para atingir seus objetivos de contorno corporal sem cirurgia ou tempo de inatividade. Experimente o poder do congelamento de gordura e libere seu eu mais confiante.<\/p>\n<h2><strong>Personalizar O Logotipo<\/strong><\/h2>\n<p>Quer fazer sua marca se destacam? N\u00f3s oferecemos o logotipo personalizado servi\u00e7os para ajudar voc\u00ea a criar uma \u00fanica e personalizada logo que reflete a identidade de sua marca. Nossa equipe de especialistas ir\u00e1 trabalhar em estreita colabora\u00e7\u00e3o com voc\u00ea para criar um logotipo que est\u00e1 em conson\u00e2ncia com os valores da sua marca e de mensagens. Se voc\u00ea estiver olhando para renovar o seu logotipo existente ou criar um novo a partir do zero, n\u00f3s temos que cobertas. <a href=\"\/pt\/contato\/\">Contacte-nos<\/a> hoje para saber mais sobre o nosso logotipo personalizado servi\u00e7os!<\/p>\n<\/div>\n<\/div>\n<\/div>","protected":false},"excerpt":{"rendered":"<p>Congele a gordura teimosa com a M\u00e1quina de Perda de Peso Cryolipolysis Fat Burn! Este tratamento n\u00e3o invasivo usa tecnologia de resfriamento avan\u00e7ada para atingir e eliminar c\u00e9lulas de gordura, revelando um voc\u00ea mais magro e esculpido. Agende sua consulta hoje mesmo!<\/p>","protected":false},"featured_media":1533,"comment_status":"open","ping_status":"closed","template":"","meta":{"_kad_post_transparent":"default","_kad_post_title":"","_kad_post_layout":"default","_kad_post_sidebar_id":"","_kad_post_content_style":"default","_kad_post_vertical_padding":"default","_kad_post_feature":"","_kad_post_feature_position":"","_kad_post_header":false,"_kad_post_footer":false,"_kad_post_classname":"","rank_math_title":"","rank_math_description":"","rank_math_focus_keyword":""},"product_brand":[],"product_cat":[31],"product_tag":[],"class_list":{"0":"post-1557","1":"product","2":"type-product","3":"status-publish","4":"has-post-thumbnail","6":"product_cat-body-slimming","8":"first","9":"instock","10":"shipping-taxable","11":"product-type-simple","12":"entry","13":"content-bg","14":"loop-entry"},"_links":{"self":[{"href":"https:\/\/skbty.com\/pt\/wp-json\/wp\/v2\/product\/1557","targetHints":{"allow":["GET"]}}],"collection":[{"href":"https:\/\/skbty.com\/pt\/wp-json\/wp\/v2\/product"}],"about":[{"href":"https:\/\/skbty.com\/pt\/wp-json\/wp\/v2\/types\/product"}],"replies":[{"embeddable":true,"href":"https:\/\/skbty.com\/pt\/wp-json\/wp\/v2\/comments?post=1557"}],"wp:featuredmedia":[{"embeddable":true,"href":"https:\/\/skbty.com\/pt\/wp-json\/wp\/v2\/media\/1533"}],"wp:attachment":[{"href":"https:\/\/skbty.com\/pt\/wp-json\/wp\/v2\/media?parent=1557"}],"wp:term":[{"taxonomy":"product_brand","embeddable":true,"href":"https:\/\/skbty.com\/pt\/wp-json\/wp\/v2\/product_brand?post=1557"},{"taxonomy":"product_cat","embeddable":true,"href":"https:\/\/skbty.com\/pt\/wp-json\/wp\/v2\/product_cat?post=1557"},{"taxonomy":"product_tag","embeddable":true,"href":"https:\/\/skbty.com\/pt\/wp-json\/wp\/v2\/product_tag?post=1557"}],"curies":[{"name":"Wp","href":"https:\/\/api.w.org\/{rel}","templated":true}]}}