{"id":1563,"date":"2023-06-06T14:28:39","date_gmt":"2023-06-06T06:28:39","guid":{"rendered":"https:\/\/skbty.com\/?post_type=product&#038;p=1563"},"modified":"2024-07-09T00:59:17","modified_gmt":"2024-07-08T16:59:17","slug":"remocao-de-tatuagem-a-laser-de-picosegundo","status":"publish","type":"product","link":"https:\/\/skbty.com\/pt\/product\/remocao-de-tatuagem-a-laser-de-picosegundo\/","title":{"rendered":"M\u00e1quina de remo\u00e7\u00e3o de tatuagem a laser picosegundo"},"content":{"rendered":"<div class=\"J_module\">\n<div class=\"icbu-pc-images magic-8\">\n<div class=\"flex-layout-h\">\n<div class=\"text-wrapper magic-9\">\n<div class=\"text-wrapper-left text-theme-light text-align-left\" data-spm-anchor-id=\"a2700.details.0.i35.8f875a66JkJuxO\">\n<div class=\"J_module\">\n<div class=\"detail-decorate-json-renderer-container\">\n<div class=\"magic-1\">\n<h3>O que \u00e9 o <strong>M\u00e1quina de remo\u00e7\u00e3o de tatuagem a laser picossegundo?<\/strong><\/h3>\n<p><strong>M\u00e1quina de remo\u00e7\u00e3o de tatuagem a laser picosegundo<\/strong> \u00e9 um dispositivo avan\u00e7ado projetado para remover tatuagens com tempos de pulso ultracurtos (t\u00e3o curtos quanto 375-450 picossegundos). Essa velocidade supera os picossegundos do PICOSURE Honeycomb, permitindo um pico de energia mais alto que remove efetivamente part\u00edculas de pigmento por meio do &quot;efeito de choque fotogr\u00e1fico&quot;. A largura de pulso ultracurta minimiza a convers\u00e3o de calor, reduzindo danos aos tecidos circundantes, encurtando a recupera\u00e7\u00e3o p\u00f3s-operat\u00f3ria e evitando efeitos colaterais como anti-preto. Sua sonda de foco hologr\u00e1fico exclusiva amplifica a energia em at\u00e9 22 vezes, aumentando a dissolu\u00e7\u00e3o do pigmento.<\/p>\n<\/div>\n<div class=\"magic-1\">\n<h3>Princ\u00edpio<\/h3>\n<p>O <strong>M\u00e1quina de remo\u00e7\u00e3o de tatuagem a laser picosegundo<\/strong> opera com dura\u00e7\u00f5es de pulso ultracurtas, significativamente mais r\u00e1pidas do que os lasers convencionais de remo\u00e7\u00e3o de tatuagem. Essa velocidade r\u00e1pida gera um pico de energia mais alto instantaneamente, removendo efetivamente part\u00edculas de pigmento por meio do &quot;efeito de choque fotogr\u00e1fico&quot;. A largura de pulso ultracurta garante convers\u00e3o m\u00ednima de calor, reduzindo danos aos tecidos circundantes, encurtando os per\u00edodos de recupera\u00e7\u00e3o, evitando efeitos colaterais como anti-preto e reduzindo o n\u00famero de tratamentos necess\u00e1rios. Al\u00e9m disso, a sonda de foco hologr\u00e1fico exclusiva amplifica a energia 22 vezes, aumentando a dissolu\u00e7\u00e3o de pigmentos.<\/p>\n<p><img loading=\"lazy\" decoding=\"async\" class=\"aligncenter wp-image-2823\" title=\"Remo\u00e7\u00e3o de tatuagem a laser picosegundo\" src=\"https:\/\/skbty.com\/wp-content\/uploads\/2024\/01\/WX20240619-1530052x-832x1024.jpg\" alt=\" m\u00e1quina de remo\u00e7\u00e3o de tatuagem a laser de picosegundo\" width=\"500\" height=\"615\" data-wp-pid=\"2823\" srcset=\"https:\/\/skbty.com\/wp-content\/uploads\/2024\/01\/WX20240619-1530052x-832x1024.jpg 832w, https:\/\/skbty.com\/wp-content\/uploads\/2024\/01\/WX20240619-1530052x-244x300.jpg 244w, https:\/\/skbty.com\/wp-content\/uploads\/2024\/01\/WX20240619-1530052x-768x945.jpg 768w, https:\/\/skbty.com\/wp-content\/uploads\/2024\/01\/WX20240619-1530052x-600x738.jpg 600w, https:\/\/skbty.com\/wp-content\/uploads\/2024\/01\/WX20240619-1530052x.jpg 1110w\" sizes=\"auto, (max-width: 500px) 100vw, 500px\" \/><\/p>\n<h3>Caracter\u00edsticas e benef\u00edcios<\/h3>\n<ol>\n<li><strong>Dura\u00e7\u00e3o de pulso ultracurta<\/strong>: Com tempos de pulso t\u00e3o curtos quanto 375-450 picossegundos, a m\u00e1quina remove part\u00edculas de pigmento de forma mais eficaz.<\/li>\n<li><strong>Pico de alta energia<\/strong>: Gera picos de energia mais altos instantaneamente para uma remo\u00e7\u00e3o mais limpa de pigmentos.<\/li>\n<li><strong>Danos m\u00ednimos ao tecido<\/strong>: A largura de pulso ultracurta minimiza a convers\u00e3o de calor, reduzindo os danos aos tecidos circundantes.<\/li>\n<li><strong>Per\u00edodo de recupera\u00e7\u00e3o reduzido<\/strong>: Recupera\u00e7\u00e3o p\u00f3s-operat\u00f3ria mais r\u00e1pida com menos efeitos colaterais.<\/li>\n<li><strong>Sess\u00f5es de tratamento reduzidas<\/strong>: Menos sess\u00f5es necess\u00e1rias devido \u00e0 dissolu\u00e7\u00e3o eficaz do pigmento.<\/li>\n<li><strong>Dissolu\u00e7\u00e3o de pigmento aprimorada<\/strong>: Sonda de foco hologr\u00e1fico exclusiva amplifica a energia em at\u00e9 22 vezes para melhor remo\u00e7\u00e3o de pigmentos.<\/li>\n<\/ol>\n<h3><img loading=\"lazy\" decoding=\"async\" class=\"magic-21 aligncenter\" src=\"https:\/\/sc04.alicdn.com\/kf\/He3e4afe14ac24097bb41413b1a5d16ecd\/247315878\/He3e4afe14ac24097bb41413b1a5d16ecd.png\" width=\"533\" height=\"397\" data-src=\"\/\/sc04.alicdn.com\/kf\/He3e4afe14ac24097bb41413b1a5d16ecd\/247315878\/He3e4afe14ac24097bb41413b1a5d16ecd.png\" \/><\/h3>\n<h3>Aplica\u00e7\u00f5es<\/h3>\n<ul>\n<li><strong>Remo\u00e7\u00e3o de Tatuagem<\/strong>: Remove eficazmente tatuagens de v\u00e1rias cores e profundidades.<\/li>\n<li><strong>Remo\u00e7\u00e3o de pigmentos<\/strong>: Dissolve pigmentos indesejados na pele.<\/li>\n<li><strong>Rejuvenescimento da pele<\/strong>: Melhora a textura e a apar\u00eancia geral da pele.<\/li>\n<\/ul>\n<\/div>\n<\/div>\n<\/div>\n<div class=\"J_module\">\n<div class=\"icbu-pc-detailManyImage magic-13\">\n<h3>Fun\u00e7\u00f5es<\/h3>\n<ol>\n<li>Remover manchas<\/li>\n<li>Remo\u00e7\u00e3o de tatuagem<\/li>\n<li>Tratamento de cicatrizes leves<\/li>\n<li>Depila\u00e7\u00e3o<\/li>\n<li>Rejuvenescimento da pele<\/li>\n<\/ol>\n<div>\n<table style=\"border-collapse: collapse; width: 100%;\">\n<tbody>\n<tr>\n<td style=\"width: 50%;\"><img loading=\"lazy\" decoding=\"async\" class=\"aligncenter wp-image-2824\" title=\"Remo\u00e7\u00e3o de tatuagem a laser picosegundo\" src=\"https:\/\/skbty.com\/wp-content\/uploads\/2024\/01\/WX20240619-1531072x-764x1024.jpg\" alt=\" m\u00e1quina de remo\u00e7\u00e3o de tatuagem a laser de picosegundo\" width=\"323\" height=\"433\" data-wp-pid=\"2824\" srcset=\"https:\/\/skbty.com\/wp-content\/uploads\/2024\/01\/WX20240619-1531072x-764x1024.jpg 764w, https:\/\/skbty.com\/wp-content\/uploads\/2024\/01\/WX20240619-1531072x-224x300.jpg 224w, https:\/\/skbty.com\/wp-content\/uploads\/2024\/01\/WX20240619-1531072x-768x1029.jpg 768w, https:\/\/skbty.com\/wp-content\/uploads\/2024\/01\/WX20240619-1531072x-600x804.jpg 600w, https:\/\/skbty.com\/wp-content\/uploads\/2024\/01\/WX20240619-1531072x.jpg 1118w\" sizes=\"auto, (max-width: 323px) 100vw, 323px\" \/><\/td>\n<td style=\"width: 50%;\"><img decoding=\"async\" class=\"magic-30 aligncenter\" src=\"https:\/\/sc04.alicdn.com\/kf\/H66380961817f4532b0a22c6c8b4abf39Z\/247315878\/H66380961817f4532b0a22c6c8b4abf39Z.png\" data-src=\"\/\/sc04.alicdn.com\/kf\/H66380961817f4532b0a22c6c8b4abf39Z\/247315878\/H66380961817f4532b0a22c6c8b4abf39Z.png\" \/><\/td>\n<\/tr>\n<\/tbody>\n<\/table>\n<p>&nbsp;<\/p>\n<\/div>\n<div class=\"magic-16\">\n<h3><strong>Personalizar O Logotipo<\/strong><\/h3>\n<p>Quer fazer sua marca se destacam? N\u00f3s oferecemos o logotipo personalizado servi\u00e7os para ajudar voc\u00ea a criar uma \u00fanica e personalizada logo que reflete a identidade de sua marca. Nossa equipe de especialistas ir\u00e1 trabalhar em estreita colabora\u00e7\u00e3o com voc\u00ea para criar um logotipo que est\u00e1 em conson\u00e2ncia com os valores da sua marca e de mensagens. Se voc\u00ea estiver olhando para renovar o seu logotipo existente ou criar um novo a partir do zero, n\u00f3s temos que cobertas. <a href=\"\/pt\/contato\/\">Contacte-nos<\/a> hoje para saber mais sobre o nosso logotipo personalizado servi\u00e7os!<\/p>\n<\/div>\n<div class=\"magic-16\"><\/div>\n<\/div>\n<\/div>\n<\/div>\n<\/div>\n<\/div>\n<\/div>\n<\/div>\n<div class=\"J_module\">\n<div class=\"icbu-pc-images magic-8\">\n<div class=\"flex-layout-v\">\n<div class=\"flex-layout-h magic-8\">\n<div class=\"magic-33\"><\/div>\n<\/div>\n<\/div>\n<\/div>\n<\/div>","protected":false},"excerpt":{"rendered":"<p>Apague tatuagens indesejadas com a poderosa M\u00e1quina de Remo\u00e7\u00e3o de Tatuagens a Laser Picosecond. Esta tecnologia avan\u00e7ada utiliza pulsos de laser ultracurtos para resultados mais r\u00e1pidos, seguros e eficazes. Diga adeus ao arrependimento da tatuagem!<\/p>","protected":false},"featured_media":1570,"comment_status":"open","ping_status":"closed","template":"","meta":{"_kad_post_transparent":"default","_kad_post_title":"","_kad_post_layout":"default","_kad_post_sidebar_id":"","_kad_post_content_style":"default","_kad_post_vertical_padding":"default","_kad_post_feature":"","_kad_post_feature_position":"","_kad_post_header":false,"_kad_post_footer":false,"_kad_post_classname":"","rank_math_title":"","rank_math_description":"","rank_math_focus_keyword":""},"product_brand":[],"product_cat":[29],"product_tag":[],"class_list":{"0":"post-1563","1":"product","2":"type-product","3":"status-publish","4":"has-post-thumbnail","6":"product_cat-pico-laser","8":"first","9":"instock","10":"shipping-taxable","11":"product-type-simple","12":"entry","13":"content-bg","14":"loop-entry"},"_links":{"self":[{"href":"https:\/\/skbty.com\/pt\/wp-json\/wp\/v2\/product\/1563","targetHints":{"allow":["GET"]}}],"collection":[{"href":"https:\/\/skbty.com\/pt\/wp-json\/wp\/v2\/product"}],"about":[{"href":"https:\/\/skbty.com\/pt\/wp-json\/wp\/v2\/types\/product"}],"replies":[{"embeddable":true,"href":"https:\/\/skbty.com\/pt\/wp-json\/wp\/v2\/comments?post=1563"}],"wp:featuredmedia":[{"embeddable":true,"href":"https:\/\/skbty.com\/pt\/wp-json\/wp\/v2\/media\/1570"}],"wp:attachment":[{"href":"https:\/\/skbty.com\/pt\/wp-json\/wp\/v2\/media?parent=1563"}],"wp:term":[{"taxonomy":"product_brand","embeddable":true,"href":"https:\/\/skbty.com\/pt\/wp-json\/wp\/v2\/product_brand?post=1563"},{"taxonomy":"product_cat","embeddable":true,"href":"https:\/\/skbty.com\/pt\/wp-json\/wp\/v2\/product_cat?post=1563"},{"taxonomy":"product_tag","embeddable":true,"href":"https:\/\/skbty.com\/pt\/wp-json\/wp\/v2\/product_tag?post=1563"}],"curies":[{"name":"Wp","href":"https:\/\/api.w.org\/{rel}","templated":true}]}}