{"id":1678,"date":"2023-06-12T09:46:29","date_gmt":"2023-06-12T01:46:29","guid":{"rendered":"https:\/\/skbty.com\/?post_type=product&#038;p=1678"},"modified":"2024-06-26T14:42:38","modified_gmt":"2024-06-26T06:42:38","slug":"maquina-portatil-de-depilacao-a-laser-de-diodo-808-nm","status":"publish","type":"product","link":"https:\/\/skbty.com\/pt\/product\/maquina-portatil-de-depilacao-a-laser-de-diodo-808-nm\/","title":{"rendered":"M\u00e1quina port\u00e1til de remo\u00e7\u00e3o de pelos a laser de diodo de 808 nm"},"content":{"rendered":"<div>\n<div>\n<h2>M\u00e1quina de remo\u00e7\u00e3o de pelos a laser de diodo de 808 nm: obtenha uma pele lisa e sem pelos com conforto incompar\u00e1vel<\/h2>\n<h2>Introdu\u00e7\u00e3o<\/h2>\n<p>Experimente o padr\u00e3o ouro em remo\u00e7\u00e3o de pelos a laser com a avan\u00e7ada M\u00e1quina de Depila\u00e7\u00e3o a Laser de Diodo de 808 nm. Este dispositivo de ponta aproveita o poder de um laser de diodo de 808 nm para fornecer energia precisa aos fol\u00edculos capilares, desabilitando efetivamente sua capacidade de regenerar pelos. Desfrute de uma pele lisa e sem pelos com resultados duradouros e conforto inigual\u00e1vel.<\/p>\n<h2><img loading=\"lazy\" decoding=\"async\" class=\"aligncenter\" src=\"https:\/\/sc04.alicdn.com\/kf\/Hc65f834570d84192bef3197ad565be6cB\/247315878\/Hc65f834570d84192bef3197ad565be6cB.png\" width=\"672\" height=\"230\" data-src=\"\/\/sc04.alicdn.com\/kf\/Hc65f834570d84192bef3197ad565be6cB\/247315878\/Hc65f834570d84192bef3197ad565be6cB.png\" \/><\/h2>\n<h2>A ci\u00eancia da remo\u00e7\u00e3o de pelos com laser de diodo de 808 nm<\/h2>\n<h3>Visando fol\u00edculos capilares com precis\u00e3o<\/h3>\n<p>O laser de diodo de 808 nm emite um comprimento de onda espec\u00edfico de luz que \u00e9 prontamente absorvido pela melanina, o pigmento respons\u00e1vel pela cor do cabelo. Essa energia direcionada aquece e desabilita o fol\u00edculo piloso, impedindo o crescimento futuro do cabelo.<\/p>\n<h3><img loading=\"lazy\" decoding=\"async\" class=\"aligncenter\" title=\"M\u00e1quina de remo\u00e7\u00e3o de pelos a laser de diodo 808nm\" src=\"https:\/\/sc04.alicdn.com\/kf\/H27c318b0099642c58c2708fe85a234708\/247315878\/H27c318b0099642c58c2708fe85a234708.jpg\" alt=\"M\u00e1quina de remo\u00e7\u00e3o de pelos a laser de diodo 808nm\" width=\"559\" height=\"346\" data-src=\"\/\/sc04.alicdn.com\/kf\/H27c318b0099642c58c2708fe85a234708\/247315878\/H27c318b0099642c58c2708fe85a234708.jpg\" \/><\/h3>\n<h3>Benef\u00edcios da tecnologia de laser de diodo de 808 nm<\/h3>\n<ul>\n<li><strong>Segmenta\u00e7\u00e3o precisa:<\/strong>\u00a0A energia do laser \u00e9 absorvida seletivamente pela melanina no fol\u00edculo piloso, deixando a pele ao redor ilesa.<\/li>\n<li><strong>Eficaz para v\u00e1rios tipos de pele e cabelo:<\/strong>\u00a0Adequado para uma ampla gama de tons de pele e cores de cabelo, do claro ao escuro.<\/li>\n<li><strong>Tratamentos praticamente indolores:<\/strong>\u00a0O sistema de resfriamento avan\u00e7ado garante o m\u00e1ximo conforto durante o tratamento, minimizando o desconforto frequentemente associado aos m\u00e9todos tradicionais de depila\u00e7\u00e3o.<\/li>\n<li><strong>Resultados duradouros:<\/strong>\u00a0Experimente uma redu\u00e7\u00e3o significativa nos pelos indesejados ap\u00f3s uma s\u00e9rie de tratamentos, com muitas pessoas alcan\u00e7ando redu\u00e7\u00e3o permanente dos pelos.<\/li>\n<\/ul>\n<h2><img loading=\"lazy\" decoding=\"async\" class=\"wp-image-1642 aligncenter\" src=\"https:\/\/skbty.com\/wp-content\/uploads\/2023\/06\/\u5fae\u4fe1\u622a\u56fe_20230608180748.png\" alt=\"\" width=\"588\" height=\"356\" srcset=\"https:\/\/skbty.com\/wp-content\/uploads\/2023\/06\/\u5fae\u4fe1\u622a\u56fe_20230608180748.png 1163w, https:\/\/skbty.com\/wp-content\/uploads\/2023\/06\/\u5fae\u4fe1\u622a\u56fe_20230608180748-300x182.png 300w, https:\/\/skbty.com\/wp-content\/uploads\/2023\/06\/\u5fae\u4fe1\u622a\u56fe_20230608180748-1024x620.png 1024w, https:\/\/skbty.com\/wp-content\/uploads\/2023\/06\/\u5fae\u4fe1\u622a\u56fe_20230608180748-768x465.png 768w, https:\/\/skbty.com\/wp-content\/uploads\/2023\/06\/\u5fae\u4fe1\u622a\u56fe_20230608180748-600x363.png 600w\" sizes=\"auto, (max-width: 588px) 100vw, 588px\" \/><\/h2>\n<h2>Experimente a diferen\u00e7a: por que escolher esta m\u00e1quina?<\/h2>\n<h3>Recursos avan\u00e7ados para resultados excepcionais<\/h3>\n<p>Esta m\u00e1quina de depila\u00e7\u00e3o a laser de diodo de 808 nm \u00e9 equipada com recursos que a diferenciam:<\/p>\n<ul>\n<li><strong>Alta pot\u00eancia de sa\u00edda:<\/strong>\u00a0A potente pot\u00eancia de 1800 W garante tratamentos eficientes e resultados ideais.<\/li>\n<li><strong>Configura\u00e7\u00f5es ajust\u00e1veis:<\/strong>\u00a0Personalize tratamentos para v\u00e1rios tipos de pele, cores de cabelo e \u00e1reas de tratamento com densidade de energia ajust\u00e1vel (1~200J\/cm2) e largura de pulso (1ms-400ms).<\/li>\n<li><strong>Tamanho grande do ponto:<\/strong>\u00a0O tamanho do ponto de 12x12 mm permite um tratamento r\u00e1pido e eficiente de \u00e1reas maiores, como pernas, costas e peito.<\/li>\n<li><strong>Sistema de resfriamento avan\u00e7ado:<\/strong>\u00a0O sistema integrado de resfriamento de ar, \u00e1gua e semicondutores garante o m\u00e1ximo conforto durante o tratamento, minimizando o risco de queimaduras ou desconforto.<\/li>\n<li><strong>Interface amig\u00e1vel:<\/strong>\u00a0A tela sens\u00edvel ao toque digital LCD intuitiva de 8 polegadas oferece f\u00e1cil acesso \u00e0s configura\u00e7\u00f5es e protocolos de tratamento.<\/li>\n<\/ul>\n<h2><img loading=\"lazy\" decoding=\"async\" class=\"aligncenter\" src=\"https:\/\/sc04.alicdn.com\/kf\/H8735921797ee4bcead849429b6d9510cU\/247315878\/H8735921797ee4bcead849429b6d9510cU.png\" width=\"520\" height=\"370\" data-src=\"\/\/sc04.alicdn.com\/kf\/H8735921797ee4bcead849429b6d9510cU\/247315878\/H8735921797ee4bcead849429b6d9510cU.png\" \/><\/h2>\n<h2>Conclus\u00e3o<\/h2>\n<p>A M\u00e1quina de Depila\u00e7\u00e3o a Laser de Diodo de 808 nm representa um avan\u00e7o significativo na tecnologia de depila\u00e7\u00e3o a laser. Experimente a confian\u00e7a que vem com uma pele lisa e sem pelos, alcan\u00e7ada por meio de tratamentos seguros, eficazes e confort\u00e1veis.<\/p>\n<\/div>\n<\/div>\n<div>\n<div>\n<div>\n<div>\n<div>\n<div>\n<h2><strong>Personalizar O Logotipo<\/strong><\/h2>\n<p>Quer fazer sua marca se destacam? N\u00f3s oferecemos o logotipo personalizado servi\u00e7os para ajudar voc\u00ea a criar uma \u00fanica e personalizada logo que reflete a identidade de sua marca. Nossa equipe de especialistas ir\u00e1 trabalhar em estreita colabora\u00e7\u00e3o com voc\u00ea para criar um logotipo que est\u00e1 em conson\u00e2ncia com os valores da sua marca e de mensagens. Se voc\u00ea estiver olhando para renovar o seu logotipo existente ou criar um novo a partir do zero, n\u00f3s temos que cobertas. <a href=\"\/pt\/contato\/\">Contacte-nos<\/a> hoje para saber mais sobre o nosso logotipo personalizado servi\u00e7os!<\/p>\n<\/div>\n<\/div>\n<\/div>\n<\/div>\n<\/div>\n<\/div>","protected":false},"excerpt":{"rendered":"<p>O ponto de congelamento 808 \u00e9 baseado na din\u00e2mica solar-t\u00e9rmica seletiva, por meio do ajuste do comprimento de onda, energia e largura de pulso do laser atrav\u00e9s da pele at\u00e9 os fol\u00edculos pilosos da raiz do cabelo, a energia t\u00e9rmica \u00e9 absorvida e quebra o tecido folicular, promovendo a regenera\u00e7\u00e3o do cabelo. O sistema de remo\u00e7\u00e3o r\u00e1pida de pelos com ponto de congelamento \u00e9 aplicado para prote\u00e7\u00e3o por refrigera\u00e7\u00e3o, podendo elevar a temperatura at\u00e9 -5\u2103, resolvendo muitas dificuldades. Ao mesmo tempo, \u00e9 uma tecnologia segura, r\u00e1pida e permanente.<\/p>","protected":false},"featured_media":1679,"comment_status":"open","ping_status":"closed","template":"","meta":{"_kad_post_transparent":"default","_kad_post_title":"","_kad_post_layout":"default","_kad_post_sidebar_id":"","_kad_post_content_style":"default","_kad_post_vertical_padding":"default","_kad_post_feature":"","_kad_post_feature_position":"","_kad_post_header":false,"_kad_post_footer":false,"_kad_post_classname":"","rank_math_title":"","rank_math_description":"","rank_math_focus_keyword":""},"product_brand":[],"product_cat":[28],"product_tag":[],"class_list":{"0":"post-1678","1":"product","2":"type-product","3":"status-publish","4":"has-post-thumbnail","6":"product_cat-hair-removal","8":"first","9":"instock","10":"shipping-taxable","11":"product-type-simple","12":"entry","13":"content-bg","14":"loop-entry"},"_links":{"self":[{"href":"https:\/\/skbty.com\/pt\/wp-json\/wp\/v2\/product\/1678","targetHints":{"allow":["GET"]}}],"collection":[{"href":"https:\/\/skbty.com\/pt\/wp-json\/wp\/v2\/product"}],"about":[{"href":"https:\/\/skbty.com\/pt\/wp-json\/wp\/v2\/types\/product"}],"replies":[{"embeddable":true,"href":"https:\/\/skbty.com\/pt\/wp-json\/wp\/v2\/comments?post=1678"}],"wp:featuredmedia":[{"embeddable":true,"href":"https:\/\/skbty.com\/pt\/wp-json\/wp\/v2\/media\/1679"}],"wp:attachment":[{"href":"https:\/\/skbty.com\/pt\/wp-json\/wp\/v2\/media?parent=1678"}],"wp:term":[{"taxonomy":"product_brand","embeddable":true,"href":"https:\/\/skbty.com\/pt\/wp-json\/wp\/v2\/product_brand?post=1678"},{"taxonomy":"product_cat","embeddable":true,"href":"https:\/\/skbty.com\/pt\/wp-json\/wp\/v2\/product_cat?post=1678"},{"taxonomy":"product_tag","embeddable":true,"href":"https:\/\/skbty.com\/pt\/wp-json\/wp\/v2\/product_tag?post=1678"}],"curies":[{"name":"Wp","href":"https:\/\/api.w.org\/{rel}","templated":true}]}}