{"id":1727,"date":"2023-06-13T15:04:55","date_gmt":"2023-06-13T07:04:55","guid":{"rendered":"https:\/\/skbty.com\/?post_type=product&#038;p=1727"},"modified":"2024-06-25T17:40:50","modified_gmt":"2024-06-25T09:40:50","slug":"dispositivo-de-remocao-de-pelos-com-diodo-laser-alexandrita-de-755-nm-e-1064-nm","status":"publish","type":"product","link":"https:\/\/skbty.com\/pt\/product\/dispositivo-de-remocao-de-pelos-com-diodo-laser-alexandrita-de-755-nm-e-1064-nm\/","title":{"rendered":"Dispositivo de remo\u00e7\u00e3o de pelos com diodo laser Alexandrite 755nm\/1064nm"},"content":{"rendered":"<div>\n<h2>Dispositivo de remo\u00e7\u00e3o de pelos com diodo laser Alexandrite de 755 nm\/1064 nm: obtenha uma pele lisa e sem pelos com confian\u00e7a<\/h2>\n<h2>Introdu\u00e7\u00e3o<\/h2>\n<p>Experimente o padr\u00e3o ouro em remo\u00e7\u00e3o de pelos a laser com o avan\u00e7ado dispositivo de remo\u00e7\u00e3o de pelos de diodo laser Alexandrite 755nm\/1064nm. Este dispositivo de ponta combina o poder de dois comprimentos de onda altamente eficazes \u2013 Alexandrite (755nm) e Nd:YAG (1064nm) \u2013 para fornecer resultados excepcionais e duradouros de remo\u00e7\u00e3o de pelos para todos os tipos de pele.<\/p>\n<h2><img loading=\"lazy\" decoding=\"async\" class=\"aligncenter\" src=\"https:\/\/sc04.alicdn.com\/kf\/H88b2ae692b4d46a283e08d2f6019873d6\/247315878\/H88b2ae692b4d46a283e08d2f6019873d6.png\" width=\"409\" height=\"433\" data-src=\"\/\/sc04.alicdn.com\/kf\/H88b2ae692b4d46a283e08d2f6019873d6\/247315878\/H88b2ae692b4d46a283e08d2f6019873d6.png\" \/><\/h2>\n<h2>A ci\u00eancia por tr\u00e1s da remo\u00e7\u00e3o de pelos de comprimento de onda duplo<\/h2>\n<h3>Visando fol\u00edculos capilares com precis\u00e3o<\/h3>\n<p>Este dispositivo inovador utiliza as propriedades exclusivas de dois comprimentos de onda do laser para atingir e desativar efetivamente os fol\u00edculos capilares:<\/p>\n<ol>\n<li><strong>Laser de Alexandrita (755 nm):<\/strong>\u00a0Ideal para atingir a melanina em tipos de pele mais claros (I-III), o comprimento de onda de 755 nm \u00e9 altamente absorvido pela melanina no fol\u00edculo piloso, fornecendo energia que efetivamente desabilita a capacidade do fol\u00edculo de regenerar o cabelo.<\/li>\n<li><strong>Laser Nd:YAG (1064 nm):<\/strong>\u00a0Tratando com seguran\u00e7a e efic\u00e1cia os tipos de pele mais escura (IV-VI), o comprimento de onda de 1064 nm penetra mais profundamente na pele para atingir a melanina, minimizando o risco de hiperpigmenta\u00e7\u00e3o (escurecimento da pele).<\/li>\n<\/ol>\n<h3>Benef\u00edcios dos comprimentos de onda duplos<\/h3>\n<p>Essa abordagem de comprimento de onda duplo oferece diversas vantagens importantes:<\/p>\n<ul>\n<li><strong>Versatilidade para todos os tipos de pele:<\/strong>\u00a0Trate com seguran\u00e7a e efic\u00e1cia uma ampla variedade de tons de pele, de clara a escura.<\/li>\n<li><strong>Tratamento direcionado:<\/strong>\u00a0Os comprimentos de onda espec\u00edficos t\u00eam como alvo a melanina no fol\u00edculo piloso, deixando a pele ao redor ilesa.<\/li>\n<li><strong>Resultados duradouros:<\/strong>\u00a0Experimente uma redu\u00e7\u00e3o significativa nos pelos indesejados ap\u00f3s uma s\u00e9rie de tratamentos.<\/li>\n<\/ul>\n<h2>Experimente a diferen\u00e7a do laser Alexandrite<\/h2>\n<h3>Desbloqueando uma pele lisa e sem pelos<\/h3>\n<p>Este dispositivo avan\u00e7ado de depila\u00e7\u00e3o a laser oferece uma s\u00e9rie de benef\u00edcios:<\/p>\n<ul>\n<li><strong>Tratamentos r\u00e1pidos e eficientes:<\/strong>\u00a0O grande tamanho do ponto (6-18 mm) e a alta pot\u00eancia de sa\u00edda (2000 W) permitem o tratamento r\u00e1pido de grandes \u00e1reas, como costas, pernas e peito.<\/li>\n<li><strong>Conforto aprimorado com resfriamento DCD:<\/strong>\u00a0A inovadora tecnologia do Dispositivo de Resfriamento Din\u00e2mico (DCD) fornece um fluxo cont\u00ednuo de ar frio para a \u00e1rea de tratamento, minimizando o desconforto e protegendo a pele dos danos causados pelo calor.<\/li>\n<li><strong>Seguro e eficaz para todos os tipos de pele:<\/strong>\u00a0O sistema de comprimento de onda duplo e as configura\u00e7\u00f5es ajust\u00e1veis permitem um tratamento seguro e eficaz em uma ampla variedade de tons de pele.<\/li>\n<li><strong>Redu\u00e7\u00e3o de pelos a longo prazo:<\/strong>\u00a0Desfrute de uma pele lisa e sem pelos por meses ou at\u00e9 anos ap\u00f3s concluir uma s\u00e9rie de tratamentos.<\/li>\n<\/ul>\n<h2>Conclus\u00e3o<\/h2>\n<p>O dispositivo de remo\u00e7\u00e3o de pelos de diodo laser Alexandrite 755nm\/1064nm \u00e9 a solu\u00e7\u00e3o definitiva para obter resultados duradouros de remo\u00e7\u00e3o de pelos com conforto e seguran\u00e7a excepcionais. Experimente a confian\u00e7a que vem com uma pele lisa e sem pelos!<\/p>\n<\/div>\n<div>\n<div>\n<div>\n<h2><strong>Personalizar O Logotipo<\/strong><\/h2>\n<p>Quer fazer sua marca se destacam? N\u00f3s oferecemos o logotipo personalizado servi\u00e7os para ajudar voc\u00ea a criar uma \u00fanica e personalizada logo que reflete a identidade de sua marca. Nossa equipe de especialistas ir\u00e1 trabalhar em estreita colabora\u00e7\u00e3o com voc\u00ea para criar um logotipo que est\u00e1 em conson\u00e2ncia com os valores da sua marca e de mensagens. Se voc\u00ea estiver olhando para renovar o seu logotipo existente ou criar um novo a partir do zero, n\u00f3s temos que cobertas. <a href=\"\/pt\/contato\/\">Contacte-nos<\/a> hoje para saber mais sobre o nosso logotipo personalizado servi\u00e7os!<\/p>\n<\/div>\n<\/div>\n<div>\n<div>\n<div>\n<div><\/div>\n<\/div>\n<\/div>\n<\/div>\n<\/div>","protected":false},"excerpt":{"rendered":"<p><span class=\"magic-15\" style=\"font-family: Verdana;\"><span data-spm-anchor-id=\"a2700.details.0.i31.54a41f7d82ZBtQ\">Laser Alexandrite 755 nm e pulso longo ND Yag 1064, o melhor pico de absor\u00e7\u00e3o do comprimento de onda da melanina, papel espec\u00edfico direto no fol\u00edculo piloso nas c\u00e9lulas do melanoma, capacidade especialmente forte para pelos, especialmente para remo\u00e7\u00e3o parcial de pelos pretos e densos da cor da pele.<\/span><\/span><\/p>\n<p><span class=\"magic-15\" style=\"font-family: Verdana;\">Ponto grande, alta velocidade, encurta o tempo de tratamento 4-5 vezes. Dez minutos al\u00e9m da remo\u00e7\u00e3o de pelos de grande \u00e1rea, 3-5 minutos para remover pequenas \u00e1reas de pelos, especialmente para remo\u00e7\u00e3o de pelos de grande \u00e1rea.<\/span><\/p>","protected":false},"featured_media":1733,"comment_status":"open","ping_status":"closed","template":"","meta":{"_kad_post_transparent":"default","_kad_post_title":"","_kad_post_layout":"default","_kad_post_sidebar_id":"","_kad_post_content_style":"default","_kad_post_vertical_padding":"default","_kad_post_feature":"","_kad_post_feature_position":"","_kad_post_header":false,"_kad_post_footer":false,"_kad_post_classname":"","rank_math_title":"","rank_math_description":"","rank_math_focus_keyword":""},"product_brand":[],"product_cat":[28],"product_tag":[],"class_list":{"0":"post-1727","1":"product","2":"type-product","3":"status-publish","4":"has-post-thumbnail","6":"product_cat-hair-removal","8":"first","9":"instock","10":"shipping-taxable","11":"product-type-simple","12":"entry","13":"content-bg","14":"loop-entry"},"_links":{"self":[{"href":"https:\/\/skbty.com\/pt\/wp-json\/wp\/v2\/product\/1727","targetHints":{"allow":["GET"]}}],"collection":[{"href":"https:\/\/skbty.com\/pt\/wp-json\/wp\/v2\/product"}],"about":[{"href":"https:\/\/skbty.com\/pt\/wp-json\/wp\/v2\/types\/product"}],"replies":[{"embeddable":true,"href":"https:\/\/skbty.com\/pt\/wp-json\/wp\/v2\/comments?post=1727"}],"wp:featuredmedia":[{"embeddable":true,"href":"https:\/\/skbty.com\/pt\/wp-json\/wp\/v2\/media\/1733"}],"wp:attachment":[{"href":"https:\/\/skbty.com\/pt\/wp-json\/wp\/v2\/media?parent=1727"}],"wp:term":[{"taxonomy":"product_brand","embeddable":true,"href":"https:\/\/skbty.com\/pt\/wp-json\/wp\/v2\/product_brand?post=1727"},{"taxonomy":"product_cat","embeddable":true,"href":"https:\/\/skbty.com\/pt\/wp-json\/wp\/v2\/product_cat?post=1727"},{"taxonomy":"product_tag","embeddable":true,"href":"https:\/\/skbty.com\/pt\/wp-json\/wp\/v2\/product_tag?post=1727"}],"curies":[{"name":"Wp","href":"https:\/\/api.w.org\/{rel}","templated":true}]}}