{"id":1735,"date":"2023-06-13T15:16:18","date_gmt":"2023-06-13T07:16:18","guid":{"rendered":"https:\/\/skbty.com\/?post_type=product&#038;p=1735"},"modified":"2024-06-25T17:33:05","modified_gmt":"2024-06-25T09:33:05","slug":"maquina-de-remocao-de-tatuagem-a-laser-picosegundo-3","status":"publish","type":"product","link":"https:\/\/skbty.com\/pt\/product\/maquina-de-remocao-de-tatuagem-a-laser-picosegundo-3\/","title":{"rendered":"M\u00e1quina de remo\u00e7\u00e3o de tatuagem a laser picosegundo"},"content":{"rendered":"<div>\n<div>\n<h2>M\u00e1quina de remo\u00e7\u00e3o de tatuagem a laser picosegundo: apague o passado, sem tinta e sem preocupa\u00e7\u00f5es<\/h2>\n<h2>Introdu\u00e7\u00e3o<\/h2>\n<p>Experimente o futuro da remo\u00e7\u00e3o de tatuagens com a m\u00e1quina de remo\u00e7\u00e3o de tatuagens a laser Picosecond de \u00faltima gera\u00e7\u00e3o. Este dispositivo avan\u00e7ado aproveita o poder dos pulsos de laser de picosecond ultracurtos para quebrar a tinta da tatuagem em part\u00edculas min\u00fasculas, oferecendo resultados mais r\u00e1pidos, seguros e eficazes do que os m\u00e9todos tradicionais de remo\u00e7\u00e3o de tatuagens a laser.<\/p>\n<h2><img loading=\"lazy\" decoding=\"async\" class=\"aligncenter\" title=\"Remo\u00e7\u00e3o de tatuagem a laser picosegundo\" src=\"https:\/\/sc04.alicdn.com\/kf\/H68721aeda8ab44358da2f2065bc74f65g\/247315878\/H68721aeda8ab44358da2f2065bc74f65g.png\" alt=\"Remo\u00e7\u00e3o de tatuagem a laser picosegundo\" width=\"607\" height=\"424\" data-src=\"\/\/sc04.alicdn.com\/kf\/H68721aeda8ab44358da2f2065bc74f65g\/247315878\/H68721aeda8ab44358da2f2065bc74f65g.png\" \/><\/h2>\n<h2>A vantagem do picosegundo: revolucionando a remo\u00e7\u00e3o de tatuagens<\/h2>\n<h3>Como funciona: quebrando tinta com precis\u00e3o<\/h3>\n<p>Ao contr\u00e1rio dos lasers tradicionais que dependem do calor para quebrar a tinta da tatuagem, os lasers de picosegundos fornecem energia em rajadas ultracurtas (trilion\u00e9simos de segundo). Essa r\u00e1pida entrega de energia cria um efeito fotoac\u00fastico, quebrando part\u00edculas de tinta em uma poeira fina que \u00e9 facilmente eliminada pelos processos naturais do corpo.<\/p>\n<h3><img loading=\"lazy\" decoding=\"async\" class=\"aligncenter\" title=\"Remo\u00e7\u00e3o de tatuagem a laser picosegundo\" src=\"https:\/\/sc04.alicdn.com\/kf\/H46ed6c2cdc78454ab4dfe600bbef7631y\/247315878\/H46ed6c2cdc78454ab4dfe600bbef7631y.png\" alt=\"Remo\u00e7\u00e3o de tatuagem a laser picosegundo\" width=\"614\" height=\"419\" data-src=\"\/\/sc04.alicdn.com\/kf\/H46ed6c2cdc78454ab4dfe600bbef7631y\/247315878\/H46ed6c2cdc78454ab4dfe600bbef7631y.png\" \/><\/h3>\n<h3>Benef\u00edcios do Picosegundo em rela\u00e7\u00e3o aos Lasers Tradicionais<\/h3>\n<p>A vantagem do picossegundo se traduz em uma s\u00e9rie de benef\u00edcios:<\/p>\n<ul>\n<li><strong>Quebra de tinta aprimorada:<\/strong>\u00a0Os pulsos de picossegundos quebram a tinta da tatuagem com mais efici\u00eancia do que os lasers de nanossegundos, resultando em desbotamento mais r\u00e1pido e menos sess\u00f5es de tratamento.<\/li>\n<li><strong>Risco reduzido de cicatrizes:<\/strong>\u00a0A dura\u00e7\u00e3o ultracurta do pulso minimiza o ac\u00famulo de calor na pele, reduzindo significativamente o risco de queimaduras, cicatrizes ou hipopigmenta\u00e7\u00e3o (clareamento da pele).<\/li>\n<li><strong>Remo\u00e7\u00e3o de tatuagem vers\u00e1til:<\/strong>\u00a0Atua com efic\u00e1cia em uma ampla variedade de cores de tinta de tatuagem, incluindo cores dif\u00edceis como azul e verde.<\/li>\n<li><strong>Seguro para todos os tipos de pele:<\/strong>\u00a0Adequado para uma ampla gama de tons de pele, incluindo tipos de pele mais escura.<\/li>\n<\/ul>\n<h2><img loading=\"lazy\" decoding=\"async\" class=\"aligncenter\" title=\"Remo\u00e7\u00e3o de tatuagem a laser picosegundo\" src=\"https:\/\/sc04.alicdn.com\/kf\/H22f2900271704371b6a53c02b05dfb25r\/247315878\/H22f2900271704371b6a53c02b05dfb25r.png\" alt=\"Remo\u00e7\u00e3o de tatuagem a laser picosegundo\" width=\"622\" height=\"460\" data-src=\"\/\/sc04.alicdn.com\/kf\/H22f2900271704371b6a53c02b05dfb25r\/247315878\/H22f2900271704371b6a53c02b05dfb25r.png\" \/><\/h2>\n<h2>Experimente a diferen\u00e7a: por que escolher esta m\u00e1quina?<\/h2>\n<h3>Recursos avan\u00e7ados para resultados ideais<\/h3>\n<p>Esta m\u00e1quina de remo\u00e7\u00e3o de tatuagem a laser picossegundo \u00e9 equipada com recursos que a diferenciam:<\/p>\n<ul>\n<li><strong>Alta pot\u00eancia de sa\u00edda:<\/strong>\u00a0A pot\u00eancia do laser de 2000 W garante uma decomposi\u00e7\u00e3o potente e eficiente da tinta de tatuagem.<\/li>\n<li><strong>Tamanho do ponto ajust\u00e1vel:<\/strong>\u00a0Tatuagens de v\u00e1rios tamanhos com precis\u00e3o usando o tamanho de ponto ajust\u00e1vel (2-10 mm).<\/li>\n<li><strong>V\u00e1rios comprimentos de onda:<\/strong>\u00a0Os comprimentos de onda de 1064 nm, 532 nm e 785 nm atingem efetivamente um amplo espectro de cores de tinta de tatuagem.<\/li>\n<li><strong>N\u00edveis de energia ajust\u00e1veis:<\/strong>\u00a0Personalize tratamentos para obter resultados ideais com base na cor da tinta, profundidade e tipo de pele.<\/li>\n<li><strong>Sistema de resfriamento avan\u00e7ado:<\/strong>\u00a0O sistema de resfriamento do m\u00f3dulo de ar, \u00e1gua e semicondutor garante o m\u00e1ximo conforto durante o tratamento.<\/li>\n<li><strong>Bra\u00e7o guia de luz importado:<\/strong>\u00a0O bra\u00e7o guia de luz de alta qualidade da Coreia do Sul garante fornecimento preciso de energia para resultados ideais.<\/li>\n<\/ul>\n<h2><img loading=\"lazy\" decoding=\"async\" class=\"aligncenter\" title=\"Remo\u00e7\u00e3o de tatuagem a laser picosegundo\" src=\"https:\/\/sc04.alicdn.com\/kf\/H66380961817f4532b0a22c6c8b4abf39Z\/247315878\/H66380961817f4532b0a22c6c8b4abf39Z.png\" alt=\"Remo\u00e7\u00e3o de tatuagem a laser picosegundo\" width=\"682\" height=\"432\" data-src=\"\/\/sc04.alicdn.com\/kf\/H66380961817f4532b0a22c6c8b4abf39Z\/247315878\/H66380961817f4532b0a22c6c8b4abf39Z.png\" \/><\/h2>\n<h2>Conclus\u00e3o<\/h2>\n<p>A M\u00e1quina de Remo\u00e7\u00e3o de Tatuagem a Laser Picosecond representa um avan\u00e7o significativo na tecnologia de remo\u00e7\u00e3o de tatuagem. Experimente uma remo\u00e7\u00e3o de tatuagem mais r\u00e1pida, segura e eficaz com tempo de inatividade m\u00ednimo. Abrace um futuro livre de tinta indesejada!<\/p>\n<\/div>\n<\/div>\n<div>\n<div>\n<div>\n<div>\n<div><\/div>\n<\/div>\n<\/div>\n<\/div>\n<\/div>\n<div>\n<div>\n<div>\n<div>\n<div>\n<div>\n<div>\n<div>\n<div>\n<h2><strong>Personalizar O Logotipo<\/strong><\/h2>\n<p>Quer fazer sua marca se destacam? N\u00f3s oferecemos o logotipo personalizado servi\u00e7os para ajudar voc\u00ea a criar uma \u00fanica e personalizada logo que reflete a identidade de sua marca. Nossa equipe de especialistas ir\u00e1 trabalhar em estreita colabora\u00e7\u00e3o com voc\u00ea para criar um logotipo que est\u00e1 em conson\u00e2ncia com os valores da sua marca e de mensagens. Se voc\u00ea estiver olhando para renovar o seu logotipo existente ou criar um novo a partir do zero, n\u00f3s temos que cobertas. <a href=\"\/pt\/contato\/\">Contacte-nos<\/a> hoje para saber mais sobre o nosso logotipo personalizado servi\u00e7os!<\/p>\n<\/div>\n<\/div>\n<\/div>\n<\/div>\n<\/div>\n<\/div>\n<\/div>\n<\/div>\n<\/div>","protected":false},"excerpt":{"rendered":"<p>O laser de picosegundo usa um modo de sa\u00edda de pulso muito curto, em vez de uma onda de choque mec\u00e2nica leve, o pigmento \u00e9 quebrado em granular fino por meio de energia focada, com maior probabilidade de ser absorvido pelo metabolismo do corpo. O laser de picosegundo minimizar\u00e1 os efeitos colaterais do efeito t\u00e9rmico, pode atingir o objetivo de quase resolver todos os tipos de manchas de pigmento, \u00e9 melhor do que o laser tradicional.<\/p>","protected":false},"featured_media":1742,"comment_status":"open","ping_status":"closed","template":"","meta":{"_kad_post_transparent":"default","_kad_post_title":"","_kad_post_layout":"default","_kad_post_sidebar_id":"","_kad_post_content_style":"default","_kad_post_vertical_padding":"default","_kad_post_feature":"","_kad_post_feature_position":"","_kad_post_header":false,"_kad_post_footer":false,"_kad_post_classname":"","rank_math_title":"","rank_math_description":"","rank_math_focus_keyword":""},"product_brand":[],"product_cat":[29],"product_tag":[],"class_list":{"0":"post-1735","1":"product","2":"type-product","3":"status-publish","4":"has-post-thumbnail","6":"product_cat-pico-laser","8":"first","9":"instock","10":"shipping-taxable","11":"product-type-simple","12":"entry","13":"content-bg","14":"loop-entry"},"_links":{"self":[{"href":"https:\/\/skbty.com\/pt\/wp-json\/wp\/v2\/product\/1735","targetHints":{"allow":["GET"]}}],"collection":[{"href":"https:\/\/skbty.com\/pt\/wp-json\/wp\/v2\/product"}],"about":[{"href":"https:\/\/skbty.com\/pt\/wp-json\/wp\/v2\/types\/product"}],"replies":[{"embeddable":true,"href":"https:\/\/skbty.com\/pt\/wp-json\/wp\/v2\/comments?post=1735"}],"wp:featuredmedia":[{"embeddable":true,"href":"https:\/\/skbty.com\/pt\/wp-json\/wp\/v2\/media\/1742"}],"wp:attachment":[{"href":"https:\/\/skbty.com\/pt\/wp-json\/wp\/v2\/media?parent=1735"}],"wp:term":[{"taxonomy":"product_brand","embeddable":true,"href":"https:\/\/skbty.com\/pt\/wp-json\/wp\/v2\/product_brand?post=1735"},{"taxonomy":"product_cat","embeddable":true,"href":"https:\/\/skbty.com\/pt\/wp-json\/wp\/v2\/product_cat?post=1735"},{"taxonomy":"product_tag","embeddable":true,"href":"https:\/\/skbty.com\/pt\/wp-json\/wp\/v2\/product_tag?post=1735"}],"curies":[{"name":"Wp","href":"https:\/\/api.w.org\/{rel}","templated":true}]}}