{"id":1771,"date":"2023-06-13T18:22:09","date_gmt":"2023-06-13T10:22:09","guid":{"rendered":"https:\/\/skbty.com\/?post_type=product&#038;p=1771"},"modified":"2024-06-25T16:49:31","modified_gmt":"2024-06-25T08:49:31","slug":"maquina-de-emagrecimento-corporal-de-escultura-quente","status":"publish","type":"product","link":"https:\/\/skbty.com\/pt\/product\/maquina-de-emagrecimento-corporal-de-escultura-quente\/","title":{"rendered":"M\u00e1quina de emagrecimento corporal Hot Sculpting"},"content":{"rendered":"<div>\n<div>\n<h2><strong>M\u00e1quina de escultura a quente: esculpa seu corpo sem esfor\u00e7o com tecnologia RF n\u00e3o invasiva<\/strong><\/h2>\n<h2>Introdu\u00e7\u00e3o<\/h2>\n<p>Experimente o futuro do contorno corporal com a revolucion\u00e1ria Hot Sculpting Machine. Este dispositivo de ponta utiliza tecnologia avan\u00e7ada de radiofrequ\u00eancia (RF) para atingir e reduzir gordura teimosa, esticar a pele e esculpir seu corpo em sua forma mais confiante \u2013 tudo sem cirurgia, tempo de inatividade ou desconforto.<\/p>\n<h2><img loading=\"lazy\" decoding=\"async\" class=\"aligncenter\" title=\"M\u00e1quina de escultura a quente\" src=\"https:\/\/sc04.alicdn.com\/kf\/H461dc4bc3085498693393293e6225d52K\/247315878\/H461dc4bc3085498693393293e6225d52K.jpg\" alt=\"M\u00e1quina de escultura a quente\" width=\"455\" height=\"674\" data-src=\"\/\/sc04.alicdn.com\/kf\/H461dc4bc3085498693393293e6225d52K\/247315878\/H461dc4bc3085498693393293e6225d52K.jpg\" \/><\/h2>\n<h2>O poder da escultura a quente: como funciona<\/h2>\n<h3>RF monopolar n\u00e3o invasivo para redu\u00e7\u00e3o de gordura direcionada<\/h3>\n<p>A Hot Sculpting Machine aproveita o poder da energia RF monopolar, um m\u00e9todo seguro e eficaz para atingir resultados percept\u00edveis de contorno corporal. Veja como funciona:<\/p>\n<ol>\n<li><strong>Aquecimento de Tecidos Profundos:<\/strong>\u00a0O dispositivo emite ondas de RF precisas que penetram profundamente na camada de gordura subcut\u00e2nea (a camada de gordura logo abaixo da pele).<\/li>\n<li><strong>Destrui\u00e7\u00e3o de c\u00e9lulas de gordura direcionada:<\/strong>\u00a0A energia de RF aquece as c\u00e9lulas de gordura, elevando sua temperatura a um ponto em que elas sofrem apoptose (morte celular natural) sem danificar os tecidos circundantes.<\/li>\n<li><strong>Remo\u00e7\u00e3o Natural de Gordura:<\/strong>\u00a0O sistema linf\u00e1tico do seu corpo processa e elimina naturalmente as c\u00e9lulas de gordura destru\u00eddas ao longo do tempo, resultando em uma apar\u00eancia mais magra e esculpida.<\/li>\n<\/ol>\n<h2><img loading=\"lazy\" decoding=\"async\" class=\"aligncenter\" title=\"M\u00e1quina de escultura a quente\" src=\"https:\/\/sc04.alicdn.com\/kf\/H6b2416d416e64645ace99220e02f37164\/247315878\/H6b2416d416e64645ace99220e02f37164.jpg\" alt=\"M\u00e1quina de escultura a quente\" width=\"561\" height=\"1126\" data-src=\"\/\/sc04.alicdn.com\/kf\/H6b2416d416e64645ace99220e02f37164\/247315878\/H6b2416d416e64645ace99220e02f37164.jpg\" \/><\/h2>\n<h2>Benef\u00edcios da escultura a quente: experimente a transforma\u00e7\u00e3o<\/h2>\n<h3>Alcance seus objetivos corporais com facilidade<\/h3>\n<p>A m\u00e1quina de escultura a quente oferece uma ampla gama de benef\u00edcios que a tornam uma escolha superior para contorno corporal:<\/p>\n<ul>\n<li><strong>N\u00e3o invasivo e indolor:<\/strong>\u00a0Desfrute de uma experi\u00eancia de tratamento confort\u00e1vel sem a necessidade de agulhas, incis\u00f5es ou anestesia.<\/li>\n<li><strong>Seguro e eficaz:<\/strong>\u00a0A m\u00e1quina de escultura a quente utiliza tecnologia clinicamente comprovada e controle de temperatura em tempo real para garantir um tratamento seguro e eficaz.<\/li>\n<li><strong>Tratamento personalizado:<\/strong>\u00a0O dispositivo pode ser personalizado para atingir \u00e1reas espec\u00edficas de preocupa\u00e7\u00e3o, incluindo abd\u00f4men, bra\u00e7os, pernas, rosto e muito mais.<\/li>\n<li><strong>\u00c1reas de tratamento simult\u00e2neo:<\/strong>\u00a0Trate v\u00e1rias \u00e1reas do seu corpo ao mesmo tempo, maximizando a efici\u00eancia e os resultados.<\/li>\n<li><strong>Sem tempo de inatividade:<\/strong>\u00a0Retorne \u00e0s suas atividades di\u00e1rias imediatamente ap\u00f3s a sess\u00e3o de tratamento.<\/li>\n<li><strong>Resultados duradouros:<\/strong>\u00a0Com um estilo de vida saud\u00e1vel, os resultados do Hot Sculpting podem durar meses ou at\u00e9 anos.<\/li>\n<\/ul>\n<table style=\"border-collapse: collapse; width: 100%;\">\n<tbody>\n<tr>\n<td style=\"width: 50%;\"><img loading=\"lazy\" decoding=\"async\" class=\"aligncenter\" title=\"M\u00e1quina de escultura a quente\" src=\"https:\/\/sc04.alicdn.com\/kf\/H6f119de25b0645a28c04655865ea68d5T\/247315878\/H6f119de25b0645a28c04655865ea68d5T.jpg\" alt=\"M\u00e1quina de escultura a quente\" width=\"406\" height=\"708\" data-src=\"\/\/sc04.alicdn.com\/kf\/H6f119de25b0645a28c04655865ea68d5T\/247315878\/H6f119de25b0645a28c04655865ea68d5T.jpg\" data-spm-anchor-id=\"a2700.details.0.i50.7be628c5jGYoTf\" \/><\/td>\n<td style=\"width: 50%;\"><img loading=\"lazy\" decoding=\"async\" class=\"aligncenter\" title=\"M\u00e1quina de escultura a quente\" src=\"https:\/\/sc04.alicdn.com\/kf\/Hcf8c631ba8074b039d316f48594a26bew\/247315878\/Hcf8c631ba8074b039d316f48594a26bew.jpg\" alt=\"M\u00e1quina de escultura a quente\" width=\"346\" height=\"742\" data-src=\"\/\/sc04.alicdn.com\/kf\/Hcf8c631ba8074b039d316f48594a26bew\/247315878\/Hcf8c631ba8074b039d316f48594a26bew.jpg\" \/><\/td>\n<\/tr>\n<\/tbody>\n<\/table>\n<h2>Escultura a quente: apoiada pela ci\u00eancia<\/h2>\n<h3>Resultados clinicamente comprovados nos quais voc\u00ea pode confiar<\/h3>\n<p>A efic\u00e1cia da M\u00e1quina de Escultura a Quente \u00e9 apoiada por extensas pesquisas cl\u00ednicas e estudos histol\u00f3gicos:<\/p>\n<ul>\n<li><strong>Redu\u00e7\u00e3o de gordura:<\/strong>\u00a0Estudos demonstraram uma redu\u00e7\u00e3o m\u00e9dia de gordura de 26% em \u00e1reas tratadas ap\u00f3s uma s\u00e9rie de sess\u00f5es de Hot Sculpting.<\/li>\n<li><strong>Estimula\u00e7\u00e3o de col\u00e1geno:<\/strong>\u00a0A energia de RF tamb\u00e9m estimula a produ\u00e7\u00e3o de col\u00e1geno, resultando em uma pele mais firme, firme e com apar\u00eancia mais jovem.<\/li>\n<\/ul>\n<h2>Conclus\u00e3o<\/h2>\n<p>A Hot Sculpting Machine est\u00e1 revolucionando a maneira como abordamos o contorno corporal. Esta tecnologia inovadora oferece uma maneira segura, eficaz e confort\u00e1vel de atingir o formato corporal desejado com resultados duradouros. Diga adeus \u00e0 gordura teimosa e ol\u00e1 a uma voc\u00ea mais confiante com o poder transformador da Hot Sculpting.<\/p>\n<\/div>\n<\/div>\n<div>\n<div>\n<div>\n<div>\n<h2><strong>Personalizar O Logotipo<\/strong><\/h2>\n<p>Quer fazer sua marca se destacam? N\u00f3s oferecemos o logotipo personalizado servi\u00e7os para ajudar voc\u00ea a criar uma \u00fanica e personalizada logo que reflete a identidade de sua marca. Nossa equipe de especialistas ir\u00e1 trabalhar em estreita colabora\u00e7\u00e3o com voc\u00ea para criar um logotipo que est\u00e1 em conson\u00e2ncia com os valores da sua marca e de mensagens. Se voc\u00ea estiver olhando para renovar o seu logotipo existente ou criar um novo a partir do zero, n\u00f3s temos que cobertas. <a href=\"\/pt\/contato\/\">Contacte-nos<\/a> hoje para saber mais sobre o nosso logotipo personalizado servi\u00e7os!<\/p>\n<\/div>\n<\/div>\n<div>\n<div>\n<div>\n<div><\/div>\n<\/div>\n<\/div>\n<\/div>\n<\/div>\n<\/div>","protected":false},"excerpt":{"rendered":"<p>Descubra a Hot Sculpting Machine \u2013 a solu\u00e7\u00e3o de contorno corporal n\u00e3o invasiva que voc\u00ea estava esperando! Esta tecnologia revolucion\u00e1ria de RF derrete gordura e estica a pele, revelando um voc\u00ea mais magro e esculpido. Saiba mais e agende sua consulta hoje mesmo!<\/p>","protected":false},"featured_media":1809,"comment_status":"open","ping_status":"closed","template":"","meta":{"_kad_post_transparent":"default","_kad_post_title":"","_kad_post_layout":"default","_kad_post_sidebar_id":"","_kad_post_content_style":"default","_kad_post_vertical_padding":"default","_kad_post_feature":"","_kad_post_feature_position":"","_kad_post_header":false,"_kad_post_footer":false,"_kad_post_classname":"","rank_math_title":"","rank_math_description":"","rank_math_focus_keyword":""},"product_brand":[],"product_cat":[31],"product_tag":[],"class_list":{"0":"post-1771","1":"product","2":"type-product","3":"status-publish","4":"has-post-thumbnail","6":"product_cat-body-slimming","8":"first","9":"instock","10":"shipping-taxable","11":"product-type-simple","12":"entry","13":"content-bg","14":"loop-entry"},"_links":{"self":[{"href":"https:\/\/skbty.com\/pt\/wp-json\/wp\/v2\/product\/1771","targetHints":{"allow":["GET"]}}],"collection":[{"href":"https:\/\/skbty.com\/pt\/wp-json\/wp\/v2\/product"}],"about":[{"href":"https:\/\/skbty.com\/pt\/wp-json\/wp\/v2\/types\/product"}],"replies":[{"embeddable":true,"href":"https:\/\/skbty.com\/pt\/wp-json\/wp\/v2\/comments?post=1771"}],"wp:featuredmedia":[{"embeddable":true,"href":"https:\/\/skbty.com\/pt\/wp-json\/wp\/v2\/media\/1809"}],"wp:attachment":[{"href":"https:\/\/skbty.com\/pt\/wp-json\/wp\/v2\/media?parent=1771"}],"wp:term":[{"taxonomy":"product_brand","embeddable":true,"href":"https:\/\/skbty.com\/pt\/wp-json\/wp\/v2\/product_brand?post=1771"},{"taxonomy":"product_cat","embeddable":true,"href":"https:\/\/skbty.com\/pt\/wp-json\/wp\/v2\/product_cat?post=1771"},{"taxonomy":"product_tag","embeddable":true,"href":"https:\/\/skbty.com\/pt\/wp-json\/wp\/v2\/product_tag?post=1771"}],"curies":[{"name":"Wp","href":"https:\/\/api.w.org\/{rel}","templated":true}]}}