{"id":1824,"date":"2023-06-14T16:32:05","date_gmt":"2023-06-14T08:32:05","guid":{"rendered":"https:\/\/skbty.com\/?post_type=product&#038;p=1824"},"modified":"2024-06-25T16:16:25","modified_gmt":"2024-06-25T08:16:25","slug":"maquina-de-escultura-corporal-hiemt-portatil-com-2-alcas","status":"publish","type":"product","link":"https:\/\/skbty.com\/pt\/product\/maquina-de-escultura-corporal-hiemt-portatil-com-2-alcas\/","title":{"rendered":"M\u00e1quina de escultura corporal HIEMT de 2 al\u00e7as"},"content":{"rendered":"<div>\n<div>\n<div>\n<div>\n<div>\n<h2><strong>M\u00e1quina de escultura corporal HIEMT de 2 al\u00e7as: construa m\u00fasculos e queime gordura simultaneamente<\/strong><\/h2>\n<h2>Introdu\u00e7\u00e3o<\/h2>\n<p>Imagine um treino que constr\u00f3i m\u00fasculos e queima gordura ao mesmo tempo, tudo sem que voc\u00ea tenha que suar. Essa \u00e9 a promessa da tecnologia High-Intensity Electromagnetic Muscle Training (HI-EMT). Essa abordagem revolucion\u00e1ria para a modelagem corporal HIEMT utiliza energia eletromagn\u00e9tica focada para induzir contra\u00e7\u00f5es musculares poderosas, levando ao aumento da massa muscular e \u00e0 redu\u00e7\u00e3o da gordura.<\/p>\n<h2><img loading=\"lazy\" decoding=\"async\" class=\"aligncenter\" title=\"De Alta Intensidade Eletromagn\u00e9tica Treinamento Muscular M\u00e1quina\" src=\"https:\/\/sc04.alicdn.com\/kf\/H5f2759d94c574d09a19db1301c0082e1M\/247315878\/H5f2759d94c574d09a19db1301c0082e1M.png\" alt=\"De Alta Intensidade Eletromagn\u00e9tica Treinamento Muscular M\u00e1quina\" width=\"748\" height=\"295\" data-src=\"\/\/sc04.alicdn.com\/kf\/H5f2759d94c574d09a19db1301c0082e1M\/247315878\/H5f2759d94c574d09a19db1301c0082e1M.png\" \/><\/h2>\n<h2>Compreendendo a tecnologia HI-EMT<\/h2>\n<h3>Como funciona o HI-EMT<\/h3>\n<p>A tecnologia HI-EMT utiliza energia eletromagn\u00e9tica focada para penetrar profundamente nos tecidos musculares. Essa energia estimula os neur\u00f4nios motores, desencadeando contra\u00e7\u00f5es musculares intensas que s\u00e3o imposs\u00edveis de serem alcan\u00e7adas por meio de exerc\u00edcios volunt\u00e1rios. Essas contra\u00e7\u00f5es supram\u00e1ximas for\u00e7am os m\u00fasculos a se adaptarem e se fortalecerem, levando ao aumento da massa muscular e da defini\u00e7\u00e3o.<\/p>\n<table style=\"border-collapse: collapse; width: 100%;\">\n<tbody>\n<tr>\n<td style=\"width: 50%;\">\n<h3><img loading=\"lazy\" decoding=\"async\" class=\"aligncenter\" title=\"De Alta Intensidade Eletromagn\u00e9tica Treinamento Muscular M\u00e1quina\" src=\"https:\/\/sc04.alicdn.com\/kf\/H6777279f78a14a9cbac40d1416b3e718L\/247315878\/H6777279f78a14a9cbac40d1416b3e718L.png\" alt=\"De Alta Intensidade Eletromagn\u00e9tica Treinamento Muscular M\u00e1quina\" width=\"407\" height=\"382\" data-src=\"\/\/sc04.alicdn.com\/kf\/H6777279f78a14a9cbac40d1416b3e718L\/247315878\/H6777279f78a14a9cbac40d1416b3e718L.png\" \/><\/h3>\n<\/td>\n<td style=\"width: 50%;\"><img loading=\"lazy\" decoding=\"async\" class=\"aligncenter\" title=\"De Alta Intensidade Eletromagn\u00e9tica Treinamento Muscular M\u00e1quina\" src=\"https:\/\/sc04.alicdn.com\/kf\/Hdac18fa2e3dc4da0bbba6b47f06af7efF\/247315878\/Hdac18fa2e3dc4da0bbba6b47f06af7efF.png\" alt=\"De Alta Intensidade Eletromagn\u00e9tica Treinamento Muscular M\u00e1quina\" width=\"350\" height=\"343\" data-src=\"\/\/sc04.alicdn.com\/kf\/Hdac18fa2e3dc4da0bbba6b47f06af7efF\/247315878\/Hdac18fa2e3dc4da0bbba6b47f06af7efF.png\" \/><\/td>\n<\/tr>\n<\/tbody>\n<\/table>\n<h3>A ci\u00eancia do crescimento muscular e da queima de gordura<\/h3>\n<ul>\n<li><strong>Constru\u00e7\u00e3o muscular:<\/strong>\u00a0As contra\u00e7\u00f5es intensas induzidas pelo HI-EMT for\u00e7am as fibras musculares a passarem por remodela\u00e7\u00e3o e crescimento. Esse processo, conhecido como hipertrofia, resulta em aumento do tamanho e da for\u00e7a muscular.<\/li>\n<li><strong>Redu\u00e7\u00e3o de gordura:<\/strong>\u00a0A atividade muscular extrema durante uma sess\u00e3o de HI-EMT requer uma quantidade significativa de energia. Essa energia \u00e9 derivada da gordura armazenada, levando \u00e0 quebra e redu\u00e7\u00e3o da gordura.<\/li>\n<\/ul>\n<h2><img loading=\"lazy\" decoding=\"async\" class=\"aligncenter\" title=\"De Alta Intensidade Eletromagn\u00e9tica Treinamento Muscular M\u00e1quina\" src=\"https:\/\/sc04.alicdn.com\/kf\/Ha0da38970baf44b5be76b4dc2df4ae25F\/247315878\/Ha0da38970baf44b5be76b4dc2df4ae25F.png\" alt=\"De Alta Intensidade Eletromagn\u00e9tica Treinamento Muscular M\u00e1quina\" width=\"613\" height=\"414\" data-src=\"\/\/sc04.alicdn.com\/kf\/Ha0da38970baf44b5be76b4dc2df4ae25F\/247315878\/Ha0da38970baf44b5be76b4dc2df4ae25F.png\" \/><\/h2>\n<h2>Benef\u00edcios do treinamento muscular HI-EMT<\/h2>\n<h3>Alcance seus objetivos de condicionamento f\u00edsico mais r\u00e1pido<\/h3>\n<p>O HI-EMT oferece uma s\u00e9rie de benef\u00edcios para aqueles que buscam atingir seus objetivos de condicionamento f\u00edsico com mais efici\u00eancia:<\/p>\n<ul>\n<li><strong>Construir m\u00fasculos:<\/strong>\u00a0Experimente aumentos significativos na massa muscular e defini\u00e7\u00e3o, especialmente no abd\u00f4men, n\u00e1degas, coxas e bra\u00e7os.<\/li>\n<li><strong>Queime gordura:<\/strong>\u00a0Elimine dep\u00f3sitos de gordura persistentes e obtenha um f\u00edsico mais esculpido.<\/li>\n<li><strong>N\u00e3o invasivo e indolor:<\/strong>\u00a0Desfrute de uma experi\u00eancia de tratamento confort\u00e1vel, sem incis\u00f5es, agulhas ou tempo de inatividade.<\/li>\n<li><strong>Sess\u00f5es r\u00e1pidas e convenientes:<\/strong>\u00a0As sess\u00f5es t\u00edpicas duram cerca de 30 minutos, o que as torna f\u00e1ceis de encaixar em uma agenda ocupada.<\/li>\n<\/ul>\n<h2><img loading=\"lazy\" decoding=\"async\" class=\"aligncenter\" title=\"De Alta Intensidade Eletromagn\u00e9tica Treinamento Muscular M\u00e1quina\" src=\"https:\/\/sc04.alicdn.com\/kf\/Hc80eea17b5a843abbd20410cb6647787U\/247315878\/Hc80eea17b5a843abbd20410cb6647787U.png\" alt=\"De Alta Intensidade Eletromagn\u00e9tica Treinamento Muscular M\u00e1quina\" width=\"747\" height=\"331\" data-src=\"\/\/sc04.alicdn.com\/kf\/Hc80eea17b5a843abbd20410cb6647787U\/247315878\/Hc80eea17b5a843abbd20410cb6647787U.png\" \/><\/h2>\n<table style=\"font-family: var(--global-body-font-family);\" cellspacing=\"0\" cellpadding=\"0\">\n<tbody>\n<tr>\n<td width=\"87\"><img loading=\"lazy\" decoding=\"async\" class=\"aligncenter\" title=\"De Alta Intensidade Eletromagn\u00e9tica Treinamento Muscular M\u00e1quina\" src=\"https:\/\/sc04.alicdn.com\/kf\/Hd1c6785d9a294825acf1a5247336a44ft\/247315878\/Hd1c6785d9a294825acf1a5247336a44ft.png\" alt=\"De Alta Intensidade Eletromagn\u00e9tica Treinamento Muscular M\u00e1quina\" width=\"361\" height=\"327\" data-src=\"\/\/sc04.alicdn.com\/kf\/Hd1c6785d9a294825acf1a5247336a44ft\/247315878\/Hd1c6785d9a294825acf1a5247336a44ft.png\" \/><\/td>\n<td width=\"90\"><img loading=\"lazy\" decoding=\"async\" class=\"magic-34 aligncenter\" title=\"De Alta Intensidade Eletromagn\u00e9tica Treinamento Muscular M\u00e1quina\" src=\"https:\/\/sc04.alicdn.com\/kf\/H1b57f1a7ea2b4afe90de3f7a624188953\/247315878\/H1b57f1a7ea2b4afe90de3f7a624188953.png\" alt=\"De Alta Intensidade Eletromagn\u00e9tica Treinamento Muscular M\u00e1quina\" width=\"546\" height=\"407\" data-src=\"\/\/sc04.alicdn.com\/kf\/H1b57f1a7ea2b4afe90de3f7a624188953\/247315878\/H1b57f1a7ea2b4afe90de3f7a624188953.png\" \/><\/td>\n<\/tr>\n<\/tbody>\n<\/table>\n<h2>HI-EMT vs. HIIT tradicional<\/h2>\n<h3>Uma compara\u00e7\u00e3o de dois m\u00e9todos poderosos<\/h3>\n<p>Embora tanto o HI-EMT quanto o Treinamento Intervalado de Alta Intensidade (HIIT) ofere\u00e7am benef\u00edcios significativos ao condicionamento f\u00edsico, eles diferem em sua abordagem:<\/p>\n<ul>\n<li><strong>HI-EMT:<\/strong>\u00a0Utiliza energia eletromagn\u00e9tica para induzir contra\u00e7\u00f5es musculares supram\u00e1ximas que s\u00e3o imposs\u00edveis de serem alcan\u00e7adas por meio de exerc\u00edcios volunt\u00e1rios.<\/li>\n<li><strong>HIIT:<\/strong>\u00a0Baseia-se em pequenas explos\u00f5es de exerc\u00edcios intensos seguidos por breves per\u00edodos de recupera\u00e7\u00e3o para elevar a frequ\u00eancia card\u00edaca e queimar calorias.<\/li>\n<\/ul>\n<h4>Escolhendo a abordagem correta<\/h4>\n<p>O m\u00e9todo ideal para voc\u00ea depender\u00e1 de seus objetivos individuais, n\u00edvel de condicionamento f\u00edsico e prefer\u00eancias.<\/p>\n<h2>Resultados comprovados com HI-EMT<\/h2>\n<h3>Tecnologia com respaldo cient\u00edfico<\/h3>\n<p>V\u00e1rios estudos demonstraram a efic\u00e1cia do HI-EMT na constru\u00e7\u00e3o de m\u00fasculos e na redu\u00e7\u00e3o de gordura. Pesquisas mostraram que tratamentos com HI-EMT podem levar a:<\/p>\n<ul>\n<li><strong>Aumento da espessura muscular:<\/strong>\u00a0Aumento m\u00e9dio de 15-16% na espessura do m\u00fasculo abdominal ap\u00f3s uma s\u00e9rie de tratamentos.<\/li>\n<li><strong>Gordura subcut\u00e2nea reduzida:<\/strong>\u00a0Uma redu\u00e7\u00e3o de aproximadamente 19% na camada de gordura subcut\u00e2nea no abd\u00f4men.<\/li>\n<\/ul>\n<p><span style=\"font-family: 'Playfair Display', serif; font-size: 32px; font-weight: bold; text-transform: capitalize;\">Casos de beleza magra<\/span><\/p>\n<\/div>\n<div>\n<div>\n<div>\n<table style=\"font-family: var(--global-body-font-family);\" width=\"992\" cellspacing=\"0\" cellpadding=\"0\">\n<tbody>\n<tr>\n<td width=\"87\"><img loading=\"lazy\" decoding=\"async\" class=\"alignright\" title=\"De Alta Intensidade Eletromagn\u00e9tica Treinamento Muscular M\u00e1quina\" src=\"https:\/\/sc04.alicdn.com\/kf\/Hbb9bc3286ffe44debcd06e7c79cb7c14g\/247315878\/Hbb9bc3286ffe44debcd06e7c79cb7c14g.png\" alt=\"De Alta Intensidade Eletromagn\u00e9tica Treinamento Muscular M\u00e1quina\" width=\"445\" height=\"286\" data-src=\"\/\/sc04.alicdn.com\/kf\/Hbb9bc3286ffe44debcd06e7c79cb7c14g\/247315878\/Hbb9bc3286ffe44debcd06e7c79cb7c14g.png\" \/><\/td>\n<td width=\"90\"><img loading=\"lazy\" decoding=\"async\" class=\"alignleft\" title=\"De Alta Intensidade Eletromagn\u00e9tica Treinamento Muscular M\u00e1quina\" src=\"https:\/\/sc04.alicdn.com\/kf\/H6bf27b941c6643309a971a51ccec552fu\/247315878\/H6bf27b941c6643309a971a51ccec552fu.png\" alt=\"De Alta Intensidade Eletromagn\u00e9tica Treinamento Muscular M\u00e1quina\" width=\"424\" height=\"245\" data-src=\"\/\/sc04.alicdn.com\/kf\/H6bf27b941c6643309a971a51ccec552fu\/247315878\/H6bf27b941c6643309a971a51ccec552fu.png\" \/><\/td>\n<\/tr>\n<tr>\n<td width=\"87\"><img loading=\"lazy\" decoding=\"async\" class=\"alignright\" title=\"De Alta Intensidade Eletromagn\u00e9tica Treinamento Muscular M\u00e1quina\" src=\"https:\/\/sc04.alicdn.com\/kf\/H0008c233a65c4640b312a8f64a17a8efc\/247315878\/H0008c233a65c4640b312a8f64a17a8efc.png\" alt=\"De Alta Intensidade Eletromagn\u00e9tica Treinamento Muscular M\u00e1quina\" width=\"446\" height=\"272\" data-src=\"\/\/sc04.alicdn.com\/kf\/H0008c233a65c4640b312a8f64a17a8efc\/247315878\/H0008c233a65c4640b312a8f64a17a8efc.png\" \/><\/td>\n<td width=\"90\"><img loading=\"lazy\" decoding=\"async\" class=\"alignleft\" title=\"De Alta Intensidade Eletromagn\u00e9tica Treinamento Muscular M\u00e1quina\" src=\"https:\/\/sc04.alicdn.com\/kf\/Ha27d9e5c07144efe98cc0306da35d533f\/247315878\/Ha27d9e5c07144efe98cc0306da35d533f.png\" alt=\"De Alta Intensidade Eletromagn\u00e9tica Treinamento Muscular M\u00e1quina\" width=\"465\" height=\"293\" data-src=\"\/\/sc04.alicdn.com\/kf\/Ha27d9e5c07144efe98cc0306da35d533f\/247315878\/Ha27d9e5c07144efe98cc0306da35d533f.png\" \/><\/td>\n<\/tr>\n<tr>\n<td width=\"87\"><img loading=\"lazy\" decoding=\"async\" class=\"alignright\" title=\"De Alta Intensidade Eletromagn\u00e9tica Treinamento Muscular M\u00e1quina\" src=\"https:\/\/sc04.alicdn.com\/kf\/H662ed3f19b9543fc96c4ddfb7090cc5dQ\/247315878\/H662ed3f19b9543fc96c4ddfb7090cc5dQ.png\" alt=\"De Alta Intensidade Eletromagn\u00e9tica Treinamento Muscular M\u00e1quina\" width=\"438\" height=\"277\" data-src=\"\/\/sc04.alicdn.com\/kf\/H662ed3f19b9543fc96c4ddfb7090cc5dQ\/247315878\/H662ed3f19b9543fc96c4ddfb7090cc5dQ.png\" \/><\/td>\n<td width=\"90\"><img loading=\"lazy\" decoding=\"async\" class=\"alignnone wp-image-1854 size-full\" title=\"De Alta Intensidade Eletromagn\u00e9tica Treinamento Muscular M\u00e1quina\" src=\"https:\/\/skbty.com\/wp-content\/uploads\/2023\/06\/\u5fae\u4fe1\u622a\u56fe_20230614171304.png\" alt=\"De Alta Intensidade Eletromagn\u00e9tica Treinamento Muscular M\u00e1quina\" width=\"389\" height=\"290\" srcset=\"https:\/\/skbty.com\/wp-content\/uploads\/2023\/06\/\u5fae\u4fe1\u622a\u56fe_20230614171304.png 389w, https:\/\/skbty.com\/wp-content\/uploads\/2023\/06\/\u5fae\u4fe1\u622a\u56fe_20230614171304-300x224.png 300w\" sizes=\"auto, (max-width: 389px) 100vw, 389px\" \/><\/td>\n<\/tr>\n<\/tbody>\n<\/table>\n<h2>Conclus\u00e3o<\/h2>\n<p>O treinamento muscular HI-EMT est\u00e1 revolucionando a maneira como abordamos a escultura corporal. Esta tecnologia inovadora oferece uma maneira segura, eficaz e n\u00e3o invasiva de construir m\u00fasculos, queimar gordura e atingir um f\u00edsico mais definido. Se voc\u00ea est\u00e1 procurando uma maneira de acelerar sua jornada fitness e atingir seus objetivos corporais mais rapidamente, o HI-EMT pode ser a solu\u00e7\u00e3o que voc\u00ea estava procurando.<\/p>\n<h2><strong>Personalizar O Logotipo<\/strong><\/h2>\n<p>Quer fazer sua marca se destacam? N\u00f3s oferecemos o logotipo personalizado servi\u00e7os para ajudar voc\u00ea a criar uma \u00fanica e personalizada logo que reflete a identidade de sua marca. Nossa equipe de especialistas ir\u00e1 trabalhar em estreita colabora\u00e7\u00e3o com voc\u00ea para criar um logotipo que est\u00e1 em conson\u00e2ncia com os valores da sua marca e de mensagens. Se voc\u00ea estiver olhando para renovar o seu logotipo existente ou criar um novo a partir do zero, n\u00f3s temos que cobertas. <a href=\"\/pt\/contato\/\">Contacte-nos<\/a> hoje para saber mais sobre o nosso logotipo personalizado servi\u00e7os!<\/p>\n<\/div>\n<\/div>\n<div>\n<div>\n<div>\n<div><\/div>\n<\/div>\n<\/div>\n<\/div>\n<\/div>\n<\/div>\n<\/div>\n<\/div>\n<\/div>","protected":false},"excerpt":{"rendered":"<p>Utilizando a tecnologia HI-EMT (Ondas Eletromagn\u00e9ticas Focadas em Alta Energia) para expandir e contrair continuamente m\u00fasculos aut\u00f3logos e realizar treinamento extremo para remodelar profundamente a estrutura interna do m\u00fasculo, ou seja, o crescimento de fibrilas musculares (aumento muscular) e produzir novas cadeias de prote\u00ednas e fibras musculares (hiperplasia muscular), de modo a treinar e aumentar a densidade e o volume muscular.<\/p>","protected":false},"featured_media":1829,"comment_status":"open","ping_status":"closed","template":"","meta":{"_kad_post_transparent":"default","_kad_post_title":"","_kad_post_layout":"default","_kad_post_sidebar_id":"","_kad_post_content_style":"default","_kad_post_vertical_padding":"default","_kad_post_feature":"","_kad_post_feature_position":"","_kad_post_header":false,"_kad_post_footer":false,"_kad_post_classname":"","rank_math_title":"","rank_math_description":"","rank_math_focus_keyword":""},"product_brand":[],"product_cat":[31],"product_tag":[],"class_list":{"0":"post-1824","1":"product","2":"type-product","3":"status-publish","4":"has-post-thumbnail","6":"product_cat-body-slimming","8":"first","9":"instock","10":"shipping-taxable","11":"product-type-simple","12":"entry","13":"content-bg","14":"loop-entry"},"_links":{"self":[{"href":"https:\/\/skbty.com\/pt\/wp-json\/wp\/v2\/product\/1824","targetHints":{"allow":["GET"]}}],"collection":[{"href":"https:\/\/skbty.com\/pt\/wp-json\/wp\/v2\/product"}],"about":[{"href":"https:\/\/skbty.com\/pt\/wp-json\/wp\/v2\/types\/product"}],"replies":[{"embeddable":true,"href":"https:\/\/skbty.com\/pt\/wp-json\/wp\/v2\/comments?post=1824"}],"wp:featuredmedia":[{"embeddable":true,"href":"https:\/\/skbty.com\/pt\/wp-json\/wp\/v2\/media\/1829"}],"wp:attachment":[{"href":"https:\/\/skbty.com\/pt\/wp-json\/wp\/v2\/media?parent=1824"}],"wp:term":[{"taxonomy":"product_brand","embeddable":true,"href":"https:\/\/skbty.com\/pt\/wp-json\/wp\/v2\/product_brand?post=1824"},{"taxonomy":"product_cat","embeddable":true,"href":"https:\/\/skbty.com\/pt\/wp-json\/wp\/v2\/product_cat?post=1824"},{"taxonomy":"product_tag","embeddable":true,"href":"https:\/\/skbty.com\/pt\/wp-json\/wp\/v2\/product_tag?post=1824"}],"curies":[{"name":"Wp","href":"https:\/\/api.w.org\/{rel}","templated":true}]}}