{"id":1841,"date":"2023-06-14T17:11:24","date_gmt":"2023-06-14T09:11:24","guid":{"rendered":"https:\/\/skbty.com\/?post_type=product&#038;p=1841"},"modified":"2026-03-31T17:10:07","modified_gmt":"2026-03-31T09:10:07","slug":"portatil-espanha-448k-febre-mestre","status":"publish","type":"product","link":"https:\/\/skbty.com\/pt\/product\/portatil-espanha-448k-febre-mestre\/","title":{"rendered":"Port\u00e1til Espanha 448k Febre Mestre"},"content":{"rendered":"<div class=\"J_module\">\n<div class=\"icbu-pc-detailManyImage magic-2\">\n<div>\n<h2>448K Fever Master: O guia definitivo para este dispositivo inovador<\/h2>\n<p>O 448K Fever Master \u00e9 um dispositivo revolucion\u00e1rio que utiliza tecnologia de ponta para tratar de uma ampla gama de preocupa\u00e7\u00f5es de sa\u00fade e beleza. Este guia abrangente se aprofundar\u00e1 nos princ\u00edpios operacionais, vantagens e aplica\u00e7\u00f5es do instrumento.<\/p>\n<table style=\"border-collapse: collapse; width: 100%;\">\n<tbody>\n<tr>\n<td style=\"width: 50%;\"><img loading=\"lazy\" decoding=\"async\" class=\"aligncenter wp-image-3190\" src=\"https:\/\/skbty.com\/wp-content\/uploads\/2023\/06\/BD3-1024x1024.jpg\" alt=\"Mestre da febre 448k\" width=\"355\" height=\"355\" data-wp-pid=\"3190\" srcset=\"https:\/\/skbty.com\/wp-content\/uploads\/2023\/06\/BD3-1024x1024.jpg 1024w, https:\/\/skbty.com\/wp-content\/uploads\/2023\/06\/BD3-300x300.jpg 300w, https:\/\/skbty.com\/wp-content\/uploads\/2023\/06\/BD3-150x150.jpg 150w, https:\/\/skbty.com\/wp-content\/uploads\/2023\/06\/BD3-768x768.jpg 768w, https:\/\/skbty.com\/wp-content\/uploads\/2023\/06\/BD3-1536x1536.jpg 1536w, https:\/\/skbty.com\/wp-content\/uploads\/2023\/06\/BD3-2048x2048.jpg 2048w, https:\/\/skbty.com\/wp-content\/uploads\/2023\/06\/BD3-1320x1320.jpg 1320w, https:\/\/skbty.com\/wp-content\/uploads\/2023\/06\/BD3-600x600.jpg 600w, https:\/\/skbty.com\/wp-content\/uploads\/2023\/06\/BD3-100x100.jpg 100w, https:\/\/skbty.com\/wp-content\/uploads\/2023\/06\/BD3-1200x1200.jpg 1200w\" sizes=\"auto, (max-width: 355px) 100vw, 355px\" \/><\/td>\n<td style=\"width: 50%;\"><img loading=\"lazy\" decoding=\"async\" class=\"aligncenter wp-image-3197\" src=\"https:\/\/skbty.com\/wp-content\/uploads\/2023\/06\/448k-white.jpg\" alt=\"Mestre da febre 448k\" width=\"318\" height=\"279\" data-wp-pid=\"3197\" srcset=\"https:\/\/skbty.com\/wp-content\/uploads\/2023\/06\/448k-white.jpg 956w, https:\/\/skbty.com\/wp-content\/uploads\/2023\/06\/448k-white-300x263.jpg 300w, https:\/\/skbty.com\/wp-content\/uploads\/2023\/06\/448k-white-768x673.jpg 768w, https:\/\/skbty.com\/wp-content\/uploads\/2023\/06\/448k-white-600x526.jpg 600w\" sizes=\"auto, (max-width: 318px) 100vw, 318px\" \/><\/td>\n<\/tr>\n<\/tbody>\n<\/table>\n<h3><strong>Princ\u00edpio de funcionamento do 448k Fever Master<\/strong><\/h3>\n<p>A tecnologia central do 448K Fever Master vem da pesquisa do cientista espanhol Joseph Calbet. Ele descobriu que aumentar a temperatura na parte profunda do corpo pode atingir efetivamente as c\u00e9lulas cancer\u00edgenas. Embora o instrumento possa aumentar a temperatura das c\u00e9lulas cancer\u00edgenas para 35 graus, ele n\u00e3o danifica as c\u00e9lulas saud\u00e1veis. Esse aumento de temperatura inibe a replica\u00e7\u00e3o das c\u00e9lulas cancer\u00edgenas e promove a morte celular.<\/p>\n<p>A tecnologia do 448K Fever Master vai al\u00e9m do tratamento do c\u00e2ncer. Ela tamb\u00e9m pode ser aplicada \u00e0 beleza, promovendo uma pele saud\u00e1vel e reduzindo a gordura. A capacidade do instrumento de regular a temperatura interna \u00e9 crucial para estimular o sistema imunol\u00f3gico e melhorar a sa\u00fade geral.<\/p>\n<h3><img loading=\"lazy\" decoding=\"async\" class=\"magic-4 aligncenter\" title=\"Mestre da febre 448K\" src=\"https:\/\/sc04.alicdn.com\/kf\/Hc76c90c080b440d29134682a88d12c77D\/247315878\/Hc76c90c080b440d29134682a88d12c77D.png\" alt=\"Mestre da febre 448K\" width=\"618\" height=\"464\" data-src=\"\/\/sc04.alicdn.com\/kf\/Hc76c90c080b440d29134682a88d12c77D\/247315878\/Hc76c90c080b440d29134682a88d12c77D.png\" \/><\/h3>\n<h3><strong>Al\u00e7a de f\u00e1scia<\/strong><\/h3>\n<p>O cabo Fascia incorpora tecnologia EMS, fornecendo estimula\u00e7\u00e3o de microcorrente ao corpo. Essa estimula\u00e7\u00e3o ajuda a fechar o circuito de circula\u00e7\u00e3o da dor, promovendo a circula\u00e7\u00e3o sangu\u00ednea e reduzindo a dor. A microvibra\u00e7\u00e3o e o aumento da temperatura no local da massagem melhoram ainda mais a circula\u00e7\u00e3o sangu\u00ednea, estimulando o reparo muscular.<\/p>\n<h3><img loading=\"lazy\" decoding=\"async\" class=\"magic-4 aligncenter\" title=\"Mestre da febre 448K\" src=\"https:\/\/sc04.alicdn.com\/kf\/H8605842074f647148226e24a7643c3a1M\/247315878\/H8605842074f647148226e24a7643c3a1M.png\" alt=\"Mestre da febre 448K\" width=\"901\" height=\"676\" data-src=\"\/\/sc04.alicdn.com\/kf\/H8605842074f647148226e24a7643c3a1M\/247315878\/H8605842074f647148226e24a7643c3a1M.png\" \/><\/h3>\n<h3><strong>Princ\u00edpio da PAC<\/strong><\/h3>\n<p>O princ\u00edpio CAP alavanca a temperatura ambiente constante e o aquecimento profundo de radiofrequ\u00eancia para garantir uma experi\u00eancia confort\u00e1vel. Esta tecnologia gera calor preciso, visando as camadas mais profundas da pele, estimulando a produ\u00e7\u00e3o de part\u00edculas coloidais carregadas e i\u00f4nicas. O atrito gerado pela vibra\u00e7\u00e3o produz energia t\u00e9rmica r\u00e1pida, enquanto a a\u00e7\u00e3o da resson\u00e2ncia molecular polar sob a a\u00e7\u00e3o da resson\u00e2ncia molecular polar aquece o tecido de col\u00e1geno da camada da derme.<\/p>\n<h3><strong>Princ\u00edpio RES<\/strong><\/h3>\n<p>O princ\u00edpio RES utiliza energia de alta frequ\u00eancia para penetrar profundamente no corpo humano, visando especificamente o c\u00f3rtex da pele. Esse processo gera calor profundo, quebrando a gordura corporal e reduzindo o peso. As correntes de alta frequ\u00eancia s\u00e3o energizadas para os tecidos humanos e, devido \u00e0 pequena amplitude de vibra\u00e7\u00e3o, h\u00e1 movimento m\u00ednimo de \u00edons.<\/p>\n<table style=\"border-collapse: collapse; width: 100%;\">\n<tbody>\n<tr>\n<td style=\"width: 50%;\"><img loading=\"lazy\" decoding=\"async\" class=\"magic-4 aligncenter\" title=\"Mestre da febre 448K\" src=\"https:\/\/sc04.alicdn.com\/kf\/H174b4308e2854fc89f49039a35bdc442T\/247315878\/H174b4308e2854fc89f49039a35bdc442T.png\" alt=\"Mestre da febre 448K\" width=\"901\" height=\"675\" data-src=\"\/\/sc04.alicdn.com\/kf\/H174b4308e2854fc89f49039a35bdc442T\/247315878\/H174b4308e2854fc89f49039a35bdc442T.png\" \/><\/td>\n<td style=\"width: 50%;\"><img loading=\"lazy\" decoding=\"async\" class=\"magic-4 aligncenter\" title=\"Mestre da febre 448K\" src=\"https:\/\/sc04.alicdn.com\/kf\/Ha4f89871856849dbb6b7387d27192859T\/247315878\/Ha4f89871856849dbb6b7387d27192859T.png\" alt=\"Mestre da febre 448K\" width=\"900\" height=\"675\" data-src=\"\/\/sc04.alicdn.com\/kf\/Ha4f89871856849dbb6b7387d27192859T\/247315878\/Ha4f89871856849dbb6b7387d27192859T.png\" \/><\/td>\n<\/tr>\n<\/tbody>\n<\/table>\n<h3><strong>Imagem f\u00edsica do instrumento<\/strong><\/h3>\n<p>O 448K Fever Master compreende dois componentes principais: o host e o show. O host abriga o painel de controle e o circuito, enquanto o show inclui as v\u00e1rias al\u00e7as de opera\u00e7\u00e3o e sondas.<\/p>\n<p><img loading=\"lazy\" decoding=\"async\" class=\"magic-4 aligncenter\" title=\"Mestre da febre 448K\" src=\"https:\/\/sc04.alicdn.com\/kf\/H2ee5a872125f4e8aad4936c77cd83b00i\/247315878\/H2ee5a872125f4e8aad4936c77cd83b00i.png\" alt=\"Mestre da febre 448K\" width=\"636\" height=\"477\" data-src=\"\/\/sc04.alicdn.com\/kf\/H2ee5a872125f4e8aad4936c77cd83b00i\/247315878\/H2ee5a872125f4e8aad4936c77cd83b00i.png\" \/><\/p>\n<h3><strong>Pe\u00e7as operacionais e vantagens<\/strong><\/h3>\n<p>O 448K Fever Master possui um design vers\u00e1til com diversas pe\u00e7as operacionais, cada uma adaptada a \u00e1reas espec\u00edficas do corpo.<\/p>\n<ul>\n<li><strong>Couro cabeludo:<\/strong>\u00a0O dispositivo melhora efetivamente a sa\u00fade do couro cabeludo e reduz a queda de cabelo.<\/li>\n<li><strong>Qualquer parte do corpo:<\/strong>\u00a0Pode ser usado para melhorar o bem-estar geral e aliviar o frio.<\/li>\n<li><strong>Cintura e abd\u00f4men:<\/strong>\u00a0O instrumento ajuda a reduzir a gordura p\u00f3s-parto e atua nos dep\u00f3sitos de gordura persistentes nas \u00e1reas da cintura e do abd\u00f4men.<\/li>\n<li><strong>Pernas:<\/strong>\u00a0Repara danos e alivia a fadiga nas pernas.<\/li>\n<\/ul>\n<div class=\"magic-3\"><\/div>\n<div>\n<table style=\"border-collapse: collapse; width: 100%;\">\n<tbody>\n<tr>\n<td style=\"width: 35.7909%;\"><img loading=\"lazy\" decoding=\"async\" class=\"magic-6 aligncenter\" title=\"Mestre da febre 448K\" src=\"https:\/\/sc04.alicdn.com\/kf\/H2e4874ee8d4940f89f92e470df3869f4b\/247315878\/H2e4874ee8d4940f89f92e470df3869f4b.png\" alt=\"Mestre da febre 448K\" width=\"315\" height=\"468\" data-src=\"\/\/sc04.alicdn.com\/kf\/H2e4874ee8d4940f89f92e470df3869f4b\/247315878\/H2e4874ee8d4940f89f92e470df3869f4b.png\" \/><\/td>\n<td style=\"width: 64.2091%;\"><img loading=\"lazy\" decoding=\"async\" class=\"aligncenter wp-image-2621\" title=\"Mestre da febre 448K\" src=\"https:\/\/skbty.com\/wp-content\/uploads\/2023\/06\/1-1.png\" alt=\"Mestre da febre 448K\" width=\"688\" height=\"237\" srcset=\"https:\/\/skbty.com\/wp-content\/uploads\/2023\/06\/1-1.png 858w, https:\/\/skbty.com\/wp-content\/uploads\/2023\/06\/1-1-300x103.png 300w, https:\/\/skbty.com\/wp-content\/uploads\/2023\/06\/1-1-768x265.png 768w, https:\/\/skbty.com\/wp-content\/uploads\/2023\/06\/1-1-600x207.png 600w\" sizes=\"auto, (max-width: 688px) 100vw, 688px\" \/><\/td>\n<\/tr>\n<\/tbody>\n<\/table>\n<\/div>\n<h3><strong>Conclus\u00e3o<\/strong><\/h3>\n<p>O 448K Fever Master \u00e9 um dispositivo de ponta que combina tecnologia avan\u00e7ada e versatilidade para abordar uma ampla gama de preocupa\u00e7\u00f5es de sa\u00fade e beleza. Sua abordagem inovadora oferece uma solu\u00e7\u00e3o abrangente para melhorar o bem-estar geral e alcan\u00e7ar os resultados est\u00e9ticos desejados.<\/p>\n<\/div>\n<div class=\"magic-3\">\n<h3><strong>Personalizar O Logotipo<\/strong><\/h3>\n<p>Quer fazer sua marca se destacam? N\u00f3s oferecemos o logotipo personalizado servi\u00e7os para ajudar voc\u00ea a criar uma \u00fanica e personalizada logo que reflete a identidade de sua marca. Nossa equipe de especialistas ir\u00e1 trabalhar em estreita colabora\u00e7\u00e3o com voc\u00ea para criar um logotipo que est\u00e1 em conson\u00e2ncia com os valores da sua marca e de mensagens. Se voc\u00ea estiver olhando para renovar o seu logotipo existente ou criar um novo a partir do zero, n\u00f3s temos que cobertas. <a href=\"\/pt\/contato\/\">Contacte-nos<\/a> hoje para saber mais sobre o nosso logotipo personalizado servi\u00e7os!<\/p>\n<\/div>\n<div class=\"magic-5\"><\/div>\n<\/div>\n<\/div>","protected":false},"excerpt":{"rendered":"<p>A tecnologia central deste instrumento tamb\u00e9m pode ser aplicada \u00e0 beleza. Aumentar a temperatura corporal n\u00e3o \u00e9 apenas para a beleza, mas tamb\u00e9m para as partes profundas do corpo durante a opera\u00e7\u00e3o. E a temperatura interna e sua sa\u00fade est\u00e3o intimamente relacionadas. Com um aumento na temperatura corporal em 1 grau, a imunidade do seu corpo pode ser fortalecida de 5 a 10 vezes.<\/p>","protected":false},"featured_media":3248,"comment_status":"open","ping_status":"closed","template":"","meta":{"_kad_post_transparent":"default","_kad_post_title":"","_kad_post_layout":"default","_kad_post_sidebar_id":"","_kad_post_content_style":"default","_kad_post_vertical_padding":"default","_kad_post_feature":"","_kad_post_feature_position":"","_kad_post_header":false,"_kad_post_footer":false,"_kad_post_classname":"","rank_math_title":"","rank_math_description":"","rank_math_focus_keyword":""},"product_brand":[],"product_cat":[31],"product_tag":[],"class_list":{"0":"post-1841","1":"product","2":"type-product","3":"status-publish","4":"has-post-thumbnail","6":"product_cat-body-slimming","7":"product_shipping_class-included-shipping","9":"first","10":"instock","11":"sale","12":"shipping-taxable","13":"purchasable","14":"product-type-variable","15":"entry","16":"content-bg","17":"loop-entry"},"_links":{"self":[{"href":"https:\/\/skbty.com\/pt\/wp-json\/wp\/v2\/product\/1841","targetHints":{"allow":["GET"]}}],"collection":[{"href":"https:\/\/skbty.com\/pt\/wp-json\/wp\/v2\/product"}],"about":[{"href":"https:\/\/skbty.com\/pt\/wp-json\/wp\/v2\/types\/product"}],"replies":[{"embeddable":true,"href":"https:\/\/skbty.com\/pt\/wp-json\/wp\/v2\/comments?post=1841"}],"wp:featuredmedia":[{"embeddable":true,"href":"https:\/\/skbty.com\/pt\/wp-json\/wp\/v2\/media\/3248"}],"wp:attachment":[{"href":"https:\/\/skbty.com\/pt\/wp-json\/wp\/v2\/media?parent=1841"}],"wp:term":[{"taxonomy":"product_brand","embeddable":true,"href":"https:\/\/skbty.com\/pt\/wp-json\/wp\/v2\/product_brand?post=1841"},{"taxonomy":"product_cat","embeddable":true,"href":"https:\/\/skbty.com\/pt\/wp-json\/wp\/v2\/product_cat?post=1841"},{"taxonomy":"product_tag","embeddable":true,"href":"https:\/\/skbty.com\/pt\/wp-json\/wp\/v2\/product_tag?post=1841"}],"curies":[{"name":"Wp","href":"https:\/\/api.w.org\/{rel}","templated":true}]}}