{"id":1882,"date":"2023-06-14T18:25:32","date_gmt":"2023-06-14T10:25:32","guid":{"rendered":"https:\/\/skbty.com\/?post_type=product&#038;p=1882"},"modified":"2025-12-05T11:50:49","modified_gmt":"2025-12-05T03:50:49","slug":"maquina-de-emagrecimento-neo-sculptor-super-power-de-4-alcas","status":"publish","type":"product","link":"https:\/\/skbty.com\/pt\/product\/maquina-de-emagrecimento-neo-sculptor-super-power-de-4-alcas\/","title":{"rendered":"4 Al\u00e7as Super Power Neo Escultor M\u00e1quina Do Emagrecimento"},"content":{"rendered":"<div>\n<h2><strong>M\u00e1quina de emagrecimento Super Power Neo Sculptor: remodele seu corpo com tecnologia de ponta<\/strong><\/h2>\n<h2>Introdu\u00e7\u00e3o<\/h2>\n<p>Sonhando com um f\u00edsico esculpido sem horas intermin\u00e1veis na academia? O Super Power Neo Sculptor Slimming Machine est\u00e1 aqui para revolucionar sua jornada de contorno corporal. Este dispositivo inovador combina o poder da energia de radiofrequ\u00eancia (RF) e a tecnologia High-Intensity Focused Electromagnetic (HIFEM) para eliminar gordura e construir m\u00fasculos simultaneamente, proporcionando resultados not\u00e1veis com conforto e facilidade incompar\u00e1veis.<\/p>\n<h2><img loading=\"lazy\" decoding=\"async\" class=\"aligncenter wp-image-2097\" title=\"Neo Escultor M\u00e1quina Do Emagrecimento\" src=\"https:\/\/skbty.com\/wp-content\/uploads\/2023\/06\/Hda4d7570c29741da8718aeccbd67c341Q.png\" alt=\"Neo Escultor M\u00e1quina Do Emagrecimento\" width=\"614\" height=\"409\" srcset=\"https:\/\/skbty.com\/wp-content\/uploads\/2023\/06\/Hda4d7570c29741da8718aeccbd67c341Q.png 2000w, https:\/\/skbty.com\/wp-content\/uploads\/2023\/06\/Hda4d7570c29741da8718aeccbd67c341Q-300x200.png 300w, https:\/\/skbty.com\/wp-content\/uploads\/2023\/06\/Hda4d7570c29741da8718aeccbd67c341Q-1024x682.png 1024w, https:\/\/skbty.com\/wp-content\/uploads\/2023\/06\/Hda4d7570c29741da8718aeccbd67c341Q-768x512.png 768w, https:\/\/skbty.com\/wp-content\/uploads\/2023\/06\/Hda4d7570c29741da8718aeccbd67c341Q-1536x1024.png 1536w, https:\/\/skbty.com\/wp-content\/uploads\/2023\/06\/Hda4d7570c29741da8718aeccbd67c341Q-600x400.png 600w\" sizes=\"auto, (max-width: 614px) 100vw, 614px\" \/><\/h2>\n<p><img loading=\"lazy\" decoding=\"async\" class=\"aligncenter\" title=\"Neo Escultor M\u00e1quina Do Emagrecimento\" src=\"https:\/\/sc04.alicdn.com\/kf\/Hdd673a09e683446e99eeee274a576c71Y\/247315878\/Hdd673a09e683446e99eeee274a576c71Y.png\" alt=\"Neo Escultor M\u00e1quina Do Emagrecimento\" width=\"614\" height=\"491\" data-src=\"\/\/sc04.alicdn.com\/kf\/Hdd673a09e683446e99eeee274a576c71Y\/247315878\/Hdd673a09e683446e99eeee274a576c71Y.png\" \/><\/p>\n<h2>Revelando a ci\u00eancia por tr\u00e1s da Neo Body Sculpting<\/h2>\n<h3>A dupla din\u00e2mica: RF e HIFEM<\/h3>\n<p>O Super Power Neo utiliza uma sinergia poderosa de duas tecnologias avan\u00e7adas:<\/p>\n<ul>\n<li><strong>Redu\u00e7\u00e3o de gordura por RF:<\/strong>\u00a0A tecnologia RF sincronizada aquece a camada de gordura subcut\u00e2nea a 45 graus Celsius, uma temperatura que desencadeia a apoptose das c\u00e9lulas de gordura (morte celular natural) sem prejudicar os tecidos circundantes. Esse calor direcionado tamb\u00e9m estimula a produ\u00e7\u00e3o de col\u00e1geno, resultando em uma pele mais firme e esticada.<\/li>\n<li><strong>Constru\u00e7\u00e3o muscular HIFEM:<\/strong>\u00a0Ondas eletromagn\u00e9ticas de alta intensidade penetram profundamente no tecido muscular, induzindo contra\u00e7\u00f5es supram\u00e1ximas que s\u00e3o imposs\u00edveis de serem alcan\u00e7adas por meio de exerc\u00edcios volunt\u00e1rios. Essas contra\u00e7\u00f5es poderosas for\u00e7am os m\u00fasculos a se adaptarem e ficarem mais fortes, resultando em aumento da massa muscular e defini\u00e7\u00e3o.<\/li>\n<\/ul>\n<h3><img loading=\"lazy\" decoding=\"async\" class=\"aligncenter\" title=\"Neo Escultor M\u00e1quina Do Emagrecimento\" src=\"https:\/\/sc04.alicdn.com\/kf\/Hf8f1b2b96fa34418a30bf725c80fdeedA\/247315878\/Hf8f1b2b96fa34418a30bf725c80fdeedA.png\" alt=\"Neo Escultor M\u00e1quina Do Emagrecimento\" width=\"668\" height=\"445\" data-src=\"\/\/sc04.alicdn.com\/kf\/Hf8f1b2b96fa34418a30bf725c80fdeedA\/247315878\/Hf8f1b2b96fa34418a30bf725c80fdeedA.png\" \/><\/h3>\n<h3>Como a Neo Sculpting transforma seu corpo<\/h3>\n<p>A combina\u00e7\u00e3o exclusiva de tecnologias RF e HIFEM do Super Power Neo oferece uma abordagem dupla para a modelagem corporal:<\/p>\n<ol>\n<li><strong>Redu\u00e7\u00e3o de gordura:<\/strong>\u00a0A energia de RF atinge e destr\u00f3i efetivamente as c\u00e9lulas de gordura, que s\u00e3o ent\u00e3o eliminadas naturalmente pelo sistema linf\u00e1tico do corpo.<\/li>\n<li><strong>Constru\u00e7\u00e3o muscular:<\/strong>\u00a0A tecnologia HIFEM desencadeia contra\u00e7\u00f5es musculares r\u00e1pidas, levando ao aumento do recrutamento e crescimento das fibras musculares, semelhante aos efeitos de um treino intenso.<\/li>\n<\/ol>\n<h2>Experimente a diferen\u00e7a do Neo Body Sculpting<\/h2>\n<h3>Benef\u00edcios que v\u00e3o al\u00e9m dos m\u00e9todos tradicionais<\/h3>\n<p>O Super Power Neo oferece uma s\u00e9rie de vantagens em rela\u00e7\u00e3o aos m\u00e9todos tradicionais de contorno corporal:<\/p>\n<ul>\n<li><strong>N\u00e3o invasivo e indolor:<\/strong>\u00a0Diga adeus \u00e0s agulhas, incis\u00f5es e procedimentos desconfort\u00e1veis.<\/li>\n<li><strong>Sem tempo de inatividade:<\/strong>\u00a0Retorne \u00e0s suas atividades di\u00e1rias imediatamente ap\u00f3s a sess\u00e3o de tratamento.<\/li>\n<li><strong>Redu\u00e7\u00e3o de gordura direcionada e constru\u00e7\u00e3o muscular:<\/strong>\u00a0Esculpa \u00e1reas espec\u00edficas do seu corpo, incluindo abd\u00f4men, n\u00e1degas, bra\u00e7os, pernas e at\u00e9 mesmo m\u00e3os.<\/li>\n<li><strong>Resultados duradouros:<\/strong>\u00a0Com um estilo de vida saud\u00e1vel, os resultados do Neo Body Sculpting podem durar meses ou at\u00e9 anos.<\/li>\n<\/ul>\n<h2><img loading=\"lazy\" decoding=\"async\" class=\"aligncenter wp-image-2100\" title=\"Neo Escultor M\u00e1quina Do Emagrecimento\" src=\"https:\/\/skbty.com\/wp-content\/uploads\/2023\/06\/Hde7ab44b65834ae28dc0eff546afe9f2v.jpg\" alt=\"Neo Escultor M\u00e1quina Do Emagrecimento\" width=\"586\" height=\"454\" srcset=\"https:\/\/skbty.com\/wp-content\/uploads\/2023\/06\/Hde7ab44b65834ae28dc0eff546afe9f2v.jpg 2000w, https:\/\/skbty.com\/wp-content\/uploads\/2023\/06\/Hde7ab44b65834ae28dc0eff546afe9f2v-300x233.jpg 300w, https:\/\/skbty.com\/wp-content\/uploads\/2023\/06\/Hde7ab44b65834ae28dc0eff546afe9f2v-1024x794.jpg 1024w, https:\/\/skbty.com\/wp-content\/uploads\/2023\/06\/Hde7ab44b65834ae28dc0eff546afe9f2v-768x595.jpg 768w, https:\/\/skbty.com\/wp-content\/uploads\/2023\/06\/Hde7ab44b65834ae28dc0eff546afe9f2v-1536x1190.jpg 1536w, https:\/\/skbty.com\/wp-content\/uploads\/2023\/06\/Hde7ab44b65834ae28dc0eff546afe9f2v-600x465.jpg 600w\" sizes=\"auto, (max-width: 586px) 100vw, 586px\" \/><\/h2>\n<h2>Inscri\u00e7\u00f5es para Homens e Mulheres<\/h2>\n<h3>Alcance seu f\u00edsico ideal<\/h3>\n<p>O Super Power Neo \u00e9 uma solu\u00e7\u00e3o vers\u00e1til para homens e mulheres que buscam:<\/p>\n<ul>\n<li><strong>Mulheres:<\/strong>\n<ul>\n<li>Levante e modele os gl\u00fateos para uma silhueta mais jovem.<\/li>\n<li>Firma e tonifica o abd\u00f4men, reduzindo a apar\u00eancia de \u201cbarriga de mam\u00e3e\u201d.<\/li>\n<li>Esculpe bra\u00e7os e pernas mais magros e definidos.<\/li>\n<li>Melhora a apar\u00eancia da celulite.<\/li>\n<\/ul>\n<\/li>\n<li><strong>Homens:<\/strong>\n<ul>\n<li>Desenvolva m\u00fasculos abdominais definidos e conquiste um abd\u00f4men definido.<\/li>\n<li>Construa m\u00fasculos mais fortes e esculpidos nos bra\u00e7os, peito e costas.<\/li>\n<li>Melhore o desempenho atl\u00e9tico.<\/li>\n<\/ul>\n<\/li>\n<\/ul>\n<div>\n<div>\n<div>\n<div>\n<div><\/div>\n<\/div>\n<\/div>\n<\/div>\n<\/div>\n<div>\n<table>\n<tbody>\n<tr>\n<td colspan=\"1\" rowspan=\"1\"><img loading=\"lazy\" decoding=\"async\" class=\"aligncenter\" title=\"Neo Escultor M\u00e1quina Do Emagrecimento\" src=\"https:\/\/sc04.alicdn.com\/kf\/H70a23b9378574dab97f6139f82f2fba2p\/247315878\/H70a23b9378574dab97f6139f82f2fba2p.png\" alt=\"Neo Escultor M\u00e1quina Do Emagrecimento\" width=\"354\" height=\"628\" data-src=\"\/\/sc04.alicdn.com\/kf\/H70a23b9378574dab97f6139f82f2fba2p\/247315878\/H70a23b9378574dab97f6139f82f2fba2p.png\" \/><\/td>\n<td colspan=\"1\" rowspan=\"1\"><img loading=\"lazy\" decoding=\"async\" class=\"aligncenter\" title=\"Neo Escultor M\u00e1quina Do Emagrecimento\" src=\"https:\/\/sc04.alicdn.com\/kf\/Hf4d7443703544615b25c6f051cca2cc9z\/247315878\/Hf4d7443703544615b25c6f051cca2cc9z.png\" alt=\"Neo Escultor M\u00e1quina Do Emagrecimento\" width=\"354\" height=\"628\" data-src=\"\/\/sc04.alicdn.com\/kf\/Hf4d7443703544615b25c6f051cca2cc9z\/247315878\/Hf4d7443703544615b25c6f051cca2cc9z.png\" \/><\/td>\n<\/tr>\n<\/tbody>\n<\/table>\n<\/div>\n<h2>Conclus\u00e3o<\/h2>\n<p>A M\u00e1quina de Emagrecimento Super Power Neo Sculptor est\u00e1 revolucionando o mundo do contorno corporal n\u00e3o invasivo. Esta tecnologia de ponta oferece uma maneira segura, eficaz e confort\u00e1vel de eliminar gordura, construir m\u00fasculos e atingir o f\u00edsico dos seus sonhos. Experimente o poder transformador do Neo Body Sculpting e libere todo o potencial do seu corpo.<\/p>\n<table style=\"border-color: #f3f3f3; width: 100%; height: 290px;\" border=\"1\" cellspacing=\"0\" cellpadding=\"0\">\n<tbody>\n<tr style=\"height: 29px;\">\n<td style=\"height: 29px;\" colspan=\"1\" rowspan=\"1\">\n<div>Nome<\/div>\n<\/td>\n<td style=\"height: 29px;\" colspan=\"1\" rowspan=\"1\">\n<div>M\u00e1quina de emagrecimento Super Power Neo Sculptor<\/div>\n<\/td>\n<\/tr>\n<tr style=\"height: 29px;\">\n<td style=\"height: 29px;\" colspan=\"1\" rowspan=\"1\">\n<div>Intensidade de sa\u00edda<\/div>\n<\/td>\n<td style=\"height: 29px;\" colspan=\"1\" rowspan=\"1\">\n<div>0-33Tesla<\/div>\n<\/td>\n<\/tr>\n<tr style=\"height: 29px;\">\n<td style=\"height: 29px;\" colspan=\"1\" rowspan=\"1\">\n<div>Frequ\u00eancia de RF<\/div>\n<\/td>\n<td style=\"height: 29px;\" colspan=\"1\" rowspan=\"1\">\n<div>5MHz<\/div>\n<\/td>\n<\/tr>\n<tr style=\"height: 29px;\">\n<td style=\"height: 29px;\" colspan=\"1\" rowspan=\"1\">\n<div>\u00c1rea de tratamento<\/div>\n<\/td>\n<td style=\"height: 29px;\" colspan=\"1\" rowspan=\"1\">\n<div>Corpo, Pernas\/Bra\u00e7os, M\u00e3os, Abd\u00f4men, Quadris<\/div>\n<\/td>\n<\/tr>\n<tr style=\"height: 29px;\">\n<td style=\"height: 29px;\" colspan=\"1\" rowspan=\"1\">\n<div>Servi\u00e7o OEM<\/div>\n<\/td>\n<td style=\"height: 29px;\" colspan=\"1\" rowspan=\"1\">\n<div>OEM\/ODM\/Servi\u00e7o on-line 24 horas<\/div>\n<\/td>\n<\/tr>\n<tr style=\"height: 29px;\">\n<td style=\"height: 29px;\" colspan=\"1\" rowspan=\"1\">\n<div>Al\u00e7as<\/div>\n<\/td>\n<td style=\"height: 29px;\" colspan=\"1\" rowspan=\"1\">\n<div>4 Al\u00e7as<\/div>\n<\/td>\n<\/tr>\n<tr style=\"height: 29px;\">\n<td style=\"height: 29px;\" colspan=\"1\" rowspan=\"1\">\n<div>Tamanho<\/div>\n<\/td>\n<td style=\"height: 29px;\" colspan=\"1\" rowspan=\"1\">\n<div>670 mm * 376 mm * 900 mm<\/div>\n<\/td>\n<\/tr>\n<tr style=\"height: 29px;\">\n<td style=\"height: 29px;\" colspan=\"1\" rowspan=\"1\">\n<div>Peso<\/div>\n<\/td>\n<td style=\"height: 29px;\" colspan=\"1\" rowspan=\"1\">\n<div>52 kg<\/div>\n<\/td>\n<\/tr>\n<tr style=\"height: 29px;\">\n<td style=\"height: 29px;\" colspan=\"1\" rowspan=\"1\">\n<div>Tela<\/div>\n<\/td>\n<td style=\"height: 29px;\" colspan=\"1\" rowspan=\"1\">\n<div>15,6 polegadas<\/div>\n<\/td>\n<\/tr>\n<tr style=\"height: 29px;\">\n<td style=\"height: 29px;\" colspan=\"1\" rowspan=\"1\">\n<div>Tecnologia<\/div>\n<\/td>\n<td style=\"height: 29px;\" colspan=\"1\" rowspan=\"1\">\n<div>Princ\u00edpio de RF e EMS<\/div>\n<\/td>\n<\/tr>\n<\/tbody>\n<\/table>\n<\/div>\n<div>\n<div><\/div>\n<div><strong style=\"font-family: 'Playfair Display', serif; font-size: 32px; text-transform: capitalize;\">Personalizar O Logotipo<\/strong><\/div>\n<\/div>\n<div>\n<div>\n<p>Quer fazer sua marca se destacam? N\u00f3s oferecemos o logotipo personalizado servi\u00e7os para ajudar voc\u00ea a criar uma \u00fanica e personalizada logo que reflete a identidade de sua marca. Nossa equipe de especialistas ir\u00e1 trabalhar em estreita colabora\u00e7\u00e3o com voc\u00ea para criar um logotipo que est\u00e1 em conson\u00e2ncia com os valores da sua marca e de mensagens. Se voc\u00ea estiver olhando para renovar o seu logotipo existente ou criar um novo a partir do zero, n\u00f3s temos que cobertas. <a href=\"\/pt\/contato\/\">Contacte-nos<\/a> hoje para saber mais sobre o nosso logotipo personalizado servi\u00e7os!<\/p>\n<\/div>\n<div>\n<div>\n<div>\n<div><\/div>\n<\/div>\n<\/div>\n<\/div>\n<\/div>","protected":false},"excerpt":{"rendered":"<p>O NEO RF Sculptor \u00e9 um instrumento que elimina c\u00e9lulas de gordura e aumenta os m\u00fasculos de forma n\u00e3o invasiva por meio da combina\u00e7\u00e3o de aquecimento de radiofrequ\u00eancia sincronizado e ondas eletromagn\u00e9ticas focadas de alta intensidade. A for\u00e7a principal \u00e9 estimular e contrair os m\u00fasculos, reduzir a gordura, as partes aplic\u00e1veis incluem abd\u00f4men, n\u00e1degas, bra\u00e7os, panturrilhas e coxas.<\/p>","protected":false},"featured_media":2096,"comment_status":"open","ping_status":"closed","template":"","meta":{"_kad_post_transparent":"default","_kad_post_title":"","_kad_post_layout":"default","_kad_post_sidebar_id":"","_kad_post_content_style":"default","_kad_post_vertical_padding":"default","_kad_post_feature":"","_kad_post_feature_position":"","_kad_post_header":false,"_kad_post_footer":false,"_kad_post_classname":"","rank_math_title":"","rank_math_description":"","rank_math_focus_keyword":""},"product_brand":[],"product_cat":[31],"product_tag":[],"class_list":{"0":"post-1882","1":"product","2":"type-product","3":"status-publish","4":"has-post-thumbnail","6":"product_cat-body-slimming","8":"first","9":"instock","10":"sale","11":"shipping-taxable","12":"purchasable","13":"product-type-simple","14":"entry","15":"content-bg","16":"loop-entry"},"_links":{"self":[{"href":"https:\/\/skbty.com\/pt\/wp-json\/wp\/v2\/product\/1882","targetHints":{"allow":["GET"]}}],"collection":[{"href":"https:\/\/skbty.com\/pt\/wp-json\/wp\/v2\/product"}],"about":[{"href":"https:\/\/skbty.com\/pt\/wp-json\/wp\/v2\/types\/product"}],"replies":[{"embeddable":true,"href":"https:\/\/skbty.com\/pt\/wp-json\/wp\/v2\/comments?post=1882"}],"wp:featuredmedia":[{"embeddable":true,"href":"https:\/\/skbty.com\/pt\/wp-json\/wp\/v2\/media\/2096"}],"wp:attachment":[{"href":"https:\/\/skbty.com\/pt\/wp-json\/wp\/v2\/media?parent=1882"}],"wp:term":[{"taxonomy":"product_brand","embeddable":true,"href":"https:\/\/skbty.com\/pt\/wp-json\/wp\/v2\/product_brand?post=1882"},{"taxonomy":"product_cat","embeddable":true,"href":"https:\/\/skbty.com\/pt\/wp-json\/wp\/v2\/product_cat?post=1882"},{"taxonomy":"product_tag","embeddable":true,"href":"https:\/\/skbty.com\/pt\/wp-json\/wp\/v2\/product_tag?post=1882"}],"curies":[{"name":"Wp","href":"https:\/\/api.w.org\/{rel}","templated":true}]}}