{"id":1914,"date":"2023-06-15T18:14:58","date_gmt":"2023-06-15T10:14:58","guid":{"rendered":"https:\/\/skbty.com\/?post_type=product&#038;p=1914"},"modified":"2024-06-24T19:00:35","modified_gmt":"2024-06-24T11:00:35","slug":"maquina-de-emagrecimento-de-congelamento-de-gordura-de-criolipolise-360-portatil","status":"publish","type":"product","link":"https:\/\/skbty.com\/pt\/product\/maquina-de-emagrecimento-de-congelamento-de-gordura-de-criolipolise-360-portatil\/","title":{"rendered":"M\u00e1quina de emagrecimento e congelamento de gordura de criolip\u00f3lise 360 port\u00e1til"},"content":{"rendered":"<div>\n<h1><strong>M\u00e1quina de emagrecimento com congelamento de gordura por criolip\u00f3lise: a solu\u00e7\u00e3o definitiva para modelagem corporal<\/strong><\/h1>\n<h2><strong>Caracter\u00edsticas da m\u00e1quina:<\/strong><\/h2>\n<ul>\n<li><strong>Nome:<\/strong> M\u00e1quina de congelamento de gordura por criolip\u00f3lise<\/li>\n<li><strong>Uso:<\/strong>\u00a0Corpo, rosto<\/li>\n<li><strong>Servi\u00e7o OEM:<\/strong>\u00a0Apoiar<\/li>\n<li><strong>Al\u00e7as:<\/strong>\u00a09 Al\u00e7as 6 em 1<\/li>\n<li><strong>Tecnologia:<\/strong>\u00a0Congelamento Frio<\/li>\n<li><strong>Par\u00e2metros do produto:<\/strong>\n<ul>\n<li>Modo de alimenta\u00e7\u00e3o: AC220V:10%, 50HZ; AC110V:10%, 60HZ<\/li>\n<li>Pot\u00eancia nominal: 800W<\/li>\n<li>Press\u00e3o negativa: 0-80Kpa<\/li>\n<li>Resfriamento: -10\u2103 a 45\u2103<\/li>\n<li>Pot\u00eancia do laser: 100mw\/pcs<\/li>\n<li>Frequ\u00eancia de cavita\u00e7\u00e3o: 40KHz<\/li>\n<li>Frequ\u00eancia RF: 5MHz<\/li>\n<li>Quantidade de crio: 3 pe\u00e7as<\/li>\n<li>L\u00edquido de arrefecimento: \u00c1gua purificada ou l\u00edquido de arrefecimento especial<\/li>\n<li>Temperatura ambiente: 5\u00b0C-40\u00b0C<\/li>\n<li>Humidade relativa: \u226480%<\/li>\n<li>Tela sens\u00edvel ao toque: 8 polegadas<\/li>\n<li>Tamanho da m\u00e1quina: 63<em>55<\/em>96 cm<\/li>\n<li>Tamanho da embalagem: 64<em>43<\/em>64 cm<\/li>\n<li>Peso bruto: 40 kg<\/li>\n<\/ul>\n<\/li>\n<\/ul>\n<h2><img loading=\"lazy\" decoding=\"async\" class=\"aligncenter wp-image-2223\" title=\"Criolip\u00f3lise Congelamento de gordura Emagrecimento\" src=\"https:\/\/skbty.com\/wp-content\/uploads\/2023\/06\/1111.png\" alt=\"Criolip\u00f3lise Congelamento de gordura Emagrecimento\" width=\"647\" height=\"930\" srcset=\"https:\/\/skbty.com\/wp-content\/uploads\/2023\/06\/1111.png 790w, https:\/\/skbty.com\/wp-content\/uploads\/2023\/06\/1111-209x300.png 209w, https:\/\/skbty.com\/wp-content\/uploads\/2023\/06\/1111-713x1024.png 713w, https:\/\/skbty.com\/wp-content\/uploads\/2023\/06\/1111-768x1103.png 768w, https:\/\/skbty.com\/wp-content\/uploads\/2023\/06\/1111-600x862.png 600w\" sizes=\"auto, (max-width: 647px) 100vw, 647px\" \/><\/h2>\n<h2><strong>O que \u00e9 o congelamento de gordura por criolip\u00f3lise?<\/strong><\/h2>\n<p>O congelamento de gordura por criolip\u00f3lise \u00e9 um m\u00e9todo inovador e n\u00e3o invasivo que usa tecnologia de resfriamento para atingir e eliminar c\u00e9lulas de gordura, resultando em redu\u00e7\u00e3o vis\u00edvel de gordura e modelagem corporal. Essa tecnologia \u00e9 ideal para aqueles que lutam para eliminar gordura por meio de exerc\u00edcios ou dieta.<\/p>\n<h2><img loading=\"lazy\" decoding=\"async\" class=\"aligncenter wp-image-2227\" title=\"Criolip\u00f3lise Congelamento de gordura Emagrecimento\" src=\"https:\/\/skbty.com\/wp-content\/uploads\/2023\/06\/H063711e978834fb9ad0d3334f53c5136e.png\" alt=\"Criolip\u00f3lise Congelamento de gordura Emagrecimento\" width=\"558\" height=\"452\" srcset=\"https:\/\/skbty.com\/wp-content\/uploads\/2023\/06\/H063711e978834fb9ad0d3334f53c5136e.png 790w, https:\/\/skbty.com\/wp-content\/uploads\/2023\/06\/H063711e978834fb9ad0d3334f53c5136e-300x243.png 300w, https:\/\/skbty.com\/wp-content\/uploads\/2023\/06\/H063711e978834fb9ad0d3334f53c5136e-768x621.png 768w, https:\/\/skbty.com\/wp-content\/uploads\/2023\/06\/H063711e978834fb9ad0d3334f53c5136e-600x485.png 600w\" sizes=\"auto, (max-width: 558px) 100vw, 558px\" \/><\/h2>\n<h2><strong>Como funciona: a ci\u00eancia por tr\u00e1s da criolip\u00f3lise<\/strong><\/h2>\n<p>A criolip\u00f3lise funciona congelando com precis\u00e3o as c\u00e9lulas de gordura, fazendo com que elas morram naturalmente. Ap\u00f3s o congelamento, a gordura nas c\u00e9lulas de gordura \u00e9 cristalizada mais r\u00e1pido do que as c\u00e9lulas normais. As c\u00e9lulas de gordura restantes s\u00e3o reorganizadas e, ap\u00f3s um tratamento, as c\u00e9lulas de gordura cristalizadas morrem gradualmente e s\u00e3o naturalmente eliminadas do corpo. Isso resulta em uma diminui\u00e7\u00e3o na espessura da gordura e uma curva corporal mais \u00f3bvia.<\/p>\n<h2><strong>NOVA TECNOLOGIA-CRYO ANGLE<\/strong><\/h2>\n<p>Cryo Angle \u00e9 a mais recente tecnologia de resfriamento por congelamento de gordura que usa um aplicador especial de 360\u00b0 para atingir a gordura teimosa que \u00e9 resistente a mudan\u00e7as na dieta e exerc\u00edcios, congelando, destruindo e eliminando permanentemente as c\u00e9lulas de gordura sob a pele sem danificar as camadas circundantes.<\/p>\n<table style=\"border-collapse: collapse; width: 100%;\">\n<tbody>\n<tr>\n<td style=\"width: 50%;\"><img loading=\"lazy\" decoding=\"async\" class=\"aligncenter\" title=\"Criolip\u00f3lise Congelamento de gordura Emagrecimento\" src=\"https:\/\/sc04.alicdn.com\/kf\/Hf6ce5f60b4ce4bccabf1d0948f6c75c25\/247315878\/Hf6ce5f60b4ce4bccabf1d0948f6c75c25.jpg\" alt=\"Criolip\u00f3lise Congelamento de gordura Emagrecimento\" width=\"585\" height=\"936\" data-src=\"\/\/sc04.alicdn.com\/kf\/Hf6ce5f60b4ce4bccabf1d0948f6c75c25\/247315878\/Hf6ce5f60b4ce4bccabf1d0948f6c75c25.jpg\" \/><\/td>\n<td style=\"width: 50%;\"><img loading=\"lazy\" decoding=\"async\" class=\"aligncenter\" title=\"Criolip\u00f3lise Congelamento de gordura Emagrecimento\" src=\"https:\/\/sc04.alicdn.com\/kf\/Hc3fdd2e471114ffaae7a98571afb2dafR\/247315878\/Hc3fdd2e471114ffaae7a98571afb2dafR.jpg\" alt=\"Criolip\u00f3lise Congelamento de gordura Emagrecimento\" width=\"750\" height=\"1200\" data-src=\"\/\/sc04.alicdn.com\/kf\/Hc3fdd2e471114ffaae7a98571afb2dafR\/247315878\/Hc3fdd2e471114ffaae7a98571afb2dafR.jpg\" \/><\/td>\n<\/tr>\n<\/tbody>\n<\/table>\n<table style=\"border-collapse: collapse; width: 100%;\">\n<tbody>\n<tr>\n<td style=\"width: 50%;\"><img loading=\"lazy\" decoding=\"async\" class=\"aligncenter\" title=\"Criolip\u00f3lise Congelamento de gordura Emagrecimento\" src=\"https:\/\/sc04.alicdn.com\/kf\/H97d483bcd0884bae882ae8d2ea1e88b83\/247315878\/H97d483bcd0884bae882ae8d2ea1e88b83.jpg\" alt=\"Criolip\u00f3lise Congelamento de gordura Emagrecimento\" width=\"750\" height=\"1200\" data-src=\"\/\/sc04.alicdn.com\/kf\/H97d483bcd0884bae882ae8d2ea1e88b83\/247315878\/H97d483bcd0884bae882ae8d2ea1e88b83.jpg\" \/><\/td>\n<td style=\"width: 50%;\"><img loading=\"lazy\" decoding=\"async\" class=\"aligncenter\" title=\"Criolip\u00f3lise Congelamento de gordura Emagrecimento\" src=\"https:\/\/sc04.alicdn.com\/kf\/H720d5c6a69b64381babbac46a827e026U\/247315878\/H720d5c6a69b64381babbac46a827e026U.jpg\" alt=\"Criolip\u00f3lise Congelamento de gordura Emagrecimento\" width=\"750\" height=\"1200\" data-src=\"\/\/sc04.alicdn.com\/kf\/H720d5c6a69b64381babbac46a827e026U\/247315878\/H720d5c6a69b64381babbac46a827e026U.jpg\" \/><\/td>\n<\/tr>\n<\/tbody>\n<\/table>\n<h2><strong>Benef\u00edcios:<\/strong><\/h2>\n<ul>\n<li><strong>Redu\u00e7\u00e3o de gordura vis\u00edvel:<\/strong>\u00a0A criolip\u00f3lise resulta em redu\u00e7\u00e3o vis\u00edvel de gordura e modelagem corporal.<\/li>\n<li><strong>N\u00e3o invasivo:<\/strong>\u00a0Essa tecnologia n\u00e3o \u00e9 invasiva e n\u00e3o danifica os tecidos circundantes.<\/li>\n<li><strong>Resultados permanentes:<\/strong>\u00a0As c\u00e9lulas de gordura s\u00e3o eliminadas permanentemente, proporcionando resultados a longo prazo.<\/li>\n<li><strong>F\u00e1cil de usar:<\/strong>\u00a0A m\u00e1quina de congelamento de gordura Cool \u00e9 f\u00e1cil de usar e vem com uma interface amig\u00e1vel.<\/li>\n<\/ul>\n<h2><strong>Conclus\u00e3o:<\/strong><\/h2>\n<p>A Cool Fat Freezing Machine \u00e9 uma tecnologia revolucion\u00e1ria que usa tecnologia avan\u00e7ada de resfriamento para atingir e eliminar c\u00e9lulas de gordura, resultando em redu\u00e7\u00e3o vis\u00edvel de gordura e modelagem corporal. Com sua abordagem n\u00e3o invasiva e segura, esta m\u00e1quina \u00e9 a solu\u00e7\u00e3o definitiva para aqueles que buscam obter um corpo mais magro e tonificado.<\/p>\n<\/div>\n<div>\n<div><\/div>\n<div><img loading=\"lazy\" decoding=\"async\" class=\"aligncenter wp-image-2226\" title=\"Criolip\u00f3lise Congelamento de gordura Emagrecimento\" src=\"https:\/\/skbty.com\/wp-content\/uploads\/2023\/06\/H063711e978834fb9ad0d3334f53c5136e.jpg\" alt=\"Criolip\u00f3lise Congelamento de gordura Emagrecimento\" width=\"498\" height=\"432\" srcset=\"https:\/\/skbty.com\/wp-content\/uploads\/2023\/06\/H063711e978834fb9ad0d3334f53c5136e.jpg 790w, https:\/\/skbty.com\/wp-content\/uploads\/2023\/06\/H063711e978834fb9ad0d3334f53c5136e-300x260.jpg 300w, https:\/\/skbty.com\/wp-content\/uploads\/2023\/06\/H063711e978834fb9ad0d3334f53c5136e-768x666.jpg 768w, https:\/\/skbty.com\/wp-content\/uploads\/2023\/06\/H063711e978834fb9ad0d3334f53c5136e-600x520.jpg 600w\" sizes=\"auto, (max-width: 498px) 100vw, 498px\" \/><\/div>\n<div><\/div>\n<div>\n<div>\n<div>\n<div class=\"layoutkit-flexbox css-qyvfwg\">\n<div class=\"layoutkit-flexbox css-i80ya5\">\n<div tabindex=\"0\" data-testid=\"virtuoso-scroller\" data-virtuoso-scroller=\"true\">\n<div data-viewport-type=\"element\">\n<div data-testid=\"virtuoso-item-list\">\n<div data-index=\"2\" data-known-size=\"2325\" data-item-index=\"2\">\n<div class=\"layoutkit-flexbox css-fwqjpa acss-xqi55h\">\n<div class=\"layoutkit-flexbox css-9pyqzz acss-4ej7mt\">\n<div class=\"layoutkit-flexbox css-roa2v7 acss-1fr3od3\">\n<div class=\"layoutkit-flexbox css-9pyqzz acss-13xnlhu\" role=\"menubar\">\n<div class=\"layoutkit-flexbox css-7k1dqj acss-r7dee\">\n<h2 class=\"acss-55oylt\"><strong style=\"font-family: 'Playfair Display', serif; font-size: 24px; text-transform: capitalize;\">Personalizar O Logotipo<\/strong><\/h2>\n<\/div>\n<\/div>\n<\/div>\n<\/div>\n<\/div>\n<\/div>\n<\/div>\n<\/div>\n<\/div>\n<\/div>\n<\/div>\n<\/div>\n<\/div>\n<div>\n<p>Quer fazer sua marca se destacam? N\u00f3s oferecemos o logotipo personalizado servi\u00e7os para ajudar voc\u00ea a criar uma \u00fanica e personalizada logo que reflete a identidade de sua marca. Nossa equipe de especialistas ir\u00e1 trabalhar em estreita colabora\u00e7\u00e3o com voc\u00ea para criar um logotipo que est\u00e1 em conson\u00e2ncia com os valores da sua marca e de mensagens. Se voc\u00ea estiver olhando para renovar o seu logotipo existente ou criar um novo a partir do zero, n\u00f3s temos que cobertas. <a href=\"\/pt\/contato\/\">Contacte-nos<\/a> hoje para saber mais sobre o nosso logotipo personalizado servi\u00e7os!<\/p>\n<\/div>\n<\/div>\n<\/div>","protected":false},"excerpt":{"rendered":"<p>Descubra a revolucion\u00e1ria m\u00e1quina de congelamento de gordura que usa tecnologia avan\u00e7ada de resfriamento para atingir e eliminar c\u00e9lulas de gordura, resultando em redu\u00e7\u00e3o vis\u00edvel de gordura e modelagem corporal.<\/p>","protected":false},"featured_media":1915,"comment_status":"open","ping_status":"closed","template":"","meta":{"_kad_post_transparent":"default","_kad_post_title":"","_kad_post_layout":"default","_kad_post_sidebar_id":"","_kad_post_content_style":"default","_kad_post_vertical_padding":"default","_kad_post_feature":"","_kad_post_feature_position":"","_kad_post_header":false,"_kad_post_footer":false,"_kad_post_classname":"","rank_math_title":"","rank_math_description":"","rank_math_focus_keyword":""},"product_brand":[],"product_cat":[31],"product_tag":[],"class_list":{"0":"post-1914","1":"product","2":"type-product","3":"status-publish","4":"has-post-thumbnail","6":"product_cat-body-slimming","8":"first","9":"instock","10":"shipping-taxable","11":"product-type-simple","12":"entry","13":"content-bg","14":"loop-entry"},"_links":{"self":[{"href":"https:\/\/skbty.com\/pt\/wp-json\/wp\/v2\/product\/1914","targetHints":{"allow":["GET"]}}],"collection":[{"href":"https:\/\/skbty.com\/pt\/wp-json\/wp\/v2\/product"}],"about":[{"href":"https:\/\/skbty.com\/pt\/wp-json\/wp\/v2\/types\/product"}],"replies":[{"embeddable":true,"href":"https:\/\/skbty.com\/pt\/wp-json\/wp\/v2\/comments?post=1914"}],"wp:featuredmedia":[{"embeddable":true,"href":"https:\/\/skbty.com\/pt\/wp-json\/wp\/v2\/media\/1915"}],"wp:attachment":[{"href":"https:\/\/skbty.com\/pt\/wp-json\/wp\/v2\/media?parent=1914"}],"wp:term":[{"taxonomy":"product_brand","embeddable":true,"href":"https:\/\/skbty.com\/pt\/wp-json\/wp\/v2\/product_brand?post=1914"},{"taxonomy":"product_cat","embeddable":true,"href":"https:\/\/skbty.com\/pt\/wp-json\/wp\/v2\/product_cat?post=1914"},{"taxonomy":"product_tag","embeddable":true,"href":"https:\/\/skbty.com\/pt\/wp-json\/wp\/v2\/product_tag?post=1914"}],"curies":[{"name":"Wp","href":"https:\/\/api.w.org\/{rel}","templated":true}]}}