{"id":1922,"date":"2023-06-15T18:21:50","date_gmt":"2023-06-15T10:21:50","guid":{"rendered":"https:\/\/skbty.com\/?post_type=product&#038;p=1922"},"modified":"2024-06-24T18:32:55","modified_gmt":"2024-06-24T10:32:55","slug":"360-criolipolise-emagrecimento-gordura-congelamento-perda-de-peso-maquina","status":"publish","type":"product","link":"https:\/\/skbty.com\/pt\/product\/360-criolipolise-emagrecimento-gordura-congelamento-perda-de-peso-maquina\/","title":{"rendered":"360 Cryolipolysis Slimming Fat Freeze M\u00e1quina de perda de peso"},"content":{"rendered":"<div>\n<h1><strong>360 Cryolipolysis Slimming Fat Freezing Body Weight Loss Machine: A solu\u00e7\u00e3o definitiva para modelagem corporal<\/strong><\/h1>\n<h2><strong>O que \u00e9 Criolip\u00f3lise e Congelamento de Gordura para Emagrecimento?<\/strong><\/h2>\n<p>Cryolipolysis Slimming Fat Freezing \u00e9 um m\u00e9todo inovador e n\u00e3o invasivo que reduz a gordura de forma suave e eficaz em \u00e1reas espec\u00edficas do corpo, resultando em redu\u00e7\u00e3o de gordura vis\u00edvel e avan\u00e7ada na \u00e1rea tratada. Esta tecnologia usa o resfriamento para atingir seletivamente as protuber\u00e2ncias de gordura e eliminar as c\u00e9lulas de gordura por meio de um processo gradual que n\u00e3o prejudica os tecidos circundantes, reduzindo o excesso de gordura.<\/p>\n<table style=\"border-collapse: collapse; width: 100%;\">\n<tbody>\n<tr>\n<td style=\"width: 50%;\">\n<h2><img loading=\"lazy\" decoding=\"async\" class=\"aligncenter\" title=\"Criolip\u00f3lise Emagrecimento Congelamento de Gordura\" src=\"https:\/\/sc04.alicdn.com\/kf\/H93747fe0d3274ad29ed2d4e9acf34903d\/247315878\/H93747fe0d3274ad29ed2d4e9acf34903d.jpg\" alt=\"Criolip\u00f3lise Emagrecimento Congelamento de Gordura\" width=\"558\" height=\"539\" data-src=\"\/\/sc04.alicdn.com\/kf\/H93747fe0d3274ad29ed2d4e9acf34903d\/247315878\/H93747fe0d3274ad29ed2d4e9acf34903d.jpg\" \/><\/h2>\n<\/td>\n<td style=\"width: 50%;\"><img loading=\"lazy\" decoding=\"async\" class=\"aligncenter\" title=\"Criolip\u00f3lise Emagrecimento Congelamento de Gordura\" src=\"https:\/\/sc04.alicdn.com\/kf\/H8f31b42148964c8db525800df7b68c06S\/247315878\/H8f31b42148964c8db525800df7b68c06S.jpg\" alt=\"Criolip\u00f3lise Emagrecimento Congelamento de Gordura\" width=\"750\" height=\"589\" data-src=\"\/\/sc04.alicdn.com\/kf\/H8f31b42148964c8db525800df7b68c06S\/247315878\/H8f31b42148964c8db525800df7b68c06S.jpg\" \/><\/td>\n<\/tr>\n<\/tbody>\n<\/table>\n<h2><strong>Como funciona: a ci\u00eancia por tr\u00e1s da criolip\u00f3lise<\/strong><\/h2>\n<p>A criolip\u00f3lise funciona usando tecnologia de resfriamento para atingir e congelar c\u00e9lulas de gordura, que s\u00e3o ent\u00e3o naturalmente eliminadas pelo corpo. Este processo \u00e9 seguro e n\u00e3o prejudica os tecidos circundantes. O resfriamento de contato das m\u00e3os ajusta a temperatura da pele de um lado, protege a estrutura d\u00e9rmica fina e atinge o efeito de redu\u00e7\u00e3o de gordura e modelagem corporal enquanto estica a pele.<\/p>\n<h2><strong>Caracter\u00edsticas da m\u00e1quina:<\/strong><\/h2>\n<ul>\n<li><strong>Nome:<\/strong>\u00a0360 Cryo Slimming Fat Freezing M\u00e1quina de perda de peso corporal<\/li>\n<li><strong>Uso:<\/strong>\u00a0Corpo, rosto<\/li>\n<li><strong>Servi\u00e7o OEM:<\/strong>\u00a0Apoiar<\/li>\n<li><strong>Al\u00e7as:<\/strong>\u00a09 Al\u00e7as 6 em 1<\/li>\n<li><strong>Tecnologia:<\/strong>\u00a0Congelamento Frio<\/li>\n<li><strong>NOVA TECNOLOGIA-CRIO \u00c2NGULO:<\/strong>\u00a0Cryo Angle \u00e9 a mais recente tecnologia de resfriamento por congelamento de gordura que usa um aplicador especial de 360\u00b0 para atingir a gordura teimosa que \u00e9 resistente a mudan\u00e7as na dieta e exerc\u00edcios, congelando, destruindo e eliminando permanentemente as c\u00e9lulas de gordura sob a pele sem danificar as camadas circundantes.<\/li>\n<\/ul>\n<table style=\"border-collapse: collapse; width: 100%;\">\n<tbody>\n<tr>\n<td style=\"width: 50%;\"><img loading=\"lazy\" decoding=\"async\" class=\"aligncenter\" title=\"Criolip\u00f3lise Emagrecimento Congelamento de Gordura\" src=\"https:\/\/sc04.alicdn.com\/kf\/H05a8a8d574f44035ad6ddea538857e36o\/247315878\/H05a8a8d574f44035ad6ddea538857e36o.jpg\" alt=\"Criolip\u00f3lise Emagrecimento Congelamento de Gordura\" width=\"750\" height=\"1169\" data-src=\"\/\/sc04.alicdn.com\/kf\/H05a8a8d574f44035ad6ddea538857e36o\/247315878\/H05a8a8d574f44035ad6ddea538857e36o.jpg\" \/><\/td>\n<td style=\"width: 50%;\"><img loading=\"lazy\" decoding=\"async\" class=\"aligncenter\" title=\"Criolip\u00f3lise Emagrecimento Congelamento de Gordura\" src=\"https:\/\/sc04.alicdn.com\/kf\/Ha9bd41f1b1294b9ab5f290be0db5811cx\/247315878\/Ha9bd41f1b1294b9ab5f290be0db5811cx.jpg\" alt=\"Criolip\u00f3lise Emagrecimento Congelamento de Gordura\" width=\"750\" height=\"1203\" data-src=\"\/\/sc04.alicdn.com\/kf\/Ha9bd41f1b1294b9ab5f290be0db5811cx\/247315878\/Ha9bd41f1b1294b9ab5f290be0db5811cx.jpg\" \/><\/td>\n<\/tr>\n<\/tbody>\n<\/table>\n<h2><img loading=\"lazy\" decoding=\"async\" class=\"aligncenter\" title=\"Criolip\u00f3lise Emagrecimento Congelamento de Gordura\" src=\"https:\/\/sc04.alicdn.com\/kf\/Ha55884564ba34b39ab35c8ce12688fdaJ\/247315878\/Ha55884564ba34b39ab35c8ce12688fdaJ.jpg\" alt=\"Criolip\u00f3lise Emagrecimento Congelamento de Gordura\" width=\"459\" height=\"508\" data-src=\"\/\/sc04.alicdn.com\/kf\/Ha55884564ba34b39ab35c8ce12688fdaJ\/247315878\/Ha55884564ba34b39ab35c8ce12688fdaJ.jpg\" \/><\/h2>\n<h2><strong>Benef\u00edcios:<\/strong><\/h2>\n<ul>\n<li><strong>Redu\u00e7\u00e3o de gordura vis\u00edvel:<\/strong>\u00a0A criolip\u00f3lise resulta em redu\u00e7\u00e3o vis\u00edvel e avan\u00e7ada de gordura na \u00e1rea tratada.<\/li>\n<li><strong>Modelagem corporal:<\/strong>\u00a0Essa tecnologia atinge o efeito de redu\u00e7\u00e3o de gordura e modelagem corporal, ao mesmo tempo em que estica a pele.<\/li>\n<li><strong>N\u00e3o invasivo:<\/strong>\u00a0A criolip\u00f3lise \u00e9 um m\u00e9todo n\u00e3o invasivo que n\u00e3o danifica os tecidos circundantes.<\/li>\n<li><strong>Resultados permanentes:<\/strong>\u00a0As c\u00e9lulas de gordura s\u00e3o eliminadas permanentemente, proporcionando resultados a longo prazo.<\/li>\n<\/ul>\n<h2><strong>Conclus\u00e3o:<\/strong><\/h2>\n<p>A M\u00e1quina de Emagrecimento, Congelamento de Gordura e Perda de Peso Corporal 360 Cryolipolysis \u00e9 uma tecnologia revolucion\u00e1ria que usa tecnologia de resfriamento avan\u00e7ada para atingir e eliminar c\u00e9lulas de gordura, resultando em redu\u00e7\u00e3o vis\u00edvel de gordura e modelagem corporal. Com sua abordagem n\u00e3o invasiva e segura, esta m\u00e1quina \u00e9 a solu\u00e7\u00e3o definitiva para aqueles que buscam obter um corpo mais magro e tonificado.<\/p>\n<\/div>\n<div><\/div>\n<div>\n<div>\n<div>\n<div>\n<div>\n<div><img loading=\"lazy\" decoding=\"async\" class=\"aligncenter\" title=\"Criolip\u00f3lise Emagrecimento Congelamento de Gordura\" src=\"https:\/\/sc04.alicdn.com\/kf\/H0e947c357e5440d89f0aa442f0031adah\/247315878\/H0e947c357e5440d89f0aa442f0031adah.jpg\" alt=\"Criolip\u00f3lise Emagrecimento Congelamento de Gordura\" width=\"508\" height=\"997\" data-src=\"\/\/sc04.alicdn.com\/kf\/H0e947c357e5440d89f0aa442f0031adah\/247315878\/H0e947c357e5440d89f0aa442f0031adah.jpg\" \/><\/div>\n<\/div>\n<div>\n<div>\n<div>\n<div class=\"layoutkit-flexbox css-qyvfwg\">\n<div class=\"layoutkit-flexbox css-i80ya5\">\n<div tabindex=\"0\" data-testid=\"virtuoso-scroller\" data-virtuoso-scroller=\"true\">\n<div data-viewport-type=\"element\">\n<div data-testid=\"virtuoso-item-list\">\n<div data-index=\"2\" data-known-size=\"2325\" data-item-index=\"2\">\n<div class=\"layoutkit-flexbox css-fwqjpa acss-xqi55h\">\n<div class=\"layoutkit-flexbox css-9pyqzz acss-4ej7mt\">\n<div class=\"layoutkit-flexbox css-roa2v7 acss-1fr3od3\">\n<div class=\"layoutkit-flexbox css-9pyqzz acss-13xnlhu\" role=\"menubar\">\n<div class=\"layoutkit-flexbox css-7k1dqj acss-r7dee\">\n<h2 class=\"acss-55oylt\"><strong style=\"font-family: 'Playfair Display', serif; font-size: 24px; text-transform: capitalize;\">Personalizar O Logotipo<\/strong><\/h2>\n<\/div>\n<\/div>\n<\/div>\n<\/div>\n<\/div>\n<\/div>\n<\/div>\n<\/div>\n<\/div>\n<\/div>\n<\/div>\n<\/div>\n<\/div>\n<div>\n<p>Quer fazer sua marca se destacam? N\u00f3s oferecemos o logotipo personalizado servi\u00e7os para ajudar voc\u00ea a criar uma \u00fanica e personalizada logo que reflete a identidade de sua marca. Nossa equipe de especialistas ir\u00e1 trabalhar em estreita colabora\u00e7\u00e3o com voc\u00ea para criar um logotipo que est\u00e1 em conson\u00e2ncia com os valores da sua marca e de mensagens. Se voc\u00ea estiver olhando para renovar o seu logotipo existente ou criar um novo a partir do zero, n\u00f3s temos que cobertas. <a href=\"\/pt\/contato\/\">Contacte-nos<\/a> hoje para saber mais sobre o nosso logotipo personalizado servi\u00e7os!<\/p>\n<\/div>\n<div>\n<div>\n<div>\n<div>\n<div><\/div>\n<\/div>\n<\/div>\n<\/div>\n<\/div>\n<\/div>\n<\/div>\n<\/div>\n<\/div>\n<\/div>","protected":false},"excerpt":{"rendered":"<div class=\"J_module\">\n<div class=\"detail-decorate-json-renderer-container\">\n<div class=\"magic-2\">\n<div class=\"magic-5\">\n<div class=\"magic-6\">\n<div class=\"magic-7\"><span class=\"magic-8\" data-spm-anchor-id=\"a2700.details.0.i45.6af76191eTByXc\">A criolip\u00f3lise \u00e9 um m\u00e9todo novo e n\u00e3o invasivo que reduz a gordura de forma suave e eficaz em \u00e1reas espec\u00edficas do corpo, resultando em redu\u00e7\u00e3o de gordura vis\u00edvel e avan\u00e7ada na \u00e1rea tratada. Como os triglicer\u00eddeos na gordura s\u00e3o convertidos em s\u00f3lidos em temperaturas extremamente baixas, ela usa tecnologia de resfriamento para atingir seletivamente as protuber\u00e2ncias de gordura e eliminar as c\u00e9lulas de gordura por meio de um processo gradual que n\u00e3o prejudica os tecidos circundantes, reduzindo o excesso de gordura. O resfriamento de contato das m\u00e3os ajusta a temperatura da pele de um lado, protege a estrutura d\u00e9rmica fina e atinge o efeito de redu\u00e7\u00e3o de gordura e modelagem corporal enquanto estica a pele! M\u00e1quina de emagrecimento por congelamento para modelagem corporal, sistema de congelamento para derreter gordura e sistema de beleza para derreter gordura e congelar celulite.<\/span><\/div>\n<\/div>\n<\/div>\n<\/div>\n<\/div>\n<\/div>\n<div class=\"J_module\"><\/div>","protected":false},"featured_media":1923,"comment_status":"open","ping_status":"closed","template":"","meta":{"_kad_post_transparent":"default","_kad_post_title":"","_kad_post_layout":"default","_kad_post_sidebar_id":"","_kad_post_content_style":"default","_kad_post_vertical_padding":"default","_kad_post_feature":"","_kad_post_feature_position":"","_kad_post_header":false,"_kad_post_footer":false,"_kad_post_classname":"","rank_math_title":"","rank_math_description":"","rank_math_focus_keyword":""},"product_brand":[],"product_cat":[31],"product_tag":[],"class_list":{"0":"post-1922","1":"product","2":"type-product","3":"status-publish","4":"has-post-thumbnail","6":"product_cat-body-slimming","8":"first","9":"instock","10":"shipping-taxable","11":"product-type-simple","12":"entry","13":"content-bg","14":"loop-entry"},"_links":{"self":[{"href":"https:\/\/skbty.com\/pt\/wp-json\/wp\/v2\/product\/1922","targetHints":{"allow":["GET"]}}],"collection":[{"href":"https:\/\/skbty.com\/pt\/wp-json\/wp\/v2\/product"}],"about":[{"href":"https:\/\/skbty.com\/pt\/wp-json\/wp\/v2\/types\/product"}],"replies":[{"embeddable":true,"href":"https:\/\/skbty.com\/pt\/wp-json\/wp\/v2\/comments?post=1922"}],"wp:featuredmedia":[{"embeddable":true,"href":"https:\/\/skbty.com\/pt\/wp-json\/wp\/v2\/media\/1923"}],"wp:attachment":[{"href":"https:\/\/skbty.com\/pt\/wp-json\/wp\/v2\/media?parent=1922"}],"wp:term":[{"taxonomy":"product_brand","embeddable":true,"href":"https:\/\/skbty.com\/pt\/wp-json\/wp\/v2\/product_brand?post=1922"},{"taxonomy":"product_cat","embeddable":true,"href":"https:\/\/skbty.com\/pt\/wp-json\/wp\/v2\/product_cat?post=1922"},{"taxonomy":"product_tag","embeddable":true,"href":"https:\/\/skbty.com\/pt\/wp-json\/wp\/v2\/product_tag?post=1922"}],"curies":[{"name":"Wp","href":"https:\/\/api.w.org\/{rel}","templated":true}]}}