{"id":1928,"date":"2023-06-15T18:40:54","date_gmt":"2023-06-15T10:40:54","guid":{"rendered":"https:\/\/skbty.com\/?post_type=product&#038;p=1928"},"modified":"2024-06-24T15:31:23","modified_gmt":"2024-06-24T07:31:23","slug":"uso-domestico-1-alca-ems-maquina-de-emagrecimento-corporal","status":"publish","type":"product","link":"https:\/\/skbty.com\/pt\/product\/uso-domestico-1-alca-ems-maquina-de-emagrecimento-corporal\/","title":{"rendered":"M\u00e1quina de emagrecimento corporal EMS de 1 al\u00e7a para uso dom\u00e9stico"},"content":{"rendered":"<div>\n<div>\n<div class=\"layoutkit-flexbox css-qyvfwg\">\n<div class=\"layoutkit-flexbox css-i80ya5\">\n<div tabindex=\"0\" data-testid=\"virtuoso-scroller\" data-virtuoso-scroller=\"true\">\n<div data-viewport-type=\"element\">\n<div data-testid=\"virtuoso-item-list\">\n<div data-index=\"2\" data-known-size=\"2325\" data-item-index=\"2\">\n<div class=\"layoutkit-flexbox css-fwqjpa acss-xqi55h\">\n<div class=\"layoutkit-flexbox css-9pyqzz acss-4ej7mt\">\n<div class=\"layoutkit-flexbox css-roa2v7 acss-1fr3od3\">\n<div class=\"layoutkit-flexbox css-o3n4io acss-9nl0uq\">\n<div id=\"EuHgFA58\" class=\"layoutkit-flexbox css-fr78qt\">\n<div>\n<article data-code-type=\"markdown\">\n<div class=\"acss-1x7ejwa\">\n<h1><strong>O guia definitivo para uso dom\u00e9stico M\u00e1quina de emagrecimento corporal EMS de 1 al\u00e7a<\/strong><\/h1>\n<h2><strong>Revolucione seu corpo com tecnologia eletromagn\u00e9tica pulsada de alta intensidade<\/strong><\/h2>\n<p>Voc\u00ea est\u00e1 cansado de tentar diferentes m\u00e9todos de perda de peso com pouco ou nenhum resultado? Voc\u00ea quer atingir um corpo mais magro sem passar por procedimentos invasivos ou passar horas na academia? N\u00e3o procure mais! A M\u00e1quina de Emagrecimento Corporal EMS de 1 Al\u00e7a para Uso Dom\u00e9stico \u00e9 uma virada de jogo no mundo da tecnologia de emagrecimento corporal.<\/p>\n<h2><strong>Como funciona: a ci\u00eancia por tr\u00e1s da tecnologia HI-EMT<\/strong><\/h2>\n<p>A M\u00e1quina de Emagrecimento Corporal EMS de 1 Al\u00e7a para Uso Dom\u00e9stico usa tecnologia eletromagn\u00e9tica pulsada de alta intensidade para estimular contra\u00e7\u00f5es musculares. Essa tecnologia \u00e9 baseada no princ\u00edpio de que os m\u00fasculos podem ser for\u00e7ados a se contrair e relaxar rapidamente, resultando em aumento da massa muscular e redu\u00e7\u00e3o da gordura.<\/p>\n<h2><img loading=\"lazy\" decoding=\"async\" class=\"aligncenter\" title=\"M\u00e1quina de emagrecimento corporal EMS\" src=\"https:\/\/sc04.alicdn.com\/kf\/Hee7834dbc6924c72b14598a28ee78993G\/247315878\/Hee7834dbc6924c72b14598a28ee78993G.jpg\" alt=\"M\u00e1quina de emagrecimento corporal EMS\" width=\"520\" height=\"813\" data-src=\"\/\/sc04.alicdn.com\/kf\/Hee7834dbc6924c72b14598a28ee78993G\/247315878\/Hee7834dbc6924c72b14598a28ee78993G.jpg\" \/><\/h2>\n<h2><strong>\u00c1reas de tratamento: onde posso usar a m\u00e1quina?<\/strong><\/h2>\n<p>O aparelho de emagrecimento corporal EMS de 1 al\u00e7a para uso dom\u00e9stico pode ser usado para tratar diversas \u00e1reas do corpo, incluindo:<\/p>\n<ul>\n<li><strong>N\u00e1degas<\/strong>: Obtenha um traseiro mais tonificado e levantado<\/li>\n<li><strong>Coxas<\/strong>: Afine suas coxas e obtenha uma forma mais definida<\/li>\n<li><strong>Quadris<\/strong>: Reduza a gordura e aumente a massa muscular nos quadris<\/li>\n<li><strong>Bra\u00e7os<\/strong>: Fique com os bra\u00e7os tonificados e magros<\/li>\n<li><strong>abd\u00f4men<\/strong>: Consiga um abd\u00f4men mais plano e definido<\/li>\n<\/ul>\n<h2><img loading=\"lazy\" decoding=\"async\" class=\"aligncenter\" title=\"M\u00e1quina de emagrecimento corporal EMS\" src=\"https:\/\/sc04.alicdn.com\/kf\/Hbf93baffd38a48769974b8d1c727f42fa\/247315878\/Hbf93baffd38a48769974b8d1c727f42fa.jpg\" alt=\"M\u00e1quina de emagrecimento corporal EMS\" width=\"641\" height=\"1597\" data-src=\"\/\/sc04.alicdn.com\/kf\/Hbf93baffd38a48769974b8d1c727f42fa\/247315878\/Hbf93baffd38a48769974b8d1c727f42fa.jpg\" \/><\/h2>\n<h2><strong>Recursos de seguran\u00e7a: Sistema de resfriamento de ar inteligente<\/strong><\/h2>\n<p>A M\u00e1quina de Emagrecimento Corporal EMS de 1 Al\u00e7a para Uso Dom\u00e9stico tem um sistema de resfriamento de ar inteligente que garante que a m\u00e1quina n\u00e3o gere altas temperaturas durante o tratamento. Este sistema tamb\u00e9m melhora a vida \u00fatil e o fator de seguran\u00e7a da m\u00e1quina.<\/p>\n<h2><strong>Resultados: O que posso esperar da m\u00e1quina?<\/strong><\/h2>\n<p>A m\u00e1quina de emagrecimento corporal EMS de 1 al\u00e7a para uso dom\u00e9stico pode reduzir a gordura por\u00a0<strong>21%<\/strong>\u00a0e aumentar a massa muscular por\u00a0<strong>16%<\/strong>. Esta m\u00e1quina \u00e9 ideal para quem quer ter um corpo mais magro deitado.<\/p>\n<h2><strong>Especifica\u00e7\u00f5es t\u00e9cnicas: o que voc\u00ea precisa saber<\/strong><\/h2>\n<ul>\n<li><strong>Entrada de energia<\/strong>: 220\/110 V 50\/60 Hz<\/li>\n<li><strong>Consumo M\u00e1ximo de Energia<\/strong>: 2,3 kVA<\/li>\n<li><strong>Pot\u00eancia de sa\u00edda<\/strong>: 2000 W<\/li>\n<li><strong>Cor da m\u00e1quina<\/strong>: Cinza<\/li>\n<li><strong>Intensidade de sa\u00edda<\/strong>: 7 T<\/li>\n<li><strong>Forma do pulso de estimula\u00e7\u00e3o<\/strong>: Bif\u00e1sico<\/li>\n<li><strong>Dura\u00e7\u00e3o do pulso<\/strong>: 300 \u00b5s<\/li>\n<li><strong>Al\u00e7as<\/strong>: 1<\/li>\n<li><strong>Tamanho do pacote<\/strong>: 576252cm\/42kgs<\/li>\n<\/ul>\n<h2><strong>Princ\u00edpio: Como funciona a tecnologia HI-EMT<\/strong><\/h2>\n<p>O aparelho de emagrecimento corporal EMS de 1 al\u00e7a para uso dom\u00e9stico usa a tecnologia HI-EMT para expandir e contrair continuamente os m\u00fasculos aut\u00f3logos e realizar treinamento extremo para remodelar profundamente a estrutura interna do m\u00fasculo, resultando no crescimento de fibrilas musculares e produzindo novas cadeias de prote\u00ednas e fibras musculares.<\/p>\n<h2><img loading=\"lazy\" decoding=\"async\" class=\"aligncenter\" title=\"M\u00e1quina de emagrecimento corporal EMS\" src=\"https:\/\/sc04.alicdn.com\/kf\/H41c231afb7a249dca57d7fc873e9abdbk\/247315878\/H41c231afb7a249dca57d7fc873e9abdbk.jpg\" alt=\"M\u00e1quina de emagrecimento corporal EMS\" width=\"490\" height=\"453\" data-src=\"\/\/sc04.alicdn.com\/kf\/H41c231afb7a249dca57d7fc873e9abdbk\/247315878\/H41c231afb7a249dca57d7fc873e9abdbk.jpg\" \/><\/h2>\n<h2><strong>Efeito de aumento muscular: fique tonificado e magro<\/strong><\/h2>\n<p>A M\u00e1quina de emagrecimento corporal EMS de 1 al\u00e7a para uso dom\u00e9stico usa a tecnologia HI-EMT para for\u00e7ar contra\u00e7\u00f5es musculares, resultando em aumento da massa muscular. Esta m\u00e1quina pode aumentar a adapta\u00e7\u00e3o do tecido muscular, resultando no crescimento de miofibrilas e fibras musculares.<\/p>\n<h2><strong>Efeito redutor de gordura: diga adeus ao excesso de gordura<\/strong><\/h2>\n<p>A m\u00e1quina de emagrecimento corporal EMS de 1 al\u00e7a para uso dom\u00e9stico pode reduzir a gordura em aproximadamente\u00a0<strong>19%<\/strong>. Esta m\u00e1quina funciona induzindo a apoptose, um processo natural de morte celular, resultando na redu\u00e7\u00e3o das c\u00e9lulas de gordura.<\/p>\n<h2><img loading=\"lazy\" decoding=\"async\" class=\"aligncenter\" title=\"M\u00e1quina de emagrecimento corporal EMS\" src=\"https:\/\/sc04.alicdn.com\/kf\/H60f2d1eda176420cb0c637505a6ce970f\/247315878\/H60f2d1eda176420cb0c637505a6ce970f.jpg\" alt=\"M\u00e1quina de emagrecimento corporal EMS\" width=\"592\" height=\"1062\" data-src=\"\/\/sc04.alicdn.com\/kf\/H60f2d1eda176420cb0c637505a6ce970f\/247315878\/H60f2d1eda176420cb0c637505a6ce970f.jpg\" \/><\/h2>\n<h2><strong>Conclus\u00e3o: Obtenha um corpo mais magro com facilidade<\/strong><\/h2>\n<p>A M\u00e1quina de Emagrecimento Corporal EMS de 1 Al\u00e7a para Uso Dom\u00e9stico \u00e9 uma tecnologia revolucion\u00e1ria que pode ajudar voc\u00ea a obter um corpo mais magro enquanto estiver deitado. Esta m\u00e1quina \u00e9 segura, n\u00e3o invasiva e pode ser usada para tratar v\u00e1rias \u00e1reas do corpo.<\/p>\n<h2><img loading=\"lazy\" decoding=\"async\" class=\"aligncenter\" title=\"M\u00e1quina de emagrecimento corporal EMS\" src=\"https:\/\/sc04.alicdn.com\/kf\/H116b5f89de21443eb899113300554747q\/247315878\/H116b5f89de21443eb899113300554747q.jpg\" alt=\"M\u00e1quina de emagrecimento corporal EMS\" width=\"523\" height=\"512\" data-src=\"\/\/sc04.alicdn.com\/kf\/H116b5f89de21443eb899113300554747q\/247315878\/H116b5f89de21443eb899113300554747q.jpg\" \/><\/h2>\n<h2><strong>Perguntas frequentes<\/strong><\/h2>\n<h3>P: O aparelho de emagrecimento corporal EMS de 1 al\u00e7a para uso dom\u00e9stico \u00e9 seguro para uso?<\/h3>\n<p>R: Sim, a m\u00e1quina \u00e9 segura e n\u00e3o invasiva, e possui um sistema de resfriamento de ar inteligente para garantir a seguran\u00e7a durante o tratamento.<\/p>\n<h3>P: Quanto tempo dura uma sess\u00e3o de tratamento?<\/h3>\n<p>R: As sess\u00f5es de tratamento geralmente duram cerca de 30 minutos.<\/p>\n<h3>P: Posso usar a m\u00e1quina em v\u00e1rias \u00e1reas do corpo?<\/h3>\n<p>R: Sim, a m\u00e1quina pode ser usada para tratar diversas \u00e1reas do corpo, incluindo n\u00e1degas, coxas, quadris, bra\u00e7os e abd\u00f4men.<\/p>\n<h3>P: Com que frequ\u00eancia devo usar a m\u00e1quina?<\/h3>\n<p>R: Para melhores resultados, use a m\u00e1quina 2 a 3 vezes por semana.<\/p>\n<h3>P: A m\u00e1quina \u00e9 f\u00e1cil de usar?<\/h3>\n<p>R: Sim, a m\u00e1quina \u00e9 f\u00e1cil de usar e vem com um manual do usu\u00e1rio para orienta\u00e7\u00e3o.<\/p>\n<\/div>\n<\/article>\n<\/div>\n<\/div>\n<\/div>\n<div class=\"layoutkit-flexbox css-9pyqzz acss-13xnlhu\" role=\"menubar\">\n<div class=\"layoutkit-flexbox css-7k1dqj acss-r7dee\">\n<h2 class=\"acss-55oylt\"><strong style=\"font-family: 'Playfair Display', serif; font-size: 24px; text-transform: capitalize;\">Personalizar O Logotipo<\/strong><\/h2>\n<\/div>\n<\/div>\n<\/div>\n<\/div>\n<\/div>\n<\/div>\n<\/div>\n<\/div>\n<\/div>\n<\/div>\n<\/div>\n<\/div>\n<\/div>\n<div>\n<p>Quer fazer sua marca se destacam? N\u00f3s oferecemos o logotipo personalizado servi\u00e7os para ajudar voc\u00ea a criar uma \u00fanica e personalizada logo que reflete a identidade de sua marca. Nossa equipe de especialistas ir\u00e1 trabalhar em estreita colabora\u00e7\u00e3o com voc\u00ea para criar um logotipo que est\u00e1 em conson\u00e2ncia com os valores da sua marca e de mensagens. Se voc\u00ea estiver olhando para renovar o seu logotipo existente ou criar um novo a partir do zero, n\u00f3s temos que cobertas. <a href=\"\/pt\/contato\/\">Contacte-nos<\/a> hoje para saber mais sobre o nosso logotipo personalizado servi\u00e7os!<\/p>\n<\/div>\n<div>\n<div>\n<div>\n<div>\n<div><\/div>\n<\/div>\n<\/div>\n<\/div>\n<\/div>","protected":false},"excerpt":{"rendered":"<p>Utilizando a tecnologia HI-EMT (Ondas Eletromagn\u00e9ticas Focadas em Alta Energia) para expandir e contrair continuamente m\u00fasculos aut\u00f3logos e realizar treinamento extremo para remodelar profundamente a estrutura interna do m\u00fasculo, ou seja, o crescimento de fibrilas musculares (aumento muscular) e produzir novas cadeias de prote\u00ednas e fibras musculares (hiperplasia muscular), de modo a treinar e aumentar a densidade e o volume muscular.<\/p>","protected":false},"featured_media":2079,"comment_status":"open","ping_status":"closed","template":"","meta":{"_kad_post_transparent":"default","_kad_post_title":"","_kad_post_layout":"default","_kad_post_sidebar_id":"","_kad_post_content_style":"default","_kad_post_vertical_padding":"default","_kad_post_feature":"","_kad_post_feature_position":"","_kad_post_header":false,"_kad_post_footer":false,"_kad_post_classname":"","rank_math_title":"","rank_math_description":"","rank_math_focus_keyword":""},"product_brand":[],"product_cat":[31],"product_tag":[],"class_list":{"0":"post-1928","1":"product","2":"type-product","3":"status-publish","4":"has-post-thumbnail","6":"product_cat-body-slimming","8":"first","9":"instock","10":"shipping-taxable","11":"product-type-simple","12":"entry","13":"content-bg","14":"loop-entry"},"_links":{"self":[{"href":"https:\/\/skbty.com\/pt\/wp-json\/wp\/v2\/product\/1928","targetHints":{"allow":["GET"]}}],"collection":[{"href":"https:\/\/skbty.com\/pt\/wp-json\/wp\/v2\/product"}],"about":[{"href":"https:\/\/skbty.com\/pt\/wp-json\/wp\/v2\/types\/product"}],"replies":[{"embeddable":true,"href":"https:\/\/skbty.com\/pt\/wp-json\/wp\/v2\/comments?post=1928"}],"wp:featuredmedia":[{"embeddable":true,"href":"https:\/\/skbty.com\/pt\/wp-json\/wp\/v2\/media\/2079"}],"wp:attachment":[{"href":"https:\/\/skbty.com\/pt\/wp-json\/wp\/v2\/media?parent=1928"}],"wp:term":[{"taxonomy":"product_brand","embeddable":true,"href":"https:\/\/skbty.com\/pt\/wp-json\/wp\/v2\/product_brand?post=1928"},{"taxonomy":"product_cat","embeddable":true,"href":"https:\/\/skbty.com\/pt\/wp-json\/wp\/v2\/product_cat?post=1928"},{"taxonomy":"product_tag","embeddable":true,"href":"https:\/\/skbty.com\/pt\/wp-json\/wp\/v2\/product_tag?post=1928"}],"curies":[{"name":"Wp","href":"https:\/\/api.w.org\/{rel}","templated":true}]}}