{"id":1938,"date":"2023-06-16T16:43:46","date_gmt":"2023-06-16T08:43:46","guid":{"rendered":"https:\/\/skbty.com\/?post_type=product&#038;p=1938"},"modified":"2025-12-05T18:51:37","modified_gmt":"2025-12-05T10:51:37","slug":"a-maquina-de-emslim-com-rf-um-equipamento-gordo-portatil-da-reducao-esculpe-a-gordura-da-queimadura-do-musculo","status":"publish","type":"product","link":"https:\/\/skbty.com\/pt\/product\/a-maquina-de-emslim-com-rf-um-equipamento-gordo-portatil-da-reducao-esculpe-a-gordura-da-queimadura-do-musculo\/","title":{"rendered":"Emslim M\u00e1quina com RF: UM Port\u00e1til Redu\u00e7\u00e3o de Gordura Equipamento de Esculpir Muscular"},"content":{"rendered":"<h1><strong>Desbloquear o Seu Corpo de Sonho em Casa: O melhor Guia para o Emslim M\u00e1quina com o RF \u2013 UM port\u00e1til redu\u00e7\u00e3o de gordura equipamento<\/strong><\/h1>\n<p>Vamos ser honestos por um momento. Voc\u00ea foi colocar-se no trabalho. Que voc\u00ea tenha limpado a sua dieta, voc\u00ea est\u00e1 batendo o gin\u00e1sio (ou sua sala de estar tapete de yoga), consistentemente, e voc\u00ea est\u00e1 bebendo bastante \u00e1gua. Voc\u00ea est\u00e1 fazendo tudo &#034;certo&#034;. Ainda, h\u00e1 aqueles \u00e1reas teimoso\u2014aquele pequeno c\u00e3o em sua parte inferior do abs, os punhos do amor que se recusam a sair, ou a parte de tr\u00e1s dos bra\u00e7os que apenas n\u00e3o tem a defini\u00e7\u00e3o que voc\u00ea desejar. \u00c9 frustrante, n\u00e3o \u00e9? Voc\u00ea est\u00e1 t\u00e3o perto de seu objetivo, mas ele se sente como se houvesse uma parede invis\u00edvel que voc\u00ea simplesmente n\u00e3o pode romper.<\/p>\n<p>E se eu lhe disse que o segredo para despeda\u00e7ar-se atrav\u00e9s da parede n\u00e3o era outra dieta da moda ou uma puni\u00e7\u00e3o nova rotina de treino? E se a resposta foi um revolucion\u00e1rio pe\u00e7a de tecnologia, uma vez reservada para altos-final de celebridade cl\u00ednicas, que agora voc\u00ea pode usar a partir do conforto da sua pr\u00f3pria casa?<\/p>\n<p>Prepare-se para conhecer o seu novo melhor amigo de fitness. Este \u00e9 o melhor guia para o at-home Emslim m\u00e1quina com o RF \u2013 UM port\u00e1til redu\u00e7\u00e3o de gordura equipamento, o dispositivo inovador que est\u00e1 mudando a maneira como pensamos sobre a esculpir o corpo para sempre.<\/p>\n<h2><img loading=\"lazy\" decoding=\"async\" class=\"aligncenter size-full wp-image-3432\" src=\"https:\/\/skbty.com\/wp-content\/uploads\/2025\/07\/portable-fat-reduction-equipment-.avif\" alt=\"port\u00e1til redu\u00e7\u00e3o de gordura equipamento\" width=\"750\" height=\"795\" srcset=\"https:\/\/skbty.com\/wp-content\/uploads\/2025\/07\/portable-fat-reduction-equipment-.avif 750w, https:\/\/skbty.com\/wp-content\/uploads\/2025\/07\/portable-fat-reduction-equipment--283x300.jpg 283w, https:\/\/skbty.com\/wp-content\/uploads\/2025\/07\/portable-fat-reduction-equipment--11x12.jpg 11w, https:\/\/skbty.com\/wp-content\/uploads\/2025\/07\/portable-fat-reduction-equipment--600x636.jpg 600w\" sizes=\"auto, (max-width: 750px) 100vw, 750px\" \/><\/h2>\n<h2><strong>O Fitness Planalto: Por Seu Trabalho Duro no Gin\u00e1sio nem Sempre \u00e9 Suficiente<\/strong><\/h2>\n<p>N\u00f3s temos tudo estado l\u00e1. Voc\u00ea inicia uma nova jornada de fitness, e para as primeiras semanas ou meses, os resultados s\u00e3o incr\u00edveis. O peso \u00e9 de cair fora, suas roupas se encaixam melhor, e sua energia \u00e9 atrav\u00e9s do telhado. Mas ent\u00e3o... ele p\u00e1ra. A balan\u00e7a n\u00e3o se moveu. O espelho parece o mesmo, dia ap\u00f3s dia. Este \u00e9 o temido fitness planalto.<\/p>\n<p>Isso acontece porque os nossos corpos s\u00e3o incrivelmente inteligente e adapt\u00e1vel. Eles est\u00e3o acostumados a nossas rotinas de treino. Al\u00e9m disso, o exerc\u00edcio tradicional tem seus limites. Voc\u00ea pode fazer mil abdominais, mas voc\u00ea s\u00f3 pode voluntariamente ativar cerca de 30-40% de suas fibras musculares. E nenhuma quantidade de cardio pode especificamente &#034;spot&#034; reduzir a gordura da sua barriga. \u00c9 uma limita\u00e7\u00e3o biol\u00f3gica. Este \u00e9 o lugar onde a ci\u00eancia e a tecnologia, para dar-lhe uma vantagem injusta.<\/p>\n<h2><strong>Uma Revolu\u00e7\u00e3o em Sua Sala de estar: Apresentando o Emslim com a Tecnologia do RF<\/strong><\/h2>\n<p>Imagine ser capaz de obter os resultados de 20.000 perfeito flex\u00f5es ou agachamento em uma \u00fanica viagem de 30 minutos de sess\u00e3o enquanto voc\u00ea pegar no seu favorito Netflix show. Isso soa como fic\u00e7\u00e3o cient\u00edfica, mas \u00e9 a realidade do <strong>port\u00e1til redu\u00e7\u00e3o de gordura equipamento<\/strong>. Este elegante e poderoso dispositivo \u00e9 projetado para fazer o que anteriormente era imposs\u00edvel: construir m\u00fasculos e queimar gordura <em>simultaneamente<\/em> e <em>de forma direccionada,<\/em>. N\u00e3o \u00e9 m\u00e1gica; \u00e9 uma brilhante combina\u00e7\u00e3o de dois clinicamente comprovada tecnologias.<\/p>\n<h3><strong>Ent\u00e3o, O Que Exatamente \u00c9 Esta Em Casa-Corpo-De Escultura Da Marvel?<\/strong><\/h3>\n<p>Em seu n\u00facleo, o Emslim com RF \u00e9 um dual-a\u00e7\u00e3o pot\u00eancia. Ele usa dois tipos distintos de energia para oferecer um murro contra a gordura e defini\u00e7\u00e3o muscular. Pense nisso como ter dois elite de treinadores pessoais, a trabalhar no seu corpo ao mesmo tempo. Vamos quebrar este duo din\u00e2mico.<\/p>\n<h4><strong>O &#034;M\u00fasculo&#034; Magia: de Alta Intensidade Focada Eletromagn\u00e9tica (HIFEM) Tecnologia<\/strong><\/h4>\n<p>O &#034;Em&#034; em Emslim significa eletromagn\u00e9tica. HIFEM tecnologia \u00e9 a constru\u00e7\u00e3o muscular do motor do dispositivo. Ele usa um poderoso, mas seguro, do campo eletromagn\u00e9tico para induzir os que s\u00e3o chamados de supramaximal contra\u00e7\u00f5es musculares.<\/p>\n<p>O que isso significa em ingl\u00eas simples? O dispositivo de paddle, quando colocado em sua \u00e1rea alvo (como o seu abd\u00f4men), faz com que seus m\u00fasculos contrato com uma intensidade e velocidade que voc\u00ea poderia jamais alcan\u00e7ar no seu pr\u00f3prio. Estamos a falar de milhares de profunda e poderosa contra\u00e7\u00f5es em minutos. Este intenso &#034;treino&#034; for\u00e7as de suas fibras musculares para remodelar e crescer, resultando em aumento da densidade muscular e defini\u00e7\u00e3o. \u00c9 como fazer o a maioria incrivelmente eficaz de treino da sua vida sem quebrar um suor.<\/p>\n<h4><strong>A Gorda &#034;Fus\u00e3o&#034; Marvel: Radiofreq\u00fc\u00eancia (RF) de Energia<\/strong><\/h4>\n<p>Enquanto HIFEM est\u00e1 ocupado construindo seu muscular, a Radiofrequ\u00eancia (RF) componente come\u00e7a a trabalhar em a gordura teimosa camada sentado em cima. A energia do RF suavemente aquece o tecido logo abaixo da sua pele. Esse calor faz duas coisas incr\u00edveis:<\/p>\n<ol>\n<li><strong>Pr\u00e9-Aquece os M\u00fasculos:<\/strong>\u00a0Ele atua como um warm-up, fazendo com que o HIFEM induzida por contra\u00e7\u00f5es musculares ainda mais eficaz e confort\u00e1vel.<\/li>\n<li><strong>Rompe As C\u00e9lulas De Gordura:<\/strong>\u00a0O RF calor aumenta a temperatura da gordura subcut\u00e2nea de c\u00e9lulas a um ponto onde eles n\u00e3o podem mais sobreviver. Este processo, chamado de apoptose, faz com que as c\u00e9lulas de gordura para ser permanentemente danificado. Ao longo das pr\u00f3ximas semanas, natural do seu corpo o sistema linf\u00e1tico simplesmente identifica essas c\u00e9lulas danificadas, como res\u00edduos e libera-los. O resultado? Um mensur\u00e1veis de redu\u00e7\u00e3o na espessura da camada de gordura.<\/li>\n<\/ol>\n<h2><img loading=\"lazy\" decoding=\"async\" class=\"aligncenter\" title=\"EMS Esculpir o Corpo\" src=\"https:\/\/sc04.alicdn.com\/kf\/H9f2de02ec9bb4a7f837d70884724de83z\/247315878\/H9f2de02ec9bb4a7f837d70884724de83z.jpg\" alt=\"EMS Esculpir o Corpo\" width=\"549\" height=\"889\" data-src=\"\/\/sc04.alicdn.com\/kf\/H9f2de02ec9bb4a7f837d70884724de83z\/247315878\/H9f2de02ec9bb4a7f837d70884724de83z.jpg\" \/><\/h2>\n<h2><strong>O Poder do Dois-em-Um: Por que HIFEM + RF \u00e9 a Sua Arma Secreta<\/strong><\/h2>\n<p>Trazendo esta tecnologia de ponta em sua casa pode parecer intimidante, mas o processo n\u00e3o podia ser mais simples. Ele \u00e9 projetado para facilidade de uso, seguran\u00e7a e conforto.<\/p>\n<h3><strong>A configura\u00e7\u00e3o para o Sucesso em Apenas Alguns Minutos<\/strong><\/h3>\n<ol>\n<li><strong>Acostume-Se:<\/strong>\u00a0Encontre um lugar aconchegante na sua cama, um sof\u00e1 ou um tapete. Voc\u00ea vai estar aqui por cerca de 30 minutos, assim voc\u00ea pode muito bem relax!<\/li>\n<li><strong>Prep a \u00c1rea:<\/strong>\u00a0Garantir a pele em sua \u00e1rea alvo (por exemplo, seu est\u00f4mago) est\u00e1 limpa, seca e livre de quaisquer lo\u00e7\u00f5es ou \u00f3leos.<\/li>\n<li><strong>A posi\u00e7\u00e3o da P\u00e1:<\/strong>\u00a0Coloque o aplicador p\u00e1 diretamente sobre o m\u00fasculo alvo do grupo. Utilize o al\u00e7as para fixar com firmeza, mas confortavelmente no lugar. Ele n\u00e3o deve ser demasiado apertada.<\/li>\n<li><strong>Ligar o computador e Iniciar:<\/strong>\u00a0Ligue a m\u00e1quina. Mais em casa, unidades de pr\u00e9-definir programas. Selecione o &#034;HIFEM + RF&#034; modo combinado. Sempre iniciar a intensidade a um n\u00edvel baixo.<\/li>\n<li><strong>Encontre O Seu N\u00edvel De Poder:<\/strong>\u00a0Aumentar gradualmente a intensidade a um n\u00edvel que se sente forte e poderoso, mas nunca doloroso. Voc\u00ea vai se sentir intensa contra\u00e7\u00e3o muscular e uma doce, agrad\u00e1vel sensa\u00e7\u00e3o de aquecimento. Esta \u00e9 a tecnologia no trabalho!<\/li>\n<li><strong>Relaxar e Deixar Ele Trabalhar:<\/strong>\u00a0Agora a melhor parte. Para os pr\u00f3ximos 30 minutos, voc\u00ea pode ler um livro, responder e-mails, ouvir um podcast, ou simplesmente fechar os olhos e relaxar. A m\u00e1quina faz todo o trabalho para voc\u00ea.<\/li>\n<li><strong>P\u00f3s-Sess\u00e3o:<\/strong>\u00a0Uma vez que o programa for conclu\u00eddo, basta unstrap a p\u00e1, e voc\u00ea est\u00e1 feito! N\u00e3o h\u00e1 nenhum tempo de inatividade. Voc\u00ea pode sentir como voc\u00ea s\u00f3 tinha um \u00f3timo treino, mas voc\u00ea pode ir imediatamente sobre o seu dia. Certifique-se de beber muita \u00e1gua para ajudar o seu corpo a eliminar as tratada c\u00e9lulas de gordura.<\/li>\n<\/ol>\n<h2><img loading=\"lazy\" decoding=\"async\" class=\"aligncenter\" title=\"EMS Esculpir o Corpo\" src=\"https:\/\/sc04.alicdn.com\/kf\/Hb3ad41fbe350447d95e2b8f91eede6f8V\/247315878\/Hb3ad41fbe350447d95e2b8f91eede6f8V.jpg\" alt=\"EMS Esculpir o Corpo\" width=\"562\" height=\"743\" data-src=\"\/\/sc04.alicdn.com\/kf\/Hb3ad41fbe350447d95e2b8f91eede6f8V\/247315878\/Hb3ad41fbe350447d95e2b8f91eede6f8V.jpg\" \/><\/h2>\n<h2><strong>\u00c9 Em Casa Emslim com RF Certa para Voc\u00ea?<\/strong><\/h2>\n<p>Este port\u00e1til redu\u00e7\u00e3o de gordura equipamento \u00e9 uma ferramenta fenomenal, mas \u00e9 importante ter o direito expectativas. N\u00e3o \u00e9 uma perda de peso de dispositivo para a obesidade. Em vez disso, \u00e9 um <em>esculpir o corpo<\/em> o dispositivo. \u00c9 perfeito para pessoas que s\u00e3o:<\/p>\n<ul>\n<li>J\u00e1 est\u00e1 levando a uma relativamente saud\u00e1vel e estilo de vida ativo.<\/li>\n<li>Dentro de 15 a 20 quilos de seu peso ideal, mas luta com \u00e1reas problem\u00e1ticas espec\u00edficas.<\/li>\n<li>Olhando para melhorar a defini\u00e7\u00e3o muscular e o tom em suas abs, gl\u00fateos ou bra\u00e7os.<\/li>\n<li>Se recuperando de uma les\u00e3o (com a aprova\u00e7\u00e3o do m\u00e9dico) e deseja reconstruir a for\u00e7a muscular de forma segura.<\/li>\n<li>Pais ocupados ou profissionais que n\u00e3o podem gastar horas na academia, mas ainda quero premium resultados.<\/li>\n<\/ul>\n<h3><strong>Mais do Que Apenas Abs: Segmenta\u00e7\u00e3o de Diferentes Partes do Corpo para um Corpo Cheio de Transforma\u00e7\u00e3o<\/strong><\/h3>\n<p>Enquanto o abd\u00f4men \u00e9 a mais popular na \u00e1rea de tratamento, a versatilidade do <strong>port\u00e1til redu\u00e7\u00e3o de gordura equipamento<\/strong> \u00e9 um dos seus pontos mais fortes. Voc\u00ea pode us\u00e1-lo para:<\/p>\n<ul>\n<li><strong>Esculpir O Abdome:<\/strong>\u00a0Alcan\u00e7ar o cobi\u00e7ado six-pack defini\u00e7\u00e3o e reduzir inferior a gordura da barriga.<\/li>\n<li><strong>Levante O Bumbum:<\/strong>\u00a0Fornecer um n\u00e3o-cir\u00fargico &#034;butt lift&#034; efeito atrav\u00e9s da constru\u00e7\u00e3o e tonificar os m\u00fasculos gl\u00fateos para uma mais ousada, forma mais redonda.<\/li>\n<li><strong>O Tom De Seus Bra\u00e7os:<\/strong>\u00a0Alvo de b\u00edceps e tr\u00edceps para lutar &#034;bingo &#034; asas&#034; e criar elegante, definido bra\u00e7os.<\/li>\n<li><strong>Definir Suas Coxas:<\/strong>\u00a0Esculpir a frente e parte de tr\u00e1s das coxas mais forte, mais arredondadas pernas.<\/li>\n<li><strong>Fortalecer Os Seus Bezerros:<\/strong>\u00a0Construir e definir os m\u00fasculos da panturrilha, uma \u00e1rea reconhecidamente de dif\u00edcil crescer com a pr\u00e1tica tradicional.<\/li>\n<\/ul>\n<h2><strong>O seu Novo Parceiro de Fitness: Integra\u00e7\u00e3o Emslim em um estilo de Vida Saud\u00e1vel<\/strong><\/h2>\n<p>\u00c9 crucial para visualizar o Emslim com RF n\u00e3o como um substituto para h\u00e1bitos saud\u00e1veis, mas como um poderoso parceiro que amplifica seus esfor\u00e7os. Pense nisso como um turbocompressor para o seu carro\u2014ele faz um bom motor de executar de maneira espetacular.<\/p>\n<p>Continuar com a sua dieta equilibrada e exerc\u00edcio f\u00edsico regular. A m\u00e1quina vai construir um forte e musculoso, funda\u00e7\u00e3o e esculpir gordura, e seu estilo de vida saud\u00e1vel, manter e melhorar os resultados a longo prazo. Usando a m\u00e1quina pode at\u00e9 motivar voc\u00ea, como ver resultados tang\u00edveis no espelho \u00e9 o melhor combust\u00edvel para mant\u00ea-lo na pista com sua nutri\u00e7\u00e3o e outros exerc\u00edcios. Um t\u00edpico protocolo recomendado \u00e9 de 4 a 6 sess\u00f5es, durante duas a tr\u00eas semanas para obter melhores resultados.<\/p>\n<h2><img loading=\"lazy\" decoding=\"async\" class=\"aligncenter\" title=\"EMS Esculpir o Corpo\" src=\"https:\/\/sc04.alicdn.com\/kf\/H093d27d43ee14476a3410687011f735eH\/247315878\/H093d27d43ee14476a3410687011f735eH.jpg\" alt=\"EMS Esculpir o Corpo\" width=\"595\" height=\"973\" data-src=\"\/\/sc04.alicdn.com\/kf\/H093d27d43ee14476a3410687011f735eH\/247315878\/H093d27d43ee14476a3410687011f735eH.jpg\" \/><\/h2>\n<h2><strong>O Futuro de Fitness Est\u00e1 Em Suas M\u00e3os<\/strong><\/h2>\n<p>A linha entre o profissional de tratamentos cl\u00ednicos e pessoais em casa de bem-estar est\u00e1 a diluir-se, e o Emslim com RF est\u00e1 na vanguarda deste emocionante revolu\u00e7\u00e3o. N\u00e3o mais de agendamento de compromissos, n\u00e3o mais cl\u00ednica de taxas, n\u00e3o mais se sentir auto-consciente. Agora voc\u00ea tem o poder de tomar o controle de seu corpo est\u00e9tico de destino em seus pr\u00f3prios termos, em seu pr\u00f3prio tempo, em seu pr\u00f3prio espa\u00e7o privado.<\/p>\n<p>Investir em uma casa Emslim com RF \u00e9 mais do que apenas comprar um gadget; \u00e9 um investimento na sua confian\u00e7a, sua motiva\u00e7\u00e3o e a sua capacidade de, finalmente, conseguir o corpo que voc\u00ea tem trabalhado t\u00e3o duro para. Bem-vindo ao futuro de fitness.<\/p>\n<h2><img loading=\"lazy\" decoding=\"async\" class=\"aligncenter\" title=\"EMS Esculpir o Corpo\" src=\"https:\/\/sc04.alicdn.com\/kf\/H14204d0a5f3d4b5eba840cbb31a63384t\/247315878\/H14204d0a5f3d4b5eba840cbb31a63384t.jpg\" alt=\"EMS Esculpir o Corpo\" width=\"480\" height=\"657\" data-src=\"\/\/sc04.alicdn.com\/kf\/H14204d0a5f3d4b5eba840cbb31a63384t\/247315878\/H14204d0a5f3d4b5eba840cbb31a63384t.jpg\" \/><\/h2>\n<p>&nbsp;<\/p>\n<div>\n<div>\n<table style=\"font-family: var(--global-body-font-family);\" width=\"992\" cellspacing=\"0\" cellpadding=\"0\">\n<tbody>\n<tr>\n<td width=\"87\"><img loading=\"lazy\" decoding=\"async\" class=\"alignright\" title=\"EMS Esculpir o Corpo\" src=\"https:\/\/sc04.alicdn.com\/kf\/Hbb9bc3286ffe44debcd06e7c79cb7c14g\/247315878\/Hbb9bc3286ffe44debcd06e7c79cb7c14g.png\" alt=\"EMS Esculpir o Corpo\" width=\"445\" height=\"286\" data-src=\"\/\/sc04.alicdn.com\/kf\/Hbb9bc3286ffe44debcd06e7c79cb7c14g\/247315878\/Hbb9bc3286ffe44debcd06e7c79cb7c14g.png\" \/><\/td>\n<td width=\"90\"><img loading=\"lazy\" decoding=\"async\" class=\"alignleft\" title=\"EMS Esculpir o Corpo\" src=\"https:\/\/sc04.alicdn.com\/kf\/H6bf27b941c6643309a971a51ccec552fu\/247315878\/H6bf27b941c6643309a971a51ccec552fu.png\" alt=\"EMS Esculpir o Corpo\" width=\"424\" height=\"245\" data-src=\"\/\/sc04.alicdn.com\/kf\/H6bf27b941c6643309a971a51ccec552fu\/247315878\/H6bf27b941c6643309a971a51ccec552fu.png\" \/><\/td>\n<\/tr>\n<tr>\n<td width=\"87\"><img loading=\"lazy\" decoding=\"async\" class=\"alignright\" title=\"EMS Esculpir o Corpo\" src=\"https:\/\/sc04.alicdn.com\/kf\/H0008c233a65c4640b312a8f64a17a8efc\/247315878\/H0008c233a65c4640b312a8f64a17a8efc.png\" alt=\"EMS Esculpir o Corpo\" width=\"446\" height=\"272\" data-src=\"\/\/sc04.alicdn.com\/kf\/H0008c233a65c4640b312a8f64a17a8efc\/247315878\/H0008c233a65c4640b312a8f64a17a8efc.png\" \/><\/td>\n<td width=\"90\"><img loading=\"lazy\" decoding=\"async\" class=\"alignleft\" title=\"EMS Esculpir o Corpo\" src=\"https:\/\/sc04.alicdn.com\/kf\/Ha27d9e5c07144efe98cc0306da35d533f\/247315878\/Ha27d9e5c07144efe98cc0306da35d533f.png\" alt=\"EMS Esculpir o Corpo\" width=\"465\" height=\"293\" data-src=\"\/\/sc04.alicdn.com\/kf\/Ha27d9e5c07144efe98cc0306da35d533f\/247315878\/Ha27d9e5c07144efe98cc0306da35d533f.png\" \/><\/td>\n<\/tr>\n<tr>\n<td width=\"87\"><img loading=\"lazy\" decoding=\"async\" class=\"alignright\" title=\"EMS Esculpir o Corpo\" src=\"https:\/\/sc04.alicdn.com\/kf\/H662ed3f19b9543fc96c4ddfb7090cc5dQ\/247315878\/H662ed3f19b9543fc96c4ddfb7090cc5dQ.png\" alt=\"EMS Esculpir o Corpo\" width=\"438\" height=\"277\" data-src=\"\/\/sc04.alicdn.com\/kf\/H662ed3f19b9543fc96c4ddfb7090cc5dQ\/247315878\/H662ed3f19b9543fc96c4ddfb7090cc5dQ.png\" \/><\/td>\n<td width=\"90\"><img loading=\"lazy\" decoding=\"async\" class=\"alignnone wp-image-1854 size-full\" title=\"EMS Esculpir o Corpo\" src=\"https:\/\/skbty.com\/wp-content\/uploads\/2023\/06\/\u5fae\u4fe1\u622a\u56fe_20230614171304.png\" alt=\"EMS Esculpir o Corpo\" width=\"389\" height=\"290\" srcset=\"https:\/\/skbty.com\/wp-content\/uploads\/2023\/06\/\u5fae\u4fe1\u622a\u56fe_20230614171304.png 389w, https:\/\/skbty.com\/wp-content\/uploads\/2023\/06\/\u5fae\u4fe1\u622a\u56fe_20230614171304-300x224.png 300w\" sizes=\"auto, (max-width: 389px) 100vw, 389px\" \/><\/td>\n<\/tr>\n<\/tbody>\n<\/table>\n<\/div>\n<\/div>\n<div id=\"message-group-27c0d13d-cb91-4764-9af4-dcb2bc46da94\" class=\"GroupContainer-grQTmn gzHfNN\">\n<div class=\"GridContainer-dXkBYs ieLooV\">\n<div class=\"Container-btbEOh cjLUlV\">\n<div class=\"MessageContent-eCraCN gAXxQk\">\n<div id=\"message-5c2c767a-b6b8-4745-b92d-795bd49a3ef9\" class=\"Container-cbkHbc dwcxTM MessageWrapper-haNQyn kcGqQR selected\">\n<div class=\"MessageContainer-cCZhjv fnigol message message-assistant\">\n<div class=\"ContextContainer-hrBmDP hAPxzm context-menu-container\">\n<div class=\"MessageContentContainer-gVugAi jsbmwp message-content-container message-content-container-assistant\">\n<div class=\"block-wrapper\">\n<div class=\"markdown\">\n<h2><strong>Perguntas Frequentes (FAQ)<\/strong><\/h2>\n<p><strong>1. O tratamento d\u00f3i? Qual \u00e9 a sensa\u00e7\u00e3o?<\/strong> N\u00e3o! \u00c9 uma sensa\u00e7\u00e3o \u00fanica, mas n\u00e3o doloroso. Voc\u00ea vai sentir seus m\u00fasculos submetidos muito forte, profunda de contra\u00e7\u00f5es, semelhante a um treino intenso. Ao mesmo tempo, os componentes de RF cria uma suave sensa\u00e7\u00e3o de calor, muito semelhante a uma massagem de pedras quentes. A maioria dos usu\u00e1rios encontr\u00e1-lo confort\u00e1vel e se acostumar com a sensa\u00e7\u00e3o de que dentro de poucos minutos.<\/p>\n<p><strong>2. Em quanto tempo posso ver os resultados da minha casa as sess\u00f5es?<\/strong> Voc\u00ea pode sentir-se resultados tang\u00edveis logo ap\u00f3s a primeira sess\u00e3o, com a \u00e1rea tratada sentindo-se mais firme e mais forte. No entanto, os resultados vis\u00edveis, normalmente, aparecem de forma mais gradual. O fortalecimento muscular, os efeitos tornam-se mais percept\u00edvel ao longo de 2 a 4 semanas, enquanto que a redu\u00e7\u00e3o de gordura continua a melhorar por at\u00e9 3 meses, como o corpo libera o tratado de c\u00e9lulas de gordura. A consist\u00eancia \u00e9 a chave!<\/p>\n<p><strong>3. Posso us\u00e1-lo todos os dias para obter resultados mais r\u00e1pidos?<\/strong> N\u00e3o, e voc\u00ea n\u00e3o deve. Assim como com intensos de muscula\u00e7\u00e3o, os m\u00fasculos precisam de tempo para recuperar, reparar e crescer. Usando a m\u00e1quina a cada dia mais-treinar os m\u00fasculos e ser contraproducente. A recomenda\u00e7\u00e3o padr\u00e3o \u00e9 tratar de uma \u00e1rea de 2 a 3 vezes por semana, com pelo menos um dia de descanso entre as sess\u00f5es para que o grupo muscular espec\u00edfico.<\/p>\n<p><strong>4. Esta \u00e9 uma substitui\u00e7\u00e3o para ir ao gin\u00e1sio e a uma alimenta\u00e7\u00e3o saud\u00e1vel?<\/strong> Absolutamente n\u00e3o. \u00c9 melhor visto como um poderoso acelerador e enhancer. Uma dieta saud\u00e1vel e exerc\u00edcio f\u00edsico regular s\u00e3o essenciais para a sa\u00fade global e a manuten\u00e7\u00e3o de seus resultados. O Emslim com RF \u00e9 uma escultura ferramenta desenvolvida para aperfei\u00e7oar o que voc\u00ea j\u00e1 est\u00e1 construindo, a segmenta\u00e7\u00e3o de \u00e1reas teimoso que a dieta e exerc\u00edcio sozinho n\u00e3o pode resolver.<\/p>\n<p><strong>5. Como isso \u00e9 diferente de uma unidade de DEZENAS que eu possa comprar na farm\u00e1cia?<\/strong> Esta \u00e9 uma excelente pergunta. Enquanto que tanto o uso de correntes el\u00e9tricas, a sua finalidade e tecnologia de s\u00e3o mundos separados. Uma unidade de TENS usa de baixa freq\u00fc\u00eancia correntes el\u00e9tricas para estimular os nervos sensoriais para bloquear os sinais de dor. Ele n\u00e3o pode e n\u00e3o os m\u00fasculos se contraem com for\u00e7a suficiente para constru\u00ed-los. HIFEM tecnologia, por outro lado, usa um poderoso foco <em>campo eletromagn\u00e9tico<\/em> ignorar os nervos e diretamente induzir profundas, supramaximal contra\u00e7\u00f5es no pr\u00f3prio tecido muscular, obrigando-a a adaptar-se e crescer mais forte.<\/p>\n<\/div>\n<\/div>\n<\/div>\n<\/div>\n<\/div>\n<\/div>\n<\/div>\n<\/div>\n<\/div>\n<\/div>\n<div>\n<h2><strong>Personalizar O Logotipo<\/strong><\/h2>\n<p>Quer fazer sua marca se destacam? N\u00f3s oferecemos o logotipo personalizado servi\u00e7os para ajudar voc\u00ea a criar uma \u00fanica e personalizada logo que reflete a identidade de sua marca. Nossa equipe de especialistas ir\u00e1 trabalhar em estreita colabora\u00e7\u00e3o com voc\u00ea para criar um logotipo que est\u00e1 em conson\u00e2ncia com os valores da sua marca e de mensagens. Se voc\u00ea estiver olhando para renovar o seu logotipo existente ou criar um novo a partir do zero, n\u00f3s temos que cobertas. <a href=\"\/pt\/contato\/\">Contacte-nos<\/a> hoje para saber mais sobre o nosso logotipo personalizado servi\u00e7os!<\/p>\n<\/div>","protected":false},"excerpt":{"rendered":"<p>Descobrir o Corpo do EMS Esculpir M\u00e1quina, uma tecnologia revolucion\u00e1ria que pode ajudar a conseguir um corpo perfeito, enquanto deitado. Reduzir a gordura por 21% e aumentar a massa muscular de 16%, com seguro e n\u00e3o-invasivo m\u00e1quina.<\/p>","protected":false},"featured_media":1950,"comment_status":"open","ping_status":"closed","template":"","meta":{"_kad_post_transparent":"default","_kad_post_title":"","_kad_post_layout":"default","_kad_post_sidebar_id":"","_kad_post_content_style":"default","_kad_post_vertical_padding":"default","_kad_post_feature":"","_kad_post_feature_position":"","_kad_post_header":false,"_kad_post_footer":false,"_kad_post_classname":"","rank_math_title":"","rank_math_description":"","rank_math_focus_keyword":""},"product_brand":[],"product_cat":[31],"product_tag":[],"class_list":{"0":"post-1938","1":"product","2":"type-product","3":"status-publish","4":"has-post-thumbnail","6":"product_cat-body-slimming","8":"first","9":"instock","10":"sale","11":"shipping-taxable","12":"purchasable","13":"product-type-simple","14":"entry","15":"content-bg","16":"loop-entry"},"_links":{"self":[{"href":"https:\/\/skbty.com\/pt\/wp-json\/wp\/v2\/product\/1938","targetHints":{"allow":["GET"]}}],"collection":[{"href":"https:\/\/skbty.com\/pt\/wp-json\/wp\/v2\/product"}],"about":[{"href":"https:\/\/skbty.com\/pt\/wp-json\/wp\/v2\/types\/product"}],"replies":[{"embeddable":true,"href":"https:\/\/skbty.com\/pt\/wp-json\/wp\/v2\/comments?post=1938"}],"wp:featuredmedia":[{"embeddable":true,"href":"https:\/\/skbty.com\/pt\/wp-json\/wp\/v2\/media\/1950"}],"wp:attachment":[{"href":"https:\/\/skbty.com\/pt\/wp-json\/wp\/v2\/media?parent=1938"}],"wp:term":[{"taxonomy":"product_brand","embeddable":true,"href":"https:\/\/skbty.com\/pt\/wp-json\/wp\/v2\/product_brand?post=1938"},{"taxonomy":"product_cat","embeddable":true,"href":"https:\/\/skbty.com\/pt\/wp-json\/wp\/v2\/product_cat?post=1938"},{"taxonomy":"product_tag","embeddable":true,"href":"https:\/\/skbty.com\/pt\/wp-json\/wp\/v2\/product_tag?post=1938"}],"curies":[{"name":"Wp","href":"https:\/\/api.w.org\/{rel}","templated":true}]}}