{"id":1952,"date":"2023-06-16T17:00:47","date_gmt":"2023-06-16T09:00:47","guid":{"rendered":"https:\/\/skbty.com\/?post_type=product&#038;p=1952"},"modified":"2024-06-24T14:51:25","modified_gmt":"2024-06-24T06:51:25","slug":"maquina-de-emagrecimento-com-4-alcas-e-perda-de-peso-a-laser-de-1060-nm","status":"publish","type":"product","link":"https:\/\/skbty.com\/pt\/product\/maquina-de-emagrecimento-com-4-alcas-e-perda-de-peso-a-laser-de-1060-nm\/","title":{"rendered":"M\u00e1quina de emagrecimento com 4 al\u00e7as para perda de peso a laser de 1060 nm"},"content":{"rendered":"<div>\n<div>\n<h1><strong>M\u00e1quina de emagrecimento com 4 al\u00e7as para perda de peso a laser de 1060 nm: revolucionando a redu\u00e7\u00e3o de gordura<\/strong><\/h1>\n<p>Voc\u00ea est\u00e1 cansado de lutar contra a gordura indesejada? N\u00e3o procure mais do que a M\u00e1quina de Emagrecimento de 4 Al\u00e7as de Perda de Peso a Laser de 1060 nm, uma tecnologia revolucion\u00e1ria que rompe e elimina c\u00e9lulas de gordura indesejadas em apenas 25 minutos.<\/p>\n<h2><img loading=\"lazy\" decoding=\"async\" class=\"aligncenter\" title=\"Perda de peso a laser de 1060 nm\" src=\"https:\/\/sc04.alicdn.com\/kf\/H31f755f7f7404cf6984caf287aa43448Q\/247315878\/H31f755f7f7404cf6984caf287aa43448Q.png\" alt=\"Perda de peso a laser de 1060 nm\" width=\"571\" height=\"936\" data-src=\"\/\/sc04.alicdn.com\/kf\/H31f755f7f7404cf6984caf287aa43448Q\/247315878\/H31f755f7f7404cf6984caf287aa43448Q.png\" \/><\/h2>\n<h2><strong>\u00c1rea de tratamento<\/strong><\/h2>\n<p>O aparelho de emagrecimento com 4 al\u00e7as e laser de 1060 nm foi projetado para tratar \u00e1reas de gordura problem\u00e1tica no corpo, bra\u00e7os e pernas.<\/p>\n<h2><strong>Entrada de energia<\/strong><\/h2>\n<p>A m\u00e1quina opera com uma entrada de energia de 220\/110 V 50\/60 Hz, o que a torna f\u00e1cil de usar e manter.<\/p>\n<h2><strong>Cor da m\u00e1quina<\/strong><\/h2>\n<p>A m\u00e1quina vem em uma cor branca elegante e moderna, perfeita para qualquer cl\u00ednica ou spa.<\/p>\n<h2><strong>Al\u00e7as<\/strong><\/h2>\n<p>A m\u00e1quina vem com 4 al\u00e7as, o que a torna f\u00e1cil de usar e manobrar.<\/p>\n<h2><strong>Como funciona<\/strong><\/h2>\n<p>A M\u00e1quina de emagrecimento de 4 al\u00e7as para perda de peso a laser de 1060 nm usa tecnologia avan\u00e7ada para interromper e eliminar c\u00e9lulas de gordura indesejadas. O comprimento de onda de 1060 nm tem uma afinidade espec\u00edfica para o tecido adiposo, juntamente com absor\u00e7\u00e3o m\u00ednima na derme, permitindo um tratamento eficiente de \u00e1reas de gordura problem\u00e1tica em apenas 25 minutos. Com o tempo, o corpo elimina naturalmente as c\u00e9lulas de gordura interrompidas, com resultados vistos em apenas 6 semanas e resultados \u00f3timos geralmente vistos em apenas dois meses.<\/p>\n<h2><img loading=\"lazy\" decoding=\"async\" class=\"aligncenter\" title=\"Perda de peso a laser de 1060 nm\" src=\"https:\/\/sc04.alicdn.com\/kf\/H523b8ed3512e415d96c6e93bd03539b3B\/247315878\/H523b8ed3512e415d96c6e93bd03539b3B.jpg\" alt=\"Perda de peso a laser de 1060 nm\" width=\"547\" height=\"547\" data-src=\"\/\/sc04.alicdn.com\/kf\/H523b8ed3512e415d96c6e93bd03539b3B\/247315878\/H523b8ed3512e415d96c6e93bd03539b3B.jpg\" \/><\/h2>\n<h2><strong>Caracter\u00edsticas<\/strong><\/h2>\n<p>A m\u00e1quina de emagrecimento com 4 al\u00e7as e perda de peso a laser de 1060 nm oferece uma variedade de recursos, incluindo:<\/p>\n<ul>\n<li>Absor\u00e7\u00e3o m\u00ednima na derme deixa a superf\u00edcie da pele intacta<\/li>\n<li>O resfriamento avan\u00e7ado de contato melhora o conforto do paciente<\/li>\n<li>A difus\u00e3o do calor proporciona resultados de apar\u00eancia natural<\/li>\n<li>Efeitos colaterais leves e transit\u00f3rios<\/li>\n<li>Tratamento r\u00e1pido de 25 minutos por \u00e1rea<\/li>\n<li>Aplicadores vers\u00e1teis para se adaptarem a uma variedade de formas e tamanhos de corpo<\/li>\n<li>Alto ROI para aumentar a receita dos seus pacientes mais rapidamente<\/li>\n<li>Equipe de suporte dedicada da Lasershape para garantir sucesso cl\u00ednico e de marketing<\/li>\n<li>Marketing direto ao consumidor para gerar conscientiza\u00e7\u00e3o e leads<\/li>\n<\/ul>\n<table style=\"border-collapse: collapse; width: 100%;\">\n<tbody>\n<tr>\n<td style=\"width: 50%;\"><img loading=\"lazy\" decoding=\"async\" class=\"aligncenter\" title=\"Perda de peso a laser de 1060 nm\" src=\"https:\/\/sc04.alicdn.com\/kf\/Hcb26690e06584d009ab316424a9c71c8M\/247315878\/Hcb26690e06584d009ab316424a9c71c8M.png\" alt=\"Perda de peso a laser de 1060 nm\" width=\"399\" height=\"260\" data-src=\"\/\/sc04.alicdn.com\/kf\/Hcb26690e06584d009ab316424a9c71c8M\/247315878\/Hcb26690e06584d009ab316424a9c71c8M.png\" \/><\/td>\n<td style=\"width: 50%;\"><img loading=\"lazy\" decoding=\"async\" class=\"aligncenter\" title=\"Perda de peso a laser de 1060 nm\" src=\"https:\/\/sc04.alicdn.com\/kf\/H3825157f491a4f2eb88c8c97f154db28Q\/247315878\/H3825157f491a4f2eb88c8c97f154db28Q.png\" alt=\"Perda de peso a laser de 1060 nm\" width=\"345\" height=\"184\" data-src=\"\/\/sc04.alicdn.com\/kf\/H3825157f491a4f2eb88c8c97f154db28Q\/247315878\/H3825157f491a4f2eb88c8c97f154db28Q.png\" \/><\/td>\n<\/tr>\n<\/tbody>\n<\/table>\n<h2><strong>Conclus\u00e3o<\/strong><\/h2>\n<p>O 1060nm Laser Weight Loss 4 Handles Slimming Machine \u00e9 uma tecnologia revolucion\u00e1ria que rompe e elimina c\u00e9lulas de gordura indesejadas em apenas 25 minutos. Com sua facilidade de uso, efeitos colaterais m\u00ednimos e tempo de tratamento r\u00e1pido, \u00e9 a solu\u00e7\u00e3o perfeita para quem quer reduzir gordura e obter um f\u00edsico mais tonificado.<\/p>\n<\/div>\n<div>\n<table style=\"border-collapse: collapse; width: 100%;\">\n<tbody>\n<tr>\n<td style=\"width: 50%;\"><img loading=\"lazy\" decoding=\"async\" class=\"aligncenter\" title=\"Perda de peso a laser de 1060 nm\" src=\"https:\/\/sc04.alicdn.com\/kf\/H948d07df04db41d48abbb1283742bd47E\/247315878\/H948d07df04db41d48abbb1283742bd47E.jpg\" alt=\"Perda de peso a laser de 1060 nm\" width=\"750\" height=\"684\" data-src=\"\/\/sc04.alicdn.com\/kf\/H948d07df04db41d48abbb1283742bd47E\/247315878\/H948d07df04db41d48abbb1283742bd47E.jpg\" \/><\/td>\n<td style=\"width: 50%;\"><img loading=\"lazy\" decoding=\"async\" class=\"aligncenter\" title=\"Perda de peso a laser de 1060 nm\" src=\"https:\/\/sc04.alicdn.com\/kf\/Hb0e010ae69b240be99383363cf528b1dk\/247315878\/Hb0e010ae69b240be99383363cf528b1dk.png\" alt=\"Perda de peso a laser de 1060 nm\" width=\"325\" height=\"426\" data-src=\"\/\/sc04.alicdn.com\/kf\/Hb0e010ae69b240be99383363cf528b1dk\/247315878\/Hb0e010ae69b240be99383363cf528b1dk.png\" \/><\/td>\n<\/tr>\n<\/tbody>\n<\/table>\n<\/div>\n<\/div>\n<div><\/div>\n<div>\n<div>\n<div>\n<div>\n<div>\n<div><\/div>\n<\/div>\n<\/div>\n<\/div>\n<\/div>\n<\/div>\n<div>\n<h3><strong>Personalizar O Logotipo<\/strong><\/h3>\n<p>Quer fazer sua marca se destacam? N\u00f3s oferecemos o logotipo personalizado servi\u00e7os para ajudar voc\u00ea a criar uma \u00fanica e personalizada logo que reflete a identidade de sua marca. Nossa equipe de especialistas ir\u00e1 trabalhar em estreita colabora\u00e7\u00e3o com voc\u00ea para criar um logotipo que est\u00e1 em conson\u00e2ncia com os valores da sua marca e de mensagens. Se voc\u00ea estiver olhando para renovar o seu logotipo existente ou criar um novo a partir do zero, n\u00f3s temos que cobertas. <a href=\"\/pt\/contato\/\">Contacte-nos<\/a> hoje para saber mais sobre o nosso logotipo personalizado servi\u00e7os!<\/p>\n<\/div>","protected":false},"excerpt":{"rendered":"<p>Esta nova tecnologia \u00e9 otimizada para romper e eliminar c\u00e9lulas de gordura indesejadas. A afinidade espec\u00edfica do comprimento de onda de 1060 nm para o tecido adiposo, juntamente com a absor\u00e7\u00e3o m\u00ednima na derme, tratam eficientemente \u00e1reas de gordura problem\u00e1tica em apenas 25 minutos. Com o tempo, o corpo elimina naturalmente as c\u00e9lulas de gordura rompidas com resultados vistos em apenas 6 semanas e os resultados ideais geralmente podem ser vistos em apenas dois meses.<\/p>","protected":false},"featured_media":1957,"comment_status":"open","ping_status":"closed","template":"","meta":{"_kad_post_transparent":"default","_kad_post_title":"","_kad_post_layout":"default","_kad_post_sidebar_id":"","_kad_post_content_style":"default","_kad_post_vertical_padding":"default","_kad_post_feature":"","_kad_post_feature_position":"","_kad_post_header":false,"_kad_post_footer":false,"_kad_post_classname":"","rank_math_title":"","rank_math_description":"","rank_math_focus_keyword":""},"product_brand":[],"product_cat":[31],"product_tag":[],"class_list":{"0":"post-1952","1":"product","2":"type-product","3":"status-publish","4":"has-post-thumbnail","6":"product_cat-body-slimming","8":"first","9":"instock","10":"shipping-taxable","11":"product-type-simple","12":"entry","13":"content-bg","14":"loop-entry"},"_links":{"self":[{"href":"https:\/\/skbty.com\/pt\/wp-json\/wp\/v2\/product\/1952","targetHints":{"allow":["GET"]}}],"collection":[{"href":"https:\/\/skbty.com\/pt\/wp-json\/wp\/v2\/product"}],"about":[{"href":"https:\/\/skbty.com\/pt\/wp-json\/wp\/v2\/types\/product"}],"replies":[{"embeddable":true,"href":"https:\/\/skbty.com\/pt\/wp-json\/wp\/v2\/comments?post=1952"}],"wp:featuredmedia":[{"embeddable":true,"href":"https:\/\/skbty.com\/pt\/wp-json\/wp\/v2\/media\/1957"}],"wp:attachment":[{"href":"https:\/\/skbty.com\/pt\/wp-json\/wp\/v2\/media?parent=1952"}],"wp:term":[{"taxonomy":"product_brand","embeddable":true,"href":"https:\/\/skbty.com\/pt\/wp-json\/wp\/v2\/product_brand?post=1952"},{"taxonomy":"product_cat","embeddable":true,"href":"https:\/\/skbty.com\/pt\/wp-json\/wp\/v2\/product_cat?post=1952"},{"taxonomy":"product_tag","embeddable":true,"href":"https:\/\/skbty.com\/pt\/wp-json\/wp\/v2\/product_tag?post=1952"}],"curies":[{"name":"Wp","href":"https:\/\/api.w.org\/{rel}","templated":true}]}}