{"id":1963,"date":"2023-06-16T17:09:20","date_gmt":"2023-06-16T09:09:20","guid":{"rendered":"https:\/\/skbty.com\/?post_type=product&#038;p=1963"},"modified":"2024-06-24T14:45:26","modified_gmt":"2024-06-24T06:45:26","slug":"moldando-robo-crioems-maquina-de-emagrecimento-corporal","status":"publish","type":"product","link":"https:\/\/skbty.com\/pt\/product\/moldando-robo-crioems-maquina-de-emagrecimento-corporal\/","title":{"rendered":"M\u00e1quina de emagrecimento corporal Shaping Robot Cryo+Ems"},"content":{"rendered":"<div>\n<h1><strong>M\u00e1quina de Rob\u00f4 Modeladora: Revolucionando a Modelagem Corporal e a Constru\u00e7\u00e3o Muscular<\/strong><\/h1>\n<p>Voc\u00ea est\u00e1 cansado de lutar para atingir seus objetivos de modelagem corporal e constru\u00e7\u00e3o muscular? N\u00e3o procure mais do que a Shaping Robot Machine, uma tecnologia revolucion\u00e1ria que combina a tecnologia 360\u00b0 Cryopolyzing e High Pulse para ajudar voc\u00ea a atingir o f\u00edsico desejado.<\/p>\n<h2><img loading=\"lazy\" decoding=\"async\" class=\"aligncenter\" title=\"M\u00e1quina de Rob\u00f4 Moldador\" src=\"https:\/\/sc04.alicdn.com\/kf\/H0a142152216641f7afb3ebb8743d17b1I\/247315878\/H0a142152216641f7afb3ebb8743d17b1I.jpg\" alt=\"M\u00e1quina de Rob\u00f4 Moldador\" width=\"512\" height=\"634\" data-src=\"\/\/sc04.alicdn.com\/kf\/H0a142152216641f7afb3ebb8743d17b1I\/247315878\/H0a142152216641f7afb3ebb8743d17b1I.jpg\" \/><\/h2>\n<h2><strong>Uso<\/strong><\/h2>\n<p>O Shaping Robot Machine foi projetado para uso no corpo, pernas, bra\u00e7os e abd\u00f4men, o que o torna uma ferramenta vers\u00e1til para quem quer modelar e tonificar o corpo.<\/p>\n<h2><img loading=\"lazy\" decoding=\"async\" class=\"aligncenter\" title=\"M\u00e1quina de Rob\u00f4 Moldador\" src=\"https:\/\/sc04.alicdn.com\/kf\/Ha2a84251e2df484d83fb4fd5242ff4d6U\/247315878\/Ha2a84251e2df484d83fb4fd5242ff4d6U.jpg\" alt=\"M\u00e1quina de Rob\u00f4 Moldador\" width=\"616\" height=\"1579\" data-src=\"\/\/sc04.alicdn.com\/kf\/Ha2a84251e2df484d83fb4fd5242ff4d6U\/247315878\/Ha2a84251e2df484d83fb4fd5242ff4d6U.jpg\" \/><\/h2>\n<h2><strong>Servi\u00e7o e suporte OEM<\/strong><\/h2>\n<p>Oferecemos servi\u00e7o e suporte OEM para garantir que voc\u00ea aproveite ao m\u00e1ximo sua m\u00e1quina rob\u00f3tica de modelagem.<\/p>\n<h2><strong>Al\u00e7as<\/strong><\/h2>\n<p>A m\u00e1quina rob\u00f3tica de modelagem vem com duas al\u00e7as ou uma al\u00e7a, o que a torna f\u00e1cil de usar e manobrar.<\/p>\n<h2><strong>Tecnologia<\/strong><\/h2>\n<p>O Shaping Robot Machine usa uma combina\u00e7\u00e3o de criopolista 360\u00b0 e tecnologia de alta pulsa\u00e7\u00e3o para ajudar voc\u00ea a atingir seus objetivos de modelagem corporal e constru\u00e7\u00e3o muscular.<\/p>\n<h3><strong>Tecnologia de criopoliza\u00e7\u00e3o 360\u00b0<\/strong><\/h3>\n<p>Nossa tecnologia 360\u00b0 Cryopolyzing usa baixas temperaturas para congelar e dissolver c\u00e9lulas de gordura, mantendo a integridade da pele e dos m\u00fasculos. Essa tecnologia \u00e9 perfeita para quem busca reduzir gordura e atingir um f\u00edsico mais tonificado.<\/p>\n<h3><strong>Tecnologia de alto pulso<\/strong><\/h3>\n<p>Nossa tecnologia High Pulse usa campos magn\u00e9ticos pulsados de alta intensidade para estimular o crescimento muscular e aumentar a massa muscular. Esta tecnologia \u00e9 perfeita para aqueles que buscam construir m\u00fasculos e atingir um f\u00edsico mais atl\u00e9tico.<\/p>\n<h2><strong>Como funciona<\/strong><\/h2>\n<p>A Shaping Robot Machine usa a tecnologia High Pulse para estimular os neur\u00f4nios motores, tornando quase 100% de fibras musculares ativas. Isso resulta na queima eficaz de c\u00e9lulas lip\u00eddicas e no r\u00e1pido aumento do tecido muscular e da densidade. Ao mesmo tempo, a tecnologia 360\u00b0 Cryopolyzing congela e dissolve as c\u00e9lulas de gordura, permitindo um f\u00edsico mais tonificado e modelado.<\/p>\n<h2><img loading=\"lazy\" decoding=\"async\" class=\"aligncenter\" title=\"M\u00e1quina de Rob\u00f4 Moldador\" src=\"https:\/\/sc04.alicdn.com\/kf\/Hfb62ea28c1c64fc9b4cdc65dd5397203L\/247315878\/Hfb62ea28c1c64fc9b4cdc65dd5397203L.jpg\" alt=\"M\u00e1quina de Rob\u00f4 Moldador\" width=\"650\" height=\"1205\" data-src=\"\/\/sc04.alicdn.com\/kf\/Hfb62ea28c1c64fc9b4cdc65dd5397203L\/247315878\/Hfb62ea28c1c64fc9b4cdc65dd5397203L.jpg\" \/><\/h2>\n<h2><strong>Benef\u00edcios<\/strong><\/h2>\n<p>A m\u00e1quina de modelagem rob\u00f3tica oferece uma s\u00e9rie de benef\u00edcios, incluindo:<\/p>\n<ul>\n<li>Aumento da massa e densidade muscular<\/li>\n<li>Redu\u00e7\u00e3o de gordura e melhor modelagem corporal<\/li>\n<li>Melhoria do t\u00f4nus muscular e defini\u00e7\u00e3o<\/li>\n<li>F\u00e1cil de usar e manobrar<\/li>\n<\/ul>\n<h2><strong>Conclus\u00e3o<\/strong><\/h2>\n<p>A Shaping Robot Machine \u00e9 uma tecnologia revolucion\u00e1ria que combina a tecnologia 360\u00b0 Cryopolyzing e High Pulse para ajudar voc\u00ea a atingir seus objetivos de modelagem corporal e constru\u00e7\u00e3o muscular. Com sua facilidade de uso e versatilidade, \u00e9 a ferramenta perfeita para qualquer um que queira melhorar seu f\u00edsico.<\/p>\n<\/div>\n<div>\n<div><\/div>\n<div><\/div>\n<div><img loading=\"lazy\" decoding=\"async\" class=\"aligncenter\" title=\"M\u00e1quina de Rob\u00f4 Moldador\" src=\"https:\/\/sc04.alicdn.com\/kf\/H36d0b83d12c845458b9c8b35d9d32ca3v\/247315878\/H36d0b83d12c845458b9c8b35d9d32ca3v.jpg\" alt=\"M\u00e1quina de Rob\u00f4 Moldador\" width=\"549\" height=\"592\" data-src=\"\/\/sc04.alicdn.com\/kf\/H36d0b83d12c845458b9c8b35d9d32ca3v\/247315878\/H36d0b83d12c845458b9c8b35d9d32ca3v.jpg\" \/><\/div>\n<div>\n<h2><strong>Personalizar O Logotipo<\/strong><\/h2>\n<p>Quer fazer sua marca se destacam? N\u00f3s oferecemos o logotipo personalizado servi\u00e7os para ajudar voc\u00ea a criar uma \u00fanica e personalizada logo que reflete a identidade de sua marca. Nossa equipe de especialistas ir\u00e1 trabalhar em estreita colabora\u00e7\u00e3o com voc\u00ea para criar um logotipo que est\u00e1 em conson\u00e2ncia com os valores da sua marca e de mensagens. Se voc\u00ea estiver olhando para renovar o seu logotipo existente ou criar um novo a partir do zero, n\u00f3s temos que cobertas. <a href=\"\/pt\/contato\/\">Contacte-nos<\/a> hoje para saber mais sobre o nosso logotipo personalizado servi\u00e7os!<\/p>\n<p style=\"text-align: center;\">\n<\/div>\n<\/div>","protected":false},"excerpt":{"rendered":"<p>Descubra o poder do Shaping Robot Machine, uma tecnologia de ponta que combina criopolista 360\u00b0 e tecnologia de alta pulsa\u00e7\u00e3o para ajudar voc\u00ea a atingir seus objetivos de modelagem corporal e constru\u00e7\u00e3o muscular.<\/p>","protected":false},"featured_media":1969,"comment_status":"open","ping_status":"closed","template":"","meta":{"_kad_post_transparent":"default","_kad_post_title":"","_kad_post_layout":"default","_kad_post_sidebar_id":"","_kad_post_content_style":"default","_kad_post_vertical_padding":"default","_kad_post_feature":"","_kad_post_feature_position":"","_kad_post_header":false,"_kad_post_footer":false,"_kad_post_classname":"","rank_math_title":"","rank_math_description":"","rank_math_focus_keyword":""},"product_brand":[],"product_cat":[31],"product_tag":[],"class_list":{"0":"post-1963","1":"product","2":"type-product","3":"status-publish","4":"has-post-thumbnail","6":"product_cat-body-slimming","8":"first","9":"instock","10":"shipping-taxable","11":"product-type-simple","12":"entry","13":"content-bg","14":"loop-entry"},"_links":{"self":[{"href":"https:\/\/skbty.com\/pt\/wp-json\/wp\/v2\/product\/1963","targetHints":{"allow":["GET"]}}],"collection":[{"href":"https:\/\/skbty.com\/pt\/wp-json\/wp\/v2\/product"}],"about":[{"href":"https:\/\/skbty.com\/pt\/wp-json\/wp\/v2\/types\/product"}],"replies":[{"embeddable":true,"href":"https:\/\/skbty.com\/pt\/wp-json\/wp\/v2\/comments?post=1963"}],"wp:featuredmedia":[{"embeddable":true,"href":"https:\/\/skbty.com\/pt\/wp-json\/wp\/v2\/media\/1969"}],"wp:attachment":[{"href":"https:\/\/skbty.com\/pt\/wp-json\/wp\/v2\/media?parent=1963"}],"wp:term":[{"taxonomy":"product_brand","embeddable":true,"href":"https:\/\/skbty.com\/pt\/wp-json\/wp\/v2\/product_brand?post=1963"},{"taxonomy":"product_cat","embeddable":true,"href":"https:\/\/skbty.com\/pt\/wp-json\/wp\/v2\/product_cat?post=1963"},{"taxonomy":"product_tag","embeddable":true,"href":"https:\/\/skbty.com\/pt\/wp-json\/wp\/v2\/product_tag?post=1963"}],"curies":[{"name":"Wp","href":"https:\/\/api.w.org\/{rel}","templated":true}]}}