{"id":1970,"date":"2023-06-16T18:14:42","date_gmt":"2023-06-16T10:14:42","guid":{"rendered":"https:\/\/skbty.com\/?post_type=product&#038;p=1970"},"modified":"2024-06-24T14:37:26","modified_gmt":"2024-06-24T06:37:26","slug":"analisador-de-umidade-facial","status":"publish","type":"product","link":"https:\/\/skbty.com\/pt\/product\/analisador-de-umidade-facial\/","title":{"rendered":"Analisador de Umidade Facial"},"content":{"rendered":"<div>\n<h1><strong>Analisador de umidade facial: desvende os segredos da sua pele<\/strong><\/h1>\n<p>Voc\u00ea est\u00e1 cansado de adivinhar o que est\u00e1 acontecendo com sua pele? Quer saber os segredos para obter uma pele saud\u00e1vel e brilhante? N\u00e3o procure mais do que o Facial Moisture Analyzer, uma m\u00e1quina port\u00e1til de an\u00e1lise de pele que usa tecnologia avan\u00e7ada para fornecer recomenda\u00e7\u00f5es precisas e personalizadas de cuidados com a pele.<\/p>\n<h2><strong>O que \u00e9 um analisador de umidade facial?<\/strong><\/h2>\n<p>O Facial Moisture Analyzer \u00e9 uma m\u00e1quina port\u00e1til de an\u00e1lise de pele que foi projetada para ajudar voc\u00ea a entender melhor sua pele. Com sua tecnologia avan\u00e7ada, ele pode detectar v\u00e1rios problemas de pele, como manchas, poros, umidade, textura e rugas. Este dispositivo \u00e9 perfeito para qualquer pessoa que queira assumir o controle de sua rotina de cuidados com a pele e obter uma pele saud\u00e1vel e brilhante.<\/p>\n<h2><img loading=\"lazy\" decoding=\"async\" class=\"aligncenter\" title=\"Analisador de Umidade Facial\" src=\"https:\/\/sc04.alicdn.com\/kf\/Hb19d432465d944e89218bbfbf526be3aJ\/247315878\/Hb19d432465d944e89218bbfbf526be3aJ.jpg\" alt=\"Analisador de Umidade Facial\" width=\"587\" height=\"384\" data-src=\"\/\/sc04.alicdn.com\/kf\/Hb19d432465d944e89218bbfbf526be3aJ\/247315878\/Hb19d432465d944e89218bbfbf526be3aJ.jpg\" \/><\/h2>\n<h2><strong>Vis\u00e3o geral do produto<\/strong><\/h2>\n<ul>\n<li><strong>Tipo:<\/strong>\u00a0Port\u00e1til<\/li>\n<li><strong>Nome do produto:<\/strong>\u00a0M\u00e1quina de an\u00e1lise de pele<\/li>\n<li><strong>Uso:<\/strong>\u00a0Face<\/li>\n<\/ul>\n<h3><strong>Fun\u00e7\u00e3o:<\/strong>\u00a0Escaneamento de pele, an\u00e1lise de rugas da pele, an\u00e1lise de pigmenta\u00e7\u00e3o, an\u00e1lise facial<\/h3>\n<h2><img loading=\"lazy\" decoding=\"async\" class=\"aligncenter\" title=\"Analisador de Umidade Facial\" src=\"https:\/\/sc04.alicdn.com\/kf\/Hd6ac1fb64c0a49bdaddcc6fac13adad6N\/247315878\/Hd6ac1fb64c0a49bdaddcc6fac13adad6N.jpg\" alt=\"Analisador de Umidade Facial\" width=\"565\" height=\"288\" data-src=\"\/\/sc04.alicdn.com\/kf\/Hd6ac1fb64c0a49bdaddcc6fac13adad6N\/247315878\/Hd6ac1fb64c0a49bdaddcc6fac13adad6N.jpg\" \/><\/h2>\n<h2><strong>Tecnologia Avan\u00e7ada<\/strong><\/h2>\n<p>O Facial Moisture Analyzer usa uma combina\u00e7\u00e3o de luz vis\u00edvel RGB, luz polarizada PL e tecnologia de imagem de espectro UV para fornecer an\u00e1lise de pele precisa e detalhada. Essa tecnologia \u00e9 combinada com intelig\u00eancia artificial e an\u00e1lise de imagem para fornecer recomenda\u00e7\u00f5es personalizadas de cuidados com a pele.<\/p>\n<h2><strong>Especifica\u00e7\u00f5es<\/strong><\/h2>\n<ul>\n<li><strong>BATER:<\/strong>\u00a02 GB<\/li>\n<li><strong>Pixel:<\/strong>\u00a01500 Mega<\/li>\n<li><strong>Armazenar:<\/strong>\u00a064 GB, Cart\u00e3o SD externo<\/li>\n<li><strong>Tela:<\/strong>\u00a010,1 polegadas<\/li>\n<li><strong>Poder:<\/strong>\u00a045 W, 110-220 V, 50 Hz<\/li>\n<\/ul>\n<h2><strong>Magic Mirror Plus: O equipamento de detec\u00e7\u00e3o de pele mais avan\u00e7ado do mundo<\/strong><\/h2>\n<p>O Magic Mirror Plus \u00e9 o equipamento de detec\u00e7\u00e3o de pele mais avan\u00e7ado do mundo que combina disparo, an\u00e1lise e exibi\u00e7\u00e3o 3 em 1. Com sua avan\u00e7ada tecnologia de imagem espectral RGB, UV e PL, ele pode detectar 10 problemas de pele na derme e epiderme em apenas 15 segundos. Este dispositivo \u00e9 perfeito para empresas de cosm\u00e9ticos, sal\u00f5es de beleza, cl\u00ednicas de pele e escolas de treinamento.<\/p>\n<h2><strong>Como funciona o Magic Mirror Plus<\/strong><\/h2>\n<p>O Magic Mirror Plus usa uma combina\u00e7\u00e3o de tecnologia avan\u00e7ada e intelig\u00eancia artificial para fornecer recomenda\u00e7\u00f5es precisas e personalizadas de cuidados com a pele. Com seus 12 anos de testes de mercado e 30 milh\u00f5es de bancos de dados cl\u00ednicos, ele pode prever a tend\u00eancia da pele futura de 3 a 5 anos.<\/p>\n<h2><strong>Detalhes do produto<\/strong><\/h2>\n<ul>\n<li>C\u00e2mera HD RGB+UV+PL de 20 megapixels com tecnologia de foco autom\u00e1tico<\/li>\n<li>Sistema de c\u00e2mera de sombreamento patenteado com design oculto de esfera el\u00e1stica em miniatura do tipo push<\/li>\n<li>Usando o tablet Android de 10,1 polegadas<\/li>\n<\/ul>\n<h2><img loading=\"lazy\" decoding=\"async\" class=\"aligncenter\" title=\"Analisador de Umidade Facial\" src=\"https:\/\/sc04.alicdn.com\/kf\/H3f8fd33eb88d47b3b0905dbc713138a6i\/247315878\/H3f8fd33eb88d47b3b0905dbc713138a6i.jpg\" alt=\"Analisador de Umidade Facial\" width=\"688\" height=\"322\" data-src=\"\/\/sc04.alicdn.com\/kf\/H3f8fd33eb88d47b3b0905dbc713138a6i\/247315878\/H3f8fd33eb88d47b3b0905dbc713138a6i.jpg\" \/><\/h2>\n<h2><strong>Sistema e Estrutura<\/strong><\/h2>\n<p>O Facial Moisture Analyzer tem uma interface amig\u00e1vel que permite que voc\u00ea navegue facilmente pelo processo de an\u00e1lise da pele. O sistema identifica automaticamente a \u00e1rea de an\u00e1lise, e voc\u00ea pode ajust\u00e1-la conforme necess\u00e1rio.<\/p>\n<h2><strong>Compreendendo o envelhecimento da pele e o embelezamento da pele<\/strong><\/h2>\n<p>O Analisador de Umidade Facial fornece duas previs\u00f5es: Envelhecimento da Pele e Embelezamento da Pele. O Envelhecimento da Pele representa a previs\u00e3o do estado da pele nos pr\u00f3ximos 3-5 anos sem quaisquer tratamentos ou terapias de cuidados com a pele. O Embelezamento da Pele representa a previs\u00e3o do estado de embelezamento da pele nos pr\u00f3ximos 3-5 anos com tratamentos profissionais de cuidados com a pele.<\/p>\n<h2><strong>Conclus\u00e3o<\/strong><\/h2>\n<p>O Facial Moisture Analyzer \u00e9 uma m\u00e1quina revolucion\u00e1ria de an\u00e1lise de pele que pode ajudar voc\u00ea a desvendar os segredos da sua pele. Com sua tecnologia avan\u00e7ada e recomenda\u00e7\u00f5es personalizadas de cuidados com a pele, \u00e9 o dispositivo perfeito para qualquer pessoa que queira ter uma pele saud\u00e1vel e brilhante.<\/p>\n<\/div>\n<div>\n<div>\n<div>\n<div>\n<div>\n<div>\n<h2><strong>Personalizar O Logotipo<\/strong><\/h2>\n<p>Quer fazer sua marca se destacam? N\u00f3s oferecemos o logotipo personalizado servi\u00e7os para ajudar voc\u00ea a criar uma \u00fanica e personalizada logo que reflete a identidade de sua marca. Nossa equipe de especialistas ir\u00e1 trabalhar em estreita colabora\u00e7\u00e3o com voc\u00ea para criar um logotipo que est\u00e1 em conson\u00e2ncia com os valores da sua marca e de mensagens. Se voc\u00ea estiver olhando para renovar o seu logotipo existente ou criar um novo a partir do zero, n\u00f3s temos que cobertas. <a href=\"\/pt\/contato\/\">Contacte-nos<\/a> hoje para saber mais sobre o nosso logotipo personalizado servi\u00e7os!<\/p>\n<p style=\"text-align: center;\">\n<\/div>\n<\/div>\n<\/div>\n<\/div>\n<\/div>\n<\/div>","protected":false},"excerpt":{"rendered":"<p>Descubra o poder do Facial Moisture Analyzer, uma m\u00e1quina revolucion\u00e1ria de an\u00e1lise de pele que revela os segredos da sua pele. Saiba como o Magic Mirror Plus usa tecnologia avan\u00e7ada para fornecer recomenda\u00e7\u00f5es precisas e personalizadas de cuidados com a pele.<\/p>","protected":false},"featured_media":1977,"comment_status":"open","ping_status":"closed","template":"","meta":{"_kad_post_transparent":"default","_kad_post_title":"","_kad_post_layout":"default","_kad_post_sidebar_id":"","_kad_post_content_style":"default","_kad_post_vertical_padding":"default","_kad_post_feature":"","_kad_post_feature_position":"","_kad_post_header":false,"_kad_post_footer":false,"_kad_post_classname":"","rank_math_title":"","rank_math_description":"","rank_math_focus_keyword":""},"product_brand":[],"product_cat":[32],"product_tag":[],"class_list":{"0":"post-1970","1":"product","2":"type-product","3":"status-publish","4":"has-post-thumbnail","6":"product_cat-skin-analyzer","8":"first","9":"instock","10":"shipping-taxable","11":"product-type-simple","12":"entry","13":"content-bg","14":"loop-entry"},"_links":{"self":[{"href":"https:\/\/skbty.com\/pt\/wp-json\/wp\/v2\/product\/1970","targetHints":{"allow":["GET"]}}],"collection":[{"href":"https:\/\/skbty.com\/pt\/wp-json\/wp\/v2\/product"}],"about":[{"href":"https:\/\/skbty.com\/pt\/wp-json\/wp\/v2\/types\/product"}],"replies":[{"embeddable":true,"href":"https:\/\/skbty.com\/pt\/wp-json\/wp\/v2\/comments?post=1970"}],"wp:featuredmedia":[{"embeddable":true,"href":"https:\/\/skbty.com\/pt\/wp-json\/wp\/v2\/media\/1977"}],"wp:attachment":[{"href":"https:\/\/skbty.com\/pt\/wp-json\/wp\/v2\/media?parent=1970"}],"wp:term":[{"taxonomy":"product_brand","embeddable":true,"href":"https:\/\/skbty.com\/pt\/wp-json\/wp\/v2\/product_brand?post=1970"},{"taxonomy":"product_cat","embeddable":true,"href":"https:\/\/skbty.com\/pt\/wp-json\/wp\/v2\/product_cat?post=1970"},{"taxonomy":"product_tag","embeddable":true,"href":"https:\/\/skbty.com\/pt\/wp-json\/wp\/v2\/product_tag?post=1970"}],"curies":[{"name":"Wp","href":"https:\/\/api.w.org\/{rel}","templated":true}]}}