{"id":1994,"date":"2023-06-16T22:01:05","date_gmt":"2023-06-16T14:01:05","guid":{"rendered":"https:\/\/skbty.com\/?post_type=product&#038;p=1994"},"modified":"2025-12-05T18:45:33","modified_gmt":"2025-12-05T10:45:33","slug":"maquina-de-beleza-de-plasma-2-em-1-2","status":"publish","type":"product","link":"https:\/\/skbty.com\/pt\/product\/maquina-de-beleza-de-plasma-2-em-1-2\/","title":{"rendered":"M\u00e1quina de beleza de plasma 2 em 1"},"content":{"rendered":"<div>\n<h1><strong>M\u00e1quina de beleza de plasma 2 em 1: revolucionando o tratamento da pele<\/strong><\/h1>\n<h3><strong>O que \u00e9 o aparelho de beleza de plasma 2 em 1?<\/strong><\/h3>\n<p>A m\u00e1quina de beleza de plasma 2 em 1 \u00e9 um dispositivo de ponta que utiliza tecnologia avan\u00e7ada de transfer\u00eancia de plasma TDDS para fornecer uma variedade de tratamentos de pele. Esta m\u00e1quina \u00e9 projetada para fornecer uma solu\u00e7\u00e3o segura e eficaz para v\u00e1rios problemas de pele, incluindo acne, cicatrizes e envelhecimento da pele.<\/p>\n<table style=\"border-collapse: collapse; width: 100%;\">\n<tbody>\n<tr>\n<td style=\"width: 50%;\"><img loading=\"lazy\" decoding=\"async\" class=\"aligncenter\" title=\"M\u00e1quina de beleza de plasma 2 em 1\" src=\"https:\/\/sc04.alicdn.com\/kf\/Hd8b7981db9c5416dabf5a49b9d8b5b40O\/247315878\/Hd8b7981db9c5416dabf5a49b9d8b5b40O.jpg\" alt=\"M\u00e1quina de beleza de plasma 2 em 1\" width=\"382\" height=\"460\" data-src=\"\/\/sc04.alicdn.com\/kf\/Hd8b7981db9c5416dabf5a49b9d8b5b40O\/247315878\/Hd8b7981db9c5416dabf5a49b9d8b5b40O.jpg\" \/><\/td>\n<td style=\"width: 50%;\">\n<h3><img loading=\"lazy\" decoding=\"async\" class=\"aligncenter\" title=\"M\u00e1quina de beleza de plasma 2 em 1\" src=\"https:\/\/sc04.alicdn.com\/kf\/H0ccdb68f66c9430992fcc581feb4054dF\/247315878\/H0ccdb68f66c9430992fcc581feb4054dF.jpg\" alt=\"M\u00e1quina de beleza de plasma 2 em 1\" width=\"423\" height=\"447\" data-src=\"\/\/sc04.alicdn.com\/kf\/H0ccdb68f66c9430992fcc581feb4054dF\/247315878\/H0ccdb68f66c9430992fcc581feb4054dF.jpg\" \/><\/h3>\n<\/td>\n<\/tr>\n<\/tbody>\n<\/table>\n<h3><strong>Vantagens t\u00e9cnicas<\/strong><\/h3>\n<p>A m\u00e1quina de beleza de plasma 2 em 1 possui diversas vantagens t\u00e9cnicas, incluindo:<\/p>\n<h4><strong>1. Absor\u00e7\u00e3o r\u00e1pida<\/strong><\/h4>\n<p>A tecnologia de transfer\u00eancia de plasma TDDS abre rapidamente as mol\u00e9culas de ades\u00e3o (CAM) que conectam as c\u00e9lulas, produzindo uma absor\u00e7\u00e3o incr\u00edvel, que \u00e9 instantaneamente absorvida pela pele em apenas 30 segundos.<\/p>\n<h4><strong>2. Forte capacidade de desinfec\u00e7\u00e3o<\/strong><\/h4>\n<p>A energia do plasma tem uma forte capacidade de desinfec\u00e7\u00e3o, o que pode efetivamente eliminar bact\u00e9rias destruindo a estrutura molecular das bact\u00e9rias e evitando causar v\u00e1rios problemas de pele.<\/p>\n<h4><strong>3. Clareamento e clareamento da pele<\/strong><\/h4>\n<p>A energia do Plasma faz com que as c\u00e9lulas envelhecidas atrofiem e se recombinem por pulveriza\u00e7\u00e3o cat\u00f3dica, ao mesmo tempo em que inibe a precipita\u00e7\u00e3o de melanina, tornando a pele brilhante, branca e perfeita.<\/p>\n<h4><strong>4. Auto-Regenera\u00e7\u00e3o do Col\u00e1geno<\/strong><\/h4>\n<p>A energia plasm\u00e1tica exerce calor e press\u00e3o de alta energia durante o transporte, forma hidrog\u00eanio na superf\u00edcie da pele e produz rapidamente grupos plasm\u00e1ticos finos F-DBD entre as c\u00e9lulas da pele, reproduz a voltagem da membrana celular, equilibra todos os \u00edons na estrutura da pele e autorregenera o col\u00e1geno, o que faz com que a estrutura doentia que foi danificada e afetada por pigmentos produza um efeito de autocura de alta efici\u00eancia, ao mesmo tempo que estimula a produ\u00e7\u00e3o de fibroblastos de col\u00e1geno e previne o envelhecimento da pele.<\/p>\n<h3><img loading=\"lazy\" decoding=\"async\" class=\"aligncenter\" title=\"M\u00e1quina de beleza de plasma 2 em 1\" src=\"https:\/\/sc04.alicdn.com\/kf\/Hf9efdaa8aeec40d9b2b126e076f49959M\/247315878\/Hf9efdaa8aeec40d9b2b126e076f49959M.jpg\" alt=\"M\u00e1quina de beleza de plasma 2 em 1\" width=\"584\" height=\"1894\" data-src=\"\/\/sc04.alicdn.com\/kf\/Hf9efdaa8aeec40d9b2b126e076f49959M\/247315878\/Hf9efdaa8aeec40d9b2b126e076f49959M.jpg\" \/><\/h3>\n<h3><img loading=\"lazy\" decoding=\"async\" class=\"aligncenter\" title=\"M\u00e1quina de beleza de plasma 2 em 1\" src=\"https:\/\/sc04.alicdn.com\/kf\/Hf29d05aff52e46f58902152ec6841c53L\/247315878\/Hf29d05aff52e46f58902152ec6841c53L.jpg\" alt=\"M\u00e1quina de beleza de plasma 2 em 1\" width=\"525\" height=\"933\" data-src=\"\/\/sc04.alicdn.com\/kf\/Hf29d05aff52e46f58902152ec6841c53L\/247315878\/Hf29d05aff52e46f58902152ec6841c53L.jpg\" \/><\/h3>\n<h3><strong>Sonda de Plasma e Eletrodo Cer\u00e2mico<\/strong><\/h3>\n<p>A m\u00e1quina vem com uma sonda de plasma e um eletrodo de cer\u00e2mica, que fornecem:<\/p>\n<h4><strong>Sonda Cir\u00fargica Plasma<\/strong><\/h4>\n<p>Tratamento cir\u00fargico delicado e preciso que n\u00e3o danifica o tecido da pele, mas estimula a pele e o tecido subcut\u00e2neo, tornando-o adequado para v\u00e1rios tratamentos de pele, como acne, cicatrizes e cirurgia est\u00e9tica de p\u00e1lpebras.<\/p>\n<h4><strong>Eletrodo Cer\u00e2mico<\/strong><\/h4>\n<p>Excelente resist\u00eancia mec\u00e2nica com grande durabilidade, sendo mais seguro e confi\u00e1vel para contato com o corpo humano.<\/p>\n<h3><strong>Servi\u00e7o e Voltagem<\/strong><\/h3>\n<p>A m\u00e1quina de beleza de plasma 2 em 1 vem com servi\u00e7o OEM\/ODM e opera em uma voltagem de CA 110 V\/240 V.<\/p>\n<h3><strong>Frequ\u00eancia e tamanho do host<\/strong><\/h3>\n<p>A m\u00e1quina opera a uma frequ\u00eancia de 10 MHz e tem um tamanho de host de 57 (comprimento) \u00d7 46 (largura) \u00d7 46 (altura) cm.<\/p>\n<h3><strong>Peso bruto<\/strong><\/h3>\n<p>A m\u00e1quina tem um peso bruto de cerca de 13,1 kg.<\/p>\n<h3><strong>Conclus\u00e3o<\/strong><\/h3>\n<p>A m\u00e1quina de beleza de plasma 2 em 1 \u00e9 um dispositivo revolucion\u00e1rio que oferece uma variedade de tratamentos de pele, incluindo acne, cicatrizes e envelhecimento da pele. Com sua avan\u00e7ada tecnologia de transfer\u00eancia de plasma TDDS, sonda de plasma e eletrodo de cer\u00e2mica, esta m\u00e1quina \u00e9 uma solu\u00e7\u00e3o ideal para aqueles que buscam melhorar a sa\u00fade da pele.<\/p>\n<h3><strong>Perguntas frequentes<\/strong><\/h3>\n<h4><strong>P: O aparelho de beleza de plasma 2 em 1 \u00e9 seguro de usar?<\/strong><\/h4>\n<p>R: Sim, a m\u00e1quina \u00e9 segura de usar e tem uma forte capacidade de desinfec\u00e7\u00e3o que elimina bact\u00e9rias e previne problemas de pele.<\/p>\n<h4><strong>P: Quais problemas de pele podem ser tratados com a m\u00e1quina?<\/strong><\/h4>\n<p>R: A m\u00e1quina pode tratar v\u00e1rios problemas de pele, incluindo acne, cicatrizes e envelhecimento da pele.<\/p>\n<h4><strong>P: Quanto tempo dura uma sess\u00e3o de tratamento?<\/strong><\/h4>\n<p>R: As sess\u00f5es de tratamento podem variar em dura\u00e7\u00e3o, mas normalmente duram de 30 a 60 minutos.<\/p>\n<h4><strong>P: A m\u00e1quina \u00e9 f\u00e1cil de usar?<\/strong><\/h4>\n<p>R: Sim, a m\u00e1quina \u00e9 f\u00e1cil de usar e vem com servi\u00e7o e suporte OEM\/ODM.<\/p>\n<h4><strong>P: Que tipo de resultados posso esperar da m\u00e1quina?<\/strong><\/h4>\n<p>R: Os resultados podem variar, mas a m\u00e1quina pode proporcionar r\u00e1pida absor\u00e7\u00e3o, clareamento e clareamento da pele e autorregenera\u00e7\u00e3o de col\u00e1geno.<\/p>\n<\/div>\n<div>\n<div><\/div>\n<div><img loading=\"lazy\" decoding=\"async\" class=\"aligncenter\" title=\"M\u00e1quina de beleza de plasma 2 em 1\" src=\"https:\/\/sc04.alicdn.com\/kf\/Hd8b09c41f9454797b2a419edeec0ee91g\/247315878\/Hd8b09c41f9454797b2a419edeec0ee91g.jpg\" alt=\"M\u00e1quina de beleza de plasma 2 em 1\" width=\"506\" height=\"1109\" data-src=\"\/\/sc04.alicdn.com\/kf\/Hd8b09c41f9454797b2a419edeec0ee91g\/247315878\/Hd8b09c41f9454797b2a419edeec0ee91g.jpg\" \/><\/div>\n<div>\n<h3><strong>Personalizar O Logotipo<\/strong><\/h3>\n<p>Quer fazer sua marca se destacam? N\u00f3s oferecemos o logotipo personalizado servi\u00e7os para ajudar voc\u00ea a criar uma \u00fanica e personalizada logo que reflete a identidade de sua marca. Nossa equipe de especialistas ir\u00e1 trabalhar em estreita colabora\u00e7\u00e3o com voc\u00ea para criar um logotipo que est\u00e1 em conson\u00e2ncia com os valores da sua marca e de mensagens. Se voc\u00ea estiver olhando para renovar o seu logotipo existente ou criar um novo a partir do zero, n\u00f3s temos que cobertas. <a href=\"\/pt\/contato\/\">Contacte-nos<\/a> hoje para saber mais sobre o nosso logotipo personalizado servi\u00e7os!<\/p>\n<p style=\"text-align: center;\">\n<\/div>\n<\/div>","protected":false},"excerpt":{"rendered":"<p class=\"p1\">Descubra a m\u00e1quina de beleza de plasma 2 em 1, um dispositivo revolucion\u00e1rio que utiliza tecnologia avan\u00e7ada de transfer\u00eancia de plasma TDDS para fornecer uma variedade de tratamentos de pele, incluindo acne, cicatrizes e envelhecimento da pele.<\/p>","protected":false},"featured_media":2001,"comment_status":"open","ping_status":"closed","template":"","meta":{"_kad_post_transparent":"default","_kad_post_title":"","_kad_post_layout":"default","_kad_post_sidebar_id":"","_kad_post_content_style":"default","_kad_post_vertical_padding":"default","_kad_post_feature":"","_kad_post_feature_position":"","_kad_post_header":false,"_kad_post_footer":false,"_kad_post_classname":"","rank_math_title":"","rank_math_description":"","rank_math_focus_keyword":""},"product_brand":[],"product_cat":[33],"product_tag":[],"class_list":{"0":"post-1994","1":"product","2":"type-product","3":"status-publish","4":"has-post-thumbnail","6":"product_cat-face-care","8":"first","9":"instock","10":"sale","11":"shipping-taxable","12":"purchasable","13":"product-type-variable","14":"entry","15":"content-bg","16":"loop-entry"},"_links":{"self":[{"href":"https:\/\/skbty.com\/pt\/wp-json\/wp\/v2\/product\/1994","targetHints":{"allow":["GET"]}}],"collection":[{"href":"https:\/\/skbty.com\/pt\/wp-json\/wp\/v2\/product"}],"about":[{"href":"https:\/\/skbty.com\/pt\/wp-json\/wp\/v2\/types\/product"}],"replies":[{"embeddable":true,"href":"https:\/\/skbty.com\/pt\/wp-json\/wp\/v2\/comments?post=1994"}],"wp:featuredmedia":[{"embeddable":true,"href":"https:\/\/skbty.com\/pt\/wp-json\/wp\/v2\/media\/2001"}],"wp:attachment":[{"href":"https:\/\/skbty.com\/pt\/wp-json\/wp\/v2\/media?parent=1994"}],"wp:term":[{"taxonomy":"product_brand","embeddable":true,"href":"https:\/\/skbty.com\/pt\/wp-json\/wp\/v2\/product_brand?post=1994"},{"taxonomy":"product_cat","embeddable":true,"href":"https:\/\/skbty.com\/pt\/wp-json\/wp\/v2\/product_cat?post=1994"},{"taxonomy":"product_tag","embeddable":true,"href":"https:\/\/skbty.com\/pt\/wp-json\/wp\/v2\/product_tag?post=1994"}],"curies":[{"name":"Wp","href":"https:\/\/api.w.org\/{rel}","templated":true}]}}