{"id":2017,"date":"2023-06-19T18:12:51","date_gmt":"2023-06-19T10:12:51","guid":{"rendered":"https:\/\/skbty.com\/?post_type=product&#038;p=2017"},"modified":"2024-06-24T11:38:01","modified_gmt":"2024-06-24T03:38:01","slug":"maquina-de-aperto-vaginal-hifu","status":"publish","type":"product","link":"https:\/\/skbty.com\/pt\/product\/maquina-de-aperto-vaginal-hifu\/","title":{"rendered":"M\u00e1quina de aperto vaginal HIFU"},"content":{"rendered":"<div>\n<div>\n<h3><strong>O que \u00e9 o sistema HIFU de aperto vaginal?<\/strong><\/h3>\n<p><strong>O sistema HIFU de aperto vaginal<\/strong> \u00e9 um dispositivo m\u00e9dico de ponta que utiliza tecnologia de Ultrassom Focalizado de Alta Intensidade (HIFU) para rejuvenescimento vaginal n\u00e3o invasivo. Ao direcionar energia ultrass\u00f4nica focada para a l\u00e2mina mucosa e camadas musculares, ele estimula a reorganiza\u00e7\u00e3o e regenera\u00e7\u00e3o do col\u00e1geno, levando \u00e0 firmeza vaginal melhorada, sensibilidade aumentada e lubrifica\u00e7\u00e3o aumentada. Este sistema oferece uma solu\u00e7\u00e3o segura e eficaz para o aperto vaginal com desconforto m\u00ednimo e sem tempo de recupera\u00e7\u00e3o.<\/p>\n<p><strong>M\u00e1quina de aperto vaginal<\/strong><\/p>\n<ul>\n<li><strong>Uso:<\/strong> Rejuvenescimento Vaginal<\/li>\n<li><strong>Servi\u00e7o OEM:<\/strong> Suporte dispon\u00edvel<\/li>\n<li><strong>Al\u00e7as:<\/strong> 2 Al\u00e7as<\/li>\n<li><strong>Tecnologia:<\/strong> Ultrassom HIFU<\/li>\n<\/ul>\n<p><img loading=\"lazy\" decoding=\"async\" class=\"aligncenter wp-image-2196\" title=\"Estreitamento vaginal \" src=\"https:\/\/skbty.com\/wp-content\/uploads\/2023\/06\/principle.png\" alt=\"Estreitamento vaginal \" width=\"660\" height=\"222\" srcset=\"https:\/\/skbty.com\/wp-content\/uploads\/2023\/06\/principle.png 731w, https:\/\/skbty.com\/wp-content\/uploads\/2023\/06\/principle-300x101.png 300w, https:\/\/skbty.com\/wp-content\/uploads\/2023\/06\/principle-600x202.png 600w\" sizes=\"auto, (max-width: 660px) 100vw, 660px\" \/><\/p>\n<p><strong>Princ\u00edpio de trabalho:<\/strong><\/p>\n<p>O Sistema HIFU de Aperto Vaginal emprega uma t\u00e9cnica de foco ultrass\u00f4nico n\u00e3o invasiva que tem como alvo direto a l\u00e2mina mucosa e a camada muscular. Utilizando ondas de ultrassom como fonte de energia, ele penetra profundamente e foca precisamente na l\u00e2mina pr\u00f3pria e na camada de fibras musculares em uma profundidade predeterminada. Isso cria uma regi\u00e3o focada de alta intensidade onde a temperatura pode exceder 65\u2103 em 0,1 segundos. Esse processo reorganiza o col\u00e1geno enquanto deixa os tecidos circundantes inalterados, alcan\u00e7ando a concentra\u00e7\u00e3o, reorganiza\u00e7\u00e3o e regenera\u00e7\u00e3o de col\u00e1geno desejadas para um aperto vaginal eficaz.<\/p>\n<p><strong>Fun\u00e7\u00f5es:<\/strong><\/p>\n<ul>\n<li>Potente efeito firmador para aumentar a satisfa\u00e7\u00e3o sexual<\/li>\n<li>Aumento da lubrifica\u00e7\u00e3o, redu\u00e7\u00e3o do ressecamento<\/li>\n<li>Sensibilidade aumentada atrav\u00e9s da regenera\u00e7\u00e3o celular<\/li>\n<li>Melhoria abrangente da sa\u00fade vaginal, reduzindo infec\u00e7\u00f5es<\/li>\n<\/ul>\n<p><strong>Vantagens:<\/strong><\/p>\n<ul>\n<li><strong>Cabe\u00e7as de trabalho duplas:<\/strong> Diferentes efeitos operacionais com profundidades de 3,0 mm e 4,5 mm.<\/li>\n<li><strong>Emiss\u00e3o de rota\u00e7\u00e3o de 360\u00b0:<\/strong> Cuidado completo para a \u00e1rea vaginal.<\/li>\n<li><strong>Ajuste preciso de profundidade:<\/strong> Garante tratamento direcionado.<\/li>\n<li><strong>N\u00e3o invasivo:<\/strong> N\u00e3o \u00e9 necess\u00e1rio per\u00edodo de recupera\u00e7\u00e3o; retomada imediata da atividade sexual.<\/li>\n<li><strong>Opera\u00e7\u00e3o conveniente:<\/strong> Tratamento simples de 20 minutos com resultados instant\u00e2neos.<\/li>\n<li><strong>Custo-benef\u00edcio:<\/strong> N\u00e3o s\u00e3o necess\u00e1rios itens consum\u00edveis.<\/li>\n<li><strong>Resultados duradouros:<\/strong> Efeito percept\u00edvel de firmeza e modelagem por 18 a 24 meses ap\u00f3s um tratamento, com tratamentos anuais promovendo a revers\u00e3o do envelhecimento da pele.<\/li>\n<li><strong>Vida di\u00e1ria ininterrupta:<\/strong> Nenhum impacto nas atividades di\u00e1rias, incluindo aplica\u00e7\u00e3o de maquiagem.<\/li>\n<\/ul>\n<\/div>\n<\/div>\n<div>\n<h3><strong>Personalizar O Logotipo<\/strong><\/h3>\n<p>Quer fazer sua marca se destacam? N\u00f3s oferecemos o logotipo personalizado servi\u00e7os para ajudar voc\u00ea a criar uma \u00fanica e personalizada logo que reflete a identidade de sua marca. Nossa equipe de especialistas ir\u00e1 trabalhar em estreita colabora\u00e7\u00e3o com voc\u00ea para criar um logotipo que est\u00e1 em conson\u00e2ncia com os valores da sua marca e de mensagens. Se voc\u00ea estiver olhando para renovar o seu logotipo existente ou criar um novo a partir do zero, n\u00f3s temos que cobertas. <a href=\"\/pt\/contato\/\">Contacte-nos<\/a> hoje para saber mais sobre o nosso logotipo personalizado servi\u00e7os!<\/p>\n<\/div>","protected":false},"excerpt":{"rendered":"<p>O Sistema HIFU de Aperto Vaginal usa uma t\u00e9cnica de foco ultrass\u00f4nico n\u00e3o invasiva para focar diretamente na l\u00e2mina mucosa e na camada muscular. Usando ondas ultrass\u00f4nicas como fonte de energia e aproveitando sua penetra\u00e7\u00e3o e focalidade, o sistema enviar\u00e1 energia ultrass\u00f4nica com foco na l\u00e2mina pr\u00f3pria e na camada de fibras musculares em uma profundidade predeterminada.<\/p>","protected":false},"featured_media":2023,"comment_status":"open","ping_status":"closed","template":"","meta":{"_kad_post_transparent":"default","_kad_post_title":"","_kad_post_layout":"default","_kad_post_sidebar_id":"","_kad_post_content_style":"default","_kad_post_vertical_padding":"default","_kad_post_feature":"","_kad_post_feature_position":"","_kad_post_header":false,"_kad_post_footer":false,"_kad_post_classname":"","rank_math_title":"","rank_math_description":"","rank_math_focus_keyword":""},"product_brand":[],"product_cat":[35],"product_tag":[],"class_list":{"0":"post-2017","1":"product","2":"type-product","3":"status-publish","4":"has-post-thumbnail","6":"product_cat-hifu","8":"first","9":"instock","10":"shipping-taxable","11":"product-type-simple","12":"entry","13":"content-bg","14":"loop-entry"},"_links":{"self":[{"href":"https:\/\/skbty.com\/pt\/wp-json\/wp\/v2\/product\/2017","targetHints":{"allow":["GET"]}}],"collection":[{"href":"https:\/\/skbty.com\/pt\/wp-json\/wp\/v2\/product"}],"about":[{"href":"https:\/\/skbty.com\/pt\/wp-json\/wp\/v2\/types\/product"}],"replies":[{"embeddable":true,"href":"https:\/\/skbty.com\/pt\/wp-json\/wp\/v2\/comments?post=2017"}],"wp:featuredmedia":[{"embeddable":true,"href":"https:\/\/skbty.com\/pt\/wp-json\/wp\/v2\/media\/2023"}],"wp:attachment":[{"href":"https:\/\/skbty.com\/pt\/wp-json\/wp\/v2\/media?parent=2017"}],"wp:term":[{"taxonomy":"product_brand","embeddable":true,"href":"https:\/\/skbty.com\/pt\/wp-json\/wp\/v2\/product_brand?post=2017"},{"taxonomy":"product_cat","embeddable":true,"href":"https:\/\/skbty.com\/pt\/wp-json\/wp\/v2\/product_cat?post=2017"},{"taxonomy":"product_tag","embeddable":true,"href":"https:\/\/skbty.com\/pt\/wp-json\/wp\/v2\/product_tag?post=2017"}],"curies":[{"name":"Wp","href":"https:\/\/api.w.org\/{rel}","templated":true}]}}