{"id":2034,"date":"2023-06-19T19:01:35","date_gmt":"2023-06-19T11:01:35","guid":{"rendered":"https:\/\/skbty.com\/?post_type=product&#038;p=2034"},"modified":"2024-06-24T11:17:09","modified_gmt":"2024-06-24T03:17:09","slug":"maquina-hifu-7d-portatil","status":"publish","type":"product","link":"https:\/\/skbty.com\/pt\/product\/maquina-hifu-7d-portatil\/","title":{"rendered":"M\u00e1quina HIFU 7D port\u00e1til"},"content":{"rendered":"<h3>O que \u00e9 a m\u00e1quina HIFU port\u00e1til 7D?<\/h3>\n<p><strong>M\u00e1quina HIFU 7D port\u00e1til<\/strong> \u2013 Tecnologia avan\u00e7ada de ultrassom focalizado de alta intensidade para lifting, endurecimento e rejuvenescimento n\u00e3o invasivo da pele. Projetado para fornecer tratamentos precisos e eficazes, este dispositivo garante resultados vis\u00edveis com tempo de inatividade m\u00ednimo.<\/p>\n<h3><img loading=\"lazy\" decoding=\"async\" class=\"aligncenter wp-image-2057\" title=\"M\u00e1quina HIFU 7D port\u00e1til\" src=\"https:\/\/skbty.com\/wp-content\/uploads\/2023\/06\/299-1.png\" alt=\"M\u00e1quina HIFU 7D port\u00e1til\" width=\"602\" height=\"317\" srcset=\"https:\/\/skbty.com\/wp-content\/uploads\/2023\/06\/299-1.png 1015w, https:\/\/skbty.com\/wp-content\/uploads\/2023\/06\/299-1-300x158.png 300w, https:\/\/skbty.com\/wp-content\/uploads\/2023\/06\/299-1-768x405.png 768w, https:\/\/skbty.com\/wp-content\/uploads\/2023\/06\/299-1-600x316.png 600w\" sizes=\"auto, (max-width: 602px) 100vw, 602px\" \/><\/h3>\n<h3>Especifica\u00e7\u00f5es<\/h3>\n<ul>\n<li><strong>Nome<\/strong>: M\u00e1quina HIFU 7D port\u00e1til<\/li>\n<li><strong>Par\u00e2metros<\/strong>: 220V 50HZ<\/li>\n<li><strong>Pot\u00eancia de sa\u00edda<\/strong>: 150 W<\/li>\n<li><strong>Freq\u00fc\u00eancia<\/strong>: 2-7MHz<\/li>\n<li><strong>Tamanho da energia<\/strong>: 0.1-3.0<\/li>\n<li><strong>Cor da m\u00e1quina<\/strong>: Branco<\/li>\n<\/ul>\n<h3>Princ\u00edpio de trabalho<\/h3>\n<p>A M\u00e1quina HIFU Port\u00e1til 7D utiliza tecnologia de Ultrassom Focalizado de Alta Intensidade (HIFU) para atingir e tratar as camadas profundas da pele sem afetar a superf\u00edcie. O dispositivo emite ondas de ultrassom que penetram na pele, atingindo a camada do Sistema Muscular Aponeur\u00f3tico Superficial (SMAS). Este processo induz a coagula\u00e7\u00e3o t\u00e9rmica, que estimula a produ\u00e7\u00e3o e regenera\u00e7\u00e3o de col\u00e1geno. Como resultado, a pele fica mais firme, esticada e mais levantada ao longo do tempo. As configura\u00e7\u00f5es de profundidade ajust\u00e1veis (0,5-7 mm) permitem o direcionamento preciso de v\u00e1rias camadas da pele, garantindo um tratamento personalizado para cada paciente. O design avan\u00e7ado da sonda garante o fornecimento consistente de energia, maximizando a efic\u00e1cia do tratamento e minimizando o desconforto e o tempo de inatividade. Este m\u00e9todo n\u00e3o invasivo fornece uma alternativa segura e eficaz para liftings faciais cir\u00fargicos e outros procedimentos invasivos.<\/p>\n<h3>Apar\u00eancia do instrumento<\/h3>\n<h4>Instala\u00e7\u00e3o da sonda<\/h4>\n<p><strong>Instala\u00e7\u00e3o do instrumento \u2013 Instale a cabe\u00e7a do cabo<\/strong>:<\/p>\n<ol>\n<li>Retire a cabe\u00e7a do cabo e remova a pel\u00edcula protetora, certificando-se de que a interface da cabe\u00e7a do cabo esteja seca e livre de corpos estranhos.<\/li>\n<li>Alinhe a interface da cabe\u00e7a do cabo com a al\u00e7a, certificando-se de que as sali\u00eancias na cabe\u00e7a do cabo correspondam \u00e0s ranhuras da al\u00e7a.<\/li>\n<li>Insira suavemente a cabe\u00e7a da al\u00e7a horizontalmente na al\u00e7a. A instala\u00e7\u00e3o estar\u00e1 completa quando voc\u00ea ouvir um \u201cclique\u201d.<\/li>\n<li>Para substituir ou remover a cabe\u00e7a do cabo, pressione a trava de seguran\u00e7a na lateral do cabo e puxe suavemente a cabe\u00e7a do cabo horizontalmente.<\/li>\n<\/ol>\n<h3><img loading=\"lazy\" decoding=\"async\" class=\"aligncenter wp-image-2213\" title=\"M\u00e1quina HIFU 7D port\u00e1til\" src=\"https:\/\/skbty.com\/wp-content\/uploads\/2023\/06\/\u5fae\u4fe1\u622a\u56fe_20230628175849.png\" alt=\"M\u00e1quina HIFU 7D port\u00e1til\" width=\"606\" height=\"190\" srcset=\"https:\/\/skbty.com\/wp-content\/uploads\/2023\/06\/\u5fae\u4fe1\u622a\u56fe_20230628175849.png 1053w, https:\/\/skbty.com\/wp-content\/uploads\/2023\/06\/\u5fae\u4fe1\u622a\u56fe_20230628175849-300x94.png 300w, https:\/\/skbty.com\/wp-content\/uploads\/2023\/06\/\u5fae\u4fe1\u622a\u56fe_20230628175849-1024x321.png 1024w, https:\/\/skbty.com\/wp-content\/uploads\/2023\/06\/\u5fae\u4fe1\u622a\u56fe_20230628175849-768x241.png 768w, https:\/\/skbty.com\/wp-content\/uploads\/2023\/06\/\u5fae\u4fe1\u622a\u56fe_20230628175849-600x188.png 600w\" sizes=\"auto, (max-width: 606px) 100vw, 606px\" \/><\/h3>\n<h3>Introdu\u00e7\u00e3o \u00e0 interface principal do instrumento<\/h3>\n<ol>\n<li><strong>Tempos atuais usados<\/strong>: Exibe o n\u00famero de vezes que o dispositivo foi usado.<\/li>\n<li><strong>Tempos Restantes<\/strong>: Exibe o n\u00famero restante de usos.<\/li>\n<li><strong>Informa\u00e7\u00f5es da cabe\u00e7a do cabo<\/strong>: Mostra profundidade, comprimento de onda e espa\u00e7amento (somente exibi\u00e7\u00e3o).<\/li>\n<li><strong>Configura\u00e7\u00e3o de dist\u00e2ncia<\/strong>: Defina a dist\u00e2ncia entre os pontos de condensa\u00e7\u00e3o.<\/li>\n<li><strong>Comprimento de energia<\/strong>: Ajust\u00e1vel de 5 mm a 25 mm (intervalo m\u00ednimo de ajuste de 5 mm).<\/li>\n<li><strong>M1, M2 Salvar Par\u00e2metros<\/strong>: Pressione e segure por 3 segundos para salvar as configura\u00e7\u00f5es.<\/li>\n<li><strong>Regula\u00e7\u00e3o Energ\u00e9tica<\/strong>: Ajuste o n\u00edvel de energia.<\/li>\n<li><strong>Modo de transmiss\u00e3o<\/strong>: Repetir (cont\u00ednuo) ou \u00danico (transmiss\u00e3o \u00fanica).<\/li>\n<li><strong>Configura\u00e7\u00f5es<\/strong>: Acesse o menu de configura\u00e7\u00f5es do dispositivo.<\/li>\n<li><strong>Enviar informa\u00e7\u00f5es do n\u00famero<\/strong>: Exibe o n\u00famero de transmiss\u00f5es.<\/li>\n<li><strong>Status do sistema<\/strong>: Indica \u201cstandby\u201d ou \u201cstart\u201d.<\/li>\n<li><strong>Defini\u00e7\u00e3o de Limite de Transmiss\u00e3o<\/strong>: Defina o limite do n\u00famero de transmiss\u00f5es; um alarme soar\u00e1 quando o limite for atingido.<\/li>\n<li><strong>Contagem total de uso<\/strong>: Exibe o n\u00famero total de vezes que o dispositivo foi usado.<\/li>\n<\/ol>\n<h3><img loading=\"lazy\" decoding=\"async\" class=\"aligncenter wp-image-2041\" title=\"M\u00e1quina HIFU 7D port\u00e1til\" src=\"https:\/\/skbty.com\/wp-content\/uploads\/2023\/06\/301.png\" alt=\"M\u00e1quina HIFU 7D port\u00e1til\" width=\"672\" height=\"373\" srcset=\"https:\/\/skbty.com\/wp-content\/uploads\/2023\/06\/301.png 1089w, https:\/\/skbty.com\/wp-content\/uploads\/2023\/06\/301-300x167.png 300w, https:\/\/skbty.com\/wp-content\/uploads\/2023\/06\/301-1024x569.png 1024w, https:\/\/skbty.com\/wp-content\/uploads\/2023\/06\/301-768x427.png 768w, https:\/\/skbty.com\/wp-content\/uploads\/2023\/06\/301-600x333.png 600w\" sizes=\"auto, (max-width: 672px) 100vw, 672px\" \/><\/h3>\n<h3>Caracter\u00edsticas e benef\u00edcios<\/h3>\n<ul>\n<li><strong>N\u00e3o invasivo<\/strong>: Proporciona lifting e firmeza eficazes na pele sem cirurgia.<\/li>\n<li><strong>Tratamentos de Precis\u00e3o<\/strong>: Par\u00e2metros ajust\u00e1veis para tratamentos personalizados.<\/li>\n<li><strong>Facilidade de uso<\/strong>: Interface amig\u00e1vel com exibi\u00e7\u00e3o e configura\u00e7\u00f5es claras.<\/li>\n<li><strong>Caracter\u00edsticas de seguran\u00e7a<\/strong>: Mecanismo de trava de seguran\u00e7a para instala\u00e7\u00e3o segura da cabe\u00e7a do cabo.<\/li>\n<li><strong>Portabilidade<\/strong>: Design compacto para f\u00e1cil transporte e armazenamento.<\/li>\n<\/ul>\n<h3>Aplica\u00e7\u00f5es<\/h3>\n<ol>\n<li><strong>Lifting e endurecimento da pele<\/strong>: Lifting facial n\u00e3o cir\u00fargico, lifting de pesco\u00e7o e contorno corporal.<\/li>\n<li><strong>Redu\u00e7\u00e3o de rugas<\/strong>: Combate linhas finas e rugas para uma pele mais lisa.<\/li>\n<li><strong>Produ\u00e7\u00e3o de col\u00e1geno<\/strong>: Estimula a produ\u00e7\u00e3o de col\u00e1geno para resultados duradouros.<\/li>\n<li><strong>Tratamentos Personaliz\u00e1veis<\/strong>: Profundidade, tamanho de energia e modos de transmiss\u00e3o ajust\u00e1veis para tratamentos personalizados.<\/li>\n<\/ol>\n<h3><strong>Personalizar O Logotipo<\/strong><\/h3>\n<p>Quer fazer sua marca se destacam? N\u00f3s oferecemos o logotipo personalizado servi\u00e7os para ajudar voc\u00ea a criar uma \u00fanica e personalizada logo que reflete a identidade de sua marca. Nossa equipe de especialistas ir\u00e1 trabalhar em estreita colabora\u00e7\u00e3o com voc\u00ea para criar um logotipo que est\u00e1 em conson\u00e2ncia com os valores da sua marca e de mensagens. Se voc\u00ea estiver olhando para renovar o seu logotipo existente ou criar um novo a partir do zero, n\u00f3s temos que cobertas. <a href=\"\/pt\/contato\/\">Contacte-nos<\/a> hoje para saber mais sobre o nosso logotipo personalizado servi\u00e7os!<\/p>","protected":false},"excerpt":{"rendered":"<p>Explore o avan\u00e7ado <strong>M\u00e1quina HIFU 7D port\u00e1til<\/strong> para lifting e endurecimento n\u00e3o invasivo da pele. Com par\u00e2metros ajust\u00e1veis, uma interface amig\u00e1vel e tratamentos precisos, este dispositivo garante resultados vis\u00edveis com tempo de inatividade m\u00ednimo. Ideal para contorno facial e corporal.<\/p>","protected":false},"featured_media":2060,"comment_status":"open","ping_status":"closed","template":"","meta":{"_kad_post_transparent":"default","_kad_post_title":"","_kad_post_layout":"default","_kad_post_sidebar_id":"","_kad_post_content_style":"default","_kad_post_vertical_padding":"default","_kad_post_feature":"","_kad_post_feature_position":"","_kad_post_header":false,"_kad_post_footer":false,"_kad_post_classname":"","rank_math_title":"","rank_math_description":"","rank_math_focus_keyword":""},"product_brand":[],"product_cat":[35],"product_tag":[],"class_list":{"0":"post-2034","1":"product","2":"type-product","3":"status-publish","4":"has-post-thumbnail","6":"product_cat-hifu","8":"first","9":"instock","10":"shipping-taxable","11":"product-type-simple","12":"entry","13":"content-bg","14":"loop-entry"},"_links":{"self":[{"href":"https:\/\/skbty.com\/pt\/wp-json\/wp\/v2\/product\/2034","targetHints":{"allow":["GET"]}}],"collection":[{"href":"https:\/\/skbty.com\/pt\/wp-json\/wp\/v2\/product"}],"about":[{"href":"https:\/\/skbty.com\/pt\/wp-json\/wp\/v2\/types\/product"}],"replies":[{"embeddable":true,"href":"https:\/\/skbty.com\/pt\/wp-json\/wp\/v2\/comments?post=2034"}],"wp:featuredmedia":[{"embeddable":true,"href":"https:\/\/skbty.com\/pt\/wp-json\/wp\/v2\/media\/2060"}],"wp:attachment":[{"href":"https:\/\/skbty.com\/pt\/wp-json\/wp\/v2\/media?parent=2034"}],"wp:term":[{"taxonomy":"product_brand","embeddable":true,"href":"https:\/\/skbty.com\/pt\/wp-json\/wp\/v2\/product_brand?post=2034"},{"taxonomy":"product_cat","embeddable":true,"href":"https:\/\/skbty.com\/pt\/wp-json\/wp\/v2\/product_cat?post=2034"},{"taxonomy":"product_tag","embeddable":true,"href":"https:\/\/skbty.com\/pt\/wp-json\/wp\/v2\/product_tag?post=2034"}],"curies":[{"name":"Wp","href":"https:\/\/api.w.org\/{rel}","templated":true}]}}