{"id":2126,"date":"2023-06-21T17:05:41","date_gmt":"2023-06-21T09:05:41","guid":{"rendered":"https:\/\/skbty.com\/?post_type=product&#038;p=2126"},"modified":"2024-06-24T11:02:58","modified_gmt":"2024-06-24T03:02:58","slug":"maquina-de-rejuvenescimento-da-pele-dpl","status":"publish","type":"product","link":"https:\/\/skbty.com\/pt\/product\/maquina-de-rejuvenescimento-da-pele-dpl\/","title":{"rendered":"M\u00e1quina de rejuvenescimento da pele DPL"},"content":{"rendered":"<div>\n<div>\n<h3>O que \u00e9 o <strong>M\u00e1quina de rejuvenescimento da pele DPL?<\/strong><\/h3>\n<p><strong>M\u00e1quina de rejuvenescimento da pele DPL<\/strong> \u00e9 um dispositivo de \u00faltima gera\u00e7\u00e3o projetado para tratamentos avan\u00e7ados de rejuvenescimento da pele e remo\u00e7\u00e3o de pelos. Utilizando a tecnologia DPL (Dynamic Pulse Light), esta m\u00e1quina oferece tratamentos precisos, eficazes e confort\u00e1veis para v\u00e1rios problemas de pele.<\/p>\n<h3><img loading=\"lazy\" decoding=\"async\" class=\"aligncenter\" title=\"M\u00e1quina de rejuvenescimento da pele DPL\" src=\"https:\/\/sc04.alicdn.com\/kf\/Hc65f834570d84192bef3197ad565be6cB\/247315878\/Hc65f834570d84192bef3197ad565be6cB.png\" alt=\"M\u00e1quina de rejuvenescimento da pele DPL\" width=\"1122\" height=\"384\" data-src=\"\/\/sc04.alicdn.com\/kf\/Hc65f834570d84192bef3197ad565be6cB\/247315878\/Hc65f834570d84192bef3197ad565be6cB.png\" \/><\/h3>\n<h3>Especifica\u00e7\u00f5es<\/h3>\n<ul>\n<li><strong>Nome<\/strong>: M\u00e1quina de rejuvenescimento da pele DPL<\/li>\n<li><strong>Tela<\/strong>: Tela sens\u00edvel ao toque digital LCD de 8 polegadas<\/li>\n<li><strong>Comprimento de onda<\/strong>: 530 nm, 585 nm, 630 nm<\/li>\n<li><strong>Tens\u00e3o<\/strong>: 110-220V<\/li>\n<\/ul>\n<h3>Teoria<\/h3>\n<p>O instrumento de rejuvenescimento da pele de f\u00f3tons de mesa emprega a tecnologia de rejuvenescimento da pele DPL, uma inova\u00e7\u00e3o de beleza \u00f3ptica de ponta reconhecida mundialmente. O DPL Precision Skin Rejuvenation ostenta uma luz pulsada exclusiva de \u201cbanda ultraestreita de 100 nm\u201d, fornecendo energia de luz direcionada e concentrada para remover manchas pretas e vermelhas de forma r\u00e1pida e completa. Ele estimula o rearranjo das fibras el\u00e1sticas e de col\u00e1geno, melhorando a maciez da pele e restaurando a apar\u00eancia jovem. O DPL aborda problemas vasculares da pele, como rosto vermelho e ros\u00e1cea. O comprimento de onda de 585-640 nm trata efetivamente manchas faciais e tom de pele irregular. Os comprimentos de onda espec\u00edficos incluem 585 nm para remo\u00e7\u00e3o de sardas, 530 nm para rejuvenescimento da pele e 640 nm para remo\u00e7\u00e3o de pelos.<\/p>\n<h3>Caracter\u00edsticas<\/h3>\n<ol>\n<li><strong>R\u00e1pido<\/strong>:\n<ul>\n<li>Utiliza o modo inteligente \u201cIN-Motion\u201d para velocidade de tratamento r\u00e1pida, at\u00e9 10 disparos por segundo.<\/li>\n<li>Ideal para remo\u00e7\u00e3o de pelos corporais com resfriamento termoel\u00e9trico (TEC) e safira real para resfriamento de contato ideal, garantindo uma experi\u00eancia sem dor.<\/li>\n<\/ul>\n<\/li>\n<li><strong>Eficaz<\/strong>:\n<ul>\n<li>Energia constante obtida por meio de barras de laser alem\u00e3s com microcanal\/sem canal.<\/li>\n<li>Inclui filtro de \u00e1gua, radiador de cobre, bomba CC de alta velocidade da It\u00e1lia e sistema de resfriamento TEC para desempenho de resfriamento superior.<\/li>\n<\/ul>\n<\/li>\n<li><strong>Sem dor, sem tempo de inatividade<\/strong>:\n<ul>\n<li>Requer 3-4 ciclos de tratamento para remo\u00e7\u00e3o permanente de pelos.<\/li>\n<li>Adequado para todos os tipos de pele e partes do corpo.<\/li>\n<li>Alta pot\u00eancia e energia garantem tempos de tratamento curtos (por exemplo, 20 minutos para bra\u00e7os), reduzindo a dura\u00e7\u00e3o geral do curso.<\/li>\n<\/ul>\n<\/li>\n<li><strong>F\u00e1cil opera\u00e7\u00e3o<\/strong>:\n<ul>\n<li>Sistema de resfriamento TEC para tanques de \u00e1gua e pe\u00e7a de m\u00e3o de safira, permitindo opera\u00e7\u00e3o 24 horas.<\/li>\n<li>O modo autom\u00e1tico inteligente com predefini\u00e7\u00f5es para diferentes pacientes garante seguran\u00e7a e efici\u00eancia.<\/li>\n<\/ul>\n<\/li>\n<\/ol>\n<h3>Aplica\u00e7\u00f5es<\/h3>\n<ul>\n<li><strong>Rejuvenescimento da pele<\/strong>: Aumenta a produ\u00e7\u00e3o de col\u00e1geno, suaviza a textura da pele e melhora o tom geral da pele.<\/li>\n<li><strong>Remo\u00e7\u00e3o Do Cabelo<\/strong>: Proporciona remo\u00e7\u00e3o eficaz e permanente de pelos em diversas partes do corpo.<\/li>\n<li><strong>Remo\u00e7\u00e3o de sardas<\/strong>: Visa e reduz especificamente sardas e pigmenta\u00e7\u00e3o.<\/li>\n<li><strong>Les\u00f5es vasculares<\/strong>: Trata vasos sangu\u00edneos faciais, vermelhid\u00e3o e ros\u00e1cea.<\/li>\n<\/ul>\n<p>&nbsp;<\/p>\n<\/div>\n<\/div>\n<div>\n<h3><strong>Personalizar O Logotipo<\/strong><\/h3>\n<p>Quer fazer sua marca se destacam? N\u00f3s oferecemos o logotipo personalizado servi\u00e7os para ajudar voc\u00ea a criar uma \u00fanica e personalizada logo que reflete a identidade de sua marca. Nossa equipe de especialistas ir\u00e1 trabalhar em estreita colabora\u00e7\u00e3o com voc\u00ea para criar um logotipo que est\u00e1 em conson\u00e2ncia com os valores da sua marca e de mensagens. Se voc\u00ea estiver olhando para renovar o seu logotipo existente ou criar um novo a partir do zero, n\u00f3s temos que cobertas. <a href=\"\/pt\/contato\/\">Contacte-nos<\/a> hoje para saber mais sobre o nosso logotipo personalizado servi\u00e7os!<\/p>\n<\/div>\n<div>\n<div>\n<div>\n<div>\n<div>\n<div><\/div>\n<\/div>\n<\/div>\n<\/div>\n<\/div>\n<\/div>","protected":false},"excerpt":{"rendered":"<p>O instrumento de rejuvenescimento da pele de f\u00f3tons de mesa adota a tecnologia de rejuvenescimento da pele DPL, que \u00e9 uma tecnologia de beleza \u00f3ptica de alta tecnologia que \u00e9 popular em todo o mundo e a tecnologia de ponta no campo do rejuvenescimento da pele de f\u00f3tons. \u201cDPL Precision Skin Rejuvenation\u201d tem a \u00fanica luz pulsada de \u201cbanda ultraestreita de 100 nm\u201d do mundo. A energia da luz \u00e9 direcionada e concentrada, o que pode remover manchas pretas e vermelhas de forma mais r\u00e1pida e completa.<\/p>","protected":false},"featured_media":2134,"comment_status":"open","ping_status":"closed","template":"","meta":{"_kad_post_transparent":"default","_kad_post_title":"","_kad_post_layout":"default","_kad_post_sidebar_id":"","_kad_post_content_style":"default","_kad_post_vertical_padding":"default","_kad_post_feature":"","_kad_post_feature_position":"","_kad_post_header":false,"_kad_post_footer":false,"_kad_post_classname":"","rank_math_title":"","rank_math_description":"","rank_math_focus_keyword":""},"product_brand":[],"product_cat":[37],"product_tag":[],"class_list":{"0":"post-2126","1":"product","2":"type-product","3":"status-publish","4":"has-post-thumbnail","6":"product_cat-dpl","8":"first","9":"instock","10":"shipping-taxable","11":"product-type-simple","12":"entry","13":"content-bg","14":"loop-entry"},"_links":{"self":[{"href":"https:\/\/skbty.com\/pt\/wp-json\/wp\/v2\/product\/2126","targetHints":{"allow":["GET"]}}],"collection":[{"href":"https:\/\/skbty.com\/pt\/wp-json\/wp\/v2\/product"}],"about":[{"href":"https:\/\/skbty.com\/pt\/wp-json\/wp\/v2\/types\/product"}],"replies":[{"embeddable":true,"href":"https:\/\/skbty.com\/pt\/wp-json\/wp\/v2\/comments?post=2126"}],"wp:featuredmedia":[{"embeddable":true,"href":"https:\/\/skbty.com\/pt\/wp-json\/wp\/v2\/media\/2134"}],"wp:attachment":[{"href":"https:\/\/skbty.com\/pt\/wp-json\/wp\/v2\/media?parent=2126"}],"wp:term":[{"taxonomy":"product_brand","embeddable":true,"href":"https:\/\/skbty.com\/pt\/wp-json\/wp\/v2\/product_brand?post=2126"},{"taxonomy":"product_cat","embeddable":true,"href":"https:\/\/skbty.com\/pt\/wp-json\/wp\/v2\/product_cat?post=2126"},{"taxonomy":"product_tag","embeddable":true,"href":"https:\/\/skbty.com\/pt\/wp-json\/wp\/v2\/product_tag?post=2126"}],"curies":[{"name":"Wp","href":"https:\/\/api.w.org\/{rel}","templated":true}]}}