{"id":2128,"date":"2023-06-21T17:07:59","date_gmt":"2023-06-21T09:07:59","guid":{"rendered":"https:\/\/skbty.com\/?post_type=product&#038;p=2128"},"modified":"2024-06-21T16:08:53","modified_gmt":"2024-06-21T08:08:53","slug":"barras-de-pilha-de-laser-de-diodo","status":"publish","type":"product","link":"https:\/\/skbty.com\/pt\/product\/barras-de-pilha-de-laser-de-diodo\/","title":{"rendered":"Barras de pilha de laser de diodo para m\u00e1quinas de depila\u00e7\u00e3o a laser de diodo"},"content":{"rendered":"<p>O que \u00e9 o <strong>Barras de pilha de laser de diodo?<\/strong><\/p>\n<p><strong>Barras de pilha de laser de diodo<\/strong> s\u00e3o componentes de alta efici\u00eancia projetados para m\u00e1quinas de remo\u00e7\u00e3o de pelos de diodo laser. Dispon\u00edveis em v\u00e1rios comprimentos de onda, essas barras de empilhamento oferecem convers\u00e3o de energia superior, confiabilidade e vida \u00fatil estendida, tornando-as ideais para aplica\u00e7\u00f5es profissionais de tratamento de pele e cabelo.<\/p>\n<h3>Especifica\u00e7\u00f5es<\/h3>\n<ul>\n<li><strong>Nome<\/strong>: Barras de pilha de laser de diodo<\/li>\n<li><strong>Comprimentos de onda<\/strong>: 755 nm, 808 nm, 1064 nm<\/li>\n<li><strong>Servi\u00e7o OEM<\/strong>: Apoiar<\/li>\n<li><strong>Aplicativo<\/strong>: Partes da m\u00e1quina de depila\u00e7\u00e3o a laser de diodo<\/li>\n<li><strong>Poder<\/strong>: 300 W \u2013 2000 W<\/li>\n<\/ul>\n<h3>Caracter\u00edsticas<\/h3>\n<ol>\n<li><strong>Maior efici\u00eancia de convers\u00e3o de energia<\/strong>: Maximiza a efici\u00eancia do uso de energia, reduzindo o desperd\u00edcio.<\/li>\n<li><strong>Pacote de canal macro, casa selada<\/strong>: Garante durabilidade e prote\u00e7\u00e3o dos componentes.<\/li>\n<li><strong>Maior confiabilidade, maior vida \u00fatil<\/strong>: Projetado para uso prolongado sem comprometer o desempenho.<\/li>\n<li><strong>60W QCW por barra<\/strong>: Alta pot\u00eancia de sa\u00edda por barra para tratamentos eficazes.<\/li>\n<li><strong>At\u00e9 6-16 barras em um \u00fanico m\u00f3dulo de pilha<\/strong>: Op\u00e7\u00f5es de configura\u00e7\u00e3o vers\u00e1teis para se adequar a v\u00e1rios projetos de m\u00e1quinas.<\/li>\n<li><strong>Comprimento de onda \u00fanico ou m\u00faltiplo<\/strong>: Dispon\u00edvel em 760 nm, 808 nm e 1064 nm em um \u00fanico m\u00f3dulo de pilha.<\/li>\n<li><strong>Resfriamento Ativo de \u00c1gua<\/strong>: Otimiza a vida \u00fatil e a pot\u00eancia por meio de resfriamento eficiente.<\/li>\n<li><strong>Pacote de baixa resist\u00eancia t\u00e9rmica<\/strong>: Reduz o ac\u00famulo de calor para melhor desempenho e durabilidade.<\/li>\n<\/ol>\n<h3>Aplica\u00e7\u00f5es<\/h3>\n<ul>\n<li><strong>Remo\u00e7\u00e3o Do Cabelo<\/strong>: Remove pelos indesejados com efici\u00eancia, alta precis\u00e3o e desconforto m\u00ednimo.<\/li>\n<li><strong>Rejuvenescimento da pele<\/strong>: Melhora a textura e a apar\u00eancia da pele estimulando a produ\u00e7\u00e3o de col\u00e1geno e reduzindo a pigmenta\u00e7\u00e3o.<\/li>\n<\/ul>\n<h3><strong>Personalizar O Logotipo<\/strong><\/h3>\n<p>Quer fazer sua marca se destacam? N\u00f3s oferecemos o logotipo personalizado servi\u00e7os para ajudar voc\u00ea a criar uma \u00fanica e personalizada logo que reflete a identidade de sua marca. Nossa equipe de especialistas ir\u00e1 trabalhar em estreita colabora\u00e7\u00e3o com voc\u00ea para criar um logotipo que est\u00e1 em conson\u00e2ncia com os valores da sua marca e de mensagens. Se voc\u00ea estiver olhando para renovar o seu logotipo existente ou criar um novo a partir do zero, n\u00f3s temos que cobertas. <a href=\"\/pt\/contato\/\">Contacte-nos<\/a> hoje para saber mais sobre o nosso logotipo personalizado servi\u00e7os!<\/p>","protected":false},"excerpt":{"rendered":"<p>Melhore suas m\u00e1quinas de depila\u00e7\u00e3o a laser com as Barras de Pilha de Laser de Diodo de alta efici\u00eancia. Dispon\u00edveis em comprimentos de onda de 755 nm, 808 nm e 1064 nm, essas barras de pilha oferecem convers\u00e3o de pot\u00eancia superior, confiabilidade e longevidade. Ideais para tratamentos profissionais de depila\u00e7\u00e3o e rejuvenescimento da pele.<\/p>","protected":false},"featured_media":2136,"comment_status":"open","ping_status":"closed","template":"","meta":{"_kad_post_transparent":"default","_kad_post_title":"","_kad_post_layout":"default","_kad_post_sidebar_id":"","_kad_post_content_style":"default","_kad_post_vertical_padding":"default","_kad_post_feature":"","_kad_post_feature_position":"","_kad_post_header":false,"_kad_post_footer":false,"_kad_post_classname":"","rank_math_title":"","rank_math_description":"","rank_math_focus_keyword":""},"product_brand":[],"product_cat":[47],"product_tag":[],"class_list":{"0":"post-2128","1":"product","2":"type-product","3":"status-publish","4":"has-post-thumbnail","6":"product_cat-parts_hair_removal","8":"first","9":"instock","10":"shipping-taxable","11":"product-type-simple","12":"entry","13":"content-bg","14":"loop-entry"},"_links":{"self":[{"href":"https:\/\/skbty.com\/pt\/wp-json\/wp\/v2\/product\/2128","targetHints":{"allow":["GET"]}}],"collection":[{"href":"https:\/\/skbty.com\/pt\/wp-json\/wp\/v2\/product"}],"about":[{"href":"https:\/\/skbty.com\/pt\/wp-json\/wp\/v2\/types\/product"}],"replies":[{"embeddable":true,"href":"https:\/\/skbty.com\/pt\/wp-json\/wp\/v2\/comments?post=2128"}],"wp:featuredmedia":[{"embeddable":true,"href":"https:\/\/skbty.com\/pt\/wp-json\/wp\/v2\/media\/2136"}],"wp:attachment":[{"href":"https:\/\/skbty.com\/pt\/wp-json\/wp\/v2\/media?parent=2128"}],"wp:term":[{"taxonomy":"product_brand","embeddable":true,"href":"https:\/\/skbty.com\/pt\/wp-json\/wp\/v2\/product_brand?post=2128"},{"taxonomy":"product_cat","embeddable":true,"href":"https:\/\/skbty.com\/pt\/wp-json\/wp\/v2\/product_cat?post=2128"},{"taxonomy":"product_tag","embeddable":true,"href":"https:\/\/skbty.com\/pt\/wp-json\/wp\/v2\/product_tag?post=2128"}],"curies":[{"name":"Wp","href":"https:\/\/api.w.org\/{rel}","templated":true}]}}