{"id":2150,"date":"2023-06-27T16:24:24","date_gmt":"2023-06-27T08:24:24","guid":{"rendered":"https:\/\/skbty.com\/?post_type=product&#038;p=2150"},"modified":"2024-06-21T14:09:13","modified_gmt":"2024-06-21T06:09:13","slug":"maquina-de-remocao-de-veias-de-aranha-de-980-nm","status":"publish","type":"product","link":"https:\/\/skbty.com\/pt\/product\/maquina-de-remocao-de-veias-de-aranha-de-980-nm\/","title":{"rendered":"M\u00e1quina de remo\u00e7\u00e3o de veias de aranha de 980 nm"},"content":{"rendered":"<div>\n<h3>O que \u00e9 a m\u00e1quina de remo\u00e7\u00e3o de veias de aranha de 980 nm?<\/h3>\n<p>O <strong>M\u00e1quina de remo\u00e7\u00e3o vascular de veias de aranha de 30 W e 980 nm<\/strong> \u00e9 um dispositivo de \u00faltima gera\u00e7\u00e3o projetado para o tratamento eficaz de vasinhos, les\u00f5es vasculares e v\u00e1rias condi\u00e7\u00f5es de pele. Utilizando tecnologia avan\u00e7ada de laser de diodo de 980 nm, esta m\u00e1quina oferece tratamento preciso e eficiente com desconforto m\u00ednimo.<\/p>\n<table style=\"border-collapse: collapse; width: 100%;\">\n<tbody>\n<tr>\n<td style=\"width: 50%;\"><img loading=\"lazy\" decoding=\"async\" class=\"aligncenter\" title=\"remo\u00e7\u00e3o vascular de veias de aranha\" src=\"https:\/\/sc04.alicdn.com\/kf\/H0f4a89028710488b83fa4bbbba7745e19\/247315878\/H0f4a89028710488b83fa4bbbba7745e19.png\" alt=\"remo\u00e7\u00e3o vascular de veias de aranha\" width=\"403\" height=\"403\" data-src=\"\/\/sc04.alicdn.com\/kf\/H0f4a89028710488b83fa4bbbba7745e19\/247315878\/H0f4a89028710488b83fa4bbbba7745e19.png\" \/><\/td>\n<td style=\"width: 50%;\">\n<h3><img loading=\"lazy\" decoding=\"async\" class=\"aligncenter\" title=\"remo\u00e7\u00e3o vascular de veias de aranha\" src=\"https:\/\/sc04.alicdn.com\/kf\/H383ce4a8760e453585d35df42536ddd2N\/247315878\/H383ce4a8760e453585d35df42536ddd2N.jpg\" alt=\"remo\u00e7\u00e3o vascular de veias de aranha\" width=\"536\" height=\"523\" data-src=\"\/\/sc04.alicdn.com\/kf\/H383ce4a8760e453585d35df42536ddd2N\/247315878\/H383ce4a8760e453585d35df42536ddd2N.jpg\" \/><\/h3>\n<\/td>\n<\/tr>\n<\/tbody>\n<\/table>\n<h3>Especifica\u00e7\u00f5es<\/h3>\n<ul>\n<li><strong>Nome<\/strong>: M\u00e1quina de remo\u00e7\u00e3o vascular de veias de aranha de 30 W e 980 nm<\/li>\n<li><strong>Fun\u00e7\u00e3o<\/strong>: Tratamento de acne, remo\u00e7\u00e3o de vasos sangu\u00edneos, rejuvenescimento da pele, endurecimento da pele<\/li>\n<li><strong>Tamanho do ponto<\/strong>: 1 mm, 2 mm, 3 mm<\/li>\n<li><strong>Largura de pulso<\/strong>: 0-1s (passo 0,05s)<\/li>\n<li><strong>Poder<\/strong>: 30 W<\/li>\n<li><strong>Tela LCD<\/strong>: 8,0 polegadas<\/li>\n<li><strong>Tens\u00e3o<\/strong>: 220 V\/110 V<\/li>\n<\/ul>\n<h3>Teoria<\/h3>\n<h4>Princ\u00edpio do tratamento<\/h4>\n<ol>\n<li><strong>Laser de 980 nm<\/strong>: O espectro de absor\u00e7\u00e3o ideal das c\u00e9lulas vasculares de Porfirina. As c\u00e9lulas vasculares absorvem o laser de alta energia de comprimento de onda de 980 nm, causando solidifica\u00e7\u00e3o e eventual dissipa\u00e7\u00e3o.<\/li>\n<li><strong>Energia Focada<\/strong>: Para superar a vermelhid\u00e3o e a queimadura de grandes \u00e1reas causadas pelo tratamento a laser tradicional, a pe\u00e7a de m\u00e3o do dispositivo concentra o feixe de laser de 980 nm em uma faixa de di\u00e2metro de 0,2 a 0,5 mm, permitindo que uma energia mais concentrada atinja o tecido alvo, evitando queimar o tecido da pele ao redor.<\/li>\n<li><strong>Estimula\u00e7\u00e3o de Col\u00e1geno<\/strong>: O laser estimula o crescimento do col\u00e1geno d\u00e9rmico durante o tratamento vascular, aumentando a espessura e a densidade da epiderme, reduzindo a visibilidade de pequenos vasos sangu\u00edneos e melhorando a elasticidade e a resist\u00eancia da pele.<\/li>\n<li><strong>A\u00e7\u00e3o T\u00e9rmica<\/strong>:A a\u00e7\u00e3o t\u00e9rmica do laser causa absor\u00e7\u00e3o seletiva do tecido pela hemoglobina, tratando efetivamente problemas vasculares.<\/li>\n<\/ol>\n<table style=\"border-collapse: collapse; width: 100%;\">\n<tbody>\n<tr>\n<td style=\"width: 50%;\"><img loading=\"lazy\" decoding=\"async\" class=\"aligncenter\" title=\"remo\u00e7\u00e3o vascular de veias de aranha\" src=\"https:\/\/sc04.alicdn.com\/kf\/H8ba81a29834b46c7bae3fdaa8b8cc50di\/247315878\/H8ba81a29834b46c7bae3fdaa8b8cc50di.jpg\" alt=\"remo\u00e7\u00e3o vascular de veias de aranha\" width=\"375\" height=\"277\" data-src=\"\/\/sc04.alicdn.com\/kf\/H8ba81a29834b46c7bae3fdaa8b8cc50di\/247315878\/H8ba81a29834b46c7bae3fdaa8b8cc50di.jpg\" \/><\/td>\n<td style=\"width: 50%;\"><img loading=\"lazy\" decoding=\"async\" class=\"aligncenter\" title=\"remo\u00e7\u00e3o vascular de veias de aranha\" src=\"https:\/\/sc04.alicdn.com\/kf\/H93cd742e3e5846c79db52ddc3456f49dm\/247315878\/H93cd742e3e5846c79db52ddc3456f49dm.jpg\" alt=\"remo\u00e7\u00e3o vascular de veias de aranha\" width=\"750\" height=\"464\" data-src=\"\/\/sc04.alicdn.com\/kf\/H93cd742e3e5846c79db52ddc3456f49dm\/247315878\/H93cd742e3e5846c79db52ddc3456f49dm.jpg\" \/><\/td>\n<\/tr>\n<\/tbody>\n<\/table>\n<h3>Aplica\u00e7\u00f5es<\/h3>\n<ol>\n<li><strong>EVLT (Tratamento a Laser de Veias Endovenosas)<\/strong><\/li>\n<li><strong>Terapia de Les\u00f5es Vasculares<\/strong><\/li>\n<li><strong>Tratamento para vasinhos\/vasinhos faciais<\/strong><\/li>\n<li><strong>Tratamento de vasos superficiais<\/strong>: Adequado para vasos com di\u00e2metro entre 0,2 e 2 mm, incluindo vasinhos, telangiectasias e ros\u00e1cea.<\/li>\n<\/ol>\n<h3><img loading=\"lazy\" decoding=\"async\" class=\"aligncenter\" title=\"remo\u00e7\u00e3o vascular de veias de aranha\" src=\"https:\/\/sc04.alicdn.com\/kf\/Hc5fe475f98bd49dd81f44db78cd86c28I\/247315878\/Hc5fe475f98bd49dd81f44db78cd86c28I.jpg\" alt=\"remo\u00e7\u00e3o vascular de veias de aranha\" width=\"601\" height=\"551\" data-src=\"\/\/sc04.alicdn.com\/kf\/Hc5fe475f98bd49dd81f44db78cd86c28I\/247315878\/Hc5fe475f98bd49dd81f44db78cd86c28I.jpg\" \/><\/h3>\n<h3>Vantagens<\/h3>\n<ol>\n<li><strong>Sa\u00edda est\u00e1vel<\/strong>: O m\u00f3dulo de laser de diodo de 980 nm \u00e9 importado da Alemanha, garantindo uma sa\u00edda est\u00e1vel.<\/li>\n<li><strong>Controle preciso de temperatura<\/strong>: Um alarme autom\u00e1tico de alta temperatura garante que o laser funcione dentro de uma faixa de temperatura precisa.<\/li>\n<li><strong>Resultados imediatos<\/strong>: Um \u00fanico tratamento pode remover vasinhos e problemas vasculares, com resultados vis\u00edveis imediatos.<\/li>\n<\/ol>\n<\/div>\n<div>\n<div><img loading=\"lazy\" decoding=\"async\" class=\"aligncenter\" title=\"remo\u00e7\u00e3o vascular de veias de aranha\" src=\"https:\/\/sc04.alicdn.com\/kf\/H0dc4985e62de465299d0cadb832a6945q\/247315878\/H0dc4985e62de465299d0cadb832a6945q.png\" alt=\"remo\u00e7\u00e3o vascular de veias de aranha\" width=\"750\" height=\"482\" data-src=\"\/\/sc04.alicdn.com\/kf\/H0dc4985e62de465299d0cadb832a6945q\/247315878\/H0dc4985e62de465299d0cadb832a6945q.png\" \/><\/div>\n<div><\/div>\n<div>\n<h3><strong>Personalizar O Logotipo<\/strong><\/h3>\n<p>Quer fazer sua marca se destacam? N\u00f3s oferecemos o logotipo personalizado servi\u00e7os para ajudar voc\u00ea a criar uma \u00fanica e personalizada logo que reflete a identidade de sua marca. Nossa equipe de especialistas ir\u00e1 trabalhar em estreita colabora\u00e7\u00e3o com voc\u00ea para criar um logotipo que est\u00e1 em conson\u00e2ncia com os valores da sua marca e de mensagens. Se voc\u00ea estiver olhando para renovar o seu logotipo existente ou criar um novo a partir do zero, n\u00f3s temos que cobertas. <a href=\"\/pt\/contato\/\">Contacte-nos<\/a> hoje para saber mais sobre o nosso logotipo personalizado servi\u00e7os!<\/p>\n<\/div>\n<div><\/div>\n<\/div>","protected":false},"excerpt":{"rendered":"<p>\u2666 O m\u00f3dulo de laser de diodo de 980 nm \u00e9 importado da Alemanha, garantindo sa\u00edda est\u00e1vel.<br \/>\n\u2666 Sistema de controle de temperatura preciso, alarme autom\u00e1tico de alta temperatura, garante que o laser funcione dentro da faixa de temperatura precisa;<br \/>\n\u2666 S\u00f3 precisa de 1 \u00fanico tratamento, as veias da aranha\/vasinhos podem ser removidos completamente, voc\u00ea pode ver o resultado imediatamente<\/p>","protected":false},"featured_media":2188,"comment_status":"open","ping_status":"closed","template":"","meta":{"_kad_post_transparent":"default","_kad_post_title":"","_kad_post_layout":"default","_kad_post_sidebar_id":"","_kad_post_content_style":"default","_kad_post_vertical_padding":"default","_kad_post_feature":"","_kad_post_feature_position":"","_kad_post_header":false,"_kad_post_footer":false,"_kad_post_classname":"","rank_math_title":"","rank_math_description":"","rank_math_focus_keyword":""},"product_brand":[],"product_cat":[33],"product_tag":[],"class_list":{"0":"post-2150","1":"product","2":"type-product","3":"status-publish","4":"has-post-thumbnail","6":"product_cat-face-care","8":"first","9":"instock","10":"shipping-taxable","11":"product-type-simple","12":"entry","13":"content-bg","14":"loop-entry"},"_links":{"self":[{"href":"https:\/\/skbty.com\/pt\/wp-json\/wp\/v2\/product\/2150","targetHints":{"allow":["GET"]}}],"collection":[{"href":"https:\/\/skbty.com\/pt\/wp-json\/wp\/v2\/product"}],"about":[{"href":"https:\/\/skbty.com\/pt\/wp-json\/wp\/v2\/types\/product"}],"replies":[{"embeddable":true,"href":"https:\/\/skbty.com\/pt\/wp-json\/wp\/v2\/comments?post=2150"}],"wp:featuredmedia":[{"embeddable":true,"href":"https:\/\/skbty.com\/pt\/wp-json\/wp\/v2\/media\/2188"}],"wp:attachment":[{"href":"https:\/\/skbty.com\/pt\/wp-json\/wp\/v2\/media?parent=2150"}],"wp:term":[{"taxonomy":"product_brand","embeddable":true,"href":"https:\/\/skbty.com\/pt\/wp-json\/wp\/v2\/product_brand?post=2150"},{"taxonomy":"product_cat","embeddable":true,"href":"https:\/\/skbty.com\/pt\/wp-json\/wp\/v2\/product_cat?post=2150"},{"taxonomy":"product_tag","embeddable":true,"href":"https:\/\/skbty.com\/pt\/wp-json\/wp\/v2\/product_tag?post=2150"}],"curies":[{"name":"Wp","href":"https:\/\/api.w.org\/{rel}","templated":true}]}}