{"id":2151,"date":"2023-06-21T17:52:11","date_gmt":"2023-06-21T09:52:11","guid":{"rendered":"https:\/\/skbty.com\/?post_type=product&#038;p=2151"},"modified":"2024-06-21T15:46:03","modified_gmt":"2024-06-21T07:46:03","slug":"maquina-de-depilacao-a-laser-de-diodo-picosegundo-808nm","status":"publish","type":"product","link":"https:\/\/skbty.com\/pt\/product\/maquina-de-depilacao-a-laser-de-diodo-picosegundo-808nm\/","title":{"rendered":"M\u00e1quina port\u00e1til de remo\u00e7\u00e3o de pelos com diodo laser Picosecond + 808nm"},"content":{"rendered":"<div>\n<div>\n<h3>O que \u00e9 o <strong>M\u00e1quina de depila\u00e7\u00e3o a laser de diodo picosegundo + 808 nm?<\/strong><\/h3>\n<p><strong>Picosecond + M\u00e1quina de remo\u00e7\u00e3o de pelos a laser de diodo de 808 nm<\/strong> combina tecnologias avan\u00e7adas de laser de picosegundo e laser de diodo de 808 nm para tratamentos abrangentes de pele e cabelo. Esta m\u00e1quina vers\u00e1til oferece posicionamento preciso, recupera\u00e7\u00e3o r\u00e1pida e procedimentos suaves e confort\u00e1veis para v\u00e1rias necessidades dermatol\u00f3gicas.<\/p>\n<h3><img loading=\"lazy\" decoding=\"async\" class=\"aligncenter\" title=\"M\u00e1quina de diodo laser picosegundo + 808\" src=\"https:\/\/sc04.alicdn.com\/kf\/Ha4e108c318d04b3db4693932245fde4fd\/247315878\/Ha4e108c318d04b3db4693932245fde4fd.png\" alt=\"M\u00e1quina de diodo laser picosegundo + 808\" width=\"548\" height=\"500\" data-src=\"\/\/sc04.alicdn.com\/kf\/Ha4e108c318d04b3db4693932245fde4fd\/247315878\/Ha4e108c318d04b3db4693932245fde4fd.png\" \/><\/h3>\n<h3>Especifica\u00e7\u00f5es<\/h3>\n<ul>\n<li><strong>Nome<\/strong>: M\u00e1quina de remo\u00e7\u00e3o de pelos de diodo laser picosegundo + 808 nm<\/li>\n<li><strong>Tela<\/strong>: 10,4 polegadas<\/li>\n<li><strong>Tamanho da m\u00e1quina<\/strong>: 59x<em>49,5x<\/em>56,5 cm (55 kg)<\/li>\n<li><strong>Densidade de energia<\/strong>: 1-120J\/CM\u00b2<\/li>\n<li><strong>Tamanho do ponto<\/strong>: 12*18MM<\/li>\n<li><strong>Dissipa\u00e7\u00e3o de calor<\/strong>: Resfriamento a ar + resfriamento a \u00e1gua + refrigera\u00e7\u00e3o de semicondutores<\/li>\n<li><strong>Padr\u00e3o de comprimento de onda<\/strong>: 808nm (op\u00e7\u00e3o: 532nm, 755nm, 1064nm)<\/li>\n<li><strong>Freq\u00fc\u00eancia<\/strong>: 1-10Hz<\/li>\n<li><strong>Op\u00e7\u00f5es de comprimento de onda<\/strong>: 1064nm\/532nm\/1320nm<\/li>\n<li><strong>Pot\u00eancia total<\/strong>: 2000 W<\/li>\n<\/ul>\n<h3>Caracter\u00edsticas<\/h3>\n<ul>\n<li><strong>Nova experi\u00eancia e apar\u00eancia refinada<\/strong>: Design moderno com interface amig\u00e1vel.<\/li>\n<li><strong>Recupera\u00e7\u00e3o r\u00e1pida<\/strong>: Tempo de recupera\u00e7\u00e3o r\u00e1pido ap\u00f3s o tratamento.<\/li>\n<li><strong>Posicionamento preciso<\/strong>: Garante segmenta\u00e7\u00e3o precisa para resultados eficazes.<\/li>\n<li><strong>Remo\u00e7\u00e3o de pelos com resfriamento de gelo<\/strong>: Tratamento confort\u00e1vel e indolor.<\/li>\n<li><strong>Filtro de Micron<\/strong>: Garante pureza e efic\u00e1cia.<\/li>\n<li><strong>Suave e confort\u00e1vel<\/strong>: Minimiza o desconforto durante os procedimentos.<\/li>\n<li><strong>Multiuso<\/strong>: Adequado para v\u00e1rios tratamentos, incluindo remo\u00e7\u00e3o de manchas, remo\u00e7\u00e3o de tatuagens, tratamento de cicatrizes leves, remo\u00e7\u00e3o de pelos e rejuvenescimento da pele.<\/li>\n<\/ul>\n<h3><img loading=\"lazy\" decoding=\"async\" class=\"aligncenter\" title=\"M\u00e1quina de diodo laser picosegundo + 808\" src=\"https:\/\/sc04.alicdn.com\/kf\/Hf399b3f702a64dfea0beaf4dc9e4b2c9F\/247315878\/Hf399b3f702a64dfea0beaf4dc9e4b2c9F.png\" alt=\"M\u00e1quina de diodo laser picosegundo + 808\" width=\"534\" height=\"429\" data-src=\"\/\/sc04.alicdn.com\/kf\/Hf399b3f702a64dfea0beaf4dc9e4b2c9F\/247315878\/Hf399b3f702a64dfea0beaf4dc9e4b2c9F.png\" \/><\/h3>\n<h3>Vantagens<\/h3>\n<ol>\n<li><strong>Emissor de Laser de Marca<\/strong>: Fornece luz est\u00e1vel para resultados consistentes.<\/li>\n<li><strong>Tratamento de Seguran\u00e7a<\/strong>: Garante desempenho est\u00e1vel e longa vida \u00fatil.<\/li>\n<li><strong>Alta Efici\u00eancia<\/strong>: Absorve eficazmente a melanina para remo\u00e7\u00e3o de pelos sem dor.<\/li>\n<li><strong>Sem dor<\/strong>: O sistema de resfriamento Sapphire Touch garante um tratamento seguro e sem dor.<\/li>\n<li><strong>Resultados r\u00e1pidos de remo\u00e7\u00e3o de pelos<\/strong>: O tamanho grande do ponto aumenta a velocidade do tratamento.<\/li>\n<li><strong>Depila\u00e7\u00e3o Permanente<\/strong>: Eficaz para todos os tons de pele com excelentes resultados.<\/li>\n<\/ol>\n<h3><img loading=\"lazy\" decoding=\"async\" class=\"aligncenter\" title=\"M\u00e1quina de diodo laser picosegundo + 808\" src=\"https:\/\/sc04.alicdn.com\/kf\/Hdfe137e0fb5a4c5c8d4eacd1e4351dd31\/247315878\/Hdfe137e0fb5a4c5c8d4eacd1e4351dd31.png\" alt=\"M\u00e1quina de diodo laser picosegundo + 808\" width=\"556\" height=\"426\" data-src=\"\/\/sc04.alicdn.com\/kf\/Hdfe137e0fb5a4c5c8d4eacd1e4351dd31\/247315878\/Hdfe137e0fb5a4c5c8d4eacd1e4351dd31.png\" \/><\/h3>\n<h3>Aplica\u00e7\u00f5es<\/h3>\n<ol>\n<li><strong>Redu\u00e7\u00e3o de poros<\/strong>: Tratamento eficaz para envelhecimento e poros dilatados, apresentando melhorias percept\u00edveis.<\/li>\n<li><strong>Remo\u00e7\u00e3o de manchas<\/strong>: O laser de picossegundo remove manchas facilmente sem se preocupar com efeitos anti-escurecimento.<\/li>\n<li><strong>Redu\u00e7\u00e3o de linhas finas<\/strong>: Elimina linhas finas ao redor dos olhos de forma mais eficaz do que cremes para a pele.<\/li>\n<li><strong>Tratamento de cicatrizes<\/strong>: Melhora significativamente cicatrizes persistentes e pele irritada com alguns tratamentos.<\/li>\n<li><strong>Clareamento da pele<\/strong>: Melhora a textura da pele, deixando-a mais lisa e macia.<\/li>\n<li><strong>Remo\u00e7\u00e3o de Tatuagem<\/strong>: Remove at\u00e9 tatuagens dif\u00edceis (vermelhas, laranja, amarelas, verdes, azuis) de forma limpa e sem deixar vest\u00edgios.<\/li>\n<\/ol>\n<h3><img loading=\"lazy\" decoding=\"async\" class=\"aligncenter\" title=\"M\u00e1quina de diodo laser picosegundo + 808\" src=\"https:\/\/sc04.alicdn.com\/kf\/H2b36a04f94984e03afec782eaeccd6c4m\/247315878\/H2b36a04f94984e03afec782eaeccd6c4m.png\" alt=\"M\u00e1quina de diodo laser picosegundo + 808\" width=\"653\" height=\"350\" data-src=\"\/\/sc04.alicdn.com\/kf\/H2b36a04f94984e03afec782eaeccd6c4m\/247315878\/H2b36a04f94984e03afec782eaeccd6c4m.png\" \/><\/h3>\n<h3>Usando efeitos<\/h3>\n<ul>\n<li><strong>Redu\u00e7\u00e3o de poros<\/strong>: Estreitamento percept\u00edvel dos poros ap\u00f3s o tratamento.<\/li>\n<li><strong>Remo\u00e7\u00e3o de manchas<\/strong>: Resolu\u00e7\u00e3o eficaz de manchas faciais.<\/li>\n<li><strong>Redu\u00e7\u00e3o de linhas finas<\/strong>: Redu\u00e7\u00e3o vis\u00edvel de linhas finas em pouco tempo.<\/li>\n<li><strong>Tratamento de cicatrizes<\/strong>: Melhora de cicatrizes persistentes e pele com sulcos.<\/li>\n<li><strong>Clareamento da pele<\/strong>: Pele mais lisa e macia ap\u00f3s o tratamento.<\/li>\n<li><strong>Remo\u00e7\u00e3o de Tatuagem<\/strong>: Elimina\u00e7\u00e3o completa de tatuagens dif\u00edceis sem deixar vest\u00edgios.<\/li>\n<\/ul>\n<p>&nbsp;<\/p>\n<\/div>\n<\/div>\n<div>\n<h3><strong>Personalizar O Logotipo<\/strong><\/h3>\n<p>Quer fazer sua marca se destacam? N\u00f3s oferecemos o logotipo personalizado servi\u00e7os para ajudar voc\u00ea a criar uma \u00fanica e personalizada logo que reflete a identidade de sua marca. Nossa equipe de especialistas ir\u00e1 trabalhar em estreita colabora\u00e7\u00e3o com voc\u00ea para criar um logotipo que est\u00e1 em conson\u00e2ncia com os valores da sua marca e de mensagens. Se voc\u00ea estiver olhando para renovar o seu logotipo existente ou criar um novo a partir do zero, n\u00f3s temos que cobertas. <a href=\"\/pt\/contato\/\">Contacte-nos<\/a> hoje para saber mais sobre o nosso logotipo personalizado servi\u00e7os!<\/p>\n<\/div>","protected":false},"excerpt":{"rendered":"<div>1. Emissor de laser de marca, luz est\u00e1vel.<\/div>\n<div>2. Tratamento de seguran\u00e7a. Desempenho est\u00e1vel. Longa vida \u00fatil.<\/div>\n<div>3.Alta efici\u00eancia. Absor\u00e7\u00e3o de melanina para atingir o efeito de remo\u00e7\u00e3o de pelos sem dor de forma eficaz.<\/div>\n<div>4. Sem dor. O sistema de resfriamento Sapphire Touch pode garantir que o tratamento seja mais seguro e n\u00e3o machuque a pele.<\/div>\n<div>5. Resultado r\u00e1pido de remo\u00e7\u00e3o de pelos. O tamanho grande do ponto estimula a velocidade do tratamento.<\/div>\n<div>6. Remo\u00e7\u00e3o permanente de pelos. Aplic\u00e1vel a todas as cores de pele, excelente resultado.<\/div>","protected":false},"featured_media":2153,"comment_status":"open","ping_status":"closed","template":"","meta":{"_kad_post_transparent":"default","_kad_post_title":"","_kad_post_layout":"default","_kad_post_sidebar_id":"","_kad_post_content_style":"default","_kad_post_vertical_padding":"default","_kad_post_feature":"","_kad_post_feature_position":"","_kad_post_header":false,"_kad_post_footer":false,"_kad_post_classname":"","rank_math_title":"","rank_math_description":"","rank_math_focus_keyword":""},"product_brand":[],"product_cat":[29],"product_tag":[],"class_list":{"0":"post-2151","1":"product","2":"type-product","3":"status-publish","4":"has-post-thumbnail","6":"product_cat-pico-laser","8":"first","9":"instock","10":"shipping-taxable","11":"product-type-simple","12":"entry","13":"content-bg","14":"loop-entry"},"_links":{"self":[{"href":"https:\/\/skbty.com\/pt\/wp-json\/wp\/v2\/product\/2151","targetHints":{"allow":["GET"]}}],"collection":[{"href":"https:\/\/skbty.com\/pt\/wp-json\/wp\/v2\/product"}],"about":[{"href":"https:\/\/skbty.com\/pt\/wp-json\/wp\/v2\/types\/product"}],"replies":[{"embeddable":true,"href":"https:\/\/skbty.com\/pt\/wp-json\/wp\/v2\/comments?post=2151"}],"wp:featuredmedia":[{"embeddable":true,"href":"https:\/\/skbty.com\/pt\/wp-json\/wp\/v2\/media\/2153"}],"wp:attachment":[{"href":"https:\/\/skbty.com\/pt\/wp-json\/wp\/v2\/media?parent=2151"}],"wp:term":[{"taxonomy":"product_brand","embeddable":true,"href":"https:\/\/skbty.com\/pt\/wp-json\/wp\/v2\/product_brand?post=2151"},{"taxonomy":"product_cat","embeddable":true,"href":"https:\/\/skbty.com\/pt\/wp-json\/wp\/v2\/product_cat?post=2151"},{"taxonomy":"product_tag","embeddable":true,"href":"https:\/\/skbty.com\/pt\/wp-json\/wp\/v2\/product_tag?post=2151"}],"curies":[{"name":"Wp","href":"https:\/\/api.w.org\/{rel}","templated":true}]}}