{"id":2158,"date":"2023-06-21T18:00:34","date_gmt":"2023-06-21T10:00:34","guid":{"rendered":"https:\/\/skbty.com\/?post_type=product&#038;p=2158"},"modified":"2024-06-21T15:26:26","modified_gmt":"2024-06-21T07:26:26","slug":"maquina-de-beleza-de-plasma-cirurgico-3-em-1","status":"publish","type":"product","link":"https:\/\/skbty.com\/pt\/product\/maquina-de-beleza-de-plasma-cirurgico-3-em-1\/","title":{"rendered":"M\u00e1quina de beleza de plasma cir\u00fargico 3 em 1"},"content":{"rendered":"<div>\n<h3>O que \u00e9 o <strong>M\u00e1quina de beleza de plasma cir\u00fargico 3 em 1?<\/strong><\/h3>\n<p><strong>M\u00e1quina de beleza de plasma cir\u00fargico 3 em 1<\/strong> combina Plasma Shower, Surgical Plasma e Hot\/Cold Handles para fornecer solu\u00e7\u00f5es abrangentes de tratamento e cuidados com a pele. Esta m\u00e1quina avan\u00e7ada aborda v\u00e1rios problemas de pele, incluindo pintas, verrugas, estrias, rugas e muito mais.<\/p>\n<h3><img loading=\"lazy\" decoding=\"async\" class=\"aligncenter\" title=\"M\u00e1quina de beleza de plasma cir\u00fargico\" src=\"https:\/\/sc04.alicdn.com\/kf\/H14e000d53e694ee7b1d4d5d3f504a744I\/247315878\/H14e000d53e694ee7b1d4d5d3f504a744I.png\" alt=\"M\u00e1quina de beleza de plasma cir\u00fargico\" width=\"472\" height=\"438\" data-src=\"\/\/sc04.alicdn.com\/kf\/H14e000d53e694ee7b1d4d5d3f504a744I\/247315878\/H14e000d53e694ee7b1d4d5d3f504a744I.png\" \/><\/h3>\n<h3>Especifica\u00e7\u00f5es<\/h3>\n<ul>\n<li><strong>Nome<\/strong>: 3 EM 1 Uma m\u00e1quina de beleza de plasma cir\u00fargico<\/li>\n<li><strong>Tipo<\/strong>: Plasma\/Manopla quente e fria\/Plasma BT<\/li>\n<li><strong>Poder<\/strong>: \u226426W<\/li>\n<li><strong>Fornecimento Eletr\u00f4nico<\/strong>: CA 110 \uff5e 240 V 50 Hz\/60 Hz<\/li>\n<li><strong>Peso<\/strong>: Anfitri\u00e3o: 4,4 kg, Suporte: 12,4 kg<\/li>\n<\/ul>\n<h3><img loading=\"lazy\" decoding=\"async\" class=\"aligncenter\" title=\"M\u00e1quina de beleza de plasma cir\u00fargico\" src=\"https:\/\/sc04.alicdn.com\/kf\/H8df98b2f1bc049aa8c028d9fc6b3d97aV\/247315878\/H8df98b2f1bc049aa8c028d9fc6b3d97aV.png\" alt=\"M\u00e1quina de beleza de plasma cir\u00fargico\" width=\"516\" height=\"315\" data-src=\"\/\/sc04.alicdn.com\/kf\/H8df98b2f1bc049aa8c028d9fc6b3d97aV\/247315878\/H8df98b2f1bc049aa8c028d9fc6b3d97aV.png\" \/><\/h3>\n<p><img loading=\"lazy\" decoding=\"async\" class=\"aligncenter\" title=\"M\u00e1quina de beleza de plasma cir\u00fargico\" src=\"https:\/\/sc04.alicdn.com\/kf\/H26ae065b1ad24a8da285199d563548f2s\/247315878\/H26ae065b1ad24a8da285199d563548f2s.png\" alt=\"M\u00e1quina de beleza de plasma cir\u00fargico\" width=\"457\" height=\"462\" data-src=\"\/\/sc04.alicdn.com\/kf\/H26ae065b1ad24a8da285199d563548f2s\/247315878\/H26ae065b1ad24a8da285199d563548f2s.png\" \/><\/p>\n<h3>Princ\u00edpio do Plasma<\/h3>\n<p>Plasma, o quarto estado da mat\u00e9ria, consiste em \u00edons e el\u00e9trons, formando um g\u00e1s ionizado com energia el\u00e9trica. Ele utiliza tecnologia de condu\u00e7\u00e3o de plasma para abrir a estrutura molecular da mucosa da pele, ajudando as c\u00e9lulas a se regenerarem, aumentar a resist\u00eancia do tecido e melhorar o tecido da superf\u00edcie da pele. O plasma trata efetivamente acne, cicatrizes e outras condi\u00e7\u00f5es da pele com seus efeitos de rejuvenescimento, esteriliza\u00e7\u00e3o, antibacterianos e anti-inflamat\u00f3rios.<\/p>\n<p><img loading=\"lazy\" decoding=\"async\" class=\"aligncenter\" title=\"M\u00e1quina de beleza de plasma cir\u00fargico\" src=\"https:\/\/sc04.alicdn.com\/kf\/H6b9f0dae91aa499d87aa24f90cbb2f0fJ\/247315878\/H6b9f0dae91aa499d87aa24f90cbb2f0fJ.png\" alt=\"M\u00e1quina de beleza de plasma cir\u00fargico\" width=\"541\" height=\"274\" data-src=\"\/\/sc04.alicdn.com\/kf\/H6b9f0dae91aa499d87aa24f90cbb2f0fJ\/247315878\/H6b9f0dae91aa499d87aa24f90cbb2f0fJ.png\" \/><\/p>\n<h3><img loading=\"lazy\" decoding=\"async\" class=\"aligncenter\" title=\"M\u00e1quina de beleza de plasma cir\u00fargico\" src=\"https:\/\/sc04.alicdn.com\/kf\/H5c35257c3e5f44c3adcf7c064b39856bI\/247315878\/H5c35257c3e5f44c3adcf7c064b39856bI.png\" alt=\"M\u00e1quina de beleza de plasma cir\u00fargico\" width=\"655\" height=\"303\" data-src=\"\/\/sc04.alicdn.com\/kf\/H5c35257c3e5f44c3adcf7c064b39856bI\/247315878\/H5c35257c3e5f44c3adcf7c064b39856bI.png\" \/><\/h3>\n<p><img loading=\"lazy\" decoding=\"async\" class=\"aligncenter\" title=\"M\u00e1quina de beleza de plasma cir\u00fargico\" src=\"https:\/\/sc04.alicdn.com\/kf\/H53986b0fdf3b451cabf0e7735f1bc544P\/247315878\/H53986b0fdf3b451cabf0e7735f1bc544P.png\" alt=\"M\u00e1quina de beleza de plasma cir\u00fargico\" width=\"582\" height=\"587\" data-src=\"\/\/sc04.alicdn.com\/kf\/H53986b0fdf3b451cabf0e7735f1bc544P\/247315878\/H53986b0fdf3b451cabf0e7735f1bc544P.png\" \/><\/p>\n<h3>Fun\u00e7\u00f5es<\/h3>\n<ol>\n<li><strong>Antibacteriano e anti-inflamat\u00f3rio<\/strong>: Eficaz no tratamento de acne, cicatrizes e outras doen\u00e7as inflamat\u00f3rias da pele.<\/li>\n<li><strong>Lifting e clareamento da pele<\/strong>: Promove a regenera\u00e7\u00e3o do col\u00e1geno para uma pele mais lisa, firme e radiante.<\/li>\n<li><strong>Melhoria dos poros e da queratiniza\u00e7\u00e3o<\/strong>: Reduz o tamanho dos poros e trata a queratiniza\u00e7\u00e3o oleosa.<\/li>\n<\/ol>\n<h3><img loading=\"lazy\" decoding=\"async\" class=\"aligncenter\" title=\"M\u00e1quina de beleza de plasma cir\u00fargico\" src=\"https:\/\/sc04.alicdn.com\/kf\/H25f92bb893494fe7971e10aa0b3817eaz\/247315878\/H25f92bb893494fe7971e10aa0b3817eaz.png\" alt=\"M\u00e1quina de beleza de plasma cir\u00fargico\" width=\"546\" height=\"551\" data-src=\"\/\/sc04.alicdn.com\/kf\/H25f92bb893494fe7971e10aa0b3817eaz\/247315878\/H25f92bb893494fe7971e10aa0b3817eaz.png\" \/><\/h3>\n<h3>Vantagem t\u00e9cnica<\/h3>\n<ol>\n<li><strong>Tecnologia de transfer\u00eancia de plasma TDDS<\/strong>: Abre rapidamente as mol\u00e9culas de ades\u00e3o (CAM) que conectam as c\u00e9lulas, produzindo uma absor\u00e7\u00e3o incr\u00edvel em 30 segundos.<\/li>\n<li><strong>Forte capacidade de desinfec\u00e7\u00e3o<\/strong>: A energia do plasma elimina bact\u00e9rias de forma eficaz, prevenindo v\u00e1rios problemas de pele.<\/li>\n<li><strong>Inibi\u00e7\u00e3o da melanina<\/strong>: A energia plasm\u00e1tica faz com que as c\u00e9lulas envelhecidas atrofiem e se recombinem, inibindo a precipita\u00e7\u00e3o de melanina, resultando em uma pele brilhante, branca e perfeita.<\/li>\n<li><strong>Regenera\u00e7\u00e3o de Col\u00e1geno<\/strong>: A energia plasm\u00e1tica autorregenera o col\u00e1geno, estimulando a produ\u00e7\u00e3o de fibroblastos e prevenindo o envelhecimento da pele.<\/li>\n<\/ol>\n<h3>Caracter\u00edsticas detalhadas<\/h3>\n<ul>\n<li><strong>Chuveiro de Plasma Beauty<\/strong>: Esteriliza\u00e7\u00e3o, antibacteriano, anti-inflamat\u00f3rio, tratamento de acne.<\/li>\n<li><strong>Chuveiro de Plasma Cir\u00fargico<\/strong>: Remo\u00e7\u00e3o de manchas, pigmenta\u00e7\u00e3o, marcas na pele, pintas e verrugas.<\/li>\n<li><strong>Efeito Fracion\u00e1rio<\/strong>: Redu\u00e7\u00e3o de rugas finas, melhora dos poros, cicatriza\u00e7\u00e3o e renova\u00e7\u00e3o da pele.<\/li>\n<li><strong>Efeito t\u00e9rmico<\/strong>: Redu\u00e7\u00e3o de rugas finas, fechamento de poros, lifting facial e firmeza da pele.<\/li>\n<li><strong>Al\u00e7a fria\/quente<\/strong>:\n<ul>\n<li><strong>Frio<\/strong>: Acalma a pele ap\u00f3s o tratamento, fecha os poros, melhora a elasticidade, elimina edemas e firma a pele.<\/li>\n<li><strong>Quente<\/strong>: Promove absor\u00e7\u00e3o profunda, acelera o metabolismo.<\/li>\n<\/ul>\n<\/li>\n<\/ul>\n<h3>Usando efeitos<\/h3>\n<ol>\n<li><strong>Clareamento da pele<\/strong>: Melhora a pele amarela escura e elimina a pigmenta\u00e7\u00e3o.<\/li>\n<li><strong>Reduzindo vermelhid\u00e3o e incha\u00e7o<\/strong>:Fecha os poros, firma e ilumina o rosto.<\/li>\n<li><strong>Antibacteriano e anti-inflamat\u00f3rio<\/strong>: Trata poros dilatados, ceratose e acne inflamat\u00f3ria.<\/li>\n<li><strong>Remodela\u00e7\u00e3o de Col\u00e1geno<\/strong>: Regenera a pele, melhora a flacidez e a flacidez da pele.<\/li>\n<\/ol>\n<\/div>\n<div>\n<div>\n<div>\n<div>\n<div>\n<div><img loading=\"lazy\" decoding=\"async\" class=\"aligncenter\" title=\"M\u00e1quina de beleza de plasma cir\u00fargico\" src=\"https:\/\/sc04.alicdn.com\/kf\/H600422064a844a4492a5fca2e1633e35M\/247315878\/H600422064a844a4492a5fca2e1633e35M.png\" alt=\"M\u00e1quina de beleza de plasma cir\u00fargico\" width=\"512\" height=\"517\" data-src=\"\/\/sc04.alicdn.com\/kf\/H600422064a844a4492a5fca2e1633e35M\/247315878\/H600422064a844a4492a5fca2e1633e35M.png\" \/><\/div>\n<div>\n<h3><strong>Personalizar O Logotipo<\/strong><\/h3>\n<p>Quer fazer sua marca se destacam? N\u00f3s oferecemos o logotipo personalizado servi\u00e7os para ajudar voc\u00ea a criar uma \u00fanica e personalizada logo que reflete a identidade de sua marca. Nossa equipe de especialistas ir\u00e1 trabalhar em estreita colabora\u00e7\u00e3o com voc\u00ea para criar um logotipo que est\u00e1 em conson\u00e2ncia com os valores da sua marca e de mensagens. Se voc\u00ea estiver olhando para renovar o seu logotipo existente ou criar um novo a partir do zero, n\u00f3s temos que cobertas. <a href=\"\/pt\/contato\/\">Contacte-nos<\/a> hoje para saber mais sobre o nosso logotipo personalizado servi\u00e7os!<\/p>\n<\/div>\n<\/div>\n<\/div>\n<\/div>\n<\/div>\n<\/div>","protected":false},"excerpt":{"rendered":"<p>Experimente a avan\u00e7ada M\u00e1quina de Beleza de Plasma Cir\u00fargico 3 EM 1 A para cuidados abrangentes com a pele. Este dispositivo multifuncional oferece chuveiro de plasma, plasma cir\u00fargico e al\u00e7as quentes\/frias para tratar pintas, verrugas, rugas e muito mais, promovendo a regenera\u00e7\u00e3o do col\u00e1geno e o rejuvenescimento da pele.<\/p>","protected":false},"featured_media":2159,"comment_status":"open","ping_status":"closed","template":"","meta":{"_kad_post_transparent":"default","_kad_post_title":"","_kad_post_layout":"default","_kad_post_sidebar_id":"","_kad_post_content_style":"default","_kad_post_vertical_padding":"default","_kad_post_feature":"","_kad_post_feature_position":"","_kad_post_header":false,"_kad_post_footer":false,"_kad_post_classname":"","rank_math_title":"","rank_math_description":"","rank_math_focus_keyword":""},"product_brand":[],"product_cat":[33],"product_tag":[],"class_list":{"0":"post-2158","1":"product","2":"type-product","3":"status-publish","4":"has-post-thumbnail","6":"product_cat-face-care","8":"first","9":"instock","10":"shipping-taxable","11":"product-type-simple","12":"entry","13":"content-bg","14":"loop-entry"},"_links":{"self":[{"href":"https:\/\/skbty.com\/pt\/wp-json\/wp\/v2\/product\/2158","targetHints":{"allow":["GET"]}}],"collection":[{"href":"https:\/\/skbty.com\/pt\/wp-json\/wp\/v2\/product"}],"about":[{"href":"https:\/\/skbty.com\/pt\/wp-json\/wp\/v2\/types\/product"}],"replies":[{"embeddable":true,"href":"https:\/\/skbty.com\/pt\/wp-json\/wp\/v2\/comments?post=2158"}],"wp:featuredmedia":[{"embeddable":true,"href":"https:\/\/skbty.com\/pt\/wp-json\/wp\/v2\/media\/2159"}],"wp:attachment":[{"href":"https:\/\/skbty.com\/pt\/wp-json\/wp\/v2\/media?parent=2158"}],"wp:term":[{"taxonomy":"product_brand","embeddable":true,"href":"https:\/\/skbty.com\/pt\/wp-json\/wp\/v2\/product_brand?post=2158"},{"taxonomy":"product_cat","embeddable":true,"href":"https:\/\/skbty.com\/pt\/wp-json\/wp\/v2\/product_cat?post=2158"},{"taxonomy":"product_tag","embeddable":true,"href":"https:\/\/skbty.com\/pt\/wp-json\/wp\/v2\/product_tag?post=2158"}],"curies":[{"name":"Wp","href":"https:\/\/api.w.org\/{rel}","templated":true}]}}