{"id":2170,"date":"2023-06-21T18:20:21","date_gmt":"2023-06-21T10:20:21","guid":{"rendered":"https:\/\/skbty.com\/?post_type=product&#038;p=2170"},"modified":"2026-03-31T17:04:17","modified_gmt":"2026-03-31T09:04:17","slug":"cadeira-magica-maquina-de-saude","status":"publish","type":"product","link":"https:\/\/skbty.com\/pt\/product\/cadeira-magica-maquina-de-saude\/","title":{"rendered":"M\u00e1quina de sa\u00fade da cadeira m\u00e1gica"},"content":{"rendered":"<div>\n<h3>O que \u00e9 o <strong>M\u00e1quina de sa\u00fade Magic Chair?<\/strong><\/h3>\n<p>O <strong>M\u00e1quina de sa\u00fade da cadeira m\u00e1gica<\/strong> utiliza energia eletromagn\u00e9tica focada de alta intensidade (HIFEM) para atingir e tratar problemas musculares do assoalho p\u00e9lvico. Este dispositivo avan\u00e7ado \u00e9 projetado para melhorar o relaxamento vaginal, incontin\u00eancia urin\u00e1ria, relaxamento muscular do assoalho p\u00e9lvico e prolapso uterino, fornecendo pulsos eletromagn\u00e9ticos que estimulam os neur\u00f4nios motores e promovem contra\u00e7\u00f5es musculares.<\/p>\n<h3><img loading=\"lazy\" decoding=\"async\" class=\"aligncenter\" title=\"Magic Cadeira\" src=\"https:\/\/sc04.alicdn.com\/kf\/Ha8b3b003a9244bd682c7b1d6b90a3011Q\/247315878\/Ha8b3b003a9244bd682c7b1d6b90a3011Q.png\" alt=\"Magic Cadeira\" width=\"502\" height=\"799\" data-src=\"\/\/sc04.alicdn.com\/kf\/Ha8b3b003a9244bd682c7b1d6b90a3011Q\/247315878\/Ha8b3b003a9244bd682c7b1d6b90a3011Q.png\" \/><\/h3>\n<h3>Especifica\u00e7\u00f5es<\/h3>\n<ul>\n<li><strong>Nome do produto<\/strong>: Cadeira m\u00e1gica<\/li>\n<li><strong>Intensidade de sa\u00edda<\/strong>: 0-7 Tesla<\/li>\n<li><strong>Fornecimento Eletr\u00f4nico<\/strong>: Energia eletromagn\u00e9tica focada de alta intensidade<\/li>\n<li><strong>Tamanho<\/strong>: 76<em>70<\/em>65,5 cm<\/li>\n<li><strong>Peso<\/strong>: 45 kg<\/li>\n<\/ul>\n<h3>Princ\u00edpio de funcionamento<\/h3>\n<p>A Magic Chair Health Machine usa pulsos eletromagn\u00e9ticos para estimular os neur\u00f4nios motores que controlam os m\u00fasculos do assoalho p\u00e9lvico. Isso resulta em hipercontra\u00e7\u00e3o dos m\u00fasculos do assoalho p\u00e9lvico, o que equivale a 12.000 contra\u00e7\u00f5es musculares do assoalho p\u00e9lvico em uma \u00fanica sess\u00e3o. O tratamento ativa o tecido do assoalho p\u00e9lvico, promove a regenera\u00e7\u00e3o do col\u00e1geno, restaura a firmeza, aumenta a elasticidade e repara de forma abrangente os m\u00fasculos soltos, abordando efetivamente as doen\u00e7as de disfun\u00e7\u00e3o do assoalho p\u00e9lvico.<\/p>\n<table style=\"border-collapse: collapse; width: 100%;\">\n<tbody>\n<tr>\n<td style=\"width: 50%;\"><img loading=\"lazy\" decoding=\"async\" class=\"aligncenter\" title=\"Magic Cadeira\" src=\"https:\/\/sc04.alicdn.com\/kf\/Hbc49ecb951644d28935a0fbff6b0f702T\/247315878\/Hbc49ecb951644d28935a0fbff6b0f702T.png\" alt=\"Magic Cadeira\" width=\"750\" height=\"516\" data-src=\"\/\/sc04.alicdn.com\/kf\/Hbc49ecb951644d28935a0fbff6b0f702T\/247315878\/Hbc49ecb951644d28935a0fbff6b0f702T.png\" \/><\/td>\n<td style=\"width: 50%;\"><img loading=\"lazy\" decoding=\"async\" class=\"aligncenter\" title=\"Magic Cadeira\" src=\"https:\/\/sc04.alicdn.com\/kf\/Hc3254d855d524eed9f2bbafc5118ee691\/247315878\/Hc3254d855d524eed9f2bbafc5118ee691.png\" alt=\"Magic Cadeira\" width=\"349\" height=\"273\" data-src=\"\/\/sc04.alicdn.com\/kf\/Hc3254d855d524eed9f2bbafc5118ee691\/247315878\/Hc3254d855d524eed9f2bbafc5118ee691.png\" \/><\/td>\n<\/tr>\n<\/tbody>\n<\/table>\n<h3>Fun\u00e7\u00f5es<\/h3>\n<ol>\n<li><strong>Melhore o relaxamento vaginal<\/strong>: Fortalece e aperta os m\u00fasculos vaginais.<\/li>\n<li><strong>Melhore a incontin\u00eancia urin\u00e1ria<\/strong>: Reduz os sintomas de perda urin\u00e1ria.<\/li>\n<li><strong>Melhore a for\u00e7a dos m\u00fasculos do assoalho p\u00e9lvico<\/strong>: Fortalece e tonifica os m\u00fasculos do assoalho p\u00e9lvico.<\/li>\n<li><strong>Melhorar o prolapso uterino<\/strong>: Ajuda a controlar e melhorar os sintomas do prolapso uterino.<\/li>\n<\/ol>\n<h3>Vantagens detalhadas<\/h3>\n<ol>\n<li><strong>Estimula\u00e7\u00e3o eletromagn\u00e9tica de alta intensidade<\/strong>: Estimula os neur\u00f4nios motores para induzir exerc\u00edcios de hipercontra\u00e7\u00e3o dos m\u00fasculos do assoalho p\u00e9lvico.<\/li>\n<li><strong>Regenera\u00e7\u00e3o de Col\u00e1geno<\/strong>: Ativa o tecido muscular do assoalho p\u00e9lvico e promove a regenera\u00e7\u00e3o do col\u00e1geno.<\/li>\n<li><strong>Melhoria dos m\u00fasculos do assoalho p\u00e9lvico<\/strong>: Fortalece efetivamente os m\u00fasculos do assoalho p\u00e9lvico.<\/li>\n<li><strong>Restaura\u00e7\u00e3o da firmeza e elasticidade<\/strong>: Restaura a firmeza muscular e melhora a elasticidade.<\/li>\n<li><strong>Fortalecimento do assoalho p\u00e9lvico<\/strong>: Fortalece os m\u00fasculos do assoalho p\u00e9lvico para tratar incontin\u00eancia urin\u00e1ria, protrus\u00e3o do abd\u00f4men inferior e relaxamento.<\/li>\n<\/ol>\n<h3><strong>Personalizar O Logotipo<\/strong><\/h3>\n<p>Quer fazer sua marca se destacam? N\u00f3s oferecemos o logotipo personalizado servi\u00e7os para ajudar voc\u00ea a criar uma \u00fanica e personalizada logo que reflete a identidade de sua marca. Nossa equipe de especialistas ir\u00e1 trabalhar em estreita colabora\u00e7\u00e3o com voc\u00ea para criar um logotipo que est\u00e1 em conson\u00e2ncia com os valores da sua marca e de mensagens. Se voc\u00ea estiver olhando para renovar o seu logotipo existente ou criar um novo a partir do zero, n\u00f3s temos que cobertas. <a href=\"\/pt\/contato\/\">Contacte-nos<\/a> hoje para saber mais sobre o nosso logotipo personalizado servi\u00e7os!<\/p>\n<\/div>\n<div>\n<div>\n<div>\n<div>\n<div>\n<div><\/div>\n<\/div>\n<\/div>\n<\/div>\n<\/div>\n<\/div>\n<div><\/div>","protected":false},"excerpt":{"rendered":"<div>(1)O campo eletromagn\u00e9tico focalizado de alta intensidade estimula os neur\u00f4nios motores a controlar os m\u00fasculos do assoalho p\u00e9lvico para realizar exerc\u00edcios de hipercontra\u00e7\u00e3o.<\/div>\n<div>(2)Ativa\u00e7\u00e3o do tecido muscular do assoalho p\u00e9lvico e promo\u00e7\u00e3o da regenera\u00e7\u00e3o do col\u00e1geno.<\/div>\n<div>(3)Melhora eficazmente os m\u00fasculos do assoalho p\u00e9lvico.<\/div>\n<div>(4)Restaurar firmeza e elasticidade.<\/div>\n<div>(5)Fortalecer os m\u00fasculos do assoalho p\u00e9lvico.<\/div>\n<div>(6)Resolver problemas como incontin\u00eancia urin\u00e1ria, protrus\u00e3o do abd\u00f4men inferior e relaxamento.<\/div>","protected":false},"featured_media":2171,"comment_status":"open","ping_status":"closed","template":"","meta":{"_kad_post_transparent":"default","_kad_post_title":"","_kad_post_layout":"default","_kad_post_sidebar_id":"","_kad_post_content_style":"default","_kad_post_vertical_padding":"default","_kad_post_feature":"","_kad_post_feature_position":"","_kad_post_header":false,"_kad_post_footer":false,"_kad_post_classname":"","rank_math_title":"","rank_math_description":"","rank_math_focus_keyword":""},"product_brand":[],"product_cat":[183],"product_tag":[],"class_list":{"0":"post-2170","1":"product","2":"type-product","3":"status-publish","4":"has-post-thumbnail","6":"product_cat-magic-chair","7":"product_shipping_class-included-shipping","9":"first","10":"instock","11":"sale","12":"shipping-taxable","13":"purchasable","14":"product-type-simple","15":"entry","16":"content-bg","17":"loop-entry"},"_links":{"self":[{"href":"https:\/\/skbty.com\/pt\/wp-json\/wp\/v2\/product\/2170","targetHints":{"allow":["GET"]}}],"collection":[{"href":"https:\/\/skbty.com\/pt\/wp-json\/wp\/v2\/product"}],"about":[{"href":"https:\/\/skbty.com\/pt\/wp-json\/wp\/v2\/types\/product"}],"replies":[{"embeddable":true,"href":"https:\/\/skbty.com\/pt\/wp-json\/wp\/v2\/comments?post=2170"}],"wp:featuredmedia":[{"embeddable":true,"href":"https:\/\/skbty.com\/pt\/wp-json\/wp\/v2\/media\/2171"}],"wp:attachment":[{"href":"https:\/\/skbty.com\/pt\/wp-json\/wp\/v2\/media?parent=2170"}],"wp:term":[{"taxonomy":"product_brand","embeddable":true,"href":"https:\/\/skbty.com\/pt\/wp-json\/wp\/v2\/product_brand?post=2170"},{"taxonomy":"product_cat","embeddable":true,"href":"https:\/\/skbty.com\/pt\/wp-json\/wp\/v2\/product_cat?post=2170"},{"taxonomy":"product_tag","embeddable":true,"href":"https:\/\/skbty.com\/pt\/wp-json\/wp\/v2\/product_tag?post=2170"}],"curies":[{"name":"Wp","href":"https:\/\/api.w.org\/{rel}","templated":true}]}}