{"id":2177,"date":"2023-06-21T18:34:10","date_gmt":"2023-06-21T10:34:10","guid":{"rendered":"https:\/\/skbty.com\/?post_type=product&#038;p=2177"},"modified":"2024-08-30T19:11:33","modified_gmt":"2024-08-30T11:11:33","slug":"cabeca-de-micro-agulha-rf","status":"publish","type":"product","link":"https:\/\/skbty.com\/pt\/product\/cabeca-de-micro-agulha-rf\/","title":{"rendered":"Pontas 10\/25\/64 pinos\/nano para cartuchos de RF de microagulhas"},"content":{"rendered":"<div>\n<h3>O que \u00e9 10\/25\/64Pins\/Nano Tips<strong>?<\/strong><\/h3>\n<p class=\"p1\">Os 10\/25\/64 Pins\/Nano Tips s\u00e3o acess\u00f3rios especializados projetados para uso com Microneedle RF Cartridges Machines. Essas pontas variam no n\u00famero de microagulhas, permitindo tratamentos personalizados com base nas necessidades espec\u00edficas da pele.<\/p>\n<p><img loading=\"lazy\" decoding=\"async\" class=\"aligncenter  wp-image-3014\" src=\"https:\/\/skbty.com\/wp-content\/uploads\/2023\/06\/tips-for-microneedle-machine-1024x975.avif\" alt=\"dicas para m\u00e1quina de microagulhamento\" width=\"488\" height=\"465\" data-wp-pid=\"3014\" srcset=\"https:\/\/skbty.com\/wp-content\/uploads\/2023\/06\/tips-for-microneedle-machine-1024x975.avif 1024w, https:\/\/skbty.com\/wp-content\/uploads\/2023\/06\/tips-for-microneedle-machine-300x286.avif 300w, https:\/\/skbty.com\/wp-content\/uploads\/2023\/06\/tips-for-microneedle-machine-768x732.avif 768w, https:\/\/skbty.com\/wp-content\/uploads\/2023\/06\/tips-for-microneedle-machine-1536x1463.avif 1536w, https:\/\/skbty.com\/wp-content\/uploads\/2023\/06\/tips-for-microneedle-machine-600x571.avif 600w, https:\/\/skbty.com\/wp-content\/uploads\/2023\/06\/tips-for-microneedle-machine.avif 2020w\" sizes=\"auto, (max-width: 488px) 100vw, 488px\" \/><\/p>\n<ul>\n<li class=\"p3\"><b>10 pinos:<\/b> Ideal para tratamentos direcionados em pequenas \u00e1reas, proporcionando microagulhamento preciso para pontos delicados ou de dif\u00edcil acesso.<\/li>\n<li class=\"p3\"><b>25 pinos:<\/b> Adequado para \u00e1reas m\u00e9dias, oferecendo equil\u00edbrio entre cobertura e precis\u00e3o, comumente usado para tratamentos faciais em geral.<\/li>\n<li class=\"p3\"><b>64 pinos:<\/b> Projetadas para \u00e1reas maiores, essas pontas oferecem ampla cobertura, tornando-as perfeitas para tratar regi\u00f5es mais amplas, como bochechas ou testa.<\/li>\n<li class=\"p3\"><b>Dicas Nano:<\/b> Diferentemente de outras microagulhas, as nano pontas n\u00e3o penetram t\u00e3o profundamente e s\u00e3o usadas para tratamentos superficiais. Elas s\u00e3o excelentes para aumentar a absor\u00e7\u00e3o de soros e outros produtos de cuidados com a pele, e para tratamentos focados em melhorar a textura e o tom da pele.<\/li>\n<\/ul>\n<p class=\"p1\">Essas pontas de microagulhas funcionam criando microles\u00f5es controladas na pele, estimulando a produ\u00e7\u00e3o de col\u00e1geno e aumentando a efic\u00e1cia da energia de RF (Radiofrequ\u00eancia). As configura\u00e7\u00f5es variadas dos pinos permitem tratamentos vers\u00e1teis, desde a redu\u00e7\u00e3o de linhas finas at\u00e9 a revis\u00e3o de cicatrizes profundas, tudo personalizado para o tipo de pele e a preocupa\u00e7\u00e3o do paciente.<\/p>\n<p>O <a href=\"\/pt\/product\/maquina-de-rf-fracionada-de-microagulha-dourada\/\"><strong>M\u00e1quina de cartuchos de RF de microagulhas<\/strong><\/a> \u00e9 um dispositivo avan\u00e7ado de tratamento de pele que combina tecnologia de microagulhamento e radiofrequ\u00eancia (RF) para melhorar a textura, elasticidade e apar\u00eancia da pele. Esta m\u00e1quina \u00e9 equipada com v\u00e1rias pontas intercambi\u00e1veis, fornecendo uma solu\u00e7\u00e3o vers\u00e1til para diferentes problemas de pele, de rugas profundas a cicatrizes de acne.<\/p>\n<table style=\"border-collapse: collapse; width: 100%;\">\n<tbody>\n<tr>\n<td style=\"width: 32.3816%;\"><a href=\"\/pt\/product\/maquina-de-rf-fracionada-de-microagulha-dourada\/\"><img loading=\"lazy\" decoding=\"async\" class=\"aligncenter\" title=\"Cartuchos de RF para microagulhas\" src=\"https:\/\/sc04.alicdn.com\/kf\/Hc1379564e08b4b2aa5beb76fe4da2babD\/247315878\/Hc1379564e08b4b2aa5beb76fe4da2babD.jpg\" alt=\"Cartuchos de RF para microagulhas\" width=\"750\" height=\"577\" data-src=\"\/\/sc04.alicdn.com\/kf\/Hc1379564e08b4b2aa5beb76fe4da2babD\/247315878\/Hc1379564e08b4b2aa5beb76fe4da2babD.jpg\" \/><\/a><\/td>\n<td style=\"width: 67.6184%;\">\n<h3><img loading=\"lazy\" decoding=\"async\" class=\"aligncenter\" title=\"Cartuchos de RF para microagulhas\" src=\"https:\/\/sc04.alicdn.com\/kf\/H126bca153a9c45aeb466d70a05e2a4d8B\/247315878\/H126bca153a9c45aeb466d70a05e2a4d8B.png\" alt=\"Cartuchos de RF para microagulhas\" width=\"377\" height=\"359\" data-src=\"\/\/sc04.alicdn.com\/kf\/H126bca153a9c45aeb466d70a05e2a4d8B\/247315878\/H126bca153a9c45aeb466d70a05e2a4d8B.png\" \/><\/h3>\n<\/td>\n<\/tr>\n<\/tbody>\n<\/table>\n<h3>Especifica\u00e7\u00f5es<\/h3>\n<ul>\n<li><strong>Pontas<\/strong>: 10 pinos\/25 pinos\/64 pinos\/Nano<\/li>\n<li><strong>Tecnologia<\/strong>: Microagulhamento RF<\/li>\n<li><strong>Freq\u00fc\u00eancia<\/strong>: 2~4Mhz ajust\u00e1vel<\/li>\n<li><strong>M\u00e1quinas Compat\u00edveis<\/strong>: <a href=\"\/pt\/product\/maquina-de-rf-fracionada-de-microagulha-dourada\/\">M\u00e1quina de RF de microagulhamento<\/a><\/li>\n<\/ul>\n<h3>Princ\u00edpio de funcionamento<\/h3>\n<p>O Sistema de Agulha de RF Fracionada usa um design especial com muitos pontos de agulha fracionada dispostos em uma matriz. Um motor digital de alta velocidade controla as agulhas, penetrando a epiderme e a derme a uma profundidade de 0,25-3 mm. No final da agulha de treli\u00e7a, a energia de RF \u00e9 liberada, estimulando o col\u00e1geno e o tecido el\u00e1stico sem danificar a camada epid\u00e9rmica. A energia de RF penetra profundamente na derme, promovendo a hiperplasia da prote\u00edna de col\u00e1geno, o que melhora as cicatrizes e aperta as rugas da pele a longo prazo.<\/p>\n<h3>Caracter\u00edsticas<\/h3>\n<ol>\n<li><strong>Melhora poros e cicatrizes<\/strong>: Combate rugas profundas, acne e pigmenta\u00e7\u00e3o.<\/li>\n<li><strong>Aumenta a elasticidade do col\u00e1geno<\/strong>: Melhora a firmeza e a suavidade da pele.<\/li>\n<li><strong>Suaviza a pele<\/strong>: Fecha os poros e fornece energia precisa com o m\u00ednimo de dor.<\/li>\n<li><strong>Minimamente invasivo<\/strong>: Garante que a energia de RF atinja a \u00e1rea alvo de forma eficaz.<\/li>\n<li><strong>Remo\u00e7\u00e3o de cicatrizes<\/strong>: Reduz cicatrizes de acne e \u00e9 adequado para estrias, antienvelhecimento, terapia antirrugas, restaura\u00e7\u00e3o capilar e tratamento de pigmenta\u00e7\u00e3o.<\/li>\n<\/ol>\n<h3>Vantagens<\/h3>\n<ol>\n<li><strong>Tratamento assistido por v\u00e1cuo<\/strong>: Garante procedimentos mais confort\u00e1veis.<\/li>\n<li><strong>Agulhas n\u00e3o isoladas<\/strong>: Atua igualmente nas camadas da epiderme e da derme, aumentando a efic\u00e1cia do tratamento.<\/li>\n<li><strong>Tipo de motor de passo<\/strong>: Inser\u00e7\u00e3o suave da agulha, sem choque, minimizando sangramento e dor.<\/li>\n<li><strong>Agulhas banhadas a ouro<\/strong>: Dur\u00e1vel com alta biocompatibilidade, adequado para pacientes com alergias a metais.<\/li>\n<li><strong>Controle preciso de profundidade<\/strong>: Profundidade da agulha ajust\u00e1vel de 0,5 mm a 5,0 mm em incrementos de 0,1 mm.<\/li>\n<li><strong>Sistema de agulha de seguran\u00e7a<\/strong>:\n<ul>\n<li>Pontas de agulha descart\u00e1veis esterilizadas.<\/li>\n<li>F\u00e1cil visualiza\u00e7\u00e3o da aplica\u00e7\u00e3o de energia de RF atrav\u00e9s de um indicador luminoso vermelho.<\/li>\n<\/ul>\n<\/li>\n<li><strong>Espessura de agulha elaborada<\/strong>: M\u00ednimo 0 mm, m\u00e1ximo 0,3 mm, garantindo precis\u00e3o.<\/li>\n<\/ol>\n<\/div>\n<div>\n<div>\n<div><\/div>\n<\/div>\n<\/div>\n<div>\n<h3><strong>Personalizar O Logotipo<\/strong><\/h3>\n<p>Quer fazer sua marca se destacam? N\u00f3s oferecemos o logotipo personalizado servi\u00e7os para ajudar voc\u00ea a criar uma \u00fanica e personalizada logo que reflete a identidade de sua marca. Nossa equipe de especialistas ir\u00e1 trabalhar em estreita colabora\u00e7\u00e3o com voc\u00ea para criar um logotipo que est\u00e1 em conson\u00e2ncia com os valores da sua marca e de mensagens. Se voc\u00ea estiver olhando para renovar o seu logotipo existente ou criar um novo a partir do zero, n\u00f3s temos que cobertas. <a href=\"\/pt\/contato\/\">Contacte-nos<\/a> hoje para saber mais sobre o nosso logotipo personalizado servi\u00e7os!<\/p>\n<\/div>\n<div>\n<div><\/div>\n<div><\/div>\n<\/div>\n<div><\/div>\n<div id=\"haloword-lookup\" class=\"ui-widget-content ui-draggable\" style=\"position: relative;\">\n<div id=\"haloword-content\"><\/div>\n<\/div>","protected":false},"excerpt":{"rendered":"<p>Sistema de agulha de RF fracionada por meio do design especial de muitas matrizes de pontos de agulhas fracionadas, o motor digital de alta velocidade controla a ordem atrav\u00e9s da epiderme e da derme com precis\u00e3o para controlar a profundidade de 0,25-3 mm, novamente no final da libera\u00e7\u00e3o da agulha de rede RF, estimula o col\u00e1geno e o tecido el\u00e1stico, e a camada epid\u00e9rmica \u00e9 segura, a energia de RF pode penetrar bem na derme, estimular a hiperplasia da prote\u00edna de col\u00e1geno, n\u00e3o \u00e9 apenas a melhor maneira de melhorar as cicatrizes, mas tamb\u00e9m o endurecimento a longo prazo das rugas da pele induzidas pelo bom m\u00e9todo.<\/p>\n<div id=\"haloword-lookup\" class=\"ui-widget-content ui-draggable\" style=\"position: relative;\">\n<div id=\"haloword-title\">\n<p><span id=\"haloword-word\"><\/span><a id=\"haloword-pron\" class=\"haloword-button\" title=\"\u53d1\u97f3\"><\/a><audio id=\"haloword-audio\"><\/audio><\/p>\n<div id=\"haloword-control-container\"><\/div>\n<\/div>\n<div id=\"haloword-content\"><\/div>\n<\/div>","protected":false},"featured_media":2178,"comment_status":"open","ping_status":"closed","template":"","meta":{"_kad_post_transparent":"default","_kad_post_title":"","_kad_post_layout":"default","_kad_post_sidebar_id":"","_kad_post_content_style":"default","_kad_post_vertical_padding":"default","_kad_post_feature":"","_kad_post_feature_position":"","_kad_post_header":false,"_kad_post_footer":false,"_kad_post_classname":"","rank_math_title":"","rank_math_description":"","rank_math_focus_keyword":""},"product_brand":[],"product_cat":[49],"product_tag":[],"class_list":{"0":"post-2177","1":"product","2":"type-product","3":"status-publish","4":"has-post-thumbnail","6":"product_cat-parts_facial_care","7":"product_shipping_class-included-shipping","9":"first","10":"instock","11":"shipping-taxable","12":"purchasable","13":"product-type-variable","14":"has-default-attributes","15":"entry","16":"content-bg","17":"loop-entry"},"_links":{"self":[{"href":"https:\/\/skbty.com\/pt\/wp-json\/wp\/v2\/product\/2177","targetHints":{"allow":["GET"]}}],"collection":[{"href":"https:\/\/skbty.com\/pt\/wp-json\/wp\/v2\/product"}],"about":[{"href":"https:\/\/skbty.com\/pt\/wp-json\/wp\/v2\/types\/product"}],"replies":[{"embeddable":true,"href":"https:\/\/skbty.com\/pt\/wp-json\/wp\/v2\/comments?post=2177"}],"wp:featuredmedia":[{"embeddable":true,"href":"https:\/\/skbty.com\/pt\/wp-json\/wp\/v2\/media\/2178"}],"wp:attachment":[{"href":"https:\/\/skbty.com\/pt\/wp-json\/wp\/v2\/media?parent=2177"}],"wp:term":[{"taxonomy":"product_brand","embeddable":true,"href":"https:\/\/skbty.com\/pt\/wp-json\/wp\/v2\/product_brand?post=2177"},{"taxonomy":"product_cat","embeddable":true,"href":"https:\/\/skbty.com\/pt\/wp-json\/wp\/v2\/product_cat?post=2177"},{"taxonomy":"product_tag","embeddable":true,"href":"https:\/\/skbty.com\/pt\/wp-json\/wp\/v2\/product_tag?post=2177"}],"curies":[{"name":"Wp","href":"https:\/\/api.w.org\/{rel}","templated":true}]}}