{"id":2241,"date":"2024-01-02T17:22:34","date_gmt":"2024-01-02T09:22:34","guid":{"rendered":"https:\/\/skbty.com\/?post_type=product&#038;p=2241"},"modified":"2024-06-21T13:57:15","modified_gmt":"2024-06-21T05:57:15","slug":"maquina-de-terapia-por-ondas-de-choque-4","status":"publish","type":"product","link":"https:\/\/skbty.com\/pt\/product\/maquina-de-terapia-por-ondas-de-choque-4\/","title":{"rendered":"M\u00e1quina de terapia por ondas de choque"},"content":{"rendered":"<div class=\"J_module\">\n<div class=\"detail-decorate-json-renderer-container\">\n<div class=\"magic-2\">\n<h3 class=\"magic-3\"><span class=\"magic-5\">M\u00e1quina de terapia por ondas de choque<\/span><\/h3>\n<div class=\"magic-7\">\n<div class=\"magic-8\">\n<div class=\"magic-9\"><span class=\"magic-10\"><span class=\"magic-4\">A m\u00e1quina de terapia por ondas de choque utiliza o princ\u00edpio bal\u00edstico da gera\u00e7\u00e3o de ondas de choque: usando ar comprimido acelerado para criar uma onda de press\u00e3o por meio de uma m\u00e1quina de ondas de choque. O ar comprimido \u00e9 produzido por um compressor de press\u00e3o bal\u00edstica controlado eletronicamente. Usando choque el\u00e1stico, a energia cin\u00e9tica da m\u00e1quina de ondas de choque \u00e9 transmitida para a sonda do dispositivo de tratamento e, em seguida, entra no corpo do cliente. Portanto, a ponta do aplicador final deve estar em contato direto com a pele e o tecido subcut\u00e2neo durante o tratamento. As ondas de choque atingem as \u00e1reas afetadas na raiz da dor cr\u00f4nica. O impacto da onda de choque causa a dissolu\u00e7\u00e3o dos dep\u00f3sitos de c\u00e1lcio e leva a uma melhor vasculariza\u00e7\u00e3o. O efeito posterior \u00e9 o al\u00edvio da dor.<\/span><\/span><\/div>\n<div><\/div>\n<\/div>\n<\/div>\n<\/div>\n<\/div>\n<\/div>\n<div class=\"J_module\">\n<div class=\"ife-detail-decorate-table\">\n<table style=\"border-color: #f3f3f3;\" border=\"1\" cellspacing=\"0\" cellpadding=\"0\">\n<tbody>\n<tr>\n<td colspan=\"1\" rowspan=\"1\">\n<div>Nome<\/div>\n<\/td>\n<td colspan=\"1\" rowspan=\"1\">\n<div class=\"magic-14\">M\u00e1quina de terapia por ondas de choque<\/div>\n<\/td>\n<\/tr>\n<tr>\n<td colspan=\"1\" rowspan=\"1\">\n<div class=\"magic-12\">Especifica\u00e7\u00e3o<\/div>\n<\/td>\n<td colspan=\"1\" rowspan=\"1\">\n<div class=\"magic-14\">Alu + caixa de papel\u00e3o 41*51*45cm 35KG<\/div>\n<\/td>\n<\/tr>\n<tr>\n<td colspan=\"1\" rowspan=\"1\">\n<div class=\"magic-12\">Servi\u00e7o OEM<\/div>\n<\/td>\n<td colspan=\"1\" rowspan=\"1\">\n<div class=\"magic-14\">Apoiar<\/div>\n<\/td>\n<\/tr>\n<tr>\n<td colspan=\"1\" rowspan=\"1\">\n<div class=\"magic-12\">Cabe\u00e7a de choque<\/div>\n<\/td>\n<td colspan=\"1\" rowspan=\"1\">\n<div class=\"magic-14\">3 cabe\u00e7as de choque de tamanhos diferentes<\/div>\n<\/td>\n<\/tr>\n<tr>\n<td colspan=\"1\" rowspan=\"1\">\n<div class=\"magic-12\">Tela sens\u00edvel ao toque<\/div>\n<\/td>\n<td colspan=\"1\" rowspan=\"1\">\n<div class=\"magic-14\">Tela sens\u00edvel ao toque de 8 polegadas<\/div>\n<\/td>\n<\/tr>\n<tr>\n<td colspan=\"1\" rowspan=\"1\">\n<div class=\"magic-15\">Freq\u00fc\u00eancia<\/div>\n<\/td>\n<td colspan=\"1\" rowspan=\"1\">\n<div class=\"magic-16\">1 \u2013 21 Hz<\/div>\n<\/td>\n<\/tr>\n<tr>\n<td colspan=\"1\" rowspan=\"1\">\n<div class=\"magic-15\">Energia<\/div>\n<\/td>\n<td colspan=\"1\" rowspan=\"1\">\n<div class=\"magic-16\">1 \u2013 8 Barras<\/div>\n<\/td>\n<\/tr>\n<\/tbody>\n<\/table>\n<\/div>\n<\/div>\n<div class=\"J_module\">\n<div class=\"detail-decorate-json-renderer-container\">\n<div class=\"magic-2\">\n<h3 class=\"magic-3\"><span class=\"magic-5\">Princ\u00edpio de trabalho<\/span><\/h3>\n<div class=\"magic-7\">\n<div class=\"magic-8\">\n<div class=\"magic-9\"><span class=\"magic-10\">Adotando as caracter\u00edsticas da terapia por ondas de choque SW8, a frequ\u00eancia \u00e9 de 1-16 Hz, podendo atingir 8 cm abaixo da pele, atua no peri\u00f3steo para gerar calor, e a temperatura instant\u00e2nea atinge 43 \u00b0C, melhorando a circula\u00e7\u00e3o sangu\u00ednea.<\/span><\/div>\n<\/div>\n<\/div>\n<\/div>\n<\/div>\n<\/div>\n<div class=\"J_module\">\n<div class=\"icbu-pc-images magic-17\">\n<div>\n<div class=\"flex-layout-v\">\n<div class=\"flex-layout-h magic-17\">\n<div class=\"magic-18\"><img loading=\"lazy\" decoding=\"async\" class=\"magic-19 aligncenter\" title=\"M\u00e1quina de terapia por ondas de choque\" src=\"https:\/\/sc04.alicdn.com\/kf\/H04b14e8d47684697b913958bea850604p\/247315878\/H04b14e8d47684697b913958bea850604p.png\" alt=\"M\u00e1quina de terapia por ondas de choque\" width=\"609\" height=\"406\" data-src=\"\/\/sc04.alicdn.com\/kf\/H04b14e8d47684697b913958bea850604p\/247315878\/H04b14e8d47684697b913958bea850604p.png\" \/><\/div>\n<\/div>\n<\/div>\n<\/div>\n<\/div>\n<\/div>\n<div class=\"J_module\">\n<div class=\"detail-decorate-json-renderer-container\">\n<div class=\"magic-2\">\n<h3 class=\"magic-3\"><span class=\"magic-5\">Fun\u00e7\u00f5es<\/span><\/h3>\n<div class=\"magic-7\">\n<div class=\"magic-8\">\n<div class=\"magic-9\"><span class=\"magic-10\">1. Pontos-gatilho de dor Dor aguda e cr\u00f4nica nas costas, ombros, pesco\u00e7o, etc. devido ao encurtamento e espessamento permanente dos m\u00fasculos <\/span><\/div>\n<div class=\"magic-9\"><span class=\"magic-10\">2. S\u00edndrome da margem tibial Inflama\u00e7\u00e3o da borda tibial devido ao uso excessivo <\/span><\/div>\n<div class=\"magic-9\"><span class=\"magic-10\">3. Bursite trocant\u00e9rica Periostite dolorosa do quadril <\/span><\/div>\n<div class=\"magic-9\"><span class=\"magic-10\">4. Dor Irrita\u00e7\u00e3o do tend\u00e3o de Aquiles <\/span><\/div>\n<div class=\"magic-9\"><span class=\"magic-10\">5. Dor no calcanhar Dor no calcanhar, principalmente inflama\u00e7\u00e3o cr\u00f4nica <\/span><\/div>\n<div class=\"magic-9\"><span class=\"magic-10\">6. Cotovelo de golfista Inflama\u00e7\u00e3o dolorosa da inser\u00e7\u00e3o do tend\u00e3o no cotovelo medial <\/span><\/div>\n<div class=\"magic-9\"><span class=\"magic-10\">7. S\u00edndrome da ponta da patela Inflama\u00e7\u00e3o da borda da t\u00edbia devido ao uso excessivo<\/span><\/div>\n<\/div>\n<\/div>\n<\/div>\n<\/div>\n<\/div>\n<div class=\"J_module\">\n<div class=\"icbu-pc-images magic-17\">\n<div>\n<div class=\"flex-layout-v\">\n<div class=\"flex-layout-h magic-17\">\n<div class=\"magic-20\"><img loading=\"lazy\" decoding=\"async\" class=\"magic-21 aligncenter\" title=\"M\u00e1quina de terapia por ondas de choque\" src=\"https:\/\/sc04.alicdn.com\/kf\/Ha8b3efa5a1044a29b216b7e0e004d82bX\/247315878\/Ha8b3efa5a1044a29b216b7e0e004d82bX.png\" alt=\"M\u00e1quina de terapia por ondas de choque\" width=\"609\" height=\"761\" data-src=\"\/\/sc04.alicdn.com\/kf\/Ha8b3efa5a1044a29b216b7e0e004d82bX\/247315878\/Ha8b3efa5a1044a29b216b7e0e004d82bX.png\" \/><\/div>\n<\/div>\n<\/div>\n<\/div>\n<\/div>\n<\/div>\n<div class=\"J_module\">\n<div class=\"detail-decorate-json-renderer-container\">\n<div class=\"magic-2\">\n<h3 class=\"magic-3\"><span class=\"magic-5\">Efeitos<\/span><\/h3>\n<div class=\"magic-7\">\n<div class=\"magic-8\">\n<div class=\"magic-9\"><span class=\"magic-10\">Imagine o vermelho como uma \u00e1rea de energia que causa dano. Essa \u00e1rea vai da parte inferior do amortecedor at\u00e9 o topo, formando um pilar que destr\u00f3i tudo em seu caminho. A onda de choque extracorp\u00f3rea SW8 ao redor deste poste \u00e9 a \u00e1rea de menos energia, mostrada em verde, dosada para produzir cura. H\u00e1 tamb\u00e9m uma \u00e1rea (mostrada em azul) que tem muito menos energia e \u00e9 capaz de reduzir a dor. H\u00e1 tamb\u00e9m uma \u00e1rea onde a for\u00e7a da onda diminui acima da \u00e1rea danificada (a energia n\u00e3o pode durar para sempre), o que por sua vez cria um efeito de cura ou al\u00edvio da dor. A coisa a lembrar \u00e9 que os efeitos ocorrem de altos n\u00edveis de energia para baixos n\u00edveis de energia, ou seja, altos n\u00edveis de energia = dano + cura + al\u00edvio da dor.<\/span><\/div>\n<\/div>\n<\/div>\n<\/div>\n<\/div>\n<\/div>\n<div class=\"J_module\">\n<div class=\"icbu-pc-images magic-17\">\n<div>\n<div class=\"flex-layout-v\">\n<div class=\"flex-layout-h magic-17\">\n<div class=\"magic-18\"><img loading=\"lazy\" decoding=\"async\" class=\"magic-19 aligncenter\" title=\"M\u00e1quina de terapia por ondas de choque\" src=\"https:\/\/sc04.alicdn.com\/kf\/H587839aef88941b8b1a207390d3907cde\/247315878\/H587839aef88941b8b1a207390d3907cde.png\" alt=\"M\u00e1quina de terapia por ondas de choque\" width=\"578\" height=\"385\" data-src=\"\/\/sc04.alicdn.com\/kf\/H587839aef88941b8b1a207390d3907cde\/247315878\/H587839aef88941b8b1a207390d3907cde.png\" \/><\/div>\n<\/div>\n<\/div>\n<\/div>\n<\/div>\n<\/div>\n<div class=\"J_module\">\n<div class=\"detail-decorate-json-renderer-container\">\n<div class=\"magic-2\">\n<h3 class=\"magic-3\"><span class=\"magic-5\">Aplica\u00e7\u00f5es<\/span><\/h3>\n<div class=\"magic-7\">\n<div class=\"magic-8\">\n<div class=\"magic-9\"><span class=\"magic-10\">(1) C\u00e9lulas: Aumentam a permeabilidade da membrana celular melhorando a atividade do canal i\u00f4nico, estimulando a divis\u00e3o celular e estimulando a produ\u00e7\u00e3o de citocinas. <\/span><\/div>\n<div class=\"magic-9\"><span class=\"magic-10\">(2) Angiog\u00eanese em \u00e1reas de tend\u00f5es e m\u00fasculos: melhora a circula\u00e7\u00e3o sangu\u00ednea, aumenta a concentra\u00e7\u00e3o do fator de crescimento \u03b21, tem efeitos quimiot\u00e1ticos e mitog\u00eanicos nos osteoblastos. <\/span><\/div>\n<div class=\"magic-9\"><span class=\"magic-10\">(3) Efeitos no sistema NOx: cicatriza\u00e7\u00e3o e remodela\u00e7\u00e3o \u00f3ssea. <\/span><\/div>\n<div class=\"magic-9\"><span class=\"magic-10\">(4) Melhorar a microcircula\u00e7\u00e3o e o metabolismo. <\/span><\/div>\n<div class=\"magic-9\"><span class=\"magic-10\">(5) Lise de fibroblastos calcificados <\/span><\/div>\n<div class=\"magic-9\"><span class=\"magic-10\">(6) Auxilia na produ\u00e7\u00e3o de col\u00e1geno. <\/span><\/div>\n<div class=\"magic-9\"><span class=\"magic-10\">(7) Reduzir a tens\u00e3o do tecido. <\/span><\/div>\n<div class=\"magic-9\"><span class=\"magic-10\">(8) Efeito analg\u00e9sico. <\/span><\/div>\n<div class=\"magic-9\"><span class=\"magic-10\">(9) ED. <\/span><\/div>\n<div class=\"magic-9\"><span class=\"magic-10\">(10) Reduza a gordura.<\/span><\/div>\n<\/div>\n<\/div>\n<\/div>\n<\/div>\n<\/div>\n<div class=\"J_module\">\n<div class=\"icbu-pc-images magic-17\">\n<div>\n<div class=\"flex-layout-v\">\n<div class=\"flex-layout-h magic-17\">\n<div class=\"magic-18\"><img loading=\"lazy\" decoding=\"async\" class=\"magic-19 aligncenter\" title=\"M\u00e1quina de terapia por ondas de choque\" src=\"https:\/\/sc04.alicdn.com\/kf\/Hbdd396ca82864c0083290756f2229ef64\/247315878\/Hbdd396ca82864c0083290756f2229ef64.png\" alt=\"M\u00e1quina de terapia por ondas de choque\" width=\"573\" height=\"382\" data-src=\"\/\/sc04.alicdn.com\/kf\/Hbdd396ca82864c0083290756f2229ef64\/247315878\/Hbdd396ca82864c0083290756f2229ef64.png\" \/><\/div>\n<\/div>\n<\/div>\n<\/div>\n<\/div>\n<\/div>\n<div class=\"J_module\">\n<div class=\"detail-decorate-json-renderer-container\">\n<div class=\"magic-2\">\n<h3 class=\"magic-3\"><span class=\"magic-5\">Vantagens<\/span><\/h3>\n<div class=\"magic-7\">\n<div class=\"magic-8\">\n<div class=\"magic-9\"><span class=\"magic-10\">1. Al\u00edvio r\u00e1pido e eficiente da dor <\/span><\/div>\n<div class=\"magic-9\"><span class=\"magic-10\">2. N\u00e3o invasivo, sem anestesia, pr\u00e1tico e r\u00e1pido. <\/span><\/div>\n<div class=\"magic-9\"><span class=\"magic-10\">3. Cada mamada dura apenas 20 minutos, 5 a 10 mamadas por sess\u00e3o. <\/span><\/div>\n<div class=\"magic-9\"><span class=\"magic-10\">4. Amplamente aplic\u00e1vel a diferentes tratamentos de tecidos moles. N\u00edvel moderado = cura + al\u00edvio da dor.<\/span><\/div>\n<div>\n<h3><strong>Personalizar O Logotipo<\/strong><\/h3>\n<p>Quer fazer sua marca se destacam? N\u00f3s oferecemos o logotipo personalizado servi\u00e7os para ajudar voc\u00ea a criar uma \u00fanica e personalizada logo que reflete a identidade de sua marca. Nossa equipe de especialistas ir\u00e1 trabalhar em estreita colabora\u00e7\u00e3o com voc\u00ea para criar um logotipo que est\u00e1 em conson\u00e2ncia com os valores da sua marca e de mensagens. Se voc\u00ea estiver olhando para renovar o seu logotipo existente ou criar um novo a partir do zero, n\u00f3s temos que cobertas. <a href=\"\/pt\/contato\/\">Contacte-nos<\/a> hoje para saber mais sobre o nosso logotipo personalizado servi\u00e7os!<\/p>\n<\/div>\n<\/div>\n<\/div>\n<\/div>\n<\/div>\n<\/div>","protected":false},"excerpt":{"rendered":"<p><span class=\"magic-10\"><span class=\"magic-4\">Os sistemas de ondas de choque utilizam o princ\u00edpio bal\u00edstico da gera\u00e7\u00e3o de ondas de choque: usando ar comprimido acelerado para criar uma onda de press\u00e3o por meio de uma m\u00e1quina de ondas de choque. O ar comprimido \u00e9 produzido por um compressor de press\u00e3o bal\u00edstica controlado eletronicamente. Usando choque el\u00e1stico, a energia cin\u00e9tica da m\u00e1quina de ondas de choque \u00e9 transmitida para a sonda do dispositivo de tratamento e, em seguida, entra no corpo do cliente. Portanto, a ponta do aplicador final deve estar em contato direto com a pele e o tecido subcut\u00e2neo durante o tratamento. As ondas de choque atingem as \u00e1reas afetadas na raiz da dor cr\u00f4nica. O impacto da onda de choque causa a dissolu\u00e7\u00e3o dos dep\u00f3sitos de c\u00e1lcio e leva a uma melhor vasculariza\u00e7\u00e3o. O efeito posterior \u00e9 o al\u00edvio da dor.<\/span><\/span><\/p>","protected":false},"featured_media":2242,"comment_status":"open","ping_status":"closed","template":"","meta":{"_kad_post_transparent":"default","_kad_post_title":"","_kad_post_layout":"default","_kad_post_sidebar_id":"","_kad_post_content_style":"default","_kad_post_vertical_padding":"default","_kad_post_feature":"","_kad_post_feature_position":"","_kad_post_header":false,"_kad_post_footer":false,"_kad_post_classname":"","rank_math_title":"","rank_math_description":"","rank_math_focus_keyword":""},"product_brand":[],"product_cat":[65],"product_tag":[],"class_list":{"0":"post-2241","1":"product","2":"type-product","3":"status-publish","4":"has-post-thumbnail","6":"product_cat-shock-wave","8":"first","9":"instock","10":"shipping-taxable","11":"product-type-simple","12":"entry","13":"content-bg","14":"loop-entry"},"_links":{"self":[{"href":"https:\/\/skbty.com\/pt\/wp-json\/wp\/v2\/product\/2241","targetHints":{"allow":["GET"]}}],"collection":[{"href":"https:\/\/skbty.com\/pt\/wp-json\/wp\/v2\/product"}],"about":[{"href":"https:\/\/skbty.com\/pt\/wp-json\/wp\/v2\/types\/product"}],"replies":[{"embeddable":true,"href":"https:\/\/skbty.com\/pt\/wp-json\/wp\/v2\/comments?post=2241"}],"wp:featuredmedia":[{"embeddable":true,"href":"https:\/\/skbty.com\/pt\/wp-json\/wp\/v2\/media\/2242"}],"wp:attachment":[{"href":"https:\/\/skbty.com\/pt\/wp-json\/wp\/v2\/media?parent=2241"}],"wp:term":[{"taxonomy":"product_brand","embeddable":true,"href":"https:\/\/skbty.com\/pt\/wp-json\/wp\/v2\/product_brand?post=2241"},{"taxonomy":"product_cat","embeddable":true,"href":"https:\/\/skbty.com\/pt\/wp-json\/wp\/v2\/product_cat?post=2241"},{"taxonomy":"product_tag","embeddable":true,"href":"https:\/\/skbty.com\/pt\/wp-json\/wp\/v2\/product_tag?post=2241"}],"curies":[{"name":"Wp","href":"https:\/\/api.w.org\/{rel}","templated":true}]}}