{"id":2247,"date":"2024-01-02T17:32:56","date_gmt":"2024-01-02T09:32:56","guid":{"rendered":"https:\/\/skbty.com\/?post_type=product&#038;p=2247"},"modified":"2024-06-21T13:47:23","modified_gmt":"2024-06-21T05:47:23","slug":"maquina-de-terapia-por-ondas-de-choque","status":"publish","type":"product","link":"https:\/\/skbty.com\/pt\/product\/maquina-de-terapia-por-ondas-de-choque\/","title":{"rendered":"M\u00e1quina de terapia por ondas de choque"},"content":{"rendered":"<div class=\"J_module\">\n<div class=\"detail-decorate-json-renderer-container\">\n<div class=\"magic-2\">\n<h3 class=\"magic-3\" data-spm-anchor-id=\"a2700.details.0.i82.50633bb0FyaxiD\"><span class=\"magic-5\" data-spm-anchor-id=\"a2700.details.0.i76.50633bb0FyaxiD\">M\u00e1quina de terapia por ondas de choque<\/span><\/h3>\n<div class=\"magic-7\">\n<div class=\"magic-8\">\n<div class=\"magic-9\"><span class=\"magic-10\" style=\"font-family: Arial;\">A m\u00e1quina de terapia por ondas de choque \u00e9 baseada na tecnologia de ondas radiais de baixa energia e sem foco, que \u00e9 um tipo de onda sonora que transporta alta energia para pontos de dor e tecido fibroso ou musculoesquel\u00e9tico em doen\u00e7as subagudas, subcr\u00f4nicas e cr\u00f4nicas.<br \/>\nEsta energia promove os processos de cura, regenera\u00e7\u00e3o e repara\u00e7\u00e3o de tend\u00f5es e tecidos moles. Foi cientificamente comprovado que ondas radiais de baixa energia n\u00e3o focadas t\u00eam um grande impacto na estrutura do col\u00e1geno e no tecido conjuntivo da pele, melhorando a circula\u00e7\u00e3o sangu\u00ednea e o metabolismo das c\u00e9lulas de gordura. A massagem mec\u00e2nica reduz o edema e melhora a drenagem linf\u00e1tica. Ela estimula a forma\u00e7\u00e3o de col\u00e1geno enquanto a pele se torna mais el\u00e1stica e sua firmeza pode ser vista ap\u00f3s alguns tratamentos.<\/span><\/div>\n<\/div>\n<\/div>\n<\/div>\n<\/div>\n<\/div>\n<div class=\"J_module\">\n<div class=\"ife-detail-decorate-table\">\n<table style=\"border-color: #f3f3f3;\" border=\"1\" cellspacing=\"0\" cellpadding=\"0\">\n<tbody>\n<tr>\n<td colspan=\"1\" rowspan=\"1\">\n<div>Nome<\/div>\n<\/td>\n<td colspan=\"1\" rowspan=\"1\">\n<div class=\"magic-13\"><span class=\"magic-10\" style=\"font-family: Arial;\">M\u00e1quina de terapia por ondas de choque<\/span><\/div>\n<\/td>\n<\/tr>\n<tr>\n<td colspan=\"1\" rowspan=\"1\">\n<div class=\"magic-12\"><span class=\"magic-10\" style=\"font-family: Arial;\">Especifica\u00e7\u00e3o<\/span><\/div>\n<\/td>\n<td colspan=\"1\" rowspan=\"1\">\n<div class=\"magic-13\"><span class=\"magic-10\" style=\"font-family: Arial;\">Caixa de alum\u00ednio + caixa de papel\u00e3o 51*41*46 cm,15kg<\/span><\/div>\n<\/td>\n<\/tr>\n<tr>\n<td colspan=\"1\" rowspan=\"1\">\n<div class=\"magic-12\"><span class=\"magic-10\" style=\"font-family: Arial;\">Servi\u00e7o OEM<\/span><\/div>\n<\/td>\n<td colspan=\"1\" rowspan=\"1\">\n<div class=\"magic-13\"><span class=\"magic-10\" style=\"font-family: Arial;\">Apoiar<\/span><\/div>\n<\/td>\n<\/tr>\n<tr>\n<td colspan=\"1\" rowspan=\"1\">\n<div class=\"magic-12\"><span class=\"magic-10\" style=\"font-family: Arial;\">Cabe\u00e7a de choque<\/span><\/div>\n<\/td>\n<td colspan=\"1\" rowspan=\"1\">\n<div class=\"magic-13\"><span class=\"magic-10\" style=\"font-family: Arial;\">5 cabe\u00e7as de choque de tamanhos diferentes<\/span><\/div>\n<\/td>\n<\/tr>\n<tr>\n<td colspan=\"1\" rowspan=\"1\">\n<div class=\"magic-12\"><span class=\"magic-10\" style=\"font-family: Arial;\">Tens\u00e3o de entrada<\/span><\/div>\n<\/td>\n<td colspan=\"1\" rowspan=\"1\">\n<div class=\"magic-13\"><span class=\"magic-10\" style=\"font-family: Arial;\">CA 100 V-240 V 50 Hz-60 Hz<\/span><\/div>\n<\/td>\n<\/tr>\n<tr>\n<td colspan=\"1\" rowspan=\"1\">\n<div class=\"magic-12\"><span class=\"magic-10\" style=\"font-family: Arial;\">Freq\u00fc\u00eancia<\/span><\/div>\n<\/td>\n<td colspan=\"1\" rowspan=\"1\">\n<div class=\"magic-13\"><span class=\"magic-10\" style=\"font-family: Arial;\">1 \u2013 16 Hz<\/span><\/div>\n<\/td>\n<\/tr>\n<tr>\n<td colspan=\"1\" rowspan=\"1\">\n<div class=\"magic-12\"><span class=\"magic-10\" style=\"font-family: Arial;\">Energia<\/span><\/div>\n<\/td>\n<td colspan=\"1\" rowspan=\"1\">\n<div class=\"magic-13\"><span class=\"magic-10\" style=\"font-family: Arial;\">50mJ-200mJ<\/span><\/div>\n<\/td>\n<\/tr>\n<tr>\n<td colspan=\"1\" rowspan=\"1\">\n<div class=\"magic-14\"><span class=\"magic-10\" style=\"font-family: Arial;\">Poder<\/span><\/div>\n<\/td>\n<td colspan=\"1\" rowspan=\"1\">\n<div class=\"magic-15\"><span class=\"magic-10\" style=\"font-family: Arial;\">230 W<\/span><\/div>\n<\/td>\n<\/tr>\n<tr>\n<td colspan=\"1\" rowspan=\"1\">\n<div class=\"magic-14\"><span class=\"magic-10\" style=\"font-family: Arial;\">Transdutor<\/span><\/div>\n<\/td>\n<td colspan=\"1\" rowspan=\"1\">\n<div class=\"magic-15\"><span class=\"magic-10\" style=\"font-family: Arial;\">DS-4.5D, DS-3.0, DS-1.5<\/span><\/div>\n<\/td>\n<\/tr>\n<\/tbody>\n<\/table>\n<\/div>\n<\/div>\n<div class=\"J_module\">\n<div class=\"detail-decorate-json-renderer-container\">\n<div class=\"magic-2\">\n<h3 class=\"magic-3\"><span class=\"magic-5\">Princ\u00edpio de trabalho<\/span><\/h3>\n<div class=\"magic-7\">\n<div class=\"magic-8\">\n<div class=\"magic-9\"><span class=\"magic-10\" style=\"font-family: Arial;\">A terapia por ondas de choque fornece uma onda de choque radial atrav\u00e9s da superf\u00edcie da pele at\u00e9 o tecido lesionado. Essa onda de choque inicia uma resposta semelhante \u00e0 inflama\u00e7\u00e3o no tecido lesionado e acelera o processo de cura ao regenerar os vasos sangu\u00edneos. Ela tamb\u00e9m fornece al\u00edvio da dor para o paciente.<\/span><\/div>\n<\/div>\n<\/div>\n<\/div>\n<\/div>\n<\/div>\n<div class=\"J_module\">\n<div class=\"icbu-pc-images magic-16\">\n<div>\n<div class=\"flex-layout-v\">\n<div class=\"flex-layout-h magic-16\">\n<div class=\"magic-17\"><img loading=\"lazy\" decoding=\"async\" class=\"magic-18 aligncenter\" title=\"M\u00e1quina de terapia por ondas de choque\" src=\"https:\/\/sc04.alicdn.com\/kf\/He6b950acc1ff4b17818661ada821f69aR\/247315878\/He6b950acc1ff4b17818661ada821f69aR.png\" alt=\"M\u00e1quina de terapia por ondas de choque\" width=\"599\" height=\"298\" data-src=\"\/\/sc04.alicdn.com\/kf\/He6b950acc1ff4b17818661ada821f69aR\/247315878\/He6b950acc1ff4b17818661ada821f69aR.png\" \/><\/div>\n<\/div>\n<\/div>\n<\/div>\n<\/div>\n<\/div>\n<div class=\"J_module\">\n<div class=\"detail-decorate-json-renderer-container\">\n<div class=\"magic-2\">\n<h3 class=\"magic-3\"><span class=\"magic-5\">Fun\u00e7\u00f5es<\/span><\/h3>\n<div class=\"magic-7\">\n<div class=\"magic-8\">\n<div class=\"magic-9\"><span class=\"magic-10\">1. Pontos-gatilho de dor Dor aguda e cr\u00f4nica nas costas, ombros, pesco\u00e7o, etc. devido ao encurtamento e espessamento permanentes dos m\u00fasculos 2. S\u00edndrome da margem tibial Inflama\u00e7\u00e3o da borda tibial devido ao uso excessivo 3. Bursite trocant\u00e9rica Periostite dolorosa do quadril 4. Dor Irrita\u00e7\u00e3o da dor no tend\u00e3o de Aquiles 5. Dor no calcanhar Dor no calcanhar, principalmente inflama\u00e7\u00e3o cr\u00f4nica 6. Cotovelo de golfista Inflama\u00e7\u00e3o dolorosa da inser\u00e7\u00e3o do tend\u00e3o no cotovelo medial 7. S\u00edndrome da ponta da patela Inflama\u00e7\u00e3o da borda tibial devido ao uso excessivo<\/span><\/div>\n<\/div>\n<\/div>\n<\/div>\n<\/div>\n<\/div>\n<div class=\"J_module\">\n<div class=\"icbu-pc-images magic-16\">\n<div>\n<div class=\"flex-layout-v\">\n<div class=\"flex-layout-h magic-16\">\n<div class=\"magic-19\"><img loading=\"lazy\" decoding=\"async\" class=\"magic-20 aligncenter\" title=\"M\u00e1quina de terapia por ondas de choque\" src=\"https:\/\/sc04.alicdn.com\/kf\/H607aab734c254573ba38ebc1ca329640e\/247315878\/H607aab734c254573ba38ebc1ca329640e.png\" alt=\"M\u00e1quina de terapia por ondas de choque\" width=\"618\" height=\"374\" data-src=\"\/\/sc04.alicdn.com\/kf\/H607aab734c254573ba38ebc1ca329640e\/247315878\/H607aab734c254573ba38ebc1ca329640e.png\" \/><\/div>\n<\/div>\n<\/div>\n<\/div>\n<\/div>\n<\/div>\n<div class=\"J_module\">\n<div class=\"detail-decorate-json-renderer-container\">\n<div class=\"magic-2\">\n<h3 class=\"magic-3\"><span class=\"magic-5\">Aplica\u00e7\u00f5es<\/span><\/h3>\n<div class=\"magic-7\">\n<div class=\"magic-8\">\n<div class=\"magic-9\">\n<p><span class=\"magic-10\" style=\"font-family: Arial;\">1) Dor na cintura ou no quadril; <\/span><\/p>\n<div><span class=\"magic-10\" style=\"font-family: Arial;\">2) Acilod\u00ednia;<br \/>\n3) Tendinite patelar;<br \/>\n4) Fascite plantar;<br \/>\n5) S\u00edndrome do estresse tibial;<br \/>\n6) Tendinite trocant\u00e9rica;<br \/>\n7) Dor no ombro, tendinite calc\u00e1ria;<br \/>\n8) Epicondilite do r\u00e1dio ou ulna do \u00famero.<\/span><\/div>\n<\/div>\n<\/div>\n<\/div>\n<\/div>\n<\/div>\n<\/div>\n<div class=\"J_module\">\n<div class=\"icbu-pc-images magic-16\">\n<div>\n<div class=\"flex-layout-v\">\n<div class=\"flex-layout-h magic-16\">\n<div class=\"magic-21\"><img loading=\"lazy\" decoding=\"async\" class=\"magic-22 aligncenter\" title=\"M\u00e1quina de terapia por ondas de choque\" src=\"https:\/\/sc04.alicdn.com\/kf\/Hd48adc8567e94dac84ee1e781b348b989\/247315878\/Hd48adc8567e94dac84ee1e781b348b989.png\" alt=\"M\u00e1quina de terapia por ondas de choque\" width=\"605\" height=\"304\" data-src=\"\/\/sc04.alicdn.com\/kf\/Hd48adc8567e94dac84ee1e781b348b989\/247315878\/Hd48adc8567e94dac84ee1e781b348b989.png\" \/><\/div>\n<\/div>\n<\/div>\n<\/div>\n<\/div>\n<\/div>\n<div class=\"J_module\">\n<div class=\"icbu-pc-images magic-16\">\n<div class=\"flex-layout-v\">\n<div class=\"flex-layout-h magic-16\">\n<div class=\"magic-23\"><\/div>\n<\/div>\n<\/div>\n<\/div>\n<\/div>\n<div class=\"J_module\">\n<div class=\"icbu-pc-images magic-16\">\n<div class=\"flex-layout-v\">\n<div class=\"flex-layout-h magic-16\">\n<div class=\"magic-25\"><\/div>\n<\/div>\n<\/div>\n<\/div>\n<\/div>\n<div class=\"J_module\">\n<div class=\"detail-decorate-json-renderer-container\">\n<div class=\"magic-2\">\n<h3 class=\"magic-3\"><span class=\"magic-5\">Vantagens<\/span><\/h3>\n<div class=\"magic-7\">\n<div class=\"magic-8\">\n<div class=\"magic-9\"><span class=\"magic-10\" style=\"font-family: Arial;\">\u2022 Projeto de engenharia humanizado, f\u00e1cil de configurar, f\u00e1cil de operar.<br \/>\n\u2022 Design de tela sens\u00edvel ao toque de cristal colorido de 5 polegadas em espanhol e ingl\u00eas, intuitivo e claro.<br \/>\n\u2022 Fonte de alimenta\u00e7\u00e3o importada para garantir efeito de impacto imediato.<br \/>\n\u2022 Sele\u00e7\u00e3o de press\u00e3o e frequ\u00eancia de surto para atender aos requisitos de processamento.<br \/>\n\u2022 O compressor de ar ultrassilencioso vem com caixa de coleta de acess\u00f3rios.<br \/>\n\u2022 Sa\u00eddas simples ou duplas s\u00e3o opcionais e uma variedade de sondas profissionais est\u00e3o dispon\u00edveis.<br \/>\n\u2022 Existem 5 solu\u00e7\u00f5es de refer\u00eancia predefinidas ajust\u00e1veis.<\/span><\/div>\n<div>\n<table style=\"border-collapse: collapse; width: 100%;\">\n<tbody>\n<tr>\n<td style=\"width: 50%;\"><img loading=\"lazy\" decoding=\"async\" class=\"magic-24 aligncenter\" title=\"M\u00e1quina de terapia por ondas de choque\" src=\"https:\/\/sc04.alicdn.com\/kf\/H78ecdf0172834a4484130cea3e5c9c9eH\/247315878\/H78ecdf0172834a4484130cea3e5c9c9eH.png\" alt=\"M\u00e1quina de terapia por ondas de choque\" width=\"637\" height=\"317\" data-src=\"\/\/sc04.alicdn.com\/kf\/H78ecdf0172834a4484130cea3e5c9c9eH\/247315878\/H78ecdf0172834a4484130cea3e5c9c9eH.png\" \/><\/td>\n<td style=\"width: 50%;\"><img loading=\"lazy\" decoding=\"async\" class=\"magic-26 aligncenter\" title=\"M\u00e1quina de terapia por ondas de choque\" src=\"https:\/\/sc04.alicdn.com\/kf\/H045f5a0271b6446a885106ee1cafcac6R\/247315878\/H045f5a0271b6446a885106ee1cafcac6R.png\" alt=\"M\u00e1quina de terapia por ondas de choque\" width=\"800\" height=\"382\" data-src=\"\/\/sc04.alicdn.com\/kf\/H045f5a0271b6446a885106ee1cafcac6R\/247315878\/H045f5a0271b6446a885106ee1cafcac6R.png\" \/><\/td>\n<\/tr>\n<\/tbody>\n<\/table>\n<h3><strong>Personalizar O Logotipo<\/strong><\/h3>\n<p>Quer fazer sua marca se destacam? N\u00f3s oferecemos o logotipo personalizado servi\u00e7os para ajudar voc\u00ea a criar uma \u00fanica e personalizada logo que reflete a identidade de sua marca. Nossa equipe de especialistas ir\u00e1 trabalhar em estreita colabora\u00e7\u00e3o com voc\u00ea para criar um logotipo que est\u00e1 em conson\u00e2ncia com os valores da sua marca e de mensagens. Se voc\u00ea estiver olhando para renovar o seu logotipo existente ou criar um novo a partir do zero, n\u00f3s temos que cobertas. <a href=\"\/pt\/contato\/\">Contacte-nos<\/a> hoje para saber mais sobre o nosso logotipo personalizado servi\u00e7os!<\/p>\n<\/div>\n<\/div>\n<\/div>\n<\/div>\n<\/div>\n<\/div>","protected":false},"excerpt":{"rendered":"<p><span class=\"magic-10\" style=\"font-family: Arial;\">Os dispositivos de terapia por ondas de choque s\u00e3o baseados na tecnologia de ondas radiais de baixa energia e sem foco, que \u00e9 um tipo de onda sonora que transporta alta energia para pontos dolorosos e tecidos fibrosos ou musculoesquel\u00e9ticos em doen\u00e7as subagudas, subcr\u00f4nicas e cr\u00f4nicas.<br \/>\nEsta energia promove os processos de cura, regenera\u00e7\u00e3o e repara\u00e7\u00e3o de tend\u00f5es e tecidos moles. Foi cientificamente comprovado que ondas radiais de baixa energia n\u00e3o focadas t\u00eam um grande impacto na estrutura do col\u00e1geno e no tecido conjuntivo da pele, melhorando a circula\u00e7\u00e3o sangu\u00ednea e o metabolismo das c\u00e9lulas de gordura. A massagem mec\u00e2nica reduz o edema e melhora a drenagem linf\u00e1tica. Ela estimula a forma\u00e7\u00e3o de col\u00e1geno enquanto a pele se torna mais el\u00e1stica e sua firmeza pode ser vista ap\u00f3s alguns tratamentos.<\/span><\/p>","protected":false},"featured_media":2248,"comment_status":"open","ping_status":"closed","template":"","meta":{"_kad_post_transparent":"default","_kad_post_title":"","_kad_post_layout":"default","_kad_post_sidebar_id":"","_kad_post_content_style":"default","_kad_post_vertical_padding":"default","_kad_post_feature":"","_kad_post_feature_position":"","_kad_post_header":false,"_kad_post_footer":false,"_kad_post_classname":"","rank_math_title":"","rank_math_description":"","rank_math_focus_keyword":""},"product_brand":[],"product_cat":[65],"product_tag":[],"class_list":{"0":"post-2247","1":"product","2":"type-product","3":"status-publish","4":"has-post-thumbnail","6":"product_cat-shock-wave","8":"first","9":"instock","10":"shipping-taxable","11":"product-type-simple","12":"entry","13":"content-bg","14":"loop-entry"},"_links":{"self":[{"href":"https:\/\/skbty.com\/pt\/wp-json\/wp\/v2\/product\/2247","targetHints":{"allow":["GET"]}}],"collection":[{"href":"https:\/\/skbty.com\/pt\/wp-json\/wp\/v2\/product"}],"about":[{"href":"https:\/\/skbty.com\/pt\/wp-json\/wp\/v2\/types\/product"}],"replies":[{"embeddable":true,"href":"https:\/\/skbty.com\/pt\/wp-json\/wp\/v2\/comments?post=2247"}],"wp:featuredmedia":[{"embeddable":true,"href":"https:\/\/skbty.com\/pt\/wp-json\/wp\/v2\/media\/2248"}],"wp:attachment":[{"href":"https:\/\/skbty.com\/pt\/wp-json\/wp\/v2\/media?parent=2247"}],"wp:term":[{"taxonomy":"product_brand","embeddable":true,"href":"https:\/\/skbty.com\/pt\/wp-json\/wp\/v2\/product_brand?post=2247"},{"taxonomy":"product_cat","embeddable":true,"href":"https:\/\/skbty.com\/pt\/wp-json\/wp\/v2\/product_cat?post=2247"},{"taxonomy":"product_tag","embeddable":true,"href":"https:\/\/skbty.com\/pt\/wp-json\/wp\/v2\/product_tag?post=2247"}],"curies":[{"name":"Wp","href":"https:\/\/api.w.org\/{rel}","templated":true}]}}