{"id":2255,"date":"2024-01-04T10:26:26","date_gmt":"2024-01-04T02:26:26","guid":{"rendered":"https:\/\/skbty.com\/?post_type=product&#038;p=2255"},"modified":"2024-06-21T13:43:34","modified_gmt":"2024-06-21T05:43:34","slug":"maquina-de-terapia-por-ondas-de-choque-2","status":"publish","type":"product","link":"https:\/\/skbty.com\/pt\/product\/maquina-de-terapia-por-ondas-de-choque-2\/","title":{"rendered":"M\u00e1quina de terapia por ondas de choque"},"content":{"rendered":"<div class=\"J_module\">\n<div class=\"detail-decorate-json-renderer-container\">\n<div class=\"magic-2\">\n<h3 class=\"magic-3\"><span class=\"magic-5\" data-spm-anchor-id=\"a2700.details.0.i82.7edd1dbaa0NNx7\">O que \u00e9 a m\u00e1quina de terapia por ondas de choque?<\/span><\/h3>\n<div class=\"magic-7\">\n<div class=\"magic-8\">\n<div>A Shock Wave Therapy Machine \u00e9 um dispositivo de massagem fisioterap\u00eautica vers\u00e1til amplamente utilizado em ortopedia, medicina esportiva, urologia, medicina veterin\u00e1ria e outros campos. Ela oferece al\u00edvio r\u00e1pido da dor e recupera\u00e7\u00e3o de mobilidade aprimorada sem a necessidade de cirurgia ou analg\u00e9sicos, tornando-a ideal para tratar dores agudas e cr\u00f4nicas.<\/div>\n<div><\/div>\n<div class=\"magic-9\"><span class=\"magic-10\" style=\"font-family: Arial;\">Uma onda de choque \u00e9 uma onda de press\u00e3o \u2013 qualquer coisa que mova o meio ao redor dela \u00e9 uma onda de choque. Quando uma pedra \u00e9 jogada em um lago, as ondula\u00e7\u00f5es criadas s\u00e3o chamadas de ondas de choque. A onda de choque usada na medicina equina \u00e9 gerada em um meio fluido dentro da cabe\u00e7a do transdutor e ent\u00e3o viaja facilmente atrav\u00e9s da pele, gordura e m\u00fasculo. Ondas de alta energia s\u00e3o concentradas dentro da cabe\u00e7a do transdutor para que a onda de choque possa ser direcionada para a \u00e1rea precisa da les\u00e3o. Quando uma onda de choque atinge uma \u00e1rea com alta imped\u00e2ncia ac\u00fastica, como osso, a onda de choque desacelera drasticamente e uma grande quantidade de energia \u00e9 liberada no tecido circundante.<\/span><\/div>\n<\/div>\n<\/div>\n<\/div>\n<\/div>\n<\/div>\n<div class=\"J_module\">\n<div class=\"ife-detail-decorate-table\">\n<table style=\"border-color: #f3f3f3;\" border=\"1\" cellspacing=\"0\" cellpadding=\"0\">\n<tbody>\n<tr>\n<td colspan=\"1\" rowspan=\"1\">\n<div>Nome<\/div>\n<\/td>\n<td colspan=\"1\" rowspan=\"1\">\n<div>M\u00e1quina de terapia por ondas de choque<\/div>\n<\/td>\n<\/tr>\n<tr>\n<td colspan=\"1\" rowspan=\"1\">\n<div class=\"magic-12\"><span class=\"magic-10\" style=\"font-family: Arial;\">Tipo<\/span><\/div>\n<\/td>\n<td colspan=\"1\" rowspan=\"1\">\n<div class=\"magic-13\"><span class=\"magic-10\" style=\"font-family: Arial;\">PORT\u00c1TIL<\/span><\/div>\n<\/td>\n<\/tr>\n<tr>\n<td colspan=\"1\" rowspan=\"1\">\n<div class=\"magic-12\"><span class=\"magic-10\" style=\"font-family: Arial;\">Servi\u00e7o OEM<\/span><\/div>\n<\/td>\n<td colspan=\"1\" rowspan=\"1\">\n<div class=\"magic-13\"><span class=\"magic-10\" style=\"font-family: Arial;\">Apoiar<\/span><\/div>\n<\/td>\n<\/tr>\n<tr>\n<td colspan=\"1\" rowspan=\"1\">\n<div class=\"magic-12\"><span class=\"magic-10\" style=\"font-family: Arial;\">Cabe\u00e7a de choque<\/span><\/div>\n<\/td>\n<td colspan=\"1\" rowspan=\"1\">\n<div class=\"magic-13\"><span class=\"magic-10\" style=\"font-family: Arial;\">7 cabe\u00e7a de choque\u00a0<\/span><\/div>\n<\/td>\n<\/tr>\n<tr>\n<td colspan=\"1\" rowspan=\"1\">\n<div class=\"magic-12\"><span class=\"magic-10\" style=\"font-family: Arial;\">Tens\u00e3o de entrada<\/span><\/div>\n<\/td>\n<td colspan=\"1\" rowspan=\"1\">\n<div class=\"magic-13\"><span class=\"magic-10\" style=\"font-family: Arial;\">CA 100 V-230 V\/50-60 Hz<\/span><\/div>\n<\/td>\n<\/tr>\n<tr>\n<td colspan=\"1\" rowspan=\"1\">\n<div class=\"magic-12\"><span class=\"magic-10\" style=\"font-family: Arial;\">Freq\u00fc\u00eancia<\/span><\/div>\n<\/td>\n<td colspan=\"1\" rowspan=\"1\">\n<div class=\"magic-13\"><span class=\"magic-10\" style=\"font-family: Arial;\">1 \u2013 16 Hz<\/span><\/div>\n<\/td>\n<\/tr>\n<tr>\n<td colspan=\"1\" rowspan=\"1\">\n<div class=\"magic-12\"><span class=\"magic-10\" style=\"font-family: Arial;\">Poder<\/span><\/div>\n<\/td>\n<td colspan=\"1\" rowspan=\"1\">\n<div class=\"magic-13\"><span class=\"magic-10\" style=\"font-family: Arial;\">350 W<\/span><\/div>\n<\/td>\n<\/tr>\n<tr>\n<td colspan=\"1\" rowspan=\"1\">\n<div class=\"magic-14\"><span class=\"magic-10\" style=\"font-family: Arial;\">Imperme\u00e1vel<\/span><\/div>\n<\/td>\n<td colspan=\"1\" rowspan=\"1\">\n<div class=\"magic-15\"><span class=\"magic-10\" style=\"font-family: Arial;\">N\u00c3O<\/span><\/div>\n<\/td>\n<\/tr>\n<tr>\n<td colspan=\"1\" rowspan=\"1\">\n<div class=\"magic-14\"><span class=\"magic-10\" style=\"font-family: Arial;\">Material<\/span><\/div>\n<\/td>\n<td colspan=\"1\" rowspan=\"1\">\n<div class=\"magic-15\"><span class=\"magic-10\" style=\"font-family: Arial;\">ABS, Alum\u00ednio<\/span><\/div>\n<\/td>\n<\/tr>\n<\/tbody>\n<\/table>\n<\/div>\n<\/div>\n<div class=\"J_module\">\n<div class=\"detail-decorate-json-renderer-container\">\n<div class=\"magic-2\">\n<h3 class=\"magic-3\"><span class=\"magic-5\">Princ\u00edpio de trabalho<\/span><\/h3>\n<div class=\"magic-7\">\n<div class=\"magic-8\">\n<div class=\"magic-9\">\n<div><span class=\"magic-10\" style=\"font-family: Arial;\">Por meio da aplica\u00e7\u00e3o direcionada de ondas de choque, a press\u00e3o sobre os tecidos circundantes \u00e9 bastante pequena e o corpo n\u00e3o \u00e9 sobrecarregado pelo medicamento, exceto pelos efeitos de curto prazo se for usada anestesia local; Prevenindo a possibilidade de interven\u00e7\u00e3o cir\u00fargica e seus riscos associados; Para algumas indica\u00e7\u00f5es, como cotovelo de tenista. N\u00e3o h\u00e1 realmente nenhum outro tratamento eficaz<\/span><\/div>\n<\/div>\n<\/div>\n<\/div>\n<\/div>\n<\/div>\n<\/div>\n<div class=\"J_module\">\n<div class=\"detail-decorate-json-renderer-container\">\n<div class=\"magic-2\">\n<h3 class=\"magic-3\"><span class=\"magic-5\">Fun\u00e7\u00f5es<\/span><\/h3>\n<div class=\"magic-7\">\n<div class=\"magic-8\">\n<div class=\"magic-9\"><span class=\"magic-10\">1\uff09A fisioterapia alivia a dor <\/span><\/div>\n<div class=\"magic-9\"><span class=\"magic-10\">2\uff09Massagem de corpo inteiro <\/span><\/div>\n<div class=\"magic-9\"><span class=\"magic-10\">3\uff09Relaxantes musculares para aliviar a fadiga <\/span><\/div>\n<div class=\"magic-9\"><span class=\"magic-10\">4\uff09Tratamento profissional de DE<\/span><\/div>\n<\/div>\n<\/div>\n<\/div>\n<\/div>\n<\/div>\n<div class=\"J_module\">\n<div class=\"icbu-pc-images magic-16\">\n<div>\n<div class=\"flex-layout-v\">\n<div class=\"flex-layout-h magic-16\">\n<div class=\"magic-17\"><img loading=\"lazy\" decoding=\"async\" class=\"magic-18 aligncenter\" title=\"M\u00e1quina de terapia por ondas de choque\" src=\"https:\/\/sc04.alicdn.com\/kf\/Hc99b5e9c57e34cea86ed764c118bb322f\/247315878\/Hc99b5e9c57e34cea86ed764c118bb322f.png\" alt=\"M\u00e1quina de terapia por ondas de choque\" width=\"513\" height=\"393\" data-src=\"\/\/sc04.alicdn.com\/kf\/Hc99b5e9c57e34cea86ed764c118bb322f\/247315878\/Hc99b5e9c57e34cea86ed764c118bb322f.png\" \/><\/div>\n<\/div>\n<\/div>\n<\/div>\n<\/div>\n<\/div>\n<div class=\"J_module\">\n<div class=\"detail-decorate-json-renderer-container\">\n<div class=\"magic-2\">\n<h3 class=\"magic-3\"><span class=\"magic-5\">Aplica\u00e7\u00f5es<\/span><\/h3>\n<div class=\"magic-7\">\n<div class=\"magic-8\">\n<div class=\"magic-9\">\n<p>1) Al\u00edvio da dor<br \/>\n2\uff09Recupera\u00e7\u00e3o de liquidez<br \/>\n3\uff09Cura acelerada<br \/>\n4\uff09Tratamento de DE<\/p>\n<\/div>\n<\/div>\n<\/div>\n<\/div>\n<\/div>\n<\/div>\n<div class=\"J_module\">\n<div class=\"detail-decorate-json-renderer-container\">\n<div class=\"magic-2\">\n<h3 class=\"magic-3\"><span class=\"magic-5\">Vantagens<\/span><\/h3>\n<div class=\"magic-7\">\n<div class=\"magic-8\">\n<div class=\"magic-9\"><span class=\"magic-10\" style=\"font-family: Arial;\">1. Recursos ricos Alivia dores musculares e melhora a circula\u00e7\u00e3o sangu\u00ednea. Equipado com uma variedade de cabe\u00e7as conversoras de sa\u00edda, flex\u00edveis para se adaptar a diferentes partes do corpo.<\/span><\/div>\n<div class=\"magic-9\"><span class=\"magic-10\" style=\"font-family: Arial;\"> 2. Leve e f\u00e1cil de transportar Leve e pr\u00e1tico, adequado para uso familiar, em centros de reabilita\u00e7\u00e3o, cl\u00ednicas e centros de sa\u00fade. <\/span><\/div>\n<div class=\"magic-9\"><span class=\"magic-10\" style=\"font-family: Arial;\">3. Benef\u00edcios econ\u00f4micos.<\/span><\/div>\n<\/div>\n<\/div>\n<\/div>\n<\/div>\n<\/div>\n<div class=\"J_module\">\n<div class=\"icbu-pc-images magic-16\">\n<div>\n<div class=\"flex-layout-v\">\n<div class=\"flex-layout-h magic-16\">\n<div class=\"magic-19\"><img loading=\"lazy\" decoding=\"async\" class=\"magic-20 aligncenter\" title=\"M\u00e1quina de terapia por ondas de choque\" src=\"https:\/\/sc04.alicdn.com\/kf\/Hddfc25d27dbd4f47930e1df40f5aacacC\/247315878\/Hddfc25d27dbd4f47930e1df40f5aacacC.jpg\" alt=\"M\u00e1quina de terapia por ondas de choque\" width=\"546\" height=\"451\" data-src=\"\/\/sc04.alicdn.com\/kf\/Hddfc25d27dbd4f47930e1df40f5aacacC\/247315878\/Hddfc25d27dbd4f47930e1df40f5aacacC.jpg\" \/><\/div>\n<\/div>\n<\/div>\n<\/div>\n<\/div>\n<\/div>\n<div class=\"J_module\">\n<div class=\"detail-decorate-json-renderer-container\">\n<div class=\"magic-2\">\n<h3 class=\"magic-3\"><span class=\"magic-21\">Efeitos<\/span><\/h3>\n<div class=\"magic-7\">\n<div class=\"magic-8\">\n<div class=\"magic-9\"><span class=\"magic-10\" style=\"font-family: Arial;\">Celular: Aumento da transmit\u00e2ncia da membrana celular por meio da melhora da atividade dos canais i\u00f4nicos, estimula\u00e7\u00e3o da divis\u00e3o celular, estimula\u00e7\u00e3o da produ\u00e7\u00e3o de citocinas celulares. Reprodu\u00e7\u00e3o de vasos na \u00e1rea de tend\u00f5es e m\u00fasculos: Melhoria da circula\u00e7\u00e3o sangu\u00ednea, aumento da concentra\u00e7\u00e3o do fator de crescimento beta 1, efeito quimiot\u00e1tico e mitog\u00eanico nos osteoblastos. Efeito no sistema de \u00f3xido de nitrog\u00eanio: Cicatriza\u00e7\u00e3o e remodela\u00e7\u00e3o \u00f3ssea. Melhoria da macrocircula\u00e7\u00e3o e do metabolismo. Dissolu\u00e7\u00e3o de fibroblastos calcificados. Suporta a produ\u00e7\u00e3o de col\u00e1geno. Redu\u00e7\u00e3o da tens\u00e3o tecidual. Efeito analg\u00e9sico.<\/span><\/div>\n<\/div>\n<\/div>\n<\/div>\n<\/div>\n<\/div>\n<div class=\"J_module\">\n<div class=\"icbu-pc-images magic-16\">\n<div>\n<div class=\"flex-layout-v\">\n<div class=\"flex-layout-h magic-16\">\n<div class=\"magic-22\"><img loading=\"lazy\" decoding=\"async\" class=\"magic-23 aligncenter\" title=\"M\u00e1quina de terapia por ondas de choque\" src=\"https:\/\/sc04.alicdn.com\/kf\/H7bc652bfa81f4218b05987f8fed645e5z\/247315878\/H7bc652bfa81f4218b05987f8fed645e5z.png\" alt=\"M\u00e1quina de terapia por ondas de choque\" width=\"543\" height=\"405\" data-src=\"\/\/sc04.alicdn.com\/kf\/H7bc652bfa81f4218b05987f8fed645e5z\/247315878\/H7bc652bfa81f4218b05987f8fed645e5z.png\" \/><\/div>\n<\/div>\n<\/div>\n<\/div>\n<\/div>\n<\/div>\n<div class=\"J_module\">\n<div class=\"icbu-pc-images magic-16\">\n<div>\n<div class=\"flex-layout-v\">\n<div class=\"flex-layout-h magic-16\">\n<div class=\"magic-24\"><img loading=\"lazy\" decoding=\"async\" class=\"magic-25 aligncenter\" title=\"M\u00e1quina de terapia por ondas de choque\" src=\"https:\/\/sc04.alicdn.com\/kf\/Ha5f7f100cf5045faaf70928dfed338d6M\/247315878\/Ha5f7f100cf5045faaf70928dfed338d6M.png\" alt=\"M\u00e1quina de terapia por ondas de choque\" width=\"522\" height=\"382\" data-src=\"\/\/sc04.alicdn.com\/kf\/Ha5f7f100cf5045faaf70928dfed338d6M\/247315878\/Ha5f7f100cf5045faaf70928dfed338d6M.png\" \/><\/div>\n<div>\n<h3><strong>Personalizar O Logotipo<\/strong><\/h3>\n<p>Quer fazer sua marca se destacam? N\u00f3s oferecemos o logotipo personalizado servi\u00e7os para ajudar voc\u00ea a criar uma \u00fanica e personalizada logo que reflete a identidade de sua marca. Nossa equipe de especialistas ir\u00e1 trabalhar em estreita colabora\u00e7\u00e3o com voc\u00ea para criar um logotipo que est\u00e1 em conson\u00e2ncia com os valores da sua marca e de mensagens. Se voc\u00ea estiver olhando para renovar o seu logotipo existente ou criar um novo a partir do zero, n\u00f3s temos que cobertas. <a href=\"\/pt\/contato\/\">Contacte-nos<\/a> hoje para saber mais sobre o nosso logotipo personalizado servi\u00e7os!<\/p>\n<\/div>\n<\/div>\n<\/div>\n<\/div>\n<\/div>\n<\/div>","protected":false},"excerpt":{"rendered":"<p><span class=\"magic-10\" style=\"font-family: Arial;\">Uma onda de choque \u00e9 uma onda de press\u00e3o \u2013 qualquer coisa que mova o meio ao redor dela \u00e9 uma onda de choque. Quando uma pedra \u00e9 jogada em um lago, as ondula\u00e7\u00f5es criadas s\u00e3o chamadas de ondas de choque. A onda de choque usada na medicina equina \u00e9 gerada em um meio fluido dentro da cabe\u00e7a do transdutor e ent\u00e3o viaja facilmente atrav\u00e9s da pele, gordura e m\u00fasculo. Ondas de alta energia s\u00e3o concentradas dentro da cabe\u00e7a do transdutor para que a onda de choque possa ser direcionada para a \u00e1rea precisa da les\u00e3o. Quando uma onda de choque atinge uma \u00e1rea com alta imped\u00e2ncia ac\u00fastica, como osso, a onda de choque desacelera drasticamente e uma grande quantidade de energia \u00e9 liberada no tecido circundante.<\/span><\/p>","protected":false},"featured_media":2256,"comment_status":"open","ping_status":"closed","template":"","meta":{"_kad_post_transparent":"default","_kad_post_title":"","_kad_post_layout":"default","_kad_post_sidebar_id":"","_kad_post_content_style":"default","_kad_post_vertical_padding":"default","_kad_post_feature":"","_kad_post_feature_position":"","_kad_post_header":false,"_kad_post_footer":false,"_kad_post_classname":"","rank_math_title":"","rank_math_description":"","rank_math_focus_keyword":""},"product_brand":[],"product_cat":[65],"product_tag":[],"class_list":{"0":"post-2255","1":"product","2":"type-product","3":"status-publish","4":"has-post-thumbnail","6":"product_cat-shock-wave","8":"first","9":"instock","10":"shipping-taxable","11":"product-type-simple","12":"entry","13":"content-bg","14":"loop-entry"},"_links":{"self":[{"href":"https:\/\/skbty.com\/pt\/wp-json\/wp\/v2\/product\/2255","targetHints":{"allow":["GET"]}}],"collection":[{"href":"https:\/\/skbty.com\/pt\/wp-json\/wp\/v2\/product"}],"about":[{"href":"https:\/\/skbty.com\/pt\/wp-json\/wp\/v2\/types\/product"}],"replies":[{"embeddable":true,"href":"https:\/\/skbty.com\/pt\/wp-json\/wp\/v2\/comments?post=2255"}],"wp:featuredmedia":[{"embeddable":true,"href":"https:\/\/skbty.com\/pt\/wp-json\/wp\/v2\/media\/2256"}],"wp:attachment":[{"href":"https:\/\/skbty.com\/pt\/wp-json\/wp\/v2\/media?parent=2255"}],"wp:term":[{"taxonomy":"product_brand","embeddable":true,"href":"https:\/\/skbty.com\/pt\/wp-json\/wp\/v2\/product_brand?post=2255"},{"taxonomy":"product_cat","embeddable":true,"href":"https:\/\/skbty.com\/pt\/wp-json\/wp\/v2\/product_cat?post=2255"},{"taxonomy":"product_tag","embeddable":true,"href":"https:\/\/skbty.com\/pt\/wp-json\/wp\/v2\/product_tag?post=2255"}],"curies":[{"name":"Wp","href":"https:\/\/api.w.org\/{rel}","templated":true}]}}