{"id":2263,"date":"2024-01-04T10:32:32","date_gmt":"2024-01-04T02:32:32","guid":{"rendered":"https:\/\/skbty.com\/?post_type=product&#038;p=2263"},"modified":"2024-06-21T12:12:46","modified_gmt":"2024-06-21T04:12:46","slug":"maquina-de-terapia-por-ondas-de-choque-3","status":"publish","type":"product","link":"https:\/\/skbty.com\/pt\/product\/maquina-de-terapia-por-ondas-de-choque-3\/","title":{"rendered":"M\u00e1quina de terapia por ondas de choque"},"content":{"rendered":"<div class=\"J_module\">\n<div class=\"detail-decorate-json-renderer-container\">\n<div class=\"magic-2\">\n<h3 class=\"magic-3\"><span class=\"magic-5\">M\u00e1quina de terapia por ondas de choque<\/span><\/h3>\n<div class=\"magic-7\">\n<div class=\"magic-8\">\n<div class=\"magic-9\"><span class=\"magic-10\" style=\"font-family: Arial;\">A m\u00e1quina de terapia por ondas de choque utiliza o princ\u00edpio bal\u00edstico da gera\u00e7\u00e3o de ondas de choque: usando ar comprimido acelerado para criar uma onda de press\u00e3o por meio de uma m\u00e1quina de ondas de choque. O ar comprimido \u00e9 produzido por um compressor de press\u00e3o bal\u00edstica controlado eletronicamente. Usando choque el\u00e1stico, a energia cin\u00e9tica da m\u00e1quina de ondas de choque \u00e9 transmitida para a sonda do dispositivo de tratamento e, em seguida, entra no corpo do cliente. Portanto, a ponta do aplicador final deve estar em contato direto com a pele e o tecido subcut\u00e2neo durante o tratamento. As ondas de choque atingem as \u00e1reas afetadas na raiz da dor cr\u00f4nica. O impacto da onda de choque causa a dissolu\u00e7\u00e3o dos dep\u00f3sitos de c\u00e1lcio e leva a uma melhor vasculariza\u00e7\u00e3o. O efeito posterior \u00e9 o al\u00edvio da dor.<\/span><\/div>\n<\/div>\n<\/div>\n<\/div>\n<\/div>\n<\/div>\n<div class=\"J_module\">\n<div class=\"ife-detail-decorate-table\">\n<table style=\"border-color: #f3f3f3;\" border=\"1\" cellspacing=\"0\" cellpadding=\"0\">\n<tbody>\n<tr>\n<td colspan=\"1\" rowspan=\"1\">\n<div class=\"magic-12\"><span class=\"magic-10\" style=\"font-family: Arial;\">Nome<\/span><\/div>\n<\/td>\n<td colspan=\"1\" rowspan=\"1\">\n<div class=\"magic-13\"><span class=\"magic-10\" style=\"font-family: Arial;\">M\u00e1quina de terapia por ondas de choque<\/span><\/div>\n<\/td>\n<\/tr>\n<tr>\n<td colspan=\"1\" rowspan=\"1\">\n<div class=\"magic-12\"><span class=\"magic-10\" style=\"font-family: Arial;\">Modo de opera\u00e7\u00e3o<\/span><\/div>\n<\/td>\n<td colspan=\"1\" rowspan=\"1\">\n<div class=\"magic-13\"><span class=\"magic-10\" style=\"font-family: Arial;\">Pulsos cont\u00ednuos 4\/8\/16<\/span><\/div>\n<\/td>\n<\/tr>\n<tr>\n<td colspan=\"1\" rowspan=\"1\">\n<div class=\"magic-12\"><span class=\"magic-10\" style=\"font-family: Arial;\">N\u00edveis de pot\u00eancia \/ Energia<\/span><\/div>\n<\/td>\n<td colspan=\"1\" rowspan=\"1\">\n<div class=\"magic-13\"><span class=\"magic-10\" style=\"font-family: Arial;\">60 a 185 mJ (equivalente a 1-3 bar)<\/span><\/div>\n<\/td>\n<\/tr>\n<tr>\n<td colspan=\"1\" rowspan=\"1\">\n<div class=\"magic-12\"><span class=\"magic-10\" style=\"font-family: Arial;\">Tens\u00e3o de entrada<\/span><\/div>\n<\/td>\n<td colspan=\"1\" rowspan=\"1\">\n<div class=\"magic-13\"><span class=\"magic-10\" style=\"font-family: Arial;\">CA 100 V-230 V\/50-60 Hz<\/span><\/div>\n<\/td>\n<\/tr>\n<tr>\n<td colspan=\"1\" rowspan=\"1\">\n<div class=\"magic-12\"><span class=\"magic-10\" style=\"font-family: Arial;\">Freq\u00fc\u00eancia<\/span><\/div>\n<\/td>\n<td colspan=\"1\" rowspan=\"1\">\n<div class=\"magic-13\"><span class=\"magic-10\" style=\"font-family: Arial;\">1 \u2013 16 Hz<\/span><\/div>\n<\/td>\n<\/tr>\n<tr>\n<td colspan=\"1\" rowspan=\"1\">\n<div class=\"magic-12\"><span class=\"magic-10\" style=\"font-family: Arial;\">Poder<\/span><\/div>\n<\/td>\n<td colspan=\"1\" rowspan=\"1\">\n<div class=\"magic-13\"><span class=\"magic-10\" style=\"font-family: Arial;\">500VA(350W)<\/span><\/div>\n<\/td>\n<\/tr>\n<tr>\n<td colspan=\"1\" rowspan=\"1\">\n<div class=\"magic-14\"><span class=\"magic-10\" style=\"font-family: Arial;\">Fonte de energia<\/span><\/div>\n<\/td>\n<td colspan=\"1\" rowspan=\"1\">\n<div class=\"magic-15\"><span class=\"magic-10\" style=\"font-family: Arial;\">CA 100 V-110 V\/CA 220 V-230 V, 50 Hz\/60 Hz<\/span><\/div>\n<\/td>\n<\/tr>\n<\/tbody>\n<\/table>\n<\/div>\n<\/div>\n<div><\/div>\n<div><\/div>\n<div class=\"J_module\">\n<div class=\"icbu-pc-images magic-16\">\n<div>\n<div class=\"flex-layout-v\">\n<div class=\"flex-layout-h magic-16\">\n<div class=\"magic-17\"><img loading=\"lazy\" decoding=\"async\" class=\"magic-18 aligncenter\" title=\"M\u00e1quina de terapia por ondas de choque\" src=\"https:\/\/sc04.alicdn.com\/kf\/H91563583a425465b824a93689d14eecel\/247315878\/H91563583a425465b824a93689d14eecel.png\" alt=\"M\u00e1quina de terapia por ondas de choque\" width=\"582\" height=\"493\" data-src=\"\/\/sc04.alicdn.com\/kf\/H91563583a425465b824a93689d14eecel\/247315878\/H91563583a425465b824a93689d14eecel.png\" \/><\/div>\n<\/div>\n<\/div>\n<\/div>\n<\/div>\n<\/div>\n<div class=\"J_module\">\n<div class=\"detail-decorate-json-renderer-container\">\n<div class=\"magic-2\">\n<h3 class=\"magic-3\"><span class=\"magic-5\">Princ\u00edpio de trabalho<\/span><\/h3>\n<div class=\"magic-7\">\n<div class=\"magic-8\">\n<div class=\"magic-9\">\n<div><span class=\"magic-10\" style=\"font-family: Arial;\">Adotando as caracter\u00edsticas da terapia por ondas de choque SW10, a frequ\u00eancia \u00e9 de 1-16 Hz, podendo atingir 8 cm abaixo da pele, atua no peri\u00f3steo para gerar calor, e a temperatura instant\u00e2nea atinge 43 \u00b0C, melhorando a circula\u00e7\u00e3o sangu\u00ednea.<\/span><\/div>\n<\/div>\n<\/div>\n<\/div>\n<\/div>\n<\/div>\n<\/div>\n<div class=\"J_module\">\n<div class=\"icbu-pc-images magic-16\">\n<div>\n<div class=\"flex-layout-v\">\n<div class=\"flex-layout-h magic-16\">\n<div class=\"magic-19\"><img loading=\"lazy\" decoding=\"async\" class=\"magic-20 aligncenter\" title=\"M\u00e1quina de terapia por ondas de choque\" src=\"https:\/\/sc04.alicdn.com\/kf\/Hbcf11c300ed54ecb9abbdce10822cfe0l\/247315878\/Hbcf11c300ed54ecb9abbdce10822cfe0l.png\" alt=\"M\u00e1quina de terapia por ondas de choque\" width=\"578\" height=\"356\" data-src=\"\/\/sc04.alicdn.com\/kf\/Hbcf11c300ed54ecb9abbdce10822cfe0l\/247315878\/Hbcf11c300ed54ecb9abbdce10822cfe0l.png\" \/><\/div>\n<\/div>\n<\/div>\n<\/div>\n<\/div>\n<\/div>\n<div class=\"J_module\">\n<div class=\"detail-decorate-json-renderer-container\">\n<div class=\"magic-2\">\n<h3 class=\"magic-3\"><span class=\"magic-5\">Vantagens<\/span><\/h3>\n<div class=\"magic-7\">\n<div class=\"magic-8\">\n<div class=\"magic-9\"><span class=\"magic-10\" style=\"font-family: Arial;\">1\uff09 Sem anestesia, sem trauma, sem medicamentos, sem cirurgia <\/span><\/div>\n<div class=\"magic-9\"><span class=\"magic-10\" style=\"font-family: Arial;\">2\uff09 Resultados cl\u00ednicos comprovados. Adequado para outras aplica\u00e7\u00f5es urol\u00f3gicas <\/span><\/div>\n<div class=\"magic-9\"><span class=\"magic-10\" style=\"font-family: Arial;\">3\uff09 Tratamento eficaz dos sintomas de DE. <\/span><\/div>\n<div class=\"magic-9\"><span class=\"magic-10\" style=\"font-family: Arial;\">4\uff09Repara o tecido peniano danificado. <\/span><\/div>\n<div class=\"magic-9\"><span class=\"magic-10\" style=\"font-family: Arial;\">5\uff09 Tratamento r\u00e1pido \u2013 15 minutos de cada vez, s\u00e3o necess\u00e1rios 3-4 tratamentos <\/span><\/div>\n<div class=\"magic-9\"><span class=\"magic-10\" style=\"font-family: Arial;\">6\uff09 Reduzir potenciais complica\u00e7\u00f5es <\/span><\/div>\n<div class=\"magic-9\"><span class=\"magic-10\" style=\"font-family: Arial;\">7\uff09O efeito cl\u00ednico foi significativo 6-8 semanas ap\u00f3s o tratamento<\/span><\/div>\n<\/div>\n<\/div>\n<\/div>\n<\/div>\n<\/div>\n<div class=\"J_module\">\n<div class=\"icbu-pc-images magic-16\">\n<div>\n<div class=\"flex-layout-v\">\n<div class=\"flex-layout-h magic-16\">\n<div class=\"magic-21\"><img loading=\"lazy\" decoding=\"async\" class=\"magic-22 aligncenter\" title=\"M\u00e1quina de terapia por ondas de choque\" src=\"https:\/\/sc04.alicdn.com\/kf\/H47a99e5a16924074a73cf8078ddffff6p\/247315878\/H47a99e5a16924074a73cf8078ddffff6p.png\" alt=\"M\u00e1quina de terapia por ondas de choque\" width=\"597\" height=\"454\" data-src=\"\/\/sc04.alicdn.com\/kf\/H47a99e5a16924074a73cf8078ddffff6p\/247315878\/H47a99e5a16924074a73cf8078ddffff6p.png\" \/><\/div>\n<\/div>\n<\/div>\n<\/div>\n<\/div>\n<\/div>\n<div class=\"J_module\">\n<div class=\"detail-decorate-json-renderer-container\">\n<div class=\"magic-2\">\n<h3 class=\"magic-3\"><span class=\"magic-23\">Efeitos<\/span><\/h3>\n<div class=\"magic-7\">\n<div class=\"magic-8\">\n<div class=\"magic-9\"><span class=\"magic-10\" style=\"font-family: Arial;\">Imagine o vermelho como uma \u00e1rea de energia que causa dano. Essa \u00e1rea vai da parte inferior do amortecedor at\u00e9 o topo, formando um pilar que destr\u00f3i tudo em seu caminho. A onda de choque extracorp\u00f3rea SW10 ao redor deste poste \u00e9 a \u00e1rea de menos energia, mostrada em verde, dosada para produzir cura. H\u00e1 tamb\u00e9m uma \u00e1rea (mostrada em azul) que tem muito menos energia e \u00e9 capaz de reduzir a dor. H\u00e1 tamb\u00e9m uma \u00e1rea onde a for\u00e7a da onda diminui acima da \u00e1rea danificada (a energia n\u00e3o pode durar para sempre), o que por sua vez cria um efeito de cura ou al\u00edvio da dor. A coisa a lembrar \u00e9 que os efeitos ocorrem de altos n\u00edveis de energia para baixos n\u00edveis de energia, ou seja, altos n\u00edveis de energia = dano + cura + al\u00edvio da dor.<\/span><\/div>\n<\/div>\n<\/div>\n<\/div>\n<\/div>\n<\/div>\n<div class=\"J_module\">\n<div class=\"icbu-pc-images magic-16\">\n<div>\n<div class=\"flex-layout-v\">\n<div class=\"flex-layout-h magic-16\">\n<div class=\"magic-24\"><img loading=\"lazy\" decoding=\"async\" class=\"magic-25 aligncenter\" title=\"M\u00e1quina de terapia por ondas de choque\" src=\"https:\/\/sc04.alicdn.com\/kf\/H092f105b1333409ca514771a38b62501e\/247315878\/H092f105b1333409ca514771a38b62501e.png\" alt=\"M\u00e1quina de terapia por ondas de choque\" width=\"592\" height=\"516\" data-src=\"\/\/sc04.alicdn.com\/kf\/H092f105b1333409ca514771a38b62501e\/247315878\/H092f105b1333409ca514771a38b62501e.png\" \/><\/div>\n<div>\n<h3><strong>Personalizar O Logotipo<\/strong><\/h3>\n<p>Quer fazer sua marca se destacam? N\u00f3s oferecemos o logotipo personalizado servi\u00e7os para ajudar voc\u00ea a criar uma \u00fanica e personalizada logo que reflete a identidade de sua marca. Nossa equipe de especialistas ir\u00e1 trabalhar em estreita colabora\u00e7\u00e3o com voc\u00ea para criar um logotipo que est\u00e1 em conson\u00e2ncia com os valores da sua marca e de mensagens. Se voc\u00ea estiver olhando para renovar o seu logotipo existente ou criar um novo a partir do zero, n\u00f3s temos que cobertas. <a href=\"\/pt\/contato\/\">Contacte-nos<\/a> hoje para saber mais sobre o nosso logotipo personalizado servi\u00e7os!<\/p>\n<\/div>\n<\/div>\n<\/div>\n<\/div>\n<\/div>\n<\/div>","protected":false},"excerpt":{"rendered":"<p><span class=\"magic-10\" style=\"font-family: Arial;\">Os sistemas de ondas de choque utilizam o princ\u00edpio bal\u00edstico da gera\u00e7\u00e3o de ondas de choque: usando ar comprimido acelerado para criar uma onda de press\u00e3o por meio de uma m\u00e1quina de ondas de choque. O ar comprimido \u00e9 produzido por um compressor de press\u00e3o bal\u00edstica controlado eletronicamente. Usando choque el\u00e1stico, a energia cin\u00e9tica da m\u00e1quina de ondas de choque \u00e9 transmitida para a sonda do dispositivo de tratamento e, em seguida, entra no corpo do cliente. Portanto, a ponta do aplicador final deve estar em contato direto com a pele e o tecido subcut\u00e2neo durante o tratamento. As ondas de choque atingem as \u00e1reas afetadas na raiz da dor cr\u00f4nica. O impacto da onda de choque causa a dissolu\u00e7\u00e3o dos dep\u00f3sitos de c\u00e1lcio e leva a uma melhor vasculariza\u00e7\u00e3o. O efeito posterior \u00e9 o al\u00edvio da dor.<\/span><\/p>","protected":false},"featured_media":2264,"comment_status":"open","ping_status":"closed","template":"","meta":{"_kad_post_transparent":"default","_kad_post_title":"","_kad_post_layout":"default","_kad_post_sidebar_id":"","_kad_post_content_style":"default","_kad_post_vertical_padding":"default","_kad_post_feature":"","_kad_post_feature_position":"","_kad_post_header":false,"_kad_post_footer":false,"_kad_post_classname":"","rank_math_title":"","rank_math_description":"","rank_math_focus_keyword":""},"product_brand":[],"product_cat":[65],"product_tag":[],"class_list":{"0":"post-2263","1":"product","2":"type-product","3":"status-publish","4":"has-post-thumbnail","6":"product_cat-shock-wave","8":"first","9":"instock","10":"shipping-taxable","11":"product-type-simple","12":"entry","13":"content-bg","14":"loop-entry"},"_links":{"self":[{"href":"https:\/\/skbty.com\/pt\/wp-json\/wp\/v2\/product\/2263","targetHints":{"allow":["GET"]}}],"collection":[{"href":"https:\/\/skbty.com\/pt\/wp-json\/wp\/v2\/product"}],"about":[{"href":"https:\/\/skbty.com\/pt\/wp-json\/wp\/v2\/types\/product"}],"replies":[{"embeddable":true,"href":"https:\/\/skbty.com\/pt\/wp-json\/wp\/v2\/comments?post=2263"}],"wp:featuredmedia":[{"embeddable":true,"href":"https:\/\/skbty.com\/pt\/wp-json\/wp\/v2\/media\/2264"}],"wp:attachment":[{"href":"https:\/\/skbty.com\/pt\/wp-json\/wp\/v2\/media?parent=2263"}],"wp:term":[{"taxonomy":"product_brand","embeddable":true,"href":"https:\/\/skbty.com\/pt\/wp-json\/wp\/v2\/product_brand?post=2263"},{"taxonomy":"product_cat","embeddable":true,"href":"https:\/\/skbty.com\/pt\/wp-json\/wp\/v2\/product_cat?post=2263"},{"taxonomy":"product_tag","embeddable":true,"href":"https:\/\/skbty.com\/pt\/wp-json\/wp\/v2\/product_tag?post=2263"}],"curies":[{"name":"Wp","href":"https:\/\/api.w.org\/{rel}","templated":true}]}}