{"id":2271,"date":"2024-01-04T10:39:35","date_gmt":"2024-01-04T02:39:35","guid":{"rendered":"https:\/\/skbty.com\/?post_type=product&#038;p=2271"},"modified":"2024-06-21T12:09:11","modified_gmt":"2024-06-21T04:09:11","slug":"maquina-de-terapia-por-ondas-de-choque-estilo-toque","status":"publish","type":"product","link":"https:\/\/skbty.com\/pt\/product\/maquina-de-terapia-por-ondas-de-choque-estilo-toque\/","title":{"rendered":"M\u00e1quina de terapia por ondas de choque (estilo touch)"},"content":{"rendered":"<div class=\"J_module\">\n<div class=\"detail-decorate-json-renderer-container\">\n<div class=\"magic-2\">\n<h3 class=\"magic-3\" data-spm-anchor-id=\"a2700.details.0.i78.1778fb5bm3TcRl\"><span class=\"magic-5\">M\u00e1quina de terapia por ondas de choque<\/span><\/h3>\n<div class=\"magic-7\">\n<div class=\"magic-8\">\n<div class=\"magic-9\"><span class=\"magic-10\" style=\"font-family: Arial;\">A m\u00e1quina de terapia por ondas de choque \u00e9 usada em ortopedia, fisioterapia, medicina esportiva, urologia, medicina veterin\u00e1ria e outros equipamentos multidisciplinares. Suas principais vantagens s\u00e3o o r\u00e1pido al\u00edvio da dor e a recupera\u00e7\u00e3o da mobilidade. Isso, somado ao fato de ser um tratamento n\u00e3o cir\u00fargico que n\u00e3o requer analg\u00e9sicos, o torna um tratamento ideal para acelerar a recupera\u00e7\u00e3o e tratar v\u00e1rios sinais de dor aguda ou cr\u00f4nica.<\/span><\/div>\n<\/div>\n<\/div>\n<\/div>\n<\/div>\n<\/div>\n<div class=\"J_module\">\n<div class=\"ife-detail-decorate-table\">\n<table style=\"border-color: #f3f3f3;\" border=\"1\" cellspacing=\"0\" cellpadding=\"0\">\n<tbody>\n<tr>\n<td colspan=\"1\" rowspan=\"1\">\n<div class=\"magic-12\"><span class=\"magic-10\" style=\"font-family: Arial;\">Nome<\/span><\/div>\n<\/td>\n<td colspan=\"1\" rowspan=\"1\">\n<div class=\"magic-13\"><span class=\"magic-10\" style=\"font-family: Arial;\">M\u00e1quina de terapia por ondas de choque<\/span><\/div>\n<\/td>\n<\/tr>\n<tr>\n<td colspan=\"1\" rowspan=\"1\">\n<div class=\"magic-12\"><span class=\"magic-10\" style=\"font-family: Arial;\">N\u00fameros de frequ\u00eancia de sa\u00edda<\/span><\/div>\n<\/td>\n<td colspan=\"1\" rowspan=\"1\">\n<div class=\"magic-13\"><span class=\"magic-10\" style=\"font-family: Arial;\">16<\/span><\/div>\n<\/td>\n<\/tr>\n<tr>\n<td colspan=\"1\" rowspan=\"1\">\n<div class=\"magic-12\"><span class=\"magic-10\" style=\"font-family: Arial;\">N\u00fameros de n\u00edvel de sa\u00edda<\/span><\/div>\n<\/td>\n<td colspan=\"1\" rowspan=\"1\">\n<div class=\"magic-13\"><span class=\"magic-10\" style=\"font-family: Arial;\">12<\/span><\/div>\n<\/td>\n<\/tr>\n<tr>\n<td colspan=\"1\" rowspan=\"1\">\n<div class=\"magic-12\"><span class=\"magic-10\" style=\"font-family: Arial;\">Tens\u00e3o de entrada<\/span><\/div>\n<\/td>\n<td colspan=\"1\" rowspan=\"1\">\n<div class=\"magic-13\"><span class=\"magic-10\" style=\"font-family: Arial;\">CA 110 V-CA 220 V<\/span><\/div>\n<\/td>\n<\/tr>\n<tr>\n<td colspan=\"1\" rowspan=\"1\">\n<div class=\"magic-12\"><span class=\"magic-10\" style=\"font-family: Arial;\">Freq\u00fc\u00eancia<\/span><\/div>\n<\/td>\n<td colspan=\"1\" rowspan=\"1\">\n<div class=\"magic-13\"><span class=\"magic-10\" style=\"font-family: Arial;\">50Hz\/60Hz<\/span><\/div>\n<\/td>\n<\/tr>\n<tr>\n<td colspan=\"1\" rowspan=\"1\">\n<div class=\"magic-12\"><span class=\"magic-10\" style=\"font-family: Arial;\">Poder<\/span><\/div>\n<\/td>\n<td colspan=\"1\" rowspan=\"1\">\n<div class=\"magic-13\"><span class=\"magic-10\" style=\"font-family: Arial;\">90 W M\u00c1X.<\/span><\/div>\n<\/td>\n<\/tr>\n<tr>\n<td colspan=\"1\" rowspan=\"1\">\n<div class=\"magic-14\">Atual<\/div>\n<\/td>\n<td colspan=\"1\" rowspan=\"1\">\n<div class=\"magic-15\"><span class=\"magic-10\" style=\"font-family: Arial;\">2A M\u00c1XIMO<\/span><\/div>\n<\/td>\n<\/tr>\n<\/tbody>\n<\/table>\n<\/div>\n<\/div>\n<div class=\"J_module\">\n<div class=\"detail-decorate-json-renderer-container\">\n<div class=\"magic-2\">\n<h3 class=\"magic-3\"><span class=\"magic-5\">Princ\u00edpio de trabalho<\/span><\/h3>\n<div class=\"magic-7\">\n<div class=\"magic-8\">\n<div class=\"magic-9\">\n<div><span class=\"magic-10\" style=\"font-family: Arial;\">A terapia por ondas de choque fornece uma onda de choque radial atrav\u00e9s da superf\u00edcie da pele at\u00e9 o tecido lesionado. Essa onda de choque inicia uma resposta semelhante \u00e0 inflama\u00e7\u00e3o no tecido lesionado e acelera o processo de cura ao regenerar os vasos sangu\u00edneos. Ela tamb\u00e9m fornece al\u00edvio da dor para o paciente.<\/span><\/div>\n<\/div>\n<\/div>\n<\/div>\n<\/div>\n<\/div>\n<\/div>\n<div class=\"J_module\">\n<div class=\"icbu-pc-images magic-16\">\n<div>\n<div class=\"flex-layout-v\">\n<div class=\"flex-layout-h magic-16\">\n<div class=\"magic-17\"><img loading=\"lazy\" decoding=\"async\" class=\"magic-18 aligncenter\" title=\"M\u00e1quina de terapia por ondas de choque\" src=\"https:\/\/sc04.alicdn.com\/kf\/H18a54888e92645aebece4acda80470eeZ\/247315878\/H18a54888e92645aebece4acda80470eeZ.png\" alt=\"M\u00e1quina de terapia por ondas de choque\" width=\"800\" height=\"516\" data-src=\"\/\/sc04.alicdn.com\/kf\/H18a54888e92645aebece4acda80470eeZ\/247315878\/H18a54888e92645aebece4acda80470eeZ.png\" \/><\/div>\n<\/div>\n<\/div>\n<\/div>\n<\/div>\n<\/div>\n<div class=\"J_module\">\n<div class=\"detail-decorate-json-renderer-container\">\n<div class=\"magic-2\">\n<h3 class=\"magic-3\"><span class=\"magic-19\">Fun\u00e7\u00f5es<\/span><\/h3>\n<div class=\"magic-7\">\n<div class=\"magic-8\">\n<div class=\"magic-9\"><span class=\"magic-10\" style=\"font-family: Arial;\">1\uff09Remodela\u00e7\u00e3o corporal <\/span><\/div>\n<div class=\"magic-9\"><span class=\"magic-10\" style=\"font-family: Arial;\">2\uff09Terapia de emagrecimento <\/span><\/div>\n<div class=\"magic-9\"><span class=\"magic-10\" style=\"font-family: Arial;\">3\uff09Tratamento de pele irregular ap\u00f3s lipoaspira\u00e7\u00e3o <\/span><\/div>\n<div class=\"magic-9\"><span class=\"magic-10\" style=\"font-family: Arial;\">4\uff09Melhora a elasticidade da pele <\/span><\/div>\n<div class=\"magic-9\"><span class=\"magic-10\" style=\"font-family: Arial;\">5\uff09O tecido conjuntivo aperta <\/span><\/div>\n<div class=\"magic-9\"><span class=\"magic-10\" style=\"font-family: Arial;\">6\uff09Remova cicatrizes e rugas <\/span><\/div>\n<div class=\"magic-9\"><span class=\"magic-10\" style=\"font-family: Arial;\">7\uff09Reduza estrias <\/span><\/div>\n<div class=\"magic-9\"><span class=\"magic-10\" style=\"font-family: Arial;\">8) Estimula\u00e7\u00e3o do sistema linf\u00e1tico <\/span><\/div>\n<div class=\"magic-9\"><span class=\"magic-10\" style=\"font-family: Arial;\">9\uff09Tratamento de DE<\/span><\/div>\n<\/div>\n<\/div>\n<\/div>\n<\/div>\n<\/div>\n<div class=\"J_module\">\n<div class=\"icbu-pc-images magic-16\">\n<div>\n<div class=\"flex-layout-v\">\n<div class=\"flex-layout-h magic-16\">\n<div class=\"magic-20\"><img loading=\"lazy\" decoding=\"async\" class=\"magic-21 aligncenter\" title=\"M\u00e1quina de terapia por ondas de choque\" src=\"https:\/\/sc04.alicdn.com\/kf\/H3191a7d3f105493786a3287d2aab6295F\/247315878\/H3191a7d3f105493786a3287d2aab6295F.png\" alt=\"M\u00e1quina de terapia por ondas de choque\" width=\"750\" height=\"454\" data-src=\"\/\/sc04.alicdn.com\/kf\/H3191a7d3f105493786a3287d2aab6295F\/247315878\/H3191a7d3f105493786a3287d2aab6295F.png\" \/><\/div>\n<\/div>\n<\/div>\n<\/div>\n<\/div>\n<\/div>\n<div class=\"J_module\">\n<div class=\"detail-decorate-json-renderer-container\">\n<div class=\"magic-2\">\n<h3 class=\"magic-3\"><span class=\"magic-5\">Vantagens<\/span><\/h3>\n<div class=\"magic-7\">\n<div class=\"magic-8\">\n<div class=\"magic-9\"><span class=\"magic-10\" style=\"font-family: Arial;\">1\uff09Design de engenharia humanizado, f\u00e1cil de configurar, f\u00e1cil de operar; <\/span><\/div>\n<div class=\"magic-9\"><span class=\"magic-10\" style=\"font-family: Arial;\">2\uff09Fonte de alimenta\u00e7\u00e3o importada para garantir efeito de sa\u00edda de impacto instant\u00e2neo; <\/span><\/div>\n<div class=\"magic-9\"><span class=\"magic-10\" style=\"font-family: Arial;\">3\uff09A sele\u00e7\u00e3o da press\u00e3o de surto e da frequ\u00eancia atende aos requisitos de processamento; <\/span><\/div>\n<div class=\"magic-9\"><span class=\"magic-10\" style=\"font-family: Arial;\">4\uff09Compressor de ar ultrassilencioso com caixa de coleta de acess\u00f3rios embutida; <\/span><\/div>\n<div class=\"magic-9\"><span class=\"magic-10\" style=\"font-family: Arial;\">5\uff09 Fornece uma variedade de transmissores profissionais; <\/span><\/div>\n<div class=\"magic-9\"><span class=\"magic-10\" style=\"font-family: Arial;\">6\uff09Alta efic\u00e1cia, al\u00edvio r\u00e1pido da dor. <\/span><\/div>\n<div class=\"magic-9\"><span class=\"magic-10\" style=\"font-family: Arial;\">7\uff09Sem cirurgia, a taxa de cura \u00e9 de 80~90%. <\/span><\/div>\n<div class=\"magic-9\"><span class=\"magic-10\" style=\"font-family: Arial;\">8) N\u00e3o invasivo, pr\u00e1tico e r\u00e1pido. <\/span><\/div>\n<div class=\"magic-9\"><span class=\"magic-10\" style=\"font-family: Arial;\">9) Amplamente utilizado em diferentes tratamentos de tecidos moles. <\/span><\/div>\n<div class=\"magic-9\"><span class=\"magic-10\" style=\"font-family: Arial;\">10\uff09Esta m\u00e1quina pode ser usada para tratamento de dores nas articula\u00e7\u00f5es e DE. <\/span><\/div>\n<div class=\"magic-9\"><span class=\"magic-10\" style=\"font-family: Arial;\">11\uff09 Nenhum ferimento\/dano ao tecido normal.<\/span><\/div>\n<\/div>\n<\/div>\n<\/div>\n<\/div>\n<\/div>\n<div class=\"J_module\">\n<div class=\"icbu-pc-images magic-16\">\n<div>\n<div class=\"flex-layout-v\">\n<div class=\"flex-layout-h magic-16\">\n<div class=\"magic-22\"><img loading=\"lazy\" decoding=\"async\" class=\"magic-23 aligncenter\" title=\"M\u00e1quina de terapia por ondas de choque\" src=\"https:\/\/sc04.alicdn.com\/kf\/H6491e48e4b774656aedb0e0055656d95F\/247315878\/H6491e48e4b774656aedb0e0055656d95F.png\" alt=\"M\u00e1quina de terapia por ondas de choque\" width=\"750\" height=\"610\" data-src=\"\/\/sc04.alicdn.com\/kf\/H6491e48e4b774656aedb0e0055656d95F\/247315878\/H6491e48e4b774656aedb0e0055656d95F.png\" \/><\/div>\n<\/div>\n<\/div>\n<\/div>\n<\/div>\n<\/div>\n<div class=\"J_module\">\n<div class=\"icbu-pc-images magic-16\">\n<div>\n<div class=\"flex-layout-v\">\n<div class=\"flex-layout-h magic-16\">\n<div class=\"magic-24\"><img loading=\"lazy\" decoding=\"async\" class=\"magic-25 aligncenter\" title=\"M\u00e1quina de terapia por ondas de choque\" src=\"https:\/\/sc04.alicdn.com\/kf\/Hac29e01ca8fa4327a656fe4f538cd3c4W\/247315878\/Hac29e01ca8fa4327a656fe4f538cd3c4W.png\" alt=\"M\u00e1quina de terapia por ondas de choque\" width=\"750\" height=\"697\" data-src=\"\/\/sc04.alicdn.com\/kf\/Hac29e01ca8fa4327a656fe4f538cd3c4W\/247315878\/Hac29e01ca8fa4327a656fe4f538cd3c4W.png\" \/><\/div>\n<div>\n<h3><strong>Personalizar O Logotipo<\/strong><\/h3>\n<p>Quer fazer sua marca se destacam? N\u00f3s oferecemos o logotipo personalizado servi\u00e7os para ajudar voc\u00ea a criar uma \u00fanica e personalizada logo que reflete a identidade de sua marca. Nossa equipe de especialistas ir\u00e1 trabalhar em estreita colabora\u00e7\u00e3o com voc\u00ea para criar um logotipo que est\u00e1 em conson\u00e2ncia com os valores da sua marca e de mensagens. Se voc\u00ea estiver olhando para renovar o seu logotipo existente ou criar um novo a partir do zero, n\u00f3s temos que cobertas. <a href=\"\/pt\/contato\/\">Contacte-nos<\/a> hoje para saber mais sobre o nosso logotipo personalizado servi\u00e7os!<\/p>\n<\/div>\n<\/div>\n<\/div>\n<\/div>\n<\/div>\n<\/div>","protected":false},"excerpt":{"rendered":"<p><span class=\"magic-10\" style=\"font-family: Arial;\">A m\u00e1quina de massagem de fisioterapia por ondas de choque \u00e9 usada em ortopedia, fisioterapia, medicina esportiva, urologia, medicina veterin\u00e1ria e outros equipamentos multidisciplinares. Suas principais vantagens s\u00e3o o al\u00edvio r\u00e1pido da dor e a recupera\u00e7\u00e3o da mobilidade. Isso, somado ao fato de ser um tratamento n\u00e3o cir\u00fargico que n\u00e3o requer analg\u00e9sicos, o torna um tratamento ideal para acelerar a recupera\u00e7\u00e3o e tratar v\u00e1rios sinais de dor aguda ou cr\u00f4nica.<\/span><\/p>","protected":false},"featured_media":2278,"comment_status":"open","ping_status":"closed","template":"","meta":{"_kad_post_transparent":"default","_kad_post_title":"","_kad_post_layout":"default","_kad_post_sidebar_id":"","_kad_post_content_style":"default","_kad_post_vertical_padding":"default","_kad_post_feature":"","_kad_post_feature_position":"","_kad_post_header":false,"_kad_post_footer":false,"_kad_post_classname":"","rank_math_title":"","rank_math_description":"","rank_math_focus_keyword":""},"product_brand":[],"product_cat":[65],"product_tag":[],"class_list":{"0":"post-2271","1":"product","2":"type-product","3":"status-publish","4":"has-post-thumbnail","6":"product_cat-shock-wave","8":"first","9":"instock","10":"shipping-taxable","11":"product-type-simple","12":"entry","13":"content-bg","14":"loop-entry"},"_links":{"self":[{"href":"https:\/\/skbty.com\/pt\/wp-json\/wp\/v2\/product\/2271","targetHints":{"allow":["GET"]}}],"collection":[{"href":"https:\/\/skbty.com\/pt\/wp-json\/wp\/v2\/product"}],"about":[{"href":"https:\/\/skbty.com\/pt\/wp-json\/wp\/v2\/types\/product"}],"replies":[{"embeddable":true,"href":"https:\/\/skbty.com\/pt\/wp-json\/wp\/v2\/comments?post=2271"}],"wp:featuredmedia":[{"embeddable":true,"href":"https:\/\/skbty.com\/pt\/wp-json\/wp\/v2\/media\/2278"}],"wp:attachment":[{"href":"https:\/\/skbty.com\/pt\/wp-json\/wp\/v2\/media?parent=2271"}],"wp:term":[{"taxonomy":"product_brand","embeddable":true,"href":"https:\/\/skbty.com\/pt\/wp-json\/wp\/v2\/product_brand?post=2271"},{"taxonomy":"product_cat","embeddable":true,"href":"https:\/\/skbty.com\/pt\/wp-json\/wp\/v2\/product_cat?post=2271"},{"taxonomy":"product_tag","embeddable":true,"href":"https:\/\/skbty.com\/pt\/wp-json\/wp\/v2\/product_tag?post=2271"}],"curies":[{"name":"Wp","href":"https:\/\/api.w.org\/{rel}","templated":true}]}}