{"id":2301,"date":"2024-01-05T11:29:03","date_gmt":"2024-01-05T03:29:03","guid":{"rendered":"https:\/\/skbty.com\/?post_type=product&#038;p=2301"},"modified":"2024-06-21T11:50:04","modified_gmt":"2024-06-21T03:50:04","slug":"maquina-de-remocao-de-pelos-e-tatuagens-a-laser-2-em-1-2","status":"publish","type":"product","link":"https:\/\/skbty.com\/pt\/product\/maquina-de-remocao-de-pelos-e-tatuagens-a-laser-2-em-1-2\/","title":{"rendered":"M\u00e1quina de remo\u00e7\u00e3o de pelos e tatuagens a laser 2 em 1"},"content":{"rendered":"<div class=\"J_module\">\n<div class=\"ife-detail-decorate-table\">\n<table style=\"border-color: #f3f3f3;\" border=\"1\" cellspacing=\"0\" cellpadding=\"0\">\n<tbody>\n<tr>\n<td colspan=\"1\" rowspan=\"1\">\n<div class=\"magic-2\"><span class=\"magic-3\" style=\"font-family: Arial;\">Nome<\/span><\/div>\n<\/td>\n<td colspan=\"1\" rowspan=\"1\">\n<div class=\"magic-4\"><span class=\"magic-3\" style=\"font-family: Arial;\">M\u00e1quina de remo\u00e7\u00e3o de pelos 2 em 1 808nm + laser picosegundo para remo\u00e7\u00e3o de tatuagens<\/span><\/div>\n<\/td>\n<\/tr>\n<tr>\n<td colspan=\"1\" rowspan=\"1\">\n<div class=\"magic-2\"><span class=\"magic-3\" style=\"font-family: Arial;\">Tela<\/span><\/div>\n<\/td>\n<td colspan=\"1\" rowspan=\"1\">\n<div class=\"magic-4\"><span class=\"magic-3\" style=\"font-family: Arial;\">10,4 polegadas<\/span><\/div>\n<\/td>\n<\/tr>\n<tr>\n<td colspan=\"1\" rowspan=\"1\">\n<div class=\"magic-2\"><span class=\"magic-3\" style=\"font-family: Arial;\">Freq\u00fc\u00eancia<\/span><\/div>\n<\/td>\n<td colspan=\"1\" rowspan=\"1\">\n<div class=\"magic-4\"><span class=\"magic-3\" style=\"font-family: Arial;\">1-10Hz<\/span><\/div>\n<\/td>\n<\/tr>\n<tr>\n<td colspan=\"1\" rowspan=\"1\">\n<div class=\"magic-2\"><span class=\"magic-3\" style=\"font-family: Arial;\">Comprimento de onda de remo\u00e7\u00e3o de pelos<\/span><\/div>\n<\/td>\n<td colspan=\"1\" rowspan=\"1\">\n<div class=\"magic-4\"><span class=\"magic-3\" style=\"font-family: Arial;\">808 nm<\/span><\/div>\n<\/td>\n<\/tr>\n<tr>\n<td colspan=\"1\" rowspan=\"1\">\n<div class=\"magic-2\"><span class=\"magic-3\" style=\"font-family: Arial;\">Energia<\/span><\/div>\n<\/td>\n<td colspan=\"1\" rowspan=\"1\">\n<div class=\"magic-4\"><span class=\"magic-3\" style=\"font-family: Arial;\">1-120J\/CM\u00b2<\/span><\/div>\n<\/td>\n<\/tr>\n<tr>\n<td colspan=\"1\" rowspan=\"1\">\n<div class=\"magic-2\"><span class=\"magic-3\" style=\"font-family: Arial;\">Pot\u00eancia do laser<\/span><\/div>\n<\/td>\n<td colspan=\"1\" rowspan=\"1\">\n<div class=\"magic-4\"><span class=\"magic-3\" style=\"font-family: Arial;\">300 W\/400 W<\/span><\/div>\n<\/td>\n<\/tr>\n<tr>\n<td colspan=\"1\" rowspan=\"1\">\n<div class=\"magic-2\"><span class=\"magic-3\" style=\"font-family: Arial;\">Largura de pulso<\/span><\/div>\n<\/td>\n<td colspan=\"1\" rowspan=\"1\">\n<div class=\"magic-4\"><span class=\"magic-3\" style=\"font-family: Arial;\">1MS-400MS<\/span><\/div>\n<\/td>\n<\/tr>\n<tr>\n<td colspan=\"1\" rowspan=\"1\">\n<div class=\"magic-2\"><span class=\"magic-3\" style=\"font-family: Arial;\">Comprimento*largura*altura<\/span><\/div>\n<\/td>\n<td colspan=\"1\" rowspan=\"1\">\n<div class=\"magic-4\"><span class=\"magic-3\" style=\"font-family: Arial;\">53*44*142 cm (55 kg)<\/span><\/div>\n<\/td>\n<\/tr>\n<tr>\n<td colspan=\"1\" rowspan=\"1\">\n<div class=\"magic-2\"><span class=\"magic-3\" style=\"font-family: Arial;\">Pot\u00eancia total<\/span><\/div>\n<\/td>\n<td colspan=\"1\" rowspan=\"1\">\n<div class=\"magic-4\"><span class=\"magic-3\" style=\"font-family: Arial;\">2000 W<\/span><\/div>\n<\/td>\n<\/tr>\n<\/tbody>\n<\/table>\n<\/div>\n<\/div>\n<div class=\"J_module\">\n<div class=\"detail-decorate-json-renderer-container\">\n<div class=\"magic-5\">\n<div><\/div>\n<h3><span class=\"magic-7\" style=\"font-family: Arial;\">Teoria<\/span><\/h3>\n<div class=\"magic-8\">\n<div class=\"magic-9\">\n<div class=\"magic-10\">\n<p><strong><span class=\"magic-3\" style=\"font-family: Arial;\">2 em 1 usa tecnologia de laser de diodo de 808 nm e tecnologia de laser de picosegundo <\/span><\/strong><\/p>\n<div><span class=\"magic-3\" style=\"font-family: Arial;\">O laser de diodo tem um comprimento de onda de 808 nm e tem um efeito particular nos melan\u00f3citos do fol\u00edculo piloso sem danificar o tecido circundante. A luz do laser pode ser absorvida pelos melan\u00f3citos da haste capilar e fol\u00edculos capilares e convertida em calor, aumentando a temperatura dos fol\u00edculos capilares.<br \/>\nQuando a temperatura aumenta at\u00e9 certo ponto, a estrutura do fol\u00edculo piloso pode ser destru\u00edda irreversivelmente, e a estrutura do fol\u00edculo piloso desaparece ap\u00f3s o processo fisiol\u00f3gico natural, de modo a atingir o objetivo da remo\u00e7\u00e3o permanente dos pelos. <\/span><\/div>\n<div><span class=\"magic-3\" style=\"font-family: Arial;\">O dispositivo de laser de picosegundo usa um modo de sa\u00edda de pulso muito curto para substituir o efeito t\u00e9rmico e usa o princ\u00edpio de onda de choque mec\u00e2nico da luz para &quot;esmagar&quot; o pigmento em part\u00edculas finas por meio da energia focada, que \u00e9 mais f\u00e1cil de ser absorvida pelo metabolismo humano. O laser de picosegundo minimiza os efeitos colaterais dos efeitos t\u00e9rmicos e pode atingir o prop\u00f3sito de resolver quase todos os tipos de manchas de pigmento, o que \u00e9 melhor do que as manchas de clareamento a laser tradicionais. O laser de picosegundo \u00e9 um tratamento de pele a laser r\u00e1pido, f\u00e1cil, n\u00e3o cir\u00fargico e n\u00e3o invasivo para o corpo, incluindo o peito ou pesco\u00e7o, rosto, m\u00e3os, pernas e muito mais.<\/span><\/div>\n<div>\n<table style=\"border-collapse: collapse; width: 100%;\">\n<tbody>\n<tr>\n<td style=\"width: 50%;\"><img loading=\"lazy\" decoding=\"async\" class=\"magic-13 aligncenter\" title=\"M\u00e1quina de remo\u00e7\u00e3o de pelos de 808 nm + laser picosegundo para remo\u00e7\u00e3o de tatuagens\" src=\"https:\/\/sc04.alicdn.com\/kf\/H37ad109e5dbb4fe9868f2b48e83eea3fN\/247315878\/H37ad109e5dbb4fe9868f2b48e83eea3fN.png\" alt=\"M\u00e1quina de remo\u00e7\u00e3o de pelos de 808 nm + laser picosegundo para remo\u00e7\u00e3o de tatuagens\" width=\"591\" height=\"451\" data-src=\"\/\/sc04.alicdn.com\/kf\/H37ad109e5dbb4fe9868f2b48e83eea3fN\/247315878\/H37ad109e5dbb4fe9868f2b48e83eea3fN.png\" \/><\/td>\n<td style=\"width: 50%;\"><img loading=\"lazy\" decoding=\"async\" class=\"magic-15 aligncenter\" title=\"M\u00e1quina de remo\u00e7\u00e3o de pelos de 808 nm + laser picosegundo para remo\u00e7\u00e3o de tatuagens\" src=\"https:\/\/sc04.alicdn.com\/kf\/Hb93de2e708ba46a78a16d7a6d8c4e502S\/247315878\/Hb93de2e708ba46a78a16d7a6d8c4e502S.png\" alt=\"M\u00e1quina de remo\u00e7\u00e3o de pelos de 808 nm + laser picosegundo para remo\u00e7\u00e3o de tatuagens\" width=\"629\" height=\"657\" data-src=\"\/\/sc04.alicdn.com\/kf\/Hb93de2e708ba46a78a16d7a6d8c4e502S\/247315878\/Hb93de2e708ba46a78a16d7a6d8c4e502S.png\" \/><\/td>\n<\/tr>\n<\/tbody>\n<\/table>\n<\/div>\n<\/div>\n<\/div>\n<\/div>\n<\/div>\n<\/div>\n<\/div>\n<div class=\"J_module\">\n<div class=\"icbu-pc-images magic-11\">\n<div class=\"flex-layout-v\">\n<div class=\"flex-layout-h magic-11\">\n<div class=\"magic-12\"><\/div>\n<\/div>\n<\/div>\n<\/div>\n<\/div>\n<div class=\"J_module\">\n<div class=\"icbu-pc-images magic-11\">\n<div class=\"flex-layout-v\">\n<div class=\"flex-layout-h magic-11\">\n<div class=\"magic-14\"><\/div>\n<\/div>\n<\/div>\n<\/div>\n<\/div>\n<div class=\"J_module\">\n<div class=\"icbu-pc-images magic-11\">\n<div>\n<div class=\"flex-layout-v\">\n<div class=\"flex-layout-h magic-11\">\n<div class=\"magic-16\"><img loading=\"lazy\" decoding=\"async\" class=\"magic-17 aligncenter\" title=\"M\u00e1quina de remo\u00e7\u00e3o de pelos de 808 nm + laser picosegundo para remo\u00e7\u00e3o de tatuagens\" src=\"https:\/\/sc04.alicdn.com\/kf\/Hed2faa57b1754604a282e6d596c3191al\/247315878\/Hed2faa57b1754604a282e6d596c3191al.png\" alt=\"M\u00e1quina de remo\u00e7\u00e3o de pelos de 808 nm + laser picosegundo para remo\u00e7\u00e3o de tatuagens\" width=\"611\" height=\"371\" data-src=\"\/\/sc04.alicdn.com\/kf\/Hed2faa57b1754604a282e6d596c3191al\/247315878\/Hed2faa57b1754604a282e6d596c3191al.png\" \/><\/div>\n<\/div>\n<\/div>\n<\/div>\n<\/div>\n<\/div>\n<div class=\"J_module\">\n<div class=\"detail-decorate-json-renderer-container\">\n<div class=\"magic-5\">\n<div><\/div>\n<h3><span class=\"magic-7\" style=\"font-family: Arial;\">Fun\u00e7\u00f5es<\/span><\/h3>\n<div class=\"magic-8\">\n<div class=\"magic-9\">\n<div class=\"magic-10\"><span class=\"magic-3\" style=\"font-family: Arial;\">1)Todas as tatuagens coloridas, delineadores e linhas dos l\u00e1bios foram removidos. <\/span><\/div>\n<div class=\"magic-10\"><span class=\"magic-3\" style=\"font-family: Arial;\">2)Remova o pigmento epid\u00e9rmico e d\u00e9rmico. <\/span><\/div>\n<div class=\"magic-10\"><span class=\"magic-3\" style=\"font-family: Arial;\">3) Remo\u00e7\u00e3o de pintas Ota, pintas azuis, pintas pretas e manchas de caf\u00e9. <\/span><\/div>\n<div class=\"magic-10\"><span class=\"magic-3\" style=\"font-family: Arial;\">4) Remo\u00e7\u00e3o de manchas da idade, sardas, manchas solares e melasma. <\/span><\/div>\n<div class=\"magic-10\"><span class=\"magic-3\" style=\"font-family: Arial;\">5) Clareamento, pele macia, etc.<\/span><\/div>\n<\/div>\n<\/div>\n<\/div>\n<\/div>\n<\/div>\n<div class=\"J_module\">\n<div class=\"detail-decorate-json-renderer-container\">\n<div class=\"magic-5\">\n<h3 class=\"magic-6\"><span class=\"magic-7\" style=\"font-family: Arial;\">Vantagens<\/span><\/h3>\n<div class=\"magic-8\">\n<div class=\"magic-9\">\n<div class=\"magic-10\"><span class=\"magic-3\" style=\"font-family: Arial;\">1)A tecnologia mais vantajosa combina lasers de diodo com lasers de picossegundos.<br \/>\n2) Cada sistema possui fonte de alimenta\u00e7\u00e3o independente, alta qualidade e estabilidade.<br \/>\n3) Interface inteligente, par\u00e2metros de processamento predefinidos, f\u00e1cil de operar.<br \/>\n4) O sistema avan\u00e7ado de monitoramento e alarme protege a m\u00e1quina minuto a minuto.<br \/>\n5) O recurso de fechadura de combina\u00e7\u00e3o torna o neg\u00f3cio de aluguel mais f\u00e1cil de controlar.<\/span><\/div>\n<\/div>\n<\/div>\n<\/div>\n<\/div>\n<\/div>\n<div class=\"J_module\">\n<div class=\"detail-decorate-json-renderer-container\">\n<div class=\"magic-5\">\n<h3 class=\"magic-6\"><span class=\"magic-7\" style=\"font-family: Arial;\">Efeitos<\/span><\/h3>\n<div class=\"magic-8\">\n<div class=\"magic-9\">\n<div class=\"magic-10\">\n<div><span class=\"magic-3\" style=\"font-family: Arial;\"><b>Efeitos do laser de diodo de 808 nm<\/b><\/span><\/div>\n<p><span class=\"magic-3\" style=\"font-family: Arial;\"><b>1. Remo\u00e7\u00e3o de pelos nas axilas<\/b> Ap\u00f3s o uso, os pelos das axilas s\u00e3o reduzidos, o que pode inibir efetivamente o crescimento do fol\u00edculo piloso <\/span><br \/>\n<span class=\"magic-3\" style=\"font-family: Arial;\"><b>2. Remo\u00e7\u00e3o de pelos dos p\u00e9s<\/b> Ap\u00f3s o uso, os pelos dos p\u00e9s reduzem o brilho da pele dos p\u00e9s <\/span><br \/>\n<span class=\"magic-3\" style=\"font-family: Arial;\"><b>3. Remo\u00e7\u00e3o de pelos nas costas<\/b> Para homens com mais pelos nas costas, reduza a maciez das costas ap\u00f3s o uso <\/span><br \/>\n<span class=\"magic-3\" style=\"font-family: Arial;\"><b>4. Remo\u00e7\u00e3o de pelos do bra\u00e7o<\/b> Ap\u00f3s o uso, os pelos dos bra\u00e7os podem reduzir significativamente o brilho da pele do bra\u00e7o<\/span><\/p>\n<div>\n<div><span style=\"font-family: Arial;\"><span class=\"magic-3\"><b>Efeitos do laser de picosegundo<\/b><br \/>\n<\/span><\/span><\/p>\n<div><span class=\"magic-3\" style=\"font-family: Arial;\"><b>1. Poros<\/b> Grosso e n\u00e3o pode suportar poros envelhecidos, atrav\u00e9s do tratamento de tratamento, voc\u00ea pode ver o efeito ap\u00f3s a redu\u00e7\u00e3o <\/span><\/div>\n<div><span class=\"magic-3\" style=\"font-family: Arial;\"><b>2.Ponto<\/b> O laser de picossegundo pode ser facilmente removido sem se preocupar em evitar a escurid\u00e3o e, ao mesmo tempo, manchas dif\u00edceis no rosto podem ser resolvidas <\/span><\/div>\n<div><span class=\"magic-3\" style=\"font-family: Arial;\"><b>3. Linhas finas<\/b> Nenhuma quantidade de creme para a pele pode eliminar linhas finas sob os olhos e, com um tratamento a laser de picossegundos em favo de mel, voc\u00ea pode sentir a diferen\u00e7a em pouco tempo. <\/span><\/div>\n<div><span class=\"magic-3\" style=\"font-family: Arial;\"><b>4. Cicatriz em forma de var\u00edola<\/b> O laser de matriz de pontos executado algumas vezes ainda n\u00e3o pode melhorar completamente a cicatriz teimosa, ent\u00e3o o laser de picosegundo executado algumas vezes pode restaurar as covinhas no rosto <\/span><\/div>\n<div><span class=\"magic-3\" style=\"font-family: Arial;\"><b>5. Tatuagem<\/b> Tatuagens que n\u00e3o respondem bem ao tratamento a laser tradicional (vermelho, laranja, amarelo, verde, azul e azul) podem ser removidas com um laser de picossegundos, sem deixar vest\u00edgios <\/span><\/div>\n<div><span class=\"magic-3\" style=\"font-family: Arial;\"><b>6.Cara idiota <\/b> Como o laser de picossegundos tem um excelente efeito sobre a melanina, a experi\u00eancia cl\u00ednica mostra que a extremidade da pele fica lisa e macia<\/span><\/div>\n<div>\n<table style=\"border-collapse: collapse; width: 100%;\">\n<tbody>\n<tr>\n<td style=\"width: 50%;\"><img loading=\"lazy\" decoding=\"async\" class=\"magic-19 aligncenter\" title=\"M\u00e1quina de remo\u00e7\u00e3o de pelos de 808 nm + laser picosegundo para remo\u00e7\u00e3o de tatuagens\" src=\"https:\/\/sc04.alicdn.com\/kf\/H451be777b7f64438820bb767cafcff85A\/247315878\/H451be777b7f64438820bb767cafcff85A.png\" alt=\"M\u00e1quina de remo\u00e7\u00e3o de pelos de 808 nm + laser picosegundo para remo\u00e7\u00e3o de tatuagens\" width=\"504\" height=\"417\" data-src=\"\/\/sc04.alicdn.com\/kf\/H451be777b7f64438820bb767cafcff85A\/247315878\/H451be777b7f64438820bb767cafcff85A.png\" \/><\/td>\n<td style=\"width: 50%;\"><img loading=\"lazy\" decoding=\"async\" class=\"magic-21 aligncenter\" title=\"M\u00e1quina de remo\u00e7\u00e3o de pelos de 808 nm + laser picosegundo para remo\u00e7\u00e3o de tatuagens\" src=\"https:\/\/sc04.alicdn.com\/kf\/Hdf4926f83b1542d1a80d1b37084da4c0i\/247315878\/Hdf4926f83b1542d1a80d1b37084da4c0i.png\" alt=\"M\u00e1quina de remo\u00e7\u00e3o de pelos de 808 nm + laser picosegundo para remo\u00e7\u00e3o de tatuagens\" width=\"800\" height=\"611\" data-src=\"\/\/sc04.alicdn.com\/kf\/Hdf4926f83b1542d1a80d1b37084da4c0i\/247315878\/Hdf4926f83b1542d1a80d1b37084da4c0i.png\" \/><\/td>\n<\/tr>\n<\/tbody>\n<\/table>\n<\/div>\n<\/div>\n<\/div>\n<\/div>\n<\/div>\n<\/div>\n<\/div>\n<\/div>\n<\/div>\n<div class=\"J_module\">\n<div class=\"icbu-pc-images magic-11\">\n<div class=\"flex-layout-v\">\n<div class=\"magic-18\">\n<h3><strong>Personalizar O Logotipo<\/strong><\/h3>\n<p>Quer fazer sua marca se destacam? N\u00f3s oferecemos o logotipo personalizado servi\u00e7os para ajudar voc\u00ea a criar uma \u00fanica e personalizada logo que reflete a identidade de sua marca. Nossa equipe de especialistas ir\u00e1 trabalhar em estreita colabora\u00e7\u00e3o com voc\u00ea para criar um logotipo que est\u00e1 em conson\u00e2ncia com os valores da sua marca e de mensagens. Se voc\u00ea estiver olhando para renovar o seu logotipo existente ou criar um novo a partir do zero, n\u00f3s temos que cobertas. <a href=\"\/pt\/contato\/\">Contacte-nos<\/a> hoje para saber mais sobre o nosso logotipo personalizado servi\u00e7os!<\/p>\n<\/div>\n<\/div>\n<\/div>\n<\/div>\n<div class=\"J_module\">\n<div class=\"icbu-pc-images magic-11\">\n<div class=\"flex-layout-v\">\n<div class=\"flex-layout-h magic-11\">\n<div class=\"magic-20\"><\/div>\n<\/div>\n<\/div>\n<\/div>\n<\/div>","protected":false},"excerpt":{"rendered":"<p><span class=\"magic-3\" style=\"font-family: Arial;\">O laser de diodo tem um comprimento de onda de 808 nm e tem um efeito particular nos melan\u00f3citos do fol\u00edculo piloso sem danificar o tecido circundante. A luz do laser pode ser absorvida pelos melan\u00f3citos da haste capilar e fol\u00edculos capilares e convertida em calor, aumentando a temperatura dos fol\u00edculos capilares.<\/span><br \/>\n<span class=\"magic-3\" style=\"font-family: Arial;\">O dispositivo laser de picossegundos usa um modo de sa\u00edda de pulso muito curto para substituir o efeito t\u00e9rmico e usa o princ\u00edpio de onda de choque mec\u00e2nico da luz para &quot;esmagar&quot; o pigmento em part\u00edculas finas por meio da energia focada, que \u00e9 mais f\u00e1cil de ser absorvida pelo metabolismo humano. <\/span><\/p>","protected":false},"featured_media":2302,"comment_status":"open","ping_status":"closed","template":"","meta":{"_kad_post_transparent":"default","_kad_post_title":"","_kad_post_layout":"default","_kad_post_sidebar_id":"","_kad_post_content_style":"default","_kad_post_vertical_padding":"default","_kad_post_feature":"","_kad_post_feature_position":"","_kad_post_header":false,"_kad_post_footer":false,"_kad_post_classname":"","rank_math_title":"","rank_math_description":"","rank_math_focus_keyword":""},"product_brand":[],"product_cat":[66],"product_tag":[],"class_list":{"0":"post-2301","1":"product","2":"type-product","3":"status-publish","4":"has-post-thumbnail","6":"product_cat-2-in-1-808nmpico","8":"first","9":"instock","10":"shipping-taxable","11":"product-type-simple","12":"entry","13":"content-bg","14":"loop-entry"},"_links":{"self":[{"href":"https:\/\/skbty.com\/pt\/wp-json\/wp\/v2\/product\/2301","targetHints":{"allow":["GET"]}}],"collection":[{"href":"https:\/\/skbty.com\/pt\/wp-json\/wp\/v2\/product"}],"about":[{"href":"https:\/\/skbty.com\/pt\/wp-json\/wp\/v2\/types\/product"}],"replies":[{"embeddable":true,"href":"https:\/\/skbty.com\/pt\/wp-json\/wp\/v2\/comments?post=2301"}],"wp:featuredmedia":[{"embeddable":true,"href":"https:\/\/skbty.com\/pt\/wp-json\/wp\/v2\/media\/2302"}],"wp:attachment":[{"href":"https:\/\/skbty.com\/pt\/wp-json\/wp\/v2\/media?parent=2301"}],"wp:term":[{"taxonomy":"product_brand","embeddable":true,"href":"https:\/\/skbty.com\/pt\/wp-json\/wp\/v2\/product_brand?post=2301"},{"taxonomy":"product_cat","embeddable":true,"href":"https:\/\/skbty.com\/pt\/wp-json\/wp\/v2\/product_cat?post=2301"},{"taxonomy":"product_tag","embeddable":true,"href":"https:\/\/skbty.com\/pt\/wp-json\/wp\/v2\/product_tag?post=2301"}],"curies":[{"name":"Wp","href":"https:\/\/api.w.org\/{rel}","templated":true}]}}