{"id":2311,"date":"2024-01-05T11:35:36","date_gmt":"2024-01-05T03:35:36","guid":{"rendered":"https:\/\/skbty.com\/?post_type=product&#038;p=2311"},"modified":"2024-06-21T11:24:54","modified_gmt":"2024-06-21T03:24:54","slug":"maquina-de-remocao-de-pelos-e-tatuagens-a-laser-2-em-1","status":"publish","type":"product","link":"https:\/\/skbty.com\/pt\/product\/maquina-de-remocao-de-pelos-e-tatuagens-a-laser-2-em-1\/","title":{"rendered":"M\u00e1quina de remo\u00e7\u00e3o de pelos e tatuagens a laser 2 em 1"},"content":{"rendered":"<div class=\"J_module\">\n<div class=\"ife-detail-decorate-table\">\n<h3>O que \u00e9 o <strong>M\u00e1quina de remo\u00e7\u00e3o de pelos a laser 2 em 1 de 808 nm + remo\u00e7\u00e3o de tatuagem a laser picossegundo?<\/strong><\/h3>\n<p>O <strong>2 em 1 808nm Laser Depila\u00e7\u00e3o + Picosegundo Laser Remo\u00e7\u00e3o de Tatuagem <\/strong>a m\u00e1quina combina tecnologia avan\u00e7ada de laser de diodo de 808 nm com tecnologia de laser de picosegundo para fornecer remo\u00e7\u00e3o de pelos e tratamentos de pele superiores. Este dispositivo multifuncional \u00e9 projetado para tratamentos eficazes e n\u00e3o invasivos que visam v\u00e1rios problemas de pele e cabelo, fornecendo uma solu\u00e7\u00e3o abrangente para aprimoramento est\u00e9tico.<\/p>\n<h3>Especifica\u00e7\u00f5es<\/h3>\n<ul>\n<li><strong>Nome<\/strong>: 2 em 1 808nm Depila\u00e7\u00e3o + Remo\u00e7\u00e3o de tatuagem a laser picosegundo<\/li>\n<li><strong>Tela<\/strong>: 8 polegadas<\/li>\n<li><strong>Freq\u00fc\u00eancia<\/strong>: 1-10Hz<\/li>\n<li><strong>Comprimento de onda de remo\u00e7\u00e3o de pelos<\/strong>: 808 nm<\/li>\n<li><strong>Energia<\/strong>: 1-120J\/CM\u00b2<\/li>\n<li><strong>Pot\u00eancia do laser<\/strong>: 300 W\/400 W<\/li>\n<li><strong>Largura de pulso<\/strong>: 1MS-400MS<\/li>\n<li><strong>Dimens\u00f5es<\/strong>: 53<em>44<\/em>142 cm (55 kg)<\/li>\n<li><strong>Pot\u00eancia total<\/strong>: 2000 W<\/li>\n<\/ul>\n<table style=\"border-collapse: collapse; width: 100%;\">\n<tbody>\n<tr>\n<td style=\"width: 50%;\"><img loading=\"lazy\" decoding=\"async\" class=\"magic-13 aligncenter\" title=\"M\u00e1quina de remo\u00e7\u00e3o de tatuagem a laser picosegundo\" src=\"https:\/\/sc04.alicdn.com\/kf\/H37ad109e5dbb4fe9868f2b48e83eea3fN\/247315878\/H37ad109e5dbb4fe9868f2b48e83eea3fN.png\" alt=\"M\u00e1quina de remo\u00e7\u00e3o de tatuagem a laser picosegundo\" width=\"346\" height=\"264\" data-src=\"\/\/sc04.alicdn.com\/kf\/H37ad109e5dbb4fe9868f2b48e83eea3fN\/247315878\/H37ad109e5dbb4fe9868f2b48e83eea3fN.png\" \/><\/td>\n<td style=\"width: 50%;\"><img loading=\"lazy\" decoding=\"async\" class=\"magic-15 aligncenter\" title=\"M\u00e1quina de remo\u00e7\u00e3o de tatuagem a laser picosegundo\" src=\"https:\/\/sc04.alicdn.com\/kf\/Hb93de2e708ba46a78a16d7a6d8c4e502S\/247315878\/Hb93de2e708ba46a78a16d7a6d8c4e502S.png\" alt=\"M\u00e1quina de remo\u00e7\u00e3o de tatuagem a laser picosegundo\" width=\"314\" height=\"329\" data-src=\"\/\/sc04.alicdn.com\/kf\/Hb93de2e708ba46a78a16d7a6d8c4e502S\/247315878\/Hb93de2e708ba46a78a16d7a6d8c4e502S.png\" \/><\/td>\n<\/tr>\n<\/tbody>\n<\/table>\n<h3>Teoria<\/h3>\n<p>A m\u00e1quina 2 em 1 utiliza duas tecnologias de ponta:<\/p>\n<ol>\n<li><strong>Tecnologia de laser de diodo de 808 nm<\/strong>: Esta tecnologia tem como alvo os melan\u00f3citos nos fol\u00edculos capilares sem danificar os tecidos circundantes. A energia do laser \u00e9 absorvida pela melanina, convertendo-a em calor e elevando a temperatura dos fol\u00edculos capilares, levando \u00e0 sua destrui\u00e7\u00e3o irrevers\u00edvel e remo\u00e7\u00e3o permanente dos pelos.<\/li>\n<li><strong>Tecnologia de laser de picosegundo<\/strong>: Esta tecnologia emprega dura\u00e7\u00f5es de pulso muito curtas para gerar ondas de choque mec\u00e2nicas que quebram part\u00edculas de pigmento. Essas part\u00edculas s\u00e3o ent\u00e3o absorvidas e eliminadas pelo corpo, minimizando danos t\u00e9rmicos e tratando efetivamente v\u00e1rias manchas de pigmento.<\/li>\n<\/ol>\n<h3><img loading=\"lazy\" decoding=\"async\" class=\"magic-17 aligncenter\" title=\"M\u00e1quina de remo\u00e7\u00e3o de tatuagem a laser picosegundo\" src=\"https:\/\/sc04.alicdn.com\/kf\/Hed2faa57b1754604a282e6d596c3191al\/247315878\/Hed2faa57b1754604a282e6d596c3191al.png\" alt=\"M\u00e1quina de remo\u00e7\u00e3o de tatuagem a laser picosegundo\" width=\"484\" height=\"294\" data-src=\"\/\/sc04.alicdn.com\/kf\/Hed2faa57b1754604a282e6d596c3191al\/247315878\/Hed2faa57b1754604a282e6d596c3191al.png\" \/><\/h3>\n<h3>Fun\u00e7\u00f5es<\/h3>\n<ol>\n<li><strong>Remo\u00e7\u00e3o de Tatuagem<\/strong>: Elimina todas as tatuagens coloridas, incluindo delineador e linhas dos l\u00e1bios.<\/li>\n<li><strong>Remo\u00e7\u00e3o de pigmentos<\/strong>: Remove pigmentos epid\u00e9rmicos e d\u00e9rmicos, como pinta Ota, pinta azul, pinta preta e manchas de caf\u00e9.<\/li>\n<li><strong>Remo\u00e7\u00e3o de manchas<\/strong>: Trata manchas da idade, sardas, manchas solares e melasma.<\/li>\n<li><strong>Clareamento e rejuvenescimento da pele<\/strong>: Melhora a textura da pele, deixando-a mais branca e suave.<\/li>\n<\/ol>\n<h3>Vantagens<\/h3>\n<ol>\n<li><strong>Tecnologia Avan\u00e7ada<\/strong>: Combina lasers de diodo e picossegundos para maior efic\u00e1cia do tratamento.<\/li>\n<li><strong>Fonte de alimenta\u00e7\u00e3o independente<\/strong>: Garante alta qualidade e estabilidade.<\/li>\n<li><strong>Interface Inteligente<\/strong>: Par\u00e2metros de processamento predefinidos para f\u00e1cil opera\u00e7\u00e3o.<\/li>\n<li><strong>Sistema de Monitoramento<\/strong>: Sistema avan\u00e7ado protege a m\u00e1quina continuamente.<\/li>\n<li><strong>Recurso de bloqueio de combina\u00e7\u00e3o<\/strong>: Facilita o controle em configura\u00e7\u00f5es de neg\u00f3cios de aluguel.<\/li>\n<\/ol>\n<h3>Efeitos<\/h3>\n<h4>Efeitos do laser de diodo de 808 nm<\/h4>\n<ol>\n<li><strong>Depila\u00e7\u00e3o nas axilas<\/strong>: Reduz e inibe o crescimento do fol\u00edculo piloso.<\/li>\n<li><strong>Depila\u00e7\u00e3o dos p\u00e9s<\/strong>: Reduz os pelos e melhora a maciez da pele.<\/li>\n<li><strong>Depila\u00e7\u00e3o nas costas<\/strong>: Reduz os pelos para uma pele mais lisa nas costas.<\/li>\n<li><strong>Depila\u00e7\u00e3o dos bra\u00e7os<\/strong>: Reduz significativamente os pelos, melhorando o brilho da pele.<\/li>\n<\/ol>\n<h4>Efeitos do laser de picosegundo<\/h4>\n<ol>\n<li><strong>Redu\u00e7\u00e3o de poros<\/strong>: Melhora os poros grossos, melhorando a textura da pele.<\/li>\n<li><strong>Remo\u00e7\u00e3o de manchas<\/strong>: Elimina eficazmente manchas faciais sem causar escurecimento.<\/li>\n<li><strong>Redu\u00e7\u00e3o de linhas finas<\/strong>: Elimina linhas finas sob os olhos, oferecendo resultados vis\u00edveis.<\/li>\n<li><strong>Tratamento de cicatrizes<\/strong>: Melhora cicatrizes e sulcos persistentes no rosto.<\/li>\n<li><strong>Remo\u00e7\u00e3o de Tatuagem<\/strong>: Remove eficazmente tatuagens de v\u00e1rias cores sem deixar vest\u00edgios.<\/li>\n<li><strong>Clareamento da pele<\/strong>: Melhora a pele opaca, deixando-a macia e suave.<\/li>\n<\/ol>\n<h3><strong>Personalizar O Logotipo<\/strong><\/h3>\n<p>Quer fazer sua marca se destacam? N\u00f3s oferecemos o logotipo personalizado servi\u00e7os para ajudar voc\u00ea a criar uma \u00fanica e personalizada logo que reflete a identidade de sua marca. Nossa equipe de especialistas ir\u00e1 trabalhar em estreita colabora\u00e7\u00e3o com voc\u00ea para criar um logotipo que est\u00e1 em conson\u00e2ncia com os valores da sua marca e de mensagens. Se voc\u00ea estiver olhando para renovar o seu logotipo existente ou criar um novo a partir do zero, n\u00f3s temos que cobertas. <a href=\"\/pt\/contato\/\">Contacte-nos<\/a> hoje para saber mais sobre o nosso logotipo personalizado servi\u00e7os!<\/p>\n<\/div>\n<\/div>\n<div class=\"J_module\">\n<div class=\"detail-decorate-json-renderer-container\">\n<div class=\"magic-5\">\n<div class=\"magic-8\">\n<div class=\"magic-9\">\n<div class=\"magic-10\">\n<div><\/div>\n<\/div>\n<\/div>\n<\/div>\n<\/div>\n<\/div>\n<\/div>","protected":false},"excerpt":{"rendered":"<div><span class=\"magic-3\" style=\"font-family: Arial;\">O laser de diodo tem um comprimento de onda de 808 nm e tem um efeito particular nos melan\u00f3citos do fol\u00edculo piloso sem danificar o tecido circundante. A luz do laser pode ser absorvida pelos melan\u00f3citos da haste capilar e fol\u00edculos capilares e convertida em calor, aumentando a temperatura dos fol\u00edculos capilares.<\/span><\/div>\n<div><span class=\"magic-3\" style=\"font-family: Arial;\">O dispositivo laser de picossegundos usa um modo de sa\u00edda de pulso muito curto para substituir o efeito t\u00e9rmico e usa o princ\u00edpio de onda de choque mec\u00e2nico da luz para &quot;esmagar&quot; o pigmento em part\u00edculas finas por meio da energia focada, que \u00e9 mais f\u00e1cil de ser absorvida pelo metabolismo humano.<\/span><\/div>","protected":false},"featured_media":2312,"comment_status":"open","ping_status":"closed","template":"","meta":{"_kad_post_transparent":"default","_kad_post_title":"","_kad_post_layout":"default","_kad_post_sidebar_id":"","_kad_post_content_style":"default","_kad_post_vertical_padding":"default","_kad_post_feature":"","_kad_post_feature_position":"","_kad_post_header":false,"_kad_post_footer":false,"_kad_post_classname":"","rank_math_title":"","rank_math_description":"","rank_math_focus_keyword":""},"product_brand":[],"product_cat":[66],"product_tag":[],"class_list":{"0":"post-2311","1":"product","2":"type-product","3":"status-publish","4":"has-post-thumbnail","6":"product_cat-2-in-1-808nmpico","8":"first","9":"instock","10":"shipping-taxable","11":"product-type-simple","12":"entry","13":"content-bg","14":"loop-entry"},"_links":{"self":[{"href":"https:\/\/skbty.com\/pt\/wp-json\/wp\/v2\/product\/2311","targetHints":{"allow":["GET"]}}],"collection":[{"href":"https:\/\/skbty.com\/pt\/wp-json\/wp\/v2\/product"}],"about":[{"href":"https:\/\/skbty.com\/pt\/wp-json\/wp\/v2\/types\/product"}],"replies":[{"embeddable":true,"href":"https:\/\/skbty.com\/pt\/wp-json\/wp\/v2\/comments?post=2311"}],"wp:featuredmedia":[{"embeddable":true,"href":"https:\/\/skbty.com\/pt\/wp-json\/wp\/v2\/media\/2312"}],"wp:attachment":[{"href":"https:\/\/skbty.com\/pt\/wp-json\/wp\/v2\/media?parent=2311"}],"wp:term":[{"taxonomy":"product_brand","embeddable":true,"href":"https:\/\/skbty.com\/pt\/wp-json\/wp\/v2\/product_brand?post=2311"},{"taxonomy":"product_cat","embeddable":true,"href":"https:\/\/skbty.com\/pt\/wp-json\/wp\/v2\/product_cat?post=2311"},{"taxonomy":"product_tag","embeddable":true,"href":"https:\/\/skbty.com\/pt\/wp-json\/wp\/v2\/product_tag?post=2311"}],"curies":[{"name":"Wp","href":"https:\/\/api.w.org\/{rel}","templated":true}]}}