{"id":2334,"date":"2024-01-06T12:17:31","date_gmt":"2024-01-06T04:17:31","guid":{"rendered":"https:\/\/skbty.com\/?post_type=product&#038;p=2334"},"modified":"2024-06-20T17:56:26","modified_gmt":"2024-06-20T09:56:26","slug":"maquina-de-beleza-de-plasma-2-em-1","status":"publish","type":"product","link":"https:\/\/skbty.com\/pt\/product\/maquina-de-beleza-de-plasma-2-em-1\/","title":{"rendered":"M\u00e1quina de beleza de plasma 2 em 1"},"content":{"rendered":"<div class=\"J_module\">\n<div class=\"detail-decorate-json-renderer-container\">\n<div class=\"magic-1\">\n<h3>O que \u00e9 o <strong>M\u00e1quina de beleza de plasma 2 em 1?<\/strong><\/h3>\n<p>O <strong>M\u00e1quina de beleza de plasma 2 em 1<\/strong> combina o poder das tecnologias de plasma flash e plasma de oz\u00f4nio para tratamento abrangente da pele. O plasma flash com cabo dourado aperta o rosto e remove manchas e rugas, enquanto o plasma de oz\u00f4nio com cabo branco oferece benef\u00edcios antiinflamat\u00f3rios, esteriliza\u00e7\u00e3o, al\u00edvio de coceira, metabolismo de pigmentos, controle de oleosidade e limpeza da pele. O dispositivo vem com sete sondas intercambi\u00e1veis projetadas para tratar v\u00e1rias condi\u00e7\u00f5es de pele, como alergias, acne, eczema e dermatite.<\/p>\n<h3>Especifica\u00e7\u00f5es<\/h3>\n<ul>\n<li><strong>Nome<\/strong>: M\u00e1quina de beleza de plasma 2 em 1<\/li>\n<li><strong>Tecnologia<\/strong>: Plasma Flash + Plasma de Oz\u00f4nio<\/li>\n<li><strong>Servi\u00e7o<\/strong>: OEM\/ODM<\/li>\n<li><strong>Tens\u00e3o<\/strong>: CA 110 V\/220 V<\/li>\n<li><strong>Pot\u00eancia de sa\u00edda<\/strong>: 10-60 W<\/li>\n<li><strong>Frequ\u00eancia de sa\u00edda<\/strong>: 15Hz-150Hz<\/li>\n<li><strong>Tamanho<\/strong>: 41(comprimento)\u00d741(largura)\u00d750(altura)cm<\/li>\n<li><strong>Peso bruto<\/strong>: Cerca de 13 kg<\/li>\n<\/ul>\n<table style=\"border-collapse: collapse; width: 100%;\">\n<tbody>\n<tr>\n<td style=\"width: 50%;\"><img loading=\"lazy\" decoding=\"async\" class=\"magic-24 aligncenter\" title=\"M\u00e1quina de beleza de plasma\" src=\"https:\/\/sc04.alicdn.com\/kf\/Hf6e5f224aa4c4cc189ebb0d5f5e15575K\/247315878\/Hf6e5f224aa4c4cc189ebb0d5f5e15575K.png\" alt=\"M\u00e1quina de beleza de plasma\" width=\"384\" height=\"256\" data-src=\"\/\/sc04.alicdn.com\/kf\/Hf6e5f224aa4c4cc189ebb0d5f5e15575K\/247315878\/Hf6e5f224aa4c4cc189ebb0d5f5e15575K.png\" \/><\/td>\n<td style=\"width: 50%;\"><img loading=\"lazy\" decoding=\"async\" class=\"magic-26 aligncenter\" title=\"M\u00e1quina de beleza de plasma\" src=\"https:\/\/sc04.alicdn.com\/kf\/H7001b3f33b1747fa92199444c8f3f588J\/247315878\/H7001b3f33b1747fa92199444c8f3f588J.png\" alt=\"M\u00e1quina de beleza de plasma\" width=\"750\" height=\"362\" data-src=\"\/\/sc04.alicdn.com\/kf\/H7001b3f33b1747fa92199444c8f3f588J\/247315878\/H7001b3f33b1747fa92199444c8f3f588J.png\" \/><\/td>\n<\/tr>\n<\/tbody>\n<\/table>\n<h3>Princ\u00edpio de funcionamento<\/h3>\n<p><strong>O que \u00e9 Plasma?<\/strong> Plasma \u00e9 um estado da mat\u00e9ria em que o g\u00e1s \u00e9 energizado, liberando energia e produzindo ioniza\u00e7\u00e3o. Nesta m\u00e1quina, a corrente cont\u00ednua (CC) \u00e9 usada como fonte de energia para criar uma sequ\u00eancia de descarga de fa\u00edsca, aquecendo a pele sem danificar os tecidos circundantes. A ponta do dispositivo, colocada a 4 mm da pele, ioniza o ar para formar plasma, estimulando a regenera\u00e7\u00e3o celular, aumentando a absor\u00e7\u00e3o da pele, proporcionando limpeza antibacteriana e melhorando a elasticidade e o contorno da pele.<\/p>\n<h3><img loading=\"lazy\" decoding=\"async\" class=\"magic-18 aligncenter\" title=\"M\u00e1quina de beleza de plasma\" src=\"https:\/\/sc04.alicdn.com\/kf\/H0f2d4ca5d81b4a798968bff0808070b4z\/247315878\/H0f2d4ca5d81b4a798968bff0808070b4z.png\" alt=\"M\u00e1quina de beleza de plasma\" width=\"546\" height=\"212\" data-src=\"\/\/sc04.alicdn.com\/kf\/H0f2d4ca5d81b4a798968bff0808070b4z\/247315878\/H0f2d4ca5d81b4a798968bff0808070b4z.png\" \/><\/h3>\n<p><img loading=\"lazy\" decoding=\"async\" class=\"magic-20 aligncenter\" title=\"M\u00e1quina de beleza de plasma\" src=\"https:\/\/sc04.alicdn.com\/kf\/H15aa9e5f516449148cf30b3128840968w\/247315878\/H15aa9e5f516449148cf30b3128840968w.png\" alt=\"M\u00e1quina de beleza de plasma\" width=\"526\" height=\"482\" data-src=\"\/\/sc04.alicdn.com\/kf\/H15aa9e5f516449148cf30b3128840968w\/247315878\/H15aa9e5f516449148cf30b3128840968w.png\" \/><\/p>\n<h3>Modos de opera\u00e7\u00e3o<\/h3>\n<ul>\n<li><strong>A: Modo Autom\u00e1tico<\/strong>: A pausa da al\u00e7a e a interface de opera\u00e7\u00e3o s\u00e3o sincronizadas com a tecla de in\u00edcio, ativada pela tela de exibi\u00e7\u00e3o ou pela al\u00e7a.<\/li>\n<li><strong>M: Modo Manual<\/strong>: Operado com um pedal, a tecla de pausa ou in\u00edcio da al\u00e7a ou da tela de exibi\u00e7\u00e3o permanece inativa.<\/li>\n<\/ul>\n<p><strong>Controlador \u00fanico de canal duplo<\/strong>: Somente uma al\u00e7a pode operar por vez.<\/p>\n<ul>\n<li><strong>Poder<\/strong>: 10-60 W<\/li>\n<li><strong>Engrenagem de frequ\u00eancia de pulso<\/strong>: 0-8<\/li>\n<li><strong>N\u00edvel de energia do equipamento<\/strong>: 1-8<\/li>\n<\/ul>\n<h3>Caracter\u00edsticas<\/h3>\n<ol>\n<li><strong>Tecnologia de Plasma<\/strong>: Ao contr\u00e1rio dos lasers, o plasma n\u00e3o tem como alvo crom\u00f3foros espec\u00edficos, o que o torna vers\u00e1til para diversas partes do corpo.<\/li>\n<li><strong>Gera\u00e7\u00e3o de calor<\/strong>: Utiliza pequenas correntes el\u00e9tricas para gerar calor.<\/li>\n<li><strong>Tratamento r\u00e1pido<\/strong>: Trata \u00e1reas fl\u00e1cidas com precis\u00e3o milim\u00e9trica, promovendo o endurecimento imediato da pele e a produ\u00e7\u00e3o de col\u00e1geno.<\/li>\n<li><strong>Regenera\u00e7\u00e3o de Col\u00e1geno<\/strong>: Estimula a regenera\u00e7\u00e3o da pele e melhora o contorno facial.<\/li>\n<\/ol>\n<h3>Fun\u00e7\u00f5es<\/h3>\n<ol>\n<li>Remo\u00e7\u00e3o de cicatriz de acne<\/li>\n<li>Remo\u00e7\u00e3o de pintas e manchas<\/li>\n<li>Remo\u00e7\u00e3o de pigmentos e sardas<\/li>\n<li>Remo\u00e7\u00e3o de estrias e corre\u00e7\u00e3o de p\u00e1lpebras<\/li>\n<li>Levantamento da pele, endurecimento e remo\u00e7\u00e3o de rugas<\/li>\n<li>Efeito tonificante<\/li>\n<\/ol>\n<h3>Efeitos<\/h3>\n<ol>\n<li>Melhora a absor\u00e7\u00e3o de ingredientes ativos em produtos para cuidados com a pele, aumentando a efic\u00e1cia cosm\u00e9tica.<\/li>\n<li>Bactericida e anti-inflamat\u00f3rio, removendo eficazmente bact\u00e9rias e marcas profundas da acne, ao mesmo tempo que previne a recorr\u00eancia.<\/li>\n<li>Acelera o metabolismo da pele, promove a regenera\u00e7\u00e3o do col\u00e1geno e alivia o envelhecimento da pele.<\/li>\n<li>Alivia a coceira causada por alergias e ressecamento.<\/li>\n<li>Inibe a produ\u00e7\u00e3o de melanina, clareia o tom da pele, melhora a qualidade da pele e fecha os poros.<\/li>\n<\/ol>\n<\/div>\n<\/div>\n<\/div>\n<div class=\"J_module\">\n<div class=\"icbu-pc-images magic-16\">\n<div>\n<div class=\"flex-layout-v\">\n<div class=\"flex-layout-h magic-16\">\n<div class=\"magic-29\"><img loading=\"lazy\" decoding=\"async\" class=\"magic-30 aligncenter\" title=\"M\u00e1quina de beleza de plasma\" src=\"https:\/\/sc04.alicdn.com\/kf\/Hc84e1501458c459f8036565a963fab8fG\/247315878\/Hc84e1501458c459f8036565a963fab8fG.png\" alt=\"M\u00e1quina de beleza de plasma\" width=\"547\" height=\"281\" data-src=\"\/\/sc04.alicdn.com\/kf\/Hc84e1501458c459f8036565a963fab8fG\/247315878\/Hc84e1501458c459f8036565a963fab8fG.png\" \/><\/div>\n<div>\n<h3><strong>Personalizar O Logotipo<\/strong><\/h3>\n<p>Quer fazer sua marca se destacam? N\u00f3s oferecemos o logotipo personalizado servi\u00e7os para ajudar voc\u00ea a criar uma \u00fanica e personalizada logo que reflete a identidade de sua marca. Nossa equipe de especialistas ir\u00e1 trabalhar em estreita colabora\u00e7\u00e3o com voc\u00ea para criar um logotipo que est\u00e1 em conson\u00e2ncia com os valores da sua marca e de mensagens. Se voc\u00ea estiver olhando para renovar o seu logotipo existente ou criar um novo a partir do zero, n\u00f3s temos que cobertas. <a href=\"\/pt\/contato\/\">Contacte-nos<\/a> hoje para saber mais sobre o nosso logotipo personalizado servi\u00e7os!<\/p>\n<\/div>\n<\/div>\n<\/div>\n<\/div>\n<\/div>\n<\/div>","protected":false},"excerpt":{"rendered":"<p><span class=\"magic-7\" style=\"font-family: Arial;\">Esta m\u00e1quina de beleza de plasma 2 em 1 consiste em um plasma flash e um plasma de oz\u00f4nio. Uma das fun\u00e7\u00f5es do plasma flash com cabo de ouro \u00e9 apertar o rosto e remover manchas e rugas. Cabo branco \u2013 fun\u00e7\u00e3o de plasma de oz\u00f4nio dois: esteriliza\u00e7\u00e3o antiinflamat\u00f3ria, aliviar coceira, pigmento metab\u00f3lico, regular a secre\u00e7\u00e3o de \u00f3leo \u2013 controle de \u00f3leo, limpar a pele. Sete sondas diferentes podem ser substitu\u00eddas para pele al\u00e9rgica, acne, eczema, dermatite e outras peles.<\/span><\/p>","protected":false},"featured_media":2327,"comment_status":"open","ping_status":"closed","template":"","meta":{"_kad_post_transparent":"default","_kad_post_title":"","_kad_post_layout":"default","_kad_post_sidebar_id":"","_kad_post_content_style":"default","_kad_post_vertical_padding":"default","_kad_post_feature":"","_kad_post_feature_position":"","_kad_post_header":false,"_kad_post_footer":false,"_kad_post_classname":"","rank_math_title":"","rank_math_description":"","rank_math_focus_keyword":""},"product_brand":[],"product_cat":[64],"product_tag":[],"class_list":{"0":"post-2334","1":"product","2":"type-product","3":"status-publish","4":"has-post-thumbnail","6":"product_cat-plasma-machines","8":"first","9":"instock","10":"shipping-taxable","11":"product-type-simple","12":"entry","13":"content-bg","14":"loop-entry"},"_links":{"self":[{"href":"https:\/\/skbty.com\/pt\/wp-json\/wp\/v2\/product\/2334","targetHints":{"allow":["GET"]}}],"collection":[{"href":"https:\/\/skbty.com\/pt\/wp-json\/wp\/v2\/product"}],"about":[{"href":"https:\/\/skbty.com\/pt\/wp-json\/wp\/v2\/types\/product"}],"replies":[{"embeddable":true,"href":"https:\/\/skbty.com\/pt\/wp-json\/wp\/v2\/comments?post=2334"}],"wp:featuredmedia":[{"embeddable":true,"href":"https:\/\/skbty.com\/pt\/wp-json\/wp\/v2\/media\/2327"}],"wp:attachment":[{"href":"https:\/\/skbty.com\/pt\/wp-json\/wp\/v2\/media?parent=2334"}],"wp:term":[{"taxonomy":"product_brand","embeddable":true,"href":"https:\/\/skbty.com\/pt\/wp-json\/wp\/v2\/product_brand?post=2334"},{"taxonomy":"product_cat","embeddable":true,"href":"https:\/\/skbty.com\/pt\/wp-json\/wp\/v2\/product_cat?post=2334"},{"taxonomy":"product_tag","embeddable":true,"href":"https:\/\/skbty.com\/pt\/wp-json\/wp\/v2\/product_tag?post=2334"}],"curies":[{"name":"Wp","href":"https:\/\/api.w.org\/{rel}","templated":true}]}}