{"id":2365,"date":"2024-01-08T16:39:32","date_gmt":"2024-01-08T08:39:32","guid":{"rendered":"https:\/\/skbty.com\/?post_type=product&#038;p=2365"},"modified":"2024-06-20T16:37:57","modified_gmt":"2024-06-20T08:37:57","slug":"maquina-analisadora-de-pele-facial-3d-de-133-polegadas","status":"publish","type":"product","link":"https:\/\/skbty.com\/pt\/product\/maquina-analisadora-de-pele-facial-3d-de-133-polegadas\/","title":{"rendered":"M\u00e1quina analisadora de pele facial 3D de 13,3 polegadas"},"content":{"rendered":"<div class=\"J_module\"><\/div>\n<div class=\"J_module\">\n<div class=\"detail-decorate-json-renderer-container\">\n<div class=\"magic-6\">\n<div class=\"magic-7\">\n<div class=\"magic-8\">\n<div>\n<h3>O que \u00e9 o 3D <strong>Analisador de pele facial?<\/strong><\/h3>\n<p>O 3D <strong>Analisador de pele facial<\/strong> \u00e9 um dispositivo port\u00e1til de \u00faltima gera\u00e7\u00e3o projetado para an\u00e1lise abrangente da pele. Usando tecnologias avan\u00e7adas como escaneamento facial 3D, reconhecimento facial de IA e aprendizado profundo, este dispositivo avalia com precis\u00e3o as condi\u00e7\u00f5es da pele para fornecer uma base cient\u00edfica para o gerenciamento personalizado de cuidados com a pele.<\/p>\n<h3><img loading=\"lazy\" decoding=\"async\" class=\"magic-15 aligncenter\" title=\"Analisador de pele facial\" src=\"https:\/\/sc04.alicdn.com\/kf\/H574aefb44f984ee9b4230c799b4235eez\/247315878\/H574aefb44f984ee9b4230c799b4235eez.png\" alt=\"Analisador de pele facial\" width=\"531\" height=\"397\" data-src=\"\/\/sc04.alicdn.com\/kf\/H574aefb44f984ee9b4230c799b4235eez\/247315878\/H574aefb44f984ee9b4230c799b4235eez.png\" \/><\/h3>\n<h3>Especifica\u00e7\u00f5es<\/h3>\n<ul>\n<li><strong>Nome<\/strong>: Analisador de pele facial 3D<\/li>\n<li><strong>Tipo<\/strong>: Port\u00e1til<\/li>\n<li><strong>Fun\u00e7\u00e3o<\/strong>: An\u00e1lise de rugas da pele, an\u00e1lise de pigmenta\u00e7\u00e3o, an\u00e1lise de acne, detec\u00e7\u00e3o de umidade da pele<\/li>\n<li><strong>Mostrar<\/strong>: 13,3 polegadas<\/li>\n<li><strong>Entrada<\/strong>: CA 100\/240 V 50\/60 Hz<\/li>\n<li><strong>Poder<\/strong>: 0-100 W<\/li>\n<li><strong>Corrente nominal<\/strong>: 1A<\/li>\n<li><strong>Servi\u00e7o OEM<\/strong>: Apoiar<\/li>\n<\/ul>\n<h3>Princ\u00edpio de funcionamento<\/h3>\n<p>O 3D <strong>Analisador de pele facial<\/strong> usa 36 milh\u00f5es de pixels de alta defini\u00e7\u00e3o para capturar imagens da pele facial. Ele emprega 8 tecnologias de imagem espectral, reconhecimento facial de IA, aprendizado profundo, simula\u00e7\u00e3o 3D e computa\u00e7\u00e3o em nuvem para analisar quantitativamente patologias superficiais e profundas da pele. Este dispositivo detecta 14 indicadores de sa\u00fade da pele, fornecendo uma avalia\u00e7\u00e3o abrangente das condi\u00e7\u00f5es da pele para um gerenciamento preciso da pele.<\/p>\n<h3><img loading=\"lazy\" decoding=\"async\" class=\"magic-20 aligncenter\" title=\"Analisador de pele facial\" src=\"https:\/\/sc04.alicdn.com\/kf\/H34a4d9d9a1e34a31ba97df47073ae67eS\/247315878\/H34a4d9d9a1e34a31ba97df47073ae67eS.png\" alt=\"Analisador de pele facial\" width=\"561\" height=\"560\" data-src=\"\/\/sc04.alicdn.com\/kf\/H34a4d9d9a1e34a31ba97df47073ae67eS\/247315878\/H34a4d9d9a1e34a31ba97df47073ae67eS.png\" \/><\/h3>\n<h3>Dez M\u00f3dulos<\/h3>\n<ol>\n<li><strong>M\u00f3dulo de gerenciamento de arquivos<\/strong><\/li>\n<li><strong>M\u00f3dulos de Computa\u00e7\u00e3o em Nuvem e Armazenamento em Nuvem<\/strong><\/li>\n<li><strong>M\u00f3dulos de An\u00e1lise Quantitativa de Superf\u00edcie e Profunda<\/strong><\/li>\n<li><strong>M\u00f3dulo de Predi\u00e7\u00e3o de Pele<\/strong><\/li>\n<li><strong>M\u00f3dulo de Simula\u00e7\u00e3o 3D<\/strong><\/li>\n<li><strong>M\u00f3dulo Pele Problem\u00e1tica<\/strong><\/li>\n<li><strong>M\u00f3dulo de An\u00e1lise Comparativa<\/strong><\/li>\n<li><strong>M\u00f3dulo de Relat\u00f3rio Integrado<\/strong><\/li>\n<li><strong>M\u00f3dulo de solu\u00e7\u00e3o<\/strong><\/li>\n<li><strong>M\u00f3dulo de personaliza\u00e7\u00e3o VIP<\/strong><\/li>\n<\/ol>\n<h3>Caracter\u00edsticas<\/h3>\n<ol>\n<li><strong>Super Computa\u00e7\u00e3o em Nuvem<\/strong>: Oferece velocidade de an\u00e1lise sem precedentes.<\/li>\n<li><strong>Dados objetivos e precisos<\/strong>: Fornece an\u00e1lise precisa da pele.<\/li>\n<li><strong>C\u00e2meras HD<\/strong>: C\u00e2meras de n\u00edvel industrial garantem qualidade de imagem de alta defini\u00e7\u00e3o.<\/li>\n<li><strong>Reconhecimento facial<\/strong>: Contorna automaticamente o rosto para uma an\u00e1lise mais r\u00e1pida.<\/li>\n<li><strong>Aprendizagem Profunda Inteligente<\/strong>: Atualiza\u00e7\u00f5es cont\u00ednuas e precis\u00e3o de dados aprimorada.<\/li>\n<li><strong>Armazenamento em nuvem<\/strong>: Capacidade ilimitada para armazenamento de dados.<\/li>\n<li><strong>Gerenciamento de m\u00faltiplas contas<\/strong>: Suporta m\u00faltiplas contas de usu\u00e1rio.<\/li>\n<\/ol>\n<h3><img loading=\"lazy\" decoding=\"async\" class=\"magic-24 aligncenter\" title=\"Analisador de pele facial\" src=\"https:\/\/sc04.alicdn.com\/kf\/H70a26c09279a4c80a559345bab1eac1dP\/247315878\/H70a26c09279a4c80a559345bab1eac1dP.png\" alt=\"Analisador de pele facial\" width=\"697\" height=\"447\" data-src=\"\/\/sc04.alicdn.com\/kf\/H70a26c09279a4c80a559345bab1eac1dP\/247315878\/H70a26c09279a4c80a559345bab1eac1dP.png\" \/><\/h3>\n<h3>Aplica\u00e7\u00f5es<\/h3>\n<ol>\n<li><strong>Irregularidades da pele<\/strong>: Detecta sardas, danos causados pelo sol e problemas vasculares na superf\u00edcie da pele.<\/li>\n<li><strong>Rugas<\/strong>: Identifica rugas, auxiliando na produ\u00e7\u00e3o de col\u00e1geno e elastina.<\/li>\n<li><strong>Textura<\/strong>: Analisa a textura da pele, destacando \u00e1reas elevadas e afundadas.<\/li>\n<li><strong>Poros<\/strong>: Avalia a distribui\u00e7\u00e3o dos poros e sugere tratamentos para reduzir espinhas.<\/li>\n<li><strong>Manchas UV<\/strong>: Detecta danos causados pelo sol e manchas em v\u00e1rias camadas da pele.<\/li>\n<li><strong>Descolora\u00e7\u00e3o da pele<\/strong>: Identifica sombras, pigmenta\u00e7\u00e3o e problemas gerais de tom de pele.<\/li>\n<li><strong>\u00c1rea Vascular<\/strong>: Detecta vermelhid\u00e3o causada por capilares rompidos, inflama\u00e7\u00e3o ou acne.<\/li>\n<li><strong>Bact\u00e9rias e \u00d3leos<\/strong>: Analisa bact\u00e9rias e oleosidade natural da pele, sugerindo tratamentos de limpeza.<\/li>\n<\/ol>\n<h3><img loading=\"lazy\" decoding=\"async\" class=\"magic-26 aligncenter\" title=\"Analisador de pele facial\" src=\"https:\/\/sc04.alicdn.com\/kf\/He939f08b8df343019642a2069afb6030Y\/247315878\/He939f08b8df343019642a2069afb6030Y.png\" alt=\"Analisador de pele facial\" width=\"601\" height=\"1047\" data-src=\"\/\/sc04.alicdn.com\/kf\/He939f08b8df343019642a2069afb6030Y\/247315878\/He939f08b8df343019642a2069afb6030Y.png\" \/><\/h3>\n<h3>Benef\u00edcios<\/h3>\n<ul>\n<li><strong>An\u00e1lise abrangente da pele<\/strong>: Fornece informa\u00e7\u00f5es detalhadas sobre a sa\u00fade da pele para cuidados personalizados.<\/li>\n<li><strong>Tecnologia Avan\u00e7ada<\/strong>: Utiliza IA, aprendizado profundo e simula\u00e7\u00e3o 3D para an\u00e1lises precisas.<\/li>\n<li><strong>Amigo do usu\u00e1rio<\/strong>: Possui uma grande tela sens\u00edvel ao toque e uma interface f\u00e1cil de usar.<\/li>\n<li><strong>Eficiente em termos de tempo<\/strong>: An\u00e1lise r\u00e1pida e precisa com reconhecimento facial automatizado.<\/li>\n<li><strong>Armazenamento baseado em nuvem<\/strong>: Garante que os dados sejam armazenados com seguran\u00e7a e facilmente acess\u00edveis.<\/li>\n<\/ul>\n<\/div>\n<div class=\"magic-9\">\n<div>\n<h3><strong>Personalizar O Logotipo<\/strong><\/h3>\n<p>Quer fazer sua marca se destacam? N\u00f3s oferecemos o logotipo personalizado servi\u00e7os para ajudar voc\u00ea a criar uma \u00fanica e personalizada logo que reflete a identidade de sua marca. Nossa equipe de especialistas ir\u00e1 trabalhar em estreita colabora\u00e7\u00e3o com voc\u00ea para criar um logotipo que est\u00e1 em conson\u00e2ncia com os valores da sua marca e de mensagens. Se voc\u00ea estiver olhando para renovar o seu logotipo existente ou criar um novo a partir do zero, n\u00f3s temos que cobertas. <a href=\"\/pt\/contato\/\">Contacte-nos<\/a> hoje para saber mais sobre o nosso logotipo personalizado servi\u00e7os!<\/p>\n<\/div>\n<\/div>\n<\/div>\n<\/div>\n<\/div>\n<\/div>\n<\/div>\n<div class=\"J_module\">\n<div class=\"detail-decorate-json-renderer-container\">\n<div class=\"magic-6\">\n<div class=\"magic-7\">\n<div class=\"magic-8\"><\/div>\n<\/div>\n<\/div>\n<\/div>\n<\/div>","protected":false},"excerpt":{"rendered":"<p><span class=\"magic-18\" style=\"font-family: Arial;\">Por meio de 36 milh\u00f5es de pixels de alta defini\u00e7\u00e3o para obter condi\u00e7\u00f5es de imagem da pele facial, usando 8 tipos de tecnologia de imagem espectral, tecnologia de reconhecimento facial de IA, tecnologia de aprendizado profundo, tecnologia de simula\u00e7\u00e3o 3D, armazenamento em nuvem de computa\u00e7\u00e3o em nuvem, an\u00e1lise quantitativa da superf\u00edcie da pele e caracter\u00edsticas patol\u00f3gicas profundas da pele, detec\u00e7\u00e3o de 14 indicadores de sa\u00fade da pele. An\u00e1lise e avalia\u00e7\u00e3o abrangentes de problemas de pele, com base em base razo\u00e1vel para gerenciamento cient\u00edfico e preciso da pele.<\/span><\/p>","protected":false},"featured_media":2366,"comment_status":"open","ping_status":"closed","template":"","meta":{"_kad_post_transparent":"default","_kad_post_title":"","_kad_post_layout":"default","_kad_post_sidebar_id":"","_kad_post_content_style":"default","_kad_post_vertical_padding":"default","_kad_post_feature":"","_kad_post_feature_position":"","_kad_post_header":false,"_kad_post_footer":false,"_kad_post_classname":"","rank_math_title":"","rank_math_description":"","rank_math_focus_keyword":""},"product_brand":[],"product_cat":[32],"product_tag":[],"class_list":{"0":"post-2365","1":"product","2":"type-product","3":"status-publish","4":"has-post-thumbnail","6":"product_cat-skin-analyzer","8":"first","9":"instock","10":"shipping-taxable","11":"product-type-simple","12":"entry","13":"content-bg","14":"loop-entry"},"_links":{"self":[{"href":"https:\/\/skbty.com\/pt\/wp-json\/wp\/v2\/product\/2365","targetHints":{"allow":["GET"]}}],"collection":[{"href":"https:\/\/skbty.com\/pt\/wp-json\/wp\/v2\/product"}],"about":[{"href":"https:\/\/skbty.com\/pt\/wp-json\/wp\/v2\/types\/product"}],"replies":[{"embeddable":true,"href":"https:\/\/skbty.com\/pt\/wp-json\/wp\/v2\/comments?post=2365"}],"wp:featuredmedia":[{"embeddable":true,"href":"https:\/\/skbty.com\/pt\/wp-json\/wp\/v2\/media\/2366"}],"wp:attachment":[{"href":"https:\/\/skbty.com\/pt\/wp-json\/wp\/v2\/media?parent=2365"}],"wp:term":[{"taxonomy":"product_brand","embeddable":true,"href":"https:\/\/skbty.com\/pt\/wp-json\/wp\/v2\/product_brand?post=2365"},{"taxonomy":"product_cat","embeddable":true,"href":"https:\/\/skbty.com\/pt\/wp-json\/wp\/v2\/product_cat?post=2365"},{"taxonomy":"product_tag","embeddable":true,"href":"https:\/\/skbty.com\/pt\/wp-json\/wp\/v2\/product_tag?post=2365"}],"curies":[{"name":"Wp","href":"https:\/\/api.w.org\/{rel}","templated":true}]}}