{"id":2381,"date":"2024-01-08T17:16:03","date_gmt":"2024-01-08T09:16:03","guid":{"rendered":"https:\/\/skbty.com\/?post_type=product&#038;p=2381"},"modified":"2024-06-20T16:19:27","modified_gmt":"2024-06-20T08:19:27","slug":"16-alcas-estimulador-muscular-eletrico-maquina-de-escultura-corporal-ems","status":"publish","type":"product","link":"https:\/\/skbty.com\/pt\/product\/16-alcas-estimulador-muscular-eletrico-maquina-de-escultura-corporal-ems\/","title":{"rendered":"16 al\u00e7as estimulador muscular m\u00e1quina de escultura corporal EMS"},"content":{"rendered":"<div class=\"J_module\">\n<div class=\"detail-decorate-json-renderer-container\">\n<div class=\"magic-1\">\n<h3>O que \u00e9 o <strong>M\u00e1quina de EMS para escultura corporal?<\/strong><\/h3>\n<p><strong>M\u00e1quina de EMS para escultura corporal<\/strong> \u00e9 um dispositivo de modelagem muscular personalizado projetado para melhorar o t\u00f4nus muscular, reduzir a gordura e melhorar os contornos corporais em geral. Com sua avan\u00e7ada tecnologia EMS, esta m\u00e1quina estimula as contra\u00e7\u00f5es musculares usando pulsos el\u00e9tricos, oferecendo uma modelagem corporal eficaz e n\u00e3o invasiva.<\/p>\n<p><img loading=\"lazy\" decoding=\"async\" class=\"magic-17 aligncenter\" title=\"M\u00e1quina de EMS para escultura corporal\" src=\"https:\/\/sc04.alicdn.com\/kf\/Hb95adc868ae64bb1b012d7b9650f3e117\/247315878\/Hb95adc868ae64bb1b012d7b9650f3e117.png\" alt=\"M\u00e1quina de EMS para escultura corporal\" width=\"558\" height=\"468\" data-src=\"\/\/sc04.alicdn.com\/kf\/Hb95adc868ae64bb1b012d7b9650f3e117\/247315878\/Hb95adc868ae64bb1b012d7b9650f3e117.png\" \/><\/p>\n<h3><img loading=\"lazy\" decoding=\"async\" class=\"magic-15 aligncenter\" title=\"M\u00e1quina de EMS para escultura corporal\" src=\"https:\/\/sc04.alicdn.com\/kf\/H8d68ab09258b42dea31288da0ef4e43dQ\/247315878\/H8d68ab09258b42dea31288da0ef4e43dQ.png\" alt=\"M\u00e1quina de EMS para escultura corporal\" width=\"513\" height=\"407\" data-src=\"\/\/sc04.alicdn.com\/kf\/H8d68ab09258b42dea31288da0ef4e43dQ\/247315878\/H8d68ab09258b42dea31288da0ef4e43dQ.png\" \/><\/h3>\n<h3>Especifica\u00e7\u00f5es<\/h3>\n<ul>\n<li><strong>Nome do produto<\/strong>: M\u00e1quina de EMS para escultura corporal<\/li>\n<li><strong>Tela de exibi\u00e7\u00e3o<\/strong>: Tela sens\u00edvel ao toque de 10,4 polegadas<\/li>\n<li><strong>Tens\u00e3o<\/strong>: CA 110 V\/220 V<\/li>\n<li><strong>Tamanho da caixa de ar<\/strong>: 65\u00d745\u00d769 cm<\/li>\n<li><strong>Peso bruto<\/strong>: Cerca de 28 kg<\/li>\n<li><strong>Tecnologia<\/strong>: Pulsos el\u00e9tricos EMS<\/li>\n<\/ul>\n<h3>Princ\u00edpio de funcionamento<\/h3>\n<p>O <strong>M\u00e1quina de EMS para escultura corporal<\/strong> opera liberando energia de pulso el\u00e9trico de alta intensidade por meio de al\u00e7as de eletrodos. Esses pulsos estimulam diretamente os m\u00fasculos profundos, desencadeando contra\u00e7\u00f5es musculares cont\u00ednuas e r\u00e1pidas. Esse processo aumenta a tens\u00e3o muscular, a massa e a for\u00e7a, ao mesmo tempo em que promove o crescimento muscular e a redu\u00e7\u00e3o de gordura. As al\u00e7as e adesivos de gel exclusivos da m\u00e1quina garantem que a energia seja entregue de forma eficiente, imitando os potenciais de a\u00e7\u00e3o naturais iniciados pelo sistema nervoso.<\/p>\n<h3><img loading=\"lazy\" decoding=\"async\" class=\"magic-10 aligncenter\" title=\"M\u00e1quina de EMS para escultura corporal\" src=\"https:\/\/sc04.alicdn.com\/kf\/Ha10207a26ec245d4b98b884e0370563bV\/247315878\/Ha10207a26ec245d4b98b884e0370563bV.png\" alt=\"M\u00e1quina de EMS para escultura corporal\" width=\"582\" height=\"372\" data-src=\"\/\/sc04.alicdn.com\/kf\/Ha10207a26ec245d4b98b884e0370563bV\/247315878\/Ha10207a26ec245d4b98b884e0370563bV.png\" \/><\/h3>\n<h3>Fun\u00e7\u00f5es<\/h3>\n<ol>\n<li><strong>Modelagem corporal<\/strong>: Melhora o contorno geral do corpo.<\/li>\n<li><strong>Redu\u00e7\u00e3o de gordura<\/strong>: Elimina c\u00e9lulas de gordura persistentes e papadas.<\/li>\n<li><strong>Lifting e Firmeza da Pele<\/strong>: Aperta e firma a pele.<\/li>\n<li><strong>Regenera\u00e7\u00e3o de Col\u00e1geno<\/strong>: Promove a produ\u00e7\u00e3o de col\u00e1geno.<\/li>\n<li><strong>Contorno facial melhorado<\/strong>: Melhora o contorno facial e a defini\u00e7\u00e3o do maxilar.<\/li>\n<\/ol>\n<h3>Vantagens<\/h3>\n<ol>\n<li><strong>N\u00e3o invasivo e confort\u00e1vel<\/strong>: Tratamento seguro e n\u00e3o invasivo com uma experi\u00eancia confort\u00e1vel.<\/li>\n<li><strong>Eficiente e r\u00e1pido<\/strong>: Oferece resultados mais r\u00e1pidos e eficazes.<\/li>\n<li><strong>Economia de tempo<\/strong>: V\u00e1rios cabos permitem o tratamento simult\u00e2neo de at\u00e9 oito \u00e1reas.<\/li>\n<li><strong>Tratamentos Personalizados<\/strong>: 16 al\u00e7as oferecem op\u00e7\u00f5es para diferentes partes do corpo e grupos musculares.<\/li>\n<li><strong>Resultados Eficazes<\/strong>: Aumenta a massa muscular em 30% e reduz a gordura em 25%.<\/li>\n<li><strong>F\u00e1cil opera\u00e7\u00e3o<\/strong>: Simples de usar, com modos autom\u00e1tico e manual.<\/li>\n<li><strong>Loop Inteligente<\/strong>: Possui um modo autom\u00e1tico para loop inteligente.<\/li>\n<li><strong>Loop personalizado<\/strong>: Modo manual para controle de energia personalizado.<\/li>\n<\/ol>\n<h3>Aplica\u00e7\u00f5es<\/h3>\n<ul>\n<li><strong>M\u00fasculos de forma e tonifica\u00e7\u00e3o<\/strong>: Melhora a defini\u00e7\u00e3o e o t\u00f4nus muscular.<\/li>\n<li><strong>Elimine c\u00e9lulas de gordura<\/strong>: Reduz gordura localizada e papadas.<\/li>\n<li><strong>Levante e Firme a Pele<\/strong>: Melhora a firmeza e a firmeza da pele.<\/li>\n<li><strong>Aumente a produ\u00e7\u00e3o de col\u00e1geno<\/strong>: Melhora a regenera\u00e7\u00e3o do col\u00e1geno para uma pele mais saud\u00e1vel.<\/li>\n<li><strong>Melhoria do Contorno<\/strong>: Refina os contornos gerais do rosto e do corpo.<\/li>\n<\/ul>\n<h3>Benef\u00edcios<\/h3>\n<ul>\n<li><strong>Contorno Corporal Abrangente<\/strong>: Trate v\u00e1rias \u00e1reas simultaneamente para um corpo mais esculpido.<\/li>\n<li><strong>N\u00e3o invasivo<\/strong>: Seguro e confort\u00e1vel, sem tempo de inatividade.<\/li>\n<li><strong>Estimula\u00e7\u00e3o Muscular Eficiente<\/strong>: Utiliza tecnologia EMS avan\u00e7ada para contra\u00e7\u00e3o muscular eficaz e redu\u00e7\u00e3o de gordura.<\/li>\n<li><strong>Tratamento personalizado<\/strong>: Adapte a intensidade e o foco dos tratamentos \u00e0s necessidades individuais.<\/li>\n<\/ul>\n<h3><strong>Personalizar O Logotipo<\/strong><\/h3>\n<p>Quer fazer sua marca se destacam? N\u00f3s oferecemos o logotipo personalizado servi\u00e7os para ajudar voc\u00ea a criar uma \u00fanica e personalizada logo que reflete a identidade de sua marca. Nossa equipe de especialistas ir\u00e1 trabalhar em estreita colabora\u00e7\u00e3o com voc\u00ea para criar um logotipo que est\u00e1 em conson\u00e2ncia com os valores da sua marca e de mensagens. Se voc\u00ea estiver olhando para renovar o seu logotipo existente ou criar um novo a partir do zero, n\u00f3s temos que cobertas. <a href=\"\/pt\/contato\/\">Contacte-nos<\/a> hoje para saber mais sobre o nosso logotipo personalizado servi\u00e7os!<\/p>\n<\/div>\n<\/div>\n<\/div>","protected":false},"excerpt":{"rendered":"<p><span class=\"magic-7\" style=\"font-family: Arial;\">EMS \u00e9 um dispositivo de modelagem muscular personalizado. O dispositivo \u00e9 composto por 4 cabos de n\u00facleo de eletrodo, cada cabo de n\u00facleo de eletrodo \u00e9 composto por 4 al\u00e7as de eletrodo, um total de 16 al\u00e7as de trabalho. Ao colocar as m\u00e3os no corpo, voc\u00ea pode tratar at\u00e9 oito \u00e1reas de uma vez. Com uma variedade de configura\u00e7\u00f5es de intensidade e modos de tratamento, o Human Carving EMS fornece impulsos el\u00e9tricos por meio de uma al\u00e7a colocada na pele do m\u00fasculo, imitando potenciais de a\u00e7\u00e3o iniciados pelo sistema nervoso, desencadeando contra\u00e7\u00f5es musculares r\u00edtmicas e estimulando o metabolismo e a circula\u00e7\u00e3o sangu\u00ednea. <\/span><\/p>","protected":false},"featured_media":2382,"comment_status":"open","ping_status":"closed","template":"","meta":{"_kad_post_transparent":"default","_kad_post_title":"","_kad_post_layout":"default","_kad_post_sidebar_id":"","_kad_post_content_style":"default","_kad_post_vertical_padding":"default","_kad_post_feature":"","_kad_post_feature_position":"","_kad_post_header":false,"_kad_post_footer":false,"_kad_post_classname":"","rank_math_title":"","rank_math_description":"","rank_math_focus_keyword":""},"product_brand":[],"product_cat":[31],"product_tag":[],"class_list":{"0":"post-2381","1":"product","2":"type-product","3":"status-publish","4":"has-post-thumbnail","6":"product_cat-body-slimming","8":"first","9":"instock","10":"shipping-taxable","11":"product-type-simple","12":"entry","13":"content-bg","14":"loop-entry"},"_links":{"self":[{"href":"https:\/\/skbty.com\/pt\/wp-json\/wp\/v2\/product\/2381","targetHints":{"allow":["GET"]}}],"collection":[{"href":"https:\/\/skbty.com\/pt\/wp-json\/wp\/v2\/product"}],"about":[{"href":"https:\/\/skbty.com\/pt\/wp-json\/wp\/v2\/types\/product"}],"replies":[{"embeddable":true,"href":"https:\/\/skbty.com\/pt\/wp-json\/wp\/v2\/comments?post=2381"}],"wp:featuredmedia":[{"embeddable":true,"href":"https:\/\/skbty.com\/pt\/wp-json\/wp\/v2\/media\/2382"}],"wp:attachment":[{"href":"https:\/\/skbty.com\/pt\/wp-json\/wp\/v2\/media?parent=2381"}],"wp:term":[{"taxonomy":"product_brand","embeddable":true,"href":"https:\/\/skbty.com\/pt\/wp-json\/wp\/v2\/product_brand?post=2381"},{"taxonomy":"product_cat","embeddable":true,"href":"https:\/\/skbty.com\/pt\/wp-json\/wp\/v2\/product_cat?post=2381"},{"taxonomy":"product_tag","embeddable":true,"href":"https:\/\/skbty.com\/pt\/wp-json\/wp\/v2\/product_tag?post=2381"}],"curies":[{"name":"Wp","href":"https:\/\/api.w.org\/{rel}","templated":true}]}}