{"id":2400,"date":"2024-01-11T17:51:00","date_gmt":"2024-01-11T09:51:00","guid":{"rendered":"https:\/\/skbty.com\/?post_type=product&#038;p=2400"},"modified":"2026-03-31T17:03:44","modified_gmt":"2026-03-31T09:03:44","slug":"ret-face-ems-rf-maquina-de-beleza-facial","status":"publish","type":"product","link":"https:\/\/skbty.com\/pt\/product\/ret-face-ems-rf-maquina-de-beleza-facial\/","title":{"rendered":"RET-Face de EMS Cara do RF M\u00e1quina da Beleza"},"content":{"rendered":"<div class=\"J_module\">\n<div class=\"detail-decorate-json-renderer-container\">\n<div class=\"magic-2\">\n<div class=\"magic-3\">\n<div class=\"magic-4\">\n<div class=\"magic-5\">\n<h3>O que \u00e9 o <strong>M\u00e1quina de beleza facial EMS RF?<\/strong><\/h3>\n<p>O <strong>EMS Cara do RF M\u00e1quina da Beleza<\/strong> utiliza energia t\u00e9rmica sincronizada e tecnologia magn\u00e9tica de pulso de alta intensidade para melhorar o tratamento da pele e m\u00fasculos faciais. Este dispositivo avan\u00e7ado combina energias de RF e HI-EMS para levantamento eficaz da pele, endurecimento, remo\u00e7\u00e3o de rugas e tonifica\u00e7\u00e3o muscular.<\/p>\n<table style=\"border-collapse: collapse; width: 100%;\">\n<tbody>\n<tr>\n<td style=\"width: 50%;\"><img loading=\"lazy\" decoding=\"async\" class=\"magic-15 aligncenter\" title=\"EMS Cara do RF M\u00e1quina da Beleza\" src=\"https:\/\/sc04.alicdn.com\/kf\/H56243138d7944e57b9992e9fd42209c2W\/247315878\/H56243138d7944e57b9992e9fd42209c2W.png\" alt=\"EMS Cara do RF M\u00e1quina da Beleza\" width=\"401\" height=\"326\" data-src=\"\/\/sc04.alicdn.com\/kf\/H56243138d7944e57b9992e9fd42209c2W\/247315878\/H56243138d7944e57b9992e9fd42209c2W.png\" \/><\/td>\n<td style=\"width: 50%;\"><img loading=\"lazy\" decoding=\"async\" class=\"magic-26 aligncenter\" title=\"EMS Cara do RF M\u00e1quina da Beleza\" src=\"https:\/\/sc04.alicdn.com\/kf\/H5703c3be9f9c481a9159d56615913d2a3\/247315878\/H5703c3be9f9c481a9159d56615913d2a3.png\" alt=\"EMS Cara do RF M\u00e1quina da Beleza\" width=\"415\" height=\"329\" data-src=\"\/\/sc04.alicdn.com\/kf\/H5703c3be9f9c481a9159d56615913d2a3\/247315878\/H5703c3be9f9c481a9159d56615913d2a3.png\" \/><\/td>\n<\/tr>\n<\/tbody>\n<\/table>\n<h3>Especifica\u00e7\u00f5es<\/h3>\n<ul>\n<li><strong>Nome<\/strong>: M\u00e1quina de beleza facial EMS RF<\/li>\n<li><strong>Al\u00e7a de opera\u00e7\u00e3o<\/strong>: 6 remendos<\/li>\n<li><strong>Poder<\/strong>: 100-220 V, 50\/60 Hz<\/li>\n<li><strong>Energia das ondas eletromagn\u00e9ticas<\/strong>: 0-1,8T<\/li>\n<li><strong>Mostrar<\/strong>: Tela sens\u00edvel ao toque de 15,6 polegadas<\/li>\n<li><strong>Frequ\u00eancia RF<\/strong>: 1 milh\u00e3o<\/li>\n<li><strong>Pulso<\/strong>: 200\u03bcs (microssegundo)<\/li>\n<li><strong>Energia el\u00e9trica<\/strong>: 40mA<\/li>\n<li><strong>Tamanho do chassi<\/strong>: 57\u00d737,6\u00d790 cm<\/li>\n<li><strong>Tamanho da caixa de ar<\/strong>: 66x60x114 cm<\/li>\n<li><strong>Peso da embalagem<\/strong>: 84 kg<\/li>\n<\/ul>\n<h3>Princ\u00edpio de funcionamento<\/h3>\n<p>O <strong>EMS Cara do RF M\u00e1quina da Beleza<\/strong> opera utilizando energia t\u00e9rmica sincronizada para aquecer a derme, aumentando a produ\u00e7\u00e3o de col\u00e1geno para restaurar a elasticidade da pele e remover rugas. A tecnologia magn\u00e9tica de pulso de alta intensidade estimula as contra\u00e7\u00f5es musculares, aumentando seletivamente a intensidade e a qualidade muscular. Esta abordagem de dupla a\u00e7\u00e3o atinge o lifting da pele, a firmeza e a remo\u00e7\u00e3o de rugas, ao mesmo tempo que regenera a pele e melhora o t\u00f4nus muscular.<\/p>\n<table style=\"border-collapse: collapse; width: 100%;\">\n<tbody>\n<tr>\n<td style=\"width: 50%;\"><img loading=\"lazy\" decoding=\"async\" class=\"magic-20 aligncenter\" title=\"EMS Cara do RF M\u00e1quina da Beleza\" src=\"https:\/\/sc04.alicdn.com\/kf\/H97ca48af7e2e449e93693de755539863A\/247315878\/H97ca48af7e2e449e93693de755539863A.png\" alt=\"EMS Cara do RF M\u00e1quina da Beleza\" width=\"400\" height=\"255\" data-src=\"\/\/sc04.alicdn.com\/kf\/H97ca48af7e2e449e93693de755539863A\/247315878\/H97ca48af7e2e449e93693de755539863A.png\" \/><\/td>\n<td style=\"width: 50%;\"><img loading=\"lazy\" decoding=\"async\" class=\"magic-22 alignnone\" title=\"EMS Cara do RF M\u00e1quina da Beleza\" src=\"https:\/\/sc04.alicdn.com\/kf\/H8006c765200f4ab9a3b5105587d12ba0y\/247315878\/H8006c765200f4ab9a3b5105587d12ba0y.png\" alt=\"EMS Cara do RF M\u00e1quina da Beleza\" width=\"541\" height=\"222\" data-src=\"\/\/sc04.alicdn.com\/kf\/H8006c765200f4ab9a3b5105587d12ba0y\/247315878\/H8006c765200f4ab9a3b5105587d12ba0y.png\" \/><\/td>\n<\/tr>\n<\/tbody>\n<\/table>\n<h3>Principais Caracter\u00edsticas<\/h3>\n<ol>\n<li><strong>Lifting e endurecimento da pele<\/strong>: Melhora a firmeza e elasticidade da pele.<\/li>\n<li><strong>Remo\u00e7\u00e3o de rugas<\/strong>: Reduz a apar\u00eancia de rugas.<\/li>\n<li><strong>Levantamento muscular<\/strong>: Aumenta o t\u00f4nus muscular e a elasticidade.<\/li>\n<li><strong>Regenera Elastina e Col\u00e1geno<\/strong>: Aumenta a produ\u00e7\u00e3o de prote\u00ednas essenciais da pele.<\/li>\n<\/ol>\n<h3>Vantagens t\u00e9cnicas<\/h3>\n<ol>\n<li><strong>2 Terapias em um Procedimento<\/strong>: Combina energias RF e HI-EMS sincronizadas para tratamento simult\u00e2neo da pele e dos m\u00fasculos do rosto.<\/li>\n<li><strong>N\u00e3o invasivo \/ indolor \/ sem agulhas<\/strong>: Completamente n\u00e3o invasivo e sem tempo de inatividade.<\/li>\n<li><strong>Tratamento Facial<\/strong>: Reduz rugas faciais, aumenta o t\u00f4nus e a densidade muscular, melhora o lifting facial, estimula o col\u00e1geno e duplica a produ\u00e7\u00e3o de elastina.<\/li>\n<li><strong>Opera\u00e7\u00e3o m\u00e3os-livres<\/strong>:O procedimento \u00e9 executado de forma independente ap\u00f3s a fixa\u00e7\u00e3o dos aplicadores.<\/li>\n<li><strong>Tratamento Facial Completo em 20 Minutos<\/strong>: Tratamento confort\u00e1vel e f\u00e1cil de usar, com dura\u00e7\u00e3o de apenas 20 minutos.<\/li>\n<\/ol>\n<table style=\"border-collapse: collapse; width: 100%; height: 30px;\">\n<tbody>\n<tr style=\"height: 30px;\">\n<td style=\"width: 50%; height: 30px;\"><img loading=\"lazy\" decoding=\"async\" class=\"magic-28 aligncenter\" title=\"EMS Cara do RF M\u00e1quina da Beleza\" src=\"https:\/\/sc04.alicdn.com\/kf\/H3c4db5ae756141508bced991de1fbee8n\/247315878\/H3c4db5ae756141508bced991de1fbee8n.png\" alt=\"EMS Cara do RF M\u00e1quina da Beleza\" width=\"390\" height=\"312\" data-src=\"\/\/sc04.alicdn.com\/kf\/H3c4db5ae756141508bced991de1fbee8n\/247315878\/H3c4db5ae756141508bced991de1fbee8n.png\" \/><\/td>\n<td style=\"width: 50%; height: 30px;\"><img loading=\"lazy\" decoding=\"async\" class=\"magic-31 aligncenter\" title=\"EMS Cara do RF M\u00e1quina da Beleza\" src=\"https:\/\/sc04.alicdn.com\/kf\/Hbd4cb5c0df234ea6a35231aa1a92e99bg\/247315878\/Hbd4cb5c0df234ea6a35231aa1a92e99bg.png\" alt=\"EMS Cara do RF M\u00e1quina da Beleza\" width=\"453\" height=\"336\" data-src=\"\/\/sc04.alicdn.com\/kf\/Hbd4cb5c0df234ea6a35231aa1a92e99bg\/247315878\/Hbd4cb5c0df234ea6a35231aa1a92e99bg.png\" \/><\/td>\n<\/tr>\n<\/tbody>\n<\/table>\n<h3>Aplica\u00e7\u00f5es<\/h3>\n<ul>\n<li><strong>Lifting e endurecimento da pele<\/strong>: Proporciona uma apar\u00eancia mais firme e jovem.<\/li>\n<li><strong>Remo\u00e7\u00e3o de rugas<\/strong>: Suaviza linhas finas e rugas.<\/li>\n<li><strong>Levantamento muscular<\/strong>: Melhora o t\u00f4nus e a elasticidade dos m\u00fasculos faciais.<\/li>\n<li><strong>Regenera\u00e7\u00e3o de Col\u00e1geno e Elastina<\/strong>: Melhora a estrutura e a resili\u00eancia da pele.<\/li>\n<\/ul>\n<h3>\u00a0Benef\u00edcios<\/h3>\n<ul>\n<li><strong>Tratamento eficaz para pele e m\u00fasculos<\/strong>: Tratamento simult\u00e2neo da pele e dos m\u00fasculos para um rejuvenescimento facial completo.<\/li>\n<li><strong>Confort\u00e1vel e seguro<\/strong>: Procedimento n\u00e3o invasivo, indolor e sem tempo de recupera\u00e7\u00e3o.<\/li>\n<li><strong>Resultados r\u00e1pidos<\/strong>: Melhorias percept\u00edveis em apenas 20 minutos por sess\u00e3o.<\/li>\n<li><strong>Melhora do tom e elasticidade da pele<\/strong>: Aumenta a produ\u00e7\u00e3o de col\u00e1geno e elastina para melhor qualidade da pele.<\/li>\n<\/ul>\n<\/div>\n<\/div>\n<\/div>\n<\/div>\n<\/div>\n<\/div>\n<div class=\"J_module\">\n<div class=\"detail-decorate-json-renderer-container\">\n<div class=\"magic-2\">\n<p><span style=\"font-family: 'Playfair Display', serif; font-size: 24px; font-weight: bold; text-transform: capitalize;\">Usando efeitos<\/span><\/p>\n<p><img loading=\"lazy\" decoding=\"async\" class=\"magic-39 aligncenter\" title=\"EMS Cara do RF M\u00e1quina da Beleza\" src=\"https:\/\/sc04.alicdn.com\/kf\/H7d7f15a834ba430c9084ba75d1c9bae3Z\/247315878\/H7d7f15a834ba430c9084ba75d1c9bae3Z.jpg\" alt=\"EMS Cara do RF M\u00e1quina da Beleza\" width=\"550\" height=\"505\" data-src=\"\/\/sc04.alicdn.com\/kf\/H7d7f15a834ba430c9084ba75d1c9bae3Z\/247315878\/H7d7f15a834ba430c9084ba75d1c9bae3Z.jpg\" \/><\/p>\n<h3><strong>Personalizar O Logotipo<\/strong><\/h3>\n<p>Quer fazer sua marca se destacam? N\u00f3s oferecemos o logotipo personalizado servi\u00e7os para ajudar voc\u00ea a criar uma \u00fanica e personalizada logo que reflete a identidade de sua marca. Nossa equipe de especialistas ir\u00e1 trabalhar em estreita colabora\u00e7\u00e3o com voc\u00ea para criar um logotipo que est\u00e1 em conson\u00e2ncia com os valores da sua marca e de mensagens. Se voc\u00ea estiver olhando para renovar o seu logotipo existente ou criar um novo a partir do zero, n\u00f3s temos que cobertas. <a href=\"\/pt\/contato\/\">Contacte-nos<\/a> hoje para saber mais sobre o nosso logotipo personalizado servi\u00e7os!<\/p>\n<\/div>\n<\/div>\n<\/div>","protected":false},"excerpt":{"rendered":"<p>A energia t\u00e9rmica sincronizada pode aquecer a derme e aumentar o col\u00e1geno para restaurar a elasticidade da pele e remover rugas. Enquanto a tecnologia de pulso magn\u00e9tico de alta intensidade pode estimular os m\u00fasculos e fazer com que o m\u00fasculo se contraia seletivamente. Ao aumentar a intensidade e a qualidade dos m\u00fasculos, pode atingir o prop\u00f3sito de levantar e esticar a pele. Com energia t\u00e9rmica e um pulso alto em uma almofada, pode ajudar a levantar e firmar o rosto, remover rugas e regenerar a pele.<\/p>","protected":false},"featured_media":2401,"comment_status":"open","ping_status":"closed","template":"","meta":{"_kad_post_transparent":"default","_kad_post_title":"","_kad_post_layout":"default","_kad_post_sidebar_id":"","_kad_post_content_style":"default","_kad_post_vertical_padding":"default","_kad_post_feature":"","_kad_post_feature_position":"","_kad_post_header":false,"_kad_post_footer":false,"_kad_post_classname":"","rank_math_title":"","rank_math_description":"","rank_math_focus_keyword":""},"product_brand":[],"product_cat":[31],"product_tag":[],"class_list":{"0":"post-2400","1":"product","2":"type-product","3":"status-publish","4":"has-post-thumbnail","6":"product_cat-body-slimming","8":"first","9":"instock","10":"sale","11":"shipping-taxable","12":"purchasable","13":"product-type-simple","14":"entry","15":"content-bg","16":"loop-entry"},"_links":{"self":[{"href":"https:\/\/skbty.com\/pt\/wp-json\/wp\/v2\/product\/2400","targetHints":{"allow":["GET"]}}],"collection":[{"href":"https:\/\/skbty.com\/pt\/wp-json\/wp\/v2\/product"}],"about":[{"href":"https:\/\/skbty.com\/pt\/wp-json\/wp\/v2\/types\/product"}],"replies":[{"embeddable":true,"href":"https:\/\/skbty.com\/pt\/wp-json\/wp\/v2\/comments?post=2400"}],"wp:featuredmedia":[{"embeddable":true,"href":"https:\/\/skbty.com\/pt\/wp-json\/wp\/v2\/media\/2401"}],"wp:attachment":[{"href":"https:\/\/skbty.com\/pt\/wp-json\/wp\/v2\/media?parent=2400"}],"wp:term":[{"taxonomy":"product_brand","embeddable":true,"href":"https:\/\/skbty.com\/pt\/wp-json\/wp\/v2\/product_brand?post=2400"},{"taxonomy":"product_cat","embeddable":true,"href":"https:\/\/skbty.com\/pt\/wp-json\/wp\/v2\/product_cat?post=2400"},{"taxonomy":"product_tag","embeddable":true,"href":"https:\/\/skbty.com\/pt\/wp-json\/wp\/v2\/product_tag?post=2400"}],"curies":[{"name":"Wp","href":"https:\/\/api.w.org\/{rel}","templated":true}]}}