{"id":2416,"date":"2024-01-11T18:06:55","date_gmt":"2024-01-11T10:06:55","guid":{"rendered":"https:\/\/skbty.com\/?post_type=product&#038;p=2416"},"modified":"2024-06-20T15:53:40","modified_gmt":"2024-06-20T07:53:40","slug":"maquina-de-terapia-de-luz-led-de-7-cores","status":"publish","type":"product","link":"https:\/\/skbty.com\/pt\/product\/maquina-de-terapia-de-luz-led-de-7-cores\/","title":{"rendered":"M\u00e1quina de terapia de luz LED de 7 cores"},"content":{"rendered":"<div class=\"J_module\">\n<div class=\"icbu-pc-images magic-1\">\n<div class=\"flex-layout-v\">\n<div>\n<h3>O que \u00e9 o <strong>M\u00e1quina de terapia de luz LED?<\/strong><\/h3>\n<p><strong>M\u00e1quina de terapia de luz LED<\/strong> utiliza terapia fotodin\u00e2mica (PDT) para tratar v\u00e1rias condi\u00e7\u00f5es de pele, alavancando a natureza dupla da luz como uma onda eletromagn\u00e9tica e um fluxo de part\u00edculas. Esta m\u00e1quina usa fontes de luz LED em combina\u00e7\u00e3o com cosm\u00e9ticos fotossens\u00edveis ou medicamentos para melhorar a sa\u00fade e a apar\u00eancia da pele.<\/p>\n<table style=\"border-collapse: collapse; width: 100%;\">\n<tbody>\n<tr>\n<td style=\"width: 50%;\"><img loading=\"lazy\" decoding=\"async\" class=\"magic-15 aligncenter\" title=\"M\u00e1quina de terapia de luz LED\" src=\"https:\/\/sc04.alicdn.com\/kf\/H6dd7a23fb9664992a06d0c98bb3adb0fL\/247315878\/H6dd7a23fb9664992a06d0c98bb3adb0fL.jpg\" alt=\"M\u00e1quina de terapia de luz LED\" width=\"527\" height=\"815\" data-src=\"\/\/sc04.alicdn.com\/kf\/H6dd7a23fb9664992a06d0c98bb3adb0fL\/247315878\/H6dd7a23fb9664992a06d0c98bb3adb0fL.jpg\" \/><\/td>\n<td style=\"width: 50%;\"><img loading=\"lazy\" decoding=\"async\" class=\"magic-17 aligncenter\" title=\"M\u00e1quina de terapia de luz LED\" src=\"https:\/\/sc04.alicdn.com\/kf\/Hc9abbcb3342645d1893bdd42baf158d7s\/247315878\/Hc9abbcb3342645d1893bdd42baf158d7s.jpg\" alt=\"M\u00e1quina de terapia de luz LED\" width=\"316\" height=\"677\" data-src=\"\/\/sc04.alicdn.com\/kf\/Hc9abbcb3342645d1893bdd42baf158d7s\/247315878\/Hc9abbcb3342645d1893bdd42baf158d7s.jpg\" \/><\/td>\n<\/tr>\n<\/tbody>\n<\/table>\n<h3>Especifica\u00e7\u00f5es<\/h3>\n<ul>\n<li><strong>Nome<\/strong>: M\u00e1quina de terapia de luz LED<\/li>\n<li><strong>Especifica\u00e7\u00e3o<\/strong>: 53<em>26<\/em>38 cm, 4,35 kg<\/li>\n<li><strong>Servi\u00e7o OEM<\/strong>: Apoiar<\/li>\n<li><strong>Tecnologia<\/strong>: Luz LED PDT + F\u00f3ton<\/li>\n<li><strong>Cor do LED<\/strong>: 7 cores, 7 fun\u00e7\u00f5es<\/li>\n<li><strong>Tens\u00e3o<\/strong>: 110-220V<\/li>\n<li><strong>Acess\u00f3rios<\/strong>: Motor principal, manual, cabo de alimenta\u00e7\u00e3o, \u00f3culos<\/li>\n<\/ul>\n<h3><img loading=\"lazy\" decoding=\"async\" class=\"magic-24 aligncenter\" title=\"M\u00e1quina de terapia de luz LED\" src=\"https:\/\/sc04.alicdn.com\/kf\/Hc50d2a8a852942ecac1fd6ccfde5e42dR\/247315878\/Hc50d2a8a852942ecac1fd6ccfde5e42dR.jpg\" alt=\"M\u00e1quina de terapia de luz LED\" width=\"544\" height=\"474\" data-src=\"\/\/sc04.alicdn.com\/kf\/Hc50d2a8a852942ecac1fd6ccfde5e42dR\/247315878\/Hc50d2a8a852942ecac1fd6ccfde5e42dR.jpg\" \/><\/h3>\n<h3>Princ\u00edpio de funcionamento<\/h3>\n<p>O <strong>M\u00e1quina de terapia de luz LED<\/strong> opera no princ\u00edpio da terapia fotodin\u00e2mica (PDT), que \u00e9 baseada na teoria m\u00e9dica. Esta tecnologia combina fontes de luz LED com cosm\u00e9ticos fotossens\u00edveis ou medicamentos para tratar problemas de pele como acne, ros\u00e1cea, vermelhid\u00e3o, espinhas e muito mais. A energia do f\u00f3ton afeta positivamente as c\u00e9lulas da pele, acelerando o crescimento celular, promovendo a produ\u00e7\u00e3o de col\u00e1geno e elastina, melhorando a microcircula\u00e7\u00e3o sangu\u00ednea e melhorando a condi\u00e7\u00e3o geral da pele.<\/p>\n<table style=\"border-collapse: collapse; width: 100%;\">\n<tbody>\n<tr>\n<td style=\"width: 50%;\"><img loading=\"lazy\" decoding=\"async\" class=\"magic-26 aligncenter\" title=\"M\u00e1quina de terapia de luz LED\" src=\"https:\/\/sc04.alicdn.com\/kf\/Hfad70462fcb84c209ccb72c1bb05786fs\/247315878\/Hfad70462fcb84c209ccb72c1bb05786fs.jpg\" alt=\"M\u00e1quina de terapia de luz LED\" width=\"546\" height=\"950\" data-src=\"\/\/sc04.alicdn.com\/kf\/Hfad70462fcb84c209ccb72c1bb05786fs\/247315878\/Hfad70462fcb84c209ccb72c1bb05786fs.jpg\" \/><\/td>\n<td style=\"width: 50%;\"><img loading=\"lazy\" decoding=\"async\" class=\"magic-28 aligncenter\" title=\"M\u00e1quina de terapia de luz LED\" src=\"https:\/\/sc04.alicdn.com\/kf\/H6e87db1c87cf423c8ecb03f55ce966ceM\/247315878\/H6e87db1c87cf423c8ecb03f55ce966ceM.jpg\" alt=\"M\u00e1quina de terapia de luz LED\" width=\"399\" height=\"715\" data-src=\"\/\/sc04.alicdn.com\/kf\/H6e87db1c87cf423c8ecb03f55ce966ceM\/247315878\/H6e87db1c87cf423c8ecb03f55ce966ceM.jpg\" \/><\/td>\n<\/tr>\n<\/tbody>\n<\/table>\n<h3>Fun\u00e7\u00f5es<\/h3>\n<ul>\n<li><strong>Luz vermelha (635 nm)<\/strong>: Anti-inflamat\u00f3rio, analg\u00e9sico, cicatrizante, trata neurodermatite, acne, dores nas articula\u00e7\u00f5es, artrite reumatoide.<\/li>\n<li><strong>Luz verde (560 nm)<\/strong>: Trata asma, s\u00edndrome da menopausa, dorm\u00eancia nervosa, doen\u00e7a renal, diabetes, doen\u00e7as do trato digestivo, aspereza da pele, rugas, cravos, acne e dist\u00farbios end\u00f3crinos.<\/li>\n<li><strong>Luz Azul (415 nm)<\/strong>: Promove a s\u00edntese de prote\u00ednas e col\u00e1geno, clareia a pele, adequado para icter\u00edcia neonatal, pele al\u00e9rgica e oleosa, trata b\u00f3cio, doen\u00e7a card\u00edaca cr\u00f4nica, ins\u00f4nia, s\u00edndrome da menopausa.<\/li>\n<li><strong>Luz Violeta (308 nm)<\/strong>: Estimula o sistema de secre\u00e7\u00e3o, trata \u00falceras de pele e mucosas, feridas de acne.<\/li>\n<li><strong>Luz amarela (590 nm)<\/strong>: Inibe a deposi\u00e7\u00e3o de melanina, acelera a cicatriza\u00e7\u00e3o de feridas e trata condi\u00e7\u00f5es relacionadas \u00e0s gl\u00e2ndulas suprarrenais.<\/li>\n<li><strong>Luz Laranja (610nm)<\/strong>: Promove o metabolismo, aumenta o apetite, trata doen\u00e7as card\u00edacas, batimentos card\u00edacos fracos, doen\u00e7as card\u00edacas cr\u00f4nicas, palpita\u00e7\u00f5es card\u00edacas.<\/li>\n<li><strong>Fun\u00e7\u00e3o do suplemento de c\u00e1lcio<\/strong>: Utiliza duas luzes UVB de 320 nm para promover a convers\u00e3o de 7-desidrocolesterol em vitamina D3, auxiliando no metabolismo e na absor\u00e7\u00e3o de c\u00e1lcio e f\u00f3sforo.<\/li>\n<\/ul>\n<h3>Aplica\u00e7\u00f5es<\/h3>\n<ol>\n<li><strong>Suavizando linhas finas e rugas<\/strong><\/li>\n<li><strong>Reduzindo a inflama\u00e7\u00e3o<\/strong><\/li>\n<li><strong>Melhorando cicatrizes de acne<\/strong><\/li>\n<li><strong>Preven\u00e7\u00e3o de erup\u00e7\u00f5es cut\u00e2neas matando bact\u00e9rias<\/strong><\/li>\n<li><strong>Promovendo a circula\u00e7\u00e3o sangu\u00ednea<\/strong><\/li>\n<li><strong>Estimulando a produ\u00e7\u00e3o de col\u00e1geno<\/strong><\/li>\n<li><strong>Clareamento da pele<\/strong><\/li>\n<\/ol>\n<table style=\"border-collapse: collapse; width: 100%;\">\n<tbody>\n<tr>\n<td style=\"width: 50%;\"><img loading=\"lazy\" decoding=\"async\" class=\"magic-30 aligncenter\" title=\"M\u00e1quina de terapia de luz LED\" src=\"https:\/\/sc04.alicdn.com\/kf\/Hd831c2f614cc491ba0d4e83dc2955a66G\/247315878\/Hd831c2f614cc491ba0d4e83dc2955a66G.jpg\" alt=\"M\u00e1quina de terapia de luz LED\" width=\"359\" height=\"610\" data-src=\"\/\/sc04.alicdn.com\/kf\/Hd831c2f614cc491ba0d4e83dc2955a66G\/247315878\/Hd831c2f614cc491ba0d4e83dc2955a66G.jpg\" \/><\/td>\n<td style=\"width: 50%;\"><img loading=\"lazy\" decoding=\"async\" class=\"magic-32 aligncenter\" title=\"M\u00e1quina de terapia de luz LED\" src=\"https:\/\/sc04.alicdn.com\/kf\/H4e961103ac0845dbbec7fe7d2f2858d43\/247315878\/H4e961103ac0845dbbec7fe7d2f2858d43.jpg\" alt=\"M\u00e1quina de terapia de luz LED\" width=\"454\" height=\"645\" data-src=\"\/\/sc04.alicdn.com\/kf\/H4e961103ac0845dbbec7fe7d2f2858d43\/247315878\/H4e961103ac0845dbbec7fe7d2f2858d43.jpg\" \/><\/td>\n<\/tr>\n<\/tbody>\n<\/table>\n<h3>Vantagens<\/h3>\n<ol>\n<li><strong>Novo Painel de Controle Inteligente<\/strong>: Oferece uma experi\u00eancia de usu\u00e1rio aprimorada.<\/li>\n<li><strong>Programa de Controle de Pot\u00eancia M\u00e1xima<\/strong>: Sess\u00f5es de 15 minutos para uso ideal de energia.<\/li>\n<li><strong>Cuidados abrangentes com a pele do rosto<\/strong>: Trata uma variedade de problemas de pele.<\/li>\n<li><strong>Tratamento n\u00e3o invasivo<\/strong>: Totalmente seguro e sem tempo de inatividade.<\/li>\n<li><strong>Tela de toque completa<\/strong>: Opera\u00e7\u00e3o f\u00e1cil e intuitiva.<\/li>\n<li><strong>268 Luzes LED<\/strong>: Garante melhores resultados nos cuidados com a pele.<\/li>\n<li><strong>Acelera o metabolismo<\/strong>: Benef\u00edcios antienvelhecimento, ativa a pele, reduz rugas e firma a pele.<\/li>\n<\/ol>\n<\/div>\n<div class=\"flex-layout-h magic-1\">\n<h3><strong>Personalizar O Logotipo<\/strong><\/h3>\n<p>Quer fazer sua marca se destacam? N\u00f3s oferecemos o logotipo personalizado servi\u00e7os para ajudar voc\u00ea a criar uma \u00fanica e personalizada logo que reflete a identidade de sua marca. Nossa equipe de especialistas ir\u00e1 trabalhar em estreita colabora\u00e7\u00e3o com voc\u00ea para criar um logotipo que est\u00e1 em conson\u00e2ncia com os valores da sua marca e de mensagens. Se voc\u00ea estiver olhando para renovar o seu logotipo existente ou criar um novo a partir do zero, n\u00f3s temos que cobertas. <a href=\"\/pt\/contato\/\">Contacte-nos<\/a> hoje para saber mais sobre o nosso logotipo personalizado servi\u00e7os!<\/p>\n<\/div>\n<\/div>\n<\/div>\n<\/div>","protected":false},"excerpt":{"rendered":"<p><span class=\"magic-8\" style=\"font-family: Arial;\">A luz \u00e9 uma forma de energia radiante que viaja em linha reta atrav\u00e9s do v\u00e1cuo \u00e0 velocidade de 3,0 \u00d7 10 ^ m\/s. Acredita-se que a luz seja uma onda eletromagn\u00e9tica e um fluxo de part\u00edculas. Essa compreens\u00e3o da dualidade onda-part\u00edcula da luz \u00e9 a base da teoria qu\u00e2ntica da luz. A teoria qu\u00e2ntica da luz sustenta que, devido \u00e0s diferentes energias do quantum de luz, diferentes raios de luz podem causar rea\u00e7\u00f5es fotoqu\u00edmicas. O efeito fotoel\u00e9trico. Pastejo fluorescente. Efeito de perfura\u00e7\u00e3o e efeito t\u00e9rmico. Esses efeitos se tornam a base te\u00f3rica da medicina fototer\u00e1pica.<\/span><\/p>","protected":false},"featured_media":2417,"comment_status":"open","ping_status":"closed","template":"","meta":{"_kad_post_transparent":"default","_kad_post_title":"","_kad_post_layout":"default","_kad_post_sidebar_id":"","_kad_post_content_style":"default","_kad_post_vertical_padding":"default","_kad_post_feature":"","_kad_post_feature_position":"","_kad_post_header":false,"_kad_post_footer":false,"_kad_post_classname":"","rank_math_title":"","rank_math_description":"","rank_math_focus_keyword":""},"product_brand":[],"product_cat":[33],"product_tag":[],"class_list":{"0":"post-2416","1":"product","2":"type-product","3":"status-publish","4":"has-post-thumbnail","6":"product_cat-face-care","8":"first","9":"instock","10":"shipping-taxable","11":"product-type-simple","12":"entry","13":"content-bg","14":"loop-entry"},"_links":{"self":[{"href":"https:\/\/skbty.com\/pt\/wp-json\/wp\/v2\/product\/2416","targetHints":{"allow":["GET"]}}],"collection":[{"href":"https:\/\/skbty.com\/pt\/wp-json\/wp\/v2\/product"}],"about":[{"href":"https:\/\/skbty.com\/pt\/wp-json\/wp\/v2\/types\/product"}],"replies":[{"embeddable":true,"href":"https:\/\/skbty.com\/pt\/wp-json\/wp\/v2\/comments?post=2416"}],"wp:featuredmedia":[{"embeddable":true,"href":"https:\/\/skbty.com\/pt\/wp-json\/wp\/v2\/media\/2417"}],"wp:attachment":[{"href":"https:\/\/skbty.com\/pt\/wp-json\/wp\/v2\/media?parent=2416"}],"wp:term":[{"taxonomy":"product_brand","embeddable":true,"href":"https:\/\/skbty.com\/pt\/wp-json\/wp\/v2\/product_brand?post=2416"},{"taxonomy":"product_cat","embeddable":true,"href":"https:\/\/skbty.com\/pt\/wp-json\/wp\/v2\/product_cat?post=2416"},{"taxonomy":"product_tag","embeddable":true,"href":"https:\/\/skbty.com\/pt\/wp-json\/wp\/v2\/product_tag?post=2416"}],"curies":[{"name":"Wp","href":"https:\/\/api.w.org\/{rel}","templated":true}]}}