{"id":2424,"date":"2024-01-11T18:14:05","date_gmt":"2024-01-11T10:14:05","guid":{"rendered":"https:\/\/skbty.com\/?post_type=product&#038;p=2424"},"modified":"2024-06-20T15:39:03","modified_gmt":"2024-06-20T07:39:03","slug":"maquinas-de-emagrecimento-de-diodo-laser-de-1060-nm","status":"publish","type":"product","link":"https:\/\/skbty.com\/pt\/product\/maquinas-de-emagrecimento-de-diodo-laser-de-1060-nm\/","title":{"rendered":"M\u00e1quinas de emagrecimento de diodo laser de 1060 nm"},"content":{"rendered":"<div class=\"J_module\">\n<div class=\"detail-decorate-json-renderer-container\">\n<div class=\"magic-1\">\n<div class=\"magic-2\">\n<div class=\"magic-3\">\n<div class=\"magic-4\">\n<h3>O que s\u00e3o as m\u00e1quinas de emagrecimento de diodo laser de 1060 nm?<\/h3>\n<p>O <strong>M\u00e1quina de emagrecimento de diodo laser de 1060 nm<\/strong> oferece uma solu\u00e7\u00e3o n\u00e3o invasiva para direcionar e reduzir c\u00e9lulas de gordura. Aproveitando a afinidade espec\u00edfica do comprimento de onda de 1060 nm para tecido adiposo, este dispositivo avan\u00e7ado minimiza a absor\u00e7\u00e3o na derme, tornando-o um tratamento eficaz para \u00e1reas de gordura problem\u00e1ticas. Cada sess\u00e3o de tratamento dura apenas 25 minutos, com resultados vis\u00edveis em apenas 6 semanas e resultados \u00f3timos normalmente vistos em 12 semanas.<\/p>\n<table style=\"border-collapse: collapse; width: 100%;\">\n<tbody>\n<tr>\n<td style=\"width: 50%;\">\n<h3><img loading=\"lazy\" decoding=\"async\" class=\"magic-10 aligncenter\" title=\"M\u00e1quinas de emagrecimento de diodo laser de 1060 nm\" src=\"https:\/\/sc04.alicdn.com\/kf\/H36070f937b734755a52c3b7227fc2e7bO\/247315878\/H36070f937b734755a52c3b7227fc2e7bO.png\" alt=\"M\u00e1quinas de emagrecimento de diodo laser de 1060 nm\" width=\"405\" height=\"397\" data-src=\"\/\/sc04.alicdn.com\/kf\/H36070f937b734755a52c3b7227fc2e7bO\/247315878\/H36070f937b734755a52c3b7227fc2e7bO.png\" \/><\/h3>\n<\/td>\n<td style=\"width: 50%;\"><img loading=\"lazy\" decoding=\"async\" class=\"magic-17 aligncenter\" title=\"M\u00e1quinas de emagrecimento de diodo laser de 1060 nm\" src=\"https:\/\/sc04.alicdn.com\/kf\/H64e55533e4c94b2baa10bb30dd873018G\/247315878\/H64e55533e4c94b2baa10bb30dd873018G.png\" alt=\"M\u00e1quinas de emagrecimento de diodo laser de 1060 nm\" width=\"342\" height=\"364\" data-src=\"\/\/sc04.alicdn.com\/kf\/H64e55533e4c94b2baa10bb30dd873018G\/247315878\/H64e55533e4c94b2baa10bb30dd873018G.png\" \/><\/td>\n<\/tr>\n<\/tbody>\n<\/table>\n<h3>Especifica\u00e7\u00f5es<\/h3>\n<ul>\n<li><strong>Tamanho da tela<\/strong>: 10,4 polegadas<\/li>\n<li><strong>N\u00famero de al\u00e7as<\/strong>: 4<\/li>\n<li><strong>Tempo de tratamento<\/strong>: 25 minutos<\/li>\n<li><strong>Densidade de pot\u00eancia<\/strong>: 0,5 W-2 W\/cm\u00b2<\/li>\n<li><strong>Modos de energia<\/strong>: Pulso<\/li>\n<li><strong>Comprimento de onda<\/strong>: 1060 nm<\/li>\n<li><strong>Sistema de refrigera\u00e7\u00e3o<\/strong>: Refrigera\u00e7\u00e3o com compressor de freon + \u00e1gua + ar + ventiladores<\/li>\n<li><strong>Fonte de energia<\/strong>: CA 200 V-240 V, 50\/60 Hz<\/li>\n<li><strong>Tamanho da embalagem<\/strong>: 130<em>68<\/em>88 cm<\/li>\n<li><strong>Peso da embalagem<\/strong>: 156 kg<\/li>\n<\/ul>\n<h3>Princ\u00edpio de funcionamento<\/h3>\n<p>O <strong>M\u00e1quina de emagrecimento de diodo laser de 1060 nm<\/strong> emprega uma abordagem n\u00e3o invasiva baseada em laser para atingir e reduzir diretamente as c\u00e9lulas de gordura. Adequado para homens e mulheres em todos os tipos de corpo, cada opera\u00e7\u00e3o dura em m\u00e9dia 25 minutos e pode tratar v\u00e1rias \u00e1reas simultaneamente. O sistema de laser de diodo de 1060 nm utiliza tecnologia de hipertermia para atingir especificamente o tecido adiposo, reduzindo a gordura teimosa nos bra\u00e7os, abd\u00f4men e outras \u00e1reas. Esta tecnologia oferece uma redu\u00e7\u00e3o permanente no n\u00famero de c\u00e9lulas de gordura, ao contr\u00e1rio dos m\u00e9todos tradicionais de perda de peso.<\/p>\n<h3><img loading=\"lazy\" decoding=\"async\" class=\"magic-20 aligncenter\" title=\"M\u00e1quinas de emagrecimento de diodo laser de 1060 nm\" src=\"https:\/\/sc04.alicdn.com\/kf\/Hc4ba27b831eb4baf8d6b5aa811e9102bg\/247315878\/Hc4ba27b831eb4baf8d6b5aa811e9102bg.png\" alt=\"M\u00e1quinas de emagrecimento de diodo laser de 1060 nm\" width=\"530\" height=\"361\" data-src=\"\/\/sc04.alicdn.com\/kf\/Hc4ba27b831eb4baf8d6b5aa811e9102bg\/247315878\/Hc4ba27b831eb4baf8d6b5aa811e9102bg.png\" \/><\/h3>\n<table style=\"border-collapse: collapse; width: 100%;\">\n<tbody>\n<tr>\n<td style=\"width: 50%;\"><img loading=\"lazy\" decoding=\"async\" class=\"magic-22 aligncenter\" title=\"M\u00e1quinas de emagrecimento de diodo laser de 1060 nm\" src=\"https:\/\/sc04.alicdn.com\/kf\/Hc168ff84a7f649f0bd3f851c71e28d8aI\/247315878\/Hc168ff84a7f649f0bd3f851c71e28d8aI.png\" alt=\"M\u00e1quinas de emagrecimento de diodo laser de 1060 nm\" width=\"402\" height=\"205\" data-src=\"\/\/sc04.alicdn.com\/kf\/Hc168ff84a7f649f0bd3f851c71e28d8aI\/247315878\/Hc168ff84a7f649f0bd3f851c71e28d8aI.png\" \/><\/td>\n<td style=\"width: 50%;\"><img loading=\"lazy\" decoding=\"async\" class=\"magic-24 aligncenter\" title=\"M\u00e1quinas de emagrecimento de diodo laser de 1060 nm\" src=\"https:\/\/sc04.alicdn.com\/kf\/H80d4f0b9841d469da31e660a1886e3fcA\/247315878\/H80d4f0b9841d469da31e660a1886e3fcA.png\" alt=\"M\u00e1quinas de emagrecimento de diodo laser de 1060 nm\" width=\"387\" height=\"217\" data-src=\"\/\/sc04.alicdn.com\/kf\/H80d4f0b9841d469da31e660a1886e3fcA\/247315878\/H80d4f0b9841d469da31e660a1886e3fcA.png\" \/><\/td>\n<\/tr>\n<\/tbody>\n<\/table>\n<h3>Caracter\u00edsticas<\/h3>\n<ol>\n<li><strong>Absor\u00e7\u00e3o m\u00ednima da derme<\/strong>: Garante que a superf\u00edcie da pele permane\u00e7a intacta.<\/li>\n<li><strong>Resfriamento de contato avan\u00e7ado<\/strong>: Aumenta o conforto do paciente durante o tratamento.<\/li>\n<li><strong>Difus\u00e3o de calor<\/strong>: Oferece resultados de apar\u00eancia natural.<\/li>\n<li><strong>Efeitos colaterais leves<\/strong>: Os efeitos colaterais s\u00e3o leves e transit\u00f3rios.<\/li>\n<li><strong>Tempo de tratamento r\u00e1pido<\/strong>:Cada \u00e1rea requer apenas um tratamento de 25 minutos.<\/li>\n<\/ol>\n<h3>Vantagens<\/h3>\n<ol>\n<li><strong>Tecnologia N\u00e3o Invasiva<\/strong>: Nenhum dano aos tecidos circundantes.<\/li>\n<li><strong>Sistema de resfriamento avan\u00e7ado<\/strong>: Oferece manuseio confort\u00e1vel e seguro.<\/li>\n<li><strong>Sa\u00edda de alta energia est\u00e1vel<\/strong>: Garante resultados de tratamento eficazes.<\/li>\n<li><strong>Haste de eleva\u00e7\u00e3o el\u00e9trica<\/strong>: Ajusta a altura do cabe\u00e7ote de tratamento para maior precis\u00e3o.<\/li>\n<\/ol>\n<h3>Aplica\u00e7\u00f5es<\/h3>\n<ul>\n<li><strong>Redu\u00e7\u00e3o de gordura<\/strong>: Atua e reduz eficazmente a gordura localizada em diversas \u00e1reas do corpo.<\/li>\n<li><strong>Contorno Do Corpo<\/strong>: Melhora o perfil corporal por meio da redu\u00e7\u00e3o de gordura n\u00e3o invasiva.<\/li>\n<li><strong>Firmeza da pele<\/strong>: A absor\u00e7\u00e3o m\u00ednima pela derme ajuda a manter a integridade da pele.<\/li>\n<li><strong>Tratamentos r\u00e1pidos<\/strong>: Adequado para agendas ocupadas, com cada sess\u00e3o durando apenas 25 minutos.<\/li>\n<\/ul>\n<h3>Benef\u00edcios<\/h3>\n<ul>\n<li><strong>Resultados vis\u00edveis<\/strong>: Melhorias percept\u00edveis em apenas 6 semanas, com resultados \u00f3timos em 12 semanas.<\/li>\n<li><strong>Experi\u00eancia confort\u00e1vel<\/strong>: Resfriamento avan\u00e7ado e tecnologia n\u00e3o invasiva garantem um tratamento confort\u00e1vel.<\/li>\n<li><strong>Redu\u00e7\u00e3o Permanente de Gordura<\/strong>: Reduz o n\u00famero de c\u00e9lulas de gordura para resultados duradouros.<\/li>\n<\/ul>\n<\/div>\n<\/div>\n<\/div>\n<\/div>\n<\/div>\n<\/div>\n<div class=\"J_module\">\n<div class=\"detail-decorate-json-renderer-container\">\n<div class=\"magic-1\">\n<div class=\"magic-2\"><\/div>\n<\/div>\n<\/div>\n<\/div>\n<div class=\"J_module\">\n<div class=\"icbu-pc-images magic-8\">\n<div>\n<div class=\"flex-layout-v\">\n<div class=\"flex-layout-h magic-8\">\n<div class=\"magic-26\"><img loading=\"lazy\" decoding=\"async\" class=\"magic-27 aligncenter\" title=\"M\u00e1quinas de emagrecimento de diodo laser de 1060 nm\" src=\"https:\/\/sc04.alicdn.com\/kf\/H03fcc9be0f454201848409c4b30dbda5P\/247315878\/H03fcc9be0f454201848409c4b30dbda5P.png\" alt=\"M\u00e1quinas de emagrecimento de diodo laser de 1060 nm\" width=\"404\" height=\"423\" data-src=\"\/\/sc04.alicdn.com\/kf\/H03fcc9be0f454201848409c4b30dbda5P\/247315878\/H03fcc9be0f454201848409c4b30dbda5P.png\" \/><\/div>\n<\/div>\n<\/div>\n<\/div>\n<\/div>\n<\/div>\n<div class=\"J_module\">\n<div class=\"icbu-pc-images magic-8\">\n<div class=\"flex-layout-v\">\n<div class=\"flex-layout-h magic-8\">\n<div class=\"magic-28\"><\/div>\n<\/div>\n<\/div>\n<\/div>\n<\/div>\n<div class=\"J_module\">\n<div class=\"icbu-pc-images magic-8\">\n<div class=\"flex-layout-v\">\n<div class=\"flex-layout-h magic-8\">\n<div class=\"magic-30\">\n<h3><strong>Personalizar O Logotipo<\/strong><\/h3>\n<p>Quer fazer sua marca se destacam? N\u00f3s oferecemos o logotipo personalizado servi\u00e7os para ajudar voc\u00ea a criar uma \u00fanica e personalizada logo que reflete a identidade de sua marca. Nossa equipe de especialistas ir\u00e1 trabalhar em estreita colabora\u00e7\u00e3o com voc\u00ea para criar um logotipo que est\u00e1 em conson\u00e2ncia com os valores da sua marca e de mensagens. Se voc\u00ea estiver olhando para renovar o seu logotipo existente ou criar um novo a partir do zero, n\u00f3s temos que cobertas. <a href=\"\/pt\/contato\/\">Contacte-nos<\/a> hoje para saber mais sobre o nosso logotipo personalizado servi\u00e7os!<\/p>\n<\/div>\n<\/div>\n<\/div>\n<\/div>\n<\/div>","protected":false},"excerpt":{"rendered":"<p>Obtenha redu\u00e7\u00e3o de gordura n\u00e3o invasiva com a M\u00e1quina de Emagrecimento a Laser de Diodo de 1060 nm. Utilizando tecnologia avan\u00e7ada de comprimento de onda de 1060 nm, esta m\u00e1quina tem como alvo o tecido adiposo para redu\u00e7\u00e3o eficaz de gordura em apenas 25 minutos por sess\u00e3o.<\/p>","protected":false},"featured_media":2425,"comment_status":"open","ping_status":"closed","template":"","meta":{"_kad_post_transparent":"default","_kad_post_title":"","_kad_post_layout":"default","_kad_post_sidebar_id":"","_kad_post_content_style":"default","_kad_post_vertical_padding":"default","_kad_post_feature":"","_kad_post_feature_position":"","_kad_post_header":false,"_kad_post_footer":false,"_kad_post_classname":"","rank_math_title":"","rank_math_description":"","rank_math_focus_keyword":""},"product_brand":[],"product_cat":[31],"product_tag":[],"class_list":{"0":"post-2424","1":"product","2":"type-product","3":"status-publish","4":"has-post-thumbnail","6":"product_cat-body-slimming","8":"first","9":"instock","10":"shipping-taxable","11":"product-type-simple","12":"entry","13":"content-bg","14":"loop-entry"},"_links":{"self":[{"href":"https:\/\/skbty.com\/pt\/wp-json\/wp\/v2\/product\/2424","targetHints":{"allow":["GET"]}}],"collection":[{"href":"https:\/\/skbty.com\/pt\/wp-json\/wp\/v2\/product"}],"about":[{"href":"https:\/\/skbty.com\/pt\/wp-json\/wp\/v2\/types\/product"}],"replies":[{"embeddable":true,"href":"https:\/\/skbty.com\/pt\/wp-json\/wp\/v2\/comments?post=2424"}],"wp:featuredmedia":[{"embeddable":true,"href":"https:\/\/skbty.com\/pt\/wp-json\/wp\/v2\/media\/2425"}],"wp:attachment":[{"href":"https:\/\/skbty.com\/pt\/wp-json\/wp\/v2\/media?parent=2424"}],"wp:term":[{"taxonomy":"product_brand","embeddable":true,"href":"https:\/\/skbty.com\/pt\/wp-json\/wp\/v2\/product_brand?post=2424"},{"taxonomy":"product_cat","embeddable":true,"href":"https:\/\/skbty.com\/pt\/wp-json\/wp\/v2\/product_cat?post=2424"},{"taxonomy":"product_tag","embeddable":true,"href":"https:\/\/skbty.com\/pt\/wp-json\/wp\/v2\/product_tag?post=2424"}],"curies":[{"name":"Wp","href":"https:\/\/api.w.org\/{rel}","templated":true}]}}