{"id":2433,"date":"2024-01-11T18:24:55","date_gmt":"2024-01-11T10:24:55","guid":{"rendered":"https:\/\/skbty.com\/?post_type=product&#038;p=2433"},"modified":"2024-06-20T15:28:37","modified_gmt":"2024-06-20T07:28:37","slug":"maquina-de-remocao-de-tatuagem-a-laser-picosegundo-2","status":"publish","type":"product","link":"https:\/\/skbty.com\/pt\/product\/maquina-de-remocao-de-tatuagem-a-laser-picosegundo-2\/","title":{"rendered":"M\u00e1quina de remo\u00e7\u00e3o de tatuagem a laser picosegundo"},"content":{"rendered":"<div class=\"J_module\">\n<div class=\"detail-decorate-json-renderer-container\">\n<h3>O que \u00e9 o <strong>M\u00e1quina de remo\u00e7\u00e3o de tatuagem a laser picossegundo?<\/strong><\/h3>\n<p><strong>M\u00e1quina de remo\u00e7\u00e3o de tatuagem a laser picosegundo<\/strong> utiliza tempos de pulso ultracurtos (375-450 picossegundos) para fornecer tratamentos a laser de alta velocidade e alta energia. Esta tecnologia avan\u00e7ada remove efetivamente part\u00edculas de pigmento com danos m\u00ednimos aos tecidos circundantes, garantindo um per\u00edodo de recupera\u00e7\u00e3o mais curto e menos efeitos colaterais.<\/p>\n<table style=\"border-collapse: collapse; width: 100%;\">\n<tbody>\n<tr>\n<td style=\"width: 50%;\">\n<h3><img loading=\"lazy\" decoding=\"async\" class=\"magic-11 aligncenter\" title=\"M\u00e1quina de remo\u00e7\u00e3o de tatuagem a laser picosegundo\" src=\"https:\/\/sc04.alicdn.com\/kf\/H8a3436292e4f4bd98558203592165568E\/247315878\/H8a3436292e4f4bd98558203592165568E.png\" alt=\"M\u00e1quina de remo\u00e7\u00e3o de tatuagem a laser picosegundo\" width=\"380\" height=\"352\" data-src=\"\/\/sc04.alicdn.com\/kf\/H8a3436292e4f4bd98558203592165568E\/247315878\/H8a3436292e4f4bd98558203592165568E.png\" \/><\/h3>\n<\/td>\n<td style=\"width: 50%;\"><img loading=\"lazy\" decoding=\"async\" class=\"magic-16 aligncenter\" title=\"M\u00e1quina de remo\u00e7\u00e3o de tatuagem a laser picosegundo\" src=\"https:\/\/sc04.alicdn.com\/kf\/H60ba13dc31034cddaef2a4d561d8c4dbY\/247315878\/H60ba13dc31034cddaef2a4d561d8c4dbY.png\" alt=\"M\u00e1quina de remo\u00e7\u00e3o de tatuagem a laser picosegundo\" width=\"516\" height=\"408\" data-src=\"\/\/sc04.alicdn.com\/kf\/H60ba13dc31034cddaef2a4d561d8c4dbY\/247315878\/H60ba13dc31034cddaef2a4d561d8c4dbY.png\" \/><\/td>\n<\/tr>\n<\/tbody>\n<\/table>\n<h3>Especifica\u00e7\u00f5es<\/h3>\n<ul>\n<li><strong>Descri\u00e7\u00e3o<\/strong>: M\u00e1quina de remo\u00e7\u00e3o de tatuagem a laser picosegundo<\/li>\n<li><strong>Tens\u00e3o<\/strong>: 110 V-240 V, 50 Hz\/60 Hz<\/li>\n<li><strong>Sa\u00edda de laser<\/strong>: 3000 W<\/li>\n<li><strong>Freq\u00fc\u00eancia<\/strong>: 1-10Hz (Ajust\u00e1vel)<\/li>\n<li><strong>Tamanho do ponto<\/strong>: 2-10mm (Ajust\u00e1vel)<\/li>\n<li><strong>Comprimento de onda<\/strong>: 1064 nm, 532 nm, 785 nm<\/li>\n<li><strong>Sistema de refrigera\u00e7\u00e3o<\/strong>: Refrigera\u00e7\u00e3o a ar + refrigera\u00e7\u00e3o a \u00e1gua + radiador<\/li>\n<\/ul>\n<h3>Princ\u00edpio de funcionamento<\/h3>\n<p>O <strong>M\u00e1quina de remo\u00e7\u00e3o de tatuagem a laser picosegundo<\/strong> opera usando tempos de pulso ultracurtos, t\u00e3o curtos quanto 375-450 picossegundos, permitindo uma remo\u00e7\u00e3o de pigmento mais r\u00e1pida e eficiente. O pulso de alta velocidade gera um pico de energia maior, permitindo que o \u201cefeito de choque fotogr\u00e1fico\u201d remova part\u00edculas de pigmento de forma limpa. A largura de pulso ultracurta evita a convers\u00e3o excessiva de calor, reduzindo danos aos tecidos circundantes e encurtando o per\u00edodo de recupera\u00e7\u00e3o p\u00f3s-operat\u00f3ria. A sonda de foco hologr\u00e1fico exclusiva amplia a energia em at\u00e9 22 vezes, aumentando a desintegra\u00e7\u00e3o do pigmento.<\/p>\n<table style=\"border-collapse: collapse; width: 100%;\">\n<tbody>\n<tr>\n<td style=\"width: 50%;\">\n<h3><img loading=\"lazy\" decoding=\"async\" class=\"magic-38 aligncenter\" title=\"M\u00e1quina de remo\u00e7\u00e3o de tatuagem a laser picosegundo\" src=\"https:\/\/sc04.alicdn.com\/kf\/Hca5919e6a7b843f5ba075a5fe00257aaZ\/247315878\/Hca5919e6a7b843f5ba075a5fe00257aaZ.png\" alt=\"M\u00e1quina de remo\u00e7\u00e3o de tatuagem a laser picosegundo\" width=\"431\" height=\"282\" data-src=\"\/\/sc04.alicdn.com\/kf\/Hca5919e6a7b843f5ba075a5fe00257aaZ\/247315878\/Hca5919e6a7b843f5ba075a5fe00257aaZ.png\" \/><\/h3>\n<\/td>\n<td style=\"width: 50%;\"><img loading=\"lazy\" decoding=\"async\" class=\"magic-20 aligncenter\" title=\"M\u00e1quina de remo\u00e7\u00e3o de tatuagem a laser picosegundo\" src=\"https:\/\/sc04.alicdn.com\/kf\/Hf8018cf19c15430cb02c7209711ecb56u\/247315878\/Hf8018cf19c15430cb02c7209711ecb56u.png\" alt=\"M\u00e1quina de remo\u00e7\u00e3o de tatuagem a laser picosegundo\" width=\"240\" height=\"284\" data-src=\"\/\/sc04.alicdn.com\/kf\/Hf8018cf19c15430cb02c7209711ecb56u\/247315878\/Hf8018cf19c15430cb02c7209711ecb56u.png\" \/><\/td>\n<\/tr>\n<\/tbody>\n<\/table>\n<h3>Como funciona<\/h3>\n<p>O laser de picosegundo usa um modo de sa\u00edda de pulso muito curto, concentrando energia para quebrar o pigmento em gr\u00e2nulos finos, que s\u00e3o ent\u00e3o absorvidos pelo metabolismo do corpo. Este m\u00e9todo minimiza os efeitos colaterais do efeito t\u00e9rmico, tratando efetivamente v\u00e1rias manchas de pigmento melhor do que os lasers tradicionais. O princ\u00edpio da \u00f3ptica seletiva penetra e atinge os pigmentos da pele doentes, esmagando-os e permitindo que o corpo os remova atrav\u00e9s do metabolismo sem afetar os tecidos normais circundantes.<\/p>\n<p><img loading=\"lazy\" decoding=\"async\" class=\"magic-22 aligncenter\" title=\"M\u00e1quina de remo\u00e7\u00e3o de tatuagem a laser picosegundo\" src=\"https:\/\/sc04.alicdn.com\/kf\/H0ecde74a52154bf6a317c148afd49376f\/247315878\/H0ecde74a52154bf6a317c148afd49376f.png\" alt=\"M\u00e1quina de remo\u00e7\u00e3o de tatuagem a laser picosegundo\" width=\"576\" height=\"393\" data-src=\"\/\/sc04.alicdn.com\/kf\/H0ecde74a52154bf6a317c148afd49376f\/247315878\/H0ecde74a52154bf6a317c148afd49376f.png\" \/><\/p>\n<h3>Aplica\u00e7\u00f5es<\/h3>\n<ul>\n<li><strong>Remo\u00e7\u00e3o de Tatuagem<\/strong>: Remove tatuagens em v\u00e1rias cores, incluindo preto, roxo, verde e azul.<\/li>\n<li><strong>Remo\u00e7\u00e3o de manchas<\/strong>: Trata cloasma, manchas de caf\u00e9, sardas, queimaduras solares, Otanevus e muito mais.<\/li>\n<li><strong>Redu\u00e7\u00e3o de cicatrizes de acne<\/strong>: Reduz marcas de acne e pequenas marcas de acne.<\/li>\n<li><strong>Remo\u00e7\u00e3o de pigmentos<\/strong>: Remove eficazmente diferentes tipos de pigmenta\u00e7\u00e3o.<\/li>\n<li><strong>Rejuvenescimento da pele<\/strong>: Melhora o tom da pele removendo o amarelamento e promovendo a renova\u00e7\u00e3o da pele.<\/li>\n<\/ul>\n<h3><img loading=\"lazy\" decoding=\"async\" class=\"magic-35 aligncenter\" title=\"M\u00e1quina de remo\u00e7\u00e3o de tatuagem a laser picosegundo\" src=\"https:\/\/sc04.alicdn.com\/kf\/H68721aeda8ab44358da2f2065bc74f65g\/247315878\/H68721aeda8ab44358da2f2065bc74f65g.png\" alt=\"M\u00e1quina de remo\u00e7\u00e3o de tatuagem a laser picosegundo\" width=\"519\" height=\"362\" data-src=\"\/\/sc04.alicdn.com\/kf\/H68721aeda8ab44358da2f2065bc74f65g\/247315878\/H68721aeda8ab44358da2f2065bc74f65g.png\" \/><\/h3>\n<h3>Vantagens<\/h3>\n<ol>\n<li><strong>Alta velocidade e alta energia<\/strong>: Tempos de pulso ultracurtos (1 picossegundo = 0,01 nanossegundo) proporcionam tratamentos mais r\u00e1pidos e eficientes.<\/li>\n<li><strong>Poderoso efeito fotomec\u00e2nico<\/strong>: A largura de pulso curta produz um efeito forte, quebrando part\u00edculas de pigmento em tamanhos menores.<\/li>\n<li><strong>Efeito t\u00e9rmico m\u00ednimo<\/strong>: Reduz a convers\u00e3o de calor, minimizando os danos aos tecidos circundantes.<\/li>\n<li><strong>Remo\u00e7\u00e3o completa de pigmentos<\/strong>: Garante a quebra completa das part\u00edculas de pigmento com menos energia.<\/li>\n<li><strong>Per\u00edodo de recupera\u00e7\u00e3o mais curto<\/strong>: Menos danos aos tecidos circundantes resultam em recupera\u00e7\u00e3o mais r\u00e1pida e menos efeitos colaterais.<\/li>\n<\/ol>\n<p><img loading=\"lazy\" decoding=\"async\" class=\"magic-31 aligncenter\" title=\"M\u00e1quina de remo\u00e7\u00e3o de tatuagem a laser picosegundo\" src=\"https:\/\/sc04.alicdn.com\/kf\/Hf937e38fe18c44a0a39f30512db0eba92\/247315878\/Hf937e38fe18c44a0a39f30512db0eba92.jpg\" alt=\"M\u00e1quina de remo\u00e7\u00e3o de tatuagem a laser picosegundo\" width=\"499\" height=\"1144\" data-src=\"\/\/sc04.alicdn.com\/kf\/Hf937e38fe18c44a0a39f30512db0eba92\/247315878\/Hf937e38fe18c44a0a39f30512db0eba92.jpg\" \/><\/p>\n<h3>Fun\u00e7\u00f5es<\/h3>\n<ol>\n<li><strong>Remo\u00e7\u00e3o de manchas<\/strong>: Remove eficazmente cloasma, manchas de caf\u00e9, sardas, queimaduras solares e Otanevus.<\/li>\n<li><strong>Remo\u00e7\u00e3o de Tatuagem<\/strong>: Remove tatuagens em v\u00e1rias cores, como preto, roxo, verde e azul.<\/li>\n<li><strong>Redu\u00e7\u00e3o de cicatrizes de acne<\/strong>: Reduz marcas de acne e pequenas marcas de acne.<\/li>\n<li><strong>Remo\u00e7\u00e3o de pigmentos<\/strong>: Trata eficazmente v\u00e1rios tipos de pigmenta\u00e7\u00e3o.<\/li>\n<li><strong>Rejuvenescimento da pele<\/strong>: Promove a renova\u00e7\u00e3o da pele e melhora o tom da pele.<\/li>\n<\/ol>\n<div class=\"magic-2\">\n<div class=\"magic-5\">\n<div class=\"magic-6\">\n<div class=\"magic-7\">\n<table style=\"border-collapse: collapse; width: 100%;\">\n<tbody>\n<tr>\n<td style=\"width: 50%;\"><img loading=\"lazy\" decoding=\"async\" class=\"magic-31 aligncenter\" title=\"M\u00e1quina de remo\u00e7\u00e3o de tatuagem a laser picosegundo\" src=\"https:\/\/sc04.alicdn.com\/kf\/H37a7b1f67ab84a22bbee6371a34ac59bn\/247315878\/H37a7b1f67ab84a22bbee6371a34ac59bn.png\" alt=\"M\u00e1quina de remo\u00e7\u00e3o de tatuagem a laser picosegundo\" width=\"445\" height=\"283\" data-src=\"\/\/sc04.alicdn.com\/kf\/H37a7b1f67ab84a22bbee6371a34ac59bn\/247315878\/H37a7b1f67ab84a22bbee6371a34ac59bn.png\" \/><\/td>\n<td style=\"width: 50%;\"><img loading=\"lazy\" decoding=\"async\" class=\"magic-33 aligncenter\" title=\"M\u00e1quina de remo\u00e7\u00e3o de tatuagem a laser picosegundo\" src=\"https:\/\/sc04.alicdn.com\/kf\/H0d8bc69694f841efa0f806c00ae49508X\/247315878\/H0d8bc69694f841efa0f806c00ae49508X.png\" alt=\"M\u00e1quina de remo\u00e7\u00e3o de tatuagem a laser picosegundo\" width=\"305\" height=\"305\" data-src=\"\/\/sc04.alicdn.com\/kf\/H0d8bc69694f841efa0f806c00ae49508X\/247315878\/H0d8bc69694f841efa0f806c00ae49508X.png\" \/><\/td>\n<\/tr>\n<\/tbody>\n<\/table>\n<\/div>\n<\/div>\n<\/div>\n<\/div>\n<\/div>\n<\/div>\n<div class=\"J_module\">\n<div class=\"icbu-pc-images magic-9\">\n<div class=\"flex-layout-v\">\n<div class=\"flex-layout-h magic-9\">\n<div class=\"magic-10\"><\/div>\n<\/div>\n<\/div>\n<\/div>\n<\/div>\n<div class=\"J_module\">\n<div class=\"icbu-pc-images magic-9\">\n<div class=\"flex-layout-v\">\n<div class=\"flex-layout-h magic-9\">\n<h3 class=\"magic-15\">Efeitos<\/h3>\n<\/div>\n<\/div>\n<\/div>\n<\/div>\n<div class=\"J_module\">\n<div class=\"icbu-pc-images magic-9\">\n<div class=\"flex-layout-h\">\n<div class=\"text-wrapper magic-17\">\n<div class=\"text-wrapper-left text-theme-light text-align-left\">\n<div class=\"text-title\">\n<div><span class=\"magic-4\" style=\"font-family: Arial;\">\u00a0<\/span><\/div>\n<\/div>\n<\/div>\n<\/div>\n<\/div>\n<\/div>\n<\/div>\n<div class=\"J_module\">\n<div class=\"detail-decorate-json-renderer-container\">\n<div class=\"magic-2\">\n<div class=\"magic-5\">\n<div class=\"magic-6\">\n<div class=\"magic-7\"><img loading=\"lazy\" decoding=\"async\" class=\"magic-40 aligncenter\" style=\"font-family: var(--global-body-font-family);\" title=\"M\u00e1quina de remo\u00e7\u00e3o de tatuagem a laser picosegundo\" src=\"https:\/\/sc04.alicdn.com\/kf\/H66380961817f4532b0a22c6c8b4abf39Z\/247315878\/H66380961817f4532b0a22c6c8b4abf39Z.png\" alt=\"M\u00e1quina de remo\u00e7\u00e3o de tatuagem a laser picosegundo\" width=\"522\" height=\"331\" data-src=\"\/\/sc04.alicdn.com\/kf\/H66380961817f4532b0a22c6c8b4abf39Z\/247315878\/H66380961817f4532b0a22c6c8b4abf39Z.png\" \/><\/div>\n<div>\n<h3><strong>Personalizar O Logotipo<\/strong><\/h3>\n<p>Quer fazer sua marca se destacam? N\u00f3s oferecemos o logotipo personalizado servi\u00e7os para ajudar voc\u00ea a criar uma \u00fanica e personalizada logo que reflete a identidade de sua marca. Nossa equipe de especialistas ir\u00e1 trabalhar em estreita colabora\u00e7\u00e3o com voc\u00ea para criar um logotipo que est\u00e1 em conson\u00e2ncia com os valores da sua marca e de mensagens. Se voc\u00ea estiver olhando para renovar o seu logotipo existente ou criar um novo a partir do zero, n\u00f3s temos que cobertas. <a href=\"\/pt\/contato\/\">Contacte-nos<\/a> hoje para saber mais sobre o nosso logotipo personalizado servi\u00e7os!<\/p>\n<p style=\"text-align: center;\">\n<\/div>\n<\/div>\n<\/div>\n<\/div>\n<\/div>\n<\/div>","protected":false},"excerpt":{"rendered":"<div><span style=\"font-family: Tahoma;\">O laser de picosegundo usa um modo de sa\u00edda de pulso muito curto, em vez de uma onda de choque mec\u00e2nica leve, o pigmento \u00e9 quebrado em granular fino por meio de energia focada, com maior probabilidade de ser absorvido pelo metabolismo do corpo. O laser de picosegundo minimizar\u00e1 os efeitos colaterais do efeito t\u00e9rmico, pode atingir o objetivo de quase resolver todos os tipos de manchas de pigmento, \u00e9 melhor do que o laser tradicional.<\/span><\/div>\n<p><span style=\"font-family: Tahoma;\">Por meio do princ\u00edpio da \u00f3ptica seletiva, ele penetra na express\u00e3o e age instantaneamente nos pigmentos reais da pele doente, esmaga-os e, em seguida, remove os pigmentos do corpo por meio das c\u00e9lulas metab\u00f3licas do corpo, sem efeito no m\u00e9todo de remo\u00e7\u00e3o de sardas dos tecidos normais circundantes.<\/span><\/p>","protected":false},"featured_media":2434,"comment_status":"open","ping_status":"closed","template":"","meta":{"_kad_post_transparent":"default","_kad_post_title":"","_kad_post_layout":"default","_kad_post_sidebar_id":"","_kad_post_content_style":"default","_kad_post_vertical_padding":"default","_kad_post_feature":"","_kad_post_feature_position":"","_kad_post_header":false,"_kad_post_footer":false,"_kad_post_classname":"","rank_math_title":"","rank_math_description":"","rank_math_focus_keyword":""},"product_brand":[],"product_cat":[29],"product_tag":[],"class_list":{"0":"post-2433","1":"product","2":"type-product","3":"status-publish","4":"has-post-thumbnail","6":"product_cat-pico-laser","8":"first","9":"instock","10":"shipping-taxable","11":"product-type-simple","12":"entry","13":"content-bg","14":"loop-entry"},"_links":{"self":[{"href":"https:\/\/skbty.com\/pt\/wp-json\/wp\/v2\/product\/2433","targetHints":{"allow":["GET"]}}],"collection":[{"href":"https:\/\/skbty.com\/pt\/wp-json\/wp\/v2\/product"}],"about":[{"href":"https:\/\/skbty.com\/pt\/wp-json\/wp\/v2\/types\/product"}],"replies":[{"embeddable":true,"href":"https:\/\/skbty.com\/pt\/wp-json\/wp\/v2\/comments?post=2433"}],"wp:featuredmedia":[{"embeddable":true,"href":"https:\/\/skbty.com\/pt\/wp-json\/wp\/v2\/media\/2434"}],"wp:attachment":[{"href":"https:\/\/skbty.com\/pt\/wp-json\/wp\/v2\/media?parent=2433"}],"wp:term":[{"taxonomy":"product_brand","embeddable":true,"href":"https:\/\/skbty.com\/pt\/wp-json\/wp\/v2\/product_brand?post=2433"},{"taxonomy":"product_cat","embeddable":true,"href":"https:\/\/skbty.com\/pt\/wp-json\/wp\/v2\/product_cat?post=2433"},{"taxonomy":"product_tag","embeddable":true,"href":"https:\/\/skbty.com\/pt\/wp-json\/wp\/v2\/product_tag?post=2433"}],"curies":[{"name":"Wp","href":"https:\/\/api.w.org\/{rel}","templated":true}]}}