{"id":2441,"date":"2024-01-11T18:35:22","date_gmt":"2024-01-11T10:35:22","guid":{"rendered":"https:\/\/skbty.com\/?post_type=product&#038;p=2441"},"modified":"2024-06-20T14:40:33","modified_gmt":"2024-06-20T06:40:33","slug":"maquina-de-cuidados-com-a-pele-facial-de-microdermoabrasao-hidrografica-14-em-1","status":"publish","type":"product","link":"https:\/\/skbty.com\/pt\/product\/maquina-de-cuidados-com-a-pele-facial-de-microdermoabrasao-hidrografica-14-em-1\/","title":{"rendered":"M\u00e1quina de cuidados com a pele facial de microdermoabras\u00e3o hidrogr\u00e1fica 14 em 1"},"content":{"rendered":"<div class=\"J_module\">\n<div class=\"detail-decorate-json-renderer-container\">\n<div class=\"magic-1\">\n<h3>O que \u00e9 Hidro Microdermoabras\u00e3o?<\/h3>\n<p><strong>Hidro Microdermoabras\u00e3o<\/strong>, tamb\u00e9m conhecido como Hydra Facial, aproveita os poderes de cura da \u00e1gua e do oxig\u00eanio para esfoliar suavemente a pele. Ao contr\u00e1rio dos m\u00e9todos tradicionais que usam cristais duros ou varinhas abrasivas, esta t\u00e9cnica garante uma experi\u00eancia mais suave e confort\u00e1vel, resultando em uma pele profundamente hidratada e rejuvenescida.<\/p>\n<p><strong>Hidro Microdermoabras\u00e3o<\/strong> representa o mais recente avan\u00e7o em tecnologia de cuidados com a pele. Este tratamento inovador utiliza os poderes naturais de cura da \u00e1gua e do oxig\u00eanio para esfoliar a pele sem esfor\u00e7o, sem o uso de cristais agressivos ou varinhas abrasivas. O resultado \u00e9 uma pele profundamente hidratada e com apar\u00eancia mais saud\u00e1vel.<\/p>\n<h3><img loading=\"lazy\" decoding=\"async\" class=\"magic-20 aligncenter\" title=\"M\u00e1quina de Hidro Microdermoabras\u00e3o\" src=\"https:\/\/sc04.alicdn.com\/kf\/H2780c66ac866421383e24440bcef06094\/247315878\/H2780c66ac866421383e24440bcef06094.png\" alt=\"M\u00e1quina de Hidro Microdermoabras\u00e3o\" width=\"523\" height=\"546\" data-src=\"\/\/sc04.alicdn.com\/kf\/H2780c66ac866421383e24440bcef06094\/247315878\/H2780c66ac866421383e24440bcef06094.png\" \/><\/h3>\n<h3><img loading=\"lazy\" decoding=\"async\" class=\"magic-30 aligncenter\" title=\"M\u00e1quina de Hidro Microdermoabras\u00e3o\" src=\"https:\/\/sc04.alicdn.com\/kf\/Ha86f3f2a422b416bbaeadcdd2214d986J\/247315878\/Ha86f3f2a422b416bbaeadcdd2214d986J.png\" alt=\"M\u00e1quina de Hidro Microdermoabras\u00e3o\" width=\"600\" height=\"472\" data-src=\"\/\/sc04.alicdn.com\/kf\/Ha86f3f2a422b416bbaeadcdd2214d986J\/247315878\/Ha86f3f2a422b416bbaeadcdd2214d986J.png\" \/><\/h3>\n<h3>Especifica\u00e7\u00f5es<\/h3>\n<ul>\n<li><strong>Nome<\/strong>: : M\u00e1quina de cuidados com a pele para tratamentos faciais de microdermoabras\u00e3o hidrogr\u00e1fica 14 em 1<\/li>\n<li><strong>V\u00e1cuo<\/strong>: &gt;100Kpa<\/li>\n<li><strong>Tecnologia<\/strong>: Hidrodermoabras\u00e3o, luz de f\u00f3tons<\/li>\n<li><strong>Sa\u00edda M\u00e1xima<\/strong>: 250 V\u00c1<\/li>\n<li><strong>Operar<\/strong>: Tela sens\u00edvel ao toque de 10,4\u2033<\/li>\n<li><strong>Tens\u00e3o<\/strong>: 100-240 VCA, 50 Hz\/60 Hz<\/li>\n<li><strong>Tamanho do pacote<\/strong>: 55 X 52 X 146 cm<\/li>\n<li><strong>Peso l\u00edquido<\/strong>: 45 KG<\/li>\n<\/ul>\n<h3>Principais Caracter\u00edsticas<\/h3>\n<ol>\n<li><strong>Esfolia\u00e7\u00e3o suave<\/strong>: Utiliza \u00e1gua e oxig\u00eanio para um processo de esfolia\u00e7\u00e3o n\u00e3o abrasivo.<\/li>\n<li><strong>Hidrata\u00e7\u00e3o Profunda<\/strong>: Proporciona hidrata\u00e7\u00e3o profunda \u00e0 pele, deixando-a com apar\u00eancia mais saud\u00e1vel.<\/li>\n<li><strong>Tecnologia de luz de f\u00f3tons<\/strong>: Melhora o tratamento com terapia de luz avan\u00e7ada.<\/li>\n<li><strong>Opera\u00e7\u00e3o amig\u00e1vel ao usu\u00e1rio<\/strong>: Tela sens\u00edvel ao toque de 10,4\u2033 para controle f\u00e1cil e intuitivo.<\/li>\n<li><strong>Aspirador de p\u00f3 potente<\/strong>: &gt;100Kpa de for\u00e7a de v\u00e1cuo para limpeza eficaz da pele.<\/li>\n<\/ol>\n<h3>Vantagens t\u00e9cnicas<\/h3>\n<ol>\n<li><strong>Multifuncionalidade 14 em 1<\/strong>: Combina tecnologias de hidrodermoabras\u00e3o e luz de f\u00f3tons em um \u00fanico dispositivo.<\/li>\n<li><strong>Configura\u00e7\u00f5es ajust\u00e1veis<\/strong>: Configura\u00e7\u00f5es de tratamento personaliz\u00e1veis para diferentes tipos e condi\u00e7\u00f5es de pele.<\/li>\n<li><strong>Alto rendimento<\/strong>: A sa\u00edda m\u00e1xima de 250 VA garante um desempenho eficiente e potente.<\/li>\n<li><strong>Ampla faixa de voltagem<\/strong>: Opera em 100-240 VCA, adequado para uso global.<\/li>\n<li><strong>Design compacto<\/strong>: Tamanho da embalagem: 55 x 52 x 146 cm, tornando-a adequada para v\u00e1rios ambientes de spa e cl\u00ednica.<\/li>\n<\/ol>\n<h3>Aplica\u00e7\u00f5es<\/h3>\n<ul>\n<li><strong>Esfolia\u00e7\u00e3o<\/strong>: Remove suavemente as c\u00e9lulas mortas da pele para uma pele mais lisa.<\/li>\n<li><strong>Hidrata\u00e7\u00e3o<\/strong>: Hidrata profundamente a pele para uma apar\u00eancia mais saud\u00e1vel.<\/li>\n<li><strong>Rejuvenescimento da pele<\/strong>: Promove uma pele com apar\u00eancia mais jovem por meio de esfolia\u00e7\u00e3o e hidrata\u00e7\u00e3o aprimoradas.<\/li>\n<li><strong>Terapia de luz fot\u00f4nica<\/strong>: Trata diversas condi\u00e7\u00f5es de pele com tecnologia de luz avan\u00e7ada.<\/li>\n<\/ul>\n<h3><img loading=\"lazy\" decoding=\"async\" class=\"magic-22 aligncenter\" title=\"M\u00e1quina de Hidro Microdermoabras\u00e3o\" src=\"https:\/\/sc04.alicdn.com\/kf\/H41bc4e04a9cb48cf9ec3beded24d905aR\/247315878\/H41bc4e04a9cb48cf9ec3beded24d905aR.png\" alt=\"M\u00e1quina de Hidro Microdermoabras\u00e3o\" width=\"470\" height=\"564\" data-src=\"\/\/sc04.alicdn.com\/kf\/H41bc4e04a9cb48cf9ec3beded24d905aR\/247315878\/H41bc4e04a9cb48cf9ec3beded24d905aR.png\" \/><\/h3>\n<h3>Benef\u00edcios<\/h3>\n<ul>\n<li><strong>N\u00e3o abrasivo<\/strong>: Proporciona uma esfolia\u00e7\u00e3o suave, por\u00e9m eficaz, sem cristais agressivos.<\/li>\n<li><strong>Hidrata\u00e7\u00e3o Profunda<\/strong>: Melhora a hidrata\u00e7\u00e3o da pele para um brilho radiante.<\/li>\n<li><strong>F\u00e1cil de usar<\/strong>: Interface de tela sens\u00edvel ao toque intuitiva para opera\u00e7\u00e3o simples.<\/li>\n<li><strong>Vers\u00e1til<\/strong>: Adequado para v\u00e1rios tipos e condi\u00e7\u00f5es de pele.<\/li>\n<\/ul>\n<\/div>\n<\/div>\n<\/div>\n<div class=\"J_module\">\n<div class=\"icbu-pc-images magic-13\">\n<div class=\"flex-layout-v\"><\/div>\n<\/div>\n<\/div>\n<div class=\"J_module\">\n<div class=\"icbu-pc-detailManyImage magic-18\">\n<div class=\"magic-25\">\n<h3><strong>Personalizar O Logotipo<\/strong><\/h3>\n<p>Quer fazer sua marca se destacam? N\u00f3s oferecemos o logotipo personalizado servi\u00e7os para ajudar voc\u00ea a criar uma \u00fanica e personalizada logo que reflete a identidade de sua marca. Nossa equipe de especialistas ir\u00e1 trabalhar em estreita colabora\u00e7\u00e3o com voc\u00ea para criar um logotipo que est\u00e1 em conson\u00e2ncia com os valores da sua marca e de mensagens. Se voc\u00ea estiver olhando para renovar o seu logotipo existente ou criar um novo a partir do zero, n\u00f3s temos que cobertas. <a href=\"\/pt\/contato\/\">Contacte-nos<\/a> hoje para saber mais sobre o nosso logotipo personalizado servi\u00e7os!<\/p>\n<\/div>\n<div class=\"magic-29\"><\/div>\n<\/div>\n<\/div>","protected":false},"excerpt":{"rendered":"<p><span class=\"magic-7\" style=\"font-family: Arial;\">Hydro dermoabras\u00e3o (Hydra Facial) - a mais recente tecnologia em cuidados com a pele. A Hydra dermoabras\u00e3o utiliza os poderes naturais de cura da \u00e1gua e do oxig\u00eanio para esfoliar a pele sem esfor\u00e7o, sem o uso de cristais duros ou varinhas de textura abrasiva, gerando uma pele profundamente hidratada e com apar\u00eancia mais saud\u00e1vel.<\/span><\/p>","protected":false},"featured_media":2442,"comment_status":"open","ping_status":"closed","template":"","meta":{"_kad_post_transparent":"default","_kad_post_title":"","_kad_post_layout":"default","_kad_post_sidebar_id":"","_kad_post_content_style":"default","_kad_post_vertical_padding":"default","_kad_post_feature":"","_kad_post_feature_position":"","_kad_post_header":false,"_kad_post_footer":false,"_kad_post_classname":"","rank_math_title":"","rank_math_description":"","rank_math_focus_keyword":""},"product_brand":[],"product_cat":[33],"product_tag":[],"class_list":{"0":"post-2441","1":"product","2":"type-product","3":"status-publish","4":"has-post-thumbnail","6":"product_cat-face-care","8":"first","9":"instock","10":"shipping-taxable","11":"product-type-simple","12":"entry","13":"content-bg","14":"loop-entry"},"_links":{"self":[{"href":"https:\/\/skbty.com\/pt\/wp-json\/wp\/v2\/product\/2441","targetHints":{"allow":["GET"]}}],"collection":[{"href":"https:\/\/skbty.com\/pt\/wp-json\/wp\/v2\/product"}],"about":[{"href":"https:\/\/skbty.com\/pt\/wp-json\/wp\/v2\/types\/product"}],"replies":[{"embeddable":true,"href":"https:\/\/skbty.com\/pt\/wp-json\/wp\/v2\/comments?post=2441"}],"wp:featuredmedia":[{"embeddable":true,"href":"https:\/\/skbty.com\/pt\/wp-json\/wp\/v2\/media\/2442"}],"wp:attachment":[{"href":"https:\/\/skbty.com\/pt\/wp-json\/wp\/v2\/media?parent=2441"}],"wp:term":[{"taxonomy":"product_brand","embeddable":true,"href":"https:\/\/skbty.com\/pt\/wp-json\/wp\/v2\/product_brand?post=2441"},{"taxonomy":"product_cat","embeddable":true,"href":"https:\/\/skbty.com\/pt\/wp-json\/wp\/v2\/product_cat?post=2441"},{"taxonomy":"product_tag","embeddable":true,"href":"https:\/\/skbty.com\/pt\/wp-json\/wp\/v2\/product_tag?post=2441"}],"curies":[{"name":"Wp","href":"https:\/\/api.w.org\/{rel}","templated":true}]}}