{"id":2450,"date":"2024-01-11T19:09:04","date_gmt":"2024-01-11T11:09:04","guid":{"rendered":"https:\/\/skbty.com\/?post_type=product&#038;p=2450"},"modified":"2024-06-20T14:26:49","modified_gmt":"2024-06-20T06:26:49","slug":"ret-maquina-de-beleza-facial","status":"publish","type":"product","link":"https:\/\/skbty.com\/pt\/product\/ret-maquina-de-beleza-facial\/","title":{"rendered":"A m\u00e1quina de beleza RET-Face"},"content":{"rendered":"<div class=\"J_module\">\n<div class=\"ife-detail-decorate-table\">\n<h3>O que \u00e9 o <strong>RET-M\u00e1quina de beleza facial?<\/strong><\/h3>\n<p><strong>M\u00e1quina de beleza facial RET<\/strong> combina energia t\u00e9rmica sincronizada e tecnologia magn\u00e9tica de pulso de alta intensidade para levantar e firmar a pele, remover rugas e regenerar a elasticidade da pele e o col\u00e1geno. Este dispositivo avan\u00e7ado \u00e9 projetado para tratamentos faciais n\u00e3o invasivos eficazes.<\/p>\n<h3><img loading=\"lazy\" decoding=\"async\" class=\"magic-18 aligncenter\" title=\"M\u00e1quina de beleza facial RET\" src=\"https:\/\/sc04.alicdn.com\/kf\/H44c2272f4c064dd6a92a0c21b0d17b90U\/247315878\/H44c2272f4c064dd6a92a0c21b0d17b90U.png\" alt=\"M\u00e1quina de beleza facial RET\" width=\"608\" height=\"588\" data-src=\"\/\/sc04.alicdn.com\/kf\/H44c2272f4c064dd6a92a0c21b0d17b90U\/247315878\/H44c2272f4c064dd6a92a0c21b0d17b90U.png\" \/><\/h3>\n<table style=\"border-collapse: collapse; width: 100%;\">\n<tbody>\n<tr>\n<td style=\"width: 50%;\"><img loading=\"lazy\" decoding=\"async\" class=\"magic-27 aligncenter\" title=\"M\u00e1quina de beleza facial RET\" src=\"https:\/\/sc04.alicdn.com\/kf\/He9dd5a2aa2314ec7b9d4bbd3cb3d73435\/247315878\/He9dd5a2aa2314ec7b9d4bbd3cb3d73435.png\" alt=\"M\u00e1quina de beleza facial RET\" width=\"564\" height=\"337\" data-src=\"\/\/sc04.alicdn.com\/kf\/He9dd5a2aa2314ec7b9d4bbd3cb3d73435\/247315878\/He9dd5a2aa2314ec7b9d4bbd3cb3d73435.png\" \/><\/td>\n<td style=\"width: 50%;\"><img loading=\"lazy\" decoding=\"async\" class=\"magic-33 aligncenter\" title=\"M\u00e1quina de beleza facial RET\" src=\"https:\/\/sc04.alicdn.com\/kf\/Hd156d959f7ed4d19903d05c0ba2cb8e54\/247315878\/Hd156d959f7ed4d19903d05c0ba2cb8e54.png\" alt=\"M\u00e1quina de beleza facial RET\" width=\"801\" height=\"389\" data-src=\"\/\/sc04.alicdn.com\/kf\/Hd156d959f7ed4d19903d05c0ba2cb8e54\/247315878\/Hd156d959f7ed4d19903d05c0ba2cb8e54.png\" \/><\/td>\n<\/tr>\n<\/tbody>\n<\/table>\n<h3>Especifica\u00e7\u00f5es<\/h3>\n<ul>\n<li><strong>Tipo<\/strong>: RET- M\u00e1quina de beleza facial<\/li>\n<li><strong>Al\u00e7a de opera\u00e7\u00e3o<\/strong>: 6 remendos<\/li>\n<li><strong>Poder<\/strong>: 100-220 V 50\/60 Hz<\/li>\n<li><strong>Energia das ondas eletromagn\u00e9ticas<\/strong>: 0-1,8T<\/li>\n<li><strong>Mostrar<\/strong>: Tela sens\u00edvel ao toque de 10,4 polegadas<\/li>\n<li><strong>Pulso<\/strong>: 200\u03bcs (microssegundo)<\/li>\n<li><strong>Energia el\u00e9trica<\/strong>: 40mA<\/li>\n<li><strong>Tamanho do chassi<\/strong>: 40<em>39<\/em>40 cm<\/li>\n<li><strong>Peso da embalagem<\/strong>: 19 kg<\/li>\n<\/ul>\n<h3>Princ\u00edpio de funcionamento<\/h3>\n<p>O <strong>M\u00e1quina de beleza facial RET<\/strong> usa energia t\u00e9rmica sincronizada para aquecer a derme e aumentar a produ\u00e7\u00e3o de col\u00e1geno, restaurando a elasticidade da pele e removendo rugas. A tecnologia magn\u00e9tica de pulso de alta intensidade estimula os m\u00fasculos, causando contra\u00e7\u00f5es musculares seletivas. Essa combina\u00e7\u00e3o aumenta a intensidade e a qualidade dos m\u00fasculos, atingindo o prop\u00f3sito de levantar e firmar a pele. Com energia t\u00e9rmica e pulso alto em uma almofada, ele efetivamente levanta e firma o rosto, remove rugas e regenera a pele.<\/p>\n<h3>Principais Caracter\u00edsticas<\/h3>\n<ol>\n<li><strong>Lifting e endurecimento da pele<\/strong>: Melhora a firmeza e elasticidade da pele.<\/li>\n<li><strong>Remo\u00e7\u00e3o de rugas<\/strong>: Reduz a apar\u00eancia de rugas.<\/li>\n<li><strong>Levantamento muscular<\/strong>: Levanta e tonifica os m\u00fasculos faciais.<\/li>\n<li><strong>Aumente o t\u00f4nus muscular e a elasticidade<\/strong>: Melhora a qualidade muscular geral.<\/li>\n<li><strong>Regenera Elastina e Col\u00e1geno<\/strong>: Aumenta a produ\u00e7\u00e3o de prote\u00ednas essenciais da pele.<\/li>\n<\/ol>\n<h3><img loading=\"lazy\" decoding=\"async\" class=\"magic-22 aligncenter\" title=\"M\u00e1quina de beleza facial RET\" src=\"https:\/\/sc04.alicdn.com\/kf\/H5703c3be9f9c481a9159d56615913d2a3\/247315878\/H5703c3be9f9c481a9159d56615913d2a3.png\" alt=\"M\u00e1quina de beleza facial RET\" width=\"588\" height=\"466\" data-src=\"\/\/sc04.alicdn.com\/kf\/H5703c3be9f9c481a9159d56615913d2a3\/247315878\/H5703c3be9f9c481a9159d56615913d2a3.png\" \/><\/h3>\n<h3>Vantagens t\u00e9cnicas<\/h3>\n<ol>\n<li><strong>2 Terapias em um Procedimento<\/strong>: Combina energias RF e HI-EMS sincronizadas para tratamento simult\u00e2neo da pele e dos m\u00fasculos do rosto.<\/li>\n<li><strong>N\u00e3o invasivo \/ indolor \/ sem agulhas<\/strong>: Completamente n\u00e3o invasivo e sem tempo de inatividade.<\/li>\n<li><strong>Tratamento Facial<\/strong>: Reduz rugas faciais, aumenta o t\u00f4nus e a densidade muscular, levanta o rosto e aumenta a produ\u00e7\u00e3o de col\u00e1geno e elastina.<\/li>\n<li><strong>Opera\u00e7\u00e3o m\u00e3os-livres<\/strong>:O procedimento \u00e9 executado de forma independente ap\u00f3s a fixa\u00e7\u00e3o dos aplicadores.<\/li>\n<li><strong>Tratamento Facial Completo em 20 Minutos<\/strong>: Tratamento confort\u00e1vel e f\u00e1cil de usar, com dura\u00e7\u00e3o de apenas 20 minutos.<\/li>\n<\/ol>\n<h3><img loading=\"lazy\" decoding=\"async\" class=\"magic-29 aligncenter\" title=\"M\u00e1quina de beleza facial RET\" src=\"https:\/\/sc04.alicdn.com\/kf\/Hf331778f278745ed8b5a7aa8853dac76N\/247315878\/Hf331778f278745ed8b5a7aa8853dac76N.png\" alt=\"M\u00e1quina de beleza facial RET\" width=\"572\" height=\"424\" data-src=\"\/\/sc04.alicdn.com\/kf\/Hf331778f278745ed8b5a7aa8853dac76N\/247315878\/Hf331778f278745ed8b5a7aa8853dac76N.png\" \/><\/h3>\n<h3>Aplica\u00e7\u00f5es<\/h3>\n<ul>\n<li><strong>Lifting e endurecimento da pele<\/strong>: Proporciona uma apar\u00eancia mais firme e jovem.<\/li>\n<li><strong>Remo\u00e7\u00e3o de rugas<\/strong>: Suaviza linhas finas e rugas.<\/li>\n<li><strong>Levantamento muscular<\/strong>: Melhora o t\u00f4nus e a elasticidade dos m\u00fasculos faciais.<\/li>\n<li><strong>Regenera\u00e7\u00e3o de Col\u00e1geno e Elastina<\/strong>: Melhora a estrutura e a resili\u00eancia da pele.<\/li>\n<\/ul>\n<h3>\u00a0Usando efeitos<\/h3>\n<p>O <strong>M\u00e1quina de beleza facial RET<\/strong> fornece rejuvenescimento facial abrangente ao levantar e firmar a pele, reduzindo rugas e melhorando o t\u00f4nus muscular. Aumenta efetivamente a produ\u00e7\u00e3o de col\u00e1geno e elastina, levando \u00e0 melhora da textura e elasticidade da pele.<\/p>\n<\/div>\n<\/div>\n<div class=\"J_module\">\n<div class=\"icbu-pc-images magic-11\">\n<div>\n<div class=\"flex-layout-v\">\n<div class=\"flex-layout-h magic-11\">\n<div class=\"magic-34\"><img loading=\"lazy\" decoding=\"async\" class=\"magic-35 aligncenter\" src=\"https:\/\/sc04.alicdn.com\/kf\/H7d7f15a834ba430c9084ba75d1c9bae3Z\/247315878\/H7d7f15a834ba430c9084ba75d1c9bae3Z.jpg\" width=\"449\" height=\"412\" data-src=\"\/\/sc04.alicdn.com\/kf\/H7d7f15a834ba430c9084ba75d1c9bae3Z\/247315878\/H7d7f15a834ba430c9084ba75d1c9bae3Z.jpg\" \/><\/div>\n<div>\n<h3><strong>Personalizar O Logotipo<\/strong><\/h3>\n<p>Quer fazer sua marca se destacam? N\u00f3s oferecemos o logotipo personalizado servi\u00e7os para ajudar voc\u00ea a criar uma \u00fanica e personalizada logo que reflete a identidade de sua marca. Nossa equipe de especialistas ir\u00e1 trabalhar em estreita colabora\u00e7\u00e3o com voc\u00ea para criar um logotipo que est\u00e1 em conson\u00e2ncia com os valores da sua marca e de mensagens. Se voc\u00ea estiver olhando para renovar o seu logotipo existente ou criar um novo a partir do zero, n\u00f3s temos que cobertas. <a href=\"\/pt\/contato\/\">Contacte-nos<\/a> hoje para saber mais sobre o nosso logotipo personalizado servi\u00e7os!<\/p>\n<\/div>\n<\/div>\n<\/div>\n<\/div>\n<\/div>\n<\/div>","protected":false},"excerpt":{"rendered":"<p><span class=\"magic-9\" style=\"font-family: Arial;\">A energia t\u00e9rmica sincronizada pode aquecer a derme e aumentar o col\u00e1geno para restaurar a elasticidade da pele e remover rugas. Enquanto a tecnologia de pulso magn\u00e9tico de alta intensidade pode estimular os m\u00fasculos e fazer com que o m\u00fasculo se contraia seletivamente. Ao aumentar a intensidade e a qualidade dos m\u00fasculos, pode atingir o prop\u00f3sito de levantar e esticar a pele. Com energia t\u00e9rmica e um pulso alto em uma almofada, pode ajudar a levantar e firmar o rosto, remover rugas e regenerar a pele.<\/span><\/p>","protected":false},"featured_media":2451,"comment_status":"open","ping_status":"closed","template":"","meta":{"_kad_post_transparent":"default","_kad_post_title":"","_kad_post_layout":"default","_kad_post_sidebar_id":"","_kad_post_content_style":"default","_kad_post_vertical_padding":"default","_kad_post_feature":"","_kad_post_feature_position":"","_kad_post_header":false,"_kad_post_footer":false,"_kad_post_classname":"","rank_math_title":"","rank_math_description":"","rank_math_focus_keyword":""},"product_brand":[],"product_cat":[33],"product_tag":[],"class_list":{"0":"post-2450","1":"product","2":"type-product","3":"status-publish","4":"has-post-thumbnail","6":"product_cat-face-care","8":"first","9":"instock","10":"shipping-taxable","11":"product-type-simple","12":"entry","13":"content-bg","14":"loop-entry"},"_links":{"self":[{"href":"https:\/\/skbty.com\/pt\/wp-json\/wp\/v2\/product\/2450","targetHints":{"allow":["GET"]}}],"collection":[{"href":"https:\/\/skbty.com\/pt\/wp-json\/wp\/v2\/product"}],"about":[{"href":"https:\/\/skbty.com\/pt\/wp-json\/wp\/v2\/types\/product"}],"replies":[{"embeddable":true,"href":"https:\/\/skbty.com\/pt\/wp-json\/wp\/v2\/comments?post=2450"}],"wp:featuredmedia":[{"embeddable":true,"href":"https:\/\/skbty.com\/pt\/wp-json\/wp\/v2\/media\/2451"}],"wp:attachment":[{"href":"https:\/\/skbty.com\/pt\/wp-json\/wp\/v2\/media?parent=2450"}],"wp:term":[{"taxonomy":"product_brand","embeddable":true,"href":"https:\/\/skbty.com\/pt\/wp-json\/wp\/v2\/product_brand?post=2450"},{"taxonomy":"product_cat","embeddable":true,"href":"https:\/\/skbty.com\/pt\/wp-json\/wp\/v2\/product_cat?post=2450"},{"taxonomy":"product_tag","embeddable":true,"href":"https:\/\/skbty.com\/pt\/wp-json\/wp\/v2\/product_tag?post=2450"}],"curies":[{"name":"Wp","href":"https:\/\/api.w.org\/{rel}","templated":true}]}}