{"id":2467,"date":"2024-01-12T10:14:16","date_gmt":"2024-01-12T02:14:16","guid":{"rendered":"https:\/\/skbty.com\/?post_type=product&#038;p=2467"},"modified":"2024-06-20T11:54:42","modified_gmt":"2024-06-20T03:54:42","slug":"maquina-de-estimulacao-muscular-eletromagnetica-ems-neo","status":"publish","type":"product","link":"https:\/\/skbty.com\/pt\/product\/maquina-de-estimulacao-muscular-eletromagnetica-ems-neo\/","title":{"rendered":"M\u00e1quina de estimula\u00e7\u00e3o muscular eletromagn\u00e9tica EMS NEO"},"content":{"rendered":"<div class=\"ife-detail-decorate-table\">\n<h3>O que \u00e9 o <strong>Estimula\u00e7\u00e3o Muscular Eletromagn\u00e9tica EMS NEO?<\/strong><\/h3>\n<p><strong>M\u00e1quina de terapia por ondas de choque de estimula\u00e7\u00e3o muscular eletromagn\u00e9tica EMS NEO<\/strong> \u00e9 um dispositivo n\u00e3o invasivo de \u00faltima gera\u00e7\u00e3o projetado para eliminar c\u00e9lulas de gordura e aumentar a massa muscular. Combinando aquecimento RF sincronizado e ondas eletromagn\u00e9ticas focadas de alta intensidade, esta m\u00e1quina estimula e contrai m\u00fasculos de forma eficaz, visando \u00e1reas como abd\u00f4men, n\u00e1degas, bra\u00e7os, panturrilhas e coxas.<\/p>\n<table style=\"border-collapse: collapse; width: 100%;\">\n<tbody>\n<tr>\n<td style=\"width: 50%;\">\n<h3><img loading=\"lazy\" decoding=\"async\" class=\"magic-10 aligncenter\" title=\"EMS NEO Estimula\u00e7\u00e3o Muscular Eletromagn\u00e9tica\" src=\"https:\/\/sc04.alicdn.com\/kf\/H117dd40a6cdf4508b2a7d186cdafe78bv\/247315878\/H117dd40a6cdf4508b2a7d186cdafe78bv.png\" alt=\"EMS NEO Estimula\u00e7\u00e3o Muscular Eletromagn\u00e9tica\" width=\"397\" height=\"459\" data-src=\"\/\/sc04.alicdn.com\/kf\/H117dd40a6cdf4508b2a7d186cdafe78bv\/247315878\/H117dd40a6cdf4508b2a7d186cdafe78bv.png\" \/><\/h3>\n<\/td>\n<td style=\"width: 50%;\">\n<h3><img loading=\"lazy\" decoding=\"async\" class=\"magic-27 aligncenter\" title=\"EMS NEO Estimula\u00e7\u00e3o Muscular Eletromagn\u00e9tica\" src=\"https:\/\/sc04.alicdn.com\/kf\/H824998f7b9494ad9a31652c51aeabd4fv\/247315878\/H824998f7b9494ad9a31652c51aeabd4fv.png\" alt=\"EMS NEO Estimula\u00e7\u00e3o Muscular Eletromagn\u00e9tica\" width=\"463\" height=\"491\" data-src=\"\/\/sc04.alicdn.com\/kf\/H824998f7b9494ad9a31652c51aeabd4fv\/247315878\/H824998f7b9494ad9a31652c51aeabd4fv.png\" \/><\/h3>\n<\/td>\n<\/tr>\n<\/tbody>\n<\/table>\n<h3>Especifica\u00e7\u00f5es<\/h3>\n<ul>\n<li><strong>Al\u00e7a de opera\u00e7\u00e3o<\/strong>: 4 al\u00e7as (resfriamento a \u00e1gua)<\/li>\n<li><strong>Poder<\/strong>: 220 V 50\/60 Hz<\/li>\n<li><strong>Energia das ondas eletromagn\u00e9ticas<\/strong>: 0-5T<\/li>\n<li><strong>Frequ\u00eancia RF<\/strong>: 3M<\/li>\n<li><strong>Tela<\/strong>: Tela sens\u00edvel ao toque de 10,4 polegadas<\/li>\n<li><strong>Pulso<\/strong>: 300\u03bcs (microssegundos)<\/li>\n<li><strong>Tamanho da caixa<\/strong>: 54<em>43<\/em>97 cm<\/li>\n<li><strong>Peso bruto<\/strong>: 59 kg<\/li>\n<\/ul>\n<h3>Princ\u00edpio de funcionamento<\/h3>\n<p>O <strong>M\u00e1quina de terapia por ondas de choque de estimula\u00e7\u00e3o muscular eletromagn\u00e9tica EMS NEO<\/strong> utiliza a tecnologia RF Sculptor para eliminar c\u00e9lulas de gordura e aumentar a massa muscular por meio de uma combina\u00e7\u00e3o de aquecimento RF sincronizado e ondas eletromagn\u00e9ticas focadas de alta intensidade. Este m\u00e9todo n\u00e3o invasivo estimula as contra\u00e7\u00f5es musculares e reduz os dep\u00f3sitos de gordura, visando efetivamente o abd\u00f4men, n\u00e1degas, bra\u00e7os, panturrilhas e coxas.<\/p>\n<h3><img loading=\"lazy\" decoding=\"async\" class=\"magic-22 aligncenter\" title=\"EMS NEO Estimula\u00e7\u00e3o Muscular Eletromagn\u00e9tica\" src=\"https:\/\/sc04.alicdn.com\/kf\/H0fea23ca612c4988a4458979cd48c6cca\/247315878\/H0fea23ca612c4988a4458979cd48c6cca.png\" alt=\"EMS NEO Estimula\u00e7\u00e3o Muscular Eletromagn\u00e9tica\" width=\"550\" height=\"369\" data-src=\"\/\/sc04.alicdn.com\/kf\/H0fea23ca612c4988a4458979cd48c6cca\/247315878\/H0fea23ca612c4988a4458979cd48c6cca.png\" \/><\/h3>\n<h3>Vantagens<\/h3>\n<ol>\n<li><strong>Construa m\u00fasculos e queime gordura<\/strong>: Alcan\u00e7a crescimento muscular e redu\u00e7\u00e3o de gordura simultaneamente.<\/li>\n<li><strong>Eleva\u00e7\u00e3o de quadril n\u00e3o invasiva<\/strong>: Oferece uma solu\u00e7\u00e3o n\u00e3o cir\u00fargica para eleva\u00e7\u00e3o do quadril.<\/li>\n<li><strong>Adequa\u00e7\u00e3o Universal<\/strong>: Adequado para todos, sem necessidade de anestesia ou cirurgia.<\/li>\n<li><strong>Procedimento r\u00e1pido<\/strong>:Cada sess\u00e3o dura apenas 30 minutos, com quatro sess\u00f5es espa\u00e7adas de 2 a 3 dias.<\/li>\n<li><strong>Sensa\u00e7\u00e3o de treino intenso<\/strong>:Parece um treino intenso.<\/li>\n<li><strong>Seguro e sem tempo de inatividade<\/strong>: Resultados imediatos sem necessidade de tempo de recupera\u00e7\u00e3o.<\/li>\n<li><strong>Resultados vis\u00edveis<\/strong>: Melhora percept\u00edvel ap\u00f3s duas a quatro semanas.<\/li>\n<li><strong>Aumento da massa muscular<\/strong>: A massa muscular aumentou em m\u00e9dia 25%.<\/li>\n<li><strong>Gordura reduzida<\/strong>: Gordura reduzida em uma m\u00e9dia de 30%.<\/li>\n<\/ol>\n<h3><img loading=\"lazy\" decoding=\"async\" class=\"magic-31 aligncenter\" title=\"EMS NEO Estimula\u00e7\u00e3o Muscular Eletromagn\u00e9tica\" src=\"https:\/\/sc04.alicdn.com\/kf\/Hfb13a8e5eee242518b7ab1020057b956i\/247315878\/Hfb13a8e5eee242518b7ab1020057b956i.png\" alt=\"EMS NEO Estimula\u00e7\u00e3o Muscular Eletromagn\u00e9tica\" width=\"582\" height=\"296\" data-src=\"\/\/sc04.alicdn.com\/kf\/Hfb13a8e5eee242518b7ab1020057b956i\/247315878\/Hfb13a8e5eee242518b7ab1020057b956i.png\" \/><\/h3>\n<h3>Fun\u00e7\u00f5es<\/h3>\n<ol>\n<li><strong>Construir M\u00fasculo<\/strong>: Contra\u00e7\u00f5es de alta frequ\u00eancia e intensidade (30.000 vezes) treinam e aumentam a densidade e o volume muscular.<\/li>\n<li><strong>Reduzir gordura<\/strong>: As contra\u00e7\u00f5es musculares exigem alta energia, levando \u00e0 apoptose natural das c\u00e9lulas de gordura e \u00e0 redu\u00e7\u00e3o eficaz da gordura.<\/li>\n<li><strong>Escultura muscular<\/strong>: Modela abd\u00f4men, cintura, gl\u00fateos e obl\u00edquos, melhorando a defini\u00e7\u00e3o muscular.<\/li>\n<li><strong>Repara\u00e7\u00e3o dos m\u00fasculos do assoalho p\u00e9lvico<\/strong>: Fortalece e restaura a firmeza e a elasticidade, tratando problemas como incontin\u00eancia urin\u00e1ria e protrus\u00e3o abdominal inferior.<\/li>\n<\/ol>\n<h3><img loading=\"lazy\" decoding=\"async\" class=\"magic-24 aligncenter\" title=\"EMS NEO Estimula\u00e7\u00e3o Muscular Eletromagn\u00e9tica\" src=\"https:\/\/sc04.alicdn.com\/kf\/Hde65317319fa4d8b9c7d0a1d51d9720bf\/247315878\/Hde65317319fa4d8b9c7d0a1d51d9720bf.png\" alt=\"EMS NEO Estimula\u00e7\u00e3o Muscular Eletromagn\u00e9tica\" width=\"544\" height=\"630\" data-src=\"\/\/sc04.alicdn.com\/kf\/Hde65317319fa4d8b9c7d0a1d51d9720bf\/247315878\/Hde65317319fa4d8b9c7d0a1d51d9720bf.png\" \/><\/h3>\n<h3>Efeitos<\/h3>\n<ol>\n<li><strong>Efeito no tecido muscular<\/strong>: Usando a tecnologia HI-EMT, a expans\u00e3o e contra\u00e7\u00e3o cont\u00ednuas dos m\u00fasculos resultam em remodela\u00e7\u00e3o profunda, crescimento muscular e aumento da densidade e volume muscular. A tecnologia HI-EMT pode induzir cerca de 20.000 contra\u00e7\u00f5es musculares for\u00e7adas por sess\u00e3o, alcan\u00e7ando contra\u00e7\u00f5es extremas n\u00e3o poss\u00edveis por meio de movimentos volunt\u00e1rios.<\/li>\n<li><strong>Efeito no tecido adiposo<\/strong>: As contra\u00e7\u00f5es musculares extremas da tecnologia HI-EMT fazem com que os \u00e1cidos graxos se quebrem, os quais s\u00e3o ent\u00e3o excretados pelo metabolismo normal. Esse processo fortalece os m\u00fasculos e reduz a gordura.<\/li>\n<\/ol>\n<\/div>\n<div class=\"J_module\">\n<div class=\"icbu-pc-images magic-8\">\n<div class=\"flex-layout-v\"><\/div>\n<\/div>\n<\/div>\n<div class=\"J_module\">\n<div class=\"icbu-pc-detailManyImage magic-25\"><\/div>\n<\/div>\n<div class=\"J_module\">\n<div class=\"detail-decorate-json-renderer-container\">\n<div class=\"magic-11\">\n<div class=\"magic-17\"><\/div>\n<\/div>\n<\/div>\n<\/div>\n<div class=\"J_module\">\n<div class=\"icbu-pc-images magic-8\">\n<div>\n<div class=\"flex-layout-v\">\n<div class=\"flex-layout-h magic-8\">\n<div class=\"magic-32\"><img loading=\"lazy\" decoding=\"async\" class=\"magic-33 aligncenter\" title=\"EMS NEO Estimula\u00e7\u00e3o Muscular Eletromagn\u00e9tica\" src=\"https:\/\/sc04.alicdn.com\/kf\/He7f574c8c67a4742a26ceeb4c294e7ebR\/247315878\/He7f574c8c67a4742a26ceeb4c294e7ebR.png\" alt=\"EMS NEO Estimula\u00e7\u00e3o Muscular Eletromagn\u00e9tica\" width=\"448\" height=\"505\" data-src=\"\/\/sc04.alicdn.com\/kf\/He7f574c8c67a4742a26ceeb4c294e7ebR\/247315878\/He7f574c8c67a4742a26ceeb4c294e7ebR.png\" \/><\/div>\n<div>\n<h3><strong>Personalizar O Logotipo<\/strong><\/h3>\n<p>Quer fazer sua marca se destacam? N\u00f3s oferecemos o logotipo personalizado servi\u00e7os para ajudar voc\u00ea a criar uma \u00fanica e personalizada logo que reflete a identidade de sua marca. Nossa equipe de especialistas ir\u00e1 trabalhar em estreita colabora\u00e7\u00e3o com voc\u00ea para criar um logotipo que est\u00e1 em conson\u00e2ncia com os valores da sua marca e de mensagens. Se voc\u00ea estiver olhando para renovar o seu logotipo existente ou criar um novo a partir do zero, n\u00f3s temos que cobertas. <a href=\"\/pt\/contato\/\">Contacte-nos<\/a> hoje para saber mais sobre o nosso logotipo personalizado servi\u00e7os!<\/p>\n<\/div>\n<\/div>\n<\/div>\n<\/div>\n<\/div>\n<\/div>","protected":false},"excerpt":{"rendered":"<div class=\"magic-20\">M\u00e1quina de terapia por ondas de choque de estimula\u00e7\u00e3o muscular eletromagn\u00e9tica EMS NEO princ\u00edpio de funcionamento<\/div>\n<div class=\"magic-20\">O RF Sculptor \u00e9 um instrumento n\u00e3o invasivo que elimina c\u00e9lulas de gordura e aumenta os m\u00fasculos por meio de uma combina\u00e7\u00e3o de aquecimento RF sincronizado e ondas eletromagn\u00e9ticas focadas de alta intensidade. \u00c9 usado principalmente para estimular e contrair m\u00fasculos e reduzir gordura, incluindo abd\u00f4men, n\u00e1degas, bra\u00e7os, panturrilhas e coxas.<\/div>","protected":false},"featured_media":2468,"comment_status":"open","ping_status":"closed","template":"","meta":{"_kad_post_transparent":"default","_kad_post_title":"","_kad_post_layout":"default","_kad_post_sidebar_id":"","_kad_post_content_style":"default","_kad_post_vertical_padding":"default","_kad_post_feature":"","_kad_post_feature_position":"","_kad_post_header":false,"_kad_post_footer":false,"_kad_post_classname":"","rank_math_title":"","rank_math_description":"","rank_math_focus_keyword":""},"product_brand":[],"product_cat":[31],"product_tag":[],"class_list":{"0":"post-2467","1":"product","2":"type-product","3":"status-publish","4":"has-post-thumbnail","6":"product_cat-body-slimming","8":"first","9":"instock","10":"shipping-taxable","11":"product-type-simple","12":"entry","13":"content-bg","14":"loop-entry"},"_links":{"self":[{"href":"https:\/\/skbty.com\/pt\/wp-json\/wp\/v2\/product\/2467","targetHints":{"allow":["GET"]}}],"collection":[{"href":"https:\/\/skbty.com\/pt\/wp-json\/wp\/v2\/product"}],"about":[{"href":"https:\/\/skbty.com\/pt\/wp-json\/wp\/v2\/types\/product"}],"replies":[{"embeddable":true,"href":"https:\/\/skbty.com\/pt\/wp-json\/wp\/v2\/comments?post=2467"}],"wp:featuredmedia":[{"embeddable":true,"href":"https:\/\/skbty.com\/pt\/wp-json\/wp\/v2\/media\/2468"}],"wp:attachment":[{"href":"https:\/\/skbty.com\/pt\/wp-json\/wp\/v2\/media?parent=2467"}],"wp:term":[{"taxonomy":"product_brand","embeddable":true,"href":"https:\/\/skbty.com\/pt\/wp-json\/wp\/v2\/product_brand?post=2467"},{"taxonomy":"product_cat","embeddable":true,"href":"https:\/\/skbty.com\/pt\/wp-json\/wp\/v2\/product_cat?post=2467"},{"taxonomy":"product_tag","embeddable":true,"href":"https:\/\/skbty.com\/pt\/wp-json\/wp\/v2\/product_tag?post=2467"}],"curies":[{"name":"Wp","href":"https:\/\/api.w.org\/{rel}","templated":true}]}}