{"id":2486,"date":"2024-01-12T11:01:19","date_gmt":"2024-01-12T03:01:19","guid":{"rendered":"https:\/\/skbty.com\/?post_type=product&#038;p=2486"},"modified":"2024-06-19T18:07:51","modified_gmt":"2024-06-19T10:07:51","slug":"maquina-de-remocao-de-pelos-e-tatuagens-a-laser-de-diodo-2-em-1-808","status":"publish","type":"product","link":"https:\/\/skbty.com\/pt\/product\/maquina-de-remocao-de-pelos-e-tatuagens-a-laser-de-diodo-2-em-1-808\/","title":{"rendered":"M\u00e1quina de remo\u00e7\u00e3o de pelos e tatuagens a laser de diodo 2 em 1 808"},"content":{"rendered":"<h3>O que \u00e9 o <strong>M\u00e1quina de remo\u00e7\u00e3o de pelos e tatuagens a laser de diodo 2 em 1 808?<\/strong><\/h3>\n<p><strong>M\u00e1quina de remo\u00e7\u00e3o de pelos e tatuagens a laser de diodo 2 em 1 808<\/strong> combina tecnologia avan\u00e7ada para remo\u00e7\u00e3o eficiente de pelos e remo\u00e7\u00e3o de tatuagens. Utilizando m\u00faltiplos comprimentos de onda, esta m\u00e1quina oferece tratamento abrangente para v\u00e1rios tipos de pele e cores de pelos, garantindo resultados seguros e eficazes.<\/p>\n<table style=\"border-collapse: collapse; width: 100%;\">\n<tbody>\n<tr>\n<td style=\"width: 50%;\">\n<h3><img loading=\"lazy\" decoding=\"async\" class=\"magic-23 aligncenter\" title=\"M\u00e1quina de remo\u00e7\u00e3o de pelos e tatuagens a laser de diodo 2 em 1 808\" src=\"https:\/\/sc04.alicdn.com\/kf\/Hcca0352ab6c844c29f2cd55acb3faa0dB\/247315878\/Hcca0352ab6c844c29f2cd55acb3faa0dB.png\" alt=\"M\u00e1quina de remo\u00e7\u00e3o de pelos e tatuagens a laser de diodo 2 em 1 808\" width=\"480\" height=\"517\" data-src=\"\/\/sc04.alicdn.com\/kf\/Hcca0352ab6c844c29f2cd55acb3faa0dB\/247315878\/Hcca0352ab6c844c29f2cd55acb3faa0dB.png\" \/><\/h3>\n<\/td>\n<td style=\"width: 50%;\"><img loading=\"lazy\" decoding=\"async\" class=\"magic-34 aligncenter\" title=\"M\u00e1quina de remo\u00e7\u00e3o de pelos e tatuagens a laser de diodo 2 em 1 808\" src=\"https:\/\/sc04.alicdn.com\/kf\/H5f33bb5d54fd4741a1fe30c0144a73faB\/247315878\/H5f33bb5d54fd4741a1fe30c0144a73faB.png\" alt=\"M\u00e1quina de remo\u00e7\u00e3o de pelos e tatuagens a laser de diodo 2 em 1 808\" width=\"585\" height=\"450\" data-src=\"\/\/sc04.alicdn.com\/kf\/H5f33bb5d54fd4741a1fe30c0144a73faB\/247315878\/H5f33bb5d54fd4741a1fe30c0144a73faB.png\" \/><\/td>\n<\/tr>\n<\/tbody>\n<\/table>\n<h3>Especifica\u00e7\u00f5es<\/h3>\n<ul>\n<li><strong>Nome<\/strong>: : M\u00e1quina de remo\u00e7\u00e3o de pelos e tatuagens a laser de diodo 2 em 1 808<\/li>\n<li><strong>Ponto de luz<\/strong>: 10*20MM<\/li>\n<li><strong>Tamanho da tela<\/strong>: 1080\u00d71920<\/li>\n<li><strong>N\u00famero de al\u00e7as<\/strong>: 50 milh\u00f5es de rodadas<\/li>\n<li><strong>Freq\u00fc\u00eancia<\/strong>: 1-10Hz<\/li>\n<li><strong>Comprimento de onda<\/strong>: 808 nm, 755 nm, 1064 nm, 808 nm<\/li>\n<li><strong>Barra de Laser<\/strong>: 12 Barras<\/li>\n<li><strong>Energia<\/strong>: 1-120J\/CM\u00b2<\/li>\n<li><strong>Pot\u00eancia total<\/strong>: 1800 W<\/li>\n<li><strong>Largura de pulso<\/strong>: 1MS-400MS<\/li>\n<li><strong>Tens\u00e3o<\/strong>: 200-240 V<\/li>\n<li><strong>Dissipa\u00e7\u00e3o de calor<\/strong>: Resfriamento a ar + resfriamento a \u00e1gua + refrigera\u00e7\u00e3o de semicondutores<\/li>\n<li><strong>Sistema de Prote\u00e7\u00e3o<\/strong>: Prote\u00e7\u00e3o de temperatura, prote\u00e7\u00e3o de tens\u00e3o, prote\u00e7\u00e3o contra escassez de \u00e1gua<\/li>\n<\/ul>\n<h3>Princ\u00edpio de funcionamento<\/h3>\n<h4>Princ\u00edpio da remo\u00e7\u00e3o de pelos<\/h4>\n<p><strong>Tecnologia de remo\u00e7\u00e3o de pelos com ponto de congelamento 810<\/strong>: Origin\u00e1ria da Alemanha, esta tecnologia \u00e9 baseada no princ\u00edpio fototermodin\u00e2mico seletivo. Ao regular o comprimento de onda, a energia e a largura do pulso, a luz penetra na superf\u00edcie da pele at\u00e9 a raiz do fol\u00edculo piloso, danificando o tecido do fol\u00edculo para desacelerar ou interromper o crescimento do pelo. O sistema de ponto de congelamento r\u00e1pido resfria a pele local a 5 graus Celsius, superando os efeitos colaterais da remo\u00e7\u00e3o precoce do pelo, danos \u00e0 pele e opera\u00e7\u00e3o complexa.<\/p>\n<h4>Princ\u00edpio do Laser<\/h4>\n<p><strong>Modo Q-Switching e princ\u00edpio de fotojateamento<\/strong>: O laser emite alta energia concentrada instantaneamente, permitindo que o laser de comprimento de onda fixo penetre na epiderme e alcance o tecido doente rapidamente. A massa de pigmento aquece, expande e explode em part\u00edculas finas, que s\u00e3o fagocitadas por macr\u00f3fagos e expelidas pelo sistema linf\u00e1tico. O pigmento desbota e desaparece sem danificar o tecido normal da pele ao redor.<\/p>\n<table style=\"border-collapse: collapse; width: 100%;\">\n<tbody>\n<tr>\n<td style=\"width: 50%;\"><img loading=\"lazy\" decoding=\"async\" class=\"magic-19 aligncenter\" title=\"M\u00e1quina de remo\u00e7\u00e3o de pelos e tatuagens a laser de diodo 2 em 1 808\" src=\"https:\/\/sc04.alicdn.com\/kf\/H178eff0920694d27a127e160725a0e64D\/247315878\/H178eff0920694d27a127e160725a0e64D.png\" alt=\"M\u00e1quina de remo\u00e7\u00e3o de pelos e tatuagens a laser de diodo 2 em 1 808\" width=\"689\" height=\"350\" data-src=\"\/\/sc04.alicdn.com\/kf\/H178eff0920694d27a127e160725a0e64D\/247315878\/H178eff0920694d27a127e160725a0e64D.png\" \/><\/td>\n<td style=\"width: 50%;\"><img loading=\"lazy\" decoding=\"async\" class=\"magic-21 aligncenter\" title=\"M\u00e1quina de remo\u00e7\u00e3o de pelos e tatuagens a laser de diodo 2 em 1 808\" src=\"https:\/\/sc04.alicdn.com\/kf\/Hc9c89b38662944938315c62adb30cc5eY\/247315878\/Hc9c89b38662944938315c62adb30cc5eY.png\" alt=\"M\u00e1quina de remo\u00e7\u00e3o de pelos e tatuagens a laser de diodo 2 em 1 808\" width=\"455\" height=\"287\" data-src=\"\/\/sc04.alicdn.com\/kf\/Hc9c89b38662944938315c62adb30cc5eY\/247315878\/Hc9c89b38662944938315c62adb30cc5eY.png\" \/><\/td>\n<\/tr>\n<\/tbody>\n<\/table>\n<h3>Teoria da remo\u00e7\u00e3o de pelos com laser de diodo 755\/808\/1064 nm<\/h3>\n<ul>\n<li><strong>Laser de diodo 808nm<\/strong>: Laser de diodo de alta qualidade que reduz pela metade o tempo de tratamento, tornando-o eficiente para \u00e1reas maiores e garantindo uma remo\u00e7\u00e3o r\u00e1pida e eficaz dos pelos.<\/li>\n<li><strong>Laser de diodo 1064nm<\/strong>: Ideal para peles mais escuras, proporcionando remo\u00e7\u00e3o segura de pelos e rejuvenescimento da pele com forte resfriamento para um tratamento confort\u00e1vel.<\/li>\n<li><strong>Laser de diodo 755nm<\/strong>: Eficaz para cabelos loiros e finos, proporcionando uma experi\u00eancia de tratamento confort\u00e1vel e tempos de tratamento mais curtos.<\/li>\n<\/ul>\n<h3><img loading=\"lazy\" decoding=\"async\" class=\"magic-30 aligncenter\" title=\"M\u00e1quina de remo\u00e7\u00e3o de pelos e tatuagens a laser de diodo 2 em 1 808\" src=\"https:\/\/sc04.alicdn.com\/kf\/H0899b67941c348e39e6762b4892d9dab8\/247315878\/H0899b67941c348e39e6762b4892d9dab8.png\" alt=\"M\u00e1quina de remo\u00e7\u00e3o de pelos e tatuagens a laser de diodo 2 em 1 808\" width=\"901\" height=\"330\" data-src=\"\/\/sc04.alicdn.com\/kf\/H0899b67941c348e39e6762b4892d9dab8\/247315878\/H0899b67941c348e39e6762b4892d9dab8.png\" \/><\/h3>\n<h3>Vantagens das ondas 755nm 808nm 1064nm<\/h3>\n<ul>\n<li><strong>Velocidade 808nm<\/strong>: O comprimento de onda padr\u00e3o ouro para todos os tipos de cabelo.<\/li>\n<li><strong>Alex 755nm<\/strong>:Especialmente eficaz para cabelos loiros e finos.<\/li>\n<li><strong>Onda Longa 1064nm<\/strong>: Eficaz para pele escura e bronzeada.<\/li>\n<\/ul>\n<h3><img loading=\"lazy\" decoding=\"async\" class=\"magic-32 aligncenter\" title=\"M\u00e1quina de remo\u00e7\u00e3o de pelos e tatuagens a laser de diodo 2 em 1 808\" src=\"https:\/\/sc04.alicdn.com\/kf\/H0b8b12d6e1ec4f668c6c1f124d4d4fa0m\/247315878\/H0b8b12d6e1ec4f668c6c1f124d4d4fa0m.png\" alt=\"M\u00e1quina de remo\u00e7\u00e3o de pelos e tatuagens a laser de diodo 2 em 1 808\" width=\"455\" height=\"523\" data-src=\"\/\/sc04.alicdn.com\/kf\/H0b8b12d6e1ec4f668c6c1f124d4d4fa0m\/247315878\/H0b8b12d6e1ec4f668c6c1f124d4d4fa0m.png\" \/><\/h3>\n<h3>Vantagens<\/h3>\n<ol>\n<li><strong>Fun\u00e7\u00f5es Abrangentes<\/strong>: Combina depila\u00e7\u00e3o, lifting de pele, remo\u00e7\u00e3o de tatuagem e rejuvenescimento da pele.<\/li>\n<li><strong>Interface amig\u00e1vel ao usu\u00e1rio<\/strong>: Tela sens\u00edvel ao toque de alta resolu\u00e7\u00e3o 1080\u00d71920 para f\u00e1cil opera\u00e7\u00e3o.<\/li>\n<li><strong>Sistema de resfriamento avan\u00e7ado<\/strong>: Resfriamento a ar, resfriamento a \u00e1gua e refrigera\u00e7\u00e3o de semicondutores para tratamentos seguros e confort\u00e1veis.<\/li>\n<li><strong>Sistemas de Prote\u00e7\u00e3o M\u00faltipla<\/strong>: Inclui prote\u00e7\u00e3o contra temperatura, voltagem e escassez de \u00e1gua.<\/li>\n<li><strong>Comprimentos de onda vers\u00e1teis<\/strong>: Adequado para v\u00e1rias cores de cabelo e tipos de pele.<\/li>\n<li><strong>Servi\u00e7os OEM e ODM<\/strong>: Op\u00e7\u00f5es personaliz\u00e1veis para logotipos, idiomas e interfaces para atender a necessidades espec\u00edficas.<\/li>\n<\/ol>\n<h3>Aplica\u00e7\u00f5es<\/h3>\n<ul>\n<li><strong>Depila\u00e7\u00e3o r\u00e1pida permanente<\/strong><\/li>\n<li><strong>Remo\u00e7\u00e3o de Tatuagem<\/strong><\/li>\n<li><strong>Rejuvenescimento e clareamento da pele<\/strong><\/li>\n<li><strong>Remo\u00e7\u00e3o de rugas e lifting de pele<\/strong><\/li>\n<li><strong>Remo\u00e7\u00e3o de pigmentos<\/strong><\/li>\n<li><strong>Tratamento para acne<\/strong><\/li>\n<li><strong>Terapia Vascular<\/strong><\/li>\n<\/ul>\n<h3><img loading=\"lazy\" decoding=\"async\" class=\"magic-25 aligncenter\" title=\"M\u00e1quina de remo\u00e7\u00e3o de pelos e tatuagens a laser de diodo 2 em 1 808\" src=\"https:\/\/sc04.alicdn.com\/kf\/Ha8a7754b8d33400381abc3ae534622e8x\/247315878\/Ha8a7754b8d33400381abc3ae534622e8x.png\" alt=\"M\u00e1quina de remo\u00e7\u00e3o de pelos e tatuagens a laser de diodo 2 em 1 808\" width=\"574\" height=\"719\" data-src=\"\/\/sc04.alicdn.com\/kf\/Ha8a7754b8d33400381abc3ae534622e8x\/247315878\/Ha8a7754b8d33400381abc3ae534622e8x.png\" \/><\/h3>\n<h3>Efeitos<\/h3>\n<p>O <strong>M\u00e1quina de remo\u00e7\u00e3o de pelos e tatuagens a laser de diodo 2 em 1 808<\/strong> fornece resultados eficazes e duradouros para remo\u00e7\u00e3o de pelos, remo\u00e7\u00e3o de tatuagens e rejuvenescimento da pele. Ele melhora a textura da pele, elasticidade e apar\u00eancia geral, garantindo seguran\u00e7a e conforto.<\/p>\n<h3><strong>Personalizar O Logotipo<\/strong><\/h3>\n<p>Quer fazer sua marca se destacam? N\u00f3s oferecemos o logotipo personalizado servi\u00e7os para ajudar voc\u00ea a criar uma \u00fanica e personalizada logo que reflete a identidade de sua marca. Nossa equipe de especialistas ir\u00e1 trabalhar em estreita colabora\u00e7\u00e3o com voc\u00ea para criar um logotipo que est\u00e1 em conson\u00e2ncia com os valores da sua marca e de mensagens. Se voc\u00ea estiver olhando para renovar o seu logotipo existente ou criar um novo a partir do zero, n\u00f3s temos que cobertas. <a href=\"\/pt\/contato\/\">Contacte-nos<\/a> hoje para saber mais sobre o nosso logotipo personalizado servi\u00e7os!<\/p>","protected":false},"excerpt":{"rendered":"<p><span class=\"magic-9\" style=\"font-family: Arial;\"><b>Princ\u00edpio da depila\u00e7\u00e3o: <\/b>A tecnologia de remo\u00e7\u00e3o de pelos com ponto de congelamento de 810 pontos, origin\u00e1ria da Alemanha, \u00e9 baseada no princ\u00edpio fototermodin\u00e2mico seletivo, por meio de regula\u00e7\u00e3o razo\u00e1vel do comprimento de onda, energia e largura de pulso, de modo que a luz atrav\u00e9s da superf\u00edcie da pele at\u00e9 o fol\u00edculo piloso da raiz, danifica o tecido do fol\u00edculo piloso e causa crescimento lento ou nenhum crescimento.<\/span><br \/>\n<span class=\"magic-9\" style=\"font-family: Arial;\"><b>Princ\u00edpio do laser: <\/b>Ao adotar o modo de comuta\u00e7\u00e3o Q da gema e o princ\u00edpio do fotojateamento, a alta energia concentrada do laser \u00e9 emitida instantaneamente, de modo que o laser com comprimento de onda fixo pode penetrar na epiderme instantaneamente e atingir o tecido doente em um tempo muito curto. <\/span><\/p>","protected":false},"featured_media":2487,"comment_status":"open","ping_status":"closed","template":"","meta":{"_kad_post_transparent":"default","_kad_post_title":"","_kad_post_layout":"default","_kad_post_sidebar_id":"","_kad_post_content_style":"default","_kad_post_vertical_padding":"default","_kad_post_feature":"","_kad_post_feature_position":"","_kad_post_header":false,"_kad_post_footer":false,"_kad_post_classname":"","rank_math_title":"","rank_math_description":"","rank_math_focus_keyword":""},"product_brand":[],"product_cat":[66],"product_tag":[],"class_list":{"0":"post-2486","1":"product","2":"type-product","3":"status-publish","4":"has-post-thumbnail","6":"product_cat-2-in-1-808nmpico","8":"first","9":"instock","10":"shipping-taxable","11":"product-type-simple","12":"entry","13":"content-bg","14":"loop-entry"},"_links":{"self":[{"href":"https:\/\/skbty.com\/pt\/wp-json\/wp\/v2\/product\/2486","targetHints":{"allow":["GET"]}}],"collection":[{"href":"https:\/\/skbty.com\/pt\/wp-json\/wp\/v2\/product"}],"about":[{"href":"https:\/\/skbty.com\/pt\/wp-json\/wp\/v2\/types\/product"}],"replies":[{"embeddable":true,"href":"https:\/\/skbty.com\/pt\/wp-json\/wp\/v2\/comments?post=2486"}],"wp:featuredmedia":[{"embeddable":true,"href":"https:\/\/skbty.com\/pt\/wp-json\/wp\/v2\/media\/2487"}],"wp:attachment":[{"href":"https:\/\/skbty.com\/pt\/wp-json\/wp\/v2\/media?parent=2486"}],"wp:term":[{"taxonomy":"product_brand","embeddable":true,"href":"https:\/\/skbty.com\/pt\/wp-json\/wp\/v2\/product_brand?post=2486"},{"taxonomy":"product_cat","embeddable":true,"href":"https:\/\/skbty.com\/pt\/wp-json\/wp\/v2\/product_cat?post=2486"},{"taxonomy":"product_tag","embeddable":true,"href":"https:\/\/skbty.com\/pt\/wp-json\/wp\/v2\/product_tag?post=2486"}],"curies":[{"name":"Wp","href":"https:\/\/api.w.org\/{rel}","templated":true}]}}